{"id":3,"date":"2025-11-19T03:43:28","date_gmt":"2025-11-19T03:43:28","guid":{"rendered":"http:\/\/haoyumaterial.com\/?page_id=3"},"modified":"2025-11-28T11:46:21","modified_gmt":"2025-11-28T03:46:21","slug":"privacy-policy","status":"publish","type":"page","link":"https:\/\/haoyumaterial.com\/de\/privacy-policy\/","title":{"rendered":"Datenschutzrichtlinie"},"content":{"rendered":"<h1 class=\"wp-block-heading\"><strong>Datenschutzrichtlinie<\/strong><\/h1>\n\n\n\n<p><strong>Zuletzt aktualisiert: November<\/strong> <strong>2025<\/strong><\/p>\n\n\n\n<p>Diese Datenschutzerkl\u00e4rung erkl\u00e4rt, wie Vastmaterial (\u201cdas Unternehmen\u201d, \u201cwir\u201d, \u201cuns\u201d oder \u201cunser\u201d) Ihre Informationen sammelt, verwendet, offenlegt und sch\u00fctzt, wenn Sie unsere Website besuchen oder mit uns \u00fcber andere Kan\u00e4le kommunizieren. Wir verpflichten uns, Ihre pers\u00f6nlichen Daten zu sch\u00fctzen und Transparenz dar\u00fcber zu gew\u00e4hrleisten, wie diese verarbeitet werden.<\/p>\n\n\n\n<p>Durch den Zugriff auf oder die Nutzung unserer Website stimmen Sie den in dieser Datenschutzerkl\u00e4rung beschriebenen Praktiken zu.<\/p>\n\n\n\n<hr class=\"wp-block-separator has-alpha-channel-opacity\"\/>\n\n\n\n<h2 class=\"wp-block-heading\"><strong>1. Definitionen<\/strong><\/h2>\n\n\n\n<p>F\u00fcr die Zwecke dieser Datenschutzerkl\u00e4rung:<\/p>\n\n\n\n<ul class=\"wp-block-list\">\n<li><strong>Unternehmen<\/strong> bezieht sich auf Vastmaterial, einschlie\u00dflich aller verbundenen Einheiten wie Dongying Vast Precision Casting Co., Ltd. und zugeh\u00f6riger Produktionsstandorte in Qingdao, Jining, QIngzhou und Dongying.<\/li>\n\n\n\n<li><strong>Website<\/strong> bezieht sich auf die offizielle Vastmaterial-Website und alle zugeh\u00f6rigen Online-Dienste.<\/li>\n\n\n\n<li><strong>Ger\u00e4t<\/strong> bedeutet jedes Ger\u00e4t, das auf die Website zugreifen kann, wie ein Computer, Smartphone oder Tablet.<\/li>\n\n\n\n<li><strong>Pers\u00f6nliche Daten<\/strong> bedeuten alle Informationen, die eine Person identifizieren oder reasonably identifizieren k\u00f6nnen.<\/li>\n\n\n\n<li><strong>Nutzungsdaten<\/strong> beziehen sich auf technische Informationen, die automatisch w\u00e4hrend der Nutzung der Website gesammelt werden.<\/li>\n\n\n\n<li><strong>Dienstleister<\/strong> bedeuten jede Drittpartei, die uns bei der Betrieb oder Analyse unserer Website unterst\u00fctzt oder Dienstleistungen in unserem Auftrag erbringt.<\/li>\n\n\n\n<li><strong>Sie<\/strong> bedeuten die Person oder Organisation, die auf die Website zugreift oder sie nutzt.<\/li>\n<\/ul>\n\n\n\n<hr class=\"wp-block-separator has-alpha-channel-opacity\"\/>\n\n\n\n<h2 class=\"wp-block-heading\"><strong>2. Welche Informationen wir sammeln<\/strong><\/h2>\n\n\n\n<h3 class=\"wp-block-heading\"><strong>2.1 Pers\u00f6nliche Daten, die Sie bereitstellen<\/strong><\/h3>\n\n\n\n<p>W\u00e4hrend der Nutzung unserer Website, bei der \u00dcbermittlung von Anfragen oder der Kommunikation mit uns, k\u00f6nnen wir Sie bitten, bestimmte Informationen bereitzustellen, einschlie\u00dflich, aber nicht beschr\u00e4nkt auf:<\/p>\n\n\n\n<ul class=\"wp-block-list\">\n<li>Vollst\u00e4ndiger Name<\/li>\n\n\n\n<li>E-Mail-Adresse<\/li>\n\n\n\n<li>Telefonnummer<\/li>\n\n\n\n<li>Firmenname<\/li>\n\n\n\n<li>Physische Adresse (Stadt, Bundesland\/Region, Postleitzahl)<\/li>\n\n\n\n<li>Jegliche zus\u00e4tzliche Informationen, die Sie in Ihrer Kommunikation mit uns teilen m\u00f6chten<\/li>\n<\/ul>\n\n\n\n<h3 class=\"wp-block-heading\"><strong>2.2 Nutzungsdaten<\/strong><\/h3>\n\n\n\n<p>Wir erfassen automatisch Informationen, wenn Sie mit der Website interagieren, einschlie\u00dflich:<\/p>\n\n\n\n<ul class=\"wp-block-list\">\n<li>IP-Adresse<\/li>\n\n\n\n<li>Browsertyp und -version<\/li>\n\n\n\n<li>Ger\u00e4tetyp und Betriebssystem<\/li>\n\n\n\n<li>Besuchte Seiten auf unserer Website<\/li>\n\n\n\n<li>Datum und Uhrzeit der Besuche<\/li>\n\n\n\n<li>Verweildauer auf einzelnen Seiten<\/li>\n\n\n\n<li>Referrer-URLs<\/li>\n\n\n\n<li>Diagnosedaten im Zusammenhang mit der Website-Leistung<\/li>\n<\/ul>\n\n\n\n<h3 class=\"wp-block-heading\"><strong>2.3 Cookies und Tracking-Technologien<\/strong><\/h3>\n\n\n\n<p>Wir verwenden Cookies, Tracking-Pixel und \u00e4hnliche Technologien, um Ihre Erfahrung zu verbessern und die Aktivit\u00e4ten auf der Website zu analysieren.<\/p>\n\n\n\n<p>Cookies k\u00f6nnen enthalten:<\/p>\n\n\n\n<ul class=\"wp-block-list\">\n<li><strong>Notwendige Cookies<\/strong> \u2013 Erforderlich f\u00fcr die Funktionalit\u00e4t der Website.<\/li>\n\n\n\n<li><strong>Pr\u00e4ferenz-Cookies<\/strong> \u2013 Merken Sie sich Ihre Sprache oder andere Einstellungen.<\/li>\n\n\n\n<li><strong>Analyse-Cookies<\/strong> \u2013 Helfen uns zu verstehen, wie Nutzer unsere Website navigieren.<\/li>\n<\/ul>\n\n\n\n<p>Sie k\u00f6nnen Ihre Browsereinstellungen anpassen, um Cookies abzulehnen; jedoch funktionieren einige Funktionen der Website m\u00f6glicherweise nicht richtig, wenn Cookies deaktiviert sind.<\/p>\n\n\n\n<hr class=\"wp-block-separator has-alpha-channel-opacity\"\/>\n\n\n\n<h2 class=\"wp-block-heading\"><strong>3. Wie wir Ihre Informationen verwenden<\/strong><\/h2>\n\n\n\n<p>Wir k\u00f6nnen Ihre personenbezogenen Daten f\u00fcr die folgenden Zwecke verwenden:<\/p>\n\n\n\n<ul class=\"wp-block-list\">\n<li><strong>Um unsere Website zu betreiben und zu warten<\/strong><br>Sicherstellung der ordnungsgem\u00e4\u00dfen Funktion, \u00dcberwachung der Leistung und Verbesserung des Nutzererlebnisses.<\/li>\n\n\n\n<li><strong>Um mit Ihnen zu kommunizieren<\/strong><br>Antworten auf Anfragen, Bereitstellung von Produktinformationen und Kundenservice.<\/li>\n\n\n\n<li><strong>Um Bestellungen oder gesch\u00e4ftliche Anfragen zu erf\u00fcllen<\/strong><br>Unterst\u00fctzung von Vertr\u00e4gen im Zusammenhang mit Pr\u00e4zisionsgussdienstleistungen, Bearbeitung oder anderen Angeboten.<\/li>\n\n\n\n<li><strong>Um Updates und Marketingkommunikation bereitzustellen<\/strong><br>Teilen von Neuigkeiten zu Produkten, Dienstleistungen, Veranstaltungen und technischen F\u00e4higkeiten\u2014es sei denn, Sie widersprechen.<\/li>\n\n\n\n<li><strong>Um unsere Dienste zu analysieren und zu verbessern<\/strong><br>Verwendung von Website-Analysen zur Verbesserung der Benutzerfreundlichkeit, Qualit\u00e4t und Leistung.<\/li>\n\n\n\n<li><strong>Um rechtlichen Verpflichtungen nachzukommen<\/strong><br>Einhaltung geltender Gesetze, Vorschriften oder beh\u00f6rdlicher Anforderungen.<\/li>\n<\/ul>\n\n\n\n<hr class=\"wp-block-separator has-alpha-channel-opacity\"\/>\n\n\n\n<h2 class=\"wp-block-heading\"><strong>4. Teilen Ihrer pers\u00f6nlichen Daten<\/strong><\/h2>\n\n\n\n<p>Wir k\u00f6nnen Ihre Informationen unter den folgenden Umst\u00e4nden teilen:<\/p>\n\n\n\n<ul class=\"wp-block-list\">\n<li><strong>Mit Dienstleistern<\/strong><br>Zur Unterst\u00fctzung des Website-Betriebs, Datenanalyse, Kommunikationstools oder anderer Gesch\u00e4ftsprozesse.<\/li>\n\n\n\n<li><strong>Mit Gesch\u00e4ftspartnern<\/strong><br>F\u00fcr gemeinsame Entwicklungsprojekte, technische Zusammenarbeit oder dienstleistungsbezogene Aktivit\u00e4ten, sofern zutreffend.<\/li>\n\n\n\n<li><strong>W\u00e4hrend Unternehmens\u00e4nderungen<\/strong><br>Wenn das Unternehmen an Fusionen, Umstrukturierungen oder Verm\u00f6gens\u00fcbertragungen beteiligt ist, k\u00f6nnen pers\u00f6nliche Daten entsprechend \u00fcbertragen werden.<\/li>\n\n\n\n<li><strong>Aus rechtlichen oder Sicherheitsgr\u00fcnden<\/strong><br>Wir k\u00f6nnen Informationen offenlegen, um rechtlichen Verpflichtungen nachzukommen, unsere Rechte durchzusetzen oder die Sicherheit von Personen oder der \u00d6ffentlichkeit zu sch\u00fctzen.<\/li>\n\n\n\n<li><strong>Mit Ihrer Zustimmung<\/strong><br>Wir k\u00f6nnen Daten nur dann f\u00fcr zus\u00e4tzliche Zwecke teilen, wenn Sie ausdr\u00fccklich zustimmen.<\/li>\n<\/ul>\n\n\n\n<hr class=\"wp-block-separator has-alpha-channel-opacity\"\/>\n\n\n\n<h2 class=\"wp-block-heading\"><strong>5. Datenaufbewahrung<\/strong><\/h2>\n\n\n\n<p>Wir speichern pers\u00f6nliche Daten nur so lange, wie es f\u00fcr gesch\u00e4ftliche, operative oder rechtliche Zwecke erforderlich ist.<\/p>\n\n\n\n<ul class=\"wp-block-list\">\n<li>Pers\u00f6nliche Daten werden f\u00fcr die Dauer gespeichert, die erforderlich ist, um die in dieser Richtlinie beschriebenen Zwecke zu erf\u00fcllen.<\/li>\n\n\n\n<li>Nutzungsdaten werden f\u00fcr einen k\u00fcrzeren Zeitraum aufbewahrt, es sei denn, sie sind erforderlich, um die Sicherheit zu verbessern, die Funktionalit\u00e4t zu erweitern oder rechtlichen Verpflichtungen nachzukommen.<\/li>\n<\/ul>\n\n\n\n<hr class=\"wp-block-separator has-alpha-channel-opacity\"\/>\n\n\n\n<h2 class=\"wp-block-heading\"><strong>6. Internationale \u00dcbertragungen<\/strong><\/h2>\n\n\n\n<p>Da Vastmaterial mehrere Fertigungsst\u00e4tten betreibt und mit globalen Kunden zusammenarbeitet, k\u00f6nnen Ihre pers\u00f6nlichen Daten au\u00dferhalb Ihrer lokalen Gerichtsbarkeit verarbeitet werden.<\/p>\n\n\n\n<p>Wir ergreifen angemessene Ma\u00dfnahmen, um sicherzustellen, dass bei internationaler Daten\u00fcbertragung alle geltenden Datenschutzstandards eingehalten werden.<\/p>\n\n\n\n<hr class=\"wp-block-separator has-alpha-channel-opacity\"\/>\n\n\n\n<h2 class=\"wp-block-heading\"><strong>7. Ihre Datenrechte<\/strong><\/h2>\n\n\n\n<p>Je nach Ihrem Standort haben Sie m\u00f6glicherweise das Recht:<\/p>\n\n\n\n<ul class=\"wp-block-list\">\n<li>Zugriff auf Ihre pers\u00f6nlichen Daten zu verlangen<\/li>\n\n\n\n<li>Korrektur oder Aktualisierung ungenauer Daten zu beantragen<\/li>\n\n\n\n<li>L\u00f6schung Ihrer pers\u00f6nlichen Informationen zu verlangen<\/li>\n\n\n\n<li>Einwilligung f\u00fcr Marketingkommunikationen zu widerrufen<\/li>\n\n\n\n<li>Beschr\u00e4nkungen bei der Verarbeitung zu beantragen, wenn dies gesetzlich m\u00f6glich ist<\/li>\n<\/ul>\n\n\n\n<p>Um diese Rechte auszu\u00fcben, k\u00f6nnen Sie uns mit den unten angegebenen Kontaktdaten erreichen.<\/p>\n\n\n\n<p>Bitte beachten Sie, dass bestimmte Informationen aufbewahrt werden k\u00f6nnen, wenn dies gesetzlich vorgeschrieben ist oder f\u00fcr legitime Gesch\u00e4ftszwecke erforderlich ist.<\/p>\n\n\n\n<hr class=\"wp-block-separator has-alpha-channel-opacity\"\/>\n\n\n\n<h2 class=\"wp-block-heading\"><strong>8. Sicherheit Ihrer Informationen<\/strong><\/h2>\n\n\n\n<p>Wir setzen geeignete technische und organisatorische Ma\u00dfnahmen zum Schutz Ihrer Daten um. W\u00e4hrend wir bestrebt sind, Ihre Informationen zu sch\u00fctzen, ist keine \u00dcbertragungsmethode oder elektronische Speicherung vollst\u00e4ndig sicher. Wir k\u00f6nnen keine absolute Sicherheit garantieren.<\/p>\n\n\n\n<hr class=\"wp-block-separator has-alpha-channel-opacity\"\/>\n\n\n\n<h2 class=\"wp-block-heading\"><strong>9. \u00c4nderungen dieser Datenschutzerkl\u00e4rung<\/strong><\/h2>\n\n\n\n<p>Wir k\u00f6nnen diese Datenschutzerkl\u00e4rung regelm\u00e4\u00dfig aktualisieren. Aktualisierte Versionen werden auf dieser Seite mit dem \u00fcberarbeiteten \u201cZuletzt aktualisiert\u201d-Datum ver\u00f6ffentlicht.<\/p>\n\n\n\n<p>Die weitere Nutzung der Website nach Ver\u00f6ffentlichung der \u00c4nderungen gilt als Zustimmung zu den aktualisierten Richtlinien.<\/p>\n\n\n\n<hr class=\"wp-block-separator has-alpha-channel-opacity\"\/>\n\n\n\n<h2 class=\"wp-block-heading\"><strong>10. Kontaktieren Sie uns<\/strong><\/h2>\n\n\n\n<p>Wenn Sie Fragen, W\u00fcnsche oder Bedenken bez\u00fcglich dieser Datenschutzerkl\u00e4rung oder der Handhabung Ihrer Daten haben, k\u00f6nnen Sie uns kontaktieren:<\/p>\n\n\n\n<p><strong>Vastmaterial<\/strong><br>E-Mail: <strong><a>precisionmetal@vast-cast.com<\/a><\/strong><br>Telefon: <strong>+86-546-8781583<\/strong><br>Adresse (Fabrik in Qingdao): Qingdao Umweltindustriepark, Jifa Longshan Road 19, China<br>Adresse der Dongying-Fabrik: Nr. 183, West Dritter Stra\u00dfe, Dongying Bezirk, Dongying Stadt, China<\/p>","protected":false},"excerpt":{"rendered":"<p>Privacy Policy Last Updated: November 2025 This Privacy Policy explains how Vastmaterial (\u201cthe Company\u201d, \u201cwe\u201d, \u201cus\u201d, or \u201cour\u201d) collects, uses, [&hellip;]<\/p>\n","protected":false},"author":1,"featured_media":0,"parent":0,"menu_order":0,"comment_status":"closed","ping_status":"open","template":"","meta":{"site-sidebar-layout":"default","site-content-layout":"","ast-site-content-layout":"default","site-content-style":"default","site-sidebar-style":"default","ast-global-header-display":"","ast-banner-title-visibility":"","ast-main-header-display":"","ast-hfb-above-header-display":"","ast-hfb-below-header-display":"","ast-hfb-mobile-header-display":"","site-post-title":"","ast-breadcrumbs-content":"","ast-featured-img":"","footer-sml-layout":"","ast-disable-related-posts":"","theme-transparent-header-meta":"","adv-header-id-meta":"","stick-header-meta":"","header-above-stick-meta":"","header-main-stick-meta":"","header-below-stick-meta":"","astra-migrate-meta-layouts":"default","ast-page-background-enabled":"default","ast-page-background-meta":{"desktop":{"background-color":"var(--ast-global-color-5)","background-image":"","background-repeat":"repeat","background-position":"center center","background-size":"auto","background-attachment":"scroll","background-type":"","background-media":"","overlay-type":"","overlay-color":"","overlay-opacity":"","overlay-gradient":""},"tablet":{"background-color":"","background-image":"","background-repeat":"repeat","background-position":"center center","background-size":"auto","background-attachment":"scroll","background-type":"","background-media":"","overlay-type":"","overlay-color":"","overlay-opacity":"","overlay-gradient":""},"mobile":{"background-color":"","background-image":"","background-repeat":"repeat","background-position":"center center","background-size":"auto","background-attachment":"scroll","background-type":"","background-media":"","overlay-type":"","overlay-color":"","overlay-opacity":"","overlay-gradient":""}},"ast-content-background-meta":{"desktop":{"background-color":"var(--ast-global-color-4)","background-image":"","background-repeat":"repeat","background-position":"center center","background-size":"auto","background-attachment":"scroll","background-type":"","background-media":"","overlay-type":"","overlay-color":"","overlay-opacity":"","overlay-gradient":""},"tablet":{"background-color":"var(--ast-global-color-4)","background-image":"","background-repeat":"repeat","background-position":"center center","background-size":"auto","background-attachment":"scroll","background-type":"","background-media":"","overlay-type":"","overlay-color":"","overlay-opacity":"","overlay-gradient":""},"mobile":{"background-color":"var(--ast-global-color-4)","background-image":"","background-repeat":"repeat","background-position":"center center","background-size":"auto","background-attachment":"scroll","background-type":"","background-media":"","overlay-type":"","overlay-color":"","overlay-opacity":"","overlay-gradient":""}},"footnotes":""},"class_list":["post-3","page","type-page","status-publish","hentry"],"_links":{"self":[{"href":"https:\/\/haoyumaterial.com\/de\/wp-json\/wp\/v2\/pages\/3","targetHints":{"allow":["GET"]}}],"collection":[{"href":"https:\/\/haoyumaterial.com\/de\/wp-json\/wp\/v2\/pages"}],"about":[{"href":"https:\/\/haoyumaterial.com\/de\/wp-json\/wp\/v2\/types\/page"}],"author":[{"embeddable":true,"href":"https:\/\/haoyumaterial.com\/de\/wp-json\/wp\/v2\/users\/1"}],"replies":[{"embeddable":true,"href":"https:\/\/haoyumaterial.com\/de\/wp-json\/wp\/v2\/comments?post=3"}],"version-history":[{"count":1,"href":"https:\/\/haoyumaterial.com\/de\/wp-json\/wp\/v2\/pages\/3\/revisions"}],"predecessor-version":[{"id":779,"href":"https:\/\/haoyumaterial.com\/de\/wp-json\/wp\/v2\/pages\/3\/revisions\/779"}],"wp:attachment":[{"href":"https:\/\/haoyumaterial.com\/de\/wp-json\/wp\/v2\/media?parent=3"}],"curies":[{"name":"wp","href":"https:\/\/api.w.org\/{rel}","templated":true}]}}