{"id":1671,"date":"2026-02-05T09:13:44","date_gmt":"2026-02-05T01:13:44","guid":{"rendered":"https:\/\/haoyumaterial.com\/?post_type=product&#038;p=1671"},"modified":"2026-02-05T09:13:44","modified_gmt":"2026-02-05T01:13:44","slug":"brass-casting-service-custom-oem-precision-parts-vastmaterial","status":"publish","type":"product","link":"https:\/\/haoyumaterial.com\/de\/product\/brass-casting-service-custom-oem-precision-parts-vastmaterial\/","title":{"rendered":"Messinggussservice Ma\u00dfgeschneiderte OEM-Teile Vastmaterial"},"content":{"rendered":"<p>Ma\u00dfgeschneiderter Messinggussservice von Vastmaterial f\u00fcr OEM-Teile, Pr\u00e4zisionsinvestition und Sandguss, CNC-Bearbeitung und Oberfl\u00e4chenveredelung.<\/p>\n<h2>Erstklassige ma\u00dfgeschneiderte Messinggussdienste &amp; Pr\u00e4zisionsfertigung<\/h2>\n<p>Bei Vastmaterial bieten wir industrietaugliche\u00a0<strong>Messinggussdienste<\/strong>\u00a0die auf die strengen Anforderungen globaler OEMs zugeschnitten sind. Spezialisiert auf die Herstellung von Nichteisenmetallen, integriert unsere Anlage fortschrittliche Gie\u00dftechniken mit Pr\u00e4zisionsbearbeitung, um Komponenten zu liefern, die den genauen technischen Spezifikationen entsprechen. Ob komplexe Ventilk\u00f6rper oder langlebige Marinehardware, unser Team sorgt f\u00fcr gleichbleibende Qualit\u00e4t bei allen kupferbasierten Legierungsst\u00fccken.<\/p>\n<p>Unser Fertigungsrahmen ist auf Vielseitigkeit und Pr\u00e4zision ausgelegt:<\/p>\n<ul>\n<li><strong>Komplexe Geometrien:<\/strong>\u00a0Durch die Verwendung von\u00a0<strong>Silica-Sol<\/strong>\u00a0und\u00a0<strong>Verlorene Wachsausschmelztechnologien<\/strong>\u00a0um filigrane Designs mit d\u00fcnnen W\u00e4nden und hochwertigen Oberfl\u00e4chen zu produzieren.<\/li>\n<li><strong>Pr\u00e4zisionstoleranzen:<\/strong>\u00a0Erreichen einer hohen Ma\u00dfgenauigkeit (CT4\u2013CT6 f\u00fcr Feinguss), die f\u00fcr montagefertige Komponenten unerl\u00e4sslich ist.<\/li>\n<li><strong>Skalierbare Fertigung:<\/strong>\u00a0Unterst\u00fctzung des gesamten Produktlebenszyklus, von\u00a0<strong>schnelles Prototyping<\/strong>\u00a0und Muster\u00fcberpr\u00fcfung bis hin zu Hochvolumen-Massenproduktionen.<\/li>\n<li><strong>Globale Konformit\u00e4t:<\/strong>\u00a0Herstellung nach ISO 9001:2015-Standards, um M\u00e4rkte in Nordamerika und Europa mit zuverl\u00e4ssiger Materialr\u00fcckverfolgbarkeit zu bedienen.<\/li>\n<\/ul>\n<h2>Unsere Messing-Gussteilef\u00e4higkeiten<\/h2>\n<p>Wir spezialisieren uns auf die Lieferung von Hochleistungs-Komponenten durch eine vielseitige Palette von Fertigungsverfahren. Ob Sie einen einzelnen Prototyp oder eine Serienproduktion ben\u00f6tigen, unsere Gie\u00dferei passt sich Ihren spezifischen Projektanforderungen an, indem sie die effektivsten\u00a0<strong>Messinggussservice<\/strong>\u00a0Methoden verwendet.<\/p>\n<ul>\n<li><strong>Pr\u00e4zisions-Investitionsguss (Verlorene Wachsmethode):<\/strong>\u00a0Ideal f\u00fcr komplexe Geometrien und d\u00fcnnwandige Teile, die eine hohe Ma\u00dfgenauigkeit erfordern. Durch die Nutzung von\u00a0<strong>Silica-Sol-Gie\u00dfverfahren<\/strong>\u00a0erreichen wir \u00fcberlegene Oberfl\u00e4chenfinishs (Ra 3,2 \u2013 6,3) und enge Toleranzen (CT4\u2013CT6), was den Bedarf an Nachbearbeitung erheblich reduziert.<\/li>\n<li><strong>Messing-Sandguss:<\/strong>\u00a0Als engagierter\u00a0<strong>Messing Sandgussgie\u00dferei<\/strong>, Wir bearbeiten gr\u00f6\u00dfere, schwerere Komponenten wie Pumpengeh\u00e4use und Industrieventile. Diese Methode bietet eine kosteng\u00fcnstige L\u00f6sung mit niedrigeren Werkzeugkosten, ideal f\u00fcr Auftr\u00e4ge mit niedrigem bis mittlerem Volumen, bei denen die strukturelle Integrit\u00e4t entscheidend ist.<\/li>\n<li><strong>Messing-Druckguss:<\/strong>\u00a0Wenn Geschwindigkeit und Volumen entscheidend sind, liefern unsere Druckgussf\u00e4higkeiten konsistente Ergebnisse. Dieser Prozess ist f\u00fcr Hochvolumenproduktionen wie Automobilbefestigungen und Hardware optimiert und sorgt f\u00fcr Gleichm\u00e4\u00dfigkeit bei Tausenden von Einheiten.<\/li>\n<\/ul>\n<p>Vom\u00a0<strong>Feingussprozesses<\/strong>\u00a0bis hin zu schwerlastigen Sandformen stellen wir sicher, dass jedes Teil vor Verlassen unserer Anlage strengen ISO 9001:2015-Standards entspricht.<\/p>\n<h2>Messing- &amp; Kupferlegierungen, mit denen wir arbeiten<\/h2>\n<p><img loading=\"lazy\" decoding=\"async\" class=\"alignnone  wp-image-1672\" src=\"https:\/\/haoyumaterial.com\/wp-content\/uploads\/2026\/02\/brass-casting-service-300x246.png\" alt=\"\" width=\"490\" height=\"402\" srcset=\"https:\/\/haoyumaterial.com\/wp-content\/uploads\/2026\/02\/brass-casting-service-300x246.png 300w, https:\/\/haoyumaterial.com\/wp-content\/uploads\/2026\/02\/brass-casting-service-15x12.png 15w, https:\/\/haoyumaterial.com\/wp-content\/uploads\/2026\/02\/brass-casting-service.png 331w\" sizes=\"auto, (max-width: 490px) 100vw, 490px\" \/><\/p>\n<p>Die Auswahl des richtigen Materials ist entscheidend f\u00fcr die Leistung des Teils. Als spezialisierte Gie\u00dferei f\u00fcr Nichteisenmetalle stellen wir f\u00fcr jede Charge zertifizierte Materialberichte aus, um sicherzustellen, dass die chemische Zusammensetzung den ASTM-, DIN- oder JIS-Standards entspricht.\u00a0<a href=\"https:\/\/haoyumaterial.com\/de\/precision-cnc-machining-bronze-services-for-custom-industrial-parts\/\">Pr\u00e4zisions-CNC-Bearbeitung Bronze Dienstleistungen<\/a>\u00a0Unsere.<\/p>\n<p>Wir behandeln ein breites Spektrum an kupferbasierten Materialien f\u00fcr\u00a0<strong>Bronze- und Messingherstellung<\/strong>:<\/p>\n<ul>\n<li><strong>Rotes Messing (Gunmetal):<\/strong>\u00a0Wir spezialisieren uns auf\u00a0<strong>C83600 rotes Messing Gie\u00dfen<\/strong>\u00a0und C84400. Diese Legierungen bieten hervorragenden Korrosionsschutz und werden h\u00e4ufig f\u00fcr Industrieventile, Pumpengeh\u00e4use und Sanit\u00e4rarmaturen verwendet.<\/li>\n<li><strong>Gelbes Messing:<\/strong>\u00a0Sorten wie C85700 und C85400 sind perfekt f\u00fcr dekorative und architektonische Anwendungen, bei denen Oberfl\u00e4chenfinish und Farbkonsistenz am wichtigsten sind.<\/li>\n<li><strong>Hochfeste Bronzen:<\/strong>\u00a0F\u00fcr Teile, die hohe Verschlei\u00dffestigkeit erfordern, verwenden wir Siliziummessing (C87500) und Manganbronze. Diese sind robust genug f\u00fcr Getriebe und Buchsen mit hoher Belastung.<\/li>\n<li><strong>Sonderlegierungen:<\/strong>\u00a0Wir bieten\u00a0<strong>kundenspezifische Messing-Investitionsguss<\/strong>\u00a0L\u00f6sungen, bei denen wir die Legierungszusammensetzung an die spezifischen mechanischen Anforderungen anpassen, die in Ihren technischen Zeichnungen vorgegeben sind.<\/li>\n<\/ul>\n<h2>Alles aus einer Hand: Vom Gie\u00dfen bis zum Fertigprodukt<\/h2>\n<p><img loading=\"lazy\" decoding=\"async\" class=\"alignnone  wp-image-1673\" src=\"https:\/\/haoyumaterial.com\/wp-content\/uploads\/2026\/02\/bronze--300x197.png\" alt=\"\" width=\"507\" height=\"333\" srcset=\"https:\/\/haoyumaterial.com\/wp-content\/uploads\/2026\/02\/bronze--300x197.png 300w, https:\/\/haoyumaterial.com\/wp-content\/uploads\/2026\/02\/bronze--1024x674.png 1024w, https:\/\/haoyumaterial.com\/wp-content\/uploads\/2026\/02\/bronze--768x506.png 768w, https:\/\/haoyumaterial.com\/wp-content\/uploads\/2026\/02\/bronze--18x12.png 18w, https:\/\/haoyumaterial.com\/wp-content\/uploads\/2026\/02\/bronze--600x395.png 600w, https:\/\/haoyumaterial.com\/wp-content\/uploads\/2026\/02\/bronze-.png 1276w\" sizes=\"auto, (max-width: 507px) 100vw, 507px\" \/><\/p>\n<p>Bei Haoyu Material optimieren wir Ihre Lieferkette, indem wir eine vollst\u00e4ndige\u00a0<strong>Messinggussservice<\/strong>\u00a0die weit \u00fcber die Gie\u00dferei hinausgeht. Wir verstehen, dass die Beschaffung eines Rohgusses oft nur der erste Schritt ist. Um Ihnen den Aufwand und das Risiko der Koordination mit mehreren Anbietern zu ersparen, bieten wir eine vollst\u00e4ndig integrierte Fertigungsl\u00f6sung, die Ihr Projekt vom ersten Formen-Design bis zum fertig montierten Bauteil begleitet.<\/p>\n<h3>Pr\u00e4zisions-CNC-Bearbeitung<\/h3>\n<p>Das Erreichen der engsten Toleranzen erfordert oft Nachbearbeitungen nach dem Abk\u00fchlen des Metalls. Unsere Anlage ist mit modernen Bearbeitungszentren ausgestattet, die pr\u00e4zises Drehen, Fr\u00e4sen, Bohren und Schleifen erm\u00f6glichen. Wir verwandeln routinem\u00e4\u00dfig Rohmaterial\u00a0<strong>CNC-gefertigte Messingteile<\/strong>\u00a0zu hochpr\u00e4zisen Komponenten mit Toleranzen von bis zu \u00b10,01 mm. Dies stellt sicher, dass kritische Merkmale wie Gewinde und Lagerfl\u00e4chen jedes Mal perfekt passen. F\u00fcr einen genaueren Einblick, wie wir diese Vorg\u00e4nge handhaben, unser\u00a0<a href=\"https:\/\/haoyumaterial.com\/de\/cnc-turning-guide-2026-process-materials-and-service-selection\/\">umfassender Leitfaden zu CNC-Drehprozessen<\/a>\u00a0skizziert die spezifischen Techniken, die wir verwenden, um die Ma\u00dfgenauigkeit zu gew\u00e4hrleisten.<\/p>\n<h3>Oberfl\u00e4chenveredelung &amp; Behandlung<\/h3>\n<p>Visuelle Attraktivit\u00e4t und Umwelteigenschaften sind entscheidend f\u00fcr Messinganwendungen. Wir bieten eine breite Palette von\u00a0<strong>Messing-Oberfl\u00e4chenveredelungs<\/strong>\u00a0Optionen, die auf Ihre spezifischen Anforderungen zugeschnitten sind:<\/p>\n<ul>\n<li><strong>Polieren:<\/strong>\u00a0Von Satin-Finish bis hin zu Hochglanz-Spiegelpolitur f\u00fcr Architektur- und Marinehardware.<\/li>\n<li><strong>Verzinken:<\/strong>\u00a0Galvanisierungsoptionen einschlie\u00dflich Chrom, Nickel und Zink zur Verbesserung der Korrosionsbest\u00e4ndigkeit und Verschlei\u00dfeigenschaften.<\/li>\n<li><strong>Passivierung &amp; Sandstrahlen:<\/strong>\u00a0Reinigungsverfahren, die Oberfl\u00e4chenverunreinigungen entfernen und eine einheitliche matte Textur bieten.<\/li>\n<\/ul>\n<h3>W\u00e4rmebehandlungsdienste<\/h3>\n<p>Um eine optimale mechanische Leistung zu gew\u00e4hrleisten, f\u00fchren wir notwendige W\u00e4rmebehandlungen intern durch. Dazu geh\u00f6ren das Anlassen, um das Material zu erweichen und die Spannungsarmung, um Verzerrungen bei komplexen Geometrien zu vermeiden. Durch die interne Steuerung dieser Prozesse garantieren wir, dass die mechanischen Eigenschaften Ihrer Messingteile w\u00e4hrend der Produktion konstant bleiben.<\/p>\n<h2>Warum Vastmaterial f\u00fcr Ihre Messingprojekte w\u00e4hlen?<\/h2>\n<p><img loading=\"lazy\" decoding=\"async\" class=\"alignnone  wp-image-1653\" src=\"https:\/\/haoyumaterial.com\/wp-content\/uploads\/2026\/02\/Brass_Infinite_Recyclability_Circular_Economy_ZqMa-300x169.webp\" alt=\"\" width=\"470\" height=\"265\" srcset=\"https:\/\/haoyumaterial.com\/wp-content\/uploads\/2026\/02\/Brass_Infinite_Recyclability_Circular_Economy_ZqMa-300x169.webp 300w, https:\/\/haoyumaterial.com\/wp-content\/uploads\/2026\/02\/Brass_Infinite_Recyclability_Circular_Economy_ZqMa-768x432.webp 768w, https:\/\/haoyumaterial.com\/wp-content\/uploads\/2026\/02\/Brass_Infinite_Recyclability_Circular_Economy_ZqMa-18x10.webp 18w, https:\/\/haoyumaterial.com\/wp-content\/uploads\/2026\/02\/Brass_Infinite_Recyclability_Circular_Economy_ZqMa-600x338.webp 600w, https:\/\/haoyumaterial.com\/wp-content\/uploads\/2026\/02\/Brass_Infinite_Recyclability_Circular_Economy_ZqMa.webp 1024w\" sizes=\"auto, (max-width: 470px) 100vw, 470px\" \/><\/p>\n<p>Wenn Sie kundenspezifische Metallteile beziehen, ben\u00f6tigen Sie einen Partner, der das Gleichgewicht zwischen Pr\u00e4zision und Kosteneffizienz versteht. Als f\u00fchrender Anbieter\u00a0<strong>Messinggussservice<\/strong>\u00a0Anbieter, wir kombinieren fortschrittliche Gie\u00dfereitechnologie mit strengen Managementsystemen, um Komponenten zu liefern, die internationalen Standards entsprechen.<\/p>\n<h3>Strenge Qualit\u00e4tskontrolle &amp; ISO-Zertifizierung<\/h3>\n<p>Qualit\u00e4t ist nicht nur ein Modewort; sie ist unsere Grundlinie. Wir arbeiten unter einem strengen\u00a0<strong>ISO 9001 zertifizierten Gie\u00dfsystem.<\/strong>\u00a0Managementsystem. Jede Charge geschmolzenen Messings durchl\u00e4uft vor dem Gie\u00dfen eine detaillierte chemische Analyse, um sicherzustellen, dass die Legierungszusammensetzung genau Ihren Spezifikationen entspricht.<\/p>\n<p>Unser hauseigenes Pr\u00fcflabor ist ausgestattet mit:<\/p>\n<ul>\n<li><strong>Spektrometer:<\/strong>\u00a0Materialklassen (z.B. C83600, C85700) \u00fcberpr\u00fcfen.<\/li>\n<li><strong>CMM (Koordinatenmessmaschine):<\/strong>\u00a0Sicherstellung der Ma\u00dfgenauigkeit bei komplexen Geometrien.<\/li>\n<li><strong>R\u00f6ntgen &amp; ZfP:<\/strong>\u00a0Erkennung von innerer Porosit\u00e4t oder Defekten in sicherheitskritischen Bauteilen.<\/li>\n<\/ul>\n<h3>Konstruktionssupport &amp; DFM-Analyse<\/h3>\n<p>Wir gie\u00dfen nicht nur; wir entwickeln L\u00f6sungen. Unser Team bietet umfassende\u00a0<strong>Design for Manufacturing (DFM)<\/strong>\u00a0Analysen nach Erhalt Ihrer CAD-Dateien. Wir identifizieren fr\u00fchzeitig m\u00f6gliche Gie\u00dfprobleme und schlagen Designoptimierungen vor, die Werkzeugkosten senken und die Bauteilintegrit\u00e4t verbessern, ohne die Funktion zu beeintr\u00e4chtigen.<\/p>\n<h3>Flexible Produktionsm\u00f6glichkeiten<\/h3>\n<p>Egal, ob Sie mit unserer Unterst\u00fctzung skalieren\u00a0<a href=\"https:\/\/haoyumaterial.com\/de\/industrial-die-casting-process-benefits-and-applications\/\">industriellen Druckgussverfahren<\/a>\u00a0oder beginnend mit einer einzelnen Einheit, passen wir uns Ihren Bed\u00fcrfnissen an. Wir bieten\u00a0<strong>schnelle Prototyping-Services<\/strong>\u00a0um Designs schnell zu validieren und keine strenge Mindestbestellmenge (MOQ) f\u00fcr erste Musterl\u00e4ufe zu haben.<\/p>\n<div class=\"table-responsive\">\n<table class=\"table\">\n<thead>\n<tr>\n<th>Merkmal<\/th>\n<th>Ihr Vorteil<\/th>\n<\/tr>\n<\/thead>\n<tbody>\n<tr>\n<td><strong>Materialpr\u00fcfung<\/strong><\/td>\n<td>\u00a0 \u00a0 \u00a0 \u00a0 \u00a0 \u00a0 \u00a0 \u00a0 \u00a0 \u00a0 \u00a0 \u00a0 \u00a0 \u00a0 \u00a0 \u00a0 \u00a0 \u00a0 \u00a0 \u00a0 \u00a0 \u00a0 \u00a0 \u00a0 \u00a0 \u00a0 \u00a0 \u00a0 \u00a0 \u00a0 \u00a0 \u00a0 \u00a0 \u00a0 \u00a0 \u00a0 \u00a0 \u00a0Garantierte Legierungszusammensetzung mit Testberichten.<\/td>\n<\/tr>\n<tr>\n<td><strong>Skalierbarkeit<\/strong><\/td>\n<td>\u00a0 \u00a0 \u00a0 \u00a0 \u00a0 \u00a0 \u00a0 \u00a0 \u00a0 \u00a0 \u00a0 \u00a0 \u00a0 \u00a0 \u00a0 \u00a0 \u00a0 \u00a0 \u00a0 \u00a0 \u00a0 \u00a0 \u00a0 \u00a0 \u00a0 \u00a0 \u00a0 \u00a0 \u00a0 \u00a0 \u00a0 \u00a0 \u00a0 \u00a0 \u00a0 \u00a0 \u00a0 \u00a0Nahtloser \u00dcbergang vom Prototyp zur Massenproduktion.<\/td>\n<\/tr>\n<tr>\n<td><strong>One-Stop-Shop<\/strong><\/td>\n<td>\u00a0 \u00a0 \u00a0 \u00a0 \u00a0 \u00a0 \u00a0 \u00a0 \u00a0 \u00a0 \u00a0 \u00a0 \u00a0 \u00a0 \u00a0 \u00a0 \u00a0 \u00a0 \u00a0 \u00a0 \u00a0 \u00a0 \u00a0 \u00a0 \u00a0 \u00a0 \u00a0 \u00a0 \u00a0 \u00a0 \u00a0 \u00a0 \u00a0 \u00a0 \u00a0 \u00a0 \u00a0 \u00a0Integrierte Gie\u00dferei, CNC-Bearbeitung und Oberfl\u00e4chenveredelung.<\/td>\n<\/tr>\n<tr>\n<td><strong>Weltweiter Export<\/strong><\/td>\n<td>\u00a0 \u00a0 \u00a0 \u00a0 \u00a0 \u00a0 \u00a0 \u00a0 \u00a0 \u00a0 \u00a0 \u00a0 \u00a0 \u00a0 \u00a0 \u00a0 \u00a0 \u00a0 \u00a0 \u00a0 \u00a0 \u00a0 \u00a0 \u00a0 \u00a0 \u00a0 \u00a0 \u00a0 \u00a0 \u00a0 \u00a0 \u00a0 \u00a0 \u00a0 \u00a0 \u00a0 \u00a0 Erfahrung im Versand in die nordamerikanischen und europ\u00e4ischen M\u00e4rkte.<\/td>\n<\/tr>\n<\/tbody>\n<\/table>\n<\/div>\n<h2>Vielf\u00e4ltige Branchenanwendungen f\u00fcr Messingteile<\/h2>\n<p><img loading=\"lazy\" decoding=\"async\" class=\"alignnone  wp-image-1674\" src=\"https:\/\/haoyumaterial.com\/wp-content\/uploads\/2026\/02\/brass-casting-service-192x300.jpg\" alt=\"\" width=\"363\" height=\"567\" srcset=\"https:\/\/haoyumaterial.com\/wp-content\/uploads\/2026\/02\/brass-casting-service-192x300.jpg 192w, https:\/\/haoyumaterial.com\/wp-content\/uploads\/2026\/02\/brass-casting-service-654x1024.jpg 654w, https:\/\/haoyumaterial.com\/wp-content\/uploads\/2026\/02\/brass-casting-service-768x1202.jpg 768w, https:\/\/haoyumaterial.com\/wp-content\/uploads\/2026\/02\/brass-casting-service-982x1536.jpg 982w, https:\/\/haoyumaterial.com\/wp-content\/uploads\/2026\/02\/brass-casting-service-8x12.jpg 8w, https:\/\/haoyumaterial.com\/wp-content\/uploads\/2026\/02\/brass-casting-service-600x939.jpg 600w, https:\/\/haoyumaterial.com\/wp-content\/uploads\/2026\/02\/brass-casting-service.jpg 1080w\" sizes=\"auto, (max-width: 363px) 100vw, 363px\" \/><\/p>\n<p>Unser\u00a0<strong>Messinggussservice<\/strong>\u00a0liefert kritische Komponenten in Branchen, in denen Haltbarkeit und Korrosionsbest\u00e4ndigkeit unverzichtbar sind. Wir sind spezialisiert auf die Herstellung\u00a0<strong>OEM-Messingteile<\/strong>\u00a0die nahtlos in Ihre Lieferkette passen und strenge US- und internationale Standards einhalten.<\/p>\n<ul>\n<li><strong>Sanit\u00e4r &amp; Fluidhandling:<\/strong>\u00a0Wir gie\u00dfen robuste Ventilk\u00f6rper, Wasserh\u00e4hne, Pumpenr\u00e4der und\u00a0<strong>industrielle Messingarmaturen<\/strong>\u00a0f\u00e4hig, hohem Druck und st\u00e4ndiger Feuchtigkeit standzuhalten, ohne zu degradieren.<\/li>\n<li><strong>Marinetechnik:<\/strong>\u00a0Unsere marinetauglichen Bronze- und Messingteile, einschlie\u00dflich Klammern, Ringe und Durchgangsverschraubungen, bieten \u00fcberlegenen Korrosionsschutz gegen Salzwasser.<\/li>\n<li><strong>Elektrische Systeme:<\/strong>\u00a0Wir bieten hochleitf\u00e4hige kupferbasierte Legierungen f\u00fcr Anschl\u00fcsse, Verbinder und Erdungsklemmen, die f\u00fcr eine zuverl\u00e4ssige Stromverteilung unerl\u00e4sslich sind.<\/li>\n<li><strong>Fortschrittliche Fertigung:<\/strong>\u00a0Unsere Gie\u00dferei unterst\u00fctzt komplexe Anforderungen f\u00fcr Architekturprojekte, Automobilteile und\u00a0<a href=\"https:\/\/haoyumaterial.com\/de\/industries\/aerospace\/\">Luft- und Raumfahrtindustrieanwendungen<\/a>, um sicherzustellen, dass jede Komponente strenge Sicherheits- und Ma\u00dfanforderungen erf\u00fcllt.<\/li>\n<\/ul>\n<h2>H\u00e4ufig gestellte Fragen (FAQ)<\/h2>\n<h3>Welche Dateiformate akzeptieren Sie f\u00fcr Angebote?<\/h3>\n<p>Um das genaueste Angebot f\u00fcr\u00a0<strong>kundengefertigte Messingteile<\/strong>, zu liefern, bevorzugen wir 3D-CAD-Dateien im STEP (.stp), IGES (.igs) oder Parasolid-Format. Diese erm\u00f6glichen es uns, Volumen und Gewicht pr\u00e4zise zu berechnen. Wir ben\u00f6tigen auch 2D-Zeichnungen (PDF, DWG oder DXF), um Ihre kritischen Toleranzen und Oberfl\u00e4chenfinish-Anforderungen zu verstehen. Wenn Sie noch keine CAD-Dateien haben, k\u00f6nnen wir auch aus detaillierten Skizzen oder physischen Mustern r\u00fcckentwickeln.<\/p>\n<h3>Wie ist die typische Lieferzeit f\u00fcr Messingg\u00fcsse?<\/h3>\n<p>Unsere Zeitpl\u00e4ne sind so strukturiert, dass Produkte schnell auf den Markt kommen. In der Regel dauern Werkzeugdesign und Musterserstellung zwischen 2 und 4 Wochen, abh\u00e4ngig von der Komplexit\u00e4t. Nach Freigabe des Prototyps ben\u00f6tigen Serienproduktionen in der Regel weitere 3 bis 4 Wochen. F\u00fcr dringende Projekte k\u00f6nnen wir oft beschleunigte Zeitpl\u00e4ne anbieten, um enge Fristen auf dem deutschen Markt einzuhalten.<\/p>\n<h3>K\u00f6nnen Sie spezifische Oberfl\u00e4chenfinish-Anforderungen erf\u00fcllen?<\/h3>\n<p>Ja, wir bieten eine vollst\u00e4ndige Palette an Oberfl\u00e4chenbehandlungen im Haus an. Ob Sie eine funktionale sandgestrahlte Oberfl\u00e4che f\u00fcr den industriellen Einsatz oder eine spiegelpolierte Chromoberfl\u00e4che f\u00fcr dekorative Beschl\u00e4ge ben\u00f6tigen, wir haben die Kapazit\u00e4t, dies zu liefern. Wir stellen sicher, dass das endg\u00fcltige Erscheinungsbild perfekt mit Ihren Spezifikationen \u00fcbereinstimmt, sodass die Teile sofort montiert oder verkauft werden k\u00f6nnen.<\/p>\n<h3>Stellen Sie Materialzertifikate mit Sendungen bereit?<\/h3>\n<p>Absolut. Wir glauben an totale Transparenz in Bezug auf Qualit\u00e4t. Jede Sendung enth\u00e4lt einen Materialtestbericht (MTR), der die chemische Zusammensetzung und mechanischen Eigenschaften der Charge \u00fcberpr\u00fcft. Dies garantiert, dass das Metall bestimmte\u00a0<a href=\"https:\/\/haoyumaterial.com\/de\/what-is-brass-composition-grades-and-industrial-uses\/\">Messingzusammensetzungsgrade<\/a>\u00a0erf\u00fcllt und internationalen Standards wie ASTM, DIN oder JIS entspricht.<\/p>","protected":false},"excerpt":{"rendered":"<p>Custom brass casting service by Vastmaterial for OEM parts precision investment and sand casting CNC machining and finishing. Premier Custom [&hellip;]<\/p>\n","protected":false},"featured_media":1672,"comment_status":"open","ping_status":"closed","template":"","meta":{"site-sidebar-layout":"default","site-content-layout":"","ast-site-content-layout":"default","site-content-style":"default","site-sidebar-style":"default","ast-global-header-display":"","ast-banner-title-visibility":"","ast-main-header-display":"","ast-hfb-above-header-display":"","ast-hfb-below-header-display":"","ast-hfb-mobile-header-display":"","site-post-title":"","ast-breadcrumbs-content":"","ast-featured-img":"","footer-sml-layout":"","ast-disable-related-posts":"","theme-transparent-header-meta":"default","adv-header-id-meta":"","stick-header-meta":"","header-above-stick-meta":"","header-main-stick-meta":"","header-below-stick-meta":"","astra-migrate-meta-layouts":"set","ast-page-background-enabled":"default","ast-page-background-meta":{"desktop":{"background-color":"var(--ast-global-color-5)","background-image":"","background-repeat":"repeat","background-position":"center center","background-size":"auto","background-attachment":"scroll","background-type":"","background-media":"","overlay-type":"","overlay-color":"","overlay-opacity":"","overlay-gradient":""},"tablet":{"background-color":"","background-image":"","background-repeat":"repeat","background-position":"center center","background-size":"auto","background-attachment":"scroll","background-type":"","background-media":"","overlay-type":"","overlay-color":"","overlay-opacity":"","overlay-gradient":""},"mobile":{"background-color":"","background-image":"","background-repeat":"repeat","background-position":"center center","background-size":"auto","background-attachment":"scroll","background-type":"","background-media":"","overlay-type":"","overlay-color":"","overlay-opacity":"","overlay-gradient":""}},"ast-content-background-meta":{"desktop":{"background-color":"var(--ast-global-color-4)","background-image":"","background-repeat":"repeat","background-position":"center center","background-size":"auto","background-attachment":"scroll","background-type":"","background-media":"","overlay-type":"","overlay-color":"","overlay-opacity":"","overlay-gradient":""},"tablet":{"background-color":"var(--ast-global-color-4)","background-image":"","background-repeat":"repeat","background-position":"center center","background-size":"auto","background-attachment":"scroll","background-type":"","background-media":"","overlay-type":"","overlay-color":"","overlay-opacity":"","overlay-gradient":""},"mobile":{"background-color":"var(--ast-global-color-4)","background-image":"","background-repeat":"repeat","background-position":"center center","background-size":"auto","background-attachment":"scroll","background-type":"","background-media":"","overlay-type":"","overlay-color":"","overlay-opacity":"","overlay-gradient":""}}},"product_brand":[],"product_cat":[25,26,27],"product_tag":[587],"class_list":{"0":"post-1671","1":"product","2":"type-product","3":"status-publish","4":"has-post-thumbnail","6":"product_cat-copper-alloy","7":"product_cat-brass","8":"product_cat-bronze","9":"product_tag-brass-casting-service","10":"desktop-align-left","11":"tablet-align-left","12":"mobile-align-left","14":"first","15":"instock","16":"shipping-taxable","17":"product-type-simple"},"_links":{"self":[{"href":"https:\/\/haoyumaterial.com\/de\/wp-json\/wp\/v2\/product\/1671","targetHints":{"allow":["GET"]}}],"collection":[{"href":"https:\/\/haoyumaterial.com\/de\/wp-json\/wp\/v2\/product"}],"about":[{"href":"https:\/\/haoyumaterial.com\/de\/wp-json\/wp\/v2\/types\/product"}],"replies":[{"embeddable":true,"href":"https:\/\/haoyumaterial.com\/de\/wp-json\/wp\/v2\/comments?post=1671"}],"wp:featuredmedia":[{"embeddable":true,"href":"https:\/\/haoyumaterial.com\/de\/wp-json\/wp\/v2\/media\/1672"}],"wp:attachment":[{"href":"https:\/\/haoyumaterial.com\/de\/wp-json\/wp\/v2\/media?parent=1671"}],"wp:term":[{"taxonomy":"product_brand","embeddable":true,"href":"https:\/\/haoyumaterial.com\/de\/wp-json\/wp\/v2\/product_brand?post=1671"},{"taxonomy":"product_cat","embeddable":true,"href":"https:\/\/haoyumaterial.com\/de\/wp-json\/wp\/v2\/product_cat?post=1671"},{"taxonomy":"product_tag","embeddable":true,"href":"https:\/\/haoyumaterial.com\/de\/wp-json\/wp\/v2\/product_tag?post=1671"}],"curies":[{"name":"wp","href":"https:\/\/api.w.org\/{rel}","templated":true}]}}