{"id":1682,"date":"2026-02-06T08:18:25","date_gmt":"2026-02-06T00:18:25","guid":{"rendered":"https:\/\/haoyumaterial.com\/?post_type=product&#038;p=1682"},"modified":"2026-02-06T08:18:26","modified_gmt":"2026-02-06T00:18:26","slug":"rapid-prototyping-and-tooling-services-for-low-volume-production","status":"publish","type":"product","link":"https:\/\/haoyumaterial.com\/de\/product\/rapid-prototyping-and-tooling-services-for-low-volume-production\/","title":{"rendered":"Schnelle Prototypen- und Werkzeugdienstleistungen f\u00fcr die Kleinserienproduktion"},"content":{"rendered":"<p>Schnelles Prototyping und Werkzeugbau von vastmaterial mit CNC-Bearbeitung, Schnellguss und Kleinserienfertigung in Tagen.<\/p>\n<h2>Integrierte Fertigung f\u00fcr jede Entwicklungsphase<\/h2>\n<p>Wir vereinfachen den Weg vom digitalen CAD zum physischen Bauteil und eliminieren die Reibung zwischen Designvalidierung und Markteinf\u00fchrung. Durch die Kombination\u00a0<strong>schneller Prototypen- und Werkzeugherstellung<\/strong>\u00a0unter einem Dach helfen wir Ingenieuren, Passform und Funktion sofort zu \u00fcberpr\u00fcfen, bevor sie sich auf teure Produktionsformen festlegen. Unser integrierter Ansatz stellt sicher, dass Ihr Projekt nahtlos von einer einzelnen Einheit auf Tausende skaliert, ohne die Designintegrit\u00e4t zu verlieren.<\/p>\n<p>Beschleunigen Sie Ihren\u00a0<strong>Prototypenentwicklungszyklus<\/strong>\u00a0mit unserem strukturierten Fertigungsweg:<\/p>\n<ul>\n<li><strong>Design\u00fcberpr\u00fcfung:<\/strong>\u00a0Nutzen Sie\u00a0<strong>schnelle Fertigung<\/strong>\u00a0Methoden\u2014including CNC-Bearbeitung und 3D-Druck\u2014to create\u00a0<strong>hochpr\u00e4zise Prototypen<\/strong>\u00a0die die Materialien der Endproduktion nachahmen.<\/li>\n<li><strong>Markttests:<\/strong>\u00a0Effizient skalieren mit\u00a0<strong>Br\u00fcckenwerkzeugbau<\/strong>\u00a0und\u00a0<strong>Niedervolumenfertigung<\/strong>. Dies erm\u00f6glicht es Ihnen, funktionale Teile f\u00fcr Beta-Tests oder Pilotl\u00e4ufe herzustellen, w\u00e4hrend die Hartwerkzeuge gefertigt werden.<\/li>\n<li><strong>Kosteneffizienz:<\/strong>\u00a0Vermeiden Sie die hohen Anfangskosten traditioneller Stahlformen, indem Sie auf\u00a0<strong>schnelles Prototypenwerkzeug<\/strong>\u00a0Strategien setzen, die auf Geschwindigkeit und Flexibilit\u00e4t ausgelegt sind.<\/li>\n<\/ul>\n<p>Ob Sie ein einzelnes funktionales Modell oder eine\u00a0<strong>Br\u00fcckenproduktion<\/strong>, durchf\u00fchren, unser Team optimiert den Herstellungsprozess, um enge Fristen und strenge Toleranzanforderungen zu erf\u00fcllen.<\/p>\n<h2>Unsere Fertigungstechnologien<\/h2>\n<p><img loading=\"lazy\" decoding=\"async\" class=\"alignnone  wp-image-1683\" src=\"https:\/\/haoyumaterial.com\/wp-content\/uploads\/2026\/02\/aerospace-casting-manufacturer-300x265.png\" alt=\"\" width=\"517\" height=\"457\" srcset=\"https:\/\/haoyumaterial.com\/wp-content\/uploads\/2026\/02\/aerospace-casting-manufacturer-300x265.png 300w, https:\/\/haoyumaterial.com\/wp-content\/uploads\/2026\/02\/aerospace-casting-manufacturer-14x12.png 14w, https:\/\/haoyumaterial.com\/wp-content\/uploads\/2026\/02\/aerospace-casting-manufacturer.png 419w\" sizes=\"auto, (max-width: 517px) 100vw, 517px\" \/><\/p>\n<p>Um die besten Ergebnisse f\u00fcr Ihr Projekt zu liefern, integrieren wir mehrere Fertigungsdisziplinen unter einem Dach. Ob Sie ein einzelnes visuelles Modell oder eine Br\u00fcckenproduktion ben\u00f6tigen, unsere Anlage bietet umfassende\u00a0<strong>schneller Prototypen- und Werkzeugherstellung<\/strong>\u00a0L\u00f6sungen, die darauf ausgelegt sind, die Entwicklungszeit zu verk\u00fcrzen, ohne die Qualit\u00e4t zu beeintr\u00e4chtigen.<\/p>\n<h3>Ma\u00dfgeschneiderte CNC-Bearbeitung<\/h3>\n<p>Unsere CNC-Abteilung \u00fcbernimmt hochpr\u00e4zises Fr\u00e4sen und Drehen f\u00fcr Metall- und Kunststoffteile. Wir betreiben 3-Achs-, 4-Achs- und 5-Achs-Maschinen, um komplexe Geometrien mit engen Toleranzen zu erstellen. Dieser Prozess ist ideal f\u00fcr funktionale Prototypen und Kleinserien, bei denen die Materialeigenschaften entscheidend sind. Wir bearbeiten routinem\u00e4\u00dfig Aluminium, Messing und hochfesten\u00a0<a href=\"https:\/\/haoyumaterial.com\/de\/produkt-kategorie\/stainless-steel\/alloy-steel\/\">Legierungstahl<\/a>\u00a0um strenge technische Standards zu erf\u00fcllen.<\/p>\n<h3>Schnelles Spritzgie\u00dfen<\/h3>\n<p>Wenn Sie von einem Prototyp auf Hunderte oder Tausende von Teilen skalieren m\u00fcssen, ist unsere\u00a0<strong>schnelles Spritzgie\u00dfen<\/strong>\u00a0Dienstleistungen \u00fcberbr\u00fccken die Kluft. Wir nutzen\u00a0<strong>schnelles Prototypenwerkzeug<\/strong>\u2014oft mit Aluminiumformen\u2014um die Kosten und Durchlaufzeiten im Vergleich zu herk\u00f6mmlichen Stahlproduktionsformen erheblich zu reduzieren. Dieser Ansatz erm\u00f6glicht einen schnelleren Markteintritt und erlaubt die Design\u00fcberpr\u00fcfung mit Produktionsmaterialien.<\/p>\n<h3>Additive Fertigungsdienstleistungen<\/h3>\n<p>F\u00fcr die schnellste Bearbeitung decken unsere\u00a0<strong>additiven Fertigungsdienstleistungen<\/strong>\u00a0SLA (Stereolithographie), SLS (Selektives Lasersintern) und FDM (Fused Deposition Modeling) ab. 3D-Druck ist die bevorzugte Methode f\u00fcr erste Konzeptmodelle und komplexe Formen, die schwer zu bearbeiten sind, sodass Designer Form und Passgenauigkeit innerhalb von Tagen validieren k\u00f6nnen.<\/p>\n<h3>Vakuumguss-Dienstleistungen<\/h3>\n<p>F\u00fcr hochpr\u00e4zise Prototypen, die die Oberfl\u00e4che und Eigenschaften von spritzgegossenen Teilen nachahmen, verwenden wir\u00a0<strong>Vakuumgussdienste<\/strong>. Dieser Prozess nutzt Silikonformen, um kleine Chargen von Polyurethanteilen herzustellen. Es ist eine ausgezeichnete, kosteng\u00fcnstige L\u00f6sung f\u00fcr Marketingmuster und Funktionstests, bevor Sie sich auf Hartwerkzeuge festlegen.<\/p>\n<h2>Materialauswahl &amp; F\u00e4higkeiten<\/h2>\n<p>Die Wahl des richtigen Materials ist entscheidend, um Ihr Design zu validieren und sicherzustellen, dass Ihre\u00a0<strong>schneller Prototypen- und Werkzeugherstellung<\/strong>\u00a0Projekte erfolgreich sind. Wir bieten eine umfangreiche Bibliothek von Produktionsmaterialien, die einen nahtlosen \u00dcbergang von\u00a0<strong>funktionalen Prototypen<\/strong>\u00a0to\u00a0<strong>Br\u00fcckenproduktionsl\u00e4ufe<\/strong>. Ob Sie hochfeste Metalle oder flexible Elastomere ben\u00f6tigen, unsere Lieferkette gew\u00e4hrleistet Materialauthentizit\u00e4t und Leistung.<\/p>\n<h3>Metalle f\u00fcr Bearbeitung und Werkzeugbau<\/h3>\n<p>Wir arbeiten mit einer Vielzahl von Metallen, die geeignet sind f\u00fcr\u00a0<strong>kundenspezifische CNC-Bearbeitung<\/strong>\u00a0und die Herstellung von Formen.<\/p>\n<ul>\n<li><strong>Aluminium (6061, 7075):<\/strong>\u00a0Der Industriestandard f\u00fcr\u00a0<strong>Aluminium-Spritzgussformen<\/strong>\u00a0und leichte Strukturteile aufgrund ihrer hervorragenden Bearbeitbarkeit und W\u00e4rmeableitung.<\/li>\n<li><strong>Edelstahl (303, 304, 316):<\/strong>\u00a0Ideal f\u00fcr korrosionsbest\u00e4ndige Komponenten und medizinische Ger\u00e4te.<\/li>\n<li><strong>Werkzeugstahl:<\/strong>\u00a0Wir verwenden robuste St\u00e4hle f\u00fcr langlebige Formenkerne und -hohlr\u00e4ume. Das Verst\u00e4ndnis spezifischer Legierungseigenschaften, wie sie in unseren\u00a0<a href=\"https:\/\/haoyumaterial.com\/de\/4140-stainless-steel-guide-properties-uses-and-key-differences\/\">4140 Edelstahlf\u00fchrung<\/a>, vorkommen, ist entscheidend f\u00fcr die Auswahl von Werkzeugmaterialien, die hohen Druckspritzzyklen standhalten k\u00f6nnen.<\/li>\n<li><strong>Messing &amp; Kupfer:<\/strong>\u00a0Wird h\u00e4ufig f\u00fcr elektrische Kontakte und thermische Anwendungen verwendet.<\/li>\n<\/ul>\n<h3>Kunststoffe und Elastomere<\/h3>\n<p>Unsere Anlage verarbeitet starre und flexible Polymere f\u00fcr\u00a0<strong>additiven Fertigungsdienstleistungen<\/strong>\u00a0und Spritzgie\u00dfen.<\/p>\n<ul>\n<li><strong>Standardkunststoffe:<\/strong>\u00a0ABS, PC (Polycarbonat) und PP (Polypropylen) f\u00fcr Geh\u00e4use und Konsumg\u00fcter im Allgemeinen.<\/li>\n<li><strong>Technische Kunststoffe:<\/strong>\u00a0Nylon (PA6, PA66), POM (Delrin) und PEEK f\u00fcr hochbelastete, hochtemperaturbest\u00e4ndige Umgebungen.<\/li>\n<li><strong>Gummiartige Materialien:<\/strong>\u00a0TPE und TPU f\u00fcr \u00dcberformen und flexible Dichtungen.<\/li>\n<\/ul>\n<h3>Oberfl\u00e4chenveredelungsoptionen<\/h3>\n<p>Ein Teil ist ohne die richtige Oberfl\u00e4che nicht vollst\u00e4ndig. Wir bieten umfassende Nachbearbeitung, um sicherzustellen, dass Ihre\u00a0<strong>schnelles Prototypenwerkzeug<\/strong>\u00a0Ergebnisse wie das Endprodukt aussehen und sich anf\u00fchlen.<\/p>\n<ul>\n<li><strong>Anodisieren:<\/strong>\u00a0Typ II und Typ III f\u00fcr Aluminiumschutz und -f\u00e4rbung.<\/li>\n<li><strong>Pulverbeschichtung &amp; Lackierung:<\/strong>\u00a0Langlebige Farbangleichung f\u00fcr \u00e4sthetische Teile.<\/li>\n<li><strong>Polieren &amp; Texturieren:<\/strong>\u00a0Von Spiegeloberfl\u00e4chen (SPI-A2) bis zu schweren Formenstrukturen (VDI 3400) f\u00fcr spritzgegossene Teile.<\/li>\n<li><strong>Verzinken:<\/strong>\u00a0Nickel-, Chrom- und Zinkbeschichtung f\u00fcr Leitf\u00e4higkeit und Verschlei\u00dffestigkeit.<\/li>\n<\/ul>\n<h2>Warum Rapid Tooling gegen\u00fcber traditionellen Formen w\u00e4hlen?<\/h2>\n<p><img loading=\"lazy\" decoding=\"async\" class=\"alignnone  wp-image-1684\" src=\"https:\/\/haoyumaterial.com\/wp-content\/uploads\/2026\/02\/rapid-prototype-tooling-300x225.jpg\" alt=\"\" width=\"531\" height=\"398\" srcset=\"https:\/\/haoyumaterial.com\/wp-content\/uploads\/2026\/02\/rapid-prototype-tooling-300x225.jpg 300w, https:\/\/haoyumaterial.com\/wp-content\/uploads\/2026\/02\/rapid-prototype-tooling-768x576.jpg 768w, https:\/\/haoyumaterial.com\/wp-content\/uploads\/2026\/02\/rapid-prototype-tooling-16x12.jpg 16w, https:\/\/haoyumaterial.com\/wp-content\/uploads\/2026\/02\/rapid-prototype-tooling-600x450.jpg 600w, https:\/\/haoyumaterial.com\/wp-content\/uploads\/2026\/02\/rapid-prototype-tooling.jpg 800w\" sizes=\"auto, (max-width: 531px) 100vw, 531px\" \/><\/p>\n<p>Der \u00dcbergang von einem digitalen Design zu einem physischen Produkt erfordert oft eine kluge Strategie zur Risikobew\u00e4ltigung und Budgetplanung. W\u00e4hrend herk\u00f6mmliche Produktionsformen der Goldstandard f\u00fcr die Massenfertigung sind,\u00a0<strong>schneller Prototypen- und Werkzeugherstellung<\/strong>\u00a0bieten eine agilere Methode f\u00fcr Validierung und Markteintritt. Wir verwenden\u00a0<strong>Br\u00fcckenwerkzeugbau<\/strong>\u2014oft aus Aluminium oder Weichstahl gefertigt\u2014, um funktionale Teile in einem Bruchteil der Zeit zu liefern, die f\u00fcr geh\u00e4rtete Stahlformen erforderlich ist.<\/p>\n<p>Dieser Ansatz ist ideal f\u00fcr\u00a0<strong>Niedervolumenfertigung<\/strong>\u00a0und\u00a0<strong>Br\u00fcckenproduktionsl\u00e4ufe<\/strong>, sodass Sie Ihr Produkt in die H\u00e4nde der Kunden legen k\u00f6nnen, w\u00e4hrend Hochvolumen-Werkzeuge noch hergestellt werden. Durch die Verwendung von\u00a0<strong>Aluminium-Spritzgussformen<\/strong>\u00a0or\u00a0<strong>Weichwerkzeugen<\/strong>, reduzieren wir die Anfangsinvestitionen und die Vorlaufzeiten erheblich.<\/p>\n<h3>Vergleich: Rapid Tooling vs. traditionelle Produktionsformen<\/h3>\n<div class=\"table-responsive\">\n<table class=\"table\">\n<thead>\n<tr>\n<th>Merkmal<\/th>\n<th>Rapid Tooling (Br\u00fcckentools)<\/th>\n<th>Traditionelle Produktionsformen<\/th>\n<\/tr>\n<\/thead>\n<tbody>\n<tr>\n<td><strong>Prim\u00e4rmaterial<\/strong><\/td>\n<td>\u00a0 \u00a0 \u00a0 \u00a0 \u00a0 \u00a0 \u00a0 \u00a0 \u00a0 \u00a0 \u00a0 \u00a0 \u00a0 \u00a0 \u00a0 \u00a0 \u00a0 \u00a0 \u00a0 \u00a0 \u00a0 Aluminium (z.B. 7075) oder Weichstahl (P20)<\/td>\n<td>\u00a0 \u00a0 \u00a0 \u00a0 \u00a0 \u00a0 Harter Stahl (z.B. H13, S136)<\/td>\n<\/tr>\n<tr>\n<td><strong>Lieferzeit<\/strong><\/td>\n<td>\u00a0 \u00a0 \u00a0 \u00a0 \u00a0 \u00a0 \u00a0 \u00a0 \u00a0 \u00a0 \u00a0 \u00a0 \u00a0 \u00a0 \u00a0 \u00a0 \u00a0 \u00a0 \u00a0 \u00a0 \u00a0 \u00a0 \u00a0 \u00a0 \u00a0 1\u20134 Wochen<\/td>\n<td>\u00a0 \u00a0 \u00a0 \u00a0 \u00a0 \u00a0 \u00a08\u201316 Wochen<\/td>\n<\/tr>\n<tr>\n<td><strong>Kosteneffizienz<\/strong><\/td>\n<td>\u00a0 \u00a0 \u00a0 \u00a0 \u00a0 \u00a0 \u00a0 \u00a0 \u00a0 \u00a0 \u00a0 \u00a0 \u00a0 \u00a0 \u00a0 \u00a0 \u00a0 \u00a0 \u00a0 \u00a0 \u00a0 Hoch (geringe Anfangskosten)<\/td>\n<td>\u00a0 \u00a0 \u00a0 \u00a0 \u00a0 \u00a0 \u00a0Niedrig (Hohe Anfangskosten)<\/td>\n<\/tr>\n<tr>\n<td><strong>Werkzeuglebensdauer<\/strong><\/td>\n<td>\u00a0 \u00a0 \u00a0 \u00a0 \u00a0 \u00a0 \u00a0 \u00a0 \u00a0 \u00a0 \u00a0 \u00a0 \u00a0 \u00a0 \u00a0 \u00a0 \u00a0 \u00a0 \u00a0 \u00a0 \u00a01.000 \u2013 100.000 Sch\u00fcsse<\/td>\n<td>\u00a0 \u00a0 \u00a0 \u00a0 \u00a0 \u00a01.000.000+ Sch\u00fcsse<\/td>\n<\/tr>\n<tr>\n<td><strong>Designflexibilit\u00e4t<\/strong><\/td>\n<td>\u00a0 \u00a0 \u00a0 \u00a0 \u00a0 \u00a0 \u00a0 \u00a0 \u00a0 \u00a0 \u00a0 \u00a0 \u00a0 \u00a0 \u00a0 \u00a0 \u00a0 \u00a0 \u00a0 \u00a0 \u00a0Hoch (Leichter zu \u00e4ndern)<\/td>\n<td>\u00a0 \u00a0 \u00a0 \u00a0 \u00a0 \u00a0Niedrig (Schwer\/teuer zu \u00e4ndern)<\/td>\n<\/tr>\n<tr>\n<td><strong>Am besten geeignet f\u00fcr<\/strong><\/td>\n<td>\u00a0 \u00a0 \u00a0 \u00a0 \u00a0 \u00a0 \u00a0 \u00a0 \u00a0 \u00a0 \u00a0 \u00a0 \u00a0 \u00a0 \u00a0 \u00a0 \u00a0 \u00a0 \u00a0 \u00a0 Prototyping, Markttests, Geringes Volumen<\/td>\n<td>\u00a0 \u00a0 \u00a0 \u00a0 \u00a0 \u00a0 Serienproduktion, Langzeitl\u00e4ufe<\/td>\n<\/tr>\n<\/tbody>\n<\/table>\n<\/div>\n<h3>Wichtige Vorteile f\u00fcr die Produktentwicklung<\/h3>\n<ul>\n<li><strong>Beschleunigte Markteinf\u00fchrung:<\/strong>\u00a0Wir verk\u00fcrzen die Wartezeit erheblich. Sie k\u00f6nnen Ihr Produkt auf den Markt bringen und Einnahmen generieren, w\u00e4hrend Sie langfristige Produktionspl\u00e4ne abschlie\u00dfen.<\/li>\n<li><strong>Kosteneffiziente Validierung:<\/strong>\u00a0<strong>Schnelles Prototypenwerkzeug<\/strong>\u00a0erm\u00f6glicht es Ihnen, echte Materialien und Spritzgie\u00dfprozesse zu testen, ohne die hohen Kosten einer Produktionsform einzugehen.<\/li>\n<li><strong>Design-Flexibilit\u00e4t:<\/strong>\u00a0Wenn Sie w\u00e4hrend des Pilotlaufs einen Designfehler entdecken, ist die \u00c4nderung einer Aluminiumform schneller und g\u00fcnstiger als die Nachbearbeitung einer geh\u00e4rteten Stahlform.<\/li>\n<li><strong>Materialvielfalt:<\/strong>\u00a0Unser Rapid-Tooling-Prozess unterst\u00fctzt die gleichen Produktionskunststoffe, die in der Massenproduktion verwendet werden, um sicherzustellen, dass Ihre\u00a0<strong>Br\u00fcckenproduktionsl\u00e4ufe<\/strong>\u00a0alle funktionalen Anforderungen erf\u00fcllen.<\/li>\n<\/ul>\n<h2>Pr\u00e4zision, die Sie messen k\u00f6nnen: Qualit\u00e4tssicherung<\/h2>\n<p>Qualit\u00e4t ist f\u00fcr uns nicht nur ein Kontrollk\u00e4stchen; sie ist das R\u00fcckgrat unseres gesamten Betriebs. Wenn Sie schnell vorankommen mit\u00a0<strong>schneller Prototypen- und Werkzeugherstellung<\/strong>, Geschwindigkeit bedeutet nichts, wenn die Teile nicht passen oder richtig funktionieren. Wir \u00fcberlassen die Genauigkeit nicht dem Zufall \u2013 wir \u00fcberpr\u00fcfen sie in jedem Schritt, um sicherzustellen, dass Ihre\u00a0<strong>hochpr\u00e4zises Prototyping<\/strong>\u00a0Ziele erreicht werden.<\/p>\n<p>Unser Qualit\u00e4tskontrollprozess ist streng und transparent:<\/p>\n<ul>\n<li><strong>Entwurf f\u00fcr Herstellbarkeit (DFM):<\/strong>\u00a0Bevor wir ein einzelnes St\u00fcck Material schneiden, analysieren unsere Ingenieure Ihre CAD-Dateien. Wir identifizieren potenzielle Fertigungsrisiken und schlagen Optimierungen vor, um eine reibungslose Produktion zu gew\u00e4hrleisten.<\/li>\n<li><strong>Material\u00fcberpr\u00fcfung:<\/strong>\u00a0Wir garantieren, dass das von Ihnen angegebene Material auch das ist, was Sie erhalten. Ob Sie die Tragf\u00e4higkeit eines Halters \u00fcberpr\u00fcfen oder die H\u00e4rte eines Polymers testen m\u00fcssen, wir stellen die erforderlichen Materialzertifikate aus.\u00a0<a href=\"https:\/\/haoyumaterial.com\/de\/tensile-strength-of-aluminum\/\">Zugfestigkeit von Aluminium<\/a>\u00a0Wir verwenden Koordinatenmessmaschinen (KMM), um komplexe Geometrien und enge Toleranzen zu \u00fcberpr\u00fcfen und sicherzustellen, dass.<\/li>\n<li><strong>CMM-Inspektion:<\/strong>\u00a0hergestellte Teile genau Ihrem digitalen Design bis auf den Mikrometer entsprechen.\u00a0<strong>schnelles Prototypenwerkzeug<\/strong>\u00a0Unsere Einrichtung arbeitet nach strengen internationalen Qualit\u00e4tsmanagementstandards und liefert konsistente Ergebnisse f\u00fcr jede Charge.<\/li>\n<li><strong>ISO 9001 Konformit\u00e4t:<\/strong>\u00a0Wir liefern mehr als nur Teile; wir liefern Vertrauen. Vom ersten DFM-Bericht bis zur abschlie\u00dfenden Ma\u00dfkontrolle stellen wir die Daten bereit, die Sie ben\u00f6tigen, um Ihre Designs zu validieren und mit Sicherheit voranzukommen.<\/li>\n<\/ul>\n<p>Unsere Rapid-Prototyping- und Werkzeugbau-Dienstleistungen sind darauf ausgelegt, den hohen Anforderungen der.<\/p>\n<h2>Branchen, die wir bedienen<\/h2>\n<p><img loading=\"lazy\" decoding=\"async\" class=\"\" src=\"https:\/\/haoyumaterial.com\/wp-content\/uploads\/2026\/02\/Rapid_Prototyping_and_Tooling_Across_Industries_Of.webp\" alt=\"Schnellprototyping und Werkzeugbau in verschiedenen Branchen\" width=\"1129\" height=\"752\" \/><\/p>\n<p>deutschen Fertigungsindustrie gerecht zu werden.\u00a0<a href=\"https:\/\/haoyumaterial.com\/de\/industries\/\">verschiedene Branchen<\/a>\u00a0Wir arbeiten mit. Von der Validierung erster Konzepte bis zur Durchf\u00fchrung von Br\u00fcckenproduktionsl\u00e4ufen bieten wir die Fertigungsgeschwindigkeit und Pr\u00e4zision, die erforderlich sind, um auf globalen M\u00e4rkten zu konkurrieren.<\/p>\n<ul>\n<li><strong>Automobil:<\/strong>\u00a0Wir unterst\u00fctzen Automobilingenieure bei der Herstellung funktionaler Prototypen f\u00fcr Passform- und Leistungstests. Unsere F\u00e4higkeiten umfassen die Herstellung komplexer Armaturenbrettkomponenten, Beleuchtungsanlagen und Unter-Haube-Teile aus Hochleistungskunststoffen und Metallen.<\/li>\n<li><strong>Medizin:<\/strong>\u00a0Der medizinische Sektor verl\u00e4sst sich auf uns f\u00fcr hochpr\u00e4zise Prototypen von chirurgischen Instrumenten und Geh\u00e4usen f\u00fcr Ger\u00e4te. Wir gew\u00e4hrleisten enge Toleranzen und glatte Oberfl\u00e4chen, die f\u00fcr medizinische Ger\u00e4te und Tests unerl\u00e4sslich sind.<\/li>\n<li><strong>Luft- und Raumfahrt:<\/strong>\u00a0Wir liefern leichte, hochfeste Komponenten, die extremen Bedingungen standhalten. Unsere CNC-Bearbeitung und additive Fertigung erm\u00f6glichen die Erstellung komplexer Geometrien, die in Luft- und Raumfahrtanwendungen h\u00e4ufig erforderlich sind.<\/li>\n<li><strong>Unterhaltungselektronik:<\/strong>\u00a0Geschwindigkeit ist in der Elektronik entscheidend. Wir beschleunigen den Entwicklungszyklus f\u00fcr Geh\u00e4use, Tasten und Tragstrukturen, sodass Marken schnell vom Design zur Kleinserienfertigung wechseln k\u00f6nnen.<\/li>\n<\/ul>\n<p>Egal, ob Sie ein einzelnes kundenspezifisches Teil oder Tausende von Einheiten ben\u00f6tigen, unsere anpassungsf\u00e4higen Fertigungsprozesse stellen sicher, dass Ihr Projekt spezifische Branchenstandards und Markteinf\u00fchrungsfristen erf\u00fcllt.<\/p>\n<h2>FAQ zu Prototyping und Werkzeugbau<\/h2>\n<p>Wir verstehen, dass der \u00dcbergang von einem digitalen Design zu einem physischen Teil viele Fragen aufwirft. Hier sind die Antworten auf die h\u00e4ufigsten Anfragen, die wir erhalten\u00a0<strong>schneller Prototypen- und Werkzeugherstellung<\/strong>\u00a0um Ihren Entscheidungsprozess zu erleichtern.<\/p>\n<h3>Wie ist die typische Lieferzeit f\u00fcr Teile?<\/h3>\n<p>Geschwindigkeit ist das Herzst\u00fcck unseres Gesch\u00e4fts. F\u00fcr\u00a0<strong>additiven Fertigungsdienstleistungen<\/strong>\u00a0(3D-Druck) oder\u00a0<strong>Vakuumgussdienste<\/strong>, versenden wir Teile oft innerhalb von\u00a0<strong>3 bis 5 Tagen.<\/strong>. Wenn es um\u00a0<strong>schnelles Prototypenwerkzeug<\/strong>\u00a0und\u00a0<strong>Aluminium-Spritzgussformen<\/strong>, unser Zeitplan f\u00fcr T1-Proben ist in der Regel\u00a0<strong>2 bis 5 Wochen<\/strong>, abh\u00e4ngig von der Komplexit\u00e4t der Geometrie. Dieser\u00a0<strong>schnelle Fertigung<\/strong>\u00a0Ansatz stellt sicher, dass Sie enge Projektfristen einhalten.<\/p>\n<h3>Wie wechsle ich vom Prototyping zur Massenproduktion?<\/h3>\n<p>Wir sind spezialisiert darauf, diese L\u00fccke zu \u00fcberbr\u00fccken. Wir beginnen in der Regel mit\u00a0<strong>hochpr\u00e4zises Prototyping<\/strong>\u00a0zur Validierung des Designs. Nach der Genehmigung gehen wir zu\u00a0<strong>Br\u00fcckenproduktionsl\u00e4ufe<\/strong>\u00a0Verwendung\u00a0<strong>Weichwerkzeugen<\/strong>. Damit k\u00f6nnen Sie\u00a0<strong>Niedervolumenfertigung<\/strong>\u00a0Mengen (100 bis 10.000 Teile) auf den Markt bringen, w\u00e4hrend harte Stahlformen f\u00fcr die Massenproduktion hergestellt werden.<\/p>\n<h3>K\u00f6nnen Sie bei der Materialauswahl f\u00fcr funktionale Prototypen helfen?<\/h3>\n<p>Absolut. Die Wahl des richtigen Materials ist entscheidend f\u00fcr\u00a0<strong>funktionalen Prototypen<\/strong>\u00a0die Belastungstests unterzogen werden m\u00fcssen. Ob Sie die leichten Eigenschaften von Titan ben\u00f6tigen oder die Haltbarkeit zwischen\u00a0<a href=\"https:\/\/haoyumaterial.com\/de\/alloy-steel-vs-stainless-steel\/\">Legierungsstahl und Edelstahl<\/a>, bieten wir fachkundige Beratung, um das Material auf Ihre Anwendung abzustimmen.<\/p>\n<h3>Bieten Sie Design for Manufacturability (DFM)-Feedback an?<\/h3>\n<p>Ja. Bevor wir Metall schneiden, um\u00a0<strong>kundenspezifische CNC-Bearbeitung<\/strong>\u00a0oder Werkzeugbau, unsere Ingenieure bieten eine umfassende\u00a0<strong>Design for Manufacturability (DFM)<\/strong>\u00a0Analyse. Wir identifizieren potenzielle Probleme wie Unterz\u00fcge, Entwurfwinkel oder Wandst\u00e4rkenprobleme, um Ihr Design zu optimieren f\u00fcr\u00a0<strong>schnelles Spritzgie\u00dfen<\/strong>\u00a0und Kostensenkung.<\/p>\n<h3>Ist mein geistiges Eigentum sicher?<\/h3>\n<p>Wir nehmen den Schutz des geistigen Eigentums ernst. Wir sind gerne bereit, vor Erhalt von CAD-Dateien eine Geheimhaltungsvereinbarung (NDA) zu unterzeichnen. Ihre Entw\u00fcrfe bleiben w\u00e4hrend des gesamten\u00a0<strong>Prototypenentwicklungszyklus<\/strong>.<\/p>","protected":false},"excerpt":{"rendered":"<p>Rapid prototyping and tooling by vastmaterial with CNC machining rapid injection molding and low volume manufacturing in days. Integrated Manufacturing [&hellip;]<\/p>\n","protected":false},"featured_media":1567,"comment_status":"open","ping_status":"closed","template":"","meta":{"site-sidebar-layout":"default","site-content-layout":"","ast-site-content-layout":"default","site-content-style":"default","site-sidebar-style":"default","ast-global-header-display":"","ast-banner-title-visibility":"","ast-main-header-display":"","ast-hfb-above-header-display":"","ast-hfb-below-header-display":"","ast-hfb-mobile-header-display":"","site-post-title":"","ast-breadcrumbs-content":"","ast-featured-img":"","footer-sml-layout":"","ast-disable-related-posts":"","theme-transparent-header-meta":"default","adv-header-id-meta":"","stick-header-meta":"","header-above-stick-meta":"","header-main-stick-meta":"","header-below-stick-meta":"","astra-migrate-meta-layouts":"set","ast-page-background-enabled":"default","ast-page-background-meta":{"desktop":{"background-color":"var(--ast-global-color-5)","background-image":"","background-repeat":"repeat","background-position":"center center","background-size":"auto","background-attachment":"scroll","background-type":"","background-media":"","overlay-type":"","overlay-color":"","overlay-opacity":"","overlay-gradient":""},"tablet":{"background-color":"","background-image":"","background-repeat":"repeat","background-position":"center center","background-size":"auto","background-attachment":"scroll","background-type":"","background-media":"","overlay-type":"","overlay-color":"","overlay-opacity":"","overlay-gradient":""},"mobile":{"background-color":"","background-image":"","background-repeat":"repeat","background-position":"center center","background-size":"auto","background-attachment":"scroll","background-type":"","background-media":"","overlay-type":"","overlay-color":"","overlay-opacity":"","overlay-gradient":""}},"ast-content-background-meta":{"desktop":{"background-color":"var(--ast-global-color-4)","background-image":"","background-repeat":"repeat","background-position":"center center","background-size":"auto","background-attachment":"scroll","background-type":"","background-media":"","overlay-type":"","overlay-color":"","overlay-opacity":"","overlay-gradient":""},"tablet":{"background-color":"var(--ast-global-color-4)","background-image":"","background-repeat":"repeat","background-position":"center center","background-size":"auto","background-attachment":"scroll","background-type":"","background-media":"","overlay-type":"","overlay-color":"","overlay-opacity":"","overlay-gradient":""},"mobile":{"background-color":"var(--ast-global-color-4)","background-image":"","background-repeat":"repeat","background-position":"center center","background-size":"auto","background-attachment":"scroll","background-type":"","background-media":"","overlay-type":"","overlay-color":"","overlay-opacity":"","overlay-gradient":""}}},"product_brand":[],"product_cat":[17,21,25,22,24],"product_tag":[588],"class_list":{"0":"post-1682","1":"product","2":"type-product","3":"status-publish","4":"has-post-thumbnail","6":"product_cat-stainless-steel","7":"product_cat-aluminum-alloy","8":"product_cat-copper-alloy","9":"product_cat-high-temperature-alloy","10":"product_cat-titanium-alloy","11":"product_tag-rapid-prototype-tooling","12":"desktop-align-left","13":"tablet-align-left","14":"mobile-align-left","16":"first","17":"instock","18":"shipping-taxable","19":"product-type-simple"},"_links":{"self":[{"href":"https:\/\/haoyumaterial.com\/de\/wp-json\/wp\/v2\/product\/1682","targetHints":{"allow":["GET"]}}],"collection":[{"href":"https:\/\/haoyumaterial.com\/de\/wp-json\/wp\/v2\/product"}],"about":[{"href":"https:\/\/haoyumaterial.com\/de\/wp-json\/wp\/v2\/types\/product"}],"replies":[{"embeddable":true,"href":"https:\/\/haoyumaterial.com\/de\/wp-json\/wp\/v2\/comments?post=1682"}],"wp:featuredmedia":[{"embeddable":true,"href":"https:\/\/haoyumaterial.com\/de\/wp-json\/wp\/v2\/media\/1567"}],"wp:attachment":[{"href":"https:\/\/haoyumaterial.com\/de\/wp-json\/wp\/v2\/media?parent=1682"}],"wp:term":[{"taxonomy":"product_brand","embeddable":true,"href":"https:\/\/haoyumaterial.com\/de\/wp-json\/wp\/v2\/product_brand?post=1682"},{"taxonomy":"product_cat","embeddable":true,"href":"https:\/\/haoyumaterial.com\/de\/wp-json\/wp\/v2\/product_cat?post=1682"},{"taxonomy":"product_tag","embeddable":true,"href":"https:\/\/haoyumaterial.com\/de\/wp-json\/wp\/v2\/product_tag?post=1682"}],"curies":[{"name":"wp","href":"https:\/\/api.w.org\/{rel}","templated":true}]}}