{"id":1715,"date":"2026-02-09T10:59:08","date_gmt":"2026-02-09T02:59:08","guid":{"rendered":"https:\/\/haoyumaterial.com\/?post_type=product&#038;p=1715"},"modified":"2026-02-09T10:59:09","modified_gmt":"2026-02-09T02:59:09","slug":"how-brass-is-made-high-precision-copper-zinc-alloys-by-vastmaterial","status":"publish","type":"product","link":"https:\/\/haoyumaterial.com\/de\/product\/how-brass-is-made-high-precision-copper-zinc-alloys-by-vastmaterial\/","title":{"rendered":"Wie Messing hergestellt wird Hochpr\u00e4zise Kupfer-Zink-Legierungen von Vastmaterial"},"content":{"rendered":"<p>Erfahren Sie, wie Messing bei Vastmaterial aus Kupfer-Zink-Legierungsschmelze bis hin zu kaltgewalztem Messingstreifen mit engen Toleranzen hergestellt wird.<\/p>\n<h2>Wie wir Messing herstellen: Der Vastmaterial-Standard<\/h2>\n<p>Bei Vastmaterial ist das Verst\u00e4ndnis\u00a0<strong>wie Messing hergestellt wird<\/strong>\u00a0grundlegend, um leistungsstarke Legierungen zu liefern, die strengen globalen Standards entsprechen. Unser Herstellungsprozess integriert fortschrittliche Metallurgie mit strenger Qualit\u00e4tskontrolle, um \u00fcberlegene\u00a0<strong>Kupfer-Zink-Legierung<\/strong>\u00a0Materialien zu produzieren. Wir \u00fcberwachen jede Produktionsphase, von der ersten Schmelze bis zum endg\u00fcltigen Schneiden, um sicherzustellen, dass unsere Kunden Material mit pr\u00e4zisen chemischen Zusammensetzungen und mechanischen Eigenschaften erhalten.<\/p>\n<h3>Rohstoffauswahl &amp; Schmelze (Reinheitskontrolle)<\/h3>\n<p>Qualit\u00e4t beginnt mit den Rohstoffen. Wir beziehen hochwertigen elektrolytischen Kupfer und Zink, wobei wir das Verh\u00e4ltnis von recyceltem Schrott zu virginem Material streng kontrollieren, um die Reinheit zu gew\u00e4hrleisten. Die Mischung wird in elektrischen Induktions\u00f6fen bei Temperaturen \u00fcber 1.000\u00b0C geschmolzen. W\u00e4hrend dieser Phase f\u00fchren wir Echtzeit-chemische Analysen durch, um sicherzustellen, dass die Zusammensetzung den spezifischen Sorten wie C2600 oder C2680 entspricht, bevor das Metall gegossen wird.<\/p>\n<h3>St\u00e4ndiges Gie\u00dfen (Blockbildung)<\/h3>\n<p>Sobald die Legierung die richtige Temperatur und Zusammensetzung erreicht hat, wird sie in einen Halteofen \u00fcberf\u00fchrt. Durch\u00a0<strong>Messing-Block-Gie\u00dfen<\/strong>, wird das geschmolzene Metall in Kuchen oder Bl\u00f6cke gegossen. Diese kontinuierliche Gie\u00dftechnik sorgt f\u00fcr eine gleichm\u00e4\u00dfige innere Struktur, minimiert Porosit\u00e4t und Segregation, was f\u00fcr die strukturelle Integrit\u00e4t des Endprodukts entscheidend ist.<\/p>\n<h3>Warmwalzprozess<\/h3>\n<p>Die erstarrten Bl\u00f6cke werden vorgeheizt und durch unsere\u00a0<strong>Warmwalzstra\u00dfe<\/strong>. gef\u00fchrt. Unter enormem Druck reduzieren die Walzen die Materialdicke erheblich. Dieser Schritt zerbricht die gegossene Kornstruktur, verbessert die mechanischen Eigenschaften des Legierung und verwandelt den schweren Block in eine bearbeitbare, d\u00fcnnere Coil.<\/p>\n<h3>Oberfl\u00e4chenfr\u00e4sen (Scalping)<\/h3>\n<p>Das Warmwalzen hinterl\u00e4sst zwangsl\u00e4ufig Oberfl\u00e4chenoxidation und kleinere Verunreinigungen. Um ein makelloses Finish zu gew\u00e4hrleisten, verwenden wir Pr\u00e4zisionsfr\u00e4smaschinen, um die oberen und unteren Schichten des Coils zu \u201cskalpen\u201d. Dies entfernt Oberfl\u00e4chenfehler und stellt sicher, dass das Grundmaterial vor dem Kaltverarbeitungsprozess sauber und glatt ist.<\/p>\n<h3>Pr\u00e4zises Kaltwalzen<\/h3>\n<p>Um pr\u00e4zise Dicken toleranzen\u2014oft bis zu 0,01 mm\u2014zu erreichen, durchl\u00e4uft das Material einen\u00a0<strong>Pr\u00e4zises Kaltwalzen<\/strong>. Dieser Prozess wird bei Raumtemperatur durchgef\u00fchrt, was die Messingh\u00e4rte erh\u00f6ht und die Kornstruktur verfeinert. Dieser Schritt ist entscheidend f\u00fcr die Herstellung hochwertiger\u00a0<strong>Kaltgewalztes Messingband<\/strong>\u00a0mit der genauen Dickenkonstanz, die f\u00fcr komplexe elektronische Anschl\u00fcsse und Automobilteile erforderlich ist.<\/p>\n<h3>Anlassen &amp; Beizen Behandlung<\/h3>\n<p>Kaltwalzen verursacht innere Spannungen und erh\u00f6ht die H\u00e4rte. Um die W\u00e4rmebehandlung des Materials anzupassen, verwenden wir einen kontrollierten\u00a0<strong>Annahmeprozess<\/strong>. Durch Erhitzen und Abk\u00fchlen des Messings stellen wir die Duktilit\u00e4t wieder her und passen die H\u00e4rte an spezifische Zust\u00e4nde an (von weich \u2018O\u2019 bis superhart \u2018SH\u2019). Nach der W\u00e4rmebehandlung durchl\u00e4uft das Messing\u00a0<strong>Beizen und Oberfl\u00e4chenbehandlung<\/strong>\u00a0in S\u00e4ureb\u00e4dern, um Oxidation zu entfernen, was zu einer sauberen, gl\u00e4nzenden und chemisch stabilen Oberfl\u00e4che f\u00fchrt.<\/p>\n<h3>Schneiden &amp; Endbearbeitung<\/h3>\n<p>Die letzte Phase besteht darin, das Produkt auf Kundenma\u00dfe zuzuschneiden. Unser\u00a0<strong>Pr\u00e4zisionsschneiden<\/strong>\u00a0Linien schneiden die breiten Spulen in schmale Streifen nach genauen Breitenangaben. Wir sorgen f\u00fcr gratfreie Kanten und enge Ma\u00dfgenauigkeit, bevor wir die fertige Messingware verpacken, um Korrosion w\u00e4hrend des Versands zu verhindern.<\/p>\n<h2>Material-Spezifikationen &amp; G\u00fcten<\/h2>\n<p><img decoding=\"async\" src=\"https:\/\/haoyumaterial.com\/wp-content\/uploads\/2026\/02\/brass_alloy_grades_and_manufacturing_process_GvBY6.webp\" alt=\"Messinglegierungen und Herstellungsprozess\" \/><\/p>\n<p>Verstehen\u00a0<strong>wie Messing hergestellt wird<\/strong>\u00a0Um den Industriestandards zu entsprechen, ist eine eingehende Untersuchung der metallurgischen Zusammensetzung erforderlich. Bei Vastmaterial kontrollieren wir streng das Kupfer-Zink-Verh\u00e4ltnis, um Legierungen herzustellen, die bestimmten mechanischen Anforderungen entsprechen, egal ob Sie hohe Duktilit\u00e4t f\u00fcr Tiefziehen oder Steifigkeit f\u00fcr Strukturteile ben\u00f6tigen.<\/p>\n<h3>Legierungsgradzusammensetzung (H62, H65, C2600)<\/h3>\n<p>Die Leistung eines\u00a0<strong>Kupfer-Zink-Legierung<\/strong>\u00a0h\u00e4ngt vollst\u00e4ndig von der spezifischen Mischung der Elemente ab. Wir liefern eine breite Palette von G\u00fcten, die den JIS-, ASTM- und GB-Standards entsprechen.<\/p>\n<div class=\"table-responsive\">\n<table class=\"table\">\n<thead>\n<tr>\n<th>G\u00fcte (JIS\/ASTM)<\/th>\n<th>G\u00e4ngiger Name<\/th>\n<th>Zusammensetzung<\/th>\n<th>Wichtige Eigenschaften<\/th>\n<\/tr>\n<\/thead>\n<tbody>\n<tr>\n<td><strong>C2600<\/strong><\/td>\n<td>Kartuschenmessing<\/td>\n<td>~70% Cu, 30% Zn<\/td>\n<td>Ausgezeichnete Duktilit\u00e4t, ideal f\u00fcr Tiefziehen und Umformen.<\/td>\n<\/tr>\n<tr>\n<td><strong>H65 (C2680)<\/strong><\/td>\n<td>Gelbbrass<\/td>\n<td>~65% Cu, 35% Zn<\/td>\n<td>Ausgewogene Festigkeit und Verformbarkeit; weit verbreitet bei Befestigungselementen.<\/td>\n<\/tr>\n<tr>\n<td><strong>H62 (C2800)<\/strong><\/td>\n<td>Muntz-Metall<\/td>\n<td>~62% Cu, 38% Zn<\/td>\n<td>Hohe Festigkeit, h\u00e4rter als C2600, geeignet f\u00fcr Warmumformung.<\/td>\n<\/tr>\n<tr>\n<td><strong>C3604<\/strong><\/td>\n<td>Freifurchbares Messing<\/td>\n<td>Pb hinzugef\u00fcgt<\/td>\n<td>Hervorragbare Bearbeitbarkeit f\u00fcr Pr\u00e4zisionsteile.<\/td>\n<\/tr>\n<\/tbody>\n<\/table>\n<\/div>\n<h3>Verf\u00fcgbare Formen &amp; Abmessungen<\/h3>\n<p>Unsere Fertigungskapazit\u00e4ten erm\u00f6glichen es uns, Messing in verschiedene Formen zu verarbeiten, um Ihre Produktionslinie zu unterst\u00fctzen. Von robusten Platten bis zu ultrad\u00fcnnen Folien halten wir enge\u00a0<strong>Ma\u00dftoleranzen<\/strong>\u00a0\u00fcber alle Produkte hinweg.<\/p>\n<ul>\n<li><strong>Formen:<\/strong>\u00a0Coils, B\u00e4nder, Platten, Folien, St\u00e4be und Rohre.<\/li>\n<li><strong>Dickenbereich:<\/strong>\u00a0In der Lage, bis zu\u00a0<strong>0,01 mm<\/strong>\u00a0f\u00fcr Pr\u00e4zisionselektronik.<\/li>\n<li><strong>Breite:<\/strong>\u00a0Kundenspezifisches Schlitzen nach Kundenangaben erh\u00e4ltlich.<\/li>\n<\/ul>\n<h3>Temper- und H\u00e4rtebewertungen<\/h3>\n<p>Das\u00a0<strong>Annealing-Prozess<\/strong>\u00a0und Kaltwalzpassagen bestimmen die endg\u00fcltige Temperatur des Materials. Wir bieten ein vollst\u00e4ndiges Spektrum an H\u00e4rtegraden, um sicherzustellen, dass das Material w\u00e4hrend Ihres Fertigungsprozesses genau so reagiert, wie Sie es ben\u00f6tigen. Sobald die mechanischen Eigenschaften festgelegt sind, k\u00f6nnen wir auch\u00a0<a href=\"https:\/\/haoyumaterial.com\/de\/services\/surface-treatment\/\">spezialisierte Oberfl\u00e4chenbehandlungen<\/a>\u00a0anbieten, um Korrosionsbest\u00e4ndigkeit oder Leitf\u00e4higkeit zu verbessern.<\/p>\n<ul>\n<li><strong>O (Annealed): \u2192 O (Anneliert):<\/strong>\u00a0Weiches, vollst\u00e4ndig rekristallisiertes Gef\u00fcge f\u00fcr maximale Formbarkeit.<\/li>\n<li><strong>1\/4H bis 1\/2H:<\/strong>\u00a0Mittlere H\u00e4rte f\u00fcr Biegen ohne Rissbildung.<\/li>\n<li><strong>H (Hart):<\/strong>\u00a0Hohe Festigkeit f\u00fcr Flachbauteile.<\/li>\n<li><strong>EH \/ SH (Extra\/ Federhart):<\/strong>\u00a0Maximale Elastizit\u00e4t f\u00fcr Federn und Kontakte.<\/li>\n<\/ul>\n<h2>Sicherung der metallurgischen Integrit\u00e4t<\/h2>\n<p><img loading=\"lazy\" decoding=\"async\" class=\"alignnone  wp-image-1717\" src=\"https:\/\/haoyumaterial.com\/wp-content\/uploads\/2026\/02\/how-brass-is-made-300x300.jpg\" alt=\"\" width=\"437\" height=\"437\" srcset=\"https:\/\/haoyumaterial.com\/wp-content\/uploads\/2026\/02\/how-brass-is-made-300x300.jpg 300w, https:\/\/haoyumaterial.com\/wp-content\/uploads\/2026\/02\/how-brass-is-made-1024x1024.jpg 1024w, https:\/\/haoyumaterial.com\/wp-content\/uploads\/2026\/02\/how-brass-is-made-150x150.jpg 150w, https:\/\/haoyumaterial.com\/wp-content\/uploads\/2026\/02\/how-brass-is-made-768x768.jpg 768w, https:\/\/haoyumaterial.com\/wp-content\/uploads\/2026\/02\/how-brass-is-made-1536x1536.jpg 1536w, https:\/\/haoyumaterial.com\/wp-content\/uploads\/2026\/02\/how-brass-is-made-12x12.jpg 12w, https:\/\/haoyumaterial.com\/wp-content\/uploads\/2026\/02\/how-brass-is-made-600x600.jpg 600w, https:\/\/haoyumaterial.com\/wp-content\/uploads\/2026\/02\/how-brass-is-made-100x100.jpg 100w, https:\/\/haoyumaterial.com\/wp-content\/uploads\/2026\/02\/how-brass-is-made.jpg 1564w\" sizes=\"auto, (max-width: 437px) 100vw, 437px\" \/><\/p>\n<p>Verstehen\u00a0<strong>wie Messing hergestellt wird<\/strong>\u00a0bedeutet mehr als nur das Mischen von Kupfer und Zink; es erfordert eine strenge \u00dcberpr\u00fcfung, um sicherzustellen, dass das Material genau wie erwartet funktioniert. Wir implementieren ein strenges Qualit\u00e4tskontrollprogramm, um zu garantieren, dass jede Spule und jedes Blech den genauen Industriestandards entspricht.<\/p>\n<h3>Spektrometerpr\u00fcfung<\/h3>\n<p>Wir lassen nicht die\u00a0<strong>metallurgische Zusammensetzung<\/strong>\u00a0dem Zufall \u00fcberlassen. Mit fortschrittlichen optischen Emissionsspektrometern analysieren wir die chemische Zusammensetzung jeder Charge. Dies stellt sicher, dass das\u00a0<strong>Kupfer-Zink-Legierung<\/strong>\u00a0Verh\u00e4ltnis f\u00fcr bestimmte G\u00fcten wie C2600 oder C2680 perfekt ausbalanciert ist. Dieser Schritt best\u00e4tigt, dass Verunreinigungen minimiert werden und das Material chemisch rein ist, bevor es unsere\u00a0<a href=\"https:\/\/haoyumaterial.com\/de\/factory\/\">Fabrik verl\u00e4sst<\/a>.<\/p>\n<h3>Zugfestigkeitstest<\/h3>\n<p>Mechanische Leistung ist f\u00fcr Fertigungskunden entscheidend. Wir f\u00fchren umfassende mechanische Tests durch, um zu \u00fcberpr\u00fcfen\u00a0<strong>Zugfestigkeit<\/strong>, Dehnung und H\u00e4rte.<\/p>\n<ul>\n<li><strong>Gef\u00fcgezuchtkontrolle:<\/strong>\u00a0Wir pr\u00fcfen, ob das Gl\u00fchverfahren die richtige Korngr\u00f6\u00dfe f\u00fcr eine optimale Verformbarkeit erreicht hat.<\/li>\n<li><strong>Leistungs\u00fcberpr\u00fcfung:<\/strong>\u00a0Wir stellen sicher, dass die Messingbahn den physischen Belastungen beim Stanzen, Biegen oder Tiefziehen ohne Rissbildung standh\u00e4lt.<\/li>\n<\/ul>\n<h3>ISO- &amp; RoHS-Zertifizierungen<\/h3>\n<p>Unser Engagement f\u00fcr Qualit\u00e4t wird durch globale Standards untermauert. Unsere Managementsysteme sind\u00a0<strong>ISO 9001:2015 zertifizierten<\/strong>, um Konsistenz in allen Produktionslinien zu gew\u00e4hrleisten. Zus\u00e4tzlich sind unsere Materialien\u00a0<strong>SGS\/RoHS-konform<\/strong>, was sie sicher und geeignet f\u00fcr den Export in M\u00e4rkte macht, die strenge Umweltauflagen erfordern, wie die Elektronik- und Automobilbranche.<\/p>\n<h2>Brass Industries Powered by Vastmaterial<\/h2>\n<p><img loading=\"lazy\" decoding=\"async\" class=\"wp-image-1718\" src=\"https:\/\/haoyumaterial.com\/wp-content\/uploads\/2026\/02\/dark-copper-300x225.jpg\" alt=\"\" width=\"631\" height=\"473\" srcset=\"https:\/\/haoyumaterial.com\/wp-content\/uploads\/2026\/02\/dark-copper-300x225.jpg 300w, https:\/\/haoyumaterial.com\/wp-content\/uploads\/2026\/02\/dark-copper-1024x768.jpg 1024w, https:\/\/haoyumaterial.com\/wp-content\/uploads\/2026\/02\/dark-copper-768x576.jpg 768w, https:\/\/haoyumaterial.com\/wp-content\/uploads\/2026\/02\/dark-copper-1536x1152.jpg 1536w, https:\/\/haoyumaterial.com\/wp-content\/uploads\/2026\/02\/dark-copper-2048x1536.jpg 2048w, https:\/\/haoyumaterial.com\/wp-content\/uploads\/2026\/02\/dark-copper-16x12.jpg 16w, https:\/\/haoyumaterial.com\/wp-content\/uploads\/2026\/02\/dark-copper-600x450.jpg 600w\" sizes=\"auto, (max-width: 631px) 100vw, 631px\" \/><\/p>\n<p>Verstehen\u00a0<strong>wie Messing hergestellt wird<\/strong>\u00a0gibt unseren Kunden das Vertrauen, dass unsere Materialien den strengen Anforderungen ihrer spezifischen Branchen standhalten k\u00f6nnen. Weil wir jeden Schritt kontrollieren \u2013 vom ersten\u00a0<strong>Kupfer-Zink-Legierung<\/strong>\u00a0Mischprozess bis zum endg\u00fcltigen Schnitt \u2013 liefern wir Materialien, die f\u00fcr Hochleistungsanwendungen ma\u00dfgeschneidert sind.<\/p>\n<h3>Elektronische Komponenten<\/h3>\n<p>Pr\u00e4zision ist in der Elektronik unverhandelbar. Unser\u00a0<strong>Ma\u00dftoleranzen<\/strong>\u00a0Steuerung stellt sicher, dass Messingstreifen, die f\u00fcr Verbinder, Anschl\u00fcsse und Relaisfedern verwendet werden, perfekt in automatisierte Montagelinien passen.<\/p>\n<ul>\n<li><strong>Hohe Leitf\u00e4higkeit:<\/strong>\u00a0Wir optimieren die Kornstruktur, um den elektrischen Fluss zu maximieren.<\/li>\n<li><strong>Korrosionsbest\u00e4ndigkeit:<\/strong>\u00a0Unentbehrlich f\u00fcr Schalter und Steckdosen, die wechselnden Umgebungen ausgesetzt sind.<\/li>\n<\/ul>\n<h3>Automobilteile<\/h3>\n<p>Die Automobilindustrie setzt auf Materialien, die Festigkeit mit Formbarkeit ausbalancieren. Unser Messing ist f\u00fcr Komponenten wie K\u00fchlerkerne, Sensoren und Fl\u00fcssigkeitsleitungssysteme entwickelt. F\u00fcr spezielle Fahrzeugsicherheitssysteme liefern wir Materialien, die mit hochpr\u00e4ziser Fertigung kompatibel sind, \u00e4hnlich wie unsere\u00a0<a href=\"https:\/\/haoyumaterial.com\/de\/produkt\/copper-nickel-alloy-brake-line-machining-service\/\">Kupfer-Nickel-Legierung Bremsleitungen Bearbeitungsdienste<\/a>, und gew\u00e4hrleisten Zuverl\u00e4ssigkeit unter Druck.<\/p>\n<h3>Architektonische Dekoration<\/h3>\n<p>\u00c4sthetik treibt diesen Sektor an. Wir liefern\u00a0<strong>Messingblech<\/strong>\u00a0mit makellosen Oberfl\u00e4chenfinishs f\u00fcr Inneneinrichtungen, Aufzugst\u00fcren und Dekorleisten.<\/p>\n<ul>\n<li><strong>Farbkonsistenz:<\/strong>\u00a0Strenge Legierungssteuerung verhindert Farbabweichungen zwischen Chargen.<\/li>\n<li><strong>Umformbarkeit:<\/strong>\u00a0Ideal f\u00fcr filigrane Stanz- und \u00c4tzprozesse.<\/li>\n<\/ul>\n<h3>Verteidigung und Munition<\/h3>\n<p>Dieser Sektor erfordert die h\u00f6chste\u00a0<strong>Zugfestigkeit<\/strong>\u00a0und Duktilit\u00e4t. Wir stellen spezielle Sorten her, wie\u00a0<strong>C2600<\/strong>\u00a0und\u00a0<strong>Messing C2800<\/strong>, die f\u00fcr Tiefzieh-Anwendungen wie H\u00fclsen kritisch sind. Unser Gl\u00fchprozess ist so abgestimmt, dass das Material sich schnell ausdehnen kann, ohne zu rei\u00dfen, und strenge milit\u00e4rische Spezifikationen erf\u00fcllt.<\/p>\n<h2>H\u00e4ufig gestellte Fragen zur Messingherstellung<\/h2>\n<h3>Was ist der Unterschied zwischen Messing und Bronze?<\/h3>\n<p>Obwohl beide kupferbasierte Legierungen sind, liegt der Hauptunterschied in ihren Legierungselementen.\u00a0<strong>Messing ist eine Kupfer-Zink-Legierung<\/strong>, bekannt f\u00fcr sein helles, gold\u00e4hnliches Aussehen, seine hohe Verformbarkeit und seine ausgezeichneten akustischen Eigenschaften. Es wird h\u00e4ufig in Musikinstrumenten, Patronenh\u00fclsen und Zierleisten verwendet. Bronze hingegen besteht haupts\u00e4chlich aus Kupfer und Zinn. Es ist in der Regel h\u00e4rter, hat einen r\u00f6tlich-braunen Farbton und bietet eine h\u00f6here Korrosionsbest\u00e4ndigkeit, wodurch es sich ideal f\u00fcr Marineanwendungen und Lager eignet. Bei Vastmaterial sind wir auf hochpr\u00e4zise Messingformulierungen wie C2600 und C2680 spezialisiert, um spezifische industrielle Anforderungen zu erf\u00fcllen.<\/p>\n<h3>Kann Vastmaterial die H\u00e4rte des Messings anpassen?<\/h3>\n<p>Ja, die Kontrolle der Anlassfarbe ist ein wichtiger Bestandteil von\u00a0<strong>wie Messing hergestellt wird<\/strong>\u00a0in unserer Anlage. Durch unsere pr\u00e4zisen\u00a0<strong>Annealing-Prozess<\/strong>\u00a0und Kaltwalztechniken k\u00f6nnen wir die mechanischen Eigenschaften des Materials an Ihre Anwendung anpassen. Wir verkaufen nicht nur Standardware, sondern entwickeln das Messing nach spezifischen H\u00e4rtegraden, einschlie\u00dflich:<\/p>\n<ul>\n<li><strong>O (Weich):<\/strong>\u00a0Vollst\u00e4ndig gegl\u00fcht f\u00fcr maximale Duktilit\u00e4t.<\/li>\n<li><strong>1\/4H bis 1\/2H:<\/strong>\u00a0Moderate H\u00e4rte f\u00fcr Umformvorg\u00e4nge.<\/li>\n<li><strong>H (Hart) zu EH (Extra Hart):<\/strong>\u00a0F\u00fcr Anwendungen, die hohe Steifigkeit und Feder Eigenschaften erfordern.<\/li>\n<li><strong>SH (Super Hart):<\/strong>\u00a0Spezialisiert f\u00fcr Komponenten, die extreme Haltbarkeit ben\u00f6tigen.<\/li>\n<\/ul>\n<h3>Ist Ihre Messingherstellung umweltfreundlich?<\/h3>\n<p>Nachhaltigkeit steht im Mittelpunkt unserer Aktivit\u00e4ten. Messing ist eines der am h\u00e4ufigsten recycelten Metalle der Welt, und unser Verfahren nutzt intensiv\u00a0<strong>Schrottrecycling<\/strong>\u00a0um Abfall zu minimieren, ohne die Reinheit zu beeintr\u00e4chtigen. Wir arbeiten nach strengen Umweltmanagementsystemen, die sicherstellen, dass alle unsere Produkte\u00a0<strong>RoHS-konform.<\/strong>. Durch die Verfeinerung von sauberem Schrott und die strikte Kontrolle des Schmelzprozesses verringern wir den CO2-Fu\u00dfabdruck im Zusammenhang mit dem Abbau von virgin Erz, w\u00e4hrend wir die hohe metallurgische Integrit\u00e4t bewahren, die unsere US-Kunden erwarten.<\/p>\n<p>&nbsp;<\/p>","protected":false},"excerpt":{"rendered":"<p>Learn how brass is made at Vastmaterial from copper zinc alloy melting to cold rolled brass strip with tight dimensional [&hellip;]<\/p>\n","protected":false},"featured_media":1716,"comment_status":"open","ping_status":"closed","template":"","meta":{"site-sidebar-layout":"default","site-content-layout":"","ast-site-content-layout":"default","site-content-style":"default","site-sidebar-style":"default","ast-global-header-display":"","ast-banner-title-visibility":"","ast-main-header-display":"","ast-hfb-above-header-display":"","ast-hfb-below-header-display":"","ast-hfb-mobile-header-display":"","site-post-title":"","ast-breadcrumbs-content":"","ast-featured-img":"","footer-sml-layout":"","ast-disable-related-posts":"","theme-transparent-header-meta":"default","adv-header-id-meta":"","stick-header-meta":"","header-above-stick-meta":"","header-main-stick-meta":"","header-below-stick-meta":"","astra-migrate-meta-layouts":"set","ast-page-background-enabled":"default","ast-page-background-meta":{"desktop":{"background-color":"var(--ast-global-color-5)","background-image":"","background-repeat":"repeat","background-position":"center center","background-size":"auto","background-attachment":"scroll","background-type":"","background-media":"","overlay-type":"","overlay-color":"","overlay-opacity":"","overlay-gradient":""},"tablet":{"background-color":"","background-image":"","background-repeat":"repeat","background-position":"center center","background-size":"auto","background-attachment":"scroll","background-type":"","background-media":"","overlay-type":"","overlay-color":"","overlay-opacity":"","overlay-gradient":""},"mobile":{"background-color":"","background-image":"","background-repeat":"repeat","background-position":"center center","background-size":"auto","background-attachment":"scroll","background-type":"","background-media":"","overlay-type":"","overlay-color":"","overlay-opacity":"","overlay-gradient":""}},"ast-content-background-meta":{"desktop":{"background-color":"var(--ast-global-color-4)","background-image":"","background-repeat":"repeat","background-position":"center center","background-size":"auto","background-attachment":"scroll","background-type":"","background-media":"","overlay-type":"","overlay-color":"","overlay-opacity":"","overlay-gradient":""},"tablet":{"background-color":"var(--ast-global-color-4)","background-image":"","background-repeat":"repeat","background-position":"center center","background-size":"auto","background-attachment":"scroll","background-type":"","background-media":"","overlay-type":"","overlay-color":"","overlay-opacity":"","overlay-gradient":""},"mobile":{"background-color":"var(--ast-global-color-4)","background-image":"","background-repeat":"repeat","background-position":"center center","background-size":"auto","background-attachment":"scroll","background-type":"","background-media":"","overlay-type":"","overlay-color":"","overlay-opacity":"","overlay-gradient":""}}},"product_brand":[],"product_cat":[25,26,27],"product_tag":[],"class_list":{"0":"post-1715","1":"product","2":"type-product","3":"status-publish","4":"has-post-thumbnail","6":"product_cat-copper-alloy","7":"product_cat-brass","8":"product_cat-bronze","9":"desktop-align-left","10":"tablet-align-left","11":"mobile-align-left","13":"first","14":"instock","15":"shipping-taxable","16":"product-type-simple"},"_links":{"self":[{"href":"https:\/\/haoyumaterial.com\/de\/wp-json\/wp\/v2\/product\/1715","targetHints":{"allow":["GET"]}}],"collection":[{"href":"https:\/\/haoyumaterial.com\/de\/wp-json\/wp\/v2\/product"}],"about":[{"href":"https:\/\/haoyumaterial.com\/de\/wp-json\/wp\/v2\/types\/product"}],"replies":[{"embeddable":true,"href":"https:\/\/haoyumaterial.com\/de\/wp-json\/wp\/v2\/comments?post=1715"}],"wp:featuredmedia":[{"embeddable":true,"href":"https:\/\/haoyumaterial.com\/de\/wp-json\/wp\/v2\/media\/1716"}],"wp:attachment":[{"href":"https:\/\/haoyumaterial.com\/de\/wp-json\/wp\/v2\/media?parent=1715"}],"wp:term":[{"taxonomy":"product_brand","embeddable":true,"href":"https:\/\/haoyumaterial.com\/de\/wp-json\/wp\/v2\/product_brand?post=1715"},{"taxonomy":"product_cat","embeddable":true,"href":"https:\/\/haoyumaterial.com\/de\/wp-json\/wp\/v2\/product_cat?post=1715"},{"taxonomy":"product_tag","embeddable":true,"href":"https:\/\/haoyumaterial.com\/de\/wp-json\/wp\/v2\/product_tag?post=1715"}],"curies":[{"name":"wp","href":"https:\/\/api.w.org\/{rel}","templated":true}]}}