{"id":1720,"date":"2026-02-10T08:23:10","date_gmt":"2026-02-10T00:23:10","guid":{"rendered":"https:\/\/haoyumaterial.com\/?post_type=product&#038;p=1720"},"modified":"2026-02-10T08:23:11","modified_gmt":"2026-02-10T00:23:11","slug":"custom-cnc-machining-parts-precision-tight-tolerance-services","status":"publish","type":"product","link":"https:\/\/haoyumaterial.com\/de\/product\/custom-cnc-machining-parts-precision-tight-tolerance-services\/","title":{"rendered":"Ma\u00dfgeschneiderte CNC-Bearbeitungsteile Pr\u00e4zise enge Toleranzdienste"},"content":{"rendered":"<p>Vastmaterial offers custom cnc machining part solutions with tight tolerances rapid prototyping metal and plastic materials and ISO certified quality.<\/p>\n<h2>Umfassende CNC-Fertigungsdienstleistungen<\/h2>\n<p>Bei Vastmaterial verstehen wir, dass die Beschaffung eines zuverl\u00e4ssigen\u00a0<strong>CNC-Bearbeitungsteil<\/strong>\u00a0entscheidend f\u00fcr den Erfolg Ihres Projekts ist. Wir kombinieren fortschrittliche subtraktive Fertigungstechnologien mit tiefgreifender Ingenieurkompetenz, um Komponenten zu liefern, die genau Ihrer Designabsicht entsprechen. Unsere Anlage ist ausgestattet, um vielf\u00e4ltige Fertigungsanforderungen zu erf\u00fcllen, sodass jedes\u00a0<strong>pr\u00e4zise bearbeitete Teil<\/strong>\u00a0den h\u00f6chsten Standards in Genauigkeit und Funktionalit\u00e4t entspricht.<\/p>\n<h3>CNC-Fr\u00e4s Teile<\/h3>\n<p>Unser\u00a0<strong>CNC-Fr\u00e4sdienstleistungen<\/strong>\u00a0sind darauf ausgelegt, das gesamte Spektrum der Bauteilkomplexit\u00e4t abzudecken. Wir nutzen eine vielseitige Flotte von\u00a0<strong>3-Achs-, 4-Achs- und 5-Achs-Maschinen<\/strong>\u00a0um Teile mit komplexen Geometrien und herausfordernden Merkmalen zu bearbeiten.<\/p>\n<ul>\n<li><strong>3-Achs-Fr\u00e4sen:<\/strong>\u00a0Ideal f\u00fcr planare Merkmale, Bohren und Nuten.<\/li>\n<li><strong>5-Achs-CNC-Bearbeitung:<\/strong>\u00a0Unentbehrlich f\u00fcr komplexe Konturen und mehrseitige Teile, sodass wir komplexe Geometrien in einer einzigen Einrichtung bearbeiten k\u00f6nnen, um die Pr\u00e4zision zu maximieren.<\/li>\n<\/ul>\n<h3>CNC gedrehte Teile<\/h3>\n<p>F\u00fcr zylindrische Komponenten liefern unsere Drehmaschinenf\u00e4higkeiten \u00fcberlegene Ergebnisse. Wir produzieren hochwertige\u00a0<strong>CNC-Drehteile<\/strong>, einschlie\u00dflich Wellen, Stifte, Buchsen und Fittings. Unsere Drehzentren gew\u00e4hrleisten au\u00dfergew\u00f6hnliche Rundlaufgenauigkeit und Oberfl\u00e4chenqualit\u00e4t, sodass jedes rotierende Bauteil zuverl\u00e4ssig in Ihrer Baugruppe funktioniert.<\/p>\n<h3>Schnellprototyping vs. Produktion<\/h3>\n<p>Wir bieten echte Fertigungsflexibilit\u00e4t, um Ihren Produktentwicklungszyklus zu unterst\u00fctzen. Ob Sie\u00a0<strong>schnelle Prototyping-Services<\/strong>\u00a0f\u00fcr eine einzelne Designvalidierungseinheit ben\u00f6tigen oder\u00a0<strong>Kleinserienproduktion<\/strong>\u00a0l\u00e4uft, um die L\u00fccke zur Massenproduktion zu schlie\u00dfen, unser Arbeitsablauf passt sich Ihren Bed\u00fcrfnissen an. Wir liefern\u00a0<strong>kundenspezifische CNC-Komponenten<\/strong>\u00a0mit gleichbleibender Qualit\u00e4t, sodass Sie von einem einzelnen Prototyp bis zur Serienproduktion skalieren k\u00f6nnen, ohne Kompromisse bei Toleranzen oder Materialeigenschaften einzugehen.<\/p>\n<h2>Materialoptionen f\u00fcr Ihr CNC-Bearbeitungsteil<\/h2>\n<p><img decoding=\"async\" src=\"https:\/\/haoyumaterial.com\/wp-content\/uploads\/2026\/02\/CNC_Machining_Part_Material_Options_Overview_fB5oh.webp\" alt=\"\u00dcberblick \u00fcber Materialoptionen f\u00fcr CNC-Bearbeitungsteile\" \/><\/p>\n<p>Die Auswahl des richtigen Rohmaterials ist entscheidend f\u00fcr die Leistung und Langlebigkeit Ihres\u00a0<strong>CNC-Bearbeitungsteil<\/strong>. Wir bieten eine umfassende Auswahl an Materialien, von Standard-Engineering-Metallen bis hin zu schwer zu bearbeitenden Superlegierungen und technischen Keramiken, um die spezifischen Anforderungen von Branchen wie Luft- und Raumfahrt, Medizin und Automobil zu erf\u00fcllen.<\/p>\n<h3>Ingenieurmetalle<\/h3>\n<p>Wir sind auf die Verarbeitung hochfester Metalle spezialisiert, die enge Toleranzen erfordern. Unsere Anlage verarbeitet routinem\u00e4\u00dfig\u00a0<strong>aluminium bearbeitete Teile<\/strong>\u00a0und andere Standardlegierungen f\u00fcr Prototypen und Serienfertigung.<\/p>\n<ul>\n<li><strong>Aluminium:<\/strong>\u00a0Leicht und vielseitig, ideal f\u00fcr Luft- und Raumfahrt sowie Industriekomponenten.<\/li>\n<li><strong>Edelstahl:<\/strong>\u00a0Bietet hervorragenden Korrosionsschutz f\u00fcr medizinische und lebensmittelgeeignete Anwendungen.<\/li>\n<li><strong>Titanlegierungen:<\/strong>\u00a0Hoher Festigkeits-Gewichts-Verh\u00e4ltnis f\u00fcr kritische Luft- und Raumfahrtstrukturen.<\/li>\n<li><strong>Kupfer &amp; Messing:<\/strong>\u00a0\u00dcberlegene Leitf\u00e4higkeit f\u00fcr elektrische Komponenten. Wir bieten sogar spezialisierte\u00a0<a href=\"https:\/\/haoyumaterial.com\/de\/produkt\/copper-nickel-alloy-brake-line-machining-service\/\">Kupfer-Nickel-Legierung Bremsleitungsbearbeitungsdienste<\/a>\u00a0f\u00fcr Automobilanwendungen, die hohe Haltbarkeit erfordern.<\/li>\n<\/ul>\n<h3>Industrielle Kunststoffe<\/h3>\n<p>F\u00fcr leichte, nicht leitf\u00e4hige oder geringfriktionale Anforderungen fr\u00e4sen wir eine Vielzahl von technischen Kunststoffen. Diese Materialien sind perfekt f\u00fcr Isolatoren, Buchsen und komplexe Geh\u00e4use.<\/p>\n<ul>\n<li><strong>POM (Delrin) &amp; Nylon:<\/strong>\u00a0Hervorragende Bearbeitbarkeit und Verschlei\u00dffestigkeit.<\/li>\n<li><strong>PEEK:<\/strong>\u00a0Hochleistungs-Thermoplast f\u00fcr extreme thermische und chemische Umgebungen.<\/li>\n<li><strong>ABS &amp; Polycarbonat:<\/strong>\u00a0Sto\u00dffeste Optionen, die h\u00e4ufig in Prototypen und Konsumg\u00fctern verwendet werden.<\/li>\n<\/ul>\n<h3>Exotische Legierungen &amp; Keramiken<\/h3>\n<p>Unsere Expertise geht \u00fcber Standardmetalle hinaus. Wir sind ausgestattet, um herzustellen\u00a0<strong>kundenspezifische CNC-Komponenten<\/strong>\u00a0aus fortschrittlichen Materialien, die viele Werkst\u00e4tten ablehnen, ein Angebot zu machen. Dazu geh\u00f6ren Hochleistungs-\u00a0<strong>Nickellegierungen<\/strong>,\u00a0<strong>Kobalt-Chrom-Molybd\u00e4n<\/strong>, und dichte\u00a0<strong>Wolframlegierungen<\/strong>. Zus\u00e4tzlich verarbeiten wir technische Keramiken wie\u00a0<strong>Zirkonoxid<\/strong>,\u00a0<strong>Aluminiumoxid<\/strong>, und\u00a0<strong>Siliziumkarbid<\/strong>\u00a0f\u00fcr Anwendungen, die extreme Hitze- und Verschlei\u00dffestigkeit erfordern.<\/p>\n<div class=\"table-responsive\">\n<table class=\"table\">\n<thead>\n<tr>\n<th>Materialkategorie<\/th>\n<th>H\u00e4ufige Beispiele<\/th>\n<th>Wichtige Eigenschaften<\/th>\n<\/tr>\n<\/thead>\n<tbody>\n<tr>\n<td><strong>Standardmetalle<\/strong><\/td>\n<td>\u00a0 \u00a0 \u00a0 \u00a0 \u00a0 \u00a0 \u00a0 \u00a0 \u00a0 \u00a0 \u00a0Aluminium, Edelstahl, Werkzeugstahl<\/td>\n<td>\u00a0 \u00a0 \u00a0 \u00a0 \u00a0 \u00a0 \u00a0 \u00a0 \u00a0 \u00a0 \u00a0 \u00a0 \u00a0 \u00a0 \u00a0 \u00a0 \u00a0 Vielseitig, hohe Festigkeit, weit verbreitet.<\/td>\n<\/tr>\n<tr>\n<td><strong>Hochleistungslegierungen<\/strong><\/td>\n<td>\u00a0 \u00a0 \u00a0 \u00a0 \u00a0 \u00a0 \u00a0 \u00a0 \u00a0 \u00a0 \u00a0Nickellegierungen, Titan, Cobalt-Chrom<\/td>\n<td>\u00a0 \u00a0 \u00a0 \u00a0 \u00a0 \u00a0 \u00a0 \u00a0 \u00a0 \u00a0 \u00a0 \u00a0 \u00a0 \u00a0 \u00a0 \u00a0 Hitzebest\u00e4ndig, biokompatibel, luftfahrttauglich.<\/td>\n<\/tr>\n<tr>\n<td><strong>Technische Keramik<\/strong><\/td>\n<td>\u00a0 \u00a0 \u00a0 \u00a0 \u00a0 \u00a0 \u00a0 \u00a0 \u00a0 \u00a0 \u00a0Zirkon, Siliziumnitrid, Borcarbid<\/td>\n<td>\u00a0 \u00a0 \u00a0 \u00a0 \u00a0 \u00a0 \u00a0 \u00a0 \u00a0 \u00a0 \u00a0 \u00a0 \u00a0 \u00a0Extreme H\u00e4rte, thermische Stabilit\u00e4t, Verschlei\u00dffestigkeit.<\/td>\n<\/tr>\n<\/tbody>\n<\/table>\n<\/div>\n<h2>Veredelungsoptionen f\u00fcr Ihr CNC-gefertigtes Teil<\/h2>\n<p><img loading=\"lazy\" decoding=\"async\" class=\"alignnone  wp-image-1722\" src=\"https:\/\/haoyumaterial.com\/wp-content\/uploads\/2026\/02\/aluminium-grade-for-casting-300x225.jpg\" alt=\"\" width=\"661\" height=\"496\" srcset=\"https:\/\/haoyumaterial.com\/wp-content\/uploads\/2026\/02\/aluminium-grade-for-casting-300x225.jpg 300w, https:\/\/haoyumaterial.com\/wp-content\/uploads\/2026\/02\/aluminium-grade-for-casting-1024x768.jpg 1024w, https:\/\/haoyumaterial.com\/wp-content\/uploads\/2026\/02\/aluminium-grade-for-casting-768x576.jpg 768w, https:\/\/haoyumaterial.com\/wp-content\/uploads\/2026\/02\/aluminium-grade-for-casting-16x12.jpg 16w, https:\/\/haoyumaterial.com\/wp-content\/uploads\/2026\/02\/aluminium-grade-for-casting-600x450.jpg 600w, https:\/\/haoyumaterial.com\/wp-content\/uploads\/2026\/02\/aluminium-grade-for-casting.jpg 1440w\" sizes=\"auto, (max-width: 661px) 100vw, 661px\" \/><\/p>\n<p>Die Geometrie richtig zu bekommen ist nur die H\u00e4lfte der Schlacht. Die Oberfl\u00e4chenbearbeitung eines\u00a0<strong>CNC-Bearbeitungsteil<\/strong>\u00a0bestimmt seine Korrosionsbest\u00e4ndigkeit, \u00e4sthetische Anziehungskraft und mechanische Funktion. Wir bieten ein umfassendes Spektrum an Nachbearbeitungsdiensten, um sicherzustellen, dass Ihre Komponenten sofort nach der Lieferung einsatzbereit sind.<\/p>\n<h3>Standard-Oberfl\u00e4chenfinishs<\/h3>\n<ul>\n<li><strong>Maschinell bearbeitet:<\/strong>\u00a0Die kosteng\u00fcnstigste Option. Teile werden mit sichtbaren Werkzeugspuren geliefert, behalten jedoch die engsten m\u00f6glichen Toleranzen bei. Ideal f\u00fcr interne Komponenten, bei denen das Aussehen keine Rolle spielt.<\/li>\n<li><strong>Sandstrahlen:<\/strong>\u00a0Wir spr\u00fchen Glasperlen unter hohem Druck, um Bearbeitungsspuren zu entfernen, was zu einer gleichm\u00e4\u00dfigen, nicht reflektierenden matten Textur f\u00fchrt. Dies ist eine Standardwahl f\u00fcr visuelle Teile, die ein sauberes Erscheinungsbild ohne hohen Glanz ben\u00f6tigen.<\/li>\n<\/ul>\n<h3>Chemische &amp; Schutzbeschichtungen<\/h3>\n<ul>\n<li><strong>Anodisieren (Typ II &amp; III):<\/strong>\u00a0Wichtig f\u00fcr Aluminiumteile. Typ II f\u00fcgt Farbe und Korrosionsbest\u00e4ndigkeit hinzu, w\u00e4hrend Typ III (Hartbeschichtung) eine verschlei\u00dffeste, keramische Oberfl\u00e4che schafft.<\/li>\n<li><strong>Passivierung:<\/strong>\u00a0Ein Muss f\u00fcr Edelstahl. Dieser Prozess entfernt freies Eisen von der Oberfl\u00e4che, um die Korrosionsbest\u00e4ndigkeit erheblich zu verbessern.<\/li>\n<li><strong>Alodine (Chemische Beschichtung):<\/strong>\u00a0Sch\u00fctzt Aluminium vor Korrosion, w\u00e4hrend die elektrische Leitf\u00e4higkeit erhalten bleibt, und wird h\u00e4ufig als Grundierung f\u00fcr Lackierungen verwendet.<\/li>\n<\/ul>\n<h3>\u00c4sthetische &amp; Funktionale Verbesserungen<\/h3>\n<ul>\n<li><strong>Pulverbeschichtung &amp; Lackierung:<\/strong>\u00a0Wir verwenden langlebige, hochwertige Farben f\u00fcr Markenbildung oder Umweltschutz.<\/li>\n<li><strong>Lasergravur:<\/strong>\u00a0Dauerhafte Markierung f\u00fcr Logos, Seriennummern oder Teilekennung.<\/li>\n<li><strong>H\u00e4rtung &amp; Beschichtung:<\/strong>\u00a0Von H\u00e4rten von Werkzeugst\u00e4hlen bis hin zu Galvanisieren (Zink, Nickel, Chrom) passen wir die Materialeigenschaften an Ihre technischen Anforderungen an.<\/li>\n<\/ul>\n<p>F\u00fcr zylindrische Komponenten, die spezielle Oberfl\u00e4chenbehandlungen ben\u00f6tigen, unsere\u00a0<a href=\"https:\/\/haoyumaterial.com\/de\/cnc-turning-guide-2026-process-materials-and-service-selection\/\">CNC-Drehanleitung<\/a>\u00a0Deckt ab, wie die Materialauswahl die Oberfl\u00e4chenbehandlung und die Leistung des Endteils beeinflusst.<\/p>\n<h2>Warum Haoyu Material f\u00fcr Ihre kritischen Teile vertrauen?<\/h2>\n<p><img loading=\"lazy\" decoding=\"async\" class=\"alignnone  wp-image-1723\" src=\"https:\/\/haoyumaterial.com\/wp-content\/uploads\/2026\/02\/cnc-machined-part-300x263.png\" alt=\"\" width=\"532\" height=\"466\" srcset=\"https:\/\/haoyumaterial.com\/wp-content\/uploads\/2026\/02\/cnc-machined-part-300x263.png 300w, https:\/\/haoyumaterial.com\/wp-content\/uploads\/2026\/02\/cnc-machined-part-14x12.png 14w, https:\/\/haoyumaterial.com\/wp-content\/uploads\/2026\/02\/cnc-machined-part-600x526.png 600w, https:\/\/haoyumaterial.com\/wp-content\/uploads\/2026\/02\/cnc-machined-part.png 676w\" sizes=\"auto, (max-width: 532px) 100vw, 532px\" \/><\/p>\n<p>Einen Partner zu finden, der liefern kann,\u00a0<strong>CNC-Bearbeitungsteil<\/strong>\u00a0nach genauen Spezifikationen ist entscheidend f\u00fcr Ihre Lieferkette. Wir behandeln jedes Projekt als mission-critical und stellen sicher, dass Ihre Komponenten genau wie geplant funktionieren, ohne Kompromisse.<\/p>\n<ul>\n<li><strong>Strenge Qualit\u00e4tskontrolle:<\/strong>\u00a0Wir eliminieren R\u00e4tselraten aus der Gleichung. Jeder\u00a0<strong>pr\u00e4zise bearbeitete Teil<\/strong>\u00a0wird mit fortschrittlichen CMM-Pr\u00fcfwerkzeugen gr\u00fcndlich \u00fcberpr\u00fcft. Wir stellen detaillierte Erstmustervalidierungsberichte (FAI) bereit, die Ihnen volle Sicherheit geben, dass Ihre Spezifikationen vor Beginn der Serienproduktion erf\u00fcllt sind.<\/li>\n<li><strong>ISO 9001:2015 Zertifiziert:<\/strong>\u00a0Konsistenz ist der Schl\u00fcssel f\u00fcr den deutschen Markt.\u00a0<a href=\"https:\/\/haoyumaterial.com\/de\/8620-steel\/\">8620 Stahl<\/a>, Unsere Anlage arbeitet nach strengen ISO-Standards und stellt sicher, dass unsere Herstellungsprozesse wiederholbar und zuverl\u00e4ssig sind.<\/li>\n<li><strong>Toleranzf\u00e4higkeiten:<\/strong>\u00a0F\u00fcr Branchen wie Luft- und Raumfahrt sowie Medizin z\u00e4hlt \u201cnahe genug\u201d nicht.\u00a0<strong>enge Toleranzbearbeitung zu garantieren<\/strong>, Wir sind spezialisiert auf\u00a0<strong>+\/- 0,005mm zu erreichen<\/strong>. f\u00e4hig, Pr\u00e4zision bis auf.<\/li>\n<\/ul>\n<h2>Branchen, die wir bedienen<\/h2>\n<p><img loading=\"lazy\" decoding=\"async\" class=\"alignnone  wp-image-1724\" src=\"https:\/\/haoyumaterial.com\/wp-content\/uploads\/2026\/02\/metal-casting-part-271x300.png\" alt=\"\" width=\"388\" height=\"430\" srcset=\"https:\/\/haoyumaterial.com\/wp-content\/uploads\/2026\/02\/metal-casting-part-271x300.png 271w, https:\/\/haoyumaterial.com\/wp-content\/uploads\/2026\/02\/metal-casting-part-11x12.png 11w, https:\/\/haoyumaterial.com\/wp-content\/uploads\/2026\/02\/metal-casting-part-600x663.png 600w, https:\/\/haoyumaterial.com\/wp-content\/uploads\/2026\/02\/metal-casting-part.png 673w\" sizes=\"auto, (max-width: 388px) 100vw, 388px\" \/><\/p>\n<p>zu halten. Dieses Ma\u00df an Genauigkeit stellt sicher, dass selbst die komplexesten Geometrien nahtlos in Ihre Endmontage passen.\u00a0<strong>CNC-Bearbeitungsteil<\/strong>\u00a0Bei Haoyu Material fr\u00e4sen wir nicht nur Metall; wir entwickeln L\u00f6sungen f\u00fcr die anspruchsvollsten Branchen.<\/p>\n<h3>Luft- und Raumfahrtkomponenten<\/h3>\n<p>Im Luft- und Raumfahrtbereich ist Pr\u00e4zision unverhandelbar. Wir fertigen flugkritische Komponenten und leichte Tragwerksbauteile, die extremen H\u00f6hen und Temperaturen standhalten sollen.\u00a0<strong>pr\u00e4zise bearbeitete Teil<\/strong>\u00a0Unser Team spezialisiert sich auf die Bearbeitung harter Superlegierungen wie Titan und nickelbasierte Legierungen, um sicherzustellen, dass jedes.<\/p>\n<h3>Medizinische Ger\u00e4te<\/h3>\n<p>strengen Sicherheits- und Leistungsstandards entspricht.\u00a0<strong>kundenspezifische CNC-Komponenten<\/strong>\u00a0Wir unterst\u00fctzen die Medizinbranche mit.<\/p>\n<h3>in lebensrettenden Anwendungen verwendet werden. Von komplexen chirurgischen Instrumenten bis hin zu biokompatiblen Geh\u00e4usen f\u00fcr Ger\u00e4te, wir halten ultra-enge Toleranzen ein. Unser Fertigungsprozess garantiert die \u00fcberlegenen Oberfl\u00e4chenfinishs und die Reinigungsf\u00e4higkeit, die f\u00fcr sterile medizinische Umgebungen unerl\u00e4sslich sind.<\/h3>\n<p>Automobil &amp; Leistung\u00a0<a href=\"https:\/\/haoyumaterial.com\/de\/produkt-kategorie\/copper-alloy\/brass\/\">Messing<\/a>\u00a0Ob f\u00fcr OEM-Produktion oder Hochleistungs-Aftermarket-Upgrade, wir liefern Motorenkomponenten, individuelle Vorrichtungen und spezialisierte Teile. Wir bearbeiten eine Vielzahl von Materialien, von leichten Aluminiumgeh\u00e4usen bis hin zu langlebigen\u00a0<strong>Fittings, und sorgen daf\u00fcr, dass jedes<\/strong>\u00a0Funktioniert reibungslos im Hintergrund.<\/p>\n<h3>Robotik &amp; Automatisierung<\/h3>\n<p>Moderne Automatisierung basiert auf absoluter Genauigkeit. Wir bearbeiten strukturelle Arme, Gelenke und Pr\u00e4zisionszahnr\u00e4der, die die industrielle Robotik reibungslos am Laufen halten. Als ein engagiertes\u00a0<strong>CNC-Fertigungsunternehmen<\/strong>, stellen wir die komplexen Geometrien her, die f\u00fcr fortschrittliche Robotik erforderlich sind, und gew\u00e4hrleisten hohe Wiederholgenauigkeit und Langlebigkeit f\u00fcr Ihre Automatisierungssysteme.<\/p>\n<h2>Holen Sie sich Ihre CNC-gefertigten Teile in 3 Schritten<\/h2>\n<p>Wir haben unseren Fertigungsprozess optimiert, um die Bestellung ma\u00dfgeschneiderter Komponenten einfach und effizient zu gestalten. Ob Sie ein einzelnes komplexes Prototyp oder eine Gro\u00dfproduktion ben\u00f6tigen, wir sorgen daf\u00fcr, dass Ihr\u00a0<strong>CNC-Bearbeitungsteil<\/strong>\u00a0von der Konstruktion zur Realit\u00e4t ohne unn\u00f6tige Verz\u00f6gerungen wird.<\/p>\n<p><strong>1. CAD-Dateien hochladen<\/strong><br \/>\nReichen Sie Ihre 3D-Design-Dateien zur sofortigen \u00dcberpr\u00fcfung bei unserem Team ein. Wir akzeptieren g\u00e4ngige Branchenformate wie STEP, IGES und X_T. Dadurch k\u00f6nnen unsere Ingenieure die Geometrie und Spezifikationen Ihres\u00a0<strong>Teils CNC-Bearbeitung<\/strong>\u00a0Projekts sofort analysieren.<\/p>\n<p><strong>2. Angebot &amp; DFM-Analyse erhalten<\/strong><br \/>\nWir stellen ein detailliertes Angebot zusammen, zusammen mit einer Design for Manufacturing (DFM)-Analyse. Unser Team \u00fcberpr\u00fcft Ihr Design, um die Bearbeitbarkeit und Kosten zu optimieren. Wir unterst\u00fctzen auch bei der Materialauswahl, um sicherzustellen, dass Sie die richtige Legierung w\u00e4hlen\u2014wie spezielle\u00a0<a href=\"https:\/\/haoyumaterial.com\/de\/300-series-stainless-steel-grades-properties-guide\/\">300er Edelstahllegierungen<\/a>\u2014um Ihre Leistungsanforderungen zu erf\u00fcllen.<\/p>\n<p><strong>3. Produktion &amp; Lieferung<\/strong><br \/>\nWenn die Bestellung best\u00e4tigt ist, beginnen wir mit der schnellen Bearbeitung. Jeder\u00a0<strong>Fittings, und sorgen daf\u00fcr, dass jedes<\/strong>\u00a0unterzieht sich einer strengen Qualit\u00e4tskontrolle, um sicherzustellen, dass er Ihren Toleranzen entspricht, bevor er sicher verpackt und weltweit an Ihren Standort versendet wird.<\/p>\n<h2>FAQ zu CNC-Bearbeitungsteilen<\/h2>\n<h3>Was ist die Standardlieferzeit f\u00fcr ein kundenspezifisches CNC-Teil?<\/h3>\n<p>Lieferzeiten variieren je nach Komplexit\u00e4t des Designs und der ben\u00f6tigten Menge. F\u00fcr ein einfaches Prototyp\u00a0<strong>CNC-Bearbeitungsteil<\/strong>, k\u00f6nnen wir oft sehr schnell reagieren, um Ihren Entwicklungszyklus voranzutreiben. Gr\u00f6\u00dfere Produktionsl\u00e4ufe oder Teile, die komplexe Geometrien und spezielle Oberfl\u00e4chen ben\u00f6tigen, dauern nat\u00fcrlich etwas l\u00e4nger. Wir priorisieren eine effiziente Planung, um sicherzustellen, dass Sie Ihre Komponenten genau dann erhalten, wenn Sie sie ben\u00f6tigen, ohne die Pr\u00e4zisionsqualit\u00e4t zu beeintr\u00e4chtigen, f\u00fcr die wir bekannt sind.<\/p>\n<h3>Kann Haoyu Material Maschinenteile aus vom Kunden bereitgestelltem Material herstellen?<\/h3>\n<p>Obwohl wir in bestimmten Szenarien mit vom Kunden bereitgestocktem Material arbeiten k\u00f6nnen, empfehlen wir dringend die Verwendung unserer bezogenen Materialien, um Qualit\u00e4t und Konsistenz zu gew\u00e4hrleisten. Wir f\u00fchren einen umfangreichen Bestand an Hochleistungsmetallen, einschlie\u00dflich verschiedener Sorten\u00a0<a href=\"https:\/\/haoyumaterial.com\/de\/produkt-kategorie\/stainless-steel\/\">Edelstahl<\/a>\u00a0und Legierungen auf Nickelbasis. Die Verwendung unserer gepr\u00fcften Materialien stellt sicher, dass jedes\u00a0<strong>Fittings, und sorgen daf\u00fcr, dass jedes<\/strong>\u00a0strikte Industriestandards erf\u00fcllt und das Risiko von Materialfehlern eliminiert, die das Endprodukt beeintr\u00e4chtigen.<\/p>\n<h3>Was ist der Unterschied zwischen 3-Achsen- und 5-Achsen-Bearbeitung f\u00fcr mein Teil?<\/h3>\n<p>Der Hauptunterschied liegt im Bewegungsumfang und der Komplexit\u00e4t der Geometrie, die wir herstellen k\u00f6nnen. Die 3-Achsen-Bearbeitung ist perfekt f\u00fcr relativ einfache Teile, die nur die Bearbeitung auf ebenen Fl\u00e4chen oder Standardbohrungen erfordern. F\u00fcr ein komplexeres\u00a0<strong>Teils CNC-Bearbeitung<\/strong>\u00a0Projekt mit komplizierten Konturen, Hinterschneidungen oder abgewinkelten Merkmalen ist die 5-Achsen-Bearbeitung die bessere Wahl. Sie erm\u00f6glicht es dem Schneidwerkzeug, sich dem Werkst\u00fcck aus nahezu jeder Richtung zu n\u00e4hern, was eine h\u00f6here Pr\u00e4zision gew\u00e4hrleistet und die Notwendigkeit mehrerer Aufspannungen reduziert.<\/p>\n<h3>Bieten Sie Designunterst\u00fctzung (DFM) f\u00fcr die Bearbeitung von Teilen an?<\/h3>\n<p>Ja, unser Ingenieurteam bietet umfassende Unterst\u00fctzung im Bereich Design for Manufacturability (DFM). Bevor auch nur ein Span abgetrennt wird, \u00fcberpr\u00fcfen wir Ihre CAD-Dateien, um potenzielle Fertigungsherausforderungen oder M\u00f6glichkeiten zur Kostensenkung zu identifizieren. Unser Ziel ist es, Ihr Design f\u00fcr den Bearbeitungsprozess zu optimieren und sicherzustellen, dass Ihr fertiges\u00a0<strong>CNC-Bearbeitungsteil<\/strong>\u00a0nicht nur funktional, sondern auch wirtschaftlich in Serie zu fertigen ist. Wir nutzen unsere F&amp;E-Kapazit\u00e4ten, um ma\u00dfgeschneiderte Beratung zu Toleranzen und Materialauswahl anzubieten.<\/p>","protected":false},"excerpt":{"rendered":"<p>Vastmaterial offers custom cnc machining part solutions with tight tolerances rapid prototyping metal and plastic materials and ISO certified quality. [&hellip;]<\/p>\n","protected":false},"featured_media":1721,"comment_status":"open","ping_status":"closed","template":"","meta":{"site-sidebar-layout":"default","site-content-layout":"","ast-site-content-layout":"default","site-content-style":"default","site-sidebar-style":"default","ast-global-header-display":"","ast-banner-title-visibility":"","ast-main-header-display":"","ast-hfb-above-header-display":"","ast-hfb-below-header-display":"","ast-hfb-mobile-header-display":"","site-post-title":"","ast-breadcrumbs-content":"","ast-featured-img":"","footer-sml-layout":"","ast-disable-related-posts":"","theme-transparent-header-meta":"default","adv-header-id-meta":"","stick-header-meta":"","header-above-stick-meta":"","header-main-stick-meta":"","header-below-stick-meta":"","astra-migrate-meta-layouts":"set","ast-page-background-enabled":"default","ast-page-background-meta":{"desktop":{"background-color":"var(--ast-global-color-5)","background-image":"","background-repeat":"repeat","background-position":"center center","background-size":"auto","background-attachment":"scroll","background-type":"","background-media":"","overlay-type":"","overlay-color":"","overlay-opacity":"","overlay-gradient":""},"tablet":{"background-color":"","background-image":"","background-repeat":"repeat","background-position":"center center","background-size":"auto","background-attachment":"scroll","background-type":"","background-media":"","overlay-type":"","overlay-color":"","overlay-opacity":"","overlay-gradient":""},"mobile":{"background-color":"","background-image":"","background-repeat":"repeat","background-position":"center center","background-size":"auto","background-attachment":"scroll","background-type":"","background-media":"","overlay-type":"","overlay-color":"","overlay-opacity":"","overlay-gradient":""}},"ast-content-background-meta":{"desktop":{"background-color":"var(--ast-global-color-4)","background-image":"","background-repeat":"repeat","background-position":"center center","background-size":"auto","background-attachment":"scroll","background-type":"","background-media":"","overlay-type":"","overlay-color":"","overlay-opacity":"","overlay-gradient":""},"tablet":{"background-color":"var(--ast-global-color-4)","background-image":"","background-repeat":"repeat","background-position":"center center","background-size":"auto","background-attachment":"scroll","background-type":"","background-media":"","overlay-type":"","overlay-color":"","overlay-opacity":"","overlay-gradient":""},"mobile":{"background-color":"var(--ast-global-color-4)","background-image":"","background-repeat":"repeat","background-position":"center center","background-size":"auto","background-attachment":"scroll","background-type":"","background-media":"","overlay-type":"","overlay-color":"","overlay-opacity":"","overlay-gradient":""}}},"product_brand":[],"product_cat":[25,17,21,22,24],"product_tag":[],"class_list":{"0":"post-1720","1":"product","2":"type-product","3":"status-publish","4":"has-post-thumbnail","6":"product_cat-copper-alloy","7":"product_cat-stainless-steel","8":"product_cat-aluminum-alloy","9":"product_cat-high-temperature-alloy","10":"product_cat-titanium-alloy","11":"desktop-align-left","12":"tablet-align-left","13":"mobile-align-left","15":"first","16":"instock","17":"shipping-taxable","18":"product-type-simple"},"_links":{"self":[{"href":"https:\/\/haoyumaterial.com\/de\/wp-json\/wp\/v2\/product\/1720","targetHints":{"allow":["GET"]}}],"collection":[{"href":"https:\/\/haoyumaterial.com\/de\/wp-json\/wp\/v2\/product"}],"about":[{"href":"https:\/\/haoyumaterial.com\/de\/wp-json\/wp\/v2\/types\/product"}],"replies":[{"embeddable":true,"href":"https:\/\/haoyumaterial.com\/de\/wp-json\/wp\/v2\/comments?post=1720"}],"wp:featuredmedia":[{"embeddable":true,"href":"https:\/\/haoyumaterial.com\/de\/wp-json\/wp\/v2\/media\/1721"}],"wp:attachment":[{"href":"https:\/\/haoyumaterial.com\/de\/wp-json\/wp\/v2\/media?parent=1720"}],"wp:term":[{"taxonomy":"product_brand","embeddable":true,"href":"https:\/\/haoyumaterial.com\/de\/wp-json\/wp\/v2\/product_brand?post=1720"},{"taxonomy":"product_cat","embeddable":true,"href":"https:\/\/haoyumaterial.com\/de\/wp-json\/wp\/v2\/product_cat?post=1720"},{"taxonomy":"product_tag","embeddable":true,"href":"https:\/\/haoyumaterial.com\/de\/wp-json\/wp\/v2\/product_tag?post=1720"}],"curies":[{"name":"wp","href":"https:\/\/api.w.org\/{rel}","templated":true}]}}