{"id":1816,"date":"2026-02-18T09:08:57","date_gmt":"2026-02-18T01:08:57","guid":{"rendered":"https:\/\/haoyumaterial.com\/"},"modified":"2026-02-18T09:08:57","modified_gmt":"2026-02-18T01:08:57","slug":"high-precision-casting-services-tight-tolerance-metal-parts","status":"publish","type":"product","link":"https:\/\/haoyumaterial.com\/de\/product\/high-precision-casting-services-tight-tolerance-metal-parts\/","title":{"rendered":"Hochpr\u00e4zise Gie\u00dfdienstleistungen Enge Toleranz Metallteile"},"content":{"rendered":"<p>Hochpr\u00e4zisionsgussdienstleistungen mit engen Toleranzen, fortschrittlichen Legierungen, CNC-Bearbeitung und Oberfl\u00e4chenveredelung f\u00fcr komplexe Industriekomponenten.<\/p>\n<h2>Hochpr\u00e4zisionsguss &amp; kundenspezifische Metallherstellung<\/h2>\n<p>Haben Sie Schwierigkeiten, zuverl\u00e4ssige Metallkomponenten zu beschaffen, die eine strenge Ma\u00dfgenauigkeit erfordern? Wir spezialisieren uns auf\u00a0<strong>Hochpr\u00e4zisionsguss<\/strong>\u00a0und kundenspezifische Metallherstellung, die genau auf Ihre Spezifikationen zugeschnitten ist. Wir fertigen routinem\u00e4\u00dfig\u00a0<strong>komplexe geometrische Metallteile<\/strong>\u00a0mit Mikrometer-genauer Pr\u00e4zision, um sicherzustellen, dass Ihr Endprodukt in der realen Welt einwandfrei funktioniert.<\/p>\n<p>Unsere kundenspezifische Metallgie\u00dferei ist so ausgelegt, dass sie direkt mit Ihrem Projektzeitplan skaliert, und bietet einen nahtlosen \u00dcbergang vom ersten Konzept bis zur endg\u00fcltigen Umsetzung:<\/p>\n<ul>\n<li><strong>Mikron-genaue Genauigkeit:<\/strong>\u00a0Fehlerfreie Ausf\u00fchrung komplexer Designs mit den engsten Ma\u00dftoleranzen.<\/li>\n<li><strong>Schnelles Prototypen-Gie\u00dfen:<\/strong>\u00a0Schnelle, zuverl\u00e4ssige Durchlaufzeiten zum Testen, Validieren und Perfektionieren Ihrer ersten Entw\u00fcrfe.<\/li>\n<li><strong>Massenproduktion:<\/strong>\u00a0Kosteneffiziente und nahtlose Skalierung vom Low-Volume-Proof-of-Concept-Batch bis zu Hochvolumen-Fertigungsserien.<\/li>\n<\/ul>\n<p>H\u00f6ren Sie auf, Kompromisse bei Komponentenqualit\u00e4t und Produktionsvorlaufzeiten einzugehen.\u00a0<strong>Fordern Sie noch heute ein individuelles Angebot an<\/strong>\u00a0um Ihr n\u00e4chstes Projekt zu starten oder erkunden Sie unsere vollst\u00e4ndige Liste der Gie\u00dff\u00e4higkeiten und\u00a0<strong>Pr\u00e4zisions-CNC-Bearbeitungsdienste<\/strong>\u00a0um genau zu sehen, wie wir Ihre Fertigungslieferkette optimieren k\u00f6nnen.<\/p>\n<h2>Was unterscheidet unsere Pr\u00e4zisionsgussverfahren?<\/h2>\n<h3>Synergie aus Formsch\u00f6nheit des Formschmelzverfahrens und Pr\u00e4zisions-CNC-Bearbeitung<\/h3>\n<p>Wir gie\u00dfen nicht nur Metall; wir entwickeln Pr\u00e4zision. Unser Herstellungsprozess integriert die geometrische Freiheit von\u00a0<strong>Formsch\u00f6nheit des Formschmelzverfahrens<\/strong>\u00a0mit den engen Toleranzen von\u00a0<strong>Pr\u00e4zise CNC-Bearbeitungsdienstleistungen<\/strong>. Dieser hybride Ansatz erm\u00f6glicht es uns,\u00a0<strong>komplexe geometrische Metallteile herzustellen<\/strong>\u2014einschlie\u00dflich komplexer interner Kan\u00e4le und d\u00fcnnwandiger Strukturen\u2014die herk\u00f6mmliche Bearbeitungsmethoden oft nur schwer effizient nachahmen k\u00f6nnen.<\/p>\n<h3>Effizienz und Oberfl\u00e4chenqualit\u00e4t<\/h3>\n<p>Durch die Fokussierung auf die Herstellung von nahezu netten Formen minimieren wir den Rohmaterialabfall drastisch und verk\u00fcrzen die Zykluszeiten. Diese Effizienz ist entscheidend, egal ob wir schwere industrielle Komponenten gie\u00dfen oder leichte\u00a0<a href=\"https:\/\/haoyumaterial.com\/de\/produkt-kategorie\/aluminum-alloy\/\">Aluminiumlegierungen<\/a>. Sie erhalten ein funktional vollst\u00e4ndiges Teil direkt aus der Form, das nur minimale Nachbearbeitung erfordert.<\/p>\n<ul>\n<li><strong>Abfallminimierung:<\/strong>\u00a0Nahe-netto-Formgebung reduziert die Menge an Rohmaterial, die entfernt werden muss, und senkt die Gesamtkosten des Projekts.<\/li>\n<li><strong>Hervorragendes Finish:<\/strong>\u00a0Wir erzielen eine hochwertige\u00a0<strong>Gussoberfl\u00e4chenfinish RMS<\/strong>, liefert konstant eine Rauheitsdurchschnitt (Ra) von 3,2-6,3 $mu m$.<\/li>\n<\/ul>\n<h2>Technische Spezifikationen &amp; Toleranzen<\/h2>\n<p>Bei Haoyu behandeln wir Spezifikationen als Anforderungen, nicht als Vorschl\u00e4ge. Als zertifizierter\u00a0<strong>ISO 9001 Gie\u00dfereihersteller<\/strong>, kombinieren wir bew\u00e4hrte Gie\u00dfereitechniken mit moderner Messtechnik, um Zuverl\u00e4ssigkeit zu gew\u00e4hrleisten. Durch die Nutzung\u00a0<a href=\"https:\/\/haoyumaterial.com\/de\/advanced-casting-technology-for-improved-foundry-yield-and-metal-purity\/\">Fortschrittliche Gie\u00dftechnologie<\/a>, behalten wir eine strenge Kontrolle \u00fcber Metallreinheit und Ma\u00dfstabilit\u00e4t, um sicherzustellen, dass Ihre\u00a0<strong>Hochpr\u00e4zisionsguss<\/strong>\u00a0Projekte genau wie vorgesehen funktionieren.<\/p>\n<p>Wir \u00fcberbr\u00fccken die Kluft zwischen Guss und Pr\u00e4zisionsfertigung durch die folgenden F\u00e4higkeiten:<\/p>\n<ul>\n<li><strong>Vielseitige Methoden:<\/strong>\u00a0Wir sind spezialisiert auf das\u00a0<strong>Feingussverfahren<\/strong>\u00a0(Verlorene Wachs), neben Druck- und Vakuumguss f\u00fcr spezielle Legierungen, die eine sauberere Schmelze erfordern.<\/li>\n<li><strong>Extrem pr\u00e4zise:<\/strong>\u00a0Wir erreichen Standard-Guss-Toleranzen nach ISO 8062 CT4-CT6. F\u00fcr kritische Passfl\u00e4chen, die\u00a0<strong>Enge Toleranz Metallteile<\/strong>, unsere hauseigenen CNC-Bearbeitungen erh\u00f6hen die Genauigkeit auf $pm 0,005$mm.<\/li>\n<li><strong>Oberfl\u00e4chenexzellenz:<\/strong>\u00a0Unsere Standardoberfl\u00e4chen reichen von Ra 3,2 bis 6,3 $mu m$. Wir bieten auch Elektropolieren und Spiegelpolieren an, um spezifische\u00a0<strong>Gussoberfl\u00e4chenfinish RMS<\/strong>\u00a0Anforderungen f\u00fcr medizinische oder luft- und raumfahrttechnische Anwendungen zu erf\u00fcllen.<\/li>\n<\/ul>\n<h3>F\u00e4higkeits\u00fcbersicht<\/h3>\n<div class=\"table-responsive\">\n<table class=\"table\">\n<thead>\n<tr>\n<th>Merkmal<\/th>\n<th>Spezifikation<\/th>\n<\/tr>\n<\/thead>\n<tbody>\n<tr>\n<td><strong>Gie\u00dfprozesse<\/strong><\/td>\n<td>\u00a0 \u00a0 \u00a0Investition (Verlorene Wachsmethode), Vakuum, Druck<\/td>\n<\/tr>\n<tr>\n<td><strong>Abmessungstoleranz<\/strong><\/td>\n<td>\u00a0 \u00a0 \u00a0 \u00a0 \u00a0 \u00a0ISO 8062 CT4-CT6 (Rohguss)<\/td>\n<\/tr>\n<tr>\n<td><strong>CNC-Pr\u00e4zision<\/strong><\/td>\n<td>\u00a0 \u00a0 \u00a0 \u00a0 \u00a0 \u00a0 \u00a0Bis zu $pm 0,005$mm<\/td>\n<\/tr>\n<tr>\n<td><strong>Teilegewichtsspanne<\/strong><\/td>\n<td>\u00a0 \u00a0 \u00a0 \u00a0 \u00a0 \u00a0 0,005 kg bis 150 kg<\/td>\n<\/tr>\n<tr>\n<td><strong>Mindestwandst\u00e4rke<\/strong><\/td>\n<td>\u00a0 \u00a0 \u00a0 \u00a0 \u00a0 \u00a01,0 mm (Materialabh\u00e4ngig)<\/td>\n<\/tr>\n<tr>\n<td><strong>Oberfl\u00e4chenrauheit<\/strong><\/td>\n<td>\u00a0 \u00a0 \u00a0 \u00a0Ra 3,2 \u2013 6,3 $mu m$ (Standard)<\/td>\n<\/tr>\n<\/tbody>\n<\/table>\n<\/div>\n<h2>Hochleistungslegierungsguss<\/h2>\n<p><img loading=\"lazy\" decoding=\"async\" class=\"alignnone  wp-image-1818\" src=\"https:\/\/haoyumaterial.com\/wp-content\/uploads\/2026\/02\/high-precision-casting-225x300.png\" alt=\"\" width=\"344\" height=\"459\" srcset=\"https:\/\/haoyumaterial.com\/wp-content\/uploads\/2026\/02\/high-precision-casting-225x300.png 225w, https:\/\/haoyumaterial.com\/wp-content\/uploads\/2026\/02\/high-precision-casting-9x12.png 9w, https:\/\/haoyumaterial.com\/wp-content\/uploads\/2026\/02\/high-precision-casting.png 433w\" sizes=\"auto, (max-width: 344px) 100vw, 344px\" \/><\/p>\n<p>Lieferung zuverl\u00e4ssiger Teile durch\u00a0<strong>Hochpr\u00e4zisionsguss<\/strong>\u00a0bedeutet, mit dem genau richtigen Metall zu beginnen. Wir bringen tiefgehendes Materialwissen in Ihr Projekt ein, um strenge thermische und chemische Stabilit\u00e4t zu garantieren, insbesondere f\u00fcr Komponenten, die in rauen Umgebungen betrieben werden.<\/p>\n<p>Ob Ihre US-basierte Fertigungslinie \u00fcberlegenen Korrosionsschutz oder hohe Zugfestigkeit bei extremer Hitze erfordert, wir gie\u00dfen die pr\u00e4zise Legierung, die die Aufgabe verlangt.<\/p>\n<h3>Materialf\u00e4higkeiten<\/h3>\n<ul>\n<li><strong>Edelstahl &amp; Duplexstahl:<\/strong>\u00a0Zuverl\u00e4ssig\u00a0<strong>Edelstahldetailguss<\/strong>\u00a0in Qualit\u00e4ten wie 304, 316L und 2205 f\u00fcr hervorragende Haltbarkeit und Korrosionsbest\u00e4ndigkeit.<\/li>\n<li><strong>Superlegierungen &amp; Hochtemperaturmaterialien:<\/strong>\u00a0Schwerlast\u00a0<a href=\"https:\/\/haoyumaterial.com\/de\/material-classification-and-product-applications-of-superalloys\/\">Superlegierungsguss<\/a>\u00a0unter Verwendung von Metallen wie Inconel und Hastelloy, um die strukturelle Integrit\u00e4t bei intensiver Hitze und Belastung zu erhalten.<\/li>\n<li><strong>Nicht-Eisenlegierungen:<\/strong>\u00a0Vielseitige, leichte und leitf\u00e4hige Optionen, einschlie\u00dflich Titan, Kupfer und hochpr\u00e4zise Toleranzen\u00a0<a href=\"https:\/\/haoyumaterial.com\/de\/produkt\/aluminum-die-casting-services-high-precision-oem-manufacturer-aluminum-die-casting-services-with-200t3500t-machines-tight-tolerances-multiple-alloys-cnc-machining-and-finishing-for-oem-industries\/\">Aluminium-Druckgussdienstleistungen<\/a>.<\/li>\n<li><strong>Spezialmaterialien:<\/strong>\u00a0Fortschrittliche Metalle wie Chrom, Kobalt, Molybd\u00e4n f\u00fcr strenge medizinische, Luft- und Raumfahrt sowie hochverschlei\u00dfende Industrieanwendungen.<\/li>\n<\/ul>\n<h2>Vom Design bis zum fertigen Teil: Unser Prozess<\/h2>\n<p>Wir \u00fcbernehmen die volle Verantwortung f\u00fcr Ihr Projekt und begleiten es vom digitalen Konzept bis zum einsatzfertigen Bauteil. Durch die fr\u00fchzeitige Integration\u00a0<strong>Formsch\u00f6nheit des Formschmelzverfahrens<\/strong>\u00a0von Prinzipien optimieren wir die Fertigung, um Zeit und Geld zu sparen. Wir steuern jede Variable, damit das Endprodukt genau Ihren Druckspezifikationen entspricht.<\/p>\n<p>So verwandeln wir komplexe Technik in Realit\u00e4t:<\/p>\n<ul>\n<li><strong>F&amp;E und Werkzeugbau:<\/strong>\u00a0Wir raten nicht nur; wir simulieren. Mit fortschrittlicher CAD- und Str\u00f6mungssimulationssoftware analysieren wir Erstarrungsmuster, um Werkzeuge zu entwerfen, die Porosit\u00e4t und Schrumpfung verhindern, noch bevor wir Metall gie\u00dfen.<\/li>\n<li><strong>Wachsinjektion &amp; Schalenherstellung:<\/strong>\u00a0Konsistenz ist entscheidend in der\u00a0<strong>Feingussverfahren<\/strong>. Wir verwenden automatisierte Wachsinjektion, um pr\u00e4zise Repliken zu erstellen, gefolgt vom Bau hochfestiger Keramikschalen, die die endg\u00fcltige Oberfl\u00e4chenbeschaffenheit definieren.<\/li>\n<li><strong>Sekund\u00e4roperationen:<\/strong>\u00a0Sobald das Metall abk\u00fchlt, verfeinern wir das Teil. Dieser Schritt umfasst Schneiden, Schleifen und die Nutzung unserer\u00a0<a href=\"https:\/\/haoyumaterial.com\/de\/services\/\">umfassenden Bearbeitungsdienste<\/a>\u00a0um Toleranzen von bis zu $pm 0,005$mm zu erreichen.\u00a0<strong>Pr\u00e4zise CNC-Bearbeitungsdienstleistungen<\/strong>.<\/li>\n<li><strong>Qualit\u00e4tskontrolle:<\/strong>\u00a0Wir \u00fcberpr\u00fcfen jede Spezifikation. Mit CMM f\u00fcr die Ma\u00dfgenauigkeit, Spektrometern f\u00fcr die chemische Analyse und NDT-Methoden stellen wir sicher, dass jedes St\u00fcck die strengen Standards eines Top-Qualit\u00e4tsprodukts erf\u00fcllt.\u00a0<strong>ISO 9001 Gie\u00dfereihersteller<\/strong>.<\/li>\n<\/ul>\n<h2>Vertraut von kritischen Industrien<\/h2>\n<p><img loading=\"lazy\" decoding=\"async\" class=\"alignnone  wp-image-1819\" src=\"https:\/\/haoyumaterial.com\/wp-content\/uploads\/2026\/02\/8620-Alloy-steel-300x300.jpg\" alt=\"\" width=\"355\" height=\"355\" srcset=\"https:\/\/haoyumaterial.com\/wp-content\/uploads\/2026\/02\/8620-Alloy-steel-300x300.jpg 300w, https:\/\/haoyumaterial.com\/wp-content\/uploads\/2026\/02\/8620-Alloy-steel-150x150.jpg 150w, https:\/\/haoyumaterial.com\/wp-content\/uploads\/2026\/02\/8620-Alloy-steel-768x768.jpg 768w, https:\/\/haoyumaterial.com\/wp-content\/uploads\/2026\/02\/8620-Alloy-steel-12x12.jpg 12w, https:\/\/haoyumaterial.com\/wp-content\/uploads\/2026\/02\/8620-Alloy-steel-600x600.jpg 600w, https:\/\/haoyumaterial.com\/wp-content\/uploads\/2026\/02\/8620-Alloy-steel-100x100.jpg 100w, https:\/\/haoyumaterial.com\/wp-content\/uploads\/2026\/02\/8620-Alloy-steel.jpg 900w\" sizes=\"auto, (max-width: 355px) 100vw, 355px\" \/><\/p>\n<p>Wenn Sicherheit und Leistung unverhandelbar sind, liefert unser\u00a0<strong>Hochpr\u00e4zisionsguss<\/strong>\u00a0liefert. Wir gie\u00dfen nicht nur Metall; wir entwickeln L\u00f6sungen f\u00fcr Branchen, in denen Scheitern keine Option ist. Unser Prozess stellt sicher, dass selbst die\u00a0<strong>komplexe geometrische Metallteile<\/strong>\u00a0den strengen Standards der deutschen Hersteller entsprechen.<\/p>\n<ul>\n<li><strong>Luft- und Raumfahrt:<\/strong>\u00a0Wir fertigen flugkritische Komponenten wie Turbinenschaufeln und Strukturelemente.\u00a0<strong>Luft- und Raumfahrtqualit\u00e4t Gie\u00dfen<\/strong>\u00a0erfordert absolute Perfektion, und wir bieten die R\u00fcckverfolgbarkeit und Materialintegrit\u00e4t, die f\u00fcr Hochleistungsleistungen in gro\u00dfer H\u00f6he erforderlich sind.<\/li>\n<li><strong>Energie &amp; Kraft:<\/strong>\u00a0Von der Energieerzeugung bis zur Gewinnung liefern wir langlebige Laufr\u00e4der und Ventilk\u00f6rper. Unsere Komponenten sind so gebaut, dass sie extremen Dr\u00fccken standhalten und zuverl\u00e4ssige L\u00f6sungen f\u00fcr die\u00a0<a href=\"https:\/\/haoyumaterial.com\/de\/industries\/oil-gas\/\">\u00d6l- und Gasindustrie<\/a>.<\/li>\n<li><strong>Automobil:<\/strong>\u00a0Effizienz treibt diese Branche an. Wir produzieren leichte, hochfeste Turboladerkomponenten und -knoten, oft unter Verwendung von\u00a0<a href=\"https:\/\/haoyumaterial.com\/de\/aluminum-casting-manufacturer-for-custom-precision-parts\/\">kundengefertigem Aluminiumguss<\/a>\u00a0um den Kraftstoffverbrauch zu verbessern, ohne die Haltbarkeit zu opfern.<\/li>\n<li><strong>Medizin:<\/strong>\u00a0Pr\u00e4zision ist entscheidend, wenn Leben auf dem Spiel stehen. Wir gie\u00dfen komplexe Implantate und chirurgische Instrumente mit biokompatiblen Materialien, die glatte Oberfl\u00e4chen und exakte Toleranzen gew\u00e4hrleisten.<\/li>\n<\/ul>\n<p>Wir verstehen die einzigartigen regulatorischen und Qualit\u00e4tsherausforderungen in diesen Bereichen. Ob ISO-Standards oder spezifische Materialzertifizierungen, wir passen unsere Produktion an den Puls Ihrer Branche an.<\/p>\n<h2>Der Haoyu-Vorteil in der Pr\u00e4zisionsfertigung<\/h2>\n<p>Wenn Sie\u00a0<strong>Hochpr\u00e4zisionsguss<\/strong>, Sie brauchen mehr als nur einen Anbieter; Sie brauchen einen Partner, der die Eins\u00e4tze versteht. Wir kombinieren fortschrittliche Technologie mit praktischer Expertise, um Ergebnisse zu liefern, die Ihre Produktionslinie am Laufen halten.<\/p>\n<h3>Integriertes Produktionsmanagement<\/h3>\n<p>Wir haben unseren gesamten Betrieb optimiert, um unn\u00f6tige Verz\u00f6gerungen zu vermeiden. Indem wir kritische Prozesse intern halten \u2013 vom Anfang\u00a0<strong>Feingussprozess<\/strong>\u00a0bis zur Endbearbeitung \u2013 verk\u00fcrzen wir die Lieferzeiten erheblich. Sie erhalten Ihre Teile schneller, sodass Sie den Marktanforderungen voraus sein k\u00f6nnen, ohne die Qualit\u00e4t zu opfern.<\/p>\n<h3>Anpassung strikt nach Ihren Druckvorlagen<\/h3>\n<p>Wir glauben nicht an \u201cfast genug\u201d. Als\u00a0<strong>ISO 9001 Gie\u00dfereihersteller<\/strong>, verpflichten wir uns zu vollst\u00e4ndiger Anpassung, die strikt Ihren technischen Zeichnungen entspricht. Ob Sie komplexe Luft- und Raumfahrtkomponenten entwickeln oder\u00a0<a href=\"https:\/\/haoyumaterial.com\/de\/valve-castings-manufacturer-custom-oem-valve-bodies\/\">die enge druckdichte Toleranzen erfordern. Das Silicasol-Verfahren sorgt f\u00fcr die glatten inneren Passagen, die f\u00fcr einen effizienten Fluss notwendig sind.<\/a>, wir stellen sicher, dass jedes Merkmal Ihren genauen Spezifikationen entspricht. Unser Team ist versiert im Umgang mit komplexen Geometrien, die andere Werkst\u00e4tten ablehnen k\u00f6nnten.<\/p>\n<h3>Experteningenieurunterst\u00fctzung<\/h3>\n<p>H\u00f6ren Sie auf, Zeit damit zu verschwenden, technische Anforderungen an Vertriebsmitarbeiter zu erkl\u00e4ren. Mit Haoyu haben Sie direkten Zugang zu unseren metallurgischen Ingenieuren.\u00a0<a href=\"https:\/\/haoyumaterial.com\/de\/investment-mould-guide-tooling-costs-materials-lifespan\/\">Wir arbeiten mit Ihnen zusammen, um komplexe Konstruktionsherausforderungen zu l\u00f6sen und Ihre Werkzeugstrategie zu optimieren.<\/a>\u00a0Wenn Sie die Abw\u00e4gungen zwischen Kosten und Haltbarkeit navigieren, kann unser Team Ihnen helfen, die Prinzipien aus unserem\u00a0<strong>Pr\u00e4zisions-CNC-Bearbeitungsdienste<\/strong>\u00a0Investitionsformeinsatzf\u00fchrer.<\/p>\n<h2>auf Ihr spezielles Projekt anzuwenden. Diese Zusammenarbeit stellt sicher, dass Sie das Beste aus unseren<\/h2>\n<p>und Gie\u00dff\u00e4higkeiten herausholen.\u00a0<strong>Hochpr\u00e4zisionsguss<\/strong>\u00a0H\u00e4ufig gestellte Fragen zum Pr\u00e4zisionsguss\u00a0<a href=\"https:\/\/haoyumaterial.com\/de\/faqs\/\">Die Navigation durch die technische Seite der kundenspezifischen Fertigung kann komplex sein. Hier sind klare Antworten auf die h\u00e4ufigsten Fragen, die wir zu unseren<\/a>.<\/p>\n<h3>Unterschied zwischen Investitionsguss und Pr\u00e4zisionsguss<\/h3>\n<p>Obwohl sie oft austauschbar verwendet werden, gibt es einen technischen Unterschied.\u00a0<strong>Pr\u00e4zisionsguss<\/strong>\u00a0ist der umfassendere Begriff f\u00fcr jeden Gie\u00dfprozess, der enge Toleranzen, geringe Oberfl\u00e4chenrauheit und nahezu fertige Formen liefert.<\/p>\n<ul>\n<li><strong>Die Kategorie:<\/strong>\u00a0Pr\u00e4zisionsguss umfasst verschiedene Methoden wie Gipsform, Keramikform und Wachsausschmelzverfahren.<\/li>\n<li><strong>Der Prozess:<\/strong>\u00a0Das\u00a0<strong>Feingussverfahren<\/strong>\u00a0(Wachsausschmelzverfahren) ist der beliebteste\u00a0<em>Typ<\/em>\u00a0der Pr\u00e4zisionsguss.<\/li>\n<li><strong>Urteil:<\/strong>\u00a0Alle Investitionsg\u00fcsse sind Pr\u00e4zisionsg\u00fcsse, aber nicht alle Pr\u00e4zisionsg\u00fcsse sind Investitionsg\u00fcsse.<\/li>\n<\/ul>\n<h3>Mindestbestellmengen (MOQ):<\/h3>\n<p>Wir verstehen, dass die Projektanforderungen von F&amp;E bis zur vollst\u00e4ndigen Markteinf\u00fchrung variieren. Wir setzen keine restriktiven Mindestmengen f\u00fcr Gro\u00dfserien fest.<\/p>\n<ul>\n<li><strong>Schnelles Prototypen-Gie\u00dfen:<\/strong>\u00a0Wir akzeptieren Einzelst\u00fcckauftr\u00e4ge, um Ihnen bei der Validierung von Designs und Geometrien zu helfen.<\/li>\n<li><strong>Niedrigvolumenproduktion:<\/strong>\u00a0Ideal f\u00fcr spezialisierte Industrieanlagen oder Markttests.<\/li>\n<li><strong>Massenproduktion:<\/strong>\u00a0Skalierbare automatisierte Linien f\u00fcr Gro\u00dfauftr\u00e4ge mit optimierten St\u00fcckkosten.<\/li>\n<\/ul>\n<h3>Verf\u00fcgbarkeit von W\u00e4rmebehandlungsdiensten<\/h3>\n<p>Gie\u00dfen ist oft nur der Anfang. Um sicherzustellen, dass Ihre Teile strenge mechanische Anforderungen erf\u00fcllen, bieten wir vollst\u00e4ndige W\u00e4rmebehandlungsdienste nach dem Gie\u00dfen an. Dies ist entscheidend, um die Leistung von Spezialmaterialien wie\u00a0<a href=\"https:\/\/haoyumaterial.com\/de\/cobalt-alloy-casting\/\">Kobaltlegierungsteile<\/a>\u00a0oder aus precipitationgeh\u00e4rteten Edelstahlst\u00e4hlen zu maximieren.<\/p>\n<div class=\"table-responsive\">\n<table class=\"table\">\n<thead>\n<tr>\n<th>Behandlungstyp<\/th>\n<th>Hauptvorteil<\/th>\n<\/tr>\n<\/thead>\n<tbody>\n<tr>\n<td><strong>L\u00f6sungsgl\u00fchen<\/strong><\/td>\n<td>Wiederherstellung der Korrosionsbest\u00e4ndigkeit und Duktilit\u00e4t nach dem Gie\u00dfen.<\/td>\n<\/tr>\n<tr>\n<td><strong>Abschrecken &amp; Anlassen<\/strong><\/td>\n<td>Erh\u00f6ht H\u00e4rte und Streckgrenze.<\/td>\n<\/tr>\n<tr>\n<td><strong>Alterung (Ausf\u00e4llungsh\u00e4rtung)<\/strong><\/td>\n<td>Maximiert die Festigkeit in Superlegierungen und speziellen Sorten.<\/td>\n<\/tr>\n<\/tbody>\n<\/table>\n<\/div>","protected":false},"excerpt":{"rendered":"<p>High precision casting services with tight tolerances advanced alloys CNC machining and surface finishing for complex industrial parts. High Precision [&hellip;]<\/p>\n","protected":false},"featured_media":1817,"comment_status":"open","ping_status":"closed","template":"","meta":{"site-sidebar-layout":"default","site-content-layout":"","ast-site-content-layout":"default","site-content-style":"default","site-sidebar-style":"default","ast-global-header-display":"","ast-banner-title-visibility":"","ast-main-header-display":"","ast-hfb-above-header-display":"","ast-hfb-below-header-display":"","ast-hfb-mobile-header-display":"","site-post-title":"","ast-breadcrumbs-content":"","ast-featured-img":"","footer-sml-layout":"","ast-disable-related-posts":"","theme-transparent-header-meta":"default","adv-header-id-meta":"","stick-header-meta":"","header-above-stick-meta":"","header-main-stick-meta":"","header-below-stick-meta":"","astra-migrate-meta-layouts":"set","ast-page-background-enabled":"default","ast-page-background-meta":{"desktop":{"background-color":"var(--ast-global-color-5)","background-image":"","background-repeat":"repeat","background-position":"center center","background-size":"auto","background-attachment":"scroll","background-type":"","background-media":"","overlay-type":"","overlay-color":"","overlay-opacity":"","overlay-gradient":""},"tablet":{"background-color":"","background-image":"","background-repeat":"repeat","background-position":"center center","background-size":"auto","background-attachment":"scroll","background-type":"","background-media":"","overlay-type":"","overlay-color":"","overlay-opacity":"","overlay-gradient":""},"mobile":{"background-color":"","background-image":"","background-repeat":"repeat","background-position":"center center","background-size":"auto","background-attachment":"scroll","background-type":"","background-media":"","overlay-type":"","overlay-color":"","overlay-opacity":"","overlay-gradient":""}},"ast-content-background-meta":{"desktop":{"background-color":"var(--ast-global-color-4)","background-image":"","background-repeat":"repeat","background-position":"center center","background-size":"auto","background-attachment":"scroll","background-type":"","background-media":"","overlay-type":"","overlay-color":"","overlay-opacity":"","overlay-gradient":""},"tablet":{"background-color":"var(--ast-global-color-4)","background-image":"","background-repeat":"repeat","background-position":"center center","background-size":"auto","background-attachment":"scroll","background-type":"","background-media":"","overlay-type":"","overlay-color":"","overlay-opacity":"","overlay-gradient":""},"mobile":{"background-color":"var(--ast-global-color-4)","background-image":"","background-repeat":"repeat","background-position":"center center","background-size":"auto","background-attachment":"scroll","background-type":"","background-media":"","overlay-type":"","overlay-color":"","overlay-opacity":"","overlay-gradient":""}}},"product_brand":[],"product_cat":[17,21,25,22,24],"product_tag":[617],"class_list":{"0":"post-1816","1":"product","2":"type-product","3":"status-publish","4":"has-post-thumbnail","6":"product_cat-stainless-steel","7":"product_cat-aluminum-alloy","8":"product_cat-copper-alloy","9":"product_cat-high-temperature-alloy","10":"product_cat-titanium-alloy","11":"product_tag-high-precision-casting","12":"desktop-align-left","13":"tablet-align-left","14":"mobile-align-left","16":"first","17":"instock","18":"shipping-taxable","19":"product-type-simple"},"_links":{"self":[{"href":"https:\/\/haoyumaterial.com\/de\/wp-json\/wp\/v2\/product\/1816","targetHints":{"allow":["GET"]}}],"collection":[{"href":"https:\/\/haoyumaterial.com\/de\/wp-json\/wp\/v2\/product"}],"about":[{"href":"https:\/\/haoyumaterial.com\/de\/wp-json\/wp\/v2\/types\/product"}],"replies":[{"embeddable":true,"href":"https:\/\/haoyumaterial.com\/de\/wp-json\/wp\/v2\/comments?post=1816"}],"wp:featuredmedia":[{"embeddable":true,"href":"https:\/\/haoyumaterial.com\/de\/wp-json\/wp\/v2\/media\/1817"}],"wp:attachment":[{"href":"https:\/\/haoyumaterial.com\/de\/wp-json\/wp\/v2\/media?parent=1816"}],"wp:term":[{"taxonomy":"product_brand","embeddable":true,"href":"https:\/\/haoyumaterial.com\/de\/wp-json\/wp\/v2\/product_brand?post=1816"},{"taxonomy":"product_cat","embeddable":true,"href":"https:\/\/haoyumaterial.com\/de\/wp-json\/wp\/v2\/product_cat?post=1816"},{"taxonomy":"product_tag","embeddable":true,"href":"https:\/\/haoyumaterial.com\/de\/wp-json\/wp\/v2\/product_tag?post=1816"}],"curies":[{"name":"wp","href":"https:\/\/api.w.org\/{rel}","templated":true}]}}