{"id":1848,"date":"2026-02-21T21:10:01","date_gmt":"2026-02-21T13:10:01","guid":{"rendered":"https:\/\/haoyumaterial.com\/"},"modified":"2026-02-21T21:13:03","modified_gmt":"2026-02-21T13:13:03","slug":"how-is-titanium-made-titanium-mill-products-by-haoyumaterial","status":"publish","type":"product","link":"https:\/\/haoyumaterial.com\/de\/product\/how-is-titanium-made-titanium-mill-products-by-haoyumaterial\/","title":{"rendered":"Wie wird Titan hergestellt Titanstahlprodukte von haoyumaterial"},"content":{"rendered":"<p><span style=\"font-size: 1.7em; font-weight: bold;\">Wie wird Titan hergestellt: Der Titanherstellungsprozess<\/span><\/p>\n<div class=\"post-single\">\n<div class=\"post-content\">\n<div class=\"woocommerce\">\n<div class=\"single-product\" data-product-page-preselected-id=\"0\">\n<div id=\"product-28544\" class=\"product type-product post-28544 status-draft first instock product_cat-uncategorized has-post-thumbnail shipping-taxable product-type-simple\">\n<div class=\"woocommerce-tabs wc-tabs-wrapper\">\n<div id=\"tab-description\" class=\"woocommerce-Tabs-panel woocommerce-Tabs-panel--description panel entry-content wc-tab\" role=\"tabpanel\" aria-labelledby=\"tab-title-description\">\n<p>Wenn es um die Herstellung kritischer Luft- und Raumfahrt-, Medizin- oder Industrieteile geht, ist es wichtig zu verstehen\u00a0<strong>wie Titan hergestellt wird<\/strong>\u00a0gibt Ihnen absolute Sicherheit in der Grundintegrit\u00e4t des Materials. Die Umwandlung von Roherz in ein hochleistungsf\u00e4higes Metall ist ein streng kontrollierter, mehrstufiger metallurgischer Arbeitsablauf. So verwandeln wir Rohstoffe in hochwertige Industrieg\u00fcter.<\/p>\n<h3>Ilmenit- und Rutilerzverarbeitung<\/h3>\n<p>Die Grundlage jedes hochwertigen Titanprodukts beginnt mit der Rohstoffgewinnung. Wir beginnen mit der Beschaffung von hochwertigen titanhaltigen Mineralien, wobei wir uns haupts\u00e4chlich auf\u00a0<strong>Ilmenit und Rutil konzentrieren<\/strong>. Durch eine Reihe von anf\u00e4nglichen Aufbereitungs- und Veredelungsschritten isolieren wir das Titaniumdioxid aus der umgebenden Erde und schaffen eine reine Basis f\u00fcr die chemische Umwandlung.<\/p>\n<h3>Kroll-Prozess Titan: Produktion von Titantschwamm<\/h3>\n<p>Im Gegensatz zu Stahl kann Titan aufgrund seiner extremen Reaktivit\u00e4t mit Sauerstoff bei hohen Temperaturen nicht traditionell geschmolzen werden. Stattdessen verlassen wir uns auf den\u00a0<strong>Kroll-Prozess<\/strong>\u00a0um das Metall sicher zu gewinnen:<\/p>\n<ul>\n<li><strong>Chlorierungsphase:<\/strong>\u00a0Wir reagieren das gereinigte Titaniumdioxid mit Chlorgas und Kohlenstoff unter extremen Temperaturen, um Titantetrachlorid zu erzeugen.<br \/>\n$TiO_2+2C+2Cl_2\u2192 TiCl_4+2CO$<\/li>\n<li><strong>Reduktionsphase:<\/strong>\u00a0Um Kontamination zu vermeiden, bringen wir das Titantetrachlorid in einen versiegelten Reaktor, der mit inertem Argongas gef\u00fcllt ist. Hier wird Magnesium eingef\u00fchrt, um das Chlor zu entfernen, wodurch eine hochpor\u00f6se, reine metallische Form entsteht, die als\u00a0<strong>Titanschwamm<\/strong>.<br \/>\n$TiCl_4+2Mg\u2192 Ti+2MgCl_2<\/li>\n<\/ul>\n<h3>Vakuum-Arc-Remelting (VAR) Titan<\/h3>\n<p>Da roher Titanschwamm por\u00f6s ist und die strukturelle Integrit\u00e4t fehlt, muss er durch\u00a0<strong>Titanbarren-Gie\u00dfen<\/strong>.<\/p>\n<ul>\n<li><strong>Elektrodenpressen:<\/strong>\u00a0Wir zerkleinern den reinen Titanschwamm und pressen ihn hydraulisch zu gro\u00dfen, verbrauchbaren Elektroden.<\/li>\n<li><strong>Legieren:<\/strong>\u00a0Wenn wir spezielle hochfeste Sorten herstellen, mischen wir hier kritische Legierungselemente wie Aluminium oder Vanadium bei.<\/li>\n<li><strong>VAR-Verarbeitung:<\/strong>\u00a0Die Elektroden werden in einem\u00a0<strong>Vakuum-Lichtbogen-Umschmelzofen (VAR)<\/strong>\u00a0geschmolzen. Die Vakuumumgebung garantiert null atmosph\u00e4rische Verunreinigung und ergibt einen dichten, vollkommen gleichm\u00e4\u00dfigen Titanblock.<\/li>\n<\/ul>\n<h3>Fr\u00e4sen, Schmieden und Formen<\/h3>\n<p>Um die Gussbarren in brauchbare industrielle Formate umzuwandeln, initiieren wir eine rigorose thermo-mechanische Verarbeitung.\u00a0<strong>durch pr\u00e4zise Steuerung der Temperatur, setzen wir die Barren aus<\/strong>. Warmumformung, Walzen und Extrusion.<\/p>\n<h2>Diese kritische Formgebungsphase formt das Metall nicht nur zu handels\u00fcblichen Profilen, sondern richtet auch die innere Kornstruktur aus und verfeinert sie, um die endg\u00fcltigen Titanstangen, -platten und -rohre zu liefern, die f\u00fcr Ihre anspruchsvollsten Anwendungen erforderlich sind.<\/h2>\n<h2><span style=\"font-size: 16px;\">Warum der Titanherstellungsprozess wichtig ist <\/span><strong style=\"font-size: 16px;\">wie Titan hergestellt wird<\/strong><span style=\"font-size: 16px;\">, Wenn mich Leute fragen\u00a0<\/span><em style=\"font-size: 16px;\">, weise ich immer darauf hin, dass die<\/em><span style=\"font-size: 16px;\">\u00a0wie genau das garantiert, dass das Metall bei der Arbeit nicht versagt. Bei haoyumaterial wissen wir, dass jeder einzelne Schritt des\u00a0<\/span><strong style=\"font-size: 16px;\">Titaniumherstellungsprozess<\/strong><span style=\"font-size: 16px;\">\u00a0bestimmt die endg\u00fcltige Leistung Ihrer Teile.<\/span><\/h2>\n<\/div>\n<div id=\"tab-description\" class=\"woocommerce-Tabs-panel woocommerce-Tabs-panel--description panel entry-content wc-tab\" role=\"tabpanel\" aria-labelledby=\"tab-title-description\">\n<p>W\u00e4hrend\u00a0<strong>Titaniumschwammproduktion<\/strong>, verlassen wir uns auf kompromisslose atmosph\u00e4rische Kontrollen. Sauerstoff ist der schlimmste Feind von Titanium in diesem Stadium. Wenn Sauerstoff oder Feuchtigkeit eindringen, wird das Metall spr\u00f6de und praktisch nutzlos. Indem wir die Umgebung vollst\u00e4ndig rein halten, verhindern wir Kontaminationen und bewahren das legend\u00e4re Verh\u00e4ltnis von Festigkeit zu Gewicht des Metalls.<\/p>\n<h3>Der direkte Einfluss auf Ihre Anwendungen<\/h3>\n<p>Beginnend mit einer reinen, kontaminationsfreien Basis steuert direkt, wie das Metall in der realen Welt verh\u00e4lt. Diese hochwertige Qualit\u00e4tskontrolle liefert:<\/p>\n<ul>\n<li><strong>Maximale Erm\u00fcdungslebensdauer:<\/strong>\u00a0H\u00e4lt Ihre strukturellen Komponenten vor Rissen bei schweren, wiederholten Belastungen.<\/li>\n<li><strong>Vollst\u00e4ndige Biokompatibilit\u00e4t:<\/strong>\u00a0Stellt sicher, dass medizinische Implantate im menschlichen K\u00f6rper sicher, ungiftig und stabil bleiben.<\/li>\n<li><strong>Extreme Temperaturbest\u00e4ndigkeit:<\/strong>\u00a0Erm\u00f6glicht es Luft- und Raumfahrtteilen, intensiver Hitze standzuhalten, ohne sich zu verformen oder ihre Integrit\u00e4t zu verlieren.<\/li>\n<\/ul>\n<p>Ob Ihr Projekt Standardblech ben\u00f6tigt oder Sie derzeit die\u00a0<a href=\"https:\/\/haoyumaterial.com\/de\/difference-between-forging-and-casting-expert-guide-by-vastmaterial\/\">Unterschiede zwischen Schmieden und Gie\u00dfen bewerten<\/a>\u00a0f\u00fcr eine hochkomplexe Komponente, beginnt mit reinem Rohmaterial ist unverzichtbar. Als Ihr vertrauensw\u00fcrdiger\u00a0<strong>Lieferant von Titanm\u00fchlenprodukten<\/strong>, wir stellen sicher, dass die Spitzenqualit\u00e4t lange vor dem Erreichen Ihrer Werkshalle gesichert ist.<\/p>\n<h2>Entdecken Sie die Premium-Titanm\u00fchlenprodukte von haoyumaterial<\/h2>\n<p><img decoding=\"async\" src=\"https:\/\/haoyumaterial.com\/wp-content\/uploads\/2026\/02\/Premium_Titanium_Mill_Products_Manufacturing_Proce.webp\" alt=\"Herstellungsprozess f\u00fcr Premium-Titan-M\u00fchlenprodukte\" \/><\/p>\n<p>Als f\u00fchrender Anbieter von Titanm\u00fchlenprodukten und industriellen Titanmetallh\u00e4ndlern in Deutschland bieten wir Materialien, die den h\u00f6chsten Branchenstandards entsprechen. Wenn Sie Optionen f\u00fcr Ihr n\u00e4chstes Projekt pr\u00fcfen, entdecken Sie unsere\u00a0<a href=\"https:\/\/haoyumaterial.com\/de\/titanium-material-guide-properties-grades-applications\/\">umfassende Titanmaterial\u00fcbersicht<\/a>\u00a0um sicherzustellen, dass Sie die genauen Spezifikationen an Ihre Anwendungsbed\u00fcrfnisse anpassen.<\/p>\n<p>Hier ist eine \u00dcbersicht unseres Kernbestands:<\/p>\n<ul>\n<li><strong>Kaufen Sie Titanlegierungsbleche &amp; Platten:<\/strong>\u00a0In einer Vielzahl von Dicken und Standard-US-Gr\u00f6\u00dfen erh\u00e4ltlich. Diese sind die erste Wahl f\u00fcr anspruchsvolle Luft- und Raumfahrtstrukturen sowie schwere chemische Verarbeitungsausr\u00fcstung.<\/li>\n<li><strong>Titanstange und Block:<\/strong>\u00a0Wir f\u00fchren zuverl\u00e4ssige runde, quadratische und sechseckige St\u00e4be. Sie bieten eine hervorragende Bearbeitbarkeit und sind daher sehr gefragt f\u00fcr die Herstellung pr\u00e4ziser medizinischer Implantate und hochbelasteter mechanischer Teile.<\/li>\n<li><strong>Nahtlose Titanrohre &amp; -leitungen:<\/strong>\u00a0Wir bieten sowohl nahtlose als auch geschwei\u00dfte Varianten, die f\u00fcr Hochdruck- und korrosive Systeme ausgelegt sind. Diese sind unerl\u00e4sslich f\u00fcr den Bau langlebiger W\u00e4rmetauscher und robuster Offshore-Infrastruktur.<\/li>\n<li><strong>Ma\u00dfgeschneiderte Titanpressungen &amp; Draht:<\/strong>\u00a0Wenn Standardgr\u00f6\u00dfen nicht ausreichen, liefern wir ma\u00dfgeschneiderte L\u00f6sungen. Wir fertigen kundenspezifische Pressungen und spezialisierten Draht genau nach Ihren technischen Zeichnungen.<\/li>\n<\/ul>\n<h2>Titanlegierungen hergestellt nach ASTM- &amp; AMS-Standards<\/h2>\n<p><img loading=\"lazy\" decoding=\"async\" class=\"alignnone wp-image-1830\" src=\"https:\/\/haoyumaterial.com\/wp-content\/uploads\/2026\/02\/titanium-1-269x300.jpg\" alt=\"\" width=\"420\" height=\"468\" srcset=\"https:\/\/haoyumaterial.com\/wp-content\/uploads\/2026\/02\/titanium-1-269x300.jpg 269w, https:\/\/haoyumaterial.com\/wp-content\/uploads\/2026\/02\/titanium-1-917x1024.jpg 917w, https:\/\/haoyumaterial.com\/wp-content\/uploads\/2026\/02\/titanium-1-768x858.jpg 768w, https:\/\/haoyumaterial.com\/wp-content\/uploads\/2026\/02\/titanium-1-11x12.jpg 11w, https:\/\/haoyumaterial.com\/wp-content\/uploads\/2026\/02\/titanium-1-600x670.jpg 600w, https:\/\/haoyumaterial.com\/wp-content\/uploads\/2026\/02\/titanium-1.jpg 1080w\" sizes=\"auto, (max-width: 420px) 100vw, 420px\" \/><\/p>\n<p>Wenn Sie sich ansehen, wie Titan hergestellt wird, besteht der letzte Schritt darin, die genaue Chemie f\u00fcr spezifische industrielle Bed\u00fcrfnisse einzustellen.\u00a0<a href=\"https:\/\/haoyumaterial.com\/de\/precision-metal-casting-guide-for-engineers-and-oem-buyers\/\">Bei haoyumaterial produzieren wir Materialien streng nach ASTM- und AMS-Standards.<\/a>, Egal, ob Sie Titan-Werkstoffe beziehen oder andere Herstellungsverfahren in unserem.<\/p>\n<h3>Pr\u00e4zisionsmetallgussf\u00fchrer f\u00fcr Ingenieure und OEM-K\u00e4ufer<\/h3>\n<p><strong>erreichen, ist die richtige Metallqualit\u00e4t alles.<\/strong>\u00a0Rein (CP) Titan.<\/p>\n<ul>\n<li><strong>Kommerziell reines (CP) Titan<\/strong>\u00a0legt gro\u00dfen Wert auf maximale Korrosionsbest\u00e4ndigkeit und einfache Formbarkeit.<\/li>\n<li><strong>Klasse 3 und 4:<\/strong>\u00a0Diese Klassen bieten h\u00f6here Festigkeit bei gleichzeitig zuverl\u00e4ssigen rostfreien Eigenschaften, die Sie von unlegiertem Titan erwarten.<\/li>\n<\/ul>\n<h3>Hochfeste Titanlegierungen<\/h3>\n<p>Wenn die Arbeit extreme Zugfestigkeit oder strenge medizinische Vorgaben erfordert, mischen wir Titan mit anderen Elementen.<\/p>\n<ul>\n<li><strong>Ti-6Al-4V Klasse 5 Titan:<\/strong>\u00a0Der unbestrittene Schwergewichtschampion unter den Titanlegierungen. Es vereint Festigkeit, Z\u00e4higkeit und Gewicht, weshalb K\u00e4ufer auf uns als ihren\u00a0<strong>Luft- und Raumfahrt-Qualit\u00e4tstitanlieferanten vertrauen<\/strong>.<\/li>\n<li><strong>Klasse 7:<\/strong>\u00a0Wir f\u00fcgen hier eine kleine Menge Palladium hinzu, um ein Metall zu schaffen, das den h\u00e4rtesten, aggressivsten chemischen Umgebungen standh\u00e4lt.<\/li>\n<li><strong>Grad 23 (ELI):<\/strong>\u00a0Steht f\u00fcr Extra Niedrige Interstitiell. Es ist eine h\u00f6herreine Version von Grad 5, entwickelt f\u00fcr die ultimative Erm\u00fcdungslebensdauer in medizinischen Implantaten und kritischen Luft- und Raumfahrtkomponenten.<\/li>\n<\/ul>\n<h2>Warum Partner mit haoyumaterial als Ihrem Titanlieferanten werden?<\/h2>\n<p><img loading=\"lazy\" decoding=\"async\" class=\"alignnone wp-image-1828\" src=\"https:\/\/haoyumaterial.com\/wp-content\/uploads\/2026\/02\/Titanium-Alloy-Centrifugal-Pump-1-300x225.jpg\" alt=\"\" width=\"361\" height=\"271\" srcset=\"https:\/\/haoyumaterial.com\/wp-content\/uploads\/2026\/02\/Titanium-Alloy-Centrifugal-Pump-1-300x225.jpg 300w, https:\/\/haoyumaterial.com\/wp-content\/uploads\/2026\/02\/Titanium-Alloy-Centrifugal-Pump-1-1024x768.jpg 1024w, https:\/\/haoyumaterial.com\/wp-content\/uploads\/2026\/02\/Titanium-Alloy-Centrifugal-Pump-1-768x576.jpg 768w, https:\/\/haoyumaterial.com\/wp-content\/uploads\/2026\/02\/Titanium-Alloy-Centrifugal-Pump-1-16x12.jpg 16w, https:\/\/haoyumaterial.com\/wp-content\/uploads\/2026\/02\/Titanium-Alloy-Centrifugal-Pump-1-600x450.jpg 600w, https:\/\/haoyumaterial.com\/wp-content\/uploads\/2026\/02\/Titanium-Alloy-Centrifugal-Pump-1.jpg 1440w\" sizes=\"auto, (max-width: 361px) 100vw, 361px\" \/><\/p>\n<p>Verstehen\u00a0<strong>wie Titan hergestellt wird<\/strong>\u00a0ist nur der erste Schritt; es zuverl\u00e4ssig zu beschaffen, ist das, was Ihre Produktionslinien am Laufen h\u00e4lt. Wenn Sie einen vertrauensw\u00fcrdigen\u00a0<strong>industriellen Titanmetallh\u00e4ndler ben\u00f6tigen<\/strong>, brauchen Sie einen Partner, der kompromisslose Qualit\u00e4t und Geschwindigkeit garantiert. Bei haoyumaterial k\u00fcmmern wir uns um die Komplexit\u00e4ten der Lieferkette, damit Sie sich auf die Herstellung konzentrieren k\u00f6nnen.<\/p>\n<p>Hier ist, was wir als Ihr direkter\u00a0<strong>Lieferant von Titanm\u00fchlenprodukten<\/strong>:<\/p>\n<ul>\n<li><strong>Strenges ISO- &amp; ASTM-Qualit\u00e4tskontrolle:<\/strong>\u00a0Wir f\u00fchren strenge Tests bei jeder Charge durch. Sie erhalten vollst\u00e4ndig zertifizierte Metalle, die die genauen Compliance-Standards f\u00fcr Luft- und Raumfahrt, Medizin und Industrie erf\u00fcllen.<\/li>\n<li><strong>Wettbewerbsf\u00e4hige Mill-Direct-Preise:<\/strong>\u00a0\u00dcberspringen Sie die hohen Margen der Zwischenh\u00e4ndler. Wir nutzen unsere direkte Beschaffung, um Ihnen hochwertige Materialien zu einem Preis anzubieten, der die Rentabilit\u00e4t Ihres Projekts sch\u00fctzt.<\/li>\n<li><strong>Ma\u00dfgeschneiderte Zuschnitt-Services:<\/strong>\u00a0Wir liefern Materialien, die genau auf Ihre Baupl\u00e4ne abgestimmt sind. Dies minimiert Ihre interne Bearbeitungszeit und reduziert teuren Materialabfall erheblich.<\/li>\n<li><strong>Schnelle Lieferzeiten:<\/strong>\u00a0Zeit ist Geld in der Fertigung. Unsere optimierte globale Vertriebslogistik stellt sicher, dass Ihr Titan genau dann bei Ihnen eintrifft, wenn Sie ihn ben\u00f6tigen, und verhindert teure Terminverz\u00f6gerungen.<\/li>\n<\/ul>\n<h2>H\u00e4ufig gestellte Fragen (FAQs)<\/h2>\n<h3>Wie lange dauert der Herstellungsprozess von Titan?<\/h3>\n<p>Der Zeitrahmen von der Rohstoffgewinnung bis zu einem fertigen Walzprodukt erstreckt sich typischerweise\u00a0<strong>\u00fcber mehrere Wochen bis einige Monate.<\/strong>. Der Kroll-Prozess allein erfordert mehrere Tage kontinuierliche Chargenverarbeitung, um den rohen Titanschwamm herzustellen. Nach der Gewinnung f\u00fcgen die Schritte des Vakuum-Arc-Remelting, Schmiedens, Fr\u00e4sens und strengen Qualit\u00e4tstests erheblichen Zeitaufwand hinzu, bevor das Metall f\u00fcr die Verteilung bereit ist.<\/p>\n<h3>Warum ist die Herstellung von Titan teurer als Stahl?<\/h3>\n<p>Wenn Menschen fragen\u00a0<strong>wie Titan hergestellt wird<\/strong>, erkennen sie schnell, wie energieintensiv das\u00a0<strong>Titaniumherstellungsprozess<\/strong>\u00a0eigentlich ist. Im Gegensatz zur Herstellung von Standardstahlqualit\u00e4ten oder speziellen Legierungen wie\u00a0<a href=\"https:\/\/haoyumaterial.com\/de\/8620-steel\/\">8620 Stahl<\/a>, das Extrahieren und Veredeln von Titan erfordert extreme Hitze, teures Magnesium und streng kontrollierte Argon-Gas-Umgebungen, um Sauerstoffkontamination zu verhindern. Zus\u00e4tzlich macht die enorme Festigkeit von Titan es \u00e4u\u00dferst hart f\u00fcr Schneidwerkzeuge, was die Kosten f\u00fcr nachgelagerte Bearbeitung und Oberfl\u00e4chenbehandlung erh\u00f6ht.<\/p>\n<h3>Kann Haoyumaterial Titan liefern, der DFARS-konform ist?<\/h3>\n<p>Ja, das k\u00f6nnen wir absolut. Als vertrauensw\u00fcrdiger\u00a0<strong>Luft- und Raumfahrt-Qualit\u00e4tstitanlieferanten vertrauen<\/strong>\u00a0und\u00a0<strong>industriellen Titanmetallh\u00e4ndler ben\u00f6tigen<\/strong>, wir verstehen die strengen Anforderungen an die Lieferkette bei Verteidigungs- und Regierungsauftr\u00e4gen in Deutschland. Wir liefern vollst\u00e4ndig r\u00fcckverfolgbare, DFARS-konforme Titanprodukte, die direkt aus qualifizierten L\u00e4ndern bezogen werden, um sicherzustellen, dass Ihre Fertigungsprozesse alle bundesstaatlichen Vorschriften erf\u00fcllen.<\/p>\n<\/div>\n<\/div>\n<\/div>\n<\/div>\n<\/div>\n<\/div>\n<div class=\"post-footer\">\n<div class=\"post-tags\">\n<div class=\"article-categories\"><\/div>\n<\/div>\n<\/div>\n<\/div>\n<nav class=\"post-navigation thw-sept\">\n<div class=\"row no-gutters\">\n<div class=\"col-12 col-md-6\">\n<div class=\"post-previous\"><\/div>\n<\/div>\n<\/div>\n<\/nav>","protected":false},"excerpt":{"rendered":"<p>How is Titanium Made: The Titanium Manufacturing Process When engineering critical aerospace, medical, or industrial components, understanding exactly\u00a0how is titanium [&hellip;]<\/p>\n","protected":false},"featured_media":1849,"comment_status":"open","ping_status":"closed","template":"","meta":{"site-sidebar-layout":"default","site-content-layout":"","ast-site-content-layout":"default","site-content-style":"default","site-sidebar-style":"default","ast-global-header-display":"","ast-banner-title-visibility":"","ast-main-header-display":"","ast-hfb-above-header-display":"","ast-hfb-below-header-display":"","ast-hfb-mobile-header-display":"","site-post-title":"","ast-breadcrumbs-content":"","ast-featured-img":"","footer-sml-layout":"","ast-disable-related-posts":"","theme-transparent-header-meta":"default","adv-header-id-meta":"","stick-header-meta":"","header-above-stick-meta":"","header-main-stick-meta":"","header-below-stick-meta":"","astra-migrate-meta-layouts":"set","ast-page-background-enabled":"default","ast-page-background-meta":{"desktop":{"background-color":"var(--ast-global-color-5)","background-image":"","background-repeat":"repeat","background-position":"center center","background-size":"auto","background-attachment":"scroll","background-type":"","background-media":"","overlay-type":"","overlay-color":"","overlay-opacity":"","overlay-gradient":""},"tablet":{"background-color":"","background-image":"","background-repeat":"repeat","background-position":"center center","background-size":"auto","background-attachment":"scroll","background-type":"","background-media":"","overlay-type":"","overlay-color":"","overlay-opacity":"","overlay-gradient":""},"mobile":{"background-color":"","background-image":"","background-repeat":"repeat","background-position":"center center","background-size":"auto","background-attachment":"scroll","background-type":"","background-media":"","overlay-type":"","overlay-color":"","overlay-opacity":"","overlay-gradient":""}},"ast-content-background-meta":{"desktop":{"background-color":"var(--ast-global-color-4)","background-image":"","background-repeat":"repeat","background-position":"center center","background-size":"auto","background-attachment":"scroll","background-type":"","background-media":"","overlay-type":"","overlay-color":"","overlay-opacity":"","overlay-gradient":""},"tablet":{"background-color":"var(--ast-global-color-4)","background-image":"","background-repeat":"repeat","background-position":"center center","background-size":"auto","background-attachment":"scroll","background-type":"","background-media":"","overlay-type":"","overlay-color":"","overlay-opacity":"","overlay-gradient":""},"mobile":{"background-color":"var(--ast-global-color-4)","background-image":"","background-repeat":"repeat","background-position":"center center","background-size":"auto","background-attachment":"scroll","background-type":"","background-media":"","overlay-type":"","overlay-color":"","overlay-opacity":"","overlay-gradient":""}}},"product_brand":[],"product_cat":[24],"product_tag":[],"class_list":{"0":"post-1848","1":"product","2":"type-product","3":"status-publish","4":"has-post-thumbnail","6":"product_cat-titanium-alloy","7":"desktop-align-left","8":"tablet-align-left","9":"mobile-align-left","11":"first","12":"instock","13":"shipping-taxable","14":"product-type-simple"},"_links":{"self":[{"href":"https:\/\/haoyumaterial.com\/de\/wp-json\/wp\/v2\/product\/1848","targetHints":{"allow":["GET"]}}],"collection":[{"href":"https:\/\/haoyumaterial.com\/de\/wp-json\/wp\/v2\/product"}],"about":[{"href":"https:\/\/haoyumaterial.com\/de\/wp-json\/wp\/v2\/types\/product"}],"replies":[{"embeddable":true,"href":"https:\/\/haoyumaterial.com\/de\/wp-json\/wp\/v2\/comments?post=1848"}],"wp:featuredmedia":[{"embeddable":true,"href":"https:\/\/haoyumaterial.com\/de\/wp-json\/wp\/v2\/media\/1849"}],"wp:attachment":[{"href":"https:\/\/haoyumaterial.com\/de\/wp-json\/wp\/v2\/media?parent=1848"}],"wp:term":[{"taxonomy":"product_brand","embeddable":true,"href":"https:\/\/haoyumaterial.com\/de\/wp-json\/wp\/v2\/product_brand?post=1848"},{"taxonomy":"product_cat","embeddable":true,"href":"https:\/\/haoyumaterial.com\/de\/wp-json\/wp\/v2\/product_cat?post=1848"},{"taxonomy":"product_tag","embeddable":true,"href":"https:\/\/haoyumaterial.com\/de\/wp-json\/wp\/v2\/product_tag?post=1848"}],"curies":[{"name":"wp","href":"https:\/\/api.w.org\/{rel}","templated":true}]}}