{"id":1880,"date":"2026-02-24T08:30:16","date_gmt":"2026-02-24T00:30:16","guid":{"rendered":"https:\/\/haoyumaterial.com\/?post_type=product&#038;p=1880"},"modified":"2026-02-24T08:30:17","modified_gmt":"2026-02-24T00:30:17","slug":"cnc-bronze-machining-services-precision-custom-bronze-parts","status":"publish","type":"product","link":"https:\/\/haoyumaterial.com\/de\/product\/cnc-bronze-machining-services-precision-custom-bronze-parts\/","title":{"rendered":"CNC-Bronzebearbeitungsservices Pr\u00e4zisions-Bronzeteile nach Ma\u00df"},"content":{"rendered":"<p>Kundenspezifische CNC-Bronzebearbeitungsservices f\u00fcr Pr\u00e4zisionskomponenten aus Aluminiumbronze, Lagerbronze und Phosphorbronze.<\/p>\n<h2>Premium CNC-Bronze-F\u00e4higkeiten bei Vastmaterial<\/h2>\n<p>Einen Fertigungspartner zu finden, der die Nuancen der\u00a0<strong>CNC-Bronze<\/strong>\u00a0Bearbeitung wirklich versteht, kann eine Herausforderung sein. Bronzelegierungen sind zwar langlebig und leitf\u00e4hig, erfordern aber spezielle Werkzeugstrategien, um die Oberfl\u00e4chenintegrit\u00e4t und Ma\u00dfgenauigkeit zu erhalten. Bei Vastmaterial nutzen wir modernste Technologie, um\u00a0<strong>Pr\u00e4zisions-Bronzekomponenten<\/strong>\u00a0anzubieten, die den hohen Anforderungen der Luft- und Raumfahrt, der Schifffahrt und industrieller Anwendungen entsprechen.<\/p>\n<p>Wir schneiden nicht nur Metall; wir entwickeln L\u00f6sungen. Unsere Anlage ist ausgestattet, um komplexe Geometrien und Gro\u00dfserien mit gleichbleibender Genauigkeit zu bew\u00e4ltigen.\u00a0<strong>Brass CNC<\/strong>\u00a0Teile, unsere fortschrittliche Bearbeitungsinfrastruktur stellt sicher, dass Ihre Spezifikationen jedes Mal erf\u00fcllt werden.<\/p>\n<h3>Fortschrittliche Fr\u00e4s- und Drehservices<\/h3>\n<p>Unsere Werkstatt ist auf Flexibilit\u00e4t und Pr\u00e4zision optimiert und nutzt eine Reihe von Mehr-Achs-Konfigurationen, um selbst die komplexesten Designs zu bew\u00e4ltigen:<\/p>\n<ul>\n<li><strong>3-Achs-, 4-Achs- und 5-Achs-Fr\u00e4sen:<\/strong>\u00a0Wir verwenden fortschrittliche\u00a0<strong>CNC-gefr\u00e4ste Bronze-Teile<\/strong>\u00a0F\u00e4higkeiten zur Herstellung komplexer Formen mit weniger R\u00fcstvorg\u00e4ngen, was eine bessere Kongruenz und schnellere Durchlaufzeiten gew\u00e4hrleistet.<\/li>\n<li><strong>Pr\u00e4zisions-CNC-Drehen:<\/strong>\u00a0Unsere Drehzentren sind perfekt f\u00fcr zylindrische Komponenten, spezialisiert auf Verschlei\u00dfteile wie\u00a0<strong>kundenspezifische Bronzebuchsen<\/strong>, Lager und Wellen.<\/li>\n<li><strong>Enge Toleranzstandards:<\/strong>\u00a0Wir verstehen, dass in Hochleistungsindustrien N\u00e4he nicht ausreicht. Wir erreichen\u00a0<strong>hochpr\u00e4zise Toleranzf\u00e4higkeiten bis zu +\/- 0,005 mm<\/strong>, damit Ihre Teile direkt einsatzbereit perfekt in Ihre Montage passen.<\/li>\n<\/ul>\n<p>Durch die Kombination\u00a0<strong>CNC-Bearbeitung von Bronze<\/strong>\u00a0Fachwissen mit strenger Qualit\u00e4tskontrolle eliminieren wir die Risiken im Zusammenhang mit Materialverformung und Werkzeugverschlei\u00df, und liefern \u00fcberlegene Oberfl\u00e4chenfinishs und mechanische Zuverl\u00e4ssigkeit.<\/p>\n<h2>H\u00e4ufige Bronzelegierungen f\u00fcr CNC-Bearbeitung<\/h2>\n<p><img loading=\"lazy\" decoding=\"async\" class=\"\" src=\"https:\/\/haoyumaterial.com\/wp-content\/uploads\/2026\/02\/CNC_Bronze_Alloys_for_Strength_and_Corrosion_bEqxm.webp\" alt=\"CNC-Bronze-Legierungen f\u00fcr St\u00e4rke und Korrosionsbest\u00e4ndigkeit\" width=\"704\" height=\"490\" \/><\/p>\n<p>Bei Vastmaterial verstehen wir, dass die Auswahl der richtigen Materialqualit\u00e4t entscheidend f\u00fcr die Leistung Ihrer\u00a0<strong>CNC-Bronze<\/strong>\u00a0Komponenten ist. Wir arbeiten mit einer Vielzahl von Kupferlegierungen, um spezifische mechanische Anforderungen zu erf\u00fcllen, von Hochlast-Industrieumgebungen bis hin zu maritimen Anwendungen. Unsere Anlage ist ausgestattet, um die einzigartigen Bearbeitbarkeitseigenschaften dieser unterschiedlichen Legierungen zu bew\u00e4ltigen.<\/p>\n<p>Hier sind die prim\u00e4ren Legierungen, die wir verwenden, f\u00fcr\u00a0<strong>Pr\u00e4zisions-Bronzekomponenten<\/strong>:<\/p>\n<ul>\n<li><strong>Aluminiumbronze (C95400):<\/strong>\u00a0Bekannt f\u00fcr seine au\u00dfergew\u00f6hnliche Zugfestigkeit und Verschlei\u00dffestigkeit.\u00a0<strong>Aluminiumbronze-Bearbeitung<\/strong>\u00a0ist ideal f\u00fcr schwere Teile wie Schneckenr\u00e4der und Verschlei\u00dfplatten, die hohen Belastungen und Korrosion standhalten m\u00fcssen.<\/li>\n<li><strong>Gleitlagerbronze (C93200 \/ SAE 660):<\/strong>\u00a0Dies ist der Industriestandard f\u00fcr Lager- und Lageranwendungen f\u00fcr den allgemeinen Gebrauch. Wir bearbeiten h\u00e4ufig\u00a0<strong>C93200 Lagerbronze<\/strong>\u00a0(auch bekannt als\u00a0<strong>SAE 660 Messing<\/strong>aufgrund seiner \u00fcberlegenen Anti-Reibungseigenschaften und hervorragenden Bearbeitbarkeit, die eine lange Lebensdauer der beweglichen Teile gew\u00e4hrleistet.<\/li>\n<li><strong>Phosphorbronze (C51000 \/ C54400):<\/strong>\u00a0Wenn Ihr Projekt eine feink\u00f6rnige Struktur und hohe Erm\u00fcdungsbest\u00e4ndigkeit erfordert, empfehlen wir\u00a0<strong>Phosphorbronze-Drehteile.<\/strong>. Seine Elastizit\u00e4t und Festigkeit machen es perfekt f\u00fcr elektrische Komponenten, Unterlegscheiben und Federn.<\/li>\n<li><strong>Silberbronze (C65500):<\/strong>\u00a0Wir w\u00e4hlen diese Legierung haupts\u00e4chlich wegen ihrer herausragenden Korrosionsbest\u00e4ndigkeit und \u00e4sthetischen Attraktivit\u00e4t. Es ist die erste Wahl f\u00fcr Marinehardware und dekorative architektonische Elemente, bei denen die Oberfl\u00e4chenqualit\u00e4t oberste Priorit\u00e4t hat.<\/li>\n<\/ul>\n<h2>Warum Bronze f\u00fcr Ihre Pr\u00e4zisionsteile w\u00e4hlen?<\/h2>\n<p>Wenn wir\u00a0<strong>CNC-Bronze<\/strong>\u00a0Projekte, wir schneiden nicht nur Metall; wir entwickeln Langlebigkeit. Bronzelegierungen sind die bevorzugte Wahl f\u00fcr\u00a0<strong>Pr\u00e4zisions-Bronzekomponenten<\/strong>\u00a0die hohen Belastungen und rauen Umgebungen ausgesetzt sind. Im Gegensatz zu Standardstahl oder Aluminium bietet Bronze eine einzigartige Kombination aus Z\u00e4higkeit und nat\u00fcrlicher Schmierf\u00e4higkeit, die in industriellen Anwendungen schwer zu \u00fcbertreffen ist.<\/p>\n<p>Das Verst\u00e4ndnis der spezifischen mechanischen Eigenschaften ist entscheidend, weshalb unser\u00a0<a href=\"https:\/\/haoyumaterial.com\/de\/casting-alloy-guide-types-properties-applications-and-selection\/\">Leitfaden zu Gusslegierungseigenschaften und -auswahl<\/a>\u00a0Kunden dabei hilft, die richtige Sorte f\u00fcr die Aufgabe zu w\u00e4hlen. Hier ist der Grund, warum Ingenieure konsequent angeben\u00a0<strong>Kupferlegierungsfertigung<\/strong>\u00a0f\u00fcr kritische Teile:<\/p>\n<ul>\n<li><strong>\u00dcberlegene Reibung und Verschlei\u00dffestigkeit:<\/strong>\u00a0Bronze ist von Natur aus reibungsarm und gilt als Standard f\u00fcr bewegliche Teile wie Zahnr\u00e4der und Lager. Es reduziert den Verschlei\u00df an passenden Komponenten und verl\u00e4ngert die Lebensdauer der gesamten Baugruppe.<\/li>\n<li><strong>Korrosionsbest\u00e4ndigkeit:<\/strong>\u00a0F\u00fcr\u00a0<strong>Schiffbauliche Bronze-Bearbeitung<\/strong>, Dieses Material ist unerl\u00e4sslich. Es widersteht Oxidation und Salzwasserkorrosion, was die Haltbarkeit in Unterwasser- oder chemisch belasteten Umgebungen gew\u00e4hrleistet.<\/li>\n<li><strong>W\u00e4rmeleitf\u00e4higkeit:<\/strong>\u00a0Bronze leitet W\u00e4rme effizient ab. Dies verhindert \u00dcberhitzung bei Hochgeschwindigkeitsanwendungen oder elektrischen Anschl\u00fcssen.<\/li>\n<li><strong>Nicht-Entz\u00fcndliche Eigenschaften:<\/strong>\u00a0Sicherheit hat in der \u00d6l- und Gasindustrie sowie im Bergbau oberste Priorit\u00e4t. Wir bearbeiten Bronze-Werkzeuge und -Teile, weil sie beim Schlag keinen Funken schlagen, was Unf\u00e4lle in explosionsgef\u00e4hrdeten Atmosph\u00e4ren verhindert.<\/li>\n<\/ul>\n<h3>Wichtige Leistungsmerkmale von CNC-Bronze<\/h3>\n<div class=\"table-responsive\">\n<table class=\"table\">\n<thead>\n<tr>\n<th>Eigenschaft<\/th>\n<th>Vorteil<\/th>\n<th>Typische Anwendung<\/th>\n<\/tr>\n<\/thead>\n<tbody>\n<tr>\n<td><strong>Verschlei\u00dffestigkeit<\/strong><\/td>\n<td>Niedriger Reibungskoeffizient reduziert Verschlei\u00df unter Last.<\/td>\n<td>Gleitlager, Schneckengetriebe, Verschlei\u00dfplatten<\/td>\n<\/tr>\n<tr>\n<td><strong>Korrosionsbest\u00e4ndigkeit<\/strong><\/td>\n<td>H\u00e4lt Salz- und Chemikalienangriffen besser stand als Stahl.<\/td>\n<td>Schiffsschrauben, Ventilk\u00f6rper<\/td>\n<\/tr>\n<tr>\n<td><strong>W\u00e4rmeleitf\u00e4higkeit<\/strong><\/td>\n<td>Schneller W\u00e4rmetransfer verhindert Bauteilversagen.<\/td>\n<td>W\u00e4rmetauscher, elektrische Anschl\u00fcsse<\/td>\n<\/tr>\n<tr>\n<td><strong>Nicht funken<\/strong><\/td>\n<td>Beseitigt Z\u00fcndrisiken in Gefahrenzonen.<\/td>\n<td>Hazmat-Werkzeuge, Kraftstoffsystemteile<\/td>\n<\/tr>\n<\/tbody>\n<\/table>\n<\/div>\n<h2>Vastmaterials Herstellungsstandards und Oberfl\u00e4chenveredelungen<\/h2>\n<p><img loading=\"lazy\" decoding=\"async\" class=\"alignnone  wp-image-1881\" src=\"https:\/\/haoyumaterial.com\/wp-content\/uploads\/2026\/02\/cnc-machining-bronze-300x189.png\" alt=\"\" width=\"845\" height=\"532\" srcset=\"https:\/\/haoyumaterial.com\/wp-content\/uploads\/2026\/02\/cnc-machining-bronze-300x189.png 300w, https:\/\/haoyumaterial.com\/wp-content\/uploads\/2026\/02\/cnc-machining-bronze-768x484.png 768w, https:\/\/haoyumaterial.com\/wp-content\/uploads\/2026\/02\/cnc-machining-bronze-18x12.png 18w, https:\/\/haoyumaterial.com\/wp-content\/uploads\/2026\/02\/cnc-machining-bronze-600x378.png 600w, https:\/\/haoyumaterial.com\/wp-content\/uploads\/2026\/02\/cnc-machining-bronze.png 1021w\" sizes=\"auto, (max-width: 845px) 100vw, 845px\" \/><\/p>\n<p>Wenn es um\u00a0<strong>CNC-Bronze<\/strong>\u00a0teile, die Arbeit ist nicht abgeschlossen, bis die Oberfl\u00e4che Ihren genauen Spezifikationen entspricht. Wir verstehen, dass Hersteller Komponenten ben\u00f6tigen, die genauso gut aussehen wie sie funktionieren. Deshalb bieten wir eine umfassende Palette von\u00a0<strong>Bronze-Oberfl\u00e4chenveredelung<\/strong>\u00a0Optionen, einschlie\u00dflich Kugelstrahlen f\u00fcr eine gleichm\u00e4\u00dfige matte Textur und Polieren f\u00fcr eine glatte, hochgl\u00e4nzende industrielle Oberfl\u00e4che. Diese Behandlungen verbessern nicht nur die \u00c4sthetik; sie tragen auch dazu bei, die nat\u00fcrliche Korrosionsbest\u00e4ndigkeit des Legierungs zu erh\u00f6hen, sodass Ihre Teile l\u00e4nger im Einsatz bleiben.<\/p>\n<h3>Qualit\u00e4tssicherung und Inspektion<\/h3>\n<p>Pr\u00e4zision ist in unserer Einrichtung unverhandelbar. Wir untermauern unsere Fertigung mit strengen Qualit\u00e4tskontrollprotokollen, um sicherzustellen, dass jede Charge internationalen Standards entspricht oder diese \u00fcbertrifft. Wir verwenden fortschrittliche Inspektionswerkzeuge, einschlie\u00dflich CMM (Koordinatenmessmaschinen), um zu \u00fcberpr\u00fcfen, dass Ihre\u00a0<strong>Pr\u00e4zisions-Bronzekomponenten<\/strong>\u00a0genaue Toleranzen bis auf den Mikrometer eingehalten werden. Unsere umfassende\u00a0<a href=\"https:\/\/haoyumaterial.com\/de\/precision-cnc-machining-bronze-services-for-custom-industrial-parts\/\">Pr\u00e4zisions-CNC-Bearbeitung Bronze Dienstleistungen<\/a>\u00a0sind auf einer Grundlage von ISO-konformen Prozessen aufgebaut, was Ihnen die Sicherheit gibt, dass jedes von uns versandte Teil montagebereit ist.<\/p>\n<h3>Integriertes Management f\u00fcr Zuverl\u00e4ssigkeit<\/h3>\n<p>Wir wissen, dass Verz\u00f6gerungen in der Lieferkette ein Projekt ruinieren k\u00f6nnen. Unser integriertes Managementsystem nutzt Echtzeit\u00fcberwachung und Datenanalyse, um den gesamten Produktionsprozess zu optimieren. Dieser moderne Ansatz erm\u00f6glicht es uns:<\/p>\n<ul>\n<li><strong>Ausfallzeiten minimieren:<\/strong>\u00a0Wir erkennen potenzielle Probleme, bevor sie die Produktion stoppen.<\/li>\n<li><strong>Konsistenz gew\u00e4hrleisten:<\/strong>\u00a0Jede Produktion entspricht der Qualit\u00e4t des ersten Prototyps.<\/li>\n<li><strong>Lieferung garantieren:<\/strong>\u00a0Wir halten uns an die versprochenen Zeitpl\u00e4ne.<\/li>\n<\/ul>\n<p>Ob Sie einen schnellen Prototyp oder eine gro\u00df angelegte Produktion ben\u00f6tigen, unser optimierter Arbeitsablauf stellt sicher, dass Ihre\u00a0<strong>CNC-Bearbeitung von Bronze<\/strong>\u00a0Projekte im Zeitplan bleiben und im Budget bleiben.<\/p>\n<h2>Branchenanwendungen f\u00fcr CNC-Bronzeteile<\/h2>\n<p><img loading=\"lazy\" decoding=\"async\" class=\"alignnone  wp-image-1882\" src=\"https:\/\/haoyumaterial.com\/wp-content\/uploads\/2026\/02\/cnc-bronze-290x300.png\" alt=\"\" width=\"511\" height=\"529\" srcset=\"https:\/\/haoyumaterial.com\/wp-content\/uploads\/2026\/02\/cnc-bronze-290x300.png 290w, https:\/\/haoyumaterial.com\/wp-content\/uploads\/2026\/02\/cnc-bronze-768x794.png 768w, https:\/\/haoyumaterial.com\/wp-content\/uploads\/2026\/02\/cnc-bronze-12x12.png 12w, https:\/\/haoyumaterial.com\/wp-content\/uploads\/2026\/02\/cnc-bronze-600x620.png 600w, https:\/\/haoyumaterial.com\/wp-content\/uploads\/2026\/02\/cnc-bronze.png 770w\" sizes=\"auto, (max-width: 511px) 100vw, 511px\" \/><\/p>\n<p>Unser\u00a0<strong>CNC-Bronze<\/strong>\u00a0F\u00e4higkeiten unterst\u00fctzen Branchen, die Haltbarkeit und Widerstandsf\u00e4higkeit gegen raue Umgebungen verlangen. Von Salzwasserexposition bis hin zu Hochreibungssystemen liefern wir\u00a0<strong>Pr\u00e4zisions-Bronzekomponenten<\/strong>\u00a0ma\u00dfgeschneidert auf spezifische betriebliche Bed\u00fcrfnisse. Wir verstehen die einzigartigen Anforderungen des deutschen Marktes und stellen sicher, dass jedes Teil strenge Branchenstandards erf\u00fcllt.<\/p>\n<ul>\n<li><strong>Schiffbau:<\/strong>\u00a0Wir spezialisieren uns auf\u00a0<strong>Schiffbauliche Bronze-Bearbeitung<\/strong>\u00a0f\u00fcr kritische Teile wie Propeller, Ventile und Unterwasserbefestigungen. Diese Komponenten verlassen sich auf die nat\u00fcrliche F\u00e4higkeit von Bronze, Salzwasser zu widerstehen.<\/li>\n<li><strong>Luft- und Raumfahrt &amp; Verteidigung:<\/strong>\u00a0Unsere Anlage stellt hochfesten Fahrwerksbuchsen und elektrische Anschl\u00fcsse her. In diesen Bereichen sind Materialkonsistenz und thermische Stabilit\u00e4t unverzichtbar.<\/li>\n<li><strong>\u00d6l &amp; Gas:<\/strong>\u00a0Sicherheit hat in volatilen Umgebungen oberste Priorit\u00e4t. Wir produzieren z\u00fcndstofffreie Werkzeuge und langlebige Pumpenkomponenten, die f\u00fcr einen sicheren Betrieb erforderlich sind.\u00a0<strong>Kupferlegierungsfertigung<\/strong>.<\/li>\n<li><strong>Industrielle Ausr\u00fcstung:<\/strong>\u00a0Wir bearbeiten schwere\u00a0<strong>Bronze-Schneckenr\u00e4der<\/strong>\u00a0und Lager, die daf\u00fcr ausgelegt sind, st\u00e4ndiger Reibung und schweren Belastungen in Fertigungsanlagen standzuhalten.<\/li>\n<\/ul>\n<p>Bei komplexen Geometrien beraten wir Kunden oft bei\u00a0<a href=\"https:\/\/haoyumaterial.com\/de\/sand-casting-vs-die-casting-choosing-the-right-process\/\">der Wahl des richtigen Gie\u00dfverfahrens<\/a>\u2014 wie Sand- oder Druckguss \u2014, bevor wir die Komponenten mit unserer Pr\u00e4zisions-CNC-Ausr\u00fcstung fertigstellen, um enge Toleranzen zu gew\u00e4hrleisten.<\/p>\n<h2>Designleitfaden: Optimierung von Bronze-Teilen f\u00fcr CNC<\/h2>\n<p><img decoding=\"async\" src=\"https:\/\/haoyumaterial.com\/wp-content\/uploads\/2026\/02\/CNC_Bronze_Parts_Optimization_Guide_tS7Y9EAvN.webp\" alt=\"Leitfaden zur Optimierung von CNC-Bronze-Teilen\" \/><\/p>\n<p>Beim Ingenieurwesen\u00a0<strong>Pr\u00e4zisions-Bronzekomponenten<\/strong>, intelligente Designentscheidungen wirken sich direkt auf Produktionsgeschwindigkeit und Kosten aus. W\u00e4hrend\u00a0<strong>CNC-Bronze<\/strong>\u00a0Teile eine unglaubliche Haltbarkeit bieten, erfordern die Dichte und die spezifische\u00a0<strong>Bearbeitbarkeit von Bronze<\/strong>\u00a0Aufmerksamkeit f\u00fcr Details w\u00e4hrend der Modellierungsphase, um die besten Ergebnisse zu erzielen.<\/p>\n<p><strong>Wichtige Designempfehlungen:<\/strong><\/p>\n<ul>\n<li><strong>Wandst\u00e4rke:<\/strong>\u00a0Vermeiden Sie die Gestaltung extrem d\u00fcnner W\u00e4nde. Bronze ist dicht, und W\u00e4nde d\u00fcnner als 0,8 mm k\u00f6nnen aufgrund von Werkzeugdruck oder Vibrationen w\u00e4hrend\u00a0<strong>Brass CNC<\/strong>\u00a0Operationen. Halten Sie Strukturen robust, um sicherzustellen\u00a0<strong>Metallteile mit hoher Toleranz<\/strong>.<\/li>\n<li><strong>Werkzeug &amp; Radien:<\/strong>\u00a0Halten Sie sich an Standard-Eckenradien. Innenecken, die spezielle kleine Fr\u00e4ser erfordern, erh\u00f6hen die Bearbeitungszeit erheblich. Das Design mit Standard-Werkzeuggr\u00f6\u00dfen im Hinterkopf macht\u00a0<strong>Kupferlegierungsfertigung<\/strong>\u00a0viel effizienter.<\/li>\n<li><strong>Kostenfaktoren:<\/strong>\u00a0Die Kosten f\u00fcr rohes Bronze sind h\u00f6her als f\u00fcr Stahl oder Aluminium. Um Abfall zu reduzieren, entwerfen Sie Teile, die nahe an Standard-Bestandsgr\u00f6\u00dfen liegen, oder erw\u00e4gen Sie unseren integrierten Ansatz, bei dem wir fast-net-Formen gie\u00dfen, bevor wir sie endg\u00fcltig bearbeiten.<\/li>\n<\/ul>\n<p>\u00dcberpr\u00fcfen Sie unser\u00a0<a href=\"https:\/\/haoyumaterial.com\/de\/produkt-kategorie\/\">Reichweite der entwickelten Produkte<\/a>\u00a0um zu sehen, wie wir die Materialauswahl mit der Fertigungseffizienz ausbalancieren. Wir helfen Ihnen, diese Details zu verfeinern, um sicherzustellen, dass Ihre\u00a0<strong>CNC-Bearbeitung von Bronze<\/strong>\u00a0Projekte sowohl hochwertig als auch kosteneffizient sind.<\/p>\n<h2>H\u00e4ufig gestellte Fragen (FAQ)<\/h2>\n<h3>Wie hoch ist die Lieferzeit f\u00fcr ma\u00dfgeschneiderte Bronze-CNC-Teile?<\/h3>\n<p>Wir wissen, dass die Minimierung von Ausfallzeiten f\u00fcr Ihr Gesch\u00e4ft entscheidend ist. Unsere Lieferzeiten variieren je nach Projektkomplexit\u00e4t und Volumen, aber unser optimierter\u00a0<a href=\"https:\/\/haoyumaterial.com\/de\/technology\/manufacturing-process\/\">Fertigungsprozess<\/a>\u00a0erm\u00f6glicht es uns,\u00a0<strong>CNC-Bronze<\/strong>\u00a0Komponenten schnell zu liefern. F\u00fcr dringende Bed\u00fcrfnisse oder schnelle Prototypen priorisieren wir Effizienz, um Teile so schnell wie m\u00f6glich zu Ihnen zu bringen. Kontaktieren Sie uns f\u00fcr ein individuelles Angebot, um einen genauen Zeitplan f\u00fcr Ihr Projekt zu erhalten.<\/p>\n<h3>Kann Vastmaterial Materialzertifikate f\u00fcr bestimmte Bronzegrade bereitstellen?<\/h3>\n<p>Ja, wir bieten vollst\u00e4ndige Materialr\u00fcckverfolgbarkeit. Ob Sie nun ben\u00f6tigen\u00a0<strong>C93200 Lagerbronze<\/strong>,\u00a0<strong>Aluminiumbronze<\/strong>, oder\u00a0<strong>Phosphorbronze<\/strong>, wir liefern die erforderlichen Zertifikate zur \u00dcberpr\u00fcfung der chemischen Zusammensetzung und mechanischen Eigenschaften. Unsere strenge Qualit\u00e4tssicherung stellt sicher, dass jede Charge die hohen Standards f\u00fcr Branchen wie Luft- und Raumfahrt sowie Marine erf\u00fcllt.<\/p>\n<h3>Bieten Sie Oberfl\u00e4chenbehandlungen wie Verzinkung f\u00fcr Bronze-Komponenten an?<\/h3>\n<p>Absolut. Wir bieten umfassende\u00a0<strong>Bronze-Oberfl\u00e4chenveredelung<\/strong>\u00a0Dienstleistungen an, um eine vollst\u00e4ndige, End-to-End-L\u00f6sung zu gew\u00e4hrleisten. W\u00e4hrend Bronze von Natur aus korrosionsbest\u00e4ndig ist, k\u00f6nnen wir spezielle Verzinkungen, Beschichtungen oder Polierungen auftragen, um Ihre \u00e4sthetischen oder funktionalen Anforderungen zu erf\u00fcllen. Diese Integration stellt sicher, dass Ihre\u00a0<strong>Pr\u00e4zisions-Bronzekomponenten<\/strong>\u00a0bereit zur Montage ankommen.<\/p>\n<h3>Was ist der Unterschied zwischen Messing- und Bronze-Bearbeitung?<\/h3>\n<p>Obwohl beide Kupferlegierungen sind, verhalten sie sich w\u00e4hrend der Fertigung unterschiedlich.\u00a0<strong>CNC-Bronze-Bearbeitung<\/strong>\u00a0ist in der Regel f\u00fcr Teile reserviert, die \u00fcberlegene H\u00e4rte, Erm\u00fcdungsfestigkeit und geringe Reibung ben\u00f6tigen, wie Zahnr\u00e4der und Lager. Messing ist im Allgemeinen weicher und bietet eine hervorragende Bearbeitbarkeit f\u00fcr Fittings und elektrische Komponenten. Wir verf\u00fcgen \u00fcber die Werkzeuge und das Fachwissen, um die einzigartigen Eigenschaften beider Materialien zu handhaben und enge Toleranzen unabh\u00e4ngig von der Legierung zu gew\u00e4hrleisten.<\/p>","protected":false},"excerpt":{"rendered":"<p>Custom CNC bronze machining services for precision components in aluminum bronze bearing bronze and phosphor bronze. Premium CNC Bronze Capabilities [&hellip;]<\/p>\n","protected":false},"featured_media":1882,"comment_status":"open","ping_status":"closed","template":"","meta":{"site-sidebar-layout":"default","site-content-layout":"","ast-site-content-layout":"default","site-content-style":"default","site-sidebar-style":"default","ast-global-header-display":"","ast-banner-title-visibility":"","ast-main-header-display":"","ast-hfb-above-header-display":"","ast-hfb-below-header-display":"","ast-hfb-mobile-header-display":"","site-post-title":"","ast-breadcrumbs-content":"","ast-featured-img":"","footer-sml-layout":"","ast-disable-related-posts":"","theme-transparent-header-meta":"default","adv-header-id-meta":"","stick-header-meta":"","header-above-stick-meta":"","header-main-stick-meta":"","header-below-stick-meta":"","astra-migrate-meta-layouts":"set","ast-page-background-enabled":"default","ast-page-background-meta":{"desktop":{"background-color":"var(--ast-global-color-5)","background-image":"","background-repeat":"repeat","background-position":"center center","background-size":"auto","background-attachment":"scroll","background-type":"","background-media":"","overlay-type":"","overlay-color":"","overlay-opacity":"","overlay-gradient":""},"tablet":{"background-color":"","background-image":"","background-repeat":"repeat","background-position":"center center","background-size":"auto","background-attachment":"scroll","background-type":"","background-media":"","overlay-type":"","overlay-color":"","overlay-opacity":"","overlay-gradient":""},"mobile":{"background-color":"","background-image":"","background-repeat":"repeat","background-position":"center center","background-size":"auto","background-attachment":"scroll","background-type":"","background-media":"","overlay-type":"","overlay-color":"","overlay-opacity":"","overlay-gradient":""}},"ast-content-background-meta":{"desktop":{"background-color":"var(--ast-global-color-4)","background-image":"","background-repeat":"repeat","background-position":"center center","background-size":"auto","background-attachment":"scroll","background-type":"","background-media":"","overlay-type":"","overlay-color":"","overlay-opacity":"","overlay-gradient":""},"tablet":{"background-color":"var(--ast-global-color-4)","background-image":"","background-repeat":"repeat","background-position":"center center","background-size":"auto","background-attachment":"scroll","background-type":"","background-media":"","overlay-type":"","overlay-color":"","overlay-opacity":"","overlay-gradient":""},"mobile":{"background-color":"var(--ast-global-color-4)","background-image":"","background-repeat":"repeat","background-position":"center center","background-size":"auto","background-attachment":"scroll","background-type":"","background-media":"","overlay-type":"","overlay-color":"","overlay-opacity":"","overlay-gradient":""}}},"product_brand":[],"product_cat":[25,26,27],"product_tag":[620],"class_list":{"0":"post-1880","1":"product","2":"type-product","3":"status-publish","4":"has-post-thumbnail","6":"product_cat-copper-alloy","7":"product_cat-brass","8":"product_cat-bronze","9":"product_tag-cnc-bronze","10":"desktop-align-left","11":"tablet-align-left","12":"mobile-align-left","14":"first","15":"instock","16":"shipping-taxable","17":"product-type-simple"},"_links":{"self":[{"href":"https:\/\/haoyumaterial.com\/de\/wp-json\/wp\/v2\/product\/1880","targetHints":{"allow":["GET"]}}],"collection":[{"href":"https:\/\/haoyumaterial.com\/de\/wp-json\/wp\/v2\/product"}],"about":[{"href":"https:\/\/haoyumaterial.com\/de\/wp-json\/wp\/v2\/types\/product"}],"replies":[{"embeddable":true,"href":"https:\/\/haoyumaterial.com\/de\/wp-json\/wp\/v2\/comments?post=1880"}],"wp:featuredmedia":[{"embeddable":true,"href":"https:\/\/haoyumaterial.com\/de\/wp-json\/wp\/v2\/media\/1882"}],"wp:attachment":[{"href":"https:\/\/haoyumaterial.com\/de\/wp-json\/wp\/v2\/media?parent=1880"}],"wp:term":[{"taxonomy":"product_brand","embeddable":true,"href":"https:\/\/haoyumaterial.com\/de\/wp-json\/wp\/v2\/product_brand?post=1880"},{"taxonomy":"product_cat","embeddable":true,"href":"https:\/\/haoyumaterial.com\/de\/wp-json\/wp\/v2\/product_cat?post=1880"},{"taxonomy":"product_tag","embeddable":true,"href":"https:\/\/haoyumaterial.com\/de\/wp-json\/wp\/v2\/product_tag?post=1880"}],"curies":[{"name":"wp","href":"https:\/\/api.w.org\/{rel}","templated":true}]}}