{"id":1917,"date":"2026-02-28T08:13:06","date_gmt":"2026-02-28T00:13:06","guid":{"rendered":"https:\/\/haoyumaterial.com\/?post_type=product&#038;p=1917"},"modified":"2026-02-28T08:13:06","modified_gmt":"2026-02-28T00:13:06","slug":"custom-machined-metal-part-cnc-services-for-tight-tolerances","status":"publish","type":"product","link":"https:\/\/haoyumaterial.com\/de\/product\/custom-machined-metal-part-cnc-services-for-tight-tolerances\/","title":{"rendered":"Ma\u00dfgeschneiderte maschinell gefertigte Metallteile CNC-Dienstleistungen f\u00fcr enge Toleranzen"},"content":{"rendered":"<p>Ma\u00dfgeschneiderte bearbeitete Metallteile mit CNC-Fr\u00e4sen, Drehen, enger Toleranz und Rapid Prototyping f\u00fcr anspruchsvolle industrielle Anwendungen.<\/p>\n<h2>F\u00fcr Leistung entwickelt: Bearbeitete Metallkomponenten<\/h2>\n<p>Wenn Ihr Projekt genaue Spezifikationen erfordert, kann die Suche nach einem zuverl\u00e4ssigen Partner f\u00fcr ein\u00a0<strong>bearbeitetes Metallteil<\/strong>\u00a0den Unterschied zwischen Erfolg und kostspieligen Montageverz\u00f6gerungen ausmachen. Wir verstehen den Druck, dem Ingenieure und Einkaufsleiter bei der Beschaffung pr\u00e4ziser Metallkomponenten ausgesetzt sind, die strenge Branchenstandards erf\u00fcllen, ohne die Lieferzeiten zu beeintr\u00e4chtigen. Um diese Herausforderungen zu l\u00f6sen, haben wir unseren Herstellungsprozess auf Genauigkeit, Geschwindigkeit und Zuverl\u00e4ssigkeit ausgerichtet.<\/p>\n<p>Unsere ma\u00dfgeschneiderten CNC-Bearbeitungsf\u00e4higkeiten sind darauf ausgelegt, Hochleistungsbauteile f\u00fcr extreme Belastungen und anspruchsvolle Umgebungen zu liefern.<\/p>\n<h3>Kernvorteile unserer bearbeiteten Teile<\/h3>\n<ul>\n<li><strong>Enge Toleranzbearbeitung:<\/strong>\u00a0Wir f\u00fchren komplexe Geometrien mit pr\u00e4ziser Genauigkeit aus. Unsere hochmoderne CNC-Maschinen gew\u00e4hrleisten, dass jedes kundenspezifische Legierungskomponente Ihren strengen Ma\u00dfanforderungen entspricht.<\/li>\n<li><strong>Schneller Prototypenbau &amp; Produktion:<\/strong>\u00a0Geschwindigkeit ist entscheidend. Von ersten metallgefertigten Prototypen bis hin zu Kleinserien in der Produktion garantieren unsere schnellen CNC-Bearbeitungsdienste kurze Durchlaufzeiten, um Ihren Entwicklungszeitplan einzuhalten.<\/li>\n<li><strong>Intelligente Fertigung:<\/strong>\u00a0Wir nutzen fortschrittliche Produktionsmanagementsysteme und Echtzeit-Daten\u00fcberwachung. Dieser datengetriebene Ansatz sorgt f\u00fcr skalierbare Null-Fehler-Qualit\u00e4t und gleichbleibende Qualit\u00e4t bei allen industriellen Metallkomponenten.<\/li>\n<li><strong>End-to-End-L\u00f6sungen:<\/strong>\u00a0Wir optimieren Ihre Lieferkette, indem wir vollst\u00e4ndig integrierte Gie\u00dferei, Nachbearbeitung und umfassende Oberfl\u00e4chenbehandlungen unter einem Dach anbieten.<\/li>\n<\/ul>\n<h2>Pr\u00e4zisionsbearbeitung &amp; Fertigungskapazit\u00e4ten<\/h2>\n<p><img loading=\"lazy\" decoding=\"async\" class=\"alignnone  wp-image-1919\" src=\"https:\/\/haoyumaterial.com\/wp-content\/uploads\/2026\/02\/CMC-300x180.jpg\" alt=\"\" width=\"693\" height=\"416\" srcset=\"https:\/\/haoyumaterial.com\/wp-content\/uploads\/2026\/02\/CMC-300x180.jpg 300w, https:\/\/haoyumaterial.com\/wp-content\/uploads\/2026\/02\/CMC-768x461.jpg 768w, https:\/\/haoyumaterial.com\/wp-content\/uploads\/2026\/02\/CMC-18x12.jpg 18w, https:\/\/haoyumaterial.com\/wp-content\/uploads\/2026\/02\/CMC-600x360.jpg 600w, https:\/\/haoyumaterial.com\/wp-content\/uploads\/2026\/02\/CMC.jpg 1000w\" sizes=\"auto, (max-width: 693px) 100vw, 693px\" \/><\/p>\n<p>Wenn Sie ein makelloses, maschinell gefertigtes Metallteil ben\u00f6tigen, ist unsere Metallbearbeitungswerkstatt darauf ausgelegt, zu liefern.<\/p>\n<ul>\n<li><strong>3-, 4- und 5-Achsen CNC-Fr\u00e4sen:<\/strong>\u00a0Unsere kundenspezifischen CNC-Bearbeitungszentren bew\u00e4ltigen komplexe Geometrien m\u00fchelos.<\/li>\n<li><strong>Ob Sie einfache CNC-gefr\u00e4ste Teile oder komplexe Luft- und Raumfahrtteile ben\u00f6tigen, unsere Mehr-Achsen-Konfiguration sorgt f\u00fcr enge Toleranzen und \u00fcberlegene Oberfl\u00e4chenqualit\u00e4t.<\/strong>\u00a0CNC-Drehen &amp; Drehoperationen:.<\/li>\n<li><strong>F\u00fcr zylindrische Komponenten produzieren unsere fortschrittlichen Drehmaschinen hochwertige gedrehte Metallteile.<\/strong>\u00a0Wir optimieren jeden Schritt, um eine effiziente kundenspezifische Metallfertigung zu gew\u00e4hrleisten, und sorgen f\u00fcr gleichbleibende Genauigkeit bei schnellen Metallprototypen und Serienproduktionen.\u00a0<a href=\"https:\/\/haoyumaterial.com\/de\/produkt\/low-carbon-steel-bolts-machining-service\/\">Pr\u00e4zisionsgussintegration:<\/a>\u00a0und ma\u00dfgeschneiderte Legierungs Teile, die sowohl strukturelle Integrit\u00e4t als auch pr\u00e4zise Abmessungen erfordern.<\/li>\n<\/ul>\n<h2>Industriemetalle f\u00fcr jedes bearbeitete Metallteil<\/h2>\n<p><img loading=\"lazy\" decoding=\"async\" class=\"alignnone  wp-image-1920\" src=\"https:\/\/haoyumaterial.com\/wp-content\/uploads\/2026\/02\/cnc-turning-252x300.jpg\" alt=\"\" width=\"628\" height=\"748\" srcset=\"https:\/\/haoyumaterial.com\/wp-content\/uploads\/2026\/02\/cnc-turning-252x300.jpg 252w, https:\/\/haoyumaterial.com\/wp-content\/uploads\/2026\/02\/cnc-turning-859x1024.jpg 859w, https:\/\/haoyumaterial.com\/wp-content\/uploads\/2026\/02\/cnc-turning-768x915.jpg 768w, https:\/\/haoyumaterial.com\/wp-content\/uploads\/2026\/02\/cnc-turning-10x12.jpg 10w, https:\/\/haoyumaterial.com\/wp-content\/uploads\/2026\/02\/cnc-turning-600x715.jpg 600w, https:\/\/haoyumaterial.com\/wp-content\/uploads\/2026\/02\/cnc-turning.jpg 1080w\" sizes=\"auto, (max-width: 628px) 100vw, 628px\" \/><\/p>\n<p>In unserer Metallbearbeitungswerkstatt wissen wir, dass die Grundlage eines zuverl\u00e4ssigen Bauteils das Rohmaterial ist. Wir arbeiten mit einem breiten Spektrum an Industriemetallen, um pr\u00e4zise Metallkomponenten zu liefern, die strenge Leistungsanforderungen erf\u00fcllen. Ob Sie ein einzelnes Metall-Prototyp oder eine vollst\u00e4ndige Produktionsserie ben\u00f6tigen, wir w\u00e4hlen das richtige Material f\u00fcr Ihre spezifischen Projektanforderungen.<\/p>\n<p>Hier sind die prim\u00e4ren Materialien, die wir f\u00fcr die CNC-Fertigung verwenden:<\/p>\n<ul>\n<li><strong>Aluminiumlegierungen (6061, 7075):<\/strong>\u00a0Leicht, stark und hoch bearbeitbar. Dies sind unsere bevorzugten Wahl f\u00fcr schnelle Prototypen und strukturelle Komponenten, bei denen Gewichtsreduzierung entscheidend ist.<\/li>\n<li><strong>Edelstahl &amp; Legierungsstahl:<\/strong>\u00a0Wir bearbeiten alles von standardm\u00e4\u00dfigem niedriglegiertem Stahl bis hin zu Duplex-Edelstahl. Durch die Integration unserer\u00a0<a href=\"https:\/\/haoyumaterial.com\/de\/alloy-steel-casting-process-for-high-precision-cnc-parts\/\">Legierungstahl-Gie\u00dfprozess<\/a>\u00a0Mit Sekund\u00e4rbearbeitung erzielen wir enge Toleranzen f\u00fcr schwere industrielle Metallkomponenten.<\/li>\n<li><strong>Titan:<\/strong>\u00a0Bekannt f\u00fcr sein au\u00dfergew\u00f6hnliches Verh\u00e4ltnis von Festigkeit zu Gewicht und Biokompatibilit\u00e4t. Wenn man erkundet\u00a0<a href=\"https:\/\/haoyumaterial.com\/de\/what-is-titanium-used-for-industrial-applications-guide\/\">wof\u00fcr Titan in industriellen Anwendungen verwendet wird<\/a>, hebt es sich als die ultimative Wahl f\u00fcr luft- und raumfahrtgefertigte Teile und medizinische Ger\u00e4te hervor.<\/li>\n<li><strong>Hochtemperaturlegierungen:<\/strong>\u00a0Entwickelt f\u00fcr extreme Hitze und Belastung. Wir bearbeiten regelm\u00e4\u00dfig kundenspezifische Legierungsteile aus Hochleistungs-Superlegierungen, die speziell f\u00fcr die Energie- und Gasturbinensektoren entwickelt wurden.<\/li>\n<li><strong>Kupferlegierungen (Messing &amp; Bronze):<\/strong>\u00a0Bietet hervorragende elektrische Leitf\u00e4higkeit und geringe Reibung. Diese sind perfekt f\u00fcr gedrehte Metallteile, Lager und spezielle elektrische Anschl\u00fcsse.<\/li>\n<\/ul>\n<p>Jedes bearbeitete Metallteil, das wir produzieren, beginnt mit zertifiziertem, hochwertigem Rohmaterial, um sicherzustellen, dass Ihr Endprodukt unter den h\u00e4rtesten Bedingungen genau so funktioniert, wie es konstruiert wurde.<\/p>\n<h2>Oberfl\u00e4chenveredelungsoptionen f\u00fcr bearbeitete Metallteile<\/h2>\n<p><img decoding=\"async\" src=\"https:\/\/haoyumaterial.com\/wp-content\/uploads\/2026\/02\/machined_metal_part_surface_finishing_options_101g.webp\" alt=\"Oberfl\u00e4chenveredelungsoptionen f\u00fcr bearbeitete Metallteile\" \/><\/p>\n<p>Die Dimensionen richtig zu bekommen bei einem\u00a0<strong>bearbeitetes Metallteil<\/strong>\u00a0ist nur die H\u00e4lfte der Arbeit. Das richtige Oberfl\u00e4chenfinish sch\u00fctzt das Material und stellt sicher, dass es genau wie erforderlich funktioniert. Als Full-Service-Metallbearbeitungsbetrieb stellen wir sicher, dass jede Oberfl\u00e4chenbehandlung nahtlos in unseren Gesamtprozess integriert ist\u00a0<a href=\"https:\/\/haoyumaterial.com\/de\/technology\/manufacturing-process\/\">Fertigungsprozess<\/a>, und liefern pr\u00e4zise Metallkomponenten, die Ihren genauen Spezifikationen entsprechen.<\/p>\n<p>Wir bieten eine vollst\u00e4ndige Palette an Veredelungsl\u00f6sungen, um Ihre individuellen CNC-Bearbeitungsprojekte abzuschlie\u00dfen:<\/p>\n<div class=\"table-responsive\">\n<table class=\"table\">\n<thead>\n<tr>\n<th>Finish-Option<\/th>\n<th>Beschreibung<\/th>\n<th>Ideale Anwendung<\/th>\n<\/tr>\n<\/thead>\n<tbody>\n<tr>\n<td><strong>Wie bearbeitet (Standard)<\/strong><\/td>\n<td>Standardfinish direkt aus der Maschine mit kleinen, sichtbaren Werkzeugspuren.<\/td>\n<td>Schnelles Prototyping von Metall- und internen Industrieteilkomponenten.<\/td>\n<\/tr>\n<tr>\n<td><strong>Perlen- &amp; Sandstrahlen<\/strong><\/td>\n<td>Entfernt Werkzeugspuren, um eine glatte, gleichm\u00e4\u00dfige und matte Textur zu erzeugen.<\/td>\n<td>\u00c4sthetische Teile, die eine saubere, nicht reflektierende Oberfl\u00e4che erfordern.<\/td>\n<\/tr>\n<tr>\n<td><strong>Eloxieren (Typ II &amp; III)<\/strong><\/td>\n<td>F\u00fcgt eine sch\u00fctzende Oxidschicht hinzu. Typ III Hartlack maximiert die Haltbarkeit.<\/td>\n<td>Aluminium-CNC-gefr\u00e4ste Teile mit hoher Korrosions- und Verschlei\u00dfbest\u00e4ndigkeit.<\/td>\n<\/tr>\n<tr>\n<td><strong>Galvanisieren &amp; Pulverbeschichtung<\/strong><\/td>\n<td>Bietet eine robuste, sch\u00fctzende und farblich anpassbare Au\u00dfenschicht.<\/td>\n<td>Ma\u00dfgeschneiderte Metallfertigung, die extremen Au\u00dfen- oder chemischen Umgebungen ausgesetzt ist.<\/td>\n<\/tr>\n<tr>\n<td><strong>Ma\u00dfgeschneiderte Behandlungen<\/strong><\/td>\n<td>Spezialisierte fortschrittliche Beschichtungen, die auf strenge Leistungsanforderungen zugeschnitten sind.<\/td>\n<td>Luft- und Raumfahrtbearbeitete Teile und hochbelastbare Sonderlegierungen.<\/td>\n<\/tr>\n<\/tbody>\n<\/table>\n<\/div>\n<p>Egal, ob Sie gedrehte Metallteile mit einer einfachen Standardoberfl\u00e4che oder komplexe CNC-Metallfertigung mit fortschrittlicher Hartlack-Anodisierung ben\u00f6tigen, unsere Anlage \u00fcbernimmt den gesamten Veredelungsprozess, um eine strenge Qualit\u00e4tskontrolle von Anfang bis Ende zu gew\u00e4hrleisten.<\/p>\n<h2>Bearbeitete Metallteile f\u00fcr anspruchsvolle Branchen<\/h2>\n<p>Bei kritischen Anwendungen bleibt kein Raum f\u00fcr Fehler. Als vertrauensw\u00fcrdige Metallbearbeitungswerkstatt fertigen wir jedes\u00a0<strong>bearbeitetes Metallteil<\/strong>\u00a0den strengen Anforderungen hochregulierter Branchen in Deutschland gerecht zu werden.<\/p>\n<ul>\n<li><strong>Luft- und Raumfahrt:<\/strong>\u00a0Flugkritische Systeme erfordern genaue Spezifikationen. Wir liefern zuverl\u00e4ssige luft- und Raumfahrtbearbeitete Teile, die extremen atmosph\u00e4rischen Bedingungen standhalten und absolute Sicherheit sowie Leistung gew\u00e4hrleisten.<\/li>\n<li><strong>Gasturbinen &amp; Kernenergie:<\/strong>\u00a0Der Energiesektor verlangt Materialien, die rauen, hohen Temperaturen standhalten. Unsere ma\u00dfgeschneiderten Legierungsteile sind f\u00fcr Hochbelastungsanwendungen entwickelt, einschlie\u00dflich spezieller Komponenten f\u00fcr\u00a0<a href=\"https:\/\/haoyumaterial.com\/de\/industries\/nuclear-power\/\">Kernkraftwerke<\/a>\u00a0und fortschrittliche Gasturbinen.<\/li>\n<li><strong>Medizinische Ger\u00e4te:<\/strong>\u00a0Lebensrettende Ger\u00e4te sind auf fehlerfreie Pr\u00e4zision in Metallkomponenten angewiesen. Wir bieten enge Toleranzbearbeitung f\u00fcr chirurgische Instrumente, Geh\u00e4use f\u00fcr Diagnostikger\u00e4te und Implantate, bei denen Genauigkeit einfach unverhandelbar ist.<\/li>\n<li><strong>Marine &amp; Industrie:<\/strong>\u00a0Vom Salzwasserexposition bis hin zu schweren Fertigungslinien produzieren wir robuste industrielle Metallkomponenten und CNC-gefr\u00e4ste Teile, die gegen starke Korrosion und schweren t\u00e4glichen Verschlei\u00df resistent sind.<\/li>\n<\/ul>\n<h2>Unersch\u00fctterliche Qualit\u00e4tskontrolle f\u00fcr jedes bearbeitete Metallteil<\/h2>\n<p>Wenn Sie eine\u00a0<strong>bearbeitetes Metallteil<\/strong>\u00a0aus unserer Anlage beziehen, erwarten Sie eine fehlerfreie Ausf\u00fchrung. Unsere Metallbearbeitungswerkstatt arbeitet mit einer Null-Fehler-Mentalit\u00e4t, um sicherzustellen, dass jede Komponente Ihre genauen Spezifikationen erf\u00fcllt, bevor sie die Fertigung verl\u00e4sst. Wir untermauern unsere kundenspezifische Metallfertigung mit strengen Tests und datenbasierten Inspektionen, um eine zuverl\u00e4ssige Leistung im Einsatz zu garantieren.<\/p>\n<p>Unser umfassendes Qualit\u00e4tssicherungsprotokoll umfasst:<\/p>\n<ul>\n<li><strong>CMM (Koordinatenmessger\u00e4t)-Inspektionen:<\/strong>\u00a0Wir \u00fcberpr\u00fcfen jede Dimension, um\u00a0<strong>enge Toleranzbearbeitung zu garantieren<\/strong>\u00a0sogar f\u00fcr die komplexesten Geometrien.<\/li>\n<li><strong>Materialpr\u00fcfberichte (MTRs) &amp; R\u00fcckverfolgbarkeit:<\/strong>\u00a0Wir stellen vollst\u00e4ndige Dokumentation f\u00fcr alle\u00a0<strong>kundenspezifischen Legierungsst\u00fccke bereit<\/strong>, um vollst\u00e4ndige Transparenz vom Rohstofflos bis zum Endprodukt zu gew\u00e4hrleisten.<\/li>\n<li><strong>F&amp;E-Partnerschaften:<\/strong>\u00a0Wir arbeiten aktiv mit Branchenf\u00fchrern und akademischen Institutionen zusammen, um Durchbr\u00fcche in der Materialwissenschaft voranzutreiben und die Grenzen dessen zu erweitern, was Pr\u00e4zision in Metallkomponenten unter extremem Stress erreichen kann.<\/li>\n<li><strong>Strikte Einhaltung internationaler Standards:<\/strong>\u00a0Egal, ob wir luft- und Raumfahrtteile oder schwere industrielle Metallkomponenten herstellen, unsere Fertigungsprozesse erf\u00fcllen oder \u00fcbertreffen die h\u00f6chsten globalen Standards.<\/li>\n<\/ul>\n<p>Unsere strengen QA-Prozesse erstrecken sich \u00fcber alle unsere integrierten Dienstleistungen. Wie in unserem\u00a0<a href=\"https:\/\/haoyumaterial.com\/de\/precision-metal-casting-guide-for-engineers-and-oem-buyers\/\">Pr\u00e4zisionsmetallguss-Leitfaden f\u00fcr Ingenieure<\/a>, dargestellt, behalten wir eine kompromisslose \u00dcberwachung vom Rohstoffbeginn bis zum Endprodukt bei\u00a0<strong>CNC-gefr\u00e4ste Teile<\/strong>, und gew\u00e4hrleisten un\u00fcbertroffene Zuverl\u00e4ssigkeit und Konsistenz f\u00fcr Ihre Lieferkette.<\/p>\n<h2>Optimierter Beschaffungsprozess<\/h2>\n<p>Das Erhalten Ihres ma\u00dfgeschneiderten Metallteils sollte kein Problem sein. Wir betreiben eine moderne Metallbearbeitungswerkstatt, die darauf ausgelegt ist, Bestellungen schnell, transparent und zuverl\u00e4ssig f\u00fcr unsere US- und globalen Partner abzuwickeln. Unser Workflow f\u00fchrt Sie von einer digitalen Datei zu einem fertigen physischen Bauteil ohne die \u00fcblichen Lieferkettenprobleme.<\/p>\n<p>So funktioniert unser individueller Metallfertigungsprozess:<\/p>\n<ul>\n<li><strong>Hochladen &amp; Konfigurieren von 3D-CAD-Dateien:<\/strong>\u00a0Senden Sie uns Ihre Entw\u00fcrfe sicher. Wir akzeptieren Standard-CAD-Formate, um Ihr Projekt sofort voranzutreiben.<\/li>\n<li><strong>Individives Angebot &amp; DFM-Feedback:<\/strong>\u00a0Wir pr\u00fcfen Ihre Dateien und bieten schnelle Preisgestaltung sowie Design for Manufacturability (DFM)-Feedback. Dies stellt sicher, dass Ihre Pr\u00e4zisionsteile f\u00fcr Produktion und Kosteneffizienz optimiert sind.<\/li>\n<li><strong>Intelligente Produktion &amp; Echtzeit-Tracking:<\/strong>\u00a0Nach Freigabe gelangt Ihre Bestellung in unser integriertes Fertigungssystem. Sie erhalten Echtzeit-Updates, w\u00e4hrend Ihre CNC-gefr\u00e4sten Teile durch unsere Anlage laufen.<\/li>\n<li><strong>Weltweiter Versand &amp; QA-Dokumentation:<\/strong>\u00a0Wir liefern direkt zu Ihrem Dock. Jede Bestellung, von standardm\u00e4\u00dfigen Industriekomponenten bis hin zu hochregulierten\u00a0<a href=\"https:\/\/haoyumaterial.com\/de\/industries\/aerospace\/\">Luft- und Raumfahrtbearbeitungsteile<\/a>, kommt mit vollst\u00e4ndiger Qualit\u00e4tssicherungsdokumentation und Materialr\u00fcckverfolgbarkeit.<\/li>\n<\/ul>\n<h2>Technische FAQs: Fertigung von bearbeiteten Metallteilen<\/h2>\n<p><strong>Was sind die Standardtoleranzen f\u00fcr Ihre bearbeiteten Metallteile?<\/strong><br \/>\nWir sind auf enge Toleranzbearbeitung spezialisiert. F\u00fcr ein standardm\u00e4\u00dfiges bearbeitetes Metallteil halten wir routinem\u00e4\u00dfig Toleranzen bis zu \u00b10,025 mm. Unsere fortschrittliche CNC-Ausr\u00fcstung garantiert konsistente Genauigkeit bei allen Pr\u00e4zisionsteilen, sodass Ihre Teile jedes Mal perfekt passen.<\/p>\n<p><strong>Ben\u00f6tigen Sie eine Mindestbestellmenge (MOQ)?<\/strong><br \/>\nNein. Ob Sie ein einzelnes Metall-Prototypenst\u00fcck zum Testen eines Designs ben\u00f6tigen oder eine Gro\u00dfserie industrieller Metallteile, unsere Metallbearbeitungswerkstatt ist \u00e4u\u00dferst flexibel. Wir unterst\u00fctzen schnelle Durchlaufzeiten bei Kleinserien und skalieren nahtlos f\u00fcr die Massenproduktion.<\/p>\n<p><strong>Kannst du sowohl das Gie\u00dfen als auch die Endbearbeitung eines Teils \u00fcbernehmen?<\/strong><br \/>\nAbsolut. Wir bieten integrierte\u00a0<a href=\"https:\/\/haoyumaterial.com\/de\/alloy-casting-foundry\/\">Pr\u00e4zisionsguss und Bearbeitung<\/a>\u00a0unter einem Dach. Durch die Kombination von Prim\u00e4r-Gie\u00dfverfahren mit der Sekund\u00e4rproduktion von CNC-gefr\u00e4sten Teilen und gedrehten Metallteilen liefern wir fertiggestellte kundenspezifische Legierungsteile ohne den Aufwand, mehrere Anbieter zu verwalten.<\/p>\n<p><strong>Was ist die typische Lieferzeit f\u00fcr einen Aluminium-Prototyp?<\/strong><br \/>\nF\u00fcr Rapid-Prototyping-Metallprojekte werden Standard-Aluminium-Prototypen in der Regel innerhalb weniger Tage versendet. Hochkomplexe luftfahrzeuggefertigte Teile oder spezialisierte kundenspezifische Metallfertigungsprojekte k\u00f6nnen etwas l\u00e4nger dauern, aber unsere intelligenten Fertigungslinien sind auf Geschwindigkeit und fehlerfreie Qualit\u00e4t optimiert.<\/p>\n<h3>Schnell\u00fcbersicht: Kundenspezifische CNC-Bearbeitungsf\u00e4higkeiten<\/h3>\n<div class=\"table-responsive\">\n<table class=\"table\">\n<thead>\n<tr>\n<th>Spezifikation<\/th>\n<th>Details<\/th>\n<\/tr>\n<\/thead>\n<tbody>\n<tr>\n<td><strong>Standardtoleranzen<\/strong><\/td>\n<td>\u00a0 \u00a0 \u00a0 \u00a0 \u00a0 \u00a0 \u00a0 \u00a0 \u00a0 \u00a0 \u00a0 \u00a0 \u00a0 \u00a0 \u00a0 \u00a0 \u00a0 \u00a0 \u00a0 \u00a0 \u00a0 \u00a0 \u00a0 \u00a0 \u00a0 \u00a0 \u00a0 \u00a0 \u00a0 \u00a0 \u00a0 \u00a0 \u00a0 \u00a0 \u00a0 \u00a0 \u00a0 \u00a0 \u00a0 \u00a0 \u00a0 \u00a0 \u00a0 \u00a0 \u00a0 \u00a0 \u00a0 \u00a0 \u00a0 \u00a0 \u00a0 \u00a0 \u00a0 \u00a0 Bis zu \u00b10,001\u2033<\/td>\n<\/tr>\n<tr>\n<td><strong>Mindestbestellmenge (MOQ)<\/strong><\/td>\n<td>\u00a0 \u00a0 \u00a0 \u00a0 \u00a0 \u00a0 \u00a0 \u00a0 \u00a0 \u00a0 \u00a0 \u00a0 \u00a0 \u00a0 \u00a0 \u00a0 \u00a0 \u00a0 \u00a0 \u00a0 \u00a0 \u00a0 \u00a0 \u00a0 \u00a0 \u00a0 \u00a0 \u00a0 \u00a0 \u00a0 \u00a0 \u00a0 \u00a0 \u00a0 \u00a0 \u00a0 \u00a0 \u00a0 \u00a0 \u00a0 \u00a0 \u00a0 \u00a0 \u00a0 \u00a0 \u00a0 \u00a0 1 Einheit (Prototypen bis zu Hochvolumenl\u00e4ufen)<\/td>\n<\/tr>\n<tr>\n<td><strong>Kernleistungen<\/strong><\/td>\n<td>\u00a0 \u00a0 \u00a0 \u00a0 \u00a0 \u00a0 \u00a0 \u00a0 \u00a0 \u00a0 \u00a0 \u00a0 \u00a0 \u00a0 \u00a0 \u00a0 \u00a0 \u00a0 \u00a0 \u00a0 \u00a0 \u00a0 \u00a0 \u00a0 \u00a0 \u00a0 \u00a0 \u00a0 \u00a0 \u00a0 \u00a0 \u00a0 \u00a0 \u00a0 \u00a0 \u00a0 \u00a0 \u00a0 \u00a0 \u00a0 \u00a0 \u00a0 \u00a0 \u00a0 \u00a0 Gie\u00dfen, CNC-Fr\u00e4sen, Drehen, Oberfl\u00e4chenveredelung<\/td>\n<\/tr>\n<tr>\n<td><strong>Prototypenlieferzeit<\/strong><\/td>\n<td>\u00a0 \u00a0 \u00a0 \u00a0 \u00a0 \u00a0 \u00a0 \u00a0 \u00a0 \u00a0 \u00a0 \u00a0 \u00a0 \u00a0 \u00a0 \u00a0 \u00a0 \u00a0 \u00a0 \u00a0 \u00a0 \u00a0 \u00a0 \u00a0 \u00a0 \u00a0 \u00a0 \u00a0 \u00a0 \u00a0 \u00a0 \u00a0 \u00a0 \u00a0 \u00a0 \u00a0 \u00a0 \u00a0 \u00a0 \u00a0 \u00a0 \u00a0 \u00a0 \u00a0So schnell wie wenige Tage f\u00fcr Standard-Aluteile<\/td>\n<\/tr>\n<\/tbody>\n<\/table>\n<\/div>","protected":false},"excerpt":{"rendered":"<p>Custom machined metal part services with CNC milling turning tight tolerance and rapid prototyping for demanding industrial applications. Engineered for [&hellip;]<\/p>\n","protected":false},"featured_media":1918,"comment_status":"open","ping_status":"closed","template":"","meta":{"site-sidebar-layout":"default","site-content-layout":"","ast-site-content-layout":"default","site-content-style":"default","site-sidebar-style":"default","ast-global-header-display":"","ast-banner-title-visibility":"","ast-main-header-display":"","ast-hfb-above-header-display":"","ast-hfb-below-header-display":"","ast-hfb-mobile-header-display":"","site-post-title":"","ast-breadcrumbs-content":"","ast-featured-img":"","footer-sml-layout":"","ast-disable-related-posts":"","theme-transparent-header-meta":"default","adv-header-id-meta":"","stick-header-meta":"","header-above-stick-meta":"","header-main-stick-meta":"","header-below-stick-meta":"","astra-migrate-meta-layouts":"set","ast-page-background-enabled":"default","ast-page-background-meta":{"desktop":{"background-color":"var(--ast-global-color-5)","background-image":"","background-repeat":"repeat","background-position":"center center","background-size":"auto","background-attachment":"scroll","background-type":"","background-media":"","overlay-type":"","overlay-color":"","overlay-opacity":"","overlay-gradient":""},"tablet":{"background-color":"","background-image":"","background-repeat":"repeat","background-position":"center center","background-size":"auto","background-attachment":"scroll","background-type":"","background-media":"","overlay-type":"","overlay-color":"","overlay-opacity":"","overlay-gradient":""},"mobile":{"background-color":"","background-image":"","background-repeat":"repeat","background-position":"center center","background-size":"auto","background-attachment":"scroll","background-type":"","background-media":"","overlay-type":"","overlay-color":"","overlay-opacity":"","overlay-gradient":""}},"ast-content-background-meta":{"desktop":{"background-color":"var(--ast-global-color-4)","background-image":"","background-repeat":"repeat","background-position":"center center","background-size":"auto","background-attachment":"scroll","background-type":"","background-media":"","overlay-type":"","overlay-color":"","overlay-opacity":"","overlay-gradient":""},"tablet":{"background-color":"var(--ast-global-color-4)","background-image":"","background-repeat":"repeat","background-position":"center center","background-size":"auto","background-attachment":"scroll","background-type":"","background-media":"","overlay-type":"","overlay-color":"","overlay-opacity":"","overlay-gradient":""},"mobile":{"background-color":"var(--ast-global-color-4)","background-image":"","background-repeat":"repeat","background-position":"center center","background-size":"auto","background-attachment":"scroll","background-type":"","background-media":"","overlay-type":"","overlay-color":"","overlay-opacity":"","overlay-gradient":""}}},"product_brand":[],"product_cat":[17,21,25,22,24],"product_tag":[],"class_list":{"0":"post-1917","1":"product","2":"type-product","3":"status-publish","4":"has-post-thumbnail","6":"product_cat-stainless-steel","7":"product_cat-aluminum-alloy","8":"product_cat-copper-alloy","9":"product_cat-high-temperature-alloy","10":"product_cat-titanium-alloy","11":"desktop-align-left","12":"tablet-align-left","13":"mobile-align-left","15":"first","16":"instock","17":"shipping-taxable","18":"product-type-simple"},"_links":{"self":[{"href":"https:\/\/haoyumaterial.com\/de\/wp-json\/wp\/v2\/product\/1917","targetHints":{"allow":["GET"]}}],"collection":[{"href":"https:\/\/haoyumaterial.com\/de\/wp-json\/wp\/v2\/product"}],"about":[{"href":"https:\/\/haoyumaterial.com\/de\/wp-json\/wp\/v2\/types\/product"}],"replies":[{"embeddable":true,"href":"https:\/\/haoyumaterial.com\/de\/wp-json\/wp\/v2\/comments?post=1917"}],"wp:featuredmedia":[{"embeddable":true,"href":"https:\/\/haoyumaterial.com\/de\/wp-json\/wp\/v2\/media\/1918"}],"wp:attachment":[{"href":"https:\/\/haoyumaterial.com\/de\/wp-json\/wp\/v2\/media?parent=1917"}],"wp:term":[{"taxonomy":"product_brand","embeddable":true,"href":"https:\/\/haoyumaterial.com\/de\/wp-json\/wp\/v2\/product_brand?post=1917"},{"taxonomy":"product_cat","embeddable":true,"href":"https:\/\/haoyumaterial.com\/de\/wp-json\/wp\/v2\/product_cat?post=1917"},{"taxonomy":"product_tag","embeddable":true,"href":"https:\/\/haoyumaterial.com\/de\/wp-json\/wp\/v2\/product_tag?post=1917"}],"curies":[{"name":"wp","href":"https:\/\/api.w.org\/{rel}","templated":true}]}}