{"id":2005,"date":"2026-03-08T10:35:28","date_gmt":"2026-03-08T02:35:28","guid":{"rendered":"https:\/\/haoyumaterial.com\/?post_type=product&#038;p=2005"},"modified":"2026-03-08T10:35:28","modified_gmt":"2026-03-08T02:35:28","slug":"permanent-mold-casting-services-gravity-die-casting-guide","status":"publish","type":"product","link":"https:\/\/haoyumaterial.com\/de\/product\/permanent-mold-casting-services-gravity-die-casting-guide\/","title":{"rendered":"Dauerformgie\u00dfdienstleistungen | Gie\u00dfverfahren mit Schwerkraft"},"content":{"rendered":"<h1 data-path-to-node=\"2\">Der ultimative Leitfaden zum Dauerformguss: Prozess, Vorteile und Kostenanalyse<\/h1>\n<p data-path-to-node=\"3\">Bei Vastmaterial glauben wir, dass Transparenz in der Fertigung Vertrauen aufbaut. Das Verst\u00e4ndnis der Mechanik hinter <b data-path-to-node=\"3\" data-index-in-node=\"107\">Dauerformguss<\/b> (auch bekannt als Schwerkraft-Gussteilverfahren) zeigt, warum es die \u00fcberlegene Wahl f\u00fcr mittlere bis hohe St\u00fcckzahlen ist, die au\u00dfergew\u00f6hnliche Pr\u00e4zision und strukturelle Integrit\u00e4t erfordern.<\/p>\n<p data-path-to-node=\"4\">Im Gegensatz zu wegwerfbaren Sandformen, die nach jedem Gebrauch zerst\u00f6rt werden, nutzt unser Verfahren wiederverwendbare Metallformen (Werkzeuge), die typischerweise aus hochwertigem Eisen oder Stahl gefertigt sind. Hier ist eine technische Tiefenanalyse, wie wir Rohlegierungen in pr\u00e4zise gefertigte Komponenten umwandeln.<\/p>\n<hr data-path-to-node=\"5\" \/>\n<h2 data-path-to-node=\"6\">Wie der Dauerformgussprozess funktioniert<\/h2>\n<p data-path-to-node=\"7\">Hier ist die schrittweise Aufschl\u00fcsselung unseres Gie\u00dfprozesses, der f\u00fcr maximale Konsistenz und Qualit\u00e4t entwickelt wurde.<\/p>\n<h3 data-path-to-node=\"8\">1. Formvorbereitung<\/h3>\n<p data-path-to-node=\"9\">Bevor Metall gegossen wird, muss die Form sorgf\u00e4ltig vorbereitet werden, um Langlebigkeit und Oberfl\u00e4chenqualit\u00e4t zu gew\u00e4hrleisten.<\/p>\n<ul data-path-to-node=\"10\">\n<li>\n<p data-path-to-node=\"10,0,0\"><b data-path-to-node=\"10,0,0\" data-index-in-node=\"0\">Vorw\u00e4rmen:<\/b> Wir bringen die Form auf eine bestimmte Betriebstemperatur, um thermischen Schock zu vermeiden und sicherzustellen, dass das Metall nicht vorzeitig aush\u00e4rtet.<\/p>\n<\/li>\n<li>\n<p data-path-to-node=\"10,1,0\"><b data-path-to-node=\"10,1,0\" data-index-in-node=\"0\">Keramikbeschichtung (Waschen):<\/b> Eine feuerfeste Beschichtung wird auf die Formhohlraum aufgetragen, um den Stahlform zu sch\u00fctzen und als Trennmittel f\u00fcr eine saubere Teilejektion zu wirken.<\/p>\n<\/li>\n<\/ul>\n<h3 data-path-to-node=\"11\">2. Gie\u00dfen (Der kritische Moment)<\/h3>\n<p data-path-to-node=\"12\">Diese Phase bestimmt die innere Integrit\u00e4t des Gusses. Wir legen gro\u00dfen Wert auf die Kontrolle der Turbulenzen, um Lufteinschl\u00fcsse zu verhindern.<\/p>\n<ul data-path-to-node=\"13\">\n<li>\n<p data-path-to-node=\"13,0,0\"><b data-path-to-node=\"13,0,0\" data-index-in-node=\"0\">Gesteuerte Flie\u00dfrichtung:<\/b> Im Gegensatz zum Hochdruckguss, bei dem Metall gewaltsam eingepresst wird, nutzt unser Verfahren Schwerkraft- oder Niederdrucktechniken, um Porosit\u00e4t zu reduzieren.<\/p>\n<\/li>\n<li>\n<p data-path-to-node=\"13,1,0\"><b data-path-to-node=\"13,1,0\" data-index-in-node=\"0\">Ma\u00dfgeschneiderte Gating-L\u00f6sungen:<\/b> Wir entwickeln interne Gating-Systeme, die das geschmolzene Metall reibungslos in die Kavit\u00e4t leiten und dabei unsere strengen \u201cNull Porosit\u00e4t\u201d-Standards erf\u00fcllen.<\/p>\n<\/li>\n<\/ul>\n<h3 data-path-to-node=\"14\">3. Erstarrung &amp; Der \u201cAbk\u00fchlungseffekt\u201d<\/h3>\n<p data-path-to-node=\"15\">Da die Form aus Metall (ein Leiter) und nicht aus Sand (ein Isolator) besteht, entzieht sie der geschmolzenen Legierung schnell W\u00e4rme.<\/p>\n<ul data-path-to-node=\"16\">\n<li>\n<p data-path-to-node=\"16,0,0\"><b data-path-to-node=\"16,0,0\" data-index-in-node=\"0\">Dendritische Kornstruktur:<\/b> Schnelles Abk\u00fchlen erzeugt einen \u201cAbk\u00fchlungseffekt\u201d und f\u00fchrt zu einer viel feineren Kornstruktur als beim traditionellen Sandguss.<\/p>\n<\/li>\n<li>\n<p data-path-to-node=\"16,1,0\"><b data-path-to-node=\"16,1,0\" data-index-in-node=\"0\">Mechanische \u00dcberlegenheit:<\/b> Diese enge Kornstruktur f\u00fchrt direkt zu h\u00f6herer mechanischer Festigkeit und \u00fcberlegener Druckdichtheit.<\/p>\n<\/li>\n<\/ul>\n<h3 data-path-to-node=\"17\">4. Auswerfen &amp; Fertigstellung<\/h3>\n<ul data-path-to-node=\"18\">\n<li>\n<p data-path-to-node=\"18,0,0\"><b data-path-to-node=\"18,0,0\" data-index-in-node=\"0\">Schnelles Auswerfen:<\/b> Die H\u00e4lften des Werkzeugs werden ge\u00f6ffnet, und Auswerferstifte dr\u00fccken die Gussform heraus. Die wiederverwendbare Natur der Form erm\u00f6glicht deutlich schnellere Zykluszeiten als Sandguss.<\/p>\n<\/li>\n<li>\n<p data-path-to-node=\"18,1,0\"><b data-path-to-node=\"18,1,0\" data-index-in-node=\"0\">Sekund\u00e4roperationen:<\/b> Der Rohguss wird an unsere Fertigungsabteilung f\u00fcr Gating-Trimmen und pr\u00e4zises CNC-Bearbeiten \u00fcbergeben, um genaue Ma\u00dftoleranzen zu erreichen.<\/p>\n<\/li>\n<\/ul>\n<hr data-path-to-node=\"19\" \/>\n<h2 data-path-to-node=\"20\">Dauerform vs. Hochdruckguss (HPDC)<\/h2>\n<p data-path-to-node=\"21\">Die Wahl der richtigen Gie\u00dfmethode erfordert eine Balance zwischen Produktionsmenge, strukturellen Anforderungen und Budget. Hier ist ein Vergleich zwischen Dauerformguss und HPDC:<\/p>\n<table data-path-to-node=\"22\">\n<thead>\n<tr>\n<td><strong>Merkmal<\/strong><\/td>\n<td><strong>Dauerformguss (Schwerkraft)<\/strong><\/td>\n<td><strong>Hochdruckguss (HPDC)<\/strong><\/td>\n<\/tr>\n<\/thead>\n<tbody>\n<tr>\n<td><span data-path-to-node=\"22,1,0,0\"><b data-path-to-node=\"22,1,0,0\" data-index-in-node=\"0\">Ideale Produktionsmenge<\/b><\/span><\/td>\n<td><span data-path-to-node=\"22,1,1,0\">Mittel (500 bis 50.000 Einheiten\/Jahr)<\/span><\/td>\n<td><span data-path-to-node=\"22,1,2,0\">Hoch (50.000+ Einheiten\/Jahr)<\/span><\/td>\n<\/tr>\n<tr>\n<td><span data-path-to-node=\"22,2,0,0\"><b data-path-to-node=\"22,2,0,0\" data-index-in-node=\"0\">Werkzeugkosten<\/b><\/span><\/td>\n<td><span data-path-to-node=\"22,2,1,0\">M\u00e4\u00dfig (Handhabbare Anfangsinvestition)<\/span><\/td>\n<td><span data-path-to-node=\"22,2,2,0\">Sehr hoch (Teure Werkzeugstahlformen)<\/span><\/td>\n<\/tr>\n<tr>\n<td><span data-path-to-node=\"22,3,0,0\"><b data-path-to-node=\"22,3,0,0\" data-index-in-node=\"0\">Strukturelle Integrit\u00e4t<\/b><\/span><\/td>\n<td><span data-path-to-node=\"22,3,1,0\">Ausgezeichnet (Dichte, feink\u00f6rnige Struktur)<\/span><\/td>\n<td><span data-path-to-node=\"22,3,2,0\">M\u00e4\u00dfig (Anf\u00e4llig f\u00fcr interne Porosit\u00e4t)<\/span><\/td>\n<\/tr>\n<tr>\n<td><span data-path-to-node=\"22,4,0,0\"><b data-path-to-node=\"22,4,0,0\" data-index-in-node=\"0\">W\u00e4rmebehandlung<\/b><\/span><\/td>\n<td><span data-path-to-node=\"22,4,1,0\">Vollst\u00e4ndig kompatibel (z.B. T6-H\u00e4rtung)<\/span><\/td>\n<td><span data-path-to-node=\"22,4,2,0\">Allgemein inkompatibel (Blasenbildung Gefahr)<\/span><\/td>\n<\/tr>\n<tr>\n<td><span data-path-to-node=\"22,5,0,0\"><b data-path-to-node=\"22,5,0,0\" data-index-in-node=\"0\">Lufteinschlussrisiko<\/b><\/span><\/td>\n<td><span data-path-to-node=\"22,5,1,0\">Niedrig (Sanfte, schwerkraftgesteuerte F\u00fcllung)<\/span><\/td>\n<td><span data-path-to-node=\"22,5,2,0\">Hoch (Gewaltt\u00e4tige, hochgeschwindigkeits Injection)<\/span><\/td>\n<\/tr>\n<\/tbody>\n<\/table>\n<p data-path-to-node=\"23\">\n<hr data-path-to-node=\"24\" \/>\n<h2 data-path-to-node=\"25\">Wichtige Vorteile des Dauerformgusses<\/h2>\n<p data-path-to-node=\"26\"><b data-path-to-node=\"26\" data-index-in-node=\"0\">\u00dcberlegene mechanische Festigkeit<\/b><\/p>\n<p data-path-to-node=\"26\">Unsere wiederverwendbaren Metallformen wirken als K\u00fchlk\u00f6rper, der W\u00e4rme schnell ableitet, um eine dichte Kornstruktur zu f\u00f6rdern. Das Ergebnis ist eine Gussform mit au\u00dfergew\u00f6hnlicher Zugfestigkeit, Erm\u00fcdungsbest\u00e4ndigkeit und Druckdichtheit \u2013 unerl\u00e4sslich f\u00fcr Anwendungen mit hoher Belastung.<\/p>\n<p data-path-to-node=\"27\"><b data-path-to-node=\"27\" data-index-in-node=\"0\">Hervorragende Oberfl\u00e4chenqualit\u00e4t &amp; Engere Toleranzen<\/b><\/p>\n<p data-path-to-node=\"27\">Da wir in maschinengeschmiedeten Stahl oder Eisen gie\u00dfen und nicht in k\u00f6rnigem Sand, hat die Oberfl\u00e4chenveredelung einen deutlich niedrigeren RMS-Wert.<\/p>\n<p data-path-to-node=\"28\"><b data-path-to-node=\"28\" data-index-in-node=\"0\">Wiederverwendbarkeit &amp; Kosteneffizienz<\/b><\/p>\n<p data-path-to-node=\"28\">Eine einzelne Metallform kann Tausende identischer Teile produzieren. Diese Wiederverwendbarkeit senkt die St\u00fcckkosten bei mittleren St\u00fcckzahlen erheblich und reduziert den Umweltabfall im Vergleich zu Wegwerfformen.<\/p>\n<p data-path-to-node=\"29\"><b data-path-to-node=\"29\" data-index-in-node=\"0\">Materialvielfalt<\/b><\/p>\n<p data-path-to-node=\"29\">Unsere Anlage ist ausgestattet, um eine Vielzahl von Nichteisenlegierungen zu verarbeiten. Ob wir leichtes Aluminium f\u00fcr die Luft- und Raumfahrt gie\u00dfen oder korrosionsbest\u00e4ndigen Messing, Kupfer und Bronze verwenden, unser Prozess sorgt f\u00fcr eine gleichm\u00e4\u00dfige Materialdichte.<\/p>\n<hr data-path-to-node=\"30\" \/>\n<h2 data-path-to-node=\"31\">Branchen, die wir bedienen<\/h2>\n<p data-path-to-node=\"32\">Unsere L\u00f6sungen sind f\u00fcr Branchen entwickelt, in denen Ausf\u00e4lle keine Option sind.<\/p>\n<ul data-path-to-node=\"33\">\n<li>\n<p data-path-to-node=\"33,0,0\"><b data-path-to-node=\"33,0,0\" data-index-in-node=\"0\">Automobil:<\/b> Hochfeste Ansaugkr\u00fcmmer, Zylinderk\u00f6pfe und kritische Fahrwerkskomponenten, die eine hervorragende Erm\u00fcdungsfestigkeit erfordern.<\/p>\n<\/li>\n<li>\n<p data-path-to-node=\"33,1,0\"><b data-path-to-node=\"33,1,0\" data-index-in-node=\"0\">Luft- und Raumfahrt:<\/b> Strukturelle Befestigungen und Halterungen, die ihre Integrit\u00e4t bei drastischen Temperaturschwankungen bewahren und strenge Flugsicherheitsstandards erf\u00fcllen.<\/p>\n<\/li>\n<li>\n<p data-path-to-node=\"33,2,0\"><b data-path-to-node=\"33,2,0\" data-index-in-node=\"0\">Industrielle Ausr\u00fcstung:<\/b> Dichtheitsventile, Pumpengeh\u00e4use und robuste Zahnr\u00e4der, die hohen hydraulischen und pneumatischen Dr\u00fccken ohne Leckage standhalten.<\/p>\n<\/li>\n<li>\n<p data-path-to-node=\"33,3,0\"><b data-path-to-node=\"33,3,0\" data-index-in-node=\"0\">Maritime &amp; Gasturbinen:<\/b> Korrosionsbest\u00e4ndige Hardware und hitzebest\u00e4ndige Legierungskomponenten, die entwickelt wurden, um aggressive Elemente und thermische Belastungen zu \u00fcberstehen.<\/p>\n<\/li>\n<\/ul>\n<hr data-path-to-node=\"34\" \/>\n<h2 data-path-to-node=\"35\">Der Vastmaterial-Unterschied: Zero Porosity Process<\/h2>\n<p data-path-to-node=\"36\">Bei Vastmaterial integrieren wir fortschrittliche Materialwissenschaften mit praktischer Fertigungslogistik.<\/p>\n<ul data-path-to-node=\"37\">\n<li>\n<p data-path-to-node=\"37,0,0\"><b data-path-to-node=\"37,0,0\" data-index-in-node=\"0\">Zero Porosity Formel:<\/b> Unser F&amp;E-Team hat propriet\u00e4re Methoden entwickelt, um die Schmelzqualit\u00e4t streng zu kontrollieren und Lufteinschl\u00fcsse sowie Schrumpfungsblasen zu eliminieren, um strenge Dichteanforderungen zu garantieren.<\/p>\n<\/li>\n<li>\n<p data-path-to-node=\"37,1,0\"><b data-path-to-node=\"37,1,0\" data-index-in-node=\"0\">In-House CNC-Integration:<\/b> Wir \u00fcbernehmen sowohl das Gie\u00dfen als auch die sekund\u00e4re 5-Achs-Bearbeitung unter einem Dach, um h\u00f6chste Ma\u00dfgenauigkeit zu gew\u00e4hrleisten und logistische Verz\u00f6gerungen zu reduzieren.<\/p>\n<\/li>\n<li>\n<p data-path-to-node=\"37,2,0\"><b data-path-to-node=\"37,2,0\" data-index-in-node=\"0\">Fortschrittliche Oberfl\u00e4chenbehandlungen:<\/b> Von marinetauglicher Verzinkung bis hin zu \u00e4sthetischem Polieren bieten wir ma\u00dfgeschneiderte Oberfl\u00e4chenfinishs, die auf die Betriebsumgebung Ihrer Komponenten abgestimmt sind.<\/p>\n<\/li>\n<li>\n<p data-path-to-node=\"37,3,0\"><b data-path-to-node=\"37,3,0\" data-index-in-node=\"0\">Kundenorientierte Konstruktion:<\/b> Wir engagieren uns fr\u00fchzeitig, um Unterst\u00fctzung bei der Fertigungsf\u00e4higkeitsplanung (DFM) zu bieten, und optimieren Entwurfswinkel und interne Gating-Systeme, um das beste Verh\u00e4ltnis von Kosten, Geschwindigkeit und Qualit\u00e4t zu erzielen.<\/p>\n<\/li>\n<\/ul>\n<hr data-path-to-node=\"38\" \/>\n<h2 data-path-to-node=\"39\">Kostenanalyse: Ist Dauerformguss die richtige Wahl f\u00fcr Sie?<\/h2>\n<h3 data-path-to-node=\"40\">Berechnung des Break-Even-Punkts<\/h3>\n<p data-path-to-node=\"41\">Der Dauerformguss nimmt eine entscheidende \u201cMittellage\u201d in der Metallherstellung ein. F\u00fcr viele Kunden tritt der Break-Even-Punkt ein, sobald die Produktionsmengen die Schwelle \u00fcberschreiten <b data-path-to-node=\"41\" data-index-in-node=\"160\">500 bis 1.000 Einheiten<\/b>. In diesem Stadium gleichen die Einsparungen bei der Sekund\u00e4rbearbeitung\u2014dank \u00fcberlegener Oberfl\u00e4chenfinishs\u2014die moderaten anf\u00e4nglichen Formen kosten aus.<\/p>\n<h3 data-path-to-node=\"42\">Produktionsvorlaufzeiten<\/h3>\n<ul data-path-to-node=\"43\">\n<li>\n<p data-path-to-node=\"43,0,0\"><b data-path-to-node=\"43,0,0\" data-index-in-node=\"0\">Schneller als Sandguss:<\/b> Erledigt die Notwendigkeit, f\u00fcr jedes Teil eine neue Sandform zu erstellen, was die Zykluszeiten bei Wiederholauftr\u00e4gen erheblich reduziert.<\/p>\n<\/li>\n<li>\n<p data-path-to-node=\"43,1,0\"><b data-path-to-node=\"43,1,0\" data-index-in-node=\"0\">Schnelleres Einrichten als HPDC:<\/b> W\u00e4hrend HPDC schneller ist <i data-path-to-node=\"43,1,0\" data-index-in-node=\"45\">pro Schuss<\/i>, dauert die Planung und Herstellung komplexer Hochdruckwerkzeuge Monate. Dauerformen-Werkzeuge bringen Ihr Projekt viel fr\u00fcher in die Produktion.<\/p>\n<\/li>\n<\/ul>\n<hr data-path-to-node=\"44\" \/>\n<h2 data-path-to-node=\"45\">H\u00e4ufig gestellte Fragen (FAQ)<\/h2>\n<h3 data-path-to-node=\"46\">Was ist die minimale Bestellmenge (MOQ) f\u00fcr eine Dauerform, um kosteneffektiv zu sein?<\/h3>\n<p data-path-to-node=\"47\">Obwohl wir keine strengen Mindestmengen durchsetzen, ist Dauerformguss bei Jahresvolumen zwischen <b data-path-to-node=\"47\" data-index-in-node=\"113\">500 und 50.000 Einheiten<\/b>. Unter 500 Einheiten k\u00f6nnten die Werkzeugkosten pro Teil zu hoch sein (was Sandguss oder CNC-Bearbeitung zu einer besseren Wahl macht). F\u00fcr kritische Komponenten, die hohe Festigkeit, W\u00e4rmebehandlungskompatibilit\u00e4t und Druckdichtigkeit erfordern, bleibt die Dauerform die \u00fcberlegene technische Wahl, unabh\u00e4ngig vom Volumen.<\/p>","protected":false},"excerpt":{"rendered":"<p>The Ultimate Guide to Permanent Mold Casting: Process, Benefits, and Cost Analysis At Vastmaterial, we believe transparency in manufacturing builds [&hellip;]<\/p>\n","protected":false},"featured_media":1754,"comment_status":"open","ping_status":"closed","template":"","meta":{"site-sidebar-layout":"default","site-content-layout":"","ast-site-content-layout":"default","site-content-style":"default","site-sidebar-style":"default","ast-global-header-display":"","ast-banner-title-visibility":"","ast-main-header-display":"","ast-hfb-above-header-display":"","ast-hfb-below-header-display":"","ast-hfb-mobile-header-display":"","site-post-title":"","ast-breadcrumbs-content":"","ast-featured-img":"","footer-sml-layout":"","ast-disable-related-posts":"","theme-transparent-header-meta":"default","adv-header-id-meta":"","stick-header-meta":"","header-above-stick-meta":"","header-main-stick-meta":"","header-below-stick-meta":"","astra-migrate-meta-layouts":"set","ast-page-background-enabled":"default","ast-page-background-meta":{"desktop":{"background-color":"var(--ast-global-color-5)","background-image":"","background-repeat":"repeat","background-position":"center center","background-size":"auto","background-attachment":"scroll","background-type":"","background-media":"","overlay-type":"","overlay-color":"","overlay-opacity":"","overlay-gradient":""},"tablet":{"background-color":"","background-image":"","background-repeat":"repeat","background-position":"center center","background-size":"auto","background-attachment":"scroll","background-type":"","background-media":"","overlay-type":"","overlay-color":"","overlay-opacity":"","overlay-gradient":""},"mobile":{"background-color":"","background-image":"","background-repeat":"repeat","background-position":"center center","background-size":"auto","background-attachment":"scroll","background-type":"","background-media":"","overlay-type":"","overlay-color":"","overlay-opacity":"","overlay-gradient":""}},"ast-content-background-meta":{"desktop":{"background-color":"var(--ast-global-color-4)","background-image":"","background-repeat":"repeat","background-position":"center center","background-size":"auto","background-attachment":"scroll","background-type":"","background-media":"","overlay-type":"","overlay-color":"","overlay-opacity":"","overlay-gradient":""},"tablet":{"background-color":"var(--ast-global-color-4)","background-image":"","background-repeat":"repeat","background-position":"center center","background-size":"auto","background-attachment":"scroll","background-type":"","background-media":"","overlay-type":"","overlay-color":"","overlay-opacity":"","overlay-gradient":""},"mobile":{"background-color":"var(--ast-global-color-4)","background-image":"","background-repeat":"repeat","background-position":"center center","background-size":"auto","background-attachment":"scroll","background-type":"","background-media":"","overlay-type":"","overlay-color":"","overlay-opacity":"","overlay-gradient":""}}},"product_brand":[],"product_cat":[21],"product_tag":[],"class_list":{"0":"post-2005","1":"product","2":"type-product","3":"status-publish","4":"has-post-thumbnail","6":"product_cat-aluminum-alloy","7":"desktop-align-left","8":"tablet-align-left","9":"mobile-align-left","11":"first","12":"instock","13":"shipping-taxable","14":"product-type-simple"},"_links":{"self":[{"href":"https:\/\/haoyumaterial.com\/de\/wp-json\/wp\/v2\/product\/2005","targetHints":{"allow":["GET"]}}],"collection":[{"href":"https:\/\/haoyumaterial.com\/de\/wp-json\/wp\/v2\/product"}],"about":[{"href":"https:\/\/haoyumaterial.com\/de\/wp-json\/wp\/v2\/types\/product"}],"replies":[{"embeddable":true,"href":"https:\/\/haoyumaterial.com\/de\/wp-json\/wp\/v2\/comments?post=2005"}],"wp:featuredmedia":[{"embeddable":true,"href":"https:\/\/haoyumaterial.com\/de\/wp-json\/wp\/v2\/media\/1754"}],"wp:attachment":[{"href":"https:\/\/haoyumaterial.com\/de\/wp-json\/wp\/v2\/media?parent=2005"}],"wp:term":[{"taxonomy":"product_brand","embeddable":true,"href":"https:\/\/haoyumaterial.com\/de\/wp-json\/wp\/v2\/product_brand?post=2005"},{"taxonomy":"product_cat","embeddable":true,"href":"https:\/\/haoyumaterial.com\/de\/wp-json\/wp\/v2\/product_cat?post=2005"},{"taxonomy":"product_tag","embeddable":true,"href":"https:\/\/haoyumaterial.com\/de\/wp-json\/wp\/v2\/product_tag?post=2005"}],"curies":[{"name":"wp","href":"https:\/\/api.w.org\/{rel}","templated":true}]}}