{"id":2022,"date":"2026-03-10T17:11:03","date_gmt":"2026-03-10T09:11:03","guid":{"rendered":"https:\/\/haoyumaterial.com\/?post_type=product&#038;p=2022"},"modified":"2026-03-10T17:21:56","modified_gmt":"2026-03-10T09:21:56","slug":"cnc-machining-aluminum-castings","status":"publish","type":"product","link":"https:\/\/haoyumaterial.com\/de\/product\/cnc-machining-aluminum-castings\/","title":{"rendered":"CNC-Bearbeitung Aluminiumguss Pr\u00e4zisionsdienstleistungen"},"content":{"rendered":"<h2>CNC-Bearbeitung von Aluminiumguss: Vom Rohmodell bis zum Pr\u00e4zisionsteil<\/h2>\n<p>Beim Gie\u00dfen von geschmolzenem Aluminium in Formen ist es selten m\u00f6glich, die genaue Endgeometrie sofort zu erreichen. W\u00e4hrend moderne Aluminiumgussverfahren schnell komplexe, nahezu fertige Formen erstellen, hinterlassen sie inh\u00e4rent Oberfl\u00e4chenunvollkommenheiten, Entformungswinkel und Toleranzen, die den strengen technischen Anforderungen nicht gen\u00fcgen. Um die L\u00fccke zwischen einem rohen Gussbauteil und einem voll funktionsf\u00e4higen, leistungsstarken Teil zu \u00fcberbr\u00fccken, ist eine Nachbearbeitung der G\u00fcsse absolut notwendig.<\/p>\n<p>Als Ihr End-to-End-Dienstleister und Lieferant f\u00fcr Aluminiumverarbeitung \u00fcbernimmt Vastmaterial die volle Verantwortung f\u00fcr diesen kritischen \u00dcbergang. Wir nutzen fortschrittliche subtraktive Fertigungsverfahren, um grobe G\u00fcsse zu verfeinern und sicherzustellen, dass jede Komponente Ihren genauen Spezifikationen entspricht.<\/p>\n<p>Unser Engineering- und Produktionsteam konzentriert sich strikt auf die Lieferung h\u00f6chster Pr\u00e4zisionsbearbeitung:<\/p>\n<ul>\n<li><strong>H\u00f6chste Ma\u00dfgenauigkeit:<\/strong> Wir fr\u00e4sen, drehen und bohren Gussst\u00fccke fachm\u00e4nnisch, um die \u00e4u\u00dferst engen Toleranzen f\u00fcr komplexe Baugruppen und pr\u00e4zise Passfl\u00e4chen zu erreichen.<\/li>\n<li><strong>Maximale funktionale Leistung:<\/strong> Kritische Merkmale wie Gewindebohrungen, Fluidwege und Lagerstellen werden perfekt zugeschnitten, um eine fehlerfreie Funktion im Einsatz zu gew\u00e4hrleisten.<\/li>\n<li><strong>End-to-End-Zuverl\u00e4ssigkeit:<\/strong> Durch die Verwaltung des \u00dcbergangs vom Rohguss bis zum finalen CNC-Teil unter einem Dach eliminieren wir Mehranbieter-Friction, verk\u00fcrzen die Durchlaufzeiten und gew\u00e4hrleisten eine strenge Qualit\u00e4tskontrolle.<\/li>\n<\/ul>\n<h2>Kernf\u00e4higkeiten der CNC-Bearbeitung f\u00fcr Gussst\u00fccke<\/h2>\n<p>Egal, welche <a href=\"https:\/\/haoyumaterial.com\/de\/cast-aluminum-guide-properties-processes-and-applications\/\">Aluminium-Gie\u00dfverfahren<\/a> Sie verwenden, um ein rohes Teil in seinen endg\u00fcltigen, funktionalen Zustand zu versetzen, ist robuste subtraktive Fertigung erforderlich. Als Ihr engagierter Dienstleister und Anbieter von Aluminiumverarbeitung verf\u00fcgen wir \u00fcber die genaue Ausr\u00fcstung, um Ihre Ziele zu erreichen.<\/p>\n<p>So bringen wir Pr\u00e4zisionsbearbeitung in Ihre Gussteile:<\/p>\n<ul>\n<li><strong>Vertikale &amp; Horizontale CNC-Fr\u00e4sen:<\/strong> Gebaut, um komplexe Geometrien und perfekt ebene Fl\u00e4chen zu bew\u00e4ltigen. Hier wird eine grobe Form in eine pr\u00e4zise umgewandelt <strong>CNC-gefr\u00e4ster Aluminiumguss<\/strong>.<\/li>\n<li><strong>Ob Sie einfache CNC-gefr\u00e4ste Teile oder komplexe Luft- und Raumfahrtteile ben\u00f6tigen, unsere Mehr-Achsen-Konfiguration sorgt f\u00fcr enge Toleranzen und \u00fcberlegene Oberfl\u00e4chenqualit\u00e4t.<\/strong> Der Standard f\u00fcr die Herstellung pr\u00e4ziser zylindrischer Merkmale, saubere Gewinde und tiefe Bohrungen mit extremer Ma\u00dfgenauigkeit.<\/li>\n<li><strong>Mehr-Achs-Bearbeitung (4-Achsen &amp; 5-Achsen):<\/strong> Durch das Bearbeiten komplexer Gussformen in einem Durchgang eliminieren wir die Notwendigkeit mehrerer R\u00fcstvorg\u00e4nge. Dies erh\u00f6ht sowohl Geschwindigkeit als auch Pr\u00e4zision, was bei der Herstellung von Teilen f\u00fcr anspruchsvolle Branchen wie <a href=\"https:\/\/haoyumaterial.com\/de\/industries\/aerospace\/\">Luft- und Raumfahrt<\/a>.<\/li>\n<li><strong>Nachbearbeitung nach dem Fr\u00e4sen:<\/strong> The job isn\u2019t done when the cutting stops. We finalize your parts with thorough deburring, anodizing, powder coating, and custom surface treatments so they are completely ready for assembly.<\/li>\n<\/ul>\n<h2>Vorteile des CNC-Fr\u00e4sens von Aluminiumguss<\/h2>\n<p>Wenn wir die subtraktive Fertigung f\u00fcr Aluminium bearbeiten, spielt das Basismaterial eine gro\u00dfe Rolle f\u00fcr den Erfolg des Projekts. Beginnend mit dem richtigen <a href=\"https:\/\/haoyumaterial.com\/de\/products\/aluminum-alloy\/\">Aluminiumlegierung<\/a> stellt sicher, dass unsere Pr\u00e4zisionsbearbeitung jedes Mal ins Schwarze trifft. Aluminium zeichnet sich aufgrund seiner nat\u00fcrlichen physikalischen Eigenschaften als die absolut beste Wahl f\u00fcr die sekund\u00e4re Bearbeitung von Gussteilen aus.<\/p>\n<p>Hier ist eine kurze Aufschl\u00fcsselung, warum Aluminium den Guss- und Bearbeitungsbereich dominiert:<\/p>\n<table>\n<thead>\n<tr>\n<th style=\"text-align: left;\">Wesentlicher Vorteil<\/th>\n<th style=\"text-align: left;\">Was es f\u00fcr Ihre Teile bedeutet<\/th>\n<\/tr>\n<\/thead>\n<tbody>\n<tr>\n<td style=\"text-align: left;\"><strong>Au\u00dfergew\u00f6hnliche Bearbeitbarkeit<\/strong><\/td>\n<td style=\"text-align: left;\">Erm\u00f6glicht schnellere Zykluszeiten und verl\u00e4ngert die Werkzeuglebensdauer bei der Nachbearbeitung von Gussteilen <a href=\"https:\/\/haoyumaterial.com\/de\/services\/machining\/\">Bearbeitungsvorg\u00e4nge<\/a> im Vergleich zu Stahl oder Eisen.<\/td>\n<\/tr>\n<tr>\n<td style=\"text-align: left;\"><strong>Hohe Festigkeit-zu-Gewicht-Verh\u00e4ltnis<\/strong><\/td>\n<td style=\"text-align: left;\">Die erste Wahl f\u00fcr Leichtbau. Sie erhalten hoch langlebige strukturelle und mechanische Komponenten ohne das schwere Volumen.<\/td>\n<\/tr>\n<tr>\n<td style=\"text-align: left;\"><strong>W\u00e4rme- &amp; Elektrischer Leitf\u00e4higkeit<\/strong><\/td>\n<td style=\"text-align: left;\">Verf\u00fcgt \u00fcber ausgezeichnete W\u00e4rmeableitungseigenschaften, was es perfekt f\u00fcr Motorenteile oder Geh\u00e4use macht, die hei\u00df werden.<\/td>\n<\/tr>\n<tr>\n<td style=\"text-align: left;\"><strong>Korrosionsbest\u00e4ndigkeit<\/strong><\/td>\n<td style=\"text-align: left;\">Bildet eine nat\u00fcrliche Oxidationsschicht, die die Ma\u00dfgenauigkeit Ihrer Gussst\u00fccke auch in rauen Arbeitsumgebungen sch\u00fctzt.<\/td>\n<\/tr>\n<\/tbody>\n<\/table>\n<p>Diese Vorteile des Kernmaterials bedeuten, dass wir nahezu netzf\u00f6rmige Formen schneller und zuverl\u00e4ssiger bearbeiten k\u00f6nnen. Durch die Wahl von Aluminium senken Sie die Gesamtkosten der Produktion und sichern hochleistungsf\u00e4hige, pr\u00e4zise bearbeitete Komponenten.<\/p>\n<h2>Aluminium-Gie\u00dfverfahren, die wir bearbeiten<\/h2>\n<p>Wir \u00fcbernehmen die Nachbearbeitung von Gussteilen mit einer Vielzahl von Verfahren. Jedes Projekt beginnt anders, aber unser Ansatz ist <strong>CNC-Bearbeitung von Aluminiumguss<\/strong> garantiert ultimative Ma\u00dfgenauigkeit. Wenn Sie verschiedene Ausgangspunkte f\u00fcr Ihre Komponenten erkunden, unser <a href=\"https:\/\/haoyumaterial.com\/de\/precision-metal-casting-guide-for-engineers-and-oem-buyers\/\">Leitfaden f\u00fcr Pr\u00e4zisionsmetallguss<\/a> erkl\u00e4rt die Grundlagen.<\/p>\n<p>Hier sind die Kern <strong>Aluminium-Gie\u00dfverfahren<\/strong> wir unterst\u00fctzen:<\/p>\n<ul>\n<li><strong>Hochdruck-Gie\u00dfen:<\/strong> Am besten geeignet f\u00fcr die Massenproduktion. Wir \u00fcbernehmen die Bearbeitung der kritischen Befestigungspunkte und enge Toleranzbohrungen, die Rohformen aus geschmolzenem Aluminium nicht perfekt herstellen k\u00f6nnen.<\/li>\n<li><strong>Sandguss:<\/strong> Sand hinterl\u00e4sst eine rauere Oberfl\u00e4che. Wir nehmen diese nahezu fertigen Formen und fr\u00e4sen sie zu Pr\u00e4zisionsteilen, was ideal f\u00fcr gro\u00dfe Komponenten oder Kleinserien ist. \u00dcberpr\u00fcfen Sie unser <a href=\"https:\/\/haoyumaterial.com\/de\/machining-casting-guide-precision-cnc-tight-tolerances\/\">Bearbeitungs-Gie\u00dfleitfaden<\/a> um zu sehen, wie wir enge Spezifikationen bei grobem Rohmaterial einhalten.<\/li>\n<li><strong>St\u00e4ndiges Formgie\u00dfen:<\/strong> Wenn Ihr Projekt hohe strukturelle Integrit\u00e4t und geringere Porosit\u00e4t erfordert, verwenden wir subtraktive Fertigung, um die Teile fertigzustellen.<\/li>\n<li><strong>Verlorener Schaumguss:<\/strong> Wir bringen die endg\u00fcltige Pr\u00e4zision in hochkomplexe, kernlose innere Geometrien, die durch dieses einzigartige Verfahren geschaffen wurden.<\/li>\n<\/ul>\n<p>Egal, welche Anfangsmethode verwendet wird, unsere Pr\u00e4zisionsbearbeitung verwandelt grob gegossene Teile in voll funktionsf\u00e4hige, montagebereite Komponenten.<\/p>\n<h2>Optimale Aluminiumlegierungen f\u00fcr CNC-Bearbeitung<\/h2>\n<p>Die Wahl der richtigen Legierung ist entscheidend, wenn man von <strong>geschmolzene Aluminiumformen<\/strong> bis zum Ende <strong>Pr\u00e4zisionsbearbeitung<\/strong>. Verschiedene <strong>Aluminium-Gie\u00dfverfahren<\/strong> Ertr\u00e4ge unterschiedliche strukturelle Eigenschaften, daher stellt die Anpassung der Legierung an den Prozess die h\u00f6chste <strong>Ma\u00dfgenauigkeit<\/strong> und langfristige Leistung sicher. Wir sind spezialisiert auf das <strong>subtraktive Fertigung<\/strong> verschiedener Aluminiumlegierungen, um die genauen Spezifikationen zu erf\u00fcllen, die Ihr Projekt erfordert.<\/p>\n<p>Hier sind die gebr\u00e4uchlichsten Legierungen, die wir verwenden, um <strong>CNC-gefr\u00e4ster Aluminiumguss<\/strong>:<\/p>\n<ul>\n<li><strong>A356 &amp; 356 Aluminium:<\/strong> Dies sind die Industriestandards f\u00fcr Sand- und Dauerformg\u00fcsse. <strong>A356 Aluminiumbearbeitung<\/strong> ist sehr gefragt, weil es ein ideales Gleichgewicht zwischen Festigkeit, Duktilit\u00e4t und hervorragender Bearbeitbarkeit bietet, was es perfekt macht f\u00fcr <a href=\"https:\/\/haoyumaterial.com\/de\/aluminum-investment-casting-company-for-precision-components\/\">Pr\u00e4zision-Aluminiumkomponenten<\/a>.<\/li>\n<li><strong>380 &amp; 413 Aluminium:<\/strong> Dies sind unsere bevorzugten Wahl f\u00fcr Druckguss. Sie sind \u00e4u\u00dferst stabil und ideal f\u00fcr Teile, die eine nachgelagerte CNC-Fertigung erfordern, wie pr\u00e4zises Gewindeschneiden, Fr\u00e4sen oder komplexe Gewindeverbindungen.<\/li>\n<li><strong>319 &amp; 333 Aluminium:<\/strong> Wenn Sie kosteng\u00fcnstige Optionen f\u00fcr allgemeine Sandgussbearbeitung ben\u00f6tigen, sind diese Legierungen \u00e4u\u00dferst zuverl\u00e4ssig. Sie bieten gute Gie\u00dfbarkeit und lassen sich leicht in nahezu fertige Formen bearbeiten, ohne das Budget zu sprengen.<\/li>\n<\/ul>\n<p>Die Auswahl des richtigen Materials von Anfang an stellt sicher, dass Ihre kundenspezifischen Aluminiumgussst\u00fccke unter realen Bedingungen einwandfrei funktionieren.<\/p>\n<h2>Der Vorteil von Vastmaterial: \u00dcberwindung von Gie\u00dfherausforderungen<\/h2>\n<p><img decoding=\"async\" src=\"https:\/\/haoyumaterial.com\/wp-content\/uploads\/2026\/03\/CNC_Machining_Aluminum_Castings_Challenges_Solutio_1.webp\" alt=\"CNC-Bearbeitung Aluminiumguss Herausforderungen L\u00f6sungen\" \/><\/p>\n<p>Das Bearbeiten von Gussst\u00fccken in nahezu fertiger Form bringt einzigartige Herausforderungen mit sich. Bei Vastmaterial verf\u00fcgen wir \u00fcber praktische Erfahrung, um Rohteile aus geschmolzenen Aluminiumformen in fehlerfreie Endprodukte zu verwandeln. Um sicherzustellen, dass Ihre Komponenten genauen Spezifikationen entsprechen, verwenden wir <a href=\"https:\/\/haoyumaterial.com\/de\/online-cnc-service-for-precision-parts-and-instant-quotes\/\">Online-CNC-Services f\u00fcr Pr\u00e4zisionsteile<\/a> fortschrittliche subtraktive Fertigung, um g\u00e4ngige Produktionsprobleme direkt anzugehen.<\/p>\n<p>So l\u00f6sen wir die schwierigsten Probleme in <strong>CNC-Bearbeitung von Aluminiumguss<\/strong>:<\/p>\n<ul>\n<li><strong>Porosit\u00e4t &amp; Einschl\u00fcsse:<\/strong> Gussteile verbergen oft mikroskopisch kleine innere Hohlr\u00e4ume. Wir verwenden optimierte Werkzeugwege und spezielle Schneidwerkzeuge, um Oberfl\u00e4chenrisse zu minimieren und die strukturelle Integrit\u00e4t Ihrer Pr\u00e4zisionsaluminiumbearbeitung vollst\u00e4ndig zu erhalten.<\/li>\n<li><strong>Thermische Verzerrung:<\/strong> Aggressives Materialentfernen erzeugt intensive Hitze, die das Metall verformen kann. Wir steuern die Hitzeentwicklung und den K\u00fchlmittelstrom w\u00e4hrend der Sekund\u00e4rbearbeitung von Gussst\u00fccken genau, um thermische Verzerrungen zu vermeiden und Ihre geforderte Ma\u00dfgenauigkeit zu sichern.<\/li>\n<li><strong>Spezielle Vorrichtungen:<\/strong> Gussteile verf\u00fcgen selten \u00fcber flache, gut greifbare Oberfl\u00e4chen. Wir entwickeln und bauen propriet\u00e4re Spannl\u00f6sungen, um unregelm\u00e4\u00dfig geformte, ma\u00dfgeschneiderte Aluminium-Gussteile sicher zu fixieren. Dies verhindert Verformungen beim Spannen und garantiert einen perfekt ausgerichteten Schnitt jedes Mal.<\/li>\n<\/ul>\n<h2>Branchen, die auf CNC-Bearbeitung von Aluminium-Gussteilen angewiesen sind<\/h2>\n<p><img decoding=\"async\" src=\"https:\/\/haoyumaterial.com\/wp-content\/uploads\/2026\/03\/CNC_Machining_Aluminum_Castings_for_Industrial_Use_1.webp\" alt=\"CNC-Bearbeitung Aluminiumguss f\u00fcr den industriellen Einsatz\" \/><\/p>\n<p>Wenn eine strenge Ma\u00dfgenauigkeit bei Gussteilen unverhandelbar ist, vertrauen gro\u00dfe globale Branchen auf unsere subtraktive Fertigung. Wir nehmen grobe Gussst\u00fccke und liefern einsatzbereite Komponenten f\u00fcr mehrere Hochleistungssektoren:<\/p>\n<ul>\n<li><strong>Automobil:<\/strong> Wir \u00fcbernehmen die komplexe Sekund\u00e4rbearbeitung von Gussteilen f\u00fcr kritische Antriebskomponenten, einschlie\u00dflich Motorbl\u00f6cken, Getriebegeh\u00e4usen und Tragkonstruktionen.<\/li>\n<li><strong>Luft- und Raumfahrt:<\/strong> Gewichtsreduzierung ist entscheidend. Wir liefern pr\u00e4zise Aluminium-Bearbeitung f\u00fcr leichte Tragkonstruktionen, die exakte, wiederholbare Toleranzen erfordern.<\/li>\n<li><strong>Industrielle Maschinen:<\/strong> Str\u00f6mungsmechanik erfordert dichte Dichtungen und perfekte Passformen. Wir fertigen Pumpengeh\u00e4use, Ventilk\u00f6rper und robuste Getriebe nach genauen Spezifikationen.<\/li>\n<li><strong>Landwirtschaft &amp; Schwerger\u00e4te:<\/strong> Wir bieten langlebige, hochfeste CNC-gefr\u00e4ste Aluminiumgussl\u00f6sungen, die den h\u00e4rtesten Au\u00dfenbedingungen standhalten.<\/li>\n<\/ul>\n<p>Jeder Sektor hat einzigartige Anforderungen an St\u00e4rke, Gewicht und Verschlei\u00dffestigkeit. Das Verst\u00e4ndnis dieser Anforderungen ist entscheidend f\u00fcr den Projekterfolg; unser <a href=\"https:\/\/haoyumaterial.com\/de\/metal-casting-material-guide-alloys-properties-selection\/\">Metallgussmaterialf\u00fchrer<\/a> zeigt, wie verschiedene Legierungen in diesen spezifischen Anwendungen performen, um sicherzustellen, dass Sie die genaue funktionale Leistung erhalten, die Ihre Branche vorschreibt.<\/p>\n<h2>Qualit\u00e4tssicherung f\u00fcr CNC-Bearbeitung von Aluminiumguss<\/h2>\n<p>Wenn wir die Sekund\u00e4rbearbeitung \u00fcbernehmen <strong>Pr\u00e4zisionsbearbeitung<\/strong> Von Ihren Gussst\u00fccken verlassen wir uns auf harte Daten, nicht auf Vermutungen. Unser strenger Inspektionsprozess garantiert das Ultimative <strong>Ma\u00dfgenauigkeit<\/strong> f\u00fcr jede Komponente, die unseren Fertigungsbereich verl\u00e4sst.<\/p>\n<p>Wir f\u00fchren eine straffe Organisation mit einem ISO-zertifizierten Qualit\u00e4tsmanagementsystem, um unseren gesamten <strong>CNC-Bearbeitung von Aluminiumgussst\u00fccken<\/strong> Arbeitsablauf.<\/p>\n<p>Hier ist genau, wie wir die Qualit\u00e4t Ihrer Teile sichern:<\/p>\n<ul>\n<li><strong>CMM-Ma\u00dfkontrolle:<\/strong> Wir verwenden Koordinatenmessmaschinen (CMM), um komplexe Geometrien und enge Toleranzen sorgf\u00e4ltig zu pr\u00fcfen. Wir erkennen Abweichungen fr\u00fchzeitig, damit Sie nur perfekte Teile erhalten.<\/li>\n<li><strong>Leck- und Druckpr\u00fcfung:<\/strong> Fluidbehandelte Gussst\u00fccke m\u00fcssen v\u00f6llig fehlerfrei sein. Wir testen diese speziellen Komponenten rigoros, um sicherzustellen, dass sie Druck standhalten, ohne Lecks zu zeigen.<\/li>\n<li><strong>Standardisierte Qualit\u00e4tskontrolle:<\/strong> Unser gesamter subtraktiver Fertigungsprozess basiert auf ISO-zertifizierten Protokollen, die vollst\u00e4ndige Wiederholbarkeit und Zuverl\u00e4ssigkeit in allen Produktionschargen gew\u00e4hrleisten.<\/li>\n<\/ul>\n<p>Wir legen vollst\u00e4ndige Transparenz \u00fcber unsere F\u00e4higkeiten, Toleranzen und Inspektionsstandards offen. F\u00fcr weitere Details zu unseren Testverfahren und Qualit\u00e4tsgarantien k\u00f6nnen Sie unsere <a href=\"https:\/\/haoyumaterial.com\/de\/faqs\/\">h\u00e4ufig gestellten Fragen<\/a>.<\/p>\n<h2>H\u00e4ufig gestellte Fragen zur CNC-Bearbeitung von Aluminiumgussteilen<\/h2>\n<h3>Warum eine Gussform bearbeiten statt eines massiven Blocks?<\/h3>\n<p>Beginnend mit einer nahezu netten Form aus <a href=\"https:\/\/haoyumaterial.com\/de\/industrial-molds-company-for-precision-casting-and-cnc\/\">geschmolzene Aluminiumformen<\/a> spart enorme Mengen an Maschinenzeit und Rohmaterial. Anstatt den gr\u00f6\u00dften Teil eines massiven Aluminiumblocks wegzuschneiden, <strong>subtraktive Fertigung<\/strong> wird nur dort verwendet, wo es absolut notwendig ist \u2013 wie beim Erreichen enger Toleranzen bei kritischen Passfl\u00e4chen, Gewinden und inneren Bohrungen. Diese Methode reduziert Abfall erheblich und senkt die Gesamtkosten pro Teil bei mittel- bis hochvolumiger Produktion.<\/p>\n<h3>Welche Toleranzen kann Vastmaterial bei gegossenen Aluminiumteilen einhalten?<\/h3>\n<p>Wir legen gro\u00dfen Wert auf strenge <strong>Ma\u00dfgenauigkeit<\/strong>. Mit unserer fortschrittlichen <strong>Pr\u00e4zisionsbearbeitung<\/strong> Ausr\u00fcstung k\u00f6nnen wir enge Toleranzen bis zu <strong>\u00b10,005 mm<\/strong>. While the exact limit can depend on the part\u2019s geometry and the specific aluminum alloy being cut, we consistently deliver aerospace-level precision on complex internal features and critical mounting points.<\/p>\n<h3>Wie beeinflusst die Gie\u00dfmethode die Kosten f\u00fcr die nachtr\u00e4gliche CNC-Bearbeitung?<\/h3>\n<p>Die anf\u00e4ngliche Gie\u00dftechnik bestimmt, wie viel \u00fcbersch\u00fcssiges Material sp\u00e4ter entfernt werden muss:<\/p>\n<ul>\n<li><strong>Hochdruck-Gie\u00dfen:<\/strong> L\u00e4sst Teile sehr nahe an ihren endg\u00fcltigen Abmessungen. Dies erfordert minimale sekund\u00e4re CNC-Bearbeitung, was zu niedrigeren Fertigungskosten pro Teil f\u00fchrt.<\/li>\n<li><strong>Sandguss:<\/strong> Wie in unserem <a href=\"https:\/\/haoyumaterial.com\/de\/the-ultimate-guide-how-does-the-sand-casting-process-work\/\">Sandgussprozessleitfaden<\/a>, beschrieben, hinterl\u00e4sst diese Methode eine rauere Oberfl\u00e4chenbeschaffenheit und mehr \u00dcberschussmaterial. Es erfordert l\u00e4ngere, aggressivere Materialentfernung, was die CNC-Zykluszeit erh\u00f6ht. Allerdings spart es erheblich bei den anf\u00e4nglichen Werkzeugkosten f\u00fcr Kleinserien.<\/li>\n<\/ul>\n<h3>\u00dcbernehmen Sie sowohl die Beschaffung des Gusses als auch die Bearbeitung?<\/h3>\n<p>Ja. Vastmaterial \u00fcbernimmt den gesamten Produktionszyklus. Vom Gie\u00dfen des Rohmaterials bis zur finalen <strong>Nachbearbeitung durch CNC nach dem Gie\u00dfen<\/strong>, wir agieren als Ihr vollst\u00e4ndiger, einzelner Fertigungspartner. Die Gie\u00dferei und die Bearbeitung unter einem Dach zu halten, garantiert strengere Qualit\u00e4tskontrolle, eliminiert Versandverz\u00f6gerungen zwischen den Anbietern und vereinfacht Ihre Lieferkette erheblich.<\/p>","protected":false},"excerpt":{"rendered":"<p>Pr\u00e4zisions-CNC-Bearbeitung von Aluminiumguss mit engen Toleranzen, \u00fcberlegene Oberfl\u00e4chen, mehrere Legierungen und Gie\u00dfverfahren f\u00fcr anspruchsvolle Branchen<\/p>","protected":false},"featured_media":2019,"comment_status":"open","ping_status":"closed","template":"","meta":{"site-sidebar-layout":"default","site-content-layout":"","ast-site-content-layout":"default","site-content-style":"default","site-sidebar-style":"default","ast-global-header-display":"","ast-banner-title-visibility":"","ast-main-header-display":"","ast-hfb-above-header-display":"","ast-hfb-below-header-display":"","ast-hfb-mobile-header-display":"","site-post-title":"","ast-breadcrumbs-content":"","ast-featured-img":"","footer-sml-layout":"","ast-disable-related-posts":"","theme-transparent-header-meta":"default","adv-header-id-meta":"","stick-header-meta":"","header-above-stick-meta":"","header-main-stick-meta":"","header-below-stick-meta":"","astra-migrate-meta-layouts":"set","ast-page-background-enabled":"default","ast-page-background-meta":{"desktop":{"background-color":"var(--ast-global-color-5)","background-image":"","background-repeat":"repeat","background-position":"center center","background-size":"auto","background-attachment":"scroll","background-type":"","background-media":"","overlay-type":"","overlay-color":"","overlay-opacity":"","overlay-gradient":""},"tablet":{"background-color":"","background-image":"","background-repeat":"repeat","background-position":"center center","background-size":"auto","background-attachment":"scroll","background-type":"","background-media":"","overlay-type":"","overlay-color":"","overlay-opacity":"","overlay-gradient":""},"mobile":{"background-color":"","background-image":"","background-repeat":"repeat","background-position":"center center","background-size":"auto","background-attachment":"scroll","background-type":"","background-media":"","overlay-type":"","overlay-color":"","overlay-opacity":"","overlay-gradient":""}},"ast-content-background-meta":{"desktop":{"background-color":"var(--ast-global-color-4)","background-image":"","background-repeat":"repeat","background-position":"center center","background-size":"auto","background-attachment":"scroll","background-type":"","background-media":"","overlay-type":"","overlay-color":"","overlay-opacity":"","overlay-gradient":""},"tablet":{"background-color":"var(--ast-global-color-4)","background-image":"","background-repeat":"repeat","background-position":"center center","background-size":"auto","background-attachment":"scroll","background-type":"","background-media":"","overlay-type":"","overlay-color":"","overlay-opacity":"","overlay-gradient":""},"mobile":{"background-color":"var(--ast-global-color-4)","background-image":"","background-repeat":"repeat","background-position":"center center","background-size":"auto","background-attachment":"scroll","background-type":"","background-media":"","overlay-type":"","overlay-color":"","overlay-opacity":"","overlay-gradient":""}}},"product_brand":[],"product_cat":[21],"product_tag":[],"class_list":{"0":"post-2022","1":"product","2":"type-product","3":"status-publish","4":"has-post-thumbnail","6":"product_cat-aluminum-alloy","7":"desktop-align-left","8":"tablet-align-left","9":"mobile-align-left","11":"first","12":"instock","13":"shipping-taxable","14":"purchasable","15":"product-type-simple"},"_links":{"self":[{"href":"https:\/\/haoyumaterial.com\/de\/wp-json\/wp\/v2\/product\/2022","targetHints":{"allow":["GET"]}}],"collection":[{"href":"https:\/\/haoyumaterial.com\/de\/wp-json\/wp\/v2\/product"}],"about":[{"href":"https:\/\/haoyumaterial.com\/de\/wp-json\/wp\/v2\/types\/product"}],"replies":[{"embeddable":true,"href":"https:\/\/haoyumaterial.com\/de\/wp-json\/wp\/v2\/comments?post=2022"}],"wp:featuredmedia":[{"embeddable":true,"href":"https:\/\/haoyumaterial.com\/de\/wp-json\/wp\/v2\/media\/2019"}],"wp:attachment":[{"href":"https:\/\/haoyumaterial.com\/de\/wp-json\/wp\/v2\/media?parent=2022"}],"wp:term":[{"taxonomy":"product_brand","embeddable":true,"href":"https:\/\/haoyumaterial.com\/de\/wp-json\/wp\/v2\/product_brand?post=2022"},{"taxonomy":"product_cat","embeddable":true,"href":"https:\/\/haoyumaterial.com\/de\/wp-json\/wp\/v2\/product_cat?post=2022"},{"taxonomy":"product_tag","embeddable":true,"href":"https:\/\/haoyumaterial.com\/de\/wp-json\/wp\/v2\/product_tag?post=2022"}],"curies":[{"name":"wp","href":"https:\/\/api.w.org\/{rel}","templated":true}]}}