{"id":2068,"date":"2026-03-19T15:28:57","date_gmt":"2026-03-19T07:28:57","guid":{"rendered":"https:\/\/haoyumaterial.com\/?post_type=product&#038;p=2068"},"modified":"2026-03-19T15:36:30","modified_gmt":"2026-03-19T07:36:30","slug":"stainless-steel-alloy-174-ph-machined-parts","status":"publish","type":"product","link":"https:\/\/haoyumaterial.com\/de\/product\/stainless-steel-alloy-174-ph-machined-parts\/","title":{"rendered":"Edelstahllegierung 17 4 PH bearbeitete Teile CNC-Dienstleistungen"},"content":{"rendered":"<h2>Was ist 17-4 PH (SAE 630) Edelstahlstahl?<\/h2>\n<p>Haben Sie Schwierigkeiten, Komponenten zu beschaffen, die extreme Festigkeit liefern, ohne die Umweltbest\u00e4ndigkeit zu beeintr\u00e4chtigen? Wenn Standard-austenitische Grade unter gro\u00dfer mechanischer Belastung scheitern, nutzen wir SAE-Grad 630.<\/p>\n<p>Wir sind auf die Herstellung leistungsstarker <strong>Edelstahllegierung 17-4 PH bearbeitete Teile<\/strong>. Auch bekannt als UNS S17400 oder 17Cr-4Ni, ist dieses vielseitige Material eine Chrom-Nickel-Copper <strong>ausf\u00e4llungsgeh\u00e4rtete Legierung<\/strong>. Seine martensitische Struktur bildet die ultimative Grundlage f\u00fcr Pr\u00e4zisionsfertigung, bei der Bauteilversagen einfach nicht in Frage kommt.<\/p>\n<h3>Wesentliche Merkmale der S17400-Legierung Pr\u00e4zisionsteile<\/h3>\n<ul>\n<li><strong>\u00dcberlegene H\u00e4rte:<\/strong> In der Lage, beeindruckende Verschlei\u00dffestigkeit zu erreichen, wobei Standard- W\u00e4rmebehandlungen das Basismaterial auf bis zu <strong>44 HRC<\/strong>.<\/li>\n<li><strong>Fortschrittliche Korrosionsbest\u00e4ndigkeit:<\/strong> Bietet Oxidations- und Rostschutz, der dem Standard-Edelstahl 304 entspricht und die F\u00e4higkeiten traditioneller martensitischer Grade der 400er-Serie deutlich \u00fcbertrifft.<\/li>\n<li><strong>Hohe Festigkeit Integrit\u00e4t:<\/strong> Speziell entwickelt, um strukturelle Stabilit\u00e4t und Streckgrenze unter schweren Lasten und intensiver mechanischer Abnutzung zu erhalten.<\/li>\n<li><strong>Ausgezeichnete Schmiedbarkeit:<\/strong> Erm\u00f6glicht es uns, effizient zu fertigen, zu formen und hochkomplexe, enge Toleranzgeometrien vor dem abschlie\u00dfenden Alterungsprozess zu bearbeiten.<\/li>\n<\/ul>\n<h2>Kundenspezifische 17-4 PH CNC-Bearbeitungsf\u00e4higkeiten<\/h2>\n<p><img decoding=\"async\" src=\"https:\/\/haoyumaterial.com\/wp-content\/uploads\/2026\/03\/17-4_PH_Stainless_Steel_Machining_Services_l4X7WcD.webp\" alt=\"17-4 PH Edelstahl Fertigungsdienste\" \/><\/p>\n<p>Bei Vastmaterial fertigen wir hochwertige <strong>Edelstahllegierung 17-4 PH bearbeitete Bauteile<\/strong> f\u00fcr anspruchsvolle globale Anwendungen. Wir optimieren unsere Produktionsprozesse, um die einzigartige Z\u00e4higkeit von SAE-Klasse 630 zu bew\u00e4ltigen und zuverl\u00e4ssige <a href=\"https:\/\/haoyumaterial.com\/de\/produkt\/austenitic-stainless-steel-grades-and-custom-precision-components\/\">kundenspezifische Pr\u00e4zisionskomponenten<\/a> bereitzustellen, die jedes Mal den genauen Vorgaben entsprechen.<\/p>\n<p>Hier ist eine Aufschl\u00fcsselung unserer Kernherstellungsf\u00e4higkeiten:<\/p>\n<ul>\n<li><strong>CNC-Swiss-Bearbeitung:<\/strong> Wir gl\u00e4nzen in der Hochvolumenherstellung <strong>Swiss-Bearbeitung<\/strong> f\u00fcr klein dimensionierte, komplizierte Bauteile. Dieser Prozess garantiert schnelle Produktionsl\u00e4ufe, ohne die Ma\u00dfhaltigkeit zu beeintr\u00e4chtigen.<\/li>\n<li><strong>Fortgeschrittene CNC-Fr\u00e4s- &amp; Drehbearbeitung:<\/strong> Unsere Mehrachskopf-Bearbeitungszentren bew\u00e4ltigen m\u00fchelos komplexe Geometrien und verwandeln feste S17400-Legierungsrohlinge in hochpr\u00e4zise Endteile.<\/li>\n<li><strong>Einfache Toleranzen:<\/strong> Pr\u00e4zisionsfertigung ist unser Standard. Abh\u00e4ngig von der spezifischen Geometrie und dem Zustand des Teils halten wir Toleranzen konstant bei <strong>+\/- 0,002 Zoll<\/strong>\u2014und h\u00e4ufig enger f\u00fcr spezialisierte Anwendungen.<\/li>\n<li><strong>Nachbearbeitung &amp; W\u00e4rmebehandlung:<\/strong> Wir verwalten den kompletten Alterungs- und Temperaturzyklus intern. Ob Ihre Bauteile die Basiszustand A ben\u00f6tigen oder auf <strong>Zustand H900<\/strong>, H1025 oder H1150 geh\u00e4rtet werden m\u00fcssen, sorgen unsere kontrollierten W\u00e4rmebehandlungsdienste daf\u00fcr, dass das Material seine Zielmechanik erreicht.<\/li>\n<\/ul>\n<h2>Mechanische Eigenschaften von 17-4 PH durch W\u00e4rmebehandlung<\/h2>\n<p>Der wahre Wert von SAE Type 630 liegt in seiner Vielseitigkeit. Durch gezielte W\u00e4rmebehandlung k\u00f6nnen wir die Festigkeit und H\u00e4rte Ihres <strong>Edelstahllegierung 17-4 PH bearbeitete Teile<\/strong> genau auf die Anwendungsanforderungen abstimmen. Egal, ob Ihr Projekt Standard-Materialcharakteristika oder hochfesten 17-4 PH Zustand H900-Bauteile erfordert, der Ausscheidungsh\u00e4rtungsprozess gibt uns volle Kontrolle \u00fcber die End- Spezifikationen.<\/p>\n<p>Um die breitere Palette an Rohmaterialien zu sehen, mit denen wir arbeiten, k\u00f6nnen Sie unsere <a href=\"https:\/\/haoyumaterial.com\/de\/produkt-kategorie\/stainless-steel\/\">Edelstahloptionen<\/a>.<\/p>\n<p>Nachfolgend finden Sie eine Aufschl\u00fcsselung der typischen mechanischen Eigenschaften, die Sie von w\u00e4rmebehandelten 17-4 PH bearbeiteten Teilen in verschiedenen Temperzust\u00e4nden erwarten k\u00f6nnen:<\/p>\n<table>\n<thead>\n<tr>\n<th style=\"text-align: left;\">Temperzustand<\/th>\n<th style=\"text-align: left;\">Streckgrenze (ksi)<\/th>\n<th style=\"text-align: left;\">Endezugfestigkeit (ksi)<\/th>\n<th style=\"text-align: left;\">Brinellh\u00e4rte<\/th>\n<th style=\"text-align: left;\">Rockwell-H\u00e4rte<\/th>\n<\/tr>\n<\/thead>\n<tbody>\n<tr>\n<td style=\"text-align: left;\"><strong>Zustand A (Basis)<\/strong><\/td>\n<td style=\"text-align: left;\">110<\/td>\n<td style=\"text-align: left;\">150<\/td>\n<td style=\"text-align: left;\">277<\/td>\n<td style=\"text-align: left;\">28 HRC<\/td>\n<\/tr>\n<tr>\n<td style=\"text-align: left;\"><strong>H900<\/strong><\/td>\n<td style=\"text-align: left;\">170<\/td>\n<td style=\"text-align: left;\">190<\/td>\n<td style=\"text-align: left;\">388<\/td>\n<td style=\"text-align: left;\">44 HRC<\/td>\n<\/tr>\n<tr>\n<td style=\"text-align: left;\"><strong>H1025<\/strong><\/td>\n<td style=\"text-align: left;\">155<\/td>\n<td style=\"text-align: left;\">170<\/td>\n<td style=\"text-align: left;\">331<\/td>\n<td style=\"text-align: left;\">35 HRC<\/td>\n<\/tr>\n<tr>\n<td style=\"text-align: left;\"><strong>H1100<\/strong><\/td>\n<td style=\"text-align: left;\">115<\/td>\n<td style=\"text-align: left;\">140<\/td>\n<td style=\"text-align: left;\">302<\/td>\n<td style=\"text-align: left;\">32 HRC<\/td>\n<\/tr>\n<tr>\n<td style=\"text-align: left;\"><strong>H1150<\/strong><\/td>\n<td style=\"text-align: left;\">105<\/td>\n<td style=\"text-align: left;\">135<\/td>\n<td style=\"text-align: left;\">277<\/td>\n<td style=\"text-align: left;\">28 HRC<\/td>\n<\/tr>\n<\/tbody>\n<\/table>\n<p><strong>Wesentliche Erkenntnisse zu Temperzust\u00e4nden:<\/strong><\/p>\n<ul>\n<li><strong>Zustand A:<\/strong> Die Baseline-L\u00f6sung-annealed Zustand, ideal f\u00fcr die anf\u00e4ngliche Bearbeitung vor dem Altern.<\/li>\n<li><strong>H900:<\/strong> Erreicht durch Erhitzen bei 900 \u00b0F. Dadurch wird die maximale Festigkeit und Spitzenh\u00e4rte (44 HRC) erzielt.<\/li>\n<li><strong>H1025 bis H1150:<\/strong> H\u00f6here Alterungstemperaturen machen die Legierung allm\u00e4hlich weicher, wodurch die endg\u00fcltige Zugfestigkeit leicht sinkt, aber die Gesamtz\u00e4higkeit und Schlagz\u00e4higkeit deutlich verbessert werden.<\/li>\n<\/ul>\n<h2>Kosten &amp; Bearbeitbarkeit von 17-4 PH<\/h2>\n<h3>Die Z\u00e4higkeit z\u00e4hmen<\/h3>\n<p>Lassen Sie uns das Elefanten im Raum ansprechen: Die Bearbeitung von 17-4 PH ist f\u00fcr Schneidwerkzeuge notorisch hart. Im Vergleich zu einer Standard-12L14-Stahl-Basis f\u00fchrt es zu einem Bearbeitungskostenfaktor von ca. 5,0. Das Material ist dicht, abrasiv und erzeugt w\u00e4hrend des Schneidens erhebliche Hitze.<\/p>\n<p>Bei Vastmaterial wissen wir, wie man effizient produziert. <strong>Edelstahllegierung 17-4 PH bearbeitete Teile<\/strong> Wir mindern aktiv diese h\u00f6heren Bearbeitungskosten und verringern den Werkzeugverschlei\u00df, indem wir:<\/p>\n<ul>\n<li><strong>Spitzen- und Vorschubparameter optimieren:<\/strong> Wir programmieren pr\u00e4zise CNC-Parameter, um Chips schnell zu entfernen und die Hitzeentwicklung zu steuern.<\/li>\n<li><strong>Verwendung hochwertiger Werkzeuge:<\/strong> Wir verwenden spezialisierte Hochleistungs-Karbid-Schneidwerkzeuge, die speziell f\u00fcr die Bearbeitung von aush\u00e4rtenden Edelstahllegierungen entwickelt wurden.<\/li>\n<li><strong>F\u00fcr robuste Aufbauten sorgen:<\/strong> Wir verwenden schwere Befestigungselemente, um Vibrationen zu eliminieren, was enge Toleranzen h\u00e4lt und die Lebensdauer unserer Werkzeuge verl\u00e4ngert.<\/li>\n<\/ul>\n<h3>Wann ist 17-4 PH die Investition wert?<\/h3>\n<p>Da die Bearbeitungszeit l\u00e4nger ist, muss die Wahl der individuellen 17-4 PH CNC-Bearbeitung finanziell sinnvoll f\u00fcr Ihr Projekt sein.<\/p>\n<ul>\n<li><strong>W\u00e4hlen Sie 303 oder 316, wenn:<\/strong> Ihr Design nur grundlegenden Korrosionsschutz, m\u00e4\u00dfige Festigkeit und Standardleistung erfordert. Diese Alternativen sind billiger und lassen sich viel schneller bearbeiten.<\/li>\n<li><strong>Investieren Sie in 17-4 PH, wenn:<\/strong> Ihre Anwendung eine enorme Festigkeits-Gewichts-Verh\u00e4ltnis, extreme Verschlei\u00dffestigkeit, hohe H\u00e4rtef\u00e4higkeiten (bis zu 44 HRC) und minimale Verformung w\u00e4hrend der W\u00e4rmebehandlung erfordert.<\/li>\n<\/ul>\n<p>Die materialgerechte Abstimmung auf die mechanischen Anforderungen Ihrer Anwendung ist der ultimative Weg, um Fertigungskosten zu kontrollieren. Wenn Sie derzeit Ihre Materialoptionen abw\u00e4gen, hilft das Verst\u00e4ndnis der <a href=\"https:\/\/haoyumaterial.com\/de\/casted-stainless-steel-guide-benefits-and-grades\/\">Vorteile und Qualit\u00e4ten von Edelstahl<\/a> Ihnen dabei, die absolut beste und kosteneffizienteste Legierung f\u00fcr Ihren spezifischen Produktionslauf zu bestimmen.<\/p>\n<h2>Branchen, die Edelstahllegierung 17-4 PH bearbeitete Teile verwenden<\/h2>\n<p><img decoding=\"async\" src=\"https:\/\/haoyumaterial.com\/wp-content\/uploads\/2026\/03\/17-4_PH_Stainless_Steel_Machined_Parts_Application_1.webp\" alt=\"Anwendungen von 17-4 PH Edelstahl bearbeiteten Teilen\" \/><\/p>\n<p>Wir fertigen <strong>Edelstahllegierung 17-4 PH bearbeitete Bauteile<\/strong> f\u00fcr Sektoren, die einfach keine Kompromisse bei Festigkeit und Korrosionsbest\u00e4ndigkeit eingehen k\u00f6nnen. Wenn ein Versagen keine Option ist, liefert dieser SAE-Typ-630-Edelstahl die notwendige Haltbarkeit.<\/p>\n<p>Hier kommt es darauf an, wo unsere Bearbeitungsdienstleistungen f\u00fcr precipitationsgeh\u00e4rteten Edelstahl den gr\u00f6\u00dften Einfluss haben:<\/p>\n<ul>\n<li><strong>Luft- und Raumfahrt &amp; Verteidigung:<\/strong> Wir fertigen robuste Strukturteile, Landeklappenkomponenten und <strong>ma\u00dfgeschneiderte aerospace 17-4 PH Verschraubungen<\/strong> entwickelt, um extremem Stress in anspruchsvollen Bedingungen standzuhalten <a href=\"https:\/\/haoyumaterial.com\/de\/industries\/aerospace\/\">Luft- und Raumfahrtindustrieanwendungen<\/a>.<\/li>\n<li><strong>\u00d6l &amp; Gas \/ Petrochemie:<\/strong> Raue Offshore- und Raffinerieumgebungen erfordern harte Materialien. Wir liefern schwerf\u00e4llige Ventilst\u00e4mme, langlebige Pumpenwelle und \u00e4u\u00dferst zuverl\u00e4ssige <strong>CNC-bearbeitete 17-4 Pumpendichtungen<\/strong>.<\/li>\n<li><strong>Medizin:<\/strong> Die Festigkeit des Materials und seine Sterilisierbarkeit machen es ideal f\u00fcr <strong>17-4 PH Medizintechnik-Bearbeitung<\/strong>. Wir fertigen regelm\u00e4\u00dfig robuste chirurgische Instrumente und langlebige Ausr\u00fcstungskomponenten.<\/li>\n<li><strong>Automobil &amp; Marine:<\/strong> Von hochgradig ausrichtungsfeindlichen Abst\u00e4nden und schweren Aufh\u00e4ngungsgelenken bis hin zu <strong>pr\u00e4zisionsgedrehten 17-4 PH Wellen<\/strong> f\u00fcr Bootpropeller, gedeiht dieses Legierung unter schweren mechanischen Belastungen und Salzwasserexposition.<\/li>\n<\/ul>\n<h2>Qualit\u00e4tssicherung f\u00fcr Edelstahllegierung 17-4 PH bearbeitete Teile<\/h2>\n<p>Bei Vastmaterial wissen wir, dass zuverl\u00e4ssige <strong>Edelstahllegierung 17-4 PH bearbeitete Bauteile<\/strong> Lieferung bedeutet, keine Kompromisse zu machen. Pr\u00e4zisionsfertigung erfordert eine strikte Aufsicht von Anfang bis Ende. Unser Engagement f\u00fcr Exzellenz spiegelt sich in allen unseren Abl\u00e4ufen wider, basierend auf einer Grundlage robuster <a href=\"https:\/\/haoyumaterial.com\/de\/alloy-cast-steel-factory-capabilities-processes-and-quality\/\">Fabrikkapazit\u00e4ten und Qualit\u00e4tsprozesse<\/a> entwickelt, um globale Marktnachfragen zu erf\u00fcllen.<\/p>\n<h3>Fertigungszertifizierungen<\/h3>\n<p>Wir untermauern unsere ma\u00dfgeschneiderten 17-4 PH CNC-Bearbeitungsdienstleistungen mit branchenf\u00fchrenden Standards, damit Sie genau das erhalten, was Sie ben\u00f6tigen:<\/p>\n<ul>\n<li><strong>ISO 9001:2015:<\/strong> Sichert eine konsistente, hochwertige Produktion und kontinuierliche Prozessverbesserung in unserer gesamten Anlage.<\/li>\n<li><strong>ITAR-Registrierung:<\/strong> Vollst\u00e4ndig konforme und sichere Fertigung f\u00fcr Verteidigungs-, Luft- und Raumfahrt- sowie Milit\u00e4rvertr\u00e4ge.<\/li>\n<\/ul>\n<h3>Fortschrittliche Pr\u00fcfung &amp; R\u00fcckverfolgbarkeit<\/h3>\n<p>Wenn Sie S17400-Legierungspr\u00e4zisionsteile bei uns beziehen, sind Genauigkeit und Verantwortlichkeit in den Arbeitsablauf integriert:<\/p>\n<ul>\n<li><strong>CMM-Inspektion:<\/strong> Wir nutzen fortschrittliche Koordinatenmessmaschinen (CMM), um die engsten Toleranzen und komplexesten Geometrien zu \u00fcberpr\u00fcfen.<\/li>\n<li><strong>Vollst\u00e4ndige Materialr\u00fcckverfolgbarkeit:<\/strong> Jede Sendung enth\u00e4lt komplette Materialr\u00fcckmeldedokumente (MTRs) direkt aus der Box, die Ihnen 100% Vertrauen in die Materialien geben, die in Ihre Endprodukte eingehen.<\/li>\n<\/ul>\n<h2>FAQ: Edelstahllegierung 17-4 PH bearbeitete Teile<\/h2>\n<h3>Ben\u00f6tigt 17-4 PH Vorw\u00e4rmung zum Schwei\u00dfen?<\/h3>\n<p>Nein. Unsere <strong>Edelstahllegierung 17-4 PH bearbeitete Teile<\/strong> lassen sich gut schwei\u00dfen. Sie k\u00f6nnen die Vorw\u00e4rm- und Nachw\u00e4rmschritte vollst\u00e4ndig \u00fcberspringen. Dies erleichtert das Zusammenbauen undHerstellung von SAE-Typ 630-Edelstahlteilen erheblich und ist im Vergleich zu anderen hochfesten Legierungen kosteneffizient.<\/p>\n<h3>Was ist die Vorlaufzeit f\u00fcr ma\u00dfgeschneiderte 17-4 PH-Teile?<\/h3>\n<p>Es h\u00e4ngt von der Komplexit\u00e4t der Geometrie und der Auftragsgr\u00f6\u00dfe ab. In der Regel dauern Standard <strong>ma\u00dfgeschneiderte 17-4 PH CNC-Bearbeitung<\/strong> Projekte etwa 2 bis 4 Wochen. Wenn Ihr spezifischer Auftrag eine W\u00e4rmebehandlung erfordert, um zu liefern <strong>17-4 PH Zustand H900 Komponenten<\/strong>, rechnen Sie einfach mit ein paar zus\u00e4tzlichen Tagen f\u00fcr uns, um jenen spezifischen Alterungsprozess in-house abzuschlie\u00dfen.<\/p>\n<h3>\u00dcbernehmen Sie Prototyping und Hochvolumenl\u00e4ufe?<\/h3>\n<p>Ja, wir \u00fcbernehmen beides. Wir skalieren unsere Fertigung direkt auf Ihre Projektbed\u00fcrfnisse. Wir f\u00fchren routinem\u00e4\u00dfig kleine Prototypenchargen von <strong>S17400-Legierungen Pr\u00e4zisionsteilen<\/strong> f\u00fcr Tests durch, und wir k\u00f6nnen nahtlos auf die Hochvolumenproduktion umstellen, indem wir unsere dedizierten 17-4 PH Swiss-Bearbeitungsdienstleistungen nutzen. Falls Sie w\u00e4hrend der Prototypenphase Materialien noch pr\u00fcfen, k\u00f6nnen wir auch <a href=\"https:\/\/haoyumaterial.com\/de\/produkt\/410-ss-material\/\">410 Edelstahl<\/a> Alternativen bearbeiten, damit Sie verschiedene mechanische Eigenschaften nebeneinander testen und vergleichen k\u00f6nnen.<\/p>","protected":false},"excerpt":{"rendered":"<p>Individuelle Edelstahllegierung 17-4 PH bearbeitete Teile mit CNC-Swiss-Drehung engen Toleranzen und W\u00e4rmebehandlung hohe Festigkeit Korrosionsbest\u00e4ndigkeit<\/p>","protected":false},"featured_media":2065,"comment_status":"open","ping_status":"closed","template":"","meta":{"site-sidebar-layout":"default","site-content-layout":"","ast-site-content-layout":"default","site-content-style":"default","site-sidebar-style":"default","ast-global-header-display":"","ast-banner-title-visibility":"","ast-main-header-display":"","ast-hfb-above-header-display":"","ast-hfb-below-header-display":"","ast-hfb-mobile-header-display":"","site-post-title":"","ast-breadcrumbs-content":"","ast-featured-img":"","footer-sml-layout":"","ast-disable-related-posts":"","theme-transparent-header-meta":"default","adv-header-id-meta":"","stick-header-meta":"","header-above-stick-meta":"","header-main-stick-meta":"","header-below-stick-meta":"","astra-migrate-meta-layouts":"set","ast-page-background-enabled":"default","ast-page-background-meta":{"desktop":{"background-color":"var(--ast-global-color-5)","background-image":"","background-repeat":"repeat","background-position":"center center","background-size":"auto","background-attachment":"scroll","background-type":"","background-media":"","overlay-type":"","overlay-color":"","overlay-opacity":"","overlay-gradient":""},"tablet":{"background-color":"","background-image":"","background-repeat":"repeat","background-position":"center center","background-size":"auto","background-attachment":"scroll","background-type":"","background-media":"","overlay-type":"","overlay-color":"","overlay-opacity":"","overlay-gradient":""},"mobile":{"background-color":"","background-image":"","background-repeat":"repeat","background-position":"center center","background-size":"auto","background-attachment":"scroll","background-type":"","background-media":"","overlay-type":"","overlay-color":"","overlay-opacity":"","overlay-gradient":""}},"ast-content-background-meta":{"desktop":{"background-color":"var(--ast-global-color-4)","background-image":"","background-repeat":"repeat","background-position":"center center","background-size":"auto","background-attachment":"scroll","background-type":"","background-media":"","overlay-type":"","overlay-color":"","overlay-opacity":"","overlay-gradient":""},"tablet":{"background-color":"var(--ast-global-color-4)","background-image":"","background-repeat":"repeat","background-position":"center center","background-size":"auto","background-attachment":"scroll","background-type":"","background-media":"","overlay-type":"","overlay-color":"","overlay-opacity":"","overlay-gradient":""},"mobile":{"background-color":"var(--ast-global-color-4)","background-image":"","background-repeat":"repeat","background-position":"center center","background-size":"auto","background-attachment":"scroll","background-type":"","background-media":"","overlay-type":"","overlay-color":"","overlay-opacity":"","overlay-gradient":""}}},"product_brand":[],"product_cat":[17],"product_tag":[],"class_list":{"0":"post-2068","1":"product","2":"type-product","3":"status-publish","4":"has-post-thumbnail","6":"product_cat-stainless-steel","7":"desktop-align-left","8":"tablet-align-left","9":"mobile-align-left","11":"first","12":"instock","13":"shipping-taxable","14":"purchasable","15":"product-type-simple"},"_links":{"self":[{"href":"https:\/\/haoyumaterial.com\/de\/wp-json\/wp\/v2\/product\/2068","targetHints":{"allow":["GET"]}}],"collection":[{"href":"https:\/\/haoyumaterial.com\/de\/wp-json\/wp\/v2\/product"}],"about":[{"href":"https:\/\/haoyumaterial.com\/de\/wp-json\/wp\/v2\/types\/product"}],"replies":[{"embeddable":true,"href":"https:\/\/haoyumaterial.com\/de\/wp-json\/wp\/v2\/comments?post=2068"}],"wp:featuredmedia":[{"embeddable":true,"href":"https:\/\/haoyumaterial.com\/de\/wp-json\/wp\/v2\/media\/2065"}],"wp:attachment":[{"href":"https:\/\/haoyumaterial.com\/de\/wp-json\/wp\/v2\/media?parent=2068"}],"wp:term":[{"taxonomy":"product_brand","embeddable":true,"href":"https:\/\/haoyumaterial.com\/de\/wp-json\/wp\/v2\/product_brand?post=2068"},{"taxonomy":"product_cat","embeddable":true,"href":"https:\/\/haoyumaterial.com\/de\/wp-json\/wp\/v2\/product_cat?post=2068"},{"taxonomy":"product_tag","embeddable":true,"href":"https:\/\/haoyumaterial.com\/de\/wp-json\/wp\/v2\/product_tag?post=2068"}],"curies":[{"name":"wp","href":"https:\/\/api.w.org\/{rel}","templated":true}]}}