{"id":2076,"date":"2026-03-23T12:51:37","date_gmt":"2026-03-23T04:51:37","guid":{"rendered":"https:\/\/haoyumaterial.com\/?post_type=product&#038;p=2076"},"modified":"2026-03-23T13:06:40","modified_gmt":"2026-03-23T05:06:40","slug":"5620-alloy-steel-machining","status":"publish","type":"product","link":"https:\/\/haoyumaterial.com\/de\/product\/5620-alloy-steel-machining\/","title":{"rendered":"5620 Legierungsstahl Bearbeitungsdienstleistungen f\u00fcr AMS 5620 und SAE 5620"},"content":{"rendered":"<h2>Was ist 5620 Legierungsstahl? Verst\u00e4ndnis Ihrer Materialoptionen<\/h2>\n<p>Wenn Sie <strong>5620 Legierungsstahlbearbeitung<\/strong>, \u00fcblicherweise schauen Sie sich zwei v\u00f6llig unterschiedliche Metalle basierend auf dem Pr\u00e4fix an. Eine falsche Materialangabe verschwendet Zeit und ruiniert Produktionsl\u00e4ufe. Wir kl\u00e4ren diese Spezifikationen sofort, um sicherzustellen, dass Ihre <strong>5620 bearbeitete Teile aus Legierungsstahl<\/strong> genau so funktionieren wie angegeben.<\/p>\n<h3>SAE 5620 &amp; 86L20 Leichtbaust\u00e4hle<\/h3>\n<p>Die Bezeichnung SAE 5620 \u00e4hnelt eng <strong>86L20 Leichtlegierungen<\/strong> Materialien. Diese sind <strong>niedriglegierte St\u00e4hle<\/strong> speziell f\u00fcr schwere Verschlei\u00dfanwendungen entwickelt. Wir verwenden diese Karbonierungsgrade, wenn Sie Teile ben\u00f6tigen, die Sto\u00df absorbieren, ohne zu brechen.<\/p>\n<ul>\n<li><strong>H\u00e4rter Kern:<\/strong> Bietet hohe Duktilit\u00e4t und Schlagz\u00e4higkeit.<\/li>\n<li><strong>Oberfl\u00e4chenh\u00e4rte:<\/strong> Reagiert perfekt auf Karbonisierung f\u00fcr eine verschlei\u00dffeste H\u00fclle.<\/li>\n<li><strong>Bearbeitbarkeit:<\/strong> Verh\u00e4lt sich wie ein echter frei zerspanender Stahl, der Werkzeugverschlei\u00df reduziert und Ihre Produktionskosten senkt.<\/li>\n<\/ul>\n<h3>AMS 5620 (Legierter 420F-Edelstahl)<\/h3>\n<p>Wenn Ihre Zeichnung angibt <strong>AMS5620<\/strong>, ben\u00f6tigen Sie tats\u00e4chlich <strong>Legierung 420F<\/strong> Edelstahl. Dies ist eine <strong>mittelkohlenstoffhaltige<\/strong>, <strong>frei zerspanbare<\/strong> Grade. Wir bearbeiten diese spezifische Legierung, wenn Ihre Bauteile eine hohe H\u00e4rte in Verbindung mit zuverl\u00e4ssigen <strong>korrosionsbest\u00e4ndig<\/strong> Eigenschaften verlangen. Es ist unsere Standardwahl f\u00fcr Hochvolumenl\u00e4ufe, die sowohl Kantenerhalt als auch schnelle Zyklen erfordern.<\/p>\n<h3>Schneller Materialvergleich<\/h3>\n<table>\n<thead>\n<tr>\n<th style=\"text-align: left;\">Spezifikation<\/th>\n<th style=\"text-align: left;\">Grundmetallart<\/th>\n<th style=\"text-align: left;\">Kern-Eigenschaften<\/th>\n<th style=\"text-align: left;\">G\u00e4ngige Anwendungsf\u00e4lle<\/th>\n<\/tr>\n<\/thead>\n<tbody>\n<tr>\n<td style=\"text-align: left;\"><strong>SAE 5620 \/ 86L20<\/strong><\/td>\n<td style=\"text-align: left;\">Niedriglegierter Stahl<\/td>\n<td style=\"text-align: left;\">Hohe Kerntoughness, Verg\u00fctungsgrad<\/td>\n<td style=\"text-align: left;\">R\u00e4der, Ritzel, Verzahntr\u00e4ger<\/td>\n<\/tr>\n<tr>\n<td style=\"text-align: left;\"><strong>AMS 5620 (420F)<\/strong><\/td>\n<td style=\"text-align: left;\">Edelstahl<\/td>\n<td style=\"text-align: left;\">hardenbar, m\u00e4\u00dfige Korrosionsbest\u00e4ndigkeit<\/td>\n<td style=\"text-align: left;\">Pumpenwellen, Ventilkomponenten, Handwerkzeuge<\/td>\n<\/tr>\n<\/tbody>\n<\/table>\n<h2>Vastmaterials 5620 Stahl Bearbeitungsf\u00e4higkeiten<\/h2>\n<p>Bei Vastmaterial spezialisieren wir uns auf <strong>5620 Legierungsstahlbearbeitung<\/strong>, zuverl\u00e4ssig Komponenten f\u00fcr anspruchsvolle globale Anwendungen liefern. Ob Ihr Projekt 86L20-Leichtlegierungsbearbeitung oder spezifische Alloy 420F-Edelstahlteile erfordert, ist unsere Einrichtung darauf ausgelegt, die einzigartige Bearbeitbarkeit dieser Materialien mit vollst\u00e4ndiger Effizienz zu bew\u00e4ltigen.<\/p>\n<h3>Pr\u00e4zisions-CNC- und Schweizer Bearbeitung 5620<\/h3>\n<p>Unsere Fertigungsfl\u00e4che nutzt modernste Ausstattung, um erstklassige Ergebnisse zu liefern <strong>AMS 5620 Bearbeitungsdienstleistungen<\/strong>. Wir ordnen der richtigen Maschine Ihre spezifische Bauteilgeometrie zu, um die Effizienz zu maximieren und Kosten zu senken.<\/p>\n<ul>\n<li><strong>Moderne CNC-Bearbeitung:<\/strong> Wir verwenden Mehr-Achs-CNC-Dreh- und Fr\u00e4szentren, ideal f\u00fcr mittlere bis gro\u00dfe SAE 5620-Stahlkomponenten, die strikte Wiederholgenauigkeit erfordern.<\/li>\n<li><strong>Pr\u00e4zisions-Schweizbearbeitung:<\/strong> F\u00fcr kleine, komplexe oder schlanke Teile bew\u00e4ltigt unsere Pr\u00e4zisions-Schweizbearbeitung 5620-Stahl tadellos, verhindert Durchbiegungen und erh\u00e4lt die Genauigkeit.<\/li>\n<\/ul>\n<p>Durchgehend hochwertige Produkte <a href=\"https:\/\/haoyumaterial.com\/de\/produkt\/alloy-steel-machined-parts\/\">bearbeitete Legierungsstahl-Teile<\/a> erfordert starre Maschinenaufbauten und spezialisierte Schnittechniken, beides haben wir \u00fcber Jahre des engagierten Betriebs perfektioniert.<\/p>\n<h3>Toleranzen &amp; Oberfl\u00e4chenfinish<\/h3>\n<p>Wir halten eine strenge Kontrolle \u00fcber unsere Bearbeitungsumgebung aufrecht, um sicherzustellen, dass jedes Bauteil Ihre exakten Druckvorgaben erf\u00fcllt.<\/p>\n<ul>\n<li><strong>Enge Toleranzen:<\/strong> Wir halten straffe Toleranzen <strong>bis zu<\/strong> \u00b10,0005 Zoll (\u00b10,012 mm).<\/li>\n<li><strong>\u00dcberlegene Oberfl\u00e4chenfinishs:<\/strong> Durch die Ausnutzung der freifressbaren Eigenschaften von G\u00fcten wie 420F erzielen wir glatte, gleichm\u00e4\u00dfige Oberfl\u00e4chen direkt aus der Maschine, was oft die Notwendigkeit kostspieliger Nachbearbeitung reduziert.<\/li>\n<\/ul>\n<h3>Herstellung von Hochvolumen-Edelstahl-Legierungsstahl<\/h3>\n<p>Unsere Betriebe sind vollst\u00e4ndig skalierbar, um Ihren Produktionsanforderungen gerecht zu werden. Von der ersten Prototypr\u00e4um bis <strong>Herstellung von Hochvolumen-Edelstahl-Legierungsstahl<\/strong>, optimieren wir unsere Programmierung und Werkzeuge, um Taktzeiten zu reduzieren. Diese Skalierbarkeit sorgt daf\u00fcr, dass Sie unabh\u00e4ngig davon, ob Sie einige Hundert oder Zehntausende von <strong>5620 bearbeitete Teile aus Legierungsstahl<\/strong>, konsistente Qualit\u00e4t und zuverl\u00e4ssige Lieferpl\u00e4ne erhalten.<\/p>\n<h2>5620 Stahl Mechanische Eigenschaften &amp; Technik-Spezifikationen<\/h2>\n<p><img decoding=\"async\" src=\"https:\/\/haoyumaterial.com\/wp-content\/uploads\/2026\/03\/5620_Alloy_Steel_Machining_Properties_Ulk1CQDEk.webp\" alt=\"Bearbeitungs-Eigenschaften f\u00fcr 5620-Edelstahl\" \/><\/p>\n<p>Bei der Beschaffung zuverl\u00e4ssiger <strong>5620 bearbeitete Teile aus Legierungsstahl<\/strong>, ist es entscheidend, die genauen technischen Spezifikationen Ihres Materials zu kennen. Wir behandeln verschiedene Varianten dieses Metalls, von Carburierg\u00fcten bis zu h\u00e4rtbaren freifressbaren Stainless-Optionen. Um sicherzustellen, dass Ihre Bauteile den strengsten Branchenstandards entsprechen, richtet sich unsere Produktion direkt nach unserer umfassenden <a href=\"https:\/\/haoyumaterial.com\/de\/machining-casting-guide-precision-cnc-tight-tolerances\/\">Fr\u00e4senleitfaden f\u00fcr Pr\u00e4zisions-CNC und enge Toleranzen<\/a>.<\/p>\n<h3>SAE 5620 &amp; 86L20 Leichtlegierter Fertigungsbearbeitung<\/h3>\n<p>SAE 5620 und dem eng verwandten 86L20 sind <strong>niedriglegierte St\u00e4hle<\/strong> auf reine Fertigungseffizienz ausgelegt. Die bewusste Zugabe von Blei macht dies zu einer Spitzenwahl f\u00fcr <strong>freifressbaren Stahl-Drehen<\/strong>, was die Schnittgeschwindigkeiten drastisch erh\u00f6ht, ohne die Kernbauteilfestigkeit zu beeintr\u00e4chtigen.<\/p>\n<ul>\n<li><strong>Materialart:<\/strong> Niedriglegierter Stahl mit geringem Kohlenstoffgehalt.<\/li>\n<li><strong>Wichtigster Vorteil:<\/strong> Au\u00dfergew\u00f6hnlich <strong>Bearbeitbarkeit von 5620 Stahl<\/strong> f\u00fcr schnellere Taktzeiten.<\/li>\n<li><strong>W\u00e4rmebehandlung:<\/strong> Ideal f\u00fcr Carburieren (Gasnitrieren), um einen z\u00e4hen Kern mit einer sehr verschlei\u00dffesten Oberfl\u00e4che zu erreichen.<\/li>\n<li><strong>Am besten geeignet f\u00fcr:<\/strong> Hochvolumenlegierungsstahlherstellung und -komplexit\u00e4t <strong>SAE 5620-Stahlkomponenten<\/strong>.<\/li>\n<\/ul>\n<h3>Aluminium 420F Edelstahlteile (AMS 5620)<\/h3>\n<p>Wenn Ihr Projekt sowohl physische Haltbarkeit als auch Schutz vor Witterungseinfl\u00fcssen erfordert, unser <strong>AMS 5620 Bearbeitungsdienstleistungen<\/strong> unter Verwendung von Alloy 420F ist die genaue L\u00f6sung. Dies ist ein <strong>mittelkohliger h\u00e4rtbarer Stahl<\/strong> der eine hohe mechanische Festigkeit mit hervorragender Rostbest\u00e4ndigkeit verbindet.<\/p>\n<table>\n<thead>\n<tr>\n<th style=\"text-align: left;\">Eigenschaftsfokus<\/th>\n<th style=\"text-align: left;\">AMS 5620 (420F) F\u00e4higkeiten<\/th>\n<\/tr>\n<\/thead>\n<tbody>\n<tr>\n<td style=\"text-align: left;\"><strong>Klassifizierung<\/strong><\/td>\n<td style=\"text-align: left;\">Martensitischer Edelstahl (mittlere Kohlenstoffstufe)<\/td>\n<\/tr>\n<tr>\n<td style=\"text-align: left;\"><strong>Haltbarkeit<\/strong><\/td>\n<td style=\"text-align: left;\">Vollst\u00e4ndig h\u00e4rtbar durch Standardw\u00e4rmebehandlung<\/td>\n<\/tr>\n<tr>\n<td style=\"text-align: left;\"><strong>Umgebung<\/strong><\/td>\n<td style=\"text-align: left;\">Hoch <strong>korrosionsbest\u00e4ndig<\/strong> gegen Witterung und milde Chemikalien<\/td>\n<\/tr>\n<tr>\n<td style=\"text-align: left;\"><strong>Maschinenbearbeitung<\/strong><\/td>\n<td style=\"text-align: left;\">Speziell modifiziert f\u00fcr schnelle, pr\u00e4zise CNC-Drehbearbeitung<\/td>\n<\/tr>\n<tr>\n<td style=\"text-align: left;\"><strong>Typische Ausgabe<\/strong><\/td>\n<td style=\"text-align: left;\"><strong>Individuelle 420F Pumpenwellen<\/strong>, automatisierte Ventile und Befestigungselemente<\/td>\n<\/tr>\n<\/tbody>\n<\/table>\n<p>Ganz gleich, ob Ihre Zeichnungen eine einfache 86L20-Drehung oder hoch spezialisierte <strong>AMS 5620<\/strong> Produktion erfordern, gleichen wir die genauen mechanischen Eigenschaften an die einzigartigen Belastungs- und Umgebungsanforderungen Ihrer Anwendung an.<\/p>\n<h2>Wichtige Vorteile der Bearbeitung von 5620-Legierungstahl<\/h2>\n<p>Wenn wir herstellen <strong>5620 bearbeitete Teile aus Legierungsstahl<\/strong>, die inh\u00e4renten Eigenschaften des Materials verschaffen uns einen massiven Produktionvorteil. Ob wir AMS 5620 oder 86L20 Leichtstahl schneiden, die betrieblichen Vorteile wandeln sich direkt in bessere Preisgestaltung und schnellere Lieferung f\u00fcr unsere globalen Kunden um.<\/p>\n<h3>Optimierte Zykluszeiten<\/h3>\n<ul>\n<li><strong>Schneller Durchsatz:<\/strong> Die harte frei zerspanende Natur dieses Stahls erm\u00f6glicht es uns, unsere Maschinen mit h\u00f6heren Schnitttreffen zu betreiben.<\/li>\n<li><strong>Maximale Effizienz:<\/strong> Durch den Einsatz unserer <a href=\"https:\/\/haoyumaterial.com\/de\/produkt\/custom-machined-metal-part-cnc-services-for-tight-tolerances\/\">ma\u00dfgeschneiderten bearbeiteten Metallteile CNC-Dienstleistungen<\/a>, reduzieren wir die Taktzeiten drastisch. Dies ist besonders kritisch, um Kosten w\u00e4hrend Hochvolumen-Produktionsl\u00e4ufen von Legierungsst\u00e4hlen niedrig zu halten.<\/li>\n<\/ul>\n<h3>Verl\u00e4ngerte Werkzeuglebensdauer<\/h3>\n<ul>\n<li><strong>Reduzierter Werkzeugverschlei\u00df:<\/strong> Die au\u00dfergew\u00f6hnliche Zerspanbarkeit dieser kohlenstoffarmen Stahllegierungen minimiert die Reibung, die Einlagen beim Schneiden zerst\u00f6rt.<\/li>\n<li><strong>Unersch\u00fctterliche Pr\u00e4zision:<\/strong> Weniger Werkzeugdegradation bedeutet, dass wir Toleranzen vom ersten Teil bis zum hunderttausendsten Teil genau halten und so Ihre Gesamtherstellungskosten senken.<\/li>\n<\/ul>\n<h3>Totale Vielseitigkeit<\/h3>\n<ul>\n<li><strong>Breites Spektrum:<\/strong> Von korrosionsbest\u00e4ndigen Alloy-420F-Edelstahlteilen, die in der Fluidbeherrschung eingesetzt werden, bis hin zu z\u00e4hen Anwendungen mit mittlerem Kohlenstoff, dieses Metall passt sich leicht an strenge Branchenanforderungen an.<\/li>\n<li><strong>Fertigungsflexibilit\u00e4t:<\/strong> Es arbeitet fehlerfrei in verschiedenen Aufbauarten, von Schwerbearbeitung bis Pr\u00e4zisions-Schweizerbearbeitung.<\/li>\n<\/ul>\n<h3>\u00dcbersicht zu 5620 Bearbeitungs Vorteilen<\/h3>\n<table>\n<thead>\n<tr>\n<th style=\"text-align: left;\">Kernvorteil<\/th>\n<th style=\"text-align: left;\">Fertigungswirkung<\/th>\n<th style=\"text-align: left;\">Wichtige Materialprofile<\/th>\n<\/tr>\n<\/thead>\n<tbody>\n<tr>\n<td style=\"text-align: left;\"><strong>Optimierte Zykluszeiten<\/strong><\/td>\n<td style=\"text-align: left;\">K\u00fcrzere Vorlaufzeiten und schnelle Auftragsabwicklung<\/td>\n<td style=\"text-align: left;\">Schnellbearbeitungsstahl Drehen<\/td>\n<\/tr>\n<tr>\n<td style=\"text-align: left;\"><strong>Verl\u00e4ngerte Werkzeuglebensdauer<\/strong><\/td>\n<td style=\"text-align: left;\">Niedrigere Gemeinkosten und gleichbleibende Bauteilgenauigkeit<\/td>\n<td style=\"text-align: left;\">Niedrigkohlenstoff &amp; 86L20 Niederlegierte<\/td>\n<\/tr>\n<tr>\n<td style=\"text-align: left;\"><strong>Materialvielfalt<\/strong><\/td>\n<td style=\"text-align: left;\">Anpassungsf\u00e4hig an vielf\u00e4ltige und raue Umgebungen<\/td>\n<td style=\"text-align: left;\">Legierung 420F &amp; AMS 5620<\/td>\n<\/tr>\n<\/tbody>\n<\/table>\n<h2>G\u00e4ngige Anwendungen &amp; Bediente Branchen<\/h2>\n<p>Da dieses Material eine einzigartige Balance zwischen Bearbeitbarkeit, Festigkeit und Haltbarkeit bietet, unsere <strong>5620 bearbeitete Teile aus Legierungsstahl<\/strong> sind in mehreren globalen Sektoren unverzichtbar. Wir liefern regelm\u00e4\u00dfig Komponenten, die die Zuverl\u00e4ssigkeit von mittelkohlenstoffhaltigen und h\u00e4rtbaren freimachenden Eigenschaften ben\u00f6tigen.<\/p>\n<h3>Typische Bearbeitete Teile<\/h3>\n<p>Unsere Produktionslinien bearbeiten alles von einfachen Bolzen bis hin zu komplexen Geometrien. Hier ist, was wir typischerweise herstellen:<\/p>\n<ul>\n<li><strong>Individuelle 420F Pumpenwellen:<\/strong> F\u00fcr raue Umgebungen konzipiert, die zuverl\u00e4ssige, korrosionsbest\u00e4ndige Stahl-CNC-F\u00e4higkeiten verlangen.<\/li>\n<li><strong>Zahnr\u00e4der und Ritzel:<\/strong> Unter Nutzung von 86L20 Niederlegierter f\u00fcr herausragende Oberfl\u00e4chenverschlei\u00dffestigkeit nach Verg\u00fcten.<\/li>\n<li><strong>Industrielle Befestigungselemente &amp; Armaturen:<\/strong> Unter Einsatz der Herstellung von hochvolumen Legierungsstahl, um langlebige, pr\u00e4zise Teile schnell zu liefern.<\/li>\n<li><strong>Ventile und Buchsen:<\/strong> Ideal f\u00fcr Hochdrucksysteme, die enge Toleranzen und langfristige Stabilit\u00e4t erfordern.<\/li>\n<\/ul>\n<h3>Kernindustrien<\/h3>\n<p>Wir arbeiten mit Branchen zusammen, die Integrit\u00e4t des Materials oder Pr\u00e4zision nicht kompromittieren k\u00f6nnen.<\/p>\n<ul>\n<li><strong>Automobil &amp; Transport:<\/strong> Starke Abh\u00e4ngigkeit von der Bearbeitung von niedriglegierten Stahllegierungen f\u00fcr kritische Antriebsstrang-, Lenkungs- und Motorkomponenten.<\/li>\n<li><strong>Energieerzeugung:<\/strong> Wir liefern hochfeste, verschlei\u00dfbest\u00e4ndige Teile an anspruchsvolle Branchen wie <a href=\"https:\/\/haoyumaterial.com\/de\/industries\/nuclear-power\/\">Kernenergie<\/a>, wo Materialversagen einfach keine Option ist.<\/li>\n<li><strong>Fluid Handling &amp; Hydraulik:<\/strong> Lieferung der Pumpen- und Ventilherstellungsbranche mit unseren Pr\u00e4zisionsbearbeitungsdienstleistungen nach AMS 5620.<\/li>\n<li><strong>Schwerindustrie:<\/strong> Industriemaschinenhersteller sind stark auf unsere 5620-Stahlkomponenten angewiesen, damit ihre schweren Maschinen auch unter hohen Betriebsbelastungen reibungslos laufen.<\/li>\n<\/ul>\n<h2>Warum Partner mit Vastmaterial f\u00fcr Ihr n\u00e4chstes Projekt?<\/h2>\n<p><img decoding=\"async\" src=\"https:\/\/haoyumaterial.com\/wp-content\/uploads\/2026\/03\/5620_Alloy_Steel_Machining_Excellence_pCdv9ELmM.webp\" alt=\"Bearbeitungs-Exzellenz f\u00fcr 5620-Edelstahl\" \/><\/p>\n<p>Wenn Sie Spitzenqualit\u00e4t ben\u00f6tigen, <strong>5620 Legierungsstahlbearbeitung<\/strong>, brauchen Sie einen verl\u00e4sslichen Partner, der es beim ersten Mal richtig macht. Wir liefern Pr\u00e4zision, Konsistenz und kosteneffiziente Fertigungsl\u00f6sungen, ma\u00dfgeschneidert nach Ihren genauen Spezifikationen.<\/p>\n<h3>Kostenengineering in der Vorproduktion<\/h3>\n<p>Wir optimieren Ihre Designs lange bevor die Maschinen starten. Unser Engineering-Team pr\u00fcft Ihre CAD-Dateien auf <strong>Niedriglegierte Stahllegierungen f\u00fcr die Bearbeitung<\/strong> um praktische Kosteneinsparungen zu erkennen.<\/p>\n<ul>\n<li><strong>Materialabfall minimieren:<\/strong> Wir optimieren den Rohmaterialeinsatz f\u00fcr jeden Produktionslauf.<\/li>\n<li><strong>Bearbeitungszeiten reduzieren:<\/strong> Schlaufe CNC-Werkzeugwege bedeuten schnellere, effizientere Produktion.<\/li>\n<li><strong>Maximiere Ihren ROI:<\/strong> Wir senken Ihre Kostenbasis, ohne die Qualit\u00e4t der Bauteile zu beeintr\u00e4chtigen.<\/li>\n<\/ul>\n<h3>Ungez\u00fcgelte Qualit\u00e4tskontrolle<\/h3>\n<p>Konsistenz ist nicht verhandelbar, insbesondere f\u00fcr <strong>Herstellung von Hochvolumen-Edelstahl-Legierungsstahl<\/strong>. Ob Corrosionsbest\u00e4ndigkeit behandelt wird <strong>Legierung 420F<\/strong> or <strong>86L20 Leichtlegierungen<\/strong>, bleiben unsere Inspektionsstandards streng.<\/p>\n<ul>\n<li>Strenge dimensionspr\u00fcfungen in jedem Schritt des Bearbeitungsprozesses.<\/li>\n<li>Garantierte Materialr\u00fcckverfolgbarkeit f\u00fcr alle <strong>5620 bearbeitete Teile aus Legierungsstahl<\/strong>.<\/li>\n<li>Strikte Einhaltung der globalen Toleranz-, H\u00e4rte- und Oberfl\u00e4chenfinish-Anforderungen.<\/li>\n<\/ul>\n<h3>25+ Jahre bew\u00e4hrte Exzellenz<\/h3>\n<p>Wir haben \u00fcber zwei Jahrzehnte damit verbracht, die Kunst der Metallbearbeitung in unserer hochmodernen <a href=\"https:\/\/haoyumaterial.com\/de\/factory\/\">Fertigungsfabrik<\/a>. Unsere umfangreiche praktische Erfahrung mit <strong>mittelkohliger h\u00e4rtbarer Stahl<\/strong> unterscheidet uns auf dem globalen Markt.<\/p>\n<ul>\n<li>Tiefes, praktisches Fachwissen in <strong>AMS 5620 Bearbeitungsdienstleistungen<\/strong>.<\/li>\n<li>Fortschrittliche Ger\u00e4teeinrichtung f\u00fcr komplexe <strong>Pr\u00e4zisions-Swissbearbeitung 5620<\/strong>.<\/li>\n<li>Eine makellose Erfolgsbilanz bei der termingerechten Lieferung ma\u00dfgeschneiderter, leistungsstarker Bauteile.<\/li>\n<\/ul>\n<h2>H\u00e4ufig gestellte Fragen (FAQs)<\/h2>\n<h3>Was ist der Unterschied zwischen 420 und 420F (AMS 5620) Edelstahl?<\/h3>\n<p>Der Kernunterschied reduziert sich auf die Bearbeitbarkeit. Standard 420 ist ein mittelkohlenstoffhaltiger, h\u00e4rtbarer Stahl, der eine gute Korrosionsbest\u00e4ndigkeit bietet. Allerdings, <strong>Legierung 420F (AMS 5620)<\/strong> hat zus\u00e4tzliche Elemente wie Schwefel, um es zu einem echten freimachenden Drehstahl zu machen. Diese Zus\u00e4tze erm\u00f6glichen, dass Metallsp\u00e4ne w\u00e4hrend des Schneidprozesses sauber abbrechen. Dadurch erzielen wir schnellere Zyklen, verringerte Werkzeugabnutzung und au\u00dfergew\u00f6hnliche Oberfl\u00e4chenfinishs f\u00fcr Ihre <strong>5620 bearbeitete Teile aus Legierungsstahl<\/strong>.<\/p>\n<h3>Ist SAE 5620 f\u00fcr Hochdruckanwendungen geeignet?<\/h3>\n<p>Ja, es erf\u00fcllt diese Umgebungen sehr gut. SAE 5620 ist eine kohlenstoffarme Stahllegierung, die speziell f\u00fcr das Einsatzh\u00e4rten entwickelt wurde. Nach der W\u00e4rmebehandlung entwickelt sie eine harte, verschlei\u00dfbest\u00e4ndige \u00e4u\u00dfere H\u00fclle, w\u00e4hrend der Kern hart und duktil bleibt. Dies macht sie zu einer zuverl\u00e4ssigen Wahl f\u00fcr hydraulische Ventile, Ventile und mechanische Bauteile mit hohen Belastungen. Falls Ihr Projekt das Ausprobieren unterschiedlicher Einsatzh\u00e4rtungslegierungen f\u00fcr Druckanwendungen erfordert, bietet sie eine Leistung, die der Erwartung entspricht von <a href=\"https:\/\/haoyumaterial.com\/de\/produkt\/8620-alloy-steel-machined-parts\/\">8620 Legierter Stahl bearbeitete Teile<\/a>.<\/p>\n<h3>Was sind die maximalen Abmessungen, die Vastmaterial f\u00fcr 5620-Teile bearbeiten kann?<\/h3>\n<p>Unser <strong>AMS 5620 Bearbeitungsdienstleistungen<\/strong> sind darauf ausgelegt, alles von Mikrokomponenten bis hin zu gro\u00dfen, schweren Bauteilen zu verarbeiten. F\u00fcr die Herstellung von Hochvolumen-Einsatzstahl gibt es gegenw\u00e4rtige F\u00e4higkeiten:<\/p>\n<ul>\n<li><strong>Pr\u00e4zisions-Schweizbearbeitung:<\/strong> Perfekt f\u00fcr komplizierte, kleinstaubige Bauteile mit kleinem Durchmesser bis zu <strong>1,25 Zoll (32 mm)<\/strong> im Durchmesser bearbeiten k\u00f6nnen.<\/li>\n<li><strong>Standard CNC-Drehen:<\/strong> Wir bew\u00e4ltigen problemlos gr\u00f6\u00dfere <strong>5620 bearbeitete Teile aus Legierungsstahl<\/strong>, wie z. B. kundenspezifische Pumpenwellen aus 420F, bis zu <strong>14 Zoll (350 mm)<\/strong> im Durchmesser bearbeiten k\u00f6nnen.<\/li>\n<li><strong>CNC-Fr\u00e4sen:<\/strong> Wir k\u00f6nnen Bl\u00f6cke und Platten bis zu <strong>40 x 20 Zoll (1016 x 508 mm) bearbeiten<\/strong>.<\/li>\n<\/ul>\n<p>Wir feineinstellen unsere Ausr\u00fcstung, um pr\u00e4zise Toleranzen zu gew\u00e4hrleisten, unabh\u00e4ngig von der Gr\u00f6\u00dfe des Bauteils.<\/p>","protected":false},"excerpt":{"rendered":"<p>Pr\u00e4zise 5620 Legierungsstahlbearbeitung f\u00fcr AMS 5620 und SAE 5620 mit engen Toleranzen und Hochvolumen-CNC-Produktion<\/p>","protected":false},"featured_media":2075,"comment_status":"open","ping_status":"closed","template":"","meta":{"site-sidebar-layout":"default","site-content-layout":"","ast-site-content-layout":"default","site-content-style":"default","site-sidebar-style":"default","ast-global-header-display":"","ast-banner-title-visibility":"","ast-main-header-display":"","ast-hfb-above-header-display":"","ast-hfb-below-header-display":"","ast-hfb-mobile-header-display":"","site-post-title":"","ast-breadcrumbs-content":"","ast-featured-img":"","footer-sml-layout":"","ast-disable-related-posts":"","theme-transparent-header-meta":"default","adv-header-id-meta":"","stick-header-meta":"","header-above-stick-meta":"","header-main-stick-meta":"","header-below-stick-meta":"","astra-migrate-meta-layouts":"set","ast-page-background-enabled":"default","ast-page-background-meta":{"desktop":{"background-color":"var(--ast-global-color-5)","background-image":"","background-repeat":"repeat","background-position":"center center","background-size":"auto","background-attachment":"scroll","background-type":"","background-media":"","overlay-type":"","overlay-color":"","overlay-opacity":"","overlay-gradient":""},"tablet":{"background-color":"","background-image":"","background-repeat":"repeat","background-position":"center center","background-size":"auto","background-attachment":"scroll","background-type":"","background-media":"","overlay-type":"","overlay-color":"","overlay-opacity":"","overlay-gradient":""},"mobile":{"background-color":"","background-image":"","background-repeat":"repeat","background-position":"center center","background-size":"auto","background-attachment":"scroll","background-type":"","background-media":"","overlay-type":"","overlay-color":"","overlay-opacity":"","overlay-gradient":""}},"ast-content-background-meta":{"desktop":{"background-color":"var(--ast-global-color-4)","background-image":"","background-repeat":"repeat","background-position":"center center","background-size":"auto","background-attachment":"scroll","background-type":"","background-media":"","overlay-type":"","overlay-color":"","overlay-opacity":"","overlay-gradient":""},"tablet":{"background-color":"var(--ast-global-color-4)","background-image":"","background-repeat":"repeat","background-position":"center center","background-size":"auto","background-attachment":"scroll","background-type":"","background-media":"","overlay-type":"","overlay-color":"","overlay-opacity":"","overlay-gradient":""},"mobile":{"background-color":"var(--ast-global-color-4)","background-image":"","background-repeat":"repeat","background-position":"center center","background-size":"auto","background-attachment":"scroll","background-type":"","background-media":"","overlay-type":"","overlay-color":"","overlay-opacity":"","overlay-gradient":""}}},"product_brand":[],"product_cat":[17,18],"product_tag":[],"class_list":{"0":"post-2076","1":"product","2":"type-product","3":"status-publish","4":"has-post-thumbnail","6":"product_cat-stainless-steel","7":"product_cat-alloy-steel","8":"desktop-align-left","9":"tablet-align-left","10":"mobile-align-left","12":"first","13":"instock","14":"shipping-taxable","15":"purchasable","16":"product-type-simple"},"_links":{"self":[{"href":"https:\/\/haoyumaterial.com\/de\/wp-json\/wp\/v2\/product\/2076","targetHints":{"allow":["GET"]}}],"collection":[{"href":"https:\/\/haoyumaterial.com\/de\/wp-json\/wp\/v2\/product"}],"about":[{"href":"https:\/\/haoyumaterial.com\/de\/wp-json\/wp\/v2\/types\/product"}],"replies":[{"embeddable":true,"href":"https:\/\/haoyumaterial.com\/de\/wp-json\/wp\/v2\/comments?post=2076"}],"wp:featuredmedia":[{"embeddable":true,"href":"https:\/\/haoyumaterial.com\/de\/wp-json\/wp\/v2\/media\/2075"}],"wp:attachment":[{"href":"https:\/\/haoyumaterial.com\/de\/wp-json\/wp\/v2\/media?parent=2076"}],"wp:term":[{"taxonomy":"product_brand","embeddable":true,"href":"https:\/\/haoyumaterial.com\/de\/wp-json\/wp\/v2\/product_brand?post=2076"},{"taxonomy":"product_cat","embeddable":true,"href":"https:\/\/haoyumaterial.com\/de\/wp-json\/wp\/v2\/product_cat?post=2076"},{"taxonomy":"product_tag","embeddable":true,"href":"https:\/\/haoyumaterial.com\/de\/wp-json\/wp\/v2\/product_tag?post=2076"}],"curies":[{"name":"wp","href":"https:\/\/api.w.org\/{rel}","templated":true}]}}