{"id":2084,"date":"2026-03-24T11:23:23","date_gmt":"2026-03-24T03:23:23","guid":{"rendered":"https:\/\/haoyumaterial.com\/?post_type=product&#038;p=2084"},"modified":"2026-03-24T11:35:35","modified_gmt":"2026-03-24T03:35:35","slug":"9310-alloy-steel-machined-parts","status":"publish","type":"product","link":"https:\/\/haoyumaterial.com\/de\/product\/9310-alloy-steel-machined-parts\/","title":{"rendered":"9310 Legierter Stahl Bearbeitete Teile Ma\u00dfgefertigte CNC-Fertigung"},"content":{"rendered":"<h2>Was ist AISI 9310 Legierungsstahl?<\/h2>\n<p>Haben Sie Schwierigkeiten, ein Material zu finden, das hohe Kerndruckfestigkeit mit au\u00dfergew\u00f6hnlicher Verschlei\u00dffestigkeit verbindet? <strong>AISI 9310 Stahl<\/strong> ist die L\u00f6sung. Als spezialisierter, niedrig legierter Stahl, angereichert mit Molybd\u00e4n, Nickel und Chrom, liefert er die metallurgische Leistung, die von wichtigen Anwendungen in Luft- und Raumfahrt sowie Industrie gefordert wird. Wir spezialisieren uns auf die Herstellung von Hochleistungs <strong>9310-Legierungsstahl bearbeitete Teile<\/strong> die genau den Spezifikationen der anspruchsvollsten heutigen Ingenieurumgebungen entsprechen.<\/p>\n<h3>\u00dcberlegenheit gegen\u00fcber Standard-Kohlenstoffst\u00e4hlen<\/h3>\n<p>Im Vergleich zu Standard-Kohlenstoffst\u00e4hlen bietet 9310 deutliche ingenieurtechnische Vorteile. Seine pr\u00e4zise chemische Zusammensetzung f\u00fchrt zu Leistungsf\u00e4higkeit im Schwerlastbereich:<\/p>\n<ul>\n<li><strong>Au\u00dfergew\u00f6hnliche Duktilit\u00e4t:<\/strong> Verhindert bruchartige Ausf\u00e4lle unter schweren Sto\u00df- und Schlagbelastungen.<\/li>\n<li><strong>Verbesserte Formbarkeit:<\/strong> Erlaubt komplexe, pr\u00e4zise Geometrien bei CNC-Bearbeitung von 9310-Stahl.<\/li>\n<li><strong>Optimierte W\u00e4rmeantwort:<\/strong> Reagiert \u00e4u\u00dferst vorteilhaft auf mechanische Bearbeitung und spezialisierte W\u00e4rmebehandlung, erzeugt Teile mit robustem Kern und verschlei\u00dffester H\u00fclle.<\/li>\n<\/ul>\n<h3>Industrielle Bezeichnungen und \u00c4quivalente<\/h3>\n<p>Die genaue Material-Spezifikation zu kennen, ist entscheidend f\u00fcr Beschaffung und strukturelle Konformit\u00e4t. Wir fertigen <strong>AMS 6260 bearbeitete Teile<\/strong> und Bauteile unter verschiedenen branchen\u00fcblichen Aliassen. W\u00e4hrend <strong>UNS G93100<\/strong> die einheitliche Nummerierungsbezeichnung ist, wird dieses Material h\u00e4ufig unter folgenden g\u00e4ngigen Luft- und Raumfahrtmaterial-Spezifikationen zertifiziert:<\/p>\n<ul>\n<li><strong>AMS 6260G<\/strong> * <strong>AMS 6265C<\/strong> (h\u00e4ufig angegeben als <strong>AMS 6265 Legierungsstahl<\/strong>)<\/li>\n<li><strong>AMS 6267A<\/strong><\/li>\n<\/ul>\n<p>Durch das Verst\u00e4ndnis der genauen metallurgischen Verhaltensweisen dieses Leichtlegierungsstahls gew\u00e4hrleisten wir, dass Ihre Bauteile unter extremen Belastungen fehlerfrei funktionieren.<\/p>\n<h2>Vastmaterials 9310 Stahlbearbeitungsf\u00e4higkeiten<\/h2>\n<h2><img loading=\"lazy\" decoding=\"async\" class=\"alignnone wp-image-2078\" src=\"https:\/\/haoyumaterial.com\/wp-content\/uploads\/2026\/03\/9130_Alloy_Steel_Precision_Machined_Parts_FV5HsvKO-300x300.webp\" alt=\"\" width=\"832\" height=\"832\" srcset=\"https:\/\/haoyumaterial.com\/wp-content\/uploads\/2026\/03\/9130_Alloy_Steel_Precision_Machined_Parts_FV5HsvKO-300x300.webp 300w, https:\/\/haoyumaterial.com\/wp-content\/uploads\/2026\/03\/9130_Alloy_Steel_Precision_Machined_Parts_FV5HsvKO-150x150.webp 150w, https:\/\/haoyumaterial.com\/wp-content\/uploads\/2026\/03\/9130_Alloy_Steel_Precision_Machined_Parts_FV5HsvKO-768x768.webp 768w, https:\/\/haoyumaterial.com\/wp-content\/uploads\/2026\/03\/9130_Alloy_Steel_Precision_Machined_Parts_FV5HsvKO-12x12.webp 12w, https:\/\/haoyumaterial.com\/wp-content\/uploads\/2026\/03\/9130_Alloy_Steel_Precision_Machined_Parts_FV5HsvKO-600x600.webp 600w, https:\/\/haoyumaterial.com\/wp-content\/uploads\/2026\/03\/9130_Alloy_Steel_Precision_Machined_Parts_FV5HsvKO-100x100.webp 100w, https:\/\/haoyumaterial.com\/wp-content\/uploads\/2026\/03\/9130_Alloy_Steel_Precision_Machined_Parts_FV5HsvKO.webp 1024w\" sizes=\"auto, (max-width: 832px) 100vw, 832px\" \/><\/h2>\n<p>&nbsp;<\/p>\n<p>Bei Vastmaterial spezialisieren wir uns auf die Herstellung von Pr\u00e4zisionsbauteilen, <strong>9310-Legierungsstahl bearbeitete Teile<\/strong> die f\u00fcr anspruchsvolle globale Anwendungen ausgelegt sind. Wir konfigurieren unsere fortschrittlichen CNC-Dreh- und Fr\u00e4szentren gezielt, um der inh\u00e4renten H\u00e4rte dieses Materials gerecht zu werden. So wie wir in unseren <a href=\"https:\/\/haoyumaterial.com\/de\/stainless-steel-cnc-machining-guide-material-choice-and-optimization\/\">CNC-Bearbeitungs-Materialoptimierungsverfahren<\/a> den Schwerpunkt auf strategische Werkzeugwege und Vorschubregelung legen, passen wir unsere gesamte Einrichtung an, um den genauen Spezifikationen von 9310 zu entsprechen.<\/p>\n<h3>9310 Stahlverarbeitbarkeit Fokus<\/h3>\n<p>AISI 9310 tr\u00e4gt im Allgemeinen eine Grundbewertung der Zerspanbarkeit von etwa 50% im Vergleich zu Standard-zu-schnellbearbeitenden Kohlenstoffst\u00e4hlen. Um eine fehlerfreie kundenspezifische 9310-Stahlbearbeitung zu liefern, \u00fcbernehmen wir die volle Kontrolle \u00fcber unsere Bearbeitungsparameter:<\/p>\n<ul>\n<li><strong>Optimierte Schnittgeschwindigkeiten:<\/strong> Wir feinen die Drehzahlanpassungen, um thermische Ansammlungen zu reduzieren, die Materialintegrit\u00e4t sicherzustellen und die Werkzeuglebensdauer zu verl\u00e4ngern.<\/li>\n<li><strong>Gesteuerte Schnitkr\u00e4fte:<\/strong> Indem wir Vorschubgeschwindigkeiten ausbalancieren und eine starre Werkst\u00fcckaufnahme verwenden, verhindern wir Werkzeugverformungen und gew\u00e4hrleisten konsistente Genauigkeit \u00fcber komplexe, schwere Bauteile hinweg.<\/li>\n<\/ul>\n<h3>Bew\u00e4hrte Fertigungs-Best Practices<\/h3>\n<p>Um die genauen Leistungskennzahlen zu erreichen, die Ihr Projekt erfordert, folgen wir strengen internen Richtlinien f\u00fcr die CNC-Bearbeitung von niedriglegiertem Stahl.<\/p>\n<ul>\n<li><strong>Normalisierter und gegl\u00fcht Zustand:<\/strong> Wir f\u00fchren unsere Hauptbearbeitungsoperationen durch, w\u00e4hrend die Legierung 9310 sich im normalisierten und gegl\u00fchten Zustand befindet.<\/li>\n<li><strong>Ma\u00dfgenauigkeit:<\/strong> Das Material in diesem spezifischen Zustand zu bearbeiten, ist unsere bew\u00e4hrte Methode, um die engsten Toleranzen ohne innere Spannungsverzerrungen zu sichern.<\/li>\n<li><strong>Premium-Oberfl\u00e4chenfinish:<\/strong> Dieser Ansatz f\u00fchrt direkt zu glatteren, m\u00e4ngelfreien Oberfl\u00e4chen, die perfekt f\u00fcr die End-Temperierung und Veredlungsarbeiten vorbereitet sind.<\/li>\n<\/ul>\n<h2>Technische Spezifikationen &amp; Materialeigenschaften<\/h2>\n<p>Wenn wir herstellen <strong>9310-Legierungsstahl bearbeitete Teile<\/strong>, das genaue Zusammenspiel des Metalls zu verstehen, ist essenziell. Die beeindruckende Leistung von <strong>AISI 9310<\/strong> beruht auf seiner pr\u00e4zisen Mischung von Elementen, die ihm eine hohe Kernfestigkeit verleihen, w\u00e4hrend er gleichzeitig eine hervorragende Z\u00e4higkeit bewahrt. Aufgrund dieser spezifischen Merkmale passen wir unsere Schnittgeschwindigkeiten sorgf\u00e4ltig an und steuern die Schnittkr\u00e4fte w\u00e4hrend unserer <a href=\"https:\/\/haoyumaterial.com\/de\/produkt\/custom-cnc-machining-parts-precision-tight-tolerance-services\/\">kundenspezifische CNC-Bearbeitungsst\u00fccke<\/a> Prozesse, um eine pr\u00e4zise dimensionsgenaue Fertigung zu gew\u00e4hrleisten.<\/p>\n<h3>9310-Stahlchemische Zusammensetzung<\/h3>\n<p>Das <strong>chemische Zusammensetzung<\/strong> Dieses Niedriglegierungsstahl wird mit bestimmten Elementen angereichert, um seine Haltbarkeit und Reaktionsf\u00e4higkeit auf W\u00e4rmebehandlung zu erh\u00f6hen.<\/p>\n<table>\n<thead>\n<tr>\n<th style=\"text-align: left;\">Element<\/th>\n<th style=\"text-align: left;\">Prozentsatz (%)<\/th>\n<\/tr>\n<\/thead>\n<tbody>\n<tr>\n<td style=\"text-align: left;\"><strong>Kohlenstoff (C)<\/strong><\/td>\n<td style=\"text-align: left;\">0,08 \u2013 0,13<\/td>\n<\/tr>\n<tr>\n<td style=\"text-align: left;\"><strong>Mangan (Mn)<\/strong><\/td>\n<td style=\"text-align: left;\">0,45 \u2013 0,65<\/td>\n<\/tr>\n<tr>\n<td style=\"text-align: left;\"><strong>Silicium (Si)<\/strong><\/td>\n<td style=\"text-align: left;\">0,15 \u2013 0,30<\/td>\n<\/tr>\n<tr>\n<td style=\"text-align: left;\"><strong>Nickel (Ni)<\/strong><\/td>\n<td style=\"text-align: left;\">3,00 \u2013 3,50<\/td>\n<\/tr>\n<tr>\n<td style=\"text-align: left;\"><strong>Chrom (Cr)<\/strong><\/td>\n<td style=\"text-align: left;\">1,00 \u2013 1,40<\/td>\n<\/tr>\n<tr>\n<td style=\"text-align: left;\"><strong>Molybd\u00e4n (Mo)<\/strong><\/td>\n<td style=\"text-align: left;\">0,08 \u2013 0,15<\/td>\n<\/tr>\n<\/tbody>\n<\/table>\n<h3>9310 Legierung Mechanische Eigenschaften<\/h3>\n<p>Das <strong>mechanische Eigenschaften<\/strong> Die mechanischen Eigenschaften von 9310-Stahl machen ihn zur ersten Wahl f\u00fcr schwer belastete Anwendungen. Er liefert eine zuverl\u00e4ssige Balance aus Festigkeit und Flexibilit\u00e4t.<\/p>\n<ul>\n<li><strong>Zugfestigkeit:<\/strong> Au\u00dferordentlich hoch, so dass Bauteile gro\u00dfen Zugkr\u00e4ften standhalten, ohne zu versagen.<\/li>\n<li><strong>Streckgrenze:<\/strong> Bietet eine hohe Schwelle, bevor unter Belastung dauerhafte Verformung auftritt.<\/li>\n<li><strong>Duktilit\u00e4t:<\/strong> Bewahrt ausgezeichnete <strong>Duktilit\u00e4t geht.<\/strong> Dehnung, was pl\u00f6tzliche Br\u00fcchigkeit bei Sto\u00dfbelastungen verhindert.<\/li>\n<li><strong>Schwei\u00dfbarkeit:<\/strong> Erh\u00e4lt gute <strong>Schwei\u00dfbarkeit<\/strong> im Vergleich zu anderen Hochleistungs-Luftfahrtlegierungen, was eine nachtr\u00e4gliche Montage erleichtert.<\/li>\n<\/ul>\n<h3>H\u00e4rtebereich<\/h3>\n<p>Ein gro\u00dfer Vorteil dieses Materials ist seine vielseitige <strong>H\u00e4rtebereich<\/strong>. Durch Einsatzh\u00e4rtungsverfahren wie Karbonisieren k\u00f6nnen wir ein Zwei-H\u00e4rte-Profil erreichen, das ideal f\u00fcr stark verschlei\u00dfende Komponenten ist.<\/p>\n<ul>\n<li><strong>H\u00e4rtung der Au\u00dfenlage:<\/strong> Wir k\u00f6nnen eine geh\u00e4rtete Oberfl\u00e4che von <strong>60\u201362 HRC<\/strong>, liefern erstaunliche Widerstandsf\u00e4higkeit gegen Verschlei\u00df und Abrieb.<\/li>\n<li><strong>Kernh\u00e4rte:<\/strong> W\u00e4hrend die Au\u00dfenseite hart ist, bleibt der Kern weicher und z\u00e4her, um Aufpr\u00e4lle zu absorbieren und Erm\u00fcdung der Struktur zu widerstehen.<\/li>\n<\/ul>\n<h2>W\u00e4rmebehandlung &amp; Fertigungsprozesse<\/h2>\n<p>Um die beste Leistung unserer bearbeiteten Bauteile aus 9310-Legierungstahl zu erzielen, ist eine pr\u00e4zise W\u00e4rmebehandlung nicht verhandelbar. Wir steuern die thermischen Zyklen eng, damit das Material die exakt f\u00fcr schwere Anwendungen erforderlichen mechanischen Eigenschaften erreicht.<\/p>\n<h3>Standard-Annealing &amp; Tempern<\/h3>\n<p>Die richtige Basis zu legen, macht den Unterschied in der Stabilit\u00e4t des Endprodukts.<\/p>\n<ul>\n<li><strong>Anlassen:<\/strong> Wir erhitzen den AISI 9310 Stahl auf <strong>857\u00b0C (1575\u00b0F)<\/strong>, gefolgt von einer langsamen, kontrollierten Abk\u00fchlung im Ofen. Dieser Schritt macht das Metall weich und bereitet es auf eine genaue und effiziente Bearbeitung vor.<\/li>\n<li><strong>Anlassen:<\/strong> Nach dem ersten Abschrecken werden die Teile bei <strong>149\u00b0C (300\u00b0F)<\/strong>. wieder angelassen. Damit werden innere Spannungen reduziert und die Zielh\u00e4rte-Range beibehalten.<\/li>\n<\/ul>\n<h3>Fortschrittliche W\u00e4rmebehandlung von 9310-Stahl<\/h3>\n<p>F\u00fcr kritische Bauteile wie die Herstellung von Hochbelastungsr\u00e4dern reichen Standardverfahren einfach nicht aus. Wir nutzen fortgeschrittene Pseudo-Butanisierung (Pseudo-Verkohung) und isotherme Haltetechniken. Dies verfeinert die Mikrostruktur, verleiht dem Bauteil einen z\u00e4hen Kern und eine \u00e4u\u00dferst verschlei\u00dfbest\u00e4ndige Oberfl\u00e4che, die extreme Erm\u00fcdung aush\u00e4lt. Wie wir auch in anderen <a href=\"https:\/\/haoyumaterial.com\/de\/casting-stainless-steel-guide-high-precision-processes-and-alloys\/\">hochpr\u00e4zisen Prozessen und Legierungen<\/a>, die genauen Temperaturhaltezeiten f\u00fcr 9310 zu kontrollieren, ist das, was seine Zuverl\u00e4ssigkeit im Einsatz garantiert.<\/p>\n<h3>Schwei\u00dfbarkeit und Umformbarkeit<\/h3>\n<p>Man muss bei hoher Festigkeit nicht auf Verformbarkeit verzichten.<\/p>\n<ul>\n<li><strong>Ausgezeichnete Schwei\u00dfbarkeit:<\/strong> Die Legierung passt sich sehr gut an bew\u00e4hrte Schwei\u00dfverfahren an, was die Montage erleichtert.<\/li>\n<li><strong>Behaltbare Duktilit\u00e4t:<\/strong> Auch nach aggressiven Abschreck- und Anlasszyklen behalten diese Bauteile au\u00dfergew\u00f6hnliche Duktilit\u00e4t, wodurch sie vor spr\u00f6den Br\u00fcchen bei starkem Aufprall gesch\u00fctzt sind.<\/li>\n<li><strong>Zuverl\u00e4ssige Umformbarkeit:<\/strong> Das Material reagiert vorhersehbar bei der Fertigung, sodass wir komplexe Geometrien formen k\u00f6nnen, ohne die strukturelle Integrit\u00e4t des Stahls zu beeintr\u00e4chtigen.<\/li>\n<\/ul>\n<h2>Typische Anwendungen f\u00fcr 9310 bearbeitete Bauteile<\/h2>\n<p>Wenn Ihr Projekt Bauteile erfordert, die extreme Belastungen \u00fcberstehen k\u00f6nnen, <strong>AISI 9310<\/strong> ist der Benchmark. Wegen seiner au\u00dfergew\u00f6hnlichen <strong>Zugfestigkeit<\/strong> und Kern <strong>Duktilit\u00e4t geht.<\/strong>, fertigen wir <strong>9310-Legierungsstahl bearbeitete Teile<\/strong> f\u00fcr Branchen, in denen Leistung und Zuverl\u00e4ssigkeit entscheidend sind.<\/p>\n<p>W\u00e4hrend einige industrielle Anwendungen mit Standard <a href=\"https:\/\/haoyumaterial.com\/de\/produkt\/8620-alloy-steel-machined-parts\/\">8620 Legierter Stahl bearbeitete Teile<\/a>, 9310 wird speziell f\u00fcr kompromisslose Hochbelastungsumgebungen entwickelt.<\/p>\n<p>Wir bearbeiten routinem\u00e4\u00dfig diesen Hochleistungs-leichtelegierten Stahl f\u00fcr die folgenden anspruchsvollen Anwendungen:<\/p>\n<ul>\n<li><strong>Kritische Flugzeugtriebwerkszahnr\u00e4der:<\/strong> Bereitstellung der hohen Kerneigenschaft und Erm\u00fcdungsbest\u00e4ndigkeit, die f\u00fcr Luftfahrtantriebssysteme erforderlich sind.<\/li>\n<li><strong>Schwerlast-\u00dcbersetzungswellen:<\/strong> Gedacht, umMassives Drehmoment und kontinuierliche schwere mechanische Lasten zu \u00fcberstehen.<\/li>\n<li><strong>Kolbenst\u00f6\u00dfel und Kupplungsteile:<\/strong> Gew\u00e4hrleistung maximaler Verschlei\u00dffestigkeit und Z\u00e4higkeit bei konstanten, hochschmierenden Zyklen.<\/li>\n<li><strong>Rotierende Fl\u00fcgelbaugruppen:<\/strong> Garantiert absolute Zuverl\u00e4ssigkeit und Tragf\u00e4higkeit in Hubschrauberrotorsystemen.<\/li>\n<\/ul>\n<h2>Warum Vastmaterial f\u00fcr 9310 Legierungsstahl bearbeitete Teile w\u00e4hlen?<\/h2>\n<p>Wenn Sie hochzuverl\u00e4ssige <strong>9310-Legierungsstahl bearbeitete Teile<\/strong>, liefern wir die Pr\u00e4zision und Konstanz, auf die Sie sich verlassen k\u00f6nnen. Wir verwalten den gesamten Herstellungszyklus, damit Sie sich keine Sorgen um Versorgungskettenl\u00fccken oder Qualit\u00e4tsabf\u00e4lle machen m\u00fcssen.<\/p>\n<h3>Unnachgiebige Qualit\u00e4tssicherung<\/h3>\n<p>Wir nehmen milit\u00e4rische und luft- und raumfahrttechnische Spezifikationen ernst. Jedes von uns hergestellte Bauteil wird so gefertigt, dass eine \u00fcberlegene Oberfl\u00e4chenintegrit\u00e4t und hohe Kernfestigkeit gew\u00e4hrleistet sind.<\/p>\n<ul>\n<li><strong>Strikte Einhaltung:<\/strong> Unsere Operationen sind vollst\u00e4ndig DFARS-konform und folgen eng den MIL-S-7393-Standards.<\/li>\n<li><strong>Vollst\u00e4ndige R\u00fcckverfolgbarkeit:<\/strong> Wir f\u00fchren 100%-Materialverfolgung vom Moment des Eintreffens des Rohmaterials bis zur endg\u00fcltigen Lieferung Ihrer Teile.<\/li>\n<\/ul>\n<h3>End-to-End Ma\u00dfwerkzeugbearbeitung aus 9310-Stahl<\/h3>\n<p>Wir betreuen Ihr Projekt von Anfang bis Ende. So wie wir exakte Toleranzen f\u00fcr unsere <a href=\"https:\/\/haoyumaterial.com\/de\/produkt\/4340-alloy-steel-machined-parts\/\">4340-Legierungsstahl bearbeitete Teile<\/a>, gew\u00e4hrleistet unser Ansatz zur 9310-Stahl eine maximale Zuverl\u00e4ssigkeit f\u00fcr kritische Anwendungen.<\/p>\n<ul>\n<li><strong>Premium-Beschaffung:<\/strong> Wir sichern erstklassige Rohmaterialien, einschlie\u00dflich Premium Aircraft Quality VAC-U-Arc Remelt (VAR) 9310, um die Erm\u00fcdungsfestigkeit und Duktilit\u00e4t zu maximieren.<\/li>\n<li><strong>Ri-gorige Inspektion:<\/strong> Unsere Qualit\u00e4tskontrollteams pr\u00fcfen vor dem Versand die genaue H\u00e4rte, die Zugfestigkeit und die dimensionsgenaue Passung.<\/li>\n<\/ul>\n<h3>Unsere 9310 Bearbeitungsvorteile<\/h3>\n<table>\n<thead>\n<tr>\n<th style=\"text-align: left;\">Servicegebiet<\/th>\n<th style=\"text-align: left;\">Was wir liefern<\/th>\n<\/tr>\n<\/thead>\n<tbody>\n<tr>\n<td style=\"text-align: left;\"><strong>Materialbeschaffung<\/strong><\/td>\n<td style=\"text-align: left;\">Premium Aircraft Quality VAR 9310<\/td>\n<\/tr>\n<tr>\n<td style=\"text-align: left;\"><strong>Industrienormen<\/strong><\/td>\n<td style=\"text-align: left;\">DFARS-konform, MIL-S-7393-Konformit\u00e4t<\/td>\n<\/tr>\n<tr>\n<td style=\"text-align: left;\"><strong>Qualit\u00e4tskontrolle<\/strong><\/td>\n<td style=\"text-align: left;\">Strenge Materialr\u00fcckverfolgbarkeit &amp; vollst\u00e4ndige Inspektion<\/td>\n<\/tr>\n<tr>\n<td style=\"text-align: left;\"><strong>F\u00e4higkeiten<\/strong><\/td>\n<td style=\"text-align: left;\">End-to-End ma\u00dfgeschneiderte 9310-Stahlbearbeitung<\/td>\n<\/tr>\n<\/tbody>\n<\/table>\n<h2>FAQ: 9310-Legierungsstahl bearbeitete Teile<\/h2>\n<h3>Wie hoch ist die Zerspanbarkeitseinstufung von AISI 9310?<\/h3>\n<p>Die standardm\u00e4\u00dfige Zerspanbarkeitseinstufung liegt ungef\u00e4hr bei 50% im Vergleich zu B1112-Stahl. Wegen der Legierung ist sie robust <strong>mechanische Eigenschaften<\/strong>, daher verlassen wir uns auf spezialisierte CNC-Programmierung. Indem wir unsere <strong>Schnittgeschwindigkeiten<\/strong> und die schweren <strong>Schnittkr\u00e4fte<\/strong> w\u00e4hrend Fr\u00e4sen und Drehen streng optimieren und verwalten, gew\u00e4hrleisten wir genaue Toleranzen und glatte Oberfl\u00e4chen.<\/p>\n<h3>Kann 9310-Stahl durchh\u00e4rtend behandelt werden?<\/h3>\n<p>Ja, daf\u00fcr ist er absichtlich ausgelegt. Wir fertigen h\u00e4ufig <strong>9310-geh\u00e4rtete Bauteile<\/strong> weil das Material beim Carburieren extrem gut reagiert.<\/p>\n<ul>\n<li><strong>Oberfl\u00e4che:<\/strong> Erzielt einen H\u00f6chstwert <strong>H\u00e4rtebereich<\/strong> von 60\u201362 HRC f\u00fcr extreme Verschlei\u00dffestigkeit.<\/li>\n<li><strong>Kern:<\/strong> Bewahrt hervorragende <strong>Duktilit\u00e4t geht.<\/strong> und hohe <strong>Zugfestigkeit<\/strong> um schwere Aufprallbelastungen ohne Bruch zu absorbieren.<\/li>\n<\/ul>\n<h3>AMS 6260 vs AMS 6265: Was ist der Unterschied?<\/h3>\n<p>Beide Luftfahrts-Bezeichnungen beziehen sich auf <strong>AISI 9310<\/strong>. Sie teilen genau dasselbe <strong>chemische Zusammensetzung<\/strong> und gut <strong>Schwei\u00dfbarkeit<\/strong>, aber sie unterscheiden sich darin, wie der rohe Stahl geschmolzen wird:<\/p>\n<ul>\n<li><strong>AMS 6260:<\/strong> Standard-Eisen-Schmelzlegierung, geeignet f\u00fcr die meisten schwereren und luftfahrtausr\u00fcsteten Bauteile.<\/li>\n<li><strong>AMS 6265:<\/strong> Verwendet das <strong>Vakuumbogenremelt (VAR) 9310<\/strong> Verfahren. Dieses Sekund\u00e4rschmelzverfahren entfernt mikroskopische Verunreinigungen und verbessert die Erm\u00fcdungslebensdauer von hoch beanspruchten Bauteilen wie Flugzeugtriebwerkszahnr\u00e4dern erheblich.<\/li>\n<\/ul>\n<p>Wenn Ihre spezifische Anwendung eine hohe Korrosions best\u00e4ndigkeit statt der extremen Kerntoughness von 9310 erfordert, kann die Erkundung der Eigenschaften und Anwendungen von <a href=\"https:\/\/haoyumaterial.com\/de\/what-is-400-series-stainless-steel-properties-uses-grades\/\">Edelstahl der Serie 400<\/a> eine solide Alternative f\u00fcr Ihre n\u00e4chste Fertigungscharge bieten.<\/p>","protected":false},"excerpt":{"rendered":"<p>Individuelle 9310-Legierungsstahlbearbeitete Teile mit CNC-Genauigkeit, hoher Kerndruckfestigkeit, W\u00e4rmebehandlung und luft- und raumfahrtgeeigneter Qualit\u00e4t<\/p>","protected":false},"featured_media":2082,"comment_status":"open","ping_status":"closed","template":"","meta":{"site-sidebar-layout":"default","site-content-layout":"","ast-site-content-layout":"default","site-content-style":"default","site-sidebar-style":"default","ast-global-header-display":"","ast-banner-title-visibility":"","ast-main-header-display":"","ast-hfb-above-header-display":"","ast-hfb-below-header-display":"","ast-hfb-mobile-header-display":"","site-post-title":"","ast-breadcrumbs-content":"","ast-featured-img":"","footer-sml-layout":"","ast-disable-related-posts":"","theme-transparent-header-meta":"default","adv-header-id-meta":"","stick-header-meta":"","header-above-stick-meta":"","header-main-stick-meta":"","header-below-stick-meta":"","astra-migrate-meta-layouts":"set","ast-page-background-enabled":"default","ast-page-background-meta":{"desktop":{"background-color":"var(--ast-global-color-5)","background-image":"","background-repeat":"repeat","background-position":"center center","background-size":"auto","background-attachment":"scroll","background-type":"","background-media":"","overlay-type":"","overlay-color":"","overlay-opacity":"","overlay-gradient":""},"tablet":{"background-color":"","background-image":"","background-repeat":"repeat","background-position":"center center","background-size":"auto","background-attachment":"scroll","background-type":"","background-media":"","overlay-type":"","overlay-color":"","overlay-opacity":"","overlay-gradient":""},"mobile":{"background-color":"","background-image":"","background-repeat":"repeat","background-position":"center center","background-size":"auto","background-attachment":"scroll","background-type":"","background-media":"","overlay-type":"","overlay-color":"","overlay-opacity":"","overlay-gradient":""}},"ast-content-background-meta":{"desktop":{"background-color":"var(--ast-global-color-4)","background-image":"","background-repeat":"repeat","background-position":"center center","background-size":"auto","background-attachment":"scroll","background-type":"","background-media":"","overlay-type":"","overlay-color":"","overlay-opacity":"","overlay-gradient":""},"tablet":{"background-color":"var(--ast-global-color-4)","background-image":"","background-repeat":"repeat","background-position":"center center","background-size":"auto","background-attachment":"scroll","background-type":"","background-media":"","overlay-type":"","overlay-color":"","overlay-opacity":"","overlay-gradient":""},"mobile":{"background-color":"var(--ast-global-color-4)","background-image":"","background-repeat":"repeat","background-position":"center center","background-size":"auto","background-attachment":"scroll","background-type":"","background-media":"","overlay-type":"","overlay-color":"","overlay-opacity":"","overlay-gradient":""}}},"product_brand":[],"product_cat":[17,18],"product_tag":[],"class_list":{"0":"post-2084","1":"product","2":"type-product","3":"status-publish","4":"has-post-thumbnail","6":"product_cat-stainless-steel","7":"product_cat-alloy-steel","8":"desktop-align-left","9":"tablet-align-left","10":"mobile-align-left","12":"first","13":"instock","14":"shipping-taxable","15":"purchasable","16":"product-type-simple"},"_links":{"self":[{"href":"https:\/\/haoyumaterial.com\/de\/wp-json\/wp\/v2\/product\/2084","targetHints":{"allow":["GET"]}}],"collection":[{"href":"https:\/\/haoyumaterial.com\/de\/wp-json\/wp\/v2\/product"}],"about":[{"href":"https:\/\/haoyumaterial.com\/de\/wp-json\/wp\/v2\/types\/product"}],"replies":[{"embeddable":true,"href":"https:\/\/haoyumaterial.com\/de\/wp-json\/wp\/v2\/comments?post=2084"}],"wp:featuredmedia":[{"embeddable":true,"href":"https:\/\/haoyumaterial.com\/de\/wp-json\/wp\/v2\/media\/2082"}],"wp:attachment":[{"href":"https:\/\/haoyumaterial.com\/de\/wp-json\/wp\/v2\/media?parent=2084"}],"wp:term":[{"taxonomy":"product_brand","embeddable":true,"href":"https:\/\/haoyumaterial.com\/de\/wp-json\/wp\/v2\/product_brand?post=2084"},{"taxonomy":"product_cat","embeddable":true,"href":"https:\/\/haoyumaterial.com\/de\/wp-json\/wp\/v2\/product_cat?post=2084"},{"taxonomy":"product_tag","embeddable":true,"href":"https:\/\/haoyumaterial.com\/de\/wp-json\/wp\/v2\/product_tag?post=2084"}],"curies":[{"name":"wp","href":"https:\/\/api.w.org\/{rel}","templated":true}]}}