{"id":1440,"date":"2026-01-15T09:53:33","date_gmt":"2026-01-15T01:53:33","guid":{"rendered":"https:\/\/haoyumaterial.com\/?post_type=product&#038;p=1440"},"modified":"2026-01-15T09:53:33","modified_gmt":"2026-01-15T01:53:33","slug":"3d-printing-investment-casting-services-for-rapid-metal-prototypes","status":"publish","type":"product","link":"https:\/\/haoyumaterial.com\/eo\/product\/3d-printing-investment-casting-services-for-rapid-metal-prototypes\/","title":{"rendered":"3D Presado Investa\u0135a \u015ctofo-Servoj por Rapida Metalaj Prototipoj"},"content":{"rendered":"<h2>Produkto Superrigardo: De CAD al \u015ctala \u015ctofo<\/h2>\n<p>Atendi semajnojn por metala ilaro esti ma\u015dinita ne plu estas barilo en produkto evoluo. En Vastmaterial, ni kovras la interspacon inter cifereca desegno kaj fizika produktado kun nia hibrida\u00a0<strong>3D presado investa\u0135a kuproformado<\/strong>\u00a0solvo. Per integri progresintajn\u00a0<strong>SLA kuproformajn \u015dablonojn<\/strong>\u00a0rekte en nian precizan fandistadon, ni forigas la bezonon je multekostaj, tempe postulis vax-injektaj \u015dtofoj.<\/p>\n<p>Nia procezo transformas viajn CAD-datumojn en industrikvalitaj metalaj partoj kun\u00a0<strong>ilman ilo-metala fabrikado<\/strong>. Ni uzas alt-precizecajn 3D-presilojn por generi ofermarkojn kiuj bruligas for puran dum la fandado, permesante al ni ver\u015di alt-efikecajn alojojn\u2014de Rusta \u015ctalo 316L \u011dis Kobal-bazitaj superalojoj\u2014sen la limigoj de tradicia formo.<\/p>\n<h3>Kial Elekti Servojn de Digitala Fundilo?<\/h3>\n<p>Ni kombinas la flekseblecon de rapida prototipado kun la metala integreco de tradicia fandado. \u0108i tiu aliro liveras:<\/p>\n<ul>\n<li><strong>Nula Iloplena Kosto:<\/strong>\u00a0Superpasu la komencan kapitalinveston postulatan por metalaj formoj, farante malalt-volumenan produktadon ekonomie da\u016drigebla.<\/li>\n<li><strong>Kombinaj Geometrioj:<\/strong>\u00a0Fandu kompleksajn trajtojn, subkadrojn, kaj maldikajn murojn kiuj estas neeblaj por formi uzante norman ilaron.<\/li>\n<li><strong>75% Pli Rapida Gvidtempo:<\/strong>\u00a0Akcelu vian R&amp;D-ciklon per movado de desegna dosiero al finita metala parto en tagoj anstata\u016d monatoj.<\/li>\n<li><strong>Produktad-Grade Kvalito:<\/strong>\u00a0Ricevu partojn kiuj plenumas la saman striktan aerospacan kaj industrian normojn kiel niaj altvolumaj\u00a0<strong>rapida investa \u015dtampado<\/strong>\u00a0eliroj.<\/li>\n<\/ul>\n<h2>La 3D Presado Investa \u015ctampado-Proceso<\/h2>\n<p>\u0108e Haoyu Material, ni optimumigis la laborfluon por kunfandi\u00a0<strong>retaj fandraj servoj<\/strong>\u00a0kun tradicia metalo. Per anstata\u016digi la tradician kandikeston per alta precizeco 3D-presado, ni akcelas la transiron de desegno al fina metala parto. Tio\u00a0<strong>3D presado investa\u0135a kuproformado<\/strong>\u00a0metodo ebligas al ni produkti kompleksajn geometriojn kiuj estus neeblaj a\u016d tro multekostaj kun normala ilaro.<\/p>\n<h3>Pa\u015do 1: \u015cablona Presado kun Ash-Free Resinoj<\/h3>\n<p>La procezo komenci\u011das kun\u00a0<strong>stereolitografio investa fandado<\/strong>\u00a0(SLA) a\u016d DLP-teknologio. Ni presas majstrajn \u015dablonojn rekte el viaj CAD-datumoj uzante specializitajn\u00a0<strong>ash-free forbrulajn resinojn.<\/strong>. Male al normaj prototipaj plastoj, tiuj\u00a0<strong>SLA kuproformajn \u015dablonojn<\/strong>\u00a0estas formulitaj por tute bruligi forlas sen resta\u0135o, certigante ke la interna kaverno restu neta por la metala ver\u015do. Tio eliminas la bezonon de muldiloj de multekosta metalo, farante \u011din ideala por rapidaj prototipoj kaj malalta volumena produktado.<\/p>\n<h3>Pa\u015do 2: Kera \u015delo konstruado<\/h3>\n<p>Iam la\u00a0<strong>ofertaj rezinaj \u015dablonoj<\/strong>\u00a0estas presitaj kaj kunigitaj sur pordosistemo, ni da\u016dras al\u00a0<strong>ceramika \u015dela fandado<\/strong>. La \u015dablona kunigo estas imersita en alta-klasa keramikaj likva\u0135oj kaj kovrita per refrakta sablo. Ni ripetas \u0109i tiun procezon plurfoje por konstrui fortikan \u015delon kapablan elteni la ekstreman varmeco de moltenaj \u015dtonoj a\u016d superaloj.<\/p>\n<h3>Pa\u015do 3: Bruligo kaj Ver\u015dado<\/h3>\n<p>La keramik\u015delo estas varmigita en a\u016dtoklavo a\u016d forno. La presita rezina strukturo kolapsas kaj evapori\u011das tuj\u2014tio estas la\u00a0<strong>QuickCast procezo<\/strong>\u00a0en ago. Post kiam la skalo estas malplena kaj konfirmita esti sen cindro, ni ver\u015das la \u015dtopitan metalon. Nia instala\u0135o traktas lar\u011dan gamon de materialoj, de normala Rusta \u015ctalo (304, 316L) \u011dis alta-efikeca Kobalto-Alia\u011do 6B kaj Nikela-bazitaj superaloj.<\/p>\n<h3>Pa\u015do 4: Finado kaj CNC Post-Procezo<\/h3>\n<p>Post kiam la metalo solidi\u011das, la ceramika \u015delo estas rompita for por montri la krudan \u015dtopadon. Ni forigas la gvidadsistemon kaj faras inicialan surfacan mueladon. Por partoj postulantaj striktajn toleradojn, ni tuj transiras al sekundaraj operacioj. Nia integri\u011dinta\u00a0<a href=\"https:\/\/haoyumaterial.com\/eo\/technology\/testing-and-quality\/\">testado kaj kvalita garantio-protokoloj<\/a>\u00a0certigas ke \u0109iu \u015dtopado plenumas striktajn dimensiajn precizecojn anta\u016d ol \u011di spertas finajn CNC-ma\u015dinadojn a\u016d surfacan traktadon.<\/p>\n<h2>Materialaj Kapabloj kaj Alia\u011doj<\/h2>\n<p><img loading=\"lazy\" decoding=\"async\" class=\"\" src=\"https:\/\/haoyumaterial.com\/wp-content\/uploads\/2026\/01\/3D_Printing_Metal_Alloys_for_Industrial_Casting_q6.webp\" alt=\"3D Presado Metalaj Aljoj por Industria Fandado\" width=\"1077\" height=\"733\" \/><\/p>\n<p>Ni ne nur presas prototipojn; ni uzas\u00a0<strong>3D presado investa\u0135a kuproformado<\/strong>\u00a0por liveri plene funkciajn, industrikvalitajn metalajn partojn. La \u0109efa avanta\u011do de \u0109i tiu hibrida laborfluo estas ke dum la \u015dablono estas kreita per\u00a0<strong>SLA kuproformajn \u015dablonojn<\/strong>\u00a0or\u00a0<strong>QuickCast procezo<\/strong>, la fina produkto estas 100% densigita metalo kun la sama mekanika trajto kiel tradicia \u015dtopado. Ni garantias ke niaj materialoj plenumas striktajn aviadilajn kaj industrio-metala\u0135ajn normojn.<\/p>\n<h3>Feraj Metaloj: Rusta kaj Karbona \u015ctalo<\/h3>\n<p>Nia fandado traktas lar\u011dan spektron de \u015dtala alojo. \u0108i tio inkluzivas austenitajn rustajn \u015dtalojn kiel 304 kaj 316L por koroda rezisto, kaj precipita-hardigajn gradojn kiel 17-4PH kaj 15-5 PH por supera forto.\u00a0<a href=\"https:\/\/haoyumaterial.com\/eo\/what-is-400-series-stainless-steel-properties-uses-grades\/\">400-serio rustorezaj \u015dtaloj<\/a>\u00a0Por projektoj postulas specifan malmolecon kaj abrazian reziston, ni ver\u015das\u00a0<a href=\"https:\/\/haoyumaterial.com\/eo\/product\/low-carbon-steel-bolts-machining-service\/\">malalta karbona \u015dtalo<\/a>\u00a0kaj diversajn iltajn \u015dtalojn. Ni anka\u016d subtenas normajn.<\/p>\n<h3>por \u011deneralaj strukturaj komponantoj kie ductileco estas \u015dlosilo.<\/h3>\n<p>Por\u00a0<strong>Altnivelaj Superalloyoj<\/strong>\u00a0preciza metalprototipado<\/p>\n<ul>\n<li><strong>en ekstremaj medioj, ni speciali\u011das pri progresintaj superalloyoj kiuj eltenas altan varmeco kaj korodon:<\/strong>\u00a0Inkluzive Kobalto-Alia\u011don 6B por escepta elurezista\u0135o.<\/li>\n<li><strong>Nickel-bazitaj Alojoj:<\/strong>\u00a0Alt-temperaturaj aliaj uzataj en turbinaj kaj motoroj.<\/li>\n<li><strong>Kromio Kobalto Molybdeno:<\/strong>\u00a0Ideala por medicina kaj industriaj aplikoj postulantaj biokompatibilidad a\u016d ekstreme da\u016dreblan.<\/li>\n<\/ul>\n<h3>Luma kaj Ne-Ferra Metaloj<\/h3>\n<p>Nia\u00a0<strong>investa fandado 3d-presado<\/strong>\u00a0kapabloj etendi\u011das al luma metaloj esencaj por a\u016dtomobilaj kaj aerospacaj sektoroj. Ni kutime fandas kompleksajn geometriojn en\u00a0<strong>Alumino<\/strong>\u00a0kaj\u00a0<strong>Titania aliaj metaloj.<\/strong>. Krome, ni proponas kupro-bazitajn alia\u0135ojn, inkluzive Brass kaj Bronze, por maraj kaj elektraj aplikoj. \u0108i tiu materiala versatileco ebligas\u00a0<strong>malalta volumo metala produktado<\/strong>\u00a0sen la limigoj de tradiciaj iloj.<\/p>\n<h2>Teknikaj Specifoj kaj Tolerancoj<\/h2>\n<p>En Vastmaterial, niaj\u00a0<strong>3D presado investa\u0135a kuproformado<\/strong>\u00a0laborfluoj estas in\u011denieritaj por striktaj normoj industriaj. Ni kovras la diferencon inter cifereca dezajno kaj fizika metalo, certigante ke la alta fideleco de\u00a0<strong>SLA kuproformajn \u015dablonojn<\/strong>\u00a0restas en la fina ver\u015do. \u0108i tiu metodo ebligas al ni trakti\u00a0<strong>komplika geometria ver\u015dado<\/strong>\u00a0projektoj kiuj estus kost-nekostaj a\u016d neeblaj kun tradicia metala ilaro.<\/p>\n<p>Por partoj postulas eksepsian ta\u016dgecon kaj funkcion, ni konservas striktan kontrolon super dimensi\u011da precizeco. Dum validas normaj ver\u015daj toleroj, la uzo de alta rezolucio ciferecaj \u015dablonoj ebligas al ni teni pli striktajn deviojn pri kritikaj trajtoj. Se via projekto postulas spegulan \u015dmiritajn surfacojn a\u016d specifajn frikcian koeficientojn, nia integrita\u00a0<a href=\"https:\/\/haoyumaterial.com\/eo\/machining-casting-guide-precision-cnc-tight-tolerances\/\">preciza CNC-ma\u015dinado kapabloj<\/a>\u00a0povas plibonigi la krudan mulditecan surfacon por plenumi aerospacajn a\u016d medicinajn normojn.<\/p>\n<h3>Normaj Produktadkapabloj<\/h3>\n<div class=\"table-responsive\">\n<table class=\"table\">\n<thead>\n<tr>\n<th>Specifo<\/th>\n<th>Norma Toleranco \/ Valoro<\/th>\n<th>Notoj<\/th>\n<\/tr>\n<\/thead>\n<tbody>\n<tr>\n<td><strong>Dimensa Precizeco<\/strong><\/td>\n<td>\u00b10.05 mm (0.002\u2033)<\/td>\n<td>\u00a0 \u00a0 \u00a0 \u00a0 \u00a0 \u00a0 \u00a0 \u00a0 \u00a0 \u00a0 \u00a0 \u00a0 \u00a0 \u00a0 \u00a0 \u00a0 Eblas \u0109e malgrandaj trajtoj kaj kritikaj ta\u016dgoj.<\/td>\n<\/tr>\n<tr>\n<td><strong>Surfaca Finado (Kiel-Muldite)<\/strong><\/td>\n<td>$R_a$ 3.2 \u2013 6.3 \u00b5m<\/td>\n<td>\u00a0 \u00a0 \u00a0 \u00a0 \u00a0 \u00a0 \u00a0 \u00a0 \u00a0 \u00a0 \u00a0 \u00a0 \u00a0 \u00a0Norma mato-fino ta\u016dga por plej multaj strukturaj partoj.<\/td>\n<\/tr>\n<tr>\n<td><strong>Surfaca Finado (Ma\u015dinita)<\/strong><\/td>\n<td>$R_a$ &lt; 0.8 \u00b5m<\/td>\n<td>\u00a0 \u00a0 \u00a0 \u00a0 \u00a0 \u00a0 \u00a0 \u00a0 \u00a0 \u00a0 \u00a0 \u00a0 \u00a0 \u00a0Atentita per post-kastado CNC a\u016d polurado.<\/td>\n<\/tr>\n<tr>\n<td><strong>Minimuma Murospindeco<\/strong><\/td>\n<td>0.5 mm \u2013 1.0 mm<\/td>\n<td>\u00a0 \u00a0 \u00a0 \u00a0 \u00a0 \u00a0 \u00a0 \u00a0 \u00a0 \u00a0 \u00a0 \u00a0 \u00a0 \u00a0Dependas de alojo-fluo kaj parto-geometrio.<\/td>\n<\/tr>\n<tr>\n<td><strong>Plej granda Konstrua Grandeco<\/strong><\/td>\n<td>Kustomizado<\/td>\n<td>\u00a0 \u00a0 \u00a0 \u00a0 \u00a0 \u00a0 \u00a0 \u00a0 \u00a0 \u00a0 \u00a0 \u00a0 \u00a0 \u00a0Skalebla por amba\u016d malgrandaj precizaj komponantoj kaj pli grandaj korpoj.<\/td>\n<\/tr>\n<\/tbody>\n<\/table>\n<\/div>\n<p>Ni uzas\u00a0<strong>Altnivelaj Superalloyoj<\/strong>\u00a0protokoloj por kontroli tiujn specifojn frue en evoluo. \u0108i tio certigas ke \u0109u ni \u0135etas rusten senstalecon a\u016d superaliojn, la fina komponanto plenumas la precizajn mekanikajn kaj geometriajn postulojn de via apliko.<\/p>\n<h2>\u0108efaj Aplikoj en Aeroespaco kaj A\u016dtomobiloj<\/h2>\n<p>Ni utiligas\u00a0<strong>3D presado investa\u0135a kuproformado<\/strong>\u00a0por solvi in\u011denierajn defiojn kie tradicia ilaro atingas muro. Per evitado de la formadfazo, ni akcelas la produktadon de alt-efikecaj komponantoj por industrioj kiuj postulas neniun fiaskon. \u0108i tiu hibrida aliro ebligas al ni liveri funkciajn metalajn partojn kun kompleksaj geometrioj en frakcio de la tempo kutime postulata.<\/p>\n<h3>Aeroespacaj Komponentoj<\/h3>\n<p>En la aeroespaca sektoro, pezo redukto kaj geometria komplekseco estas ne-negociataj. Nia\u00a0<strong>investa fandado 3d-presado<\/strong>\u00a0procezo ebligas la kreadon de kompleksaj internaj malvarmiga kanalo kaj maldikaj muro-strukturoj kiuj ofte estas neeblaj kun normala ma\u015dinado a\u016d ilaro.<\/p>\n<ul>\n<li><strong>En aeroespaco, \u201cproksime sufi\u0109e\u201d ne ekzistas. Ni provizas<\/strong>\u00a0\u0134etita el alt-temperatura nikela kaj kobalta alojoj por elteni ekstreman termikan stre\u0109on.<\/li>\n<li><strong>Funkciaj nozzles:<\/strong>\u00a0Kunfanditaj dezajnoj kiuj plibonigas la efikecon de la motoro kaj reduktas la kunmetajn pa\u015dojn.<\/li>\n<li><strong>Strukturaj Brakoj:<\/strong>\u00a0Optimumigita topologio por maksimuma forto-pezo rilato uzante Titanon kaj Rosten Steel.<\/li>\n<\/ul>\n<h3>Medicinalaj Enmetoj<\/h3>\n<p>La medicina kampo dependas de nia teknologio por paciento-specifaj solvoj kaj biokompatiblaj materialoj. Ni produktas ortopedajn anstata\u016da\u0135ojn uzante Kobalto-Kromo-Molibdenajn alojojn konatajn pro ilia escepta eluzi\u011dorezisto kaj biologia sekureco. Ekzemple, niaj\u00a0<a href=\"https:\/\/haoyumaterial.com\/eo\/product\/tibial-plateau-co28cr6mo-implant-high-strength-orthopedic-component-tibial-plateau-co28cr6mo-implant-with-high-strength-wear-resistance-biocompatibility-for-knee-fracture-reconstruction-and-arthroplas\/\">Tibial Plateau Co28Cr6Mo enmetoj<\/a>\u00a0montras la altan forton kaj precizecon postulata por kritika genu-frakturesta\u016dro kaj artroplasto.<\/p>\n<h3>A\u016dtomobilaj kaj Industria Ma\u015dinaro<\/h3>\n<p>A\u016dtomobilaj in\u011denieroj uzas niajn rapidajn investajn verajn servojn por prototipi transdona kazoj, turbinaj \u0109ambroj, kaj motoro-montoj ene de tagoj, ne monatoj. Krom la a\u016dtomobila sektoro, ni subtenas pezan industrion liverante da\u016drajn partojn por nafto, gaso, kaj minada ekipa\u0135o. Nia\u00a0<a href=\"https:\/\/haoyumaterial.com\/eo\/large-steel-casting-solutions-for-heavy-duty-industrial-applications\/\">granda \u015dtala fandado-solvoj<\/a>\u00a0certigas ke e\u0109 la plej masivaj industriaj ma\u015dinaraj komponantoj plenumas striktajn dimensiomojn kaj da\u016dreblecajn normojn sen la alta kosto de permanenta ilaro.<\/p>\n<h2>3D Presita Kasto kontra\u016d Tradicia Va\u016dka Kasto<\/h2>\n<p>Kiam vi bezonas metalajn partojn rapide, atendado semajnojn por ma\u015dinita moldo simple ne sufi\u0109as. Ni uzas\u00a0<strong>3D presado investa\u0135a kuproformado<\/strong>\u00a0por perei la interspacon inter cifereca desegno kaj fizika metalo sen la peza anta\u016da investo en malmola ilo. Per anstata\u016digo de la tradicia va\u016dka injekta ilo per precize presita rezina \u015dablono, ni draste reduktas la tempon \u011dis la unua artikolo.<\/p>\n<p>Dum nia normala\u00a0<a href=\"https:\/\/haoyumaterial.com\/eo\/lost-wax-casting-foundry\/\">perdita cindro ver\u015dado fandado<\/a>\u00a0procezo estas senkomparebla por alta volumeno de amasproduktado,\u00a0<strong>rapida investa \u015dtampado<\/strong>\u00a0estas la sa\u011da elekto por prototipado kaj mallongaj serioj. Ni povas movi\u011di de CAD-dosiero al verka metala parto en nur 3-7 tagoj, kompare kun la kutimaj 4-8 semajnoj por ilo-produktado. \u0108i tiu aliro ebligas\u00a0<strong>malalta volumo metala produktado<\/strong>\u00a0kiu estas amba\u016d kostefika kaj fleksebla.<\/p>\n<h3>Komparo: Presitaj \u015cablonoj kontra\u016d Injektita Va\u016dko<\/h3>\n<div class=\"table-responsive\">\n<table class=\"table\">\n<thead>\n<tr>\n<th>Trajto<\/th>\n<th>Tradicia Vax-Kastado<\/th>\n<th>3D Presado Investa Kastado<\/th>\n<\/tr>\n<\/thead>\n<tbody>\n<tr>\n<td><strong>Ilara Kosto<\/strong><\/td>\n<td>\u00a0 \u00a0 \u00a0 \u00a0 \u00a0 \u00a0 \u00a0 Alta (postulas metalan muldon)<\/td>\n<td>\u00a0 \u00a0 \u00a0 \u00a0 \u00a0 \u00a0 \u00a0 \u00a0 \u00a0 \u00a0 \u00a0 \u00a0 \u00a0 \u00a0 \u00a0 \u00a0 \u00a0 \u00a0Nula (ilmetala fabrikado sen iloj)<\/td>\n<\/tr>\n<tr>\n<td><strong>Gvidotempo<\/strong><\/td>\n<td>\u00a0 \u00a0 \u00a0 \u00a0 \u00a0 \u00a0 \u00a04-8 Semajnoj<\/td>\n<td>\u00a0 \u00a0 \u00a0 \u00a0 \u00a0 \u00a0 \u00a0 \u00a0 \u00a0 \u00a0 \u00a0 \u00a0 \u00a0 \u00a0 \u00a0 \u00a0 \u00a0 \u00a0 \u00a0 3-7 Tagoj<\/td>\n<\/tr>\n<tr>\n<td><strong>Ideala Volumeno<\/strong><\/td>\n<td>\u00a0 \u00a0 \u00a0 \u00a0 \u00a0 \u00a0 \u00a0 \u00a0pli ol 1,000 unuoj<\/td>\n<td>\u00a0 \u00a0 \u00a0 \u00a0 \u00a0 \u00a0 \u00a0 \u00a0 \u00a0 \u00a0 \u00a0 \u00a0 \u00a0 \u00a0 \u00a0 \u00a01-100 unuoj (Prototipoj\/Piloto)<\/td>\n<\/tr>\n<tr>\n<td><strong>Dezajnokomplekseco<\/strong><\/td>\n<td>\u00a0 \u00a0 \u00a0 \u00a0 \u00a0 \u00a0Limigita de malmola liberigo<\/td>\n<td>\u00a0 \u00a0 \u00a0 \u00a0 \u00a0 \u00a0 \u00a0 \u00a0 \u00a0 \u00a0 \u00a0 \u00a0 \u00a0 \u00a0 \u00a0 \u00a0 Senlima (permesitaj subpremoj)<\/td>\n<\/tr>\n<tr>\n<td><strong>\u0124emata Materialo<\/strong><\/td>\n<td>\u00a0 \u00a0 \u00a0 \u00a0 \u00a0 \u00a0 \u00a0 \u00a0 \u00a0 \u00a0Vax<\/td>\n<td>\u00a0 \u00a0 \u00a0 \u00a0 \u00a0 \u00a0 \u00a0 \u00a0 \u00a0 \u00a0 \u00a0 \u00a0 \u00a0 \u00a0 \u00a0 \u00a0Senvira Rezino \/ PMMA<\/td>\n<\/tr>\n<\/tbody>\n<\/table>\n<\/div>\n<h3>Dezajno Libereco kaj Agileco<\/h3>\n<p>La plej granda avanta\u011do de\u00a0<strong>investa fandado 3d-presado<\/strong>\u00a0ne estas nur rapideco; \u011di estas geometrio. Tradicia muldado postulas skrapangulojn kaj ne povas facile trakti kompleksajn internajn kanalojn a\u016d subpremojn \u0109ar la ilo devas disi\u011di. Kun 3D-presado, ni presas la \u015dablonon \u011duste kiel desegnite, sendepende de kiom kompleksaj estas la re\u0161etaj strukturoj a\u016d internaj malplenoj. Tio donas al in\u011denieroj totalan liberecon por optimumigi partojn por pezo kaj agado sen zorgi pri fabrikadkapabloj.<\/p>\n<h2>Kvalita Kontrolo, NDT, kaj Finado<\/h2>\n<p>Precizeco estas la bazo por nia\u00a0<strong>3D presado investa\u0135a kuproformado<\/strong>\u00a0laborfluado. Ni konfirmas \u0109iun komponanton por certigi ke la rapideco de rapida prototipado neniam kompromitas industrian fidindecon. Nia kvalita kontrolo integras progresintan metrologion por garantii ke partoj plenumas striktajn aviadilajn kaj a\u016dtomobilajn normojn.<\/p>\n<p><strong>Niaj Validado kaj Finado Kapabloj:<\/strong><\/p>\n<ul>\n<li><strong>Dimensia Inspektado:<\/strong>\u00a0Ni uzas CMM kaj\u00a0<strong>3D skanado<\/strong>\u00a0por validezi toleradojn rekte kontra\u016d la originala CAD-dosiero, certigante altan fidelecon.<\/li>\n<li><strong>Nedama\u011da Testado (NDT):<\/strong>\u00a0Ni faras X-radiadon kaj Dye Penetrant-testadon por detekti subsuperajn difektojn. Nia\u00a0<a href=\"https:\/\/haoyumaterial.com\/eo\/alloy-cast-steel-factory-capabilities-processes-and-quality\/\">aloja fandita \u015dtalo-fabriko kapabloj<\/a>\u00a0certigu konsekvencan internan strukturon kaj densecon.<\/li>\n<li><strong>\u015ca\u016dta Traktado:<\/strong>\u00a0Ni optimumigas mekanikajn ecojn per precizaj termikaj cikloj, inkluzive de hardi\u011do kaj specifaj\u00a0<a href=\"https:\/\/haoyumaterial.com\/eo\/aluminium-heat-treating-processes-tempers-and-performance\/\">aluminiaj varmtraktaj procezoj<\/a>\u00a0por atingi superan forton kaj da\u016drecon.<\/li>\n<li><strong>Surfaca Finado:<\/strong>\u00a0Opcioj varias de glob-blovado \u011dis elektro-polado por produktad-nivela surfaca fini\u011do ($R_a$ &lt; 0.8).<\/li>\n<\/ul>\n<p>Per kombini\u00a0<strong>investa fandado 3d-presado<\/strong>\u00a0fleksibleco kun fortika post-traktado, ni liveras partojn kiuj estas strukture fortaj kaj kemie konsekvencaj.<\/p>\n<h2>Kelkfoje Demandedaj Demandoj<\/h2>\n<h3>\u0108u la presita rezino lasas ian cindron dum forbruligo?<\/h3>\n<p>Ne, ni uzas specializitajn\u00a0<strong>ash-free forbrulajn resinojn.<\/strong>\u00a0por \u0109iuj niaj\u00a0<strong>SLA kuproformajn \u015dablonojn<\/strong>. \u0108i tiuj fotopolimeraj rezinoj estas formigitaj speciale por\u00a0<strong>investa fandado 3d-presado<\/strong>, certigante ke ili tute evaporu dum la a\u016dtoclava a\u016d forna ciklo. Tio lasas puran ceramikan \u015delon kavon, rezultigante metalajn partojn sen inkluzivoj a\u016d surfacaj difektoj kutime asociitaj kun normaj prototipaj rezinoj.<\/p>\n<h3>\u0108u la fina\u0135oj estas tiel fortaj kiel ma\u015dinitaj metaloj?<\/h3>\n<p>Jes. \u0108ar\u00a0<strong>3D presado investa\u0135a kuproformado<\/strong>\u00a0estas simple moderna metodo por krei la \u015dablonon, la fina produkto estas tute mola, plene densigita metalo. \u0108u vi bezonas rustorezistan \u015dtalon, kobaltajn alojojn, a\u016d titanion, la metalo-\u011dermanaj trajtoj plenumas la samajn rigorajn industrio-normojn kiel niaj tradiciaj\u00a0<strong>precizaj investaj fandaj servoj<\/strong>. La partoj subiras al normala varmotraktado kaj\u00a0<strong>kvalito-certigo<\/strong>\u00a0testado por certigi ke ili funkcias fidinde en postulemaj aerospacaj a\u016d industriaj aplikoj.<\/p>\n<h3>Kiaj dosierformatoj vi akceptas por cita\u0135o?<\/h3>\n<p>Por komenci kun\u00a0<strong>ilman ilo-metala fabrikado<\/strong>, ni preferas normajn 3D CAD-formatojn. La plej oftaj dosieroj kiujn ni uzas inkluzivas:<\/p>\n<ul>\n<li><strong>.STEP \/ .STP<\/strong>\u00a0(Preferata por preciza geometrio)<\/li>\n<li><strong>.IGES \/ .IGS<\/strong><\/li>\n<li><strong>.STL<\/strong>\u00a0(specife por\u00a0<strong>3D-presado<\/strong>\u00a0preparado)<\/li>\n<li><strong>.X_T<\/strong>\u00a0(Parasolid)<\/li>\n<\/ul>\n<h3>\u0108u \u0109i tiu procezo ta\u016dgas por amasproduktado?<\/h3>\n<p><strong>Rapida investa\u0135a \u015dtampado<\/strong>\u00a0estas ideala por prototipado kaj malalt- \u011dis mezvolumaj produktadserioj, kie iloj-kostoj estus tro altaj. Por altvolumaj ordonoj, ni senprobleme transiras de presitaj \u015dablonoj al tradicia \u015da\u016dma injektado en nia fandado, proponante skaleblan\u00a0<strong>reta fandado-servo<\/strong>\u00a0kiu kreskas kun viaj projektoj bezonoj.<\/p>","protected":false},"excerpt":{"rendered":"<p>Product Overview: From CAD to Cast Metal Waiting weeks for metal tooling to be machined is no longer a bottleneck [&hellip;]<\/p>\n","protected":false},"featured_media":1441,"comment_status":"open","ping_status":"closed","template":"","meta":{"site-sidebar-layout":"default","site-content-layout":"","ast-site-content-layout":"default","site-content-style":"default","site-sidebar-style":"default","ast-global-header-display":"","ast-banner-title-visibility":"","ast-main-header-display":"","ast-hfb-above-header-display":"","ast-hfb-below-header-display":"","ast-hfb-mobile-header-display":"","site-post-title":"","ast-breadcrumbs-content":"","ast-featured-img":"","footer-sml-layout":"","ast-disable-related-posts":"","theme-transparent-header-meta":"default","adv-header-id-meta":"","stick-header-meta":"","header-above-stick-meta":"","header-main-stick-meta":"","header-below-stick-meta":"","astra-migrate-meta-layouts":"set","ast-page-background-enabled":"default","ast-page-background-meta":{"desktop":{"background-color":"var(--ast-global-color-5)","background-image":"","background-repeat":"repeat","background-position":"center center","background-size":"auto","background-attachment":"scroll","background-type":"","background-media":"","overlay-type":"","overlay-color":"","overlay-opacity":"","overlay-gradient":""},"tablet":{"background-color":"","background-image":"","background-repeat":"repeat","background-position":"center center","background-size":"auto","background-attachment":"scroll","background-type":"","background-media":"","overlay-type":"","overlay-color":"","overlay-opacity":"","overlay-gradient":""},"mobile":{"background-color":"","background-image":"","background-repeat":"repeat","background-position":"center center","background-size":"auto","background-attachment":"scroll","background-type":"","background-media":"","overlay-type":"","overlay-color":"","overlay-opacity":"","overlay-gradient":""}},"ast-content-background-meta":{"desktop":{"background-color":"var(--ast-global-color-4)","background-image":"","background-repeat":"repeat","background-position":"center center","background-size":"auto","background-attachment":"scroll","background-type":"","background-media":"","overlay-type":"","overlay-color":"","overlay-opacity":"","overlay-gradient":""},"tablet":{"background-color":"var(--ast-global-color-4)","background-image":"","background-repeat":"repeat","background-position":"center center","background-size":"auto","background-attachment":"scroll","background-type":"","background-media":"","overlay-type":"","overlay-color":"","overlay-opacity":"","overlay-gradient":""},"mobile":{"background-color":"var(--ast-global-color-4)","background-image":"","background-repeat":"repeat","background-position":"center center","background-size":"auto","background-attachment":"scroll","background-type":"","background-media":"","overlay-type":"","overlay-color":"","overlay-opacity":"","overlay-gradient":""}}},"product_brand":[],"product_cat":[17,18,19],"product_tag":[373],"class_list":{"0":"post-1440","1":"product","2":"type-product","3":"status-publish","4":"has-post-thumbnail","6":"product_cat-stainless-steel","7":"product_cat-alloy-steel","8":"product_cat-low-carbon-steel","9":"product_tag-3d-printing-investment-casting","10":"desktop-align-left","11":"tablet-align-left","12":"mobile-align-left","14":"first","15":"instock","16":"shipping-taxable","17":"product-type-simple"},"_links":{"self":[{"href":"https:\/\/haoyumaterial.com\/eo\/wp-json\/wp\/v2\/product\/1440","targetHints":{"allow":["GET"]}}],"collection":[{"href":"https:\/\/haoyumaterial.com\/eo\/wp-json\/wp\/v2\/product"}],"about":[{"href":"https:\/\/haoyumaterial.com\/eo\/wp-json\/wp\/v2\/types\/product"}],"replies":[{"embeddable":true,"href":"https:\/\/haoyumaterial.com\/eo\/wp-json\/wp\/v2\/comments?post=1440"}],"wp:featuredmedia":[{"embeddable":true,"href":"https:\/\/haoyumaterial.com\/eo\/wp-json\/wp\/v2\/media\/1441"}],"wp:attachment":[{"href":"https:\/\/haoyumaterial.com\/eo\/wp-json\/wp\/v2\/media?parent=1440"}],"wp:term":[{"taxonomy":"product_brand","embeddable":true,"href":"https:\/\/haoyumaterial.com\/eo\/wp-json\/wp\/v2\/product_brand?post=1440"},{"taxonomy":"product_cat","embeddable":true,"href":"https:\/\/haoyumaterial.com\/eo\/wp-json\/wp\/v2\/product_cat?post=1440"},{"taxonomy":"product_tag","embeddable":true,"href":"https:\/\/haoyumaterial.com\/eo\/wp-json\/wp\/v2\/product_tag?post=1440"}],"curies":[{"name":"wp","href":"https:\/\/api.w.org\/{rel}","templated":true}]}}