{"id":1467,"date":"2026-01-19T08:08:30","date_gmt":"2026-01-19T00:08:30","guid":{"rendered":"https:\/\/haoyumaterial.com\/?post_type=product&#038;p=1467"},"modified":"2026-01-19T08:08:30","modified_gmt":"2026-01-19T00:08:30","slug":"alloy-steel-investment-casting-services-precision-lost-wax-parts","status":"publish","type":"product","link":"https:\/\/haoyumaterial.com\/eo\/product\/alloy-steel-investment-casting-services-precision-lost-wax-parts\/","title":{"rendered":"\u015ctofa \u015ctala Investado-Kastado-Servoj Preciza \u015ctofa Vala\u0135a Partoj"},"content":{"rendered":"<h2>Preciza In\u011denierado kun \u015ctofa \u015ctala Investado-Kastado<\/h2>\n<p>En Vastmaterial, ni provizas elstaran fabrikad solvojn specialigitajn en\u00a0<strong>\u015dtofa \u015ctala investado-kastado<\/strong>. Uzante la progresintan\u00a0<strong>perdan cindradon<\/strong>, ni transformas kompleksajn in\u011denierajn desegnojn en alt-efikecajn metalajn komponantojn. Nia instala\u0135o estas ekipita por trakti la rigordemandajn postulojn de tutmondaj industrioj, servante kiel dedi\u0109ita partnero por OEM-oj kiuj postulas partojn kiuj superas la kapablojn de normaj fabrikadmetodoj.<\/p>\n<h3>Kial Elekti \u015ctalan \u015ctofan?<\/h3>\n<p>Elekti la \u011dustan materialon estas kritika por la da\u016dro de la komponanto. Ni rekomendas \u015ctalan \u015ctofan por aplikoj postuleblaj al superaj mekanikaj ecoj kiujn normala karbon\u015dtalo ne povas atingi.<\/p>\n<ul>\n<li><strong>Plibonigita Fortikeco:<\/strong>\u00a0Eltenas altan impaktadon kaj \u015dok\u015dar\u011don sen fiasko.<\/li>\n<li><strong>Elasteco de Uzado:<\/strong>\u00a0Ideala por abrazivaj medioj en minejo kaj peza ma\u015dinaro.<\/li>\n<li><strong>Alta Forto-Al-Pezo Racio:<\/strong>\u00a0Donas strukturan integrecon sen nenecesa volumeno.<\/li>\n<\/ul>\n<h3>Kerna Kapablo: Proksima Reta Formo Gisis<\/h3>\n<p>Nia fabrikadfilozofio centras sur\u00a0<strong>proksima reta formo gisis<\/strong>. Ni produktas kompleksajn geometriojn kun precizaj detaloj kiuj minimumigas la bezonon por sekundara prilaborado. Per atingo de altaj\u00a0<strong>precizan investan fandadon<\/strong>\u00a0tolerancoj (CT4-CT6) rekte de la malpenso, ni signife reduktas materialan mal\u015dparadon kaj ma\u015dina\u0135kostojn, liverante pli efikan kaj koston-efikan produktadciklon por viaj kritikaj partoj.<\/p>\n<h2>Komunaj Aloy\u015ctalaj Gradoj Ni Verkas<\/h2>\n<p>Ni specializi\u011das en\u00a0<strong>\u015dtofa \u015ctala investado-kastado<\/strong>\u00a0tra lar\u011da gamo de gradoj por kongrui kun specifaj mekanikaj trajtoj. \u0108u vi bezonas normajn AISI-gradojn a\u016d specialigitajn DIN kaj JIS ekvivalentojn, nia fandado liveras konstantan metalo\u0135on por \u0109iu ver\u015do.<\/p>\n<h3>Malalt-Aloy &amp; Alta Forto Opcioj<\/h3>\n<p>Nia\u00a0<strong>ferra alojo ver\u015dado<\/strong>\u00a0kapabloj kovras materialojn desegnitajn por fortikeco, rezisto al uzado, kaj alta stre\u0109o.<\/p>\n<ul>\n<li><strong>4140 &amp; 4130 (Kromio-Molibdeno):<\/strong>\u00a0Jen estas niaj bazaj materialoj por\u00a0<strong>4140 aloja \u015dtala vergo.<\/strong>. Ili proponas elstaran lamenan forton kaj impaktreziston, farante ilin perfektaj por alt-stresaj radoj, aksoloj kaj konektaj stangoj.<\/li>\n<li><strong>8620 (Nikel-Krom-Molibdeno):<\/strong>\u00a0Ni rekomendas\u00a0<strong>8620 \u015dtala investa vergo<\/strong>\u00a0por partoj postulas malmolan, abra\u0135rezistan surfacon kun fortika kerneto. \u0108i tio estas la normo por karburizitaj partoj kiel radoj kaj krampoj.<\/li>\n<li><strong>4340 (Ni-Cr-Mo):<\/strong>\u00a0Konata pro profunda malmolebleco kaj alta forto, \u0109i tiu grado ofte estas uzata por pezaj ma\u015dinaroj kaj de\u00a0<strong><a href=\"https:\/\/haoyumaterial.com\/eo\/aerospace-casting-manufacturer-for-high-performance-alloy-components\/\">Aerospace Casting Manufacturer for High Performance Alloy Components<\/a><\/strong>\u00a0kie struktura integreco estas kritika.<\/li>\n<\/ul>\n<h3>Materiala Propra\u0135a Komparo<\/h3>\n<p>Ni certigas ke \u0109iuj verkoj plenumas rigorajn\u00a0<strong>ASTM<\/strong>\u00a0kaj\u00a0<strong>ISO<\/strong>\u00a0normojn. Sube estas komparo de tipaj mekanikaj propra\u0135oj por niaj plej popularaj alojoj (valoro povas varii la\u016d varmotraktado).<\/p>\n<div class=\"table-responsive\">\n<table class=\"table\">\n<thead>\n<tr>\n<th>Aloja Grado<\/th>\n<th>Tipo<\/th>\n<th>Tensila Forto (MPa)<\/th>\n<th>Elasta Forto (MPa)<\/th>\n<th>\u0108efa Trajto<\/th>\n<\/tr>\n<\/thead>\n<tbody>\n<tr>\n<td><strong>AISI 4140<\/strong><\/td>\n<td>\u00a0 \u00a0 \u00a0 \u00a0Cr-Mo \u015ctalo<\/td>\n<td>\u00a0 \u00a0 \u00a0 \u00a0 655 \u2013 1720<\/td>\n<td>\u00a0 \u00a0 \u00a0 \u00a0 \u00a0415 \u2013 1500<\/td>\n<td>Alta laceco kaj fortikeco<\/td>\n<\/tr>\n<tr>\n<td><strong>AISI 8620<\/strong><\/td>\n<td>\u00a0 \u00a0 \u00a0Ni-Cr-Mo \u015ctalo<\/td>\n<td>\u00a0 \u00a0 \u00a0 \u00a0530 \u2013 900<\/td>\n<td>\u00a0 \u00a0 \u00a0 \u00a0 \u00a0385 \u2013 550<\/td>\n<td>Elstara kazo\u016dardadaj propra\u0135oj<\/td>\n<\/tr>\n<tr>\n<td><strong>AISI 4340<\/strong><\/td>\n<td>\u00a0 \u00a0 \u00a0Alta Forteco<\/td>\n<td>\u00a0 \u00a0 \u00a0 \u00a0745 \u2013 1860<\/td>\n<td>\u00a0 \u00a0 \u00a0 \u00a0 \u00a0470 \u2013 1600<\/td>\n<td>Supera forto en pezaj sekcioj<\/td>\n<\/tr>\n<tr>\n<td><strong>AISI 4130<\/strong><\/td>\n<td>\u00a0 \u00a0 \u00a0 Cr-Mo \u015ctalo<\/td>\n<td>\u00a0 \u00a0 \u00a0 \u00a0560 \u2013 670<\/td>\n<td>\u00a0 \u00a0 \u00a0 \u00a0 460 \u2013 500<\/td>\n<td>Bona veldado kaj ma\u015dinebleco<\/td>\n<\/tr>\n<\/tbody>\n<\/table>\n<\/div>\n<h2>Nia Investada Kasto-Procezo kaj Kapabloj<\/h2>\n<p>Ni uzas la progresintan\u00a0<strong>Silica Sol investada kasto<\/strong>\u00a0metodon por nia aloja \u015dtala produktado. Male al la akvoglaso-proceso, Silica Sol kasto provizas signife pli altan dimensi\u011dan precizecon kaj pli glatan surfacan finon, farante \u011din la ideala elekto por komponentoj postulas striktajn specifojn. Kiel speciala\u0135o\u00a0<a href=\"https:\/\/haoyumaterial.com\/eo\/precision-casting-foundry-for-high-precision-investment-castings\/\">precizeca \u015dtona fandado<\/a>, ni fokusas pri liverado de \u201cProksime de Neta Formo\u201d partoj kiuj reduktas viajn sekundarajn ma\u015dinajn kostojn.<\/p>\n<h3>Teknikaj Specifoj kaj Tolerancoj<\/h3>\n<p>Niaj produktadprotokoloj strikte sekvas internaciajn normojn por certigi konsekvencon en \u0109iu partio.<\/p>\n<ul>\n<li><strong>Lineaj Tolerancoj:<\/strong>\u00a0Ni atingas altajn precizecajn nivelojn de\u00a0<strong>CT4 \u011dis CT6<\/strong>\u00a0la\u016d\u00a0<strong>ISO 8062<\/strong>\u00a0normojn.<\/li>\n<li><strong>Surfaca Finado:<\/strong>\u00a0Nia norma fandado fini\u011das de\u00a0<strong>Ra 3.2 \u011dis 6.3 \u03bcm<\/strong>, ofte forigante la bezonon de plua polurado.<\/li>\n<li><strong>Pezo &amp; Dimensioj:<\/strong>\u00a0Ni estas ekipitaj por fandado de kompleksaj partoj de\u00a0<strong>0.05 kg \u011dis 50 kg<\/strong>, kapabla je traktado de kompleksaj geometrioj kun minimumaj muro-dikoj \u011dis 2mm.<\/li>\n<\/ul>\n<p>\u0108i tiu rigora proceza kontrolo ebligas al ni produkti da\u016drajn\u00a0<strong>\u015dtofa \u015ctala investado-kastado<\/strong>\u00a0partojn adaptitajn al la specifaj postuloj de a\u016dtomobilaj, maraj kaj industriaj aplikoj.<\/p>\n<h2>Integritaj Valoro-Aldaj Servoj: Unu-Stop-Butiko<\/h2>\n<p><img loading=\"lazy\" decoding=\"async\" class=\"alignnone  wp-image-1468\" src=\"https:\/\/haoyumaterial.com\/wp-content\/uploads\/2026\/01\/alloy-steel-investment-casting-300x300.jpg\" alt=\"\" width=\"504\" height=\"504\" srcset=\"https:\/\/haoyumaterial.com\/wp-content\/uploads\/2026\/01\/alloy-steel-investment-casting-300x300.jpg 300w, https:\/\/haoyumaterial.com\/wp-content\/uploads\/2026\/01\/alloy-steel-investment-casting-150x150.jpg 150w, https:\/\/haoyumaterial.com\/wp-content\/uploads\/2026\/01\/alloy-steel-investment-casting-768x768.jpg 768w, https:\/\/haoyumaterial.com\/wp-content\/uploads\/2026\/01\/alloy-steel-investment-casting-12x12.jpg 12w, https:\/\/haoyumaterial.com\/wp-content\/uploads\/2026\/01\/alloy-steel-investment-casting-600x600.jpg 600w, https:\/\/haoyumaterial.com\/wp-content\/uploads\/2026\/01\/alloy-steel-investment-casting-100x100.jpg 100w, https:\/\/haoyumaterial.com\/wp-content\/uploads\/2026\/01\/alloy-steel-investment-casting.jpg 900w\" sizes=\"auto, (max-width: 504px) 100vw, 504px\" \/><\/p>\n<p>En Vastmaterial, ni komprenas ke ricevi krudan fandadon ofte estas nur la unua pa\u015do en via fabrikada voja\u011do. Por plifaciligi vian provizlinion kaj redukti lead-tempojn, ni provizas kompletan gamon de sekundaraj operacioj. Ni agas kiel vera unu-stop-butik, certigante ke viaj\u00a0<strong>\u015dtofa \u015ctala investado-kastado<\/strong>\u00a0komponentoj alvenas plene finitaj kaj pretaj por kunigo.<\/p>\n<h3>Preciza CNC-Ma\u015dado-Servoj<\/h3>\n<p>Dum la procezo de for\u011dado per perdita kandelo liveras bonegajn proksimajn rezultojn en formo, certaj kritikaj trajtoj postulas la ekstreman precizecon, kiun nur ma\u015dinado povas provizi.\u00a0<strong>Ni kovras la diferencon inter la fandado kaj la ma\u015din\u0109ambro.<\/strong>. Nia instala\u0135o estas ekipita por borado, tran\u0109ado, tapado kaj frezado por atingi striktajn toleradojn tiel malaltajn kiel\u00a0<a href=\"https:\/\/haoyumaterial.com\/eo\/cnc-turning-guide-2026-process-materials-and-service-selection\/\">\u00b1 0.005mm.<\/a>, Per kompreno de la nuancoj de.<\/p>\n<h3>CNC-turnado kaj ma\u015dinado<\/h3>\n<p>ni optimumigas la desegnon de la fandado por minimumigi la forigon de materialo, \u015dparante monon pri materialo kaj cikla tempo.<\/p>\n<ul>\n<li><strong>Varma Traktado-Kapabloj<\/strong>\u00a0Esenca por malpezigi internajn stre\u0109ojn kaj plibonigi ma\u015dineblecon anta\u016d fina prilaborado.<\/li>\n<li><strong>Malvarmigo kaj temperado:<\/strong>\u00a0La normala metodo por atingi altan forton kaj fortikecon en gradoj kiel 4140 kaj 4340.<\/li>\n<li><strong>Ka\u015da Hardado:<\/strong>\u00a0Ideala por radoj kaj frikaj partoj kiuj bezonas malmolan surfacon sed duktilan kernon.<\/li>\n<\/ul>\n<h3>Surfaca Finado<\/h3>\n<p>La fina pa\u015do en nia produktadlinio estas certigi ke viaj partoj povas elteni ilian funkciadon environmente dum aspektas profesie. Ni proponas\u00a0<a href=\"https:\/\/haoyumaterial.com\/eo\/services\/surface-treatment\/\">ampleksajn surfacajn traktadojn<\/a>\u00a0por plibonigi koroda rezisto kaj estetikon. \u0108u vi bezonas\u00a0<strong>zinkado<\/strong>\u00a0por baza rusta protektado,\u00a0<strong>nigra oksido<\/strong>\u00a0por eleganta fini\u015do, a\u016d\u00a0<strong>elektropolurado<\/strong>\u00a0por alt-pureco aplikoj, ni prizorgas \u0109ion. Ni anka\u016d provizas pentra\u0135on kaj pulvorkovra\u0135ajn servojn por komponantoj esencaj al malmolaj eksteraj elementoj.<\/p>\n<h2>Kvalito-Asertado kaj Testaj Normoj<\/h2>\n<p><img decoding=\"async\" src=\"https:\/\/haoyumaterial.com\/wp-content\/uploads\/2026\/01\/Alloy_Steel_Casting_Quality_Assurance_Testing_2Xdj.webp\" alt=\"A\u016dgusta \u015ctala Vergo-Kvalito-Atestado de Testado\" \/><\/p>\n<p>En Vastmaterial, kvalito ne estas nur marko; \u011di estas la fundamento de nia fabrikada procezo. Kiel\u00a0<strong>ISO 9001 atestita fandado<\/strong>, ni efektivigas striktajn kontrolojn \u0109e \u0109iu stadio de\u00a0<strong>\u015dtofa \u015ctala investado-kastado<\/strong>\u00a0por certigi ke \u0109iu parto plenumas precize kiel intence. Ni ne lasas ion ajn al \u015danco.<\/p>\n<h3>Materiala Kontrolo<\/h3>\n<p>Anta\u016d ol ni e\u0109 ver\u015das la metalon, ni konfirmas ke la kemio estas perfekta. Ni uzas\u00a0<strong>OBLF Spektrometroj<\/strong>\u00a0por analizi la kemian kompona\u0135on de la moligita metalo en reala tempo. \u0108i tio certigas ke la elementa mikso estas \u011dusta anta\u016d ver\u015dado, evitante materialajn problemojn poste kaj garantiante ke la aloja grado plenumas internaciajn normojn.<\/p>\n<h3>Meza\u0135a Trajto-Testado<\/h3>\n<p>Post kiam la partoj estas ver\u015ditaj, ni konfirmas iliajn fizikajn limojn. Nia hejma laboratorio plenumas kompletan serion de mekanikaj testoj por konfirmi ke la materialaj trajtoj kongruas kun viaj specifaj postuloj:<\/p>\n<ul>\n<li><strong>Tensila Testado:<\/strong>\u00a0Kontrolas finalan stre\u0109an forton kaj elfluon.<\/li>\n<li><strong>Impakt-Testado (Charpy):<\/strong>\u00a0Mezuras fortikecon kaj energian absorbadon, grava por partoj alfrontantaj \u015dokajn \u015dar\u011dojn.<\/li>\n<li><strong>Malsekureco-Testado:<\/strong>\u00a0Ni uzas Brinell kaj Rockwell metodojn por certigi \u011dustan eluzreziston.<\/li>\n<\/ul>\n<p>Vi povas esplori pli pri nia\u00a0<strong><a href=\"https:\/\/haoyumaterial.com\/eo\/alloy-cast-steel-factory-capabilities-processes-and-quality\/\">aloja fandita \u015dtalo-fabriko kapabloj<\/a><\/strong>\u00a0por vidi kiel ni konservas konsekvencon en grandaj produktadserioj.<\/p>\n<h3>Nedifektiga Testado (NDT)<\/h3>\n<p>Por kritikaj komponantoj kie interna integreco estas nekompromisebla, ni uzas\u00a0<strong>Ne-destrua testado (NDT)<\/strong>\u00a0metodojn. Ni detektas surfacajn kaj sub-surfacajn difektojn sen dama\u011di la parton uzante:<\/p>\n<ul>\n<li><strong>R\u00f6ntgeninspektadon:<\/strong>\u00a0Identigas internan porozon a\u016d \u015drumpadon.<\/li>\n<li><strong>Magnetaj Partikla Inspektado (MPI):<\/strong>\u00a0Detektas surfacajn krakadojn en feromagnetaj materialoj.<\/li>\n<li><strong>Kolorigilo Penetranta Testado:<\/strong>\u00a0Emfazis surfacajn disi\u011dojn.<\/li>\n<\/ul>\n<p>\u0108i tiu rigora aliro certigas ke niaj\u00a0<strong><a href=\"https:\/\/haoyumaterial.com\/eo\/vara-kategorio\/stainless-steel\/alloy-steel\/\">aloja \u015dtala\u0135oj<\/a><\/strong>\u00a0sen defectaj kaj pretaj por alt-stresaj aplikoj en la Usona merkato.<\/p>\n<h2>\u0108efaj industriaj aplikoj por aloja \u015dtala fandado<\/h2>\n<p><img loading=\"lazy\" decoding=\"async\" class=\"alignnone  wp-image-1469\" src=\"https:\/\/haoyumaterial.com\/wp-content\/uploads\/2026\/01\/alloy-steel-casting-300x300.jpg\" alt=\"\" width=\"490\" height=\"490\" srcset=\"https:\/\/haoyumaterial.com\/wp-content\/uploads\/2026\/01\/alloy-steel-casting-300x300.jpg 300w, https:\/\/haoyumaterial.com\/wp-content\/uploads\/2026\/01\/alloy-steel-casting-150x150.jpg 150w, https:\/\/haoyumaterial.com\/wp-content\/uploads\/2026\/01\/alloy-steel-casting-768x768.jpg 768w, https:\/\/haoyumaterial.com\/wp-content\/uploads\/2026\/01\/alloy-steel-casting-12x12.jpg 12w, https:\/\/haoyumaterial.com\/wp-content\/uploads\/2026\/01\/alloy-steel-casting-600x600.jpg 600w, https:\/\/haoyumaterial.com\/wp-content\/uploads\/2026\/01\/alloy-steel-casting-100x100.jpg 100w, https:\/\/haoyumaterial.com\/wp-content\/uploads\/2026\/01\/alloy-steel-casting.jpg 900w\" sizes=\"auto, (max-width: 490px) 100vw, 490px\" \/><\/p>\n<p>Nia\u00a0<strong>\u015dtofa \u015ctala investado-kastado<\/strong>\u00a0kapabloj servas diversajn sektorojn kie eraro de komponento ne estas opcio. Per utiligo de altfortaj materialoj kaj precizaj muldilaj dezajnoj, ni liveras partojn adaptitajn al specifaj industriaj postuloj tra la tuta Usono kaj tutmondaj merkatoj.<\/p>\n<ul>\n<li><strong>A\u016dtomobilaj komponantoj:<\/strong>\u00a0Ni fabrikas kritikajn potencon kaj strukturajn partojn, inkluzive de transmisiaj radoj, \u015dan\u011dforkoj, kaj muntaj brakoj. Uzante gradon kiel\u00a0<strong>4140 aloja \u015dtala vergo.<\/strong>, ni certigas altan lamenan forton por veturila da\u016dreco.<\/li>\n<li><strong>Konstrua\u0135o &amp; Agrikulturo:<\/strong>\u00a0Peza ekipa\u0135o postulas eksterordinaran reziston al uzado. Ni provizas da\u016drajn tran\u0109ilojn por ekskavatoroj, hidra\u016dlikajn cilindrofiniojn, kaj klavojn desegnitajn por elteni alt-impaktajn \u015dar\u011dojn kaj abrazivajn mediojn en la kampo.<\/li>\n<li><strong>Fluida Potencaj Sistemoj:<\/strong>\u00a0Precizeco estas esenca por sen-\u0135etaj rendimento. Ni produktas kompleksajn pumpajn impelilojn, tubajn akcesora\u0135ojn, kaj\u00a0<a href=\"https:\/\/haoyumaterial.com\/eo\/valve-castings-manufacturer-custom-oem-valve-bodies\/\">la\u016dmendajn OEM-valvokorpojn<\/a>\u00a0kiuj konservas striktajn toleradojn por optimuma fluo-kontrolo kaj premo-traktado.<\/li>\n<li><strong>Industria Ma\u015dinaro:<\/strong>\u00a0De a\u016dtomataj kunmetadlinioj \u011dis minadaj ma\u015dinoj, ni provizas esencajn materialojn kiel leviloj, pordoj, kaj strukturaj ligiloj. Nia proksima-neta formo reduktas ma\u015dinadan tempon por \u0109i tiuj kompleksaj geometrioj.<\/li>\n<\/ul>\n<h2>Kial Kunlabori kun Vastmaterialo?<\/h2>\n<p><img loading=\"lazy\" decoding=\"async\" class=\"alignnone  wp-image-1470\" src=\"https:\/\/haoyumaterial.com\/wp-content\/uploads\/2026\/01\/alloy-steel-investment-casting-1-300x300.jpg\" alt=\"\" width=\"375\" height=\"375\" srcset=\"https:\/\/haoyumaterial.com\/wp-content\/uploads\/2026\/01\/alloy-steel-investment-casting-1-300x300.jpg 300w, https:\/\/haoyumaterial.com\/wp-content\/uploads\/2026\/01\/alloy-steel-investment-casting-1-150x150.jpg 150w, https:\/\/haoyumaterial.com\/wp-content\/uploads\/2026\/01\/alloy-steel-investment-casting-1-768x768.jpg 768w, https:\/\/haoyumaterial.com\/wp-content\/uploads\/2026\/01\/alloy-steel-investment-casting-1-12x12.jpg 12w, https:\/\/haoyumaterial.com\/wp-content\/uploads\/2026\/01\/alloy-steel-investment-casting-1-600x600.jpg 600w, https:\/\/haoyumaterial.com\/wp-content\/uploads\/2026\/01\/alloy-steel-investment-casting-1-100x100.jpg 100w, https:\/\/haoyumaterial.com\/wp-content\/uploads\/2026\/01\/alloy-steel-investment-casting-1.jpg 900w\" sizes=\"auto, (max-width: 375px) 100vw, 375px\" \/><\/p>\n<p>Elekti la \u011dustan produktan partneron estas same grava kiel elekti la \u011dustan materialon. Ni ne simple ver\u015das metalon; ni provizas in\u011denierajn solvojn kiuj plifaciligas vian proviz\u0109enon. Kun pli ol\u00a0<strong>20 jaroj da sperto<\/strong>\u00a0en metalo kaj fandado-optimumigo, ni komprenas la nuancojn de produktado de altkvalitaj\u00a0<strong>\u015dtofa \u015ctala investado-kastado<\/strong>\u00a0komponentoj kiuj plenumas striktajn industrio-normojn.<\/p>\n<h3>Dekoj da metala esplorado kaj sperto<\/h3>\n<p>Nia teamo pasigis du jardekojn plibonigante la arton de la forgesa cindro-procezo. Ni scias kiel malsamaj aloja gradigoj kondutas dum malvarmigo kaj solidi\u011do, ebligante anta\u016ddiri kaj preventi difektojn kiel poro a\u016d \u015drumpado. Kiel dedi\u0109ita\u00a0<a href=\"https:\/\/haoyumaterial.com\/eo\/lost-wax-casting-foundry\/\">perdita cindro ver\u015dado fandado<\/a>, ni apliki \u0109i tiun profundan teknikajn sciojn por certigi ke \u0109iu partio plenumas viajn mekanikajn postulojn.<\/p>\n<h3>Kostefikeco per sa\u011da dezajno<\/h3>\n<p>Ni fokusi\u011das al\u00a0<strong>kostefikeco<\/strong>\u00a0de la unua tago. Nia in\u011denieria teamo uzas sa\u011dan muldil-dizajnon por minimumigi materialan mal\u015dparadon kaj atingi\u00a0<strong>Proksime al Retaj Formo<\/strong>\u00a0geometrioj.<\/p>\n<ul>\n<li><strong>Malpliigita Ma\u015dinado:<\/strong>\u00a0Per tenere pli striktajn tolerojn dum fandado, ni draste reduktas la bezonon de dua CNC-machinado.<\/li>\n<li><strong>Materiala Optimumigo:<\/strong>\u00a0Ni desegnas gvidajn sistemojn kiuj maksimumigas la rendimenton sen kompromiti la integrecon de la parto.<\/li>\n<\/ul>\n<h3>Tutmonda Logistiko &amp; Eksporta Kapabloj<\/h3>\n<p>Ni estas spertaj navigi la kompleksa\u0135ojn de internacia komerco. \u0108u vi situas en\u00a0<strong>Nordameriko, E\u016dropo, a\u016d Azio<\/strong>, ni prizorgas la logistikon por certigi ke viaj partoj alvenas \u011dustatempe. Ni estas konataj kun la specifaj dokumentoj kaj kvalitaj normoj postulataj por eksporti al Okcidentaj merkatoj, certigante senprobleman sperton.<\/p>\n<h3>Rapida Prototipado &amp; Fleksibleco<\/h3>\n<p>La rapideco al merkato gravas. Se vi bezonas validigi desegnon anta\u016d fari\u011di en multekosta malmola ilo, ni proponas\u00a0<strong>rapida prototipado<\/strong>\u00a0servojn. Per uzado de\u00a0<strong>3D presitaj vax-modeloj<\/strong>, ni povas rapide produkti malalt-volumenajn funkciajn prototipojn. Tio ebligas vin testi ta\u016dgecon kaj funkciadon en realaj kondi\u0109oj anta\u016d ol pligrandigi al plena amasproduktado.<\/p>\n<h2>Oftaj Demandoj (OD)<\/h2>\n<p>Ni komprenas ke navigi tra la detaloj de\u00a0<strong>\u015dtofa \u015ctala investado-kastado<\/strong>\u00a0povas esti kompleksa. Jen respondoj al la plej oftaj demandoj, kiujn ni ricevas de niaj partneroj en Usono kaj E\u016dropo pri nia fabrikada procezo.<\/p>\n<h3>Kio estas la anta\u016dtempo por nova ilo?<\/h3>\n<p>Rapideco al merkato gravas. Por plej multaj personigitaj projektoj, nia anta\u016dtempo por desegni kaj produkti novajn \u015dtofojn kutime estas\u00a0<strong>15 \u011dis 20 tagoj<\/strong>. Post kiam la ilaro estas kompletigita, ni tuj produktas inicialajn specimenojn por via kontrolo anta\u016d ol pasi al plena produktado.<\/p>\n<h3>\u0108u vi povas verki bazite sur fizika specimenoj se mi ne havas CAD-desegna\u0135on?<\/h3>\n<p>Jes, absolute. Se vi havas hereda\u0135an parton sed mankas la originalaj planoj, ni provizas plenan malanta\u016dan in\u011denieradon kapablojn. Ni povas analizi vian fizikan specimenon por generi precizajn 3D CAD-modelojn kaj 2D-desegna\u0135ojn, certigante ke la fina\u00a0<strong>personigitaj metalaj partoj produktado<\/strong>\u00a0perfekte kongruas kun viaj originalaj specifoj. \u0108i tio estas kerna parto de nia\u00a0<a href=\"https:\/\/haoyumaterial.com\/eo\/services\/precision-casting\/\">precizecaj \u015dtofadservoj<\/a>\u00a0desegnita por konservi vian provizan \u0109enon movi\u011danta.<\/p>\n<h3>Kio estas via Minimuma Mendo Kvanto (MOQ)?<\/h3>\n<p>Ni konservas flekseblecon por subteni entreprenojn de diversaj grandecoj. Dum nia norma MOQ estas kutime\u00a0<strong>50 \u011dis 100 pecoj<\/strong>, tio tre dependas de la unuo pezo kaj la komplekseco de la vergo. Ni \u011dojas diskuti specifajn volumajn postulojn por trovi solvon kiu funkcias por via bu\u011deto kaj horaro.<\/p>","protected":false},"excerpt":{"rendered":"<p>Precision Engineering with Alloy Steel Investment Casting At Vastmaterial, we provide premier manufacturing solutions specialized in\u00a0alloy steel investment casting. Utilizing [&hellip;]<\/p>\n","protected":false},"featured_media":1471,"comment_status":"open","ping_status":"closed","template":"","meta":{"site-sidebar-layout":"default","site-content-layout":"","ast-site-content-layout":"default","site-content-style":"default","site-sidebar-style":"default","ast-global-header-display":"","ast-banner-title-visibility":"","ast-main-header-display":"","ast-hfb-above-header-display":"","ast-hfb-below-header-display":"","ast-hfb-mobile-header-display":"","site-post-title":"","ast-breadcrumbs-content":"","ast-featured-img":"","footer-sml-layout":"","ast-disable-related-posts":"","theme-transparent-header-meta":"default","adv-header-id-meta":"","stick-header-meta":"","header-above-stick-meta":"","header-main-stick-meta":"","header-below-stick-meta":"","astra-migrate-meta-layouts":"set","ast-page-background-enabled":"default","ast-page-background-meta":{"desktop":{"background-color":"var(--ast-global-color-5)","background-image":"","background-repeat":"repeat","background-position":"center center","background-size":"auto","background-attachment":"scroll","background-type":"","background-media":"","overlay-type":"","overlay-color":"","overlay-opacity":"","overlay-gradient":""},"tablet":{"background-color":"","background-image":"","background-repeat":"repeat","background-position":"center center","background-size":"auto","background-attachment":"scroll","background-type":"","background-media":"","overlay-type":"","overlay-color":"","overlay-opacity":"","overlay-gradient":""},"mobile":{"background-color":"","background-image":"","background-repeat":"repeat","background-position":"center center","background-size":"auto","background-attachment":"scroll","background-type":"","background-media":"","overlay-type":"","overlay-color":"","overlay-opacity":"","overlay-gradient":""}},"ast-content-background-meta":{"desktop":{"background-color":"var(--ast-global-color-4)","background-image":"","background-repeat":"repeat","background-position":"center center","background-size":"auto","background-attachment":"scroll","background-type":"","background-media":"","overlay-type":"","overlay-color":"","overlay-opacity":"","overlay-gradient":""},"tablet":{"background-color":"var(--ast-global-color-4)","background-image":"","background-repeat":"repeat","background-position":"center center","background-size":"auto","background-attachment":"scroll","background-type":"","background-media":"","overlay-type":"","overlay-color":"","overlay-opacity":"","overlay-gradient":""},"mobile":{"background-color":"var(--ast-global-color-4)","background-image":"","background-repeat":"repeat","background-position":"center center","background-size":"auto","background-attachment":"scroll","background-type":"","background-media":"","overlay-type":"","overlay-color":"","overlay-opacity":"","overlay-gradient":""}}},"product_brand":[],"product_cat":[17,18,20,19],"product_tag":[389],"class_list":{"0":"post-1467","1":"product","2":"type-product","3":"status-publish","4":"has-post-thumbnail","6":"product_cat-stainless-steel","7":"product_cat-alloy-steel","8":"product_cat-duplex-stainless-steel","9":"product_cat-low-carbon-steel","10":"product_tag-alloy-steel-investment-casting","11":"desktop-align-left","12":"tablet-align-left","13":"mobile-align-left","15":"first","16":"instock","17":"shipping-taxable","18":"product-type-simple"},"_links":{"self":[{"href":"https:\/\/haoyumaterial.com\/eo\/wp-json\/wp\/v2\/product\/1467","targetHints":{"allow":["GET"]}}],"collection":[{"href":"https:\/\/haoyumaterial.com\/eo\/wp-json\/wp\/v2\/product"}],"about":[{"href":"https:\/\/haoyumaterial.com\/eo\/wp-json\/wp\/v2\/types\/product"}],"replies":[{"embeddable":true,"href":"https:\/\/haoyumaterial.com\/eo\/wp-json\/wp\/v2\/comments?post=1467"}],"wp:featuredmedia":[{"embeddable":true,"href":"https:\/\/haoyumaterial.com\/eo\/wp-json\/wp\/v2\/media\/1471"}],"wp:attachment":[{"href":"https:\/\/haoyumaterial.com\/eo\/wp-json\/wp\/v2\/media?parent=1467"}],"wp:term":[{"taxonomy":"product_brand","embeddable":true,"href":"https:\/\/haoyumaterial.com\/eo\/wp-json\/wp\/v2\/product_brand?post=1467"},{"taxonomy":"product_cat","embeddable":true,"href":"https:\/\/haoyumaterial.com\/eo\/wp-json\/wp\/v2\/product_cat?post=1467"},{"taxonomy":"product_tag","embeddable":true,"href":"https:\/\/haoyumaterial.com\/eo\/wp-json\/wp\/v2\/product_tag?post=1467"}],"curies":[{"name":"wp","href":"https:\/\/api.w.org\/{rel}","templated":true}]}}