{"id":1516,"date":"2026-01-24T12:01:38","date_gmt":"2026-01-24T04:01:38","guid":{"rendered":"https:\/\/haoyumaterial.com\/?post_type=product&#038;p=1516"},"modified":"2026-01-24T12:04:53","modified_gmt":"2026-01-24T04:04:53","slug":"custom-casting-services-precision-metal-parts-manufacturing","status":"publish","type":"product","link":"https:\/\/haoyumaterial.com\/eo\/product\/custom-casting-services-precision-metal-parts-manufacturing\/","title":{"rendered":"Kustomaj \u015ctofceloj Servoj Preciza Metalparta Fabrikado"},"content":{"rendered":"<h2>Kompleksaj Kustomaj \u015ctofcelo Kapabloj<\/h2>\n<p>Ni speciali\u011das pri liverado de alta precizeco\u00a0<strong>Kutima \u015covado<\/strong>\u00a0solvoj, agi kiel \u0109efa OEM\/ODM-partnero por tutmondaj industrioj. Nia fabrikadfilozofio centras sur la\u00a0<strong>Silica Sol Investo-\u015covado<\/strong>\u00a0proceso (Perdita \u015ca\u016dmo), kiu ebligas al ni produkti komponantojn kun eksterordinaraj dimensiaj precizecoj kaj superaj surfacfinaj\u0135oj kompare kun tradiciaj metodoj. Per integri moldan desegnon, \u015dovadon, ma\u015danadon kaj surfacan traktadon en unu-solva solvo, ni certigas ke \u0109iu parto plenumas striktajn in\u011denierajn normojn.<\/p>\n<h3>Preciza Investo-\u015covado (Perdita \u015ca\u016dmo)<\/h3>\n<p>Nia instala\u0135o uzas la progresintan\u00a0<strong>Silika Sol<\/strong>\u00a0proceso por trakti\u00a0<strong>komplikan geometrion<\/strong>\u00a0kiu estas malfacila a\u016d neebla atingi kun normala for\u011dado a\u016d sabla \u015dovado. \u0108i tiu metodo estas ideala por produkti kompleksajn partojn kun mallar\u011daj toleroj (ISO 8062, CT4-CT6) kaj bonega surfaca krudeco (Ra 3.2 \u2013 6.3).<\/p>\n<ul>\n<li><strong>Kompleksaj Dezajnoj:<\/strong>\u00a0Kapablaj verki kompleksajn internajn strukturojn kaj maldikajn-walajn komponantojn.<\/li>\n<li><strong>Malpliigita Ma\u015dinado:<\/strong>\u00a0Proksima-reta formo produktado minimumigas material\u015dar\u011don kaj sekundarajn pretigokostojn.<\/li>\n<li><strong>Progressinta Ekipa\u0135o:<\/strong>\u00a0Ni uzas a\u016dtomata\u0135ajn vax-injektajn ma\u015dinojn kaj mez-frekvencajn induktilajn furnojn por certigi procezan stabilecon.<\/li>\n<\/ul>\n<h3>Versatila Produktada Skalo<\/h3>\n<p>Ni projektas solvojn por lar\u011da gamo de aplikoj, de\u00a0<strong>industria komponanto fabrikado<\/strong>\u00a0al maraj kaj a\u016dtomobilaj ekipa\u0135oj. Niaj produktadkapabloj estas desegnitaj por esti fleksebla, akceptante diversajn projekto-grandecojn kaj specifojn.<\/p>\n<ul>\n<li><strong>Pezo-Rango:<\/strong>\u00a0Ni spertas verki komponentojn de kelkaj gramoj \u011dis\u00a0<strong>50kg<\/strong>.<\/li>\n<li><strong>Skalebleco:<\/strong>\u00a0Nia laborfluoj subtenas \u0109ion de komenca specimen-unuado \u011dis grandvoluma produktado.<\/li>\n<li><strong>Materiala Diverseco:<\/strong>\u00a0Ni ver\u015das lar\u011dan spektron de feraj alojoj, inkluzive de\u00a0<strong>Rostala \u015ctalo<\/strong>\u00a0(304, 316, 316L, 17-4PH),\u00a0<strong>Karbon\u015dtalo<\/strong>, kaj\u00a0<strong>Alia \u015ctalo<\/strong>.<\/li>\n<\/ul>\n<h3>Integritaj Sekundaraj Servoj<\/h3>\n<p>Por liveri finitan produkton pretan por kunigo, ni provizas ampleksajn post-ver\u015dajn servojn. Tio eliminas la logistikajn \u015dar\u011dojn de administrado de pluraj vendistoj.<\/p>\n<ul>\n<li><strong>CNC Ma\u015dinado:<\/strong>\u00a0Alta precizeco turnado kaj frezado por kritikaj dimensioj.<\/li>\n<li><strong>Surfaca Traktado:<\/strong>\u00a0Opcioj inkluzivas polurado, plating, kaj specializitaj varmtraktadoj por plibonigi da\u016drecon kaj estetikon.<\/li>\n<li><strong>Kvalita Kontrolo:<\/strong>\u00a0\u0108iu partio subiras al strikta testado, inkluzive de kemia analizo kaj stre\u0109a testado, certigante kongruecon kun ISO 9001:2015 normoj.<\/li>\n<\/ul>\n<h2>Materiala Ekspertizo: In\u011denierita por Perfektado<\/h2>\n<p><img loading=\"lazy\" decoding=\"async\" class=\"alignnone wp-image-1517\" src=\"https:\/\/haoyumaterial.com\/wp-content\/uploads\/2026\/01\/custom-casting-295x300.png\" alt=\"\" width=\"453\" height=\"461\" srcset=\"https:\/\/haoyumaterial.com\/wp-content\/uploads\/2026\/01\/custom-casting-295x300.png 295w, https:\/\/haoyumaterial.com\/wp-content\/uploads\/2026\/01\/custom-casting-12x12.png 12w, https:\/\/haoyumaterial.com\/wp-content\/uploads\/2026\/01\/custom-casting-600x610.png 600w, https:\/\/haoyumaterial.com\/wp-content\/uploads\/2026\/01\/custom-casting.png 632w\" sizes=\"auto, (max-width: 453px) 100vw, 453px\" \/><\/p>\n<p>Elekti la \u011dustan alojon estas kritika por la da\u016dro kaj funkcieco de viaj komponantoj. En nia\u00a0<strong>kustoma \u015dtofcelo<\/strong>\u00a0procezo, ni ne nur ver\u015das metalon; ni strikte sekvas metallurgajn normojn por certigi ke \u0109iu parto plenumas la specifajn mekanikajn ecojn postulatajn por via apliko. \u0108u vi bezonas altan stre\u0109an forton a\u016d superan korodon reziston, ni adaptas la materialan konstituon por ta\u016dgi al la tasko.<\/p>\n<h3>Feraj Alioj: Rusta, Karbona &amp; Alia \u015ctalo<\/h3>\n<p>Nia \u0109efa forto ku\u015das en preciza feraj ver\u015dadoj. Ni uzas progresintajn silika solajn procezojn por produkti altkvalitajn partojn kiuj postulas striktajn toleradojn kaj esceptajn surfacajn finadojn. Ni kutime traktas lar\u011dan gamon de \u015dtalo grade por subteni industriojn de a\u016dtomobiloj \u011dis mararmeo.<\/p>\n<ul>\n<li><strong>Rustorezista \u015ctofo:<\/strong>\u00a0Ni estas unu el la\u00a0<a href=\"https:\/\/haoyumaterial.com\/eo\/top-stainless-steel-casting-manufacturer-guide-2026\/\">plej alta \u015dtala fandado-fabrikanto<\/a>\u00a0kapablaj ver\u015di grade kiel\u00a0<strong>304, 316, 316L, kaj 17-4PH<\/strong>. \u0108i tiuj estas esencaj por partoj postulas altan koroda reziston kaj estetikan allogon.<\/li>\n<li><strong>Karbono &amp; Alia \u015ctofoj:<\/strong>\u00a0ideala por struktura\u0135oj kie forto kaj kosto-efikeco estas \u015dlosiloj.<\/li>\n<li><strong>Varma-Rezistaj &amp; Frikto-Rezistaj Alojoj:<\/strong>\u00a0Ni produktas specialigitajn\u00a0<strong>frikto-rezistajn alojo\u0135etadojn<\/strong>\u00a0solvojn por malfacilaj medioj kun altaj temperaturoj a\u016d peza frikcio.<\/li>\n<\/ul>\n<h3>Ne-Ferrosilaj Alojoj: Aluminiumo, Kupro &amp; Superalojoj<\/h3>\n<p>Preter pordo, niaj fandadkapabloj etendi\u011das al neferaj metaloj desegnitaj por specifaj pezo- a\u016d konduktecpostuloj. Ni adapti\u011das niajn metodojn por trakti la unike \u015drumpajn kaj fluajn trajtojn de tiuj materialoj.<\/p>\n<ul>\n<li><strong>Aluminiummalferoj:<\/strong>\u00a0Luma kaj fleksebla, ofte uzata por aerospaca kaj transporta komponentoj.<\/li>\n<li><strong>Kupro, Bronz kaj Brass:<\/strong>\u00a0Bonega por maraj ilaroj kaj elektraj aplikoj. Kompreni la\u00a0<a href=\"https:\/\/haoyumaterial.com\/eo\/density-of-brass-by-alloy-2026-updated-typical-values-guide\/\">denseco de kupro la\u016d alojo<\/a>\u00a0estas esenca por kalkuli precizan komponentpezon kaj materialkostojn.<\/li>\n<li><strong>Supermalferoj:<\/strong>\u00a0Por ekstremaj medioj postulas eksepsian varmokontra\u016dston kaj kripkontra\u016dston.<\/li>\n<\/ul>\n<h2>La vasta materiala fabrikada procezo<\/h2>\n<p><img decoding=\"async\" src=\"https:\/\/haoyumaterial.com\/wp-content\/uploads\/2026\/01\/custom_casting_manufacturing_process_steps_ErCMv9r.webp\" alt=\"pastraj kupadprocezoj por fabrikado\" \/><\/p>\n<p>Ni prizorgas \u0109iun pa\u015don de la\u00a0<strong>kustoma \u015dtofcelo<\/strong>\u00a0vivo-ciklo en la kompanio, certigante ke la fina parto kongruas kun viaj precizaj specifoj. De la komenca koncepto \u011dis la fina metalkomponento, nia teamo konservas striktan kontrolon pri kvalito kaj konsekvenco.<\/p>\n<h3>Dezajno &amp; In\u011denierado<\/h3>\n<p>Anta\u016d ol ni ver\u015das iun metalon, nia in\u011deniera teamo faras detalan revizion de viaj CAD-dosieroj kaj 2D-desegna\u0135oj. Ni provizas\u00a0<strong>Dezajno por Fabrikado (DFM)<\/strong>\u00a0respondojn por optimumigi vian parton por la\u00a0<strong>rustorezista \u015dtofa fandadproceso<\/strong>, helpante redukti kostojn kaj elimini eblajn difektojn anta\u016d ol komenci produktadon.<\/p>\n<h3>Ilado &amp; Modelo Farado<\/h3>\n<p>Precizeco komencas kun la malpleno. Ni uzas progresintajn\u00a0<strong>CNC-ma\u015dinado<\/strong>\u00a0por krei alt-precizajn metalajn malplenojn por vaksa injekto.<\/p>\n<ul>\n<li><strong>Vaksaj Modeloj:<\/strong>\u00a0Ni produktas precizajn vaksajn replika\u0135ojn de via parto.<\/li>\n<li><strong>\u015celo-Kreado:<\/strong>\u00a0\u0108i tiuj modeloj estas kovritaj per ceramika \u015dtofo (Silica Sol) por formi fortikan \u015delon.<\/li>\n<\/ul>\n<h3>Fundado &amp; Ver\u015dado<\/h3>\n<p>Post kiam la ceramika \u015delo estas forbruligita, ni ver\u015das la likvan aljon sub strikta\u00a0<strong>metallurgia superrigardo<\/strong>. \u0108u \u011di estas karbon\u015dtalo a\u016d kompleksa alojo, ni monitoras la kemian komponon uzante spektrometron por certigi materialan integrecon.<\/p>\n<h3>Varma Traktado<\/h3>\n<p>Por atingi la postulatajn mekanikajn trajtojn, ni plenumas precizajn\u00a0<strong>Metallurgion kaj varmtraktadon<\/strong>\u00a0procezoj.<\/p>\n<ul>\n<li><strong>Solva annealado:<\/strong>\u00a0Por koroda rezisto.<\/li>\n<li><strong>Malvarmigo kaj temperado:<\/strong>\u00a0Por adapti malmolecon kaj stre\u0109an forton.<\/li>\n<\/ul>\n<h3>Finado &amp; Machinado<\/h3>\n<p>Post ver\u015dado, ni ne nur sendas krudajn partojn. Nia instala\u0135o estas ekipita por\u00a0<strong>CNC-Machinado kaj Finado<\/strong>\u00a0por alporti komponentojn al iliaj fina toleradoj. Ni prizorgas surfacajn traktadojn\u2014de polurado \u011dis plating\u2014provizante pretajn por uzo\u00a0<strong><a href=\"https:\/\/haoyumaterial.com\/eo\/vara-kategorio\/\">finitaj komponentoj<\/a><\/strong>\u00a0rekte al via kunmetadlinio.<\/p>\n<h2>Industriaj Aplikoj &amp; Kazo-Studoj<\/h2>\n<p><img loading=\"lazy\" decoding=\"async\" class=\"alignnone wp-image-1492\" src=\"https:\/\/haoyumaterial.com\/wp-content\/uploads\/2026\/01\/Aristo_Cast_Inc_Material_Consistency_Solutions_biK-300x75.webp\" alt=\"\" width=\"904\" height=\"226\" srcset=\"https:\/\/haoyumaterial.com\/wp-content\/uploads\/2026\/01\/Aristo_Cast_Inc_Material_Consistency_Solutions_biK-300x75.webp 300w, https:\/\/haoyumaterial.com\/wp-content\/uploads\/2026\/01\/Aristo_Cast_Inc_Material_Consistency_Solutions_biK-1024x256.webp 1024w, https:\/\/haoyumaterial.com\/wp-content\/uploads\/2026\/01\/Aristo_Cast_Inc_Material_Consistency_Solutions_biK-768x192.webp 768w, https:\/\/haoyumaterial.com\/wp-content\/uploads\/2026\/01\/Aristo_Cast_Inc_Material_Consistency_Solutions_biK-18x5.webp 18w, https:\/\/haoyumaterial.com\/wp-content\/uploads\/2026\/01\/Aristo_Cast_Inc_Material_Consistency_Solutions_biK-600x150.webp 600w, https:\/\/haoyumaterial.com\/wp-content\/uploads\/2026\/01\/Aristo_Cast_Inc_Material_Consistency_Solutions_biK.webp 1300w\" sizes=\"auto, (max-width: 904px) 100vw, 904px\" \/><\/p>\n<p>Nia\u00a0<strong>kustoma \u015dtofcelo<\/strong>\u00a0solvoj estas desegnitaj por plenumi la rigorajn postulojn de diversaj sektoroj. Ni ne nur ver\u015das metalon; ni in\u011denierumas solvojn kiuj solvas specifajn operaciajn defiojn, servante gamon de\u00a0<a href=\"https:\/\/haoyumaterial.com\/eo\/industries\/\">industrioj<\/a>\u00a0postulantaj alt-efikecajn metalajn partojn. De altpremaj medioj \u011dis korodantaj medioj, niaj komponantoj estas konstruitaj por da\u016dri.<\/p>\n<h3>Minejo &amp; Aglomerado<\/h3>\n<p>Ma\u015dinaro en la minsektoro alfrontas ekstreman abrazon kaj impeton. Ni speciali\u011das en\u00a0<strong>frikto-rezistajn alojo\u0135etadojn<\/strong>\u00a0por produkti da\u016drajn partojn kiuj plilongigas la vivda\u016dron de ma\u015dinaro.<\/p>\n<ul>\n<li><strong>Krampoj de krusilo:<\/strong>\u00a0Alt-malmola\u0135oj kiuj rezistas uzon.<\/li>\n<li><strong>Ekzaktejo de Ekzameno:<\/strong>\u00a0Dentoj kaj adaptiloj desegnitaj por alta stre\u0109o-\u015diro.<\/li>\n<li><strong>Transportiloj Partoj:<\/strong>\u00a0Fortikaj brakoj kaj ligoj kiuj eltenas pezan \u015dar\u011don.<\/li>\n<\/ul>\n<h3>A\u016dtomobilaj &amp; Transportaj<\/h3>\n<p>En la a\u016dtomobilindustrio, precizeco kaj sekureco estas \u0109efaj. Ni uzas\u00a0<strong>precizan investan fandadon<\/strong>\u00a0por liveri motoro kaj transiga\u0135ajn komponantojn kun mallar\u011daj toleroj.<\/p>\n<ul>\n<li><strong>Motoro-Komponentoj:<\/strong>\u00a0Manifoldoj kaj brakoj fanditaj el varmofortaj alojoj.<\/li>\n<li><strong>Chassis Partoj:<\/strong>\u00a0Strukturaj komponantoj kiuj ekvilibrigas pezon kaj forton.<\/li>\n<li><strong>Maraj Aparataroj:<\/strong>\u00a0Korozio-rezistaj rustorezistaj \u015dtalaj akcesora\u0135oj por maraj aplikoj.<\/li>\n<\/ul>\n<h3>Fluida Traktaj Sistemoj<\/h3>\n<p>Por la flua kontrolo sektoro, kompleksaj internaj geometrioj ofte estas postulataj. La\u00a0<strong>perdovaksa procezo<\/strong>\u00a0permesas al ni krei kompleksajn pumpilojn kaj valvajn partojn kiuj malhelpas likadon kaj rezistas korodon.<\/p>\n<ul>\n<li><strong>Pumpilaj Korpoj &amp; Impeliloj:<\/strong>\u00a0Glataj surfacfinaj\u0135oj por optimumigi likvan fluon.<\/li>\n<li><strong>Valva Kapsuloj:<\/strong>\u00a0Premi-testitaj komponantoj por akvo, oleo, kaj gasaj sistemoj.<\/li>\n<li><strong>Pipaj Fittingoj:<\/strong>\u00a0Kustomaj konektiloj fabrikitaj la\u016d internaciaj normoj.<\/li>\n<\/ul>\n<h3>\u011cenerala Industria Ekipa\u0135o<\/h3>\n<p>Ni subtenas pezajn ekipa\u0135farantojn kun fidinda\u00a0<strong>industria komponanto fabrikado<\/strong>. Niaj kapabloj ebligas produktadon de partoj kiuj konservas konstrua\u0135on kaj agrikulturajn ma\u015dinojn funkciantaj efike.<\/p>\n<ul>\n<li><strong>Konstrua\u0135a Fajna\u0135o:<\/strong>\u00a0Hingoj, klapetoj, kaj strukturaj subtenoj.<\/li>\n<li><strong>Agrikultura Ma\u015dinaro:<\/strong>\u00a0Gearkapsulaj kovriloj kaj kultivaj iloj.<\/li>\n<li><strong>Personec Metalfabriko:<\/strong>\u00a0Personec brakoj kaj muntadoj adaptitaj al specifaj OEM-desegnoj.<\/li>\n<\/ul>\n<h2>Kvalito-Asertado &amp; Atestiloj<\/h2>\n<p>\u0108e Vastmaterial, kvalito ne estas postpenso; \u011di estas la fundamento de nia\u00a0<strong>kustoma \u015dtofcelo<\/strong>\u00a0proceso. Ni funkcias sub striktaj ISO 9001:2015 protokoloj por certigi ke \u0109iu komponento plenumas precizajn specifojn.<\/p>\n<p>Nia instala\u0135o estas ekipita per progresinta inspektotechnologio, inkluzive de spektrometroj por preciza kemia analizo kaj Koordinataj Mezuraj Ma\u015dinoj (KMM) por kontroli dimensian precizecon \u011dis la mikrono.\u00a0<a href=\"https:\/\/haoyumaterial.com\/eo\/technology\/testing-and-quality\/\">testado kaj kvalita kontrolprotokoloj<\/a>\u00a0Ni komprenas ke fidindeco estas ne-negociable por industriaj partoj. Tial ni efektivigas rigorajn\u00a0<strong>tra la tuta produktado. De kontrolo de krudmaterialo \u011dis fina inspekto, ni certigas konformon kun gravaj internaciaj normoj, inkluzive de ASTM, ISO, DIN, kaj JIS.<\/strong>\u00a0\u0108u vi postulas specifajn.<\/p>\n<h3>kastingajn toleranctajn normojn<\/h3>\n<ul>\n<li><strong>Materiala Kontrolo:<\/strong>\u00a0a\u016d specializitan ne-desturigan testadon (NDT), nia teamo liveras atestitajn rezultojn kiujn vi povas fidi.<\/li>\n<li><strong>Dimensa Precizeco:<\/strong>\u00a0\u0108efaj Inspektaj Kapabloj:.<\/li>\n<li><strong>Meza Testado:<\/strong>\u00a0Tensila forto, elasta forto kaj malmoleco testado por validigi rendimenton.<\/li>\n<li><strong>Nedama\u011da Testado (NDT):<\/strong>\u00a0Surfaca kaj interna integreco kontroloj por preventi difektojn en kritikaj komponantoj.<\/li>\n<\/ul>\n<h2>Kial Kunlabori kun vastmaterial?<\/h2>\n<p><img loading=\"lazy\" decoding=\"async\" class=\"alignnone wp-image-1518\" src=\"https:\/\/haoyumaterial.com\/wp-content\/uploads\/2026\/01\/american-casting-and-manufacturing-corporation-300x263.png\" alt=\"\" width=\"552\" height=\"484\" srcset=\"https:\/\/haoyumaterial.com\/wp-content\/uploads\/2026\/01\/american-casting-and-manufacturing-corporation-300x263.png 300w, https:\/\/haoyumaterial.com\/wp-content\/uploads\/2026\/01\/american-casting-and-manufacturing-corporation-14x12.png 14w, https:\/\/haoyumaterial.com\/wp-content\/uploads\/2026\/01\/american-casting-and-manufacturing-corporation-600x526.png 600w, https:\/\/haoyumaterial.com\/wp-content\/uploads\/2026\/01\/american-casting-and-manufacturing-corporation.png 676w\" sizes=\"auto, (max-width: 552px) 100vw, 552px\" \/><\/p>\n<p>Elekti \u011dustan fandadon temas pli ol nur fandi metalon; temas pri trovi fidindan fabrikadan brakon kiu komprenas viajn in\u011denierajn bezonojn. Ni provizas ampleksajn\u00a0<strong>OEM Metalaj Partoj-Fabrikadoj<\/strong>\u00a0solvojn desegnitajn por plifaciligi vian provizlinion kaj plibonigi produkta\u0135on.<\/p>\n<h3>Skalebleco de Prototipoj \u011dis Masprodukto<\/h3>\n<p>Ni subtenas vian produkta vivociklon de la komenca koncepto \u011dis fina merkata lan\u0109o. \u0108u vi bezonas unu solan\u00a0<strong>Rapida Prototipado-Kastado<\/strong>\u00a0por validigi desegnon a\u016d postuli milojn da unuoj por muntadlinio, nia instala\u0135o estas konstruita por fleksebleco. Ni traktas malgrandajn kvantojn kun sama teknika rigoro kiel alt-volume ordonoj, certigante konsekvencan kvaliton sendepende de la grandeco de la ordo.<\/p>\n<h3>Kost-efikeco per Proksima-Reto-Forma Kastado<\/h3>\n<p>Nia progresinta\u00a0<strong>Silica Sol Investo-\u015covado<\/strong>\u00a0proceso ebligas al ni krei kompleksajn geometriojn kun minimumaj skrapanguloj kaj superajn surfacajn finadojn. Tio\u00a0<strong>Proksima-Reto-Forma Produktado<\/strong>\u00a0kapablo draste reduktas la bezonon je multekostaj sekundaraj ma\u015dinaj operacioj kaj materiala rubo. Optimumigante la kastan desegnon por niaj\u00a0<a href=\"https:\/\/haoyumaterial.com\/eo\/vara-kategorio\/stainless-steel\/alloy-steel\/\">stainless steel kaj aloja \u015dtalo materialoj<\/a>, ni liveras alt-efikecajn partojn je konkurenciva prezo sen kompromiti precizecon.<\/p>\n<h3>Tutmonda Logistiko kaj Sekura Paka\u0135o<\/h3>\n<p>Ni havas pruuvitan rekordon de eksportado de altkvalitaj komponantoj al Nordamerikaj kaj E\u016dropaj merkatoj. Ni komprenas la gravecon de \u011dustatempa livero en\u00a0<strong>Industria Komponenta Fabrikado<\/strong>. Nia teamo administras tutmondan logistikon kaj uzas sekurajn, eksport-gradajn paka\u0135ojn por certigi ke viaj partoj restu protektitaj dum transporto kaj alvenas pretaj por tujado.<\/p>\n<h2>Kuestioj ofte Demandedaj (FAQ) rilate al Personigita Kasto<\/h2>\n<h3>Kiajn dosierformatojn vi akceptas por cita\u0135oj?<\/h3>\n<p>Por liveri precizan cita\u0135on por\u00a0<strong>kustoma \u015dtofcelo<\/strong>\u00a0projektoj, ni kutime postulas amba\u016d 3D-modelojn kaj 2D-in\u011denierajn skizojn. La 3D-dosieroj helpas kalkuli volumon, pezon, kaj materialan uzadon, dum la 2D-skizoj estas esencaj por kompreni vian\u00a0<strong>tra la tuta produktado. De kontrolo de krudmaterialo \u011dis fina inspekto, ni certigas konformon kun gravaj internaciaj normoj, inkluzive de ASTM, ISO, DIN, kaj JIS.<\/strong>, surfaca finadpostuloj, kaj kritikaj dimensioj.<\/p>\n<ul>\n<li><strong>Preferataj 3D Formatoj:<\/strong>\u00a0STEP (.stp), IGES (.igs), X_T, a\u016d SolidWorks-dosieroj.<\/li>\n<li><strong>Preferataj 2D Formatoj:<\/strong>\u00a0PDF, DWG, a\u016d DXF.<\/li>\n<\/ul>\n<h3>Kio estas la kutima anta\u016dtempo por nova ilaro?<\/h3>\n<p>Anta\u016dtempoj varias la\u016d la komplekseco de la parto kaj la elektita ver\u015da metodo, kiel ekzemple\u00a0<strong>precizan investan fandadon<\/strong>\u00a0a\u016d sabla ver\u015dado. \u011cenerale, la dezajno kaj produktado de la malmola\u0135o (ilaro) da\u016dras inter 2 \u011dis 4 semajnoj. Post kiam la ilaro estas finita, ni produktas inicialajn specimenojn por via aprobo anta\u016d ol iri al plena skalo\u00a0<strong>OEM-metalaj partoj fabrikado.<\/strong>. Ni laboras proksime kun vi por ali\u011di al produktadordoj kun viaj projektoj.<\/p>\n<h3>\u0108u vi povas kongrui ekzistantajn partojn sen desegna\u0135o?<\/h3>\n<p>Jes, ni povas. Se vi havas hereda\u0135an komponanton a\u016d fizikan prototipon sed mankas la originalaj CAD-dosieroj, nia in\u011denieria teamo povas inverse in\u011denieristiki la parton. Vi povas sendi al ni la fizikan specimenon, kaj ni mezuras kaj modeligas \u011din por krei la necesajn desegna\u0135ojn por reproduktado. \u0108i tiu kapablo ebligas al ni liveri\u00a0<a href=\"https:\/\/haoyumaterial.com\/eo\/aluminum-investment-castings-precision-custom-parts-low-tolerance\/\">aluminiajn investajn fandadojn kaj precizajn kutimajn partojn<\/a>\u00a0kiuj perfekte kongruas kun la ta\u016dgeco kaj funkcio de viaj originalaj komponantoj.<\/p>\n<h3>Kio estas la Minimuma Mendo Kvanto (MOQ)?<\/h3>\n<p>Ni komprenas ke malsamaj projektoj havas malsamajn skala\u0135ojn, de\u00a0<strong>rapida prototipado kupado<\/strong>\u00a0al alta volumena produktado. Dum ni estas ekipitaj por industribazita fabrikado, ni estas fleksebla kun MOQ-oj por subteni produkta evoluadon. Ni ofte pritraktas malgrandan serion por testado kaj validado. Kontaktu nian teamon kun viaj specifaj postuloj, kaj ni povas diskuti produktadplanon kiu faras sencon por via bu\u011deto kaj horaro.<\/p>","protected":false},"excerpt":{"rendered":"<p>Comprehensive Custom Casting Capabilities We specialize in delivering high-precision\u00a0Custom Casting\u00a0solutions, acting as a premier OEM\/ODM partner for global industries. Our [&hellip;]<\/p>\n","protected":false},"featured_media":1517,"comment_status":"open","ping_status":"closed","template":"","meta":{"site-sidebar-layout":"default","site-content-layout":"","ast-site-content-layout":"default","site-content-style":"default","site-sidebar-style":"default","ast-global-header-display":"","ast-banner-title-visibility":"","ast-main-header-display":"","ast-hfb-above-header-display":"","ast-hfb-below-header-display":"","ast-hfb-mobile-header-display":"","site-post-title":"","ast-breadcrumbs-content":"","ast-featured-img":"","footer-sml-layout":"","ast-disable-related-posts":"","theme-transparent-header-meta":"default","adv-header-id-meta":"","stick-header-meta":"","header-above-stick-meta":"","header-main-stick-meta":"","header-below-stick-meta":"","astra-migrate-meta-layouts":"set","ast-page-background-enabled":"default","ast-page-background-meta":{"desktop":{"background-color":"var(--ast-global-color-5)","background-image":"","background-repeat":"repeat","background-position":"center center","background-size":"auto","background-attachment":"scroll","background-type":"","background-media":"","overlay-type":"","overlay-color":"","overlay-opacity":"","overlay-gradient":""},"tablet":{"background-color":"","background-image":"","background-repeat":"repeat","background-position":"center center","background-size":"auto","background-attachment":"scroll","background-type":"","background-media":"","overlay-type":"","overlay-color":"","overlay-opacity":"","overlay-gradient":""},"mobile":{"background-color":"","background-image":"","background-repeat":"repeat","background-position":"center center","background-size":"auto","background-attachment":"scroll","background-type":"","background-media":"","overlay-type":"","overlay-color":"","overlay-opacity":"","overlay-gradient":""}},"ast-content-background-meta":{"desktop":{"background-color":"var(--ast-global-color-4)","background-image":"","background-repeat":"repeat","background-position":"center center","background-size":"auto","background-attachment":"scroll","background-type":"","background-media":"","overlay-type":"","overlay-color":"","overlay-opacity":"","overlay-gradient":""},"tablet":{"background-color":"var(--ast-global-color-4)","background-image":"","background-repeat":"repeat","background-position":"center center","background-size":"auto","background-attachment":"scroll","background-type":"","background-media":"","overlay-type":"","overlay-color":"","overlay-opacity":"","overlay-gradient":""},"mobile":{"background-color":"var(--ast-global-color-4)","background-image":"","background-repeat":"repeat","background-position":"center center","background-size":"auto","background-attachment":"scroll","background-type":"","background-media":"","overlay-type":"","overlay-color":"","overlay-opacity":"","overlay-gradient":""}}},"product_brand":[],"product_cat":[17,18,20,19],"product_tag":[422,427,425,424,423,426],"class_list":{"0":"post-1516","1":"product","2":"type-product","3":"status-publish","4":"has-post-thumbnail","6":"product_cat-stainless-steel","7":"product_cat-alloy-steel","8":"product_cat-duplex-stainless-steel","9":"product_cat-low-carbon-steel","10":"product_tag-custom-casting","11":"product_tag-industrial-casting-components","12":"product_tag-oem-metal-casting","13":"product_tag-precision-lost-wax-casting","14":"product_tag-silica-sol-investment-casting","15":"product_tag-stainless-alloy-steel-casting","16":"desktop-align-left","17":"tablet-align-left","18":"mobile-align-left","20":"first","21":"instock","22":"shipping-taxable","23":"product-type-simple"},"_links":{"self":[{"href":"https:\/\/haoyumaterial.com\/eo\/wp-json\/wp\/v2\/product\/1516","targetHints":{"allow":["GET"]}}],"collection":[{"href":"https:\/\/haoyumaterial.com\/eo\/wp-json\/wp\/v2\/product"}],"about":[{"href":"https:\/\/haoyumaterial.com\/eo\/wp-json\/wp\/v2\/types\/product"}],"replies":[{"embeddable":true,"href":"https:\/\/haoyumaterial.com\/eo\/wp-json\/wp\/v2\/comments?post=1516"}],"wp:featuredmedia":[{"embeddable":true,"href":"https:\/\/haoyumaterial.com\/eo\/wp-json\/wp\/v2\/media\/1517"}],"wp:attachment":[{"href":"https:\/\/haoyumaterial.com\/eo\/wp-json\/wp\/v2\/media?parent=1516"}],"wp:term":[{"taxonomy":"product_brand","embeddable":true,"href":"https:\/\/haoyumaterial.com\/eo\/wp-json\/wp\/v2\/product_brand?post=1516"},{"taxonomy":"product_cat","embeddable":true,"href":"https:\/\/haoyumaterial.com\/eo\/wp-json\/wp\/v2\/product_cat?post=1516"},{"taxonomy":"product_tag","embeddable":true,"href":"https:\/\/haoyumaterial.com\/eo\/wp-json\/wp\/v2\/product_tag?post=1516"}],"curies":[{"name":"wp","href":"https:\/\/api.w.org\/{rel}","templated":true}]}}