{"id":1520,"date":"2026-01-24T12:26:01","date_gmt":"2026-01-24T04:26:01","guid":{"rendered":"https:\/\/haoyumaterial.com\/?post_type=product&#038;p=1520"},"modified":"2026-01-24T12:26:40","modified_gmt":"2026-01-24T04:26:40","slug":"lost-wax-aluminum-casting-services-precision-high-accuracy-parts","status":"publish","type":"product","link":"https:\/\/haoyumaterial.com\/eo\/product\/lost-wax-aluminum-casting-services-precision-high-accuracy-parts\/","title":{"rendered":"Perdita Vaska Aluminiuma \u015ctofi Servoj Preciza Alta Precizeco Partoj"},"content":{"rendered":"<h2>Kial Elekti Perdita Vaskon por Aluminium-Komponentoj?<\/h2>\n<p>Kiam in\u011denierado de malpezaj partoj postulas kompleksan detalon kaj altan dimensian precizecon,\u00a0<strong>perdita vasko aluminiumo<\/strong>\u00a0\u015dtofi ofertas apartajn avanta\u011dojn super tradiciaj sablaj \u015dtofi metodoj. Ni uzas \u0109i tiun procezon por fabriki komponentojn kiuj postulas kompleksajn geometriojn, profundajn subkutojn, kaj elaborajn internajn vojojn\u2014trajtojn kiuj ofte estas neeblaj atingi kun aliaj \u015dtofi teknikoj. Per forigo de la bezono de malanta\u016daj anguloj \u0109e internaj trajtoj, ni certigas ke via desegna intenco estas konservita sen kompromiso.<\/p>\n<h3>Supera Surfaca Finado kun Silica Sol-Proceso<\/h3>\n<p>Nia produktado bazi\u011das sur la progresinta\u00a0<strong>Silica Sol-proceso<\/strong>, kiu provizas signife glatan surfacon kompare kun akvoglaso a\u016d sabla muldado.<\/p>\n<ul>\n<li><strong>Surfaca Rugo:<\/strong>\u00a0Ni konsekvence atingi\u011das\u00a0<strong>Ra 3.2\u20136.3 \u03bcm<\/strong>\u00a0rekte el la muldilo.<\/li>\n<li><strong>Aestetiko:<\/strong>\u00a0Ideala por videblaj komponantoj en maraj iloj kaj a\u016dtomobilaj aplikoj kie la estetika aspekto estas kritika.<\/li>\n<li><strong>Redukita Finado:<\/strong>\u00a0La alta-kvalita surfaco minimumigas la bezonon por sekundaraj polurado a\u016d muelado.<\/li>\n<\/ul>\n<h3>Efikeco Tra Proksima Reta Formo Ver\u015dado<\/h3>\n<p>Ni prioritatas\u00a0<strong>Proksima Reta Formo Ver\u015dado<\/strong>\u00a0por maksimumigi materialan efikecon kaj redukti \u011diajn \u011deneralajn produktokostojn. Per ver\u015dado de partoj tre proksimaj al iliaj fina dimensioj, ni draste malpliigas la kvanton de kruda aluminio alojo postulata kaj minimumigas la sekva ma\u015dinado-tempo. \u0108i tiu aliro optimumigas la\u00a0<strong>forto-al-peza rilatumo<\/strong>, farante niajn aluminio ver\u015dadojn la preferata elekto por rendimento-krizaj sektoroj kiel aerospaco, a\u016dto, kaj potenca ekipa\u0135o.<\/p>\n<div class=\"table-responsive\">\n<table class=\"table\">\n<thead>\n<tr>\n<th>Trajto<\/th>\n<th>Sabla Fandado<\/th>\n<th>Perdita Vaska Aluminio (Silica Sol)<\/th>\n<\/tr>\n<\/thead>\n<tbody>\n<tr>\n<td><strong>Geometria Komplekseco<\/strong><\/td>\n<td>\u00a0 \u00a0 \u00a0 \u00a0 \u00a0 \u00a0Limigita (Simplaj formoj)<\/td>\n<td><strong>\u00a0 \u00a0 \u00a0 \u00a0 \u00a0 \u00a0 \u00a0 \u00a0 \u00a0 \u00a0Alta<\/strong>\u00a0(Subpremoj, maldikaj muroj, internaj kanaloj)<\/td>\n<\/tr>\n<tr>\n<td><strong>Surfina Finado<\/strong><\/td>\n<td>\u00a0 \u00a0 \u00a0 \u00a0 \u00a0 Ruga (&gt; Ra 12.5 \u03bcm)<\/td>\n<td><strong>\u00a0 \u00a0 \u00a0 \u00a0 \u00a0 \u00a0 \u00a0 \u00a0 \u00a0 \u00a0Precizeco<\/strong>\u00a0(Ra 3.2\u20136.3 \u03bcm)<\/td>\n<\/tr>\n<tr>\n<td><strong>Ma\u015dina permeso<\/strong><\/td>\n<td>\u00a0 \u00a0 \u00a0 \u00a0 \u00a0 Alta (Pli da ruba\u0135o)<\/td>\n<td><strong>\u00a0 \u00a0 \u00a0 \u00a0 \u00a0 \u00a0 \u00a0 \u00a0 \u00a0 \u00a0 Malalta<\/strong>\u00a0(Proksime al neta formo efikeco)<\/td>\n<\/tr>\n<tr>\n<td><strong>Muro-Dikeco<\/strong><\/td>\n<td>\u00a0 \u00a0 \u00a0 \u00a0 \u00a0 \u00a0Postulas dikajn murojn<\/td>\n<td><strong>\u00a0 \u00a0 \u00a0 \u00a0 \u00a0 \u00a0 \u00a0 \u00a0 \u00a0 Maldika muro<\/strong>\u00a0kapabloj por pezo redukto<\/td>\n<\/tr>\n<\/tbody>\n<\/table>\n<\/div>\n<h2>Niaj Aluminia Investada \u015ctalo-Kapabloj<\/h2>\n<p><img loading=\"lazy\" decoding=\"async\" class=\"alignnone  wp-image-1522\" src=\"https:\/\/haoyumaterial.com\/wp-content\/uploads\/2026\/01\/lost-wax-aluminum-300x225.jpg\" alt=\"\" width=\"613\" height=\"460\" srcset=\"https:\/\/haoyumaterial.com\/wp-content\/uploads\/2026\/01\/lost-wax-aluminum-300x225.jpg 300w, https:\/\/haoyumaterial.com\/wp-content\/uploads\/2026\/01\/lost-wax-aluminum-768x576.jpg 768w, https:\/\/haoyumaterial.com\/wp-content\/uploads\/2026\/01\/lost-wax-aluminum-16x12.jpg 16w, https:\/\/haoyumaterial.com\/wp-content\/uploads\/2026\/01\/lost-wax-aluminum-600x450.jpg 600w, https:\/\/haoyumaterial.com\/wp-content\/uploads\/2026\/01\/lost-wax-aluminum.jpg 800w\" sizes=\"auto, (max-width: 613px) 100vw, 613px\" \/><\/p>\n<p>En Haoyu Material, ni speciali\u011das pri liverado de alta precizeco\u00a0<strong>perdita vasko aluminiumo<\/strong>\u00a0komponentoj kiuj plenumas rigordajn industrio-normojn. Ni uzas la progresintan\u00a0<strong>Silica Sol Investo-\u015covado<\/strong>\u00a0procezon, kiu ebligas al ni atingi superajn surfacajn finadojn kaj kompleksajn detalojn kiujn la normala sabla \u015dtalo simple ne povas egaligi. \u0108i tiu metodo estas ideala por kompleksaj geometrioj kie precizeco estas ne-negociinda.<\/p>\n<p>Ni subtenas lar\u011dan gamon de projektoj kun la sekvaj kapabloj:<\/p>\n<ul>\n<li><strong>Pezo-Rango:<\/strong>\u00a0Ni pritraktas \u0109ion de malpezaj precizaj partoj komencantaj je\u00a0<strong>0.05kg<\/strong>\u00a0\u011dis pezaj komponantoj pezigantaj\u00a0<strong>100kg<\/strong>.<\/li>\n<li><strong>Dimensa Precizeco:<\/strong>\u00a0Nia procezo sekvas striktajn\u00a0<strong>dimensiajn tolerojn (ISO 8062 CT4-CT6)<\/strong>, certigante ke viaj partoj plenumas precizajn specifojn kun minimuma variado.<\/li>\n<li><strong>Produktada Fleksibleco:<\/strong>\u00a0\u0108u vi bezonas\u00a0<strong>rapida prototipado kupado<\/strong>\u00a0por validi dezajnon a\u016d esti pretaj por plena skalo de amasproduktado, nia instala\u0135o adapti\u011das al via postulo.<\/li>\n<\/ul>\n<p>Por ampleksa rigardo pri kiel ni elektas la \u011dustan metodon por viaj specifaj bezonoj, reviziu nian\u00a0<a href=\"https:\/\/haoyumaterial.com\/eo\/cast-aluminum-foundry-guide-processes-alloys-and-selection\/\">gvidilo pri fandado de aluminia fandado<\/a>. Ni fokusi\u011das pri liverado de \u201cpreta por uzo\u201d partoj, reduktante vian bezonon je dua pretigo.<\/p>\n<h2>Subtenataj aluminioj alojoj kaj materialoj<\/h2>\n<p><img loading=\"lazy\" decoding=\"async\" class=\"alignnone  wp-image-1523\" src=\"https:\/\/haoyumaterial.com\/wp-content\/uploads\/2026\/01\/a356-investment-casting-300x300.jpg\" alt=\"\" width=\"474\" height=\"474\" srcset=\"https:\/\/haoyumaterial.com\/wp-content\/uploads\/2026\/01\/a356-investment-casting-300x300.jpg 300w, https:\/\/haoyumaterial.com\/wp-content\/uploads\/2026\/01\/a356-investment-casting-150x150.jpg 150w, https:\/\/haoyumaterial.com\/wp-content\/uploads\/2026\/01\/a356-investment-casting-12x12.jpg 12w, https:\/\/haoyumaterial.com\/wp-content\/uploads\/2026\/01\/a356-investment-casting-100x100.jpg 100w, https:\/\/haoyumaterial.com\/wp-content\/uploads\/2026\/01\/a356-investment-casting.jpg 600w\" sizes=\"auto, (max-width: 474px) 100vw, 474px\" \/><\/p>\n<p>Elekti la \u011dustan materialon estas kritika por la sukceso de \u0109iu\u00a0<strong>perdita vasko aluminiumo<\/strong>\u00a0projekto. Kiel dedi\u0109ita\u00a0<strong>Aluminia Aloja \u015cto\u0109ado Provizanto<\/strong>, ni ne simple ver\u015das metalon; ni in\u011denierumas solvojn kiuj kongruas kun viaj specifaj mekanikaj postuloj. Ni traktas lar\u011dan spektron de normaj kaj kutimaj alojoj por certigi ke viaj komponantoj funkcias fidinde en la kampo.<\/p>\n<p>Jen detalo de la materialoj kiujn ni ofte pretigas:<\/p>\n<ul>\n<li><strong>A356 \/ A357:<\/strong>\u00a0\u0108i tiuj estas la industriaj normoj por alta forto, premo-\u015dirmaj aplikoj.\u00a0<a href=\"https:\/\/haoyumaterial.com\/eo\/aluminium-heat-treating-processes-tempers-and-performance\/\">aluminia fajro-traktado-procesoj<\/a>\u00a0Ili estas idealaj por kritikaj komponantoj kiel impeliloj kaj korpoj.<\/li>\n<li><strong>Kiam kunparigita kun<\/strong>\u00a0(tiel kiel T6), \u0109i tiuj alojoj atingi superan malmolecon kaj da\u016drecon.\u00a0<strong>AlSi10Mg:<\/strong>. \u0108i tiu alojo estas nia \u0109efa elekto por.<\/li>\n<li><strong>Maldikaj Muros-Aluminiaj Partoj.<\/strong>\u00a0\u011cia bonega fluado ebligas nin verki kompleksajn geometriojn kaj komplikajn detalojn, kiuj aliaj materialoj eble maltrafos, certigante senkulpan finon.<\/li>\n<\/ul>\n<h2>Integritaj Produktad Servoj: De Dezajno \u011dis Finita Parto<\/h2>\n<p>Administri plurajn vendistojn por unu komponento estas logistikaj kapricoj kiuj malrapidigas produktadon. En Haoyu Material Co., Ltd., ni plifaciligas \u0109i tiun procezon provizante kompletan, unu-stop solvon por via\u00a0<strong>perdita vasko aluminiumo<\/strong>\u00a0projektoj. Nia ampleksa\u00a0<a href=\"https:\/\/haoyumaterial.com\/eo\/services\/precision-casting\/\">precizecaj \u015dtofadservoj<\/a>\u00a0permesas al ni konduki vian projekton de cifereca desegno \u011dis plene fina komponento preta por kunmetado, certigante tutan kvalitan kontrolon \u0109e \u0109iu etapo.<\/p>\n<p>Ni prizorgas \u0109iun pa\u015don de la produktadprocezo sub unu tegmento:<\/p>\n<ul>\n<li><strong>En-House Mold Design &amp; Tooling:<\/strong>\u00a0Ni uzas progresintan CAD\/CAM-programaron por desegni \u015dtofojn kaj fari mold-flu-analizon anta\u016d ol komenci produktadon. \u0108i tiu proaktiva aliro helpas nin optimumigi la kurent-sistemon kaj eviti komunajn fandadajn difektojn, certigante ke la ilaro estas konstruita \u011duste la unuan fojon.<\/li>\n<li><strong>Preciza CNC-ma\u015dinado:<\/strong>\u00a0Dum investa fandado ofertas bonegan proksiman-neta-forman precizecon, kritikaj interfaco ofte postulas pli striktajn toleradojn. Nia interna\u00a0<strong>Servoj pri CNC-Farado<\/strong>\u00a0inkluzive mueladon, turnadon, boradon kaj truadon por atingi la precizajn dimensiojn specifitajn en viaj teknikaj desegnoj.<\/li>\n<li><strong>\u015ca\u016dta Traktado:<\/strong>\u00a0Por maksimumigi la mekanikajn propra\u0135ojn de aluminio-alloj, ni faras T5 kaj T6 varmtraktadojn. \u0108i tiu procezo signife plibonigas la malmolecon kaj stre\u0109an forton de la partoj, igante ilin ta\u016dgaj por postulemaj industriaj aplikoj.<\/li>\n<li><strong>Surfaca Finado:<\/strong>\u00a0Ni proponas lar\u011dan gamon de kosmetaj kaj protektaj finaj \u015dtofoj por plenumi viajn specifajn postulojn. Niaj kapabloj inkluzivas\u00a0<strong>Aluminian Anodizon<\/strong>\u00a0(Klare, Nigre, kaj Malmola), pulvorkovrado por da\u016dreco, kaj sablodrato por uniforma matta teksturo.<\/li>\n<\/ul>\n<p>Per integri \u0109i tiujn sekundarajn operaciojn, ni liveras altkvalitajn\u00a0<strong>perdita vasko aluminiumo<\/strong>\u00a0partojn kun pli mallongaj liveraj tempoj kaj reduktitaj administraj kostoj por via a\u0109eta teamo.<\/p>\n<h2>Kvalito-Asertado &amp; Testaj Normoj<\/h2>\n<p>En Haoyu Material, ni komprenas ke fidindeco estas ne-negociebla, precipe kiam oni akiras\u00a0<strong>perdita vasko aluminiumo<\/strong>\u00a0partojn por kritikaj aplikoj. Nia produktadprocezo estas regata de striktaj\u00a0<strong>ISO 9001:2015<\/strong>\u00a0atestadoj, certigante ke \u0109iu pa\u015do\u2014de la va\u015da \u015dablono \u011dis la fina polurado\u2014renkontu internaciajn kvalito-protokolojn. Ni ne nur supozas; ni konfirmas.<\/p>\n<p>Por garantii ke nia\u00a0<strong>precizeco aluminia \u015dtofo<\/strong>\u00a0renkontas viajn precizajn specifojn, nia\u00a0<a href=\"https:\/\/haoyumaterial.com\/eo\/precision-casting-foundry-for-high-precision-investment-castings\/\">precizeca \u015dtona fandado<\/a>\u00a0uzas ampleksan aron de progresintaj testaj ekipa\u0135oj:<\/p>\n<ul>\n<li><strong>Spektrometra Analizo:<\/strong>\u00a0Ni faras precizan kemian komponan konfirmon \u0109e \u0109iu partio por certigi ke la aloja mikso estas 100% preciza anta\u016d ver\u015dado.<\/li>\n<li><strong>CMM Inspekto:<\/strong>\u00a0Nia\u00a0<strong>Koordinata Mezurilo (CMM)<\/strong>\u00a0kontrolas kompleksajn geometriojn kaj kritikajn dimensiojn, certigante striktan sekvon al toleroj.<\/li>\n<li><strong>Nedama\u011da Testado (NDT):<\/strong>\u00a0Ni uzas R\u00f6ntgenon kaj Dika Penetranto-testadon por detekti internan porozon a\u016d surfacajn krakadojn, kiuj ne estas videblaj al la nuda okulo.<\/li>\n<li><strong>Meza Testado:<\/strong>\u00a0Ni konfirmas stre\u0109an forton, elasta\u0135on, kaj etendi\u011don por certigi, ke la materialaj ecoj plenumas la postulatajn normojn.<\/li>\n<\/ul>\n<h2>\u0108efaj Industrioj Servataj de Aluminiuma Fundado<\/h2>\n<p><img decoding=\"async\" src=\"https:\/\/haoyumaterial.com\/wp-content\/uploads\/2026\/01\/Lost_Wax_Aluminum_Casting_Applications_SZ6TibUHp.webp\" alt=\"Perdita Vax Aluminiumer\u011da Uza\u0135o\" \/><\/p>\n<p>Nia\u00a0<strong>perdita vasko aluminiumo<\/strong>\u00a0solvoj estas kerne por sektoroj kiuj postulas altan rendimenton sen kompromisi pezon a\u016d kompleksecon. Per utiligado de la\u00a0<strong>Silica Sol-proceso<\/strong>, ni liveras komponantojn kiuj plenumas la rigorajn normojn de tutmondaj merkatoj, certigante fidindecon kie \u011di plej gravas.<\/p>\n<ul>\n<li><strong>A\u016dtomobiloj:<\/strong>\u00a0Ni fabrikas kompleksajn\u00a0<strong>mangvenoj de al\u011dimapontoj<\/strong>\u00a0kaj\u00a0<strong>transmisio-brakoj<\/strong>\u00a0kiuj helpas redukti la \u011deneralan pezon de veturilo dum konservi strukturajn integrecojn. Nia preciza fandado subtenas la industrion en la strebo por pli bona fuel-efikeco kaj rendimento.<\/li>\n<li><strong>Aeroespaco &amp; Defendo:<\/strong>\u00a0Ni provizas\u00a0<strong>peza struktura kovriloj<\/strong>\u00a0kaj kritikaj komponantoj kie la forto-pezo-ratio estas ne-negociinda. Nia procezo certigas ke \u0109i tiuj partoj plenumas striktajn sekurecajn kaj dimensiajn specifojn.<\/li>\n<li><strong>Medicaj Ekipa\u0135oj:<\/strong>\u00a0De ekipa\u0135a \u015dar\u011do al\u00a0<strong>precizaj kirurgiaj iloj<\/strong>, ni atingi la superajn surfacajn finadojn kaj striktajn toleradojn postulatajn por medicinaj grado aplikoj.<\/li>\n<li><strong>Fluida Traktado:<\/strong>\u00a0Nia korozio-rezistema\u00a0<strong>pumpo rotoroj<\/strong>\u00a0kaj\u00a0<a href=\"https:\/\/haoyumaterial.com\/eo\/valve-castings-manufacturer-custom-oem-valve-bodies\/\">kutimaj valvkorpoj<\/a>\u00a0estas desegnitaj por optimumigi fluon efikecon. La investa fandado permesas al ni krei kompleksajn internajn vojojn kiuj estas neeblaj atingi per normala ma\u015dinado.<\/li>\n<\/ul>\n<p>\u0108u vi bezonas specialan\u00a0<a href=\"https:\/\/haoyumaterial.com\/eo\/aluminum-investment-casting-company-for-precision-components\/\">aluminiuman investan fandadon kompanio<\/a>\u00a0por prototipo a\u016d plen-grandecan produktadon, nia instala\u0135o estas ekipita por trakti la unikajn postulojn de \u0109i tiuj diversaj industrioj.<\/p>\n<h2>Frequentaj Demandoj (FAQ) pri Perdita Vax Aluminiumo<\/h2>\n<h3>Kiel diferencas perdita vax-\u0135etado de sabla\u0135eto rilate al fini\u011do kaj toleremo?<\/h3>\n<p>La \u0109efa diferenco ku\u015das en precizeco kaj surfaca kvalito.\u00a0<strong>Perdita vax aluminiumo<\/strong>\u00a0\u0135etado (investa\u0135a\u0135\u0135etado) uzas ceramikan \u015del\u015dimon kreitan el vaxo, rezultigante pli glatan surfacon kaj pli striktan dimensi-an precizecon kompare kun sabla\u0135eto, kiu uzas densan sablan \u015dimon.<\/p>\n<p>Ni rekomendas nian\u00a0<a href=\"https:\/\/haoyumaterial.com\/eo\/aluminum-investment-castings-precision-custom-parts-low-tolerance\/\">aluminiajn investajn fandadojn<\/a>\u00a0por aplikoj postulantaj komplikajn detalojn kaj minimuman ma\u015dinadon.<\/p>\n<div class=\"table-responsive\">\n<table class=\"table\">\n<thead>\n<tr>\n<th>Trajto<\/th>\n<th>Perdita Vax\u0135etado (Silica Sol)<\/th>\n<th>Sabla Fandado<\/th>\n<\/tr>\n<\/thead>\n<tbody>\n<tr>\n<td><strong>Surfaca Finado (Ra)<\/strong><\/td>\n<td>\u00a0 \u00a0 \u00a0 \u00a0 \u00a0 \u00a0 \u00a0 \u00a0 \u00a0 \u00a0 \u00a0 \u00a0Supera (3.2\u20136.3 \u03bcm)<\/td>\n<td>\u00a0 \u00a0 \u00a0 \u00a0 \u00a0 \u00a0 \u00a0 \u00a0 \u00a0 \u00a0 Rugosa (12.5\u201325 \u03bcm)<\/td>\n<\/tr>\n<tr>\n<td><strong>Tolereca Normo<\/strong><\/td>\n<td>\u00a0 \u00a0 \u00a0 \u00a0 \u00a0 \u00a0 \u00a0 \u00a0 \u00a0 \u00a0ISO 8062 CT4-CT6<\/td>\n<td>\u00a0 \u00a0 \u00a0 \u00a0 \u00a0 \u00a0 \u00a0 \u00a0 \u00a0 \u00a0ISO 8062 CT8-CT10<\/td>\n<\/tr>\n<tr>\n<td><strong>Detaloj Kapableco<\/strong><\/td>\n<td>\u00a0 \u00a0 \u00a0 \u00a0 \u00a0 \u00a0 \u00a0 \u00a0 \u00a0Alta ( Kompleksaj formoj, maldikaj muroj)<\/td>\n<td>\u00a0 \u00a0 \u00a0 \u00a0 \u00a0 \u00a0 \u00a0 \u00a0 Malsupra (Simplaj formoj, dikaj muroj)<\/td>\n<\/tr>\n<tr>\n<td><strong>Necese de ma\u015dinado<\/strong><\/td>\n<td>\u00a0 \u00a0 \u00a0 \u00a0 \u00a0 \u00a0 \u00a0 \u00a0 \u00a0 \u00a0Minimuma (Proksimume-neta-formo)<\/td>\n<td>\u00a0 \u00a0 \u00a0 \u00a0 \u00a0 \u00a0 \u00a0 \u00a0 Alta (Signifa for\u0135eto de materialo)<\/td>\n<\/tr>\n<\/tbody>\n<\/table>\n<\/div>\n<h3>Kio estas la minimuma muro dikeco por precizaj aluminio-partoj?<\/h3>\n<p>Por\u00a0<strong>perdita kandelo kupro<\/strong>, ni povas atingi muro dikecojn tiel maldikajn kiel\u00a0<strong>1.5mm \u011dis 2.0mm<\/strong>, depende de la \u011denerala formo kaj grandeco de la parto. \u0108i tiu kapablo ebligas al ni produkti pezajn komponantojn por aviado kaj a\u016dtomobilaj aplikoj, kie pezo redukto estas kritika sen kompromiti strukturon.<\/p>\n<h3>\u0108u T6 varmtraktado estas havebla por specifaj alojoj?<\/h3>\n<p>Jes, ni provizas en-doma varmtraktajn servojn, inkluzive de T5 kaj T6 cikloj. \u0108i tio estas esenca por specifaj\u00a0<a href=\"https:\/\/haoyumaterial.com\/eo\/product\/aluminum-casting-alloy-grades-for-high-performance-parts-high-performance-aluminum-casting-alloy-for-die-sand-and-gravity-casting-with-superior-strength-fluidity-and-corrosion-resistance\/\">aluminiaj fandaj aloja gradigoj<\/a>\u00a0kiel A356 kaj A357 por maksimumigi mekanikajn trajtojn kiel stre\u0109a forto kaj duro. Ni certigas ke la materiala konstituo plenumas striktajn industrio-normojn anta\u016d kaj post traktado.<\/p>\n<h3>Kiaj estas la tipaj lead-tempoj por ilaroj kaj produktado?<\/h3>\n<p>Lead-tempoj varias la\u016d la komplekseco de la parto, sed ni strebas por efikeco por konservi vian provizlan \u0109enon movi\u011danta.<\/p>\n<ul>\n<li><strong>Ilara &amp; Malmola Dezajno:<\/strong>\u00a015\u201320 tagoj<\/li>\n<li><strong>Prototipado\/Provo:<\/strong>\u00a05\u201310 tagoj post moldado fini\u011dinta<\/li>\n<li><strong>Kolektiva Produktado:<\/strong>\u00a025\u201335 tagoj post specimenpermeso<\/li>\n<\/ul>\n<p>Ni proponas unu-haltan solvon kiu inkluzivas ver\u015dadon, CNC-ma\u015dadon, kaj surfaca traktado, kiu plifaciligas la tempoplanon per forigo de la bezono de pluraj vendistoj.<\/p>","protected":false},"excerpt":{"rendered":"<p>Why Choose Lost Wax for Aluminum Components? When engineering lightweight parts requires intricate detail and high dimensional accuracy,\u00a0lost wax aluminum\u00a0casting [&hellip;]<\/p>\n","protected":false},"featured_media":1521,"comment_status":"open","ping_status":"closed","template":"","meta":{"site-sidebar-layout":"default","site-content-layout":"","ast-site-content-layout":"default","site-content-style":"default","site-sidebar-style":"default","ast-global-header-display":"","ast-banner-title-visibility":"","ast-main-header-display":"","ast-hfb-above-header-display":"","ast-hfb-below-header-display":"","ast-hfb-mobile-header-display":"","site-post-title":"","ast-breadcrumbs-content":"","ast-featured-img":"","footer-sml-layout":"","ast-disable-related-posts":"","theme-transparent-header-meta":"default","adv-header-id-meta":"","stick-header-meta":"","header-above-stick-meta":"","header-main-stick-meta":"","header-below-stick-meta":"","astra-migrate-meta-layouts":"set","ast-page-background-enabled":"default","ast-page-background-meta":{"desktop":{"background-color":"var(--ast-global-color-5)","background-image":"","background-repeat":"repeat","background-position":"center center","background-size":"auto","background-attachment":"scroll","background-type":"","background-media":"","overlay-type":"","overlay-color":"","overlay-opacity":"","overlay-gradient":""},"tablet":{"background-color":"","background-image":"","background-repeat":"repeat","background-position":"center center","background-size":"auto","background-attachment":"scroll","background-type":"","background-media":"","overlay-type":"","overlay-color":"","overlay-opacity":"","overlay-gradient":""},"mobile":{"background-color":"","background-image":"","background-repeat":"repeat","background-position":"center center","background-size":"auto","background-attachment":"scroll","background-type":"","background-media":"","overlay-type":"","overlay-color":"","overlay-opacity":"","overlay-gradient":""}},"ast-content-background-meta":{"desktop":{"background-color":"var(--ast-global-color-4)","background-image":"","background-repeat":"repeat","background-position":"center center","background-size":"auto","background-attachment":"scroll","background-type":"","background-media":"","overlay-type":"","overlay-color":"","overlay-opacity":"","overlay-gradient":""},"tablet":{"background-color":"var(--ast-global-color-4)","background-image":"","background-repeat":"repeat","background-position":"center center","background-size":"auto","background-attachment":"scroll","background-type":"","background-media":"","overlay-type":"","overlay-color":"","overlay-opacity":"","overlay-gradient":""},"mobile":{"background-color":"var(--ast-global-color-4)","background-image":"","background-repeat":"repeat","background-position":"center center","background-size":"auto","background-attachment":"scroll","background-type":"","background-media":"","overlay-type":"","overlay-color":"","overlay-opacity":"","overlay-gradient":""}}},"product_brand":[],"product_cat":[21],"product_tag":[431,432,429,430,423],"class_list":{"0":"post-1520","1":"product","2":"type-product","3":"status-publish","4":"has-post-thumbnail","6":"product_cat-aluminum-alloy","7":"product_tag-a356-a357-casting","8":"product_tag-aerospace-aluminum-components","9":"product_tag-lost-wax-aluminum-casting","10":"product_tag-precision-aluminum-casting","11":"product_tag-silica-sol-investment-casting","12":"desktop-align-left","13":"tablet-align-left","14":"mobile-align-left","16":"first","17":"instock","18":"shipping-taxable","19":"product-type-simple"},"_links":{"self":[{"href":"https:\/\/haoyumaterial.com\/eo\/wp-json\/wp\/v2\/product\/1520","targetHints":{"allow":["GET"]}}],"collection":[{"href":"https:\/\/haoyumaterial.com\/eo\/wp-json\/wp\/v2\/product"}],"about":[{"href":"https:\/\/haoyumaterial.com\/eo\/wp-json\/wp\/v2\/types\/product"}],"replies":[{"embeddable":true,"href":"https:\/\/haoyumaterial.com\/eo\/wp-json\/wp\/v2\/comments?post=1520"}],"wp:featuredmedia":[{"embeddable":true,"href":"https:\/\/haoyumaterial.com\/eo\/wp-json\/wp\/v2\/media\/1521"}],"wp:attachment":[{"href":"https:\/\/haoyumaterial.com\/eo\/wp-json\/wp\/v2\/media?parent=1520"}],"wp:term":[{"taxonomy":"product_brand","embeddable":true,"href":"https:\/\/haoyumaterial.com\/eo\/wp-json\/wp\/v2\/product_brand?post=1520"},{"taxonomy":"product_cat","embeddable":true,"href":"https:\/\/haoyumaterial.com\/eo\/wp-json\/wp\/v2\/product_cat?post=1520"},{"taxonomy":"product_tag","embeddable":true,"href":"https:\/\/haoyumaterial.com\/eo\/wp-json\/wp\/v2\/product_tag?post=1520"}],"curies":[{"name":"wp","href":"https:\/\/api.w.org\/{rel}","templated":true}]}}