{"id":1532,"date":"2026-01-25T10:31:51","date_gmt":"2026-01-25T02:31:51","guid":{"rendered":"https:\/\/haoyumaterial.com\/?post_type=product&#038;p=1532"},"modified":"2026-01-25T10:31:51","modified_gmt":"2026-01-25T02:31:51","slug":"custom-metal-casting-mold-precision-tooling-for-alloys","status":"publish","type":"product","link":"https:\/\/haoyumaterial.com\/eo\/product\/custom-metal-casting-mold-precision-tooling-for-alloys\/","title":{"rendered":"Propra Metala Fanda \u015cima Precizeca Ilaro por Aloja\u0135oj"},"content":{"rendered":"<h2>Kernaj Kapabloj: Propraj Metalforma\u0135aj Malmola Solvoj<\/h2>\n<p>Ni liveras precize in\u011denieritajn\u00a0<strong>propra metalforma\u0135a malmola<\/strong>\u00a0solvojn desegnitajn por plenumi la postulojn de moderna metalo. Nia aliro kombinas profundan materialsciencan sperton kun progresintaj fabrikadoteknikoj por produkti ilaron kiu certigas konstantan kvaliton kaj dimensonan stabilecon. Per strikta kontrolo de termika dilati\u011dkoeficientoj kaj rezistaj trajtoj, ni plilongigas la servoda\u016dron de \u0109iu malmola\u0135o dum konservas striktajn toleradojn sub ekstrema termika ciklado.<\/p>\n<p>Nia in\u011denieria teamo fokusas pri holista desegna optimumigo por solvi komunajn malmolajn defiojn anta\u016d ol ili okazas:<\/p>\n<ul>\n<li><strong>Materiala Ekspertizo:<\/strong>\u00a0Ni elektas alt-efikan malmolmaterialojn kiuj ekvilibras termikan konduktecon kun erozia rezisto, certigante longda\u016drecon kaj fidindecon.<\/li>\n<li><strong>Difekt-minimigo:<\/strong>\u00a0Ni efektivigas progresintajn\u00a0<strong>\u015dlosilajn kaj levilajn sistemojn<\/strong>\u00a0adaptitajn al la specifa alojo, anta\u016denigas laminaran fluon kaj reduktas turbulon por elimini porozecon kaj inkluzivojn.<\/li>\n<li><strong>Alia\u0135a Versatileco:<\/strong>\u00a0Niaj produktadkapabloj subtenas lar\u011dan gamon de ver\u015daj postuloj, de neferaj metaloj kiel\u00a0<strong>Alumino, Zinko, kaj Kupro<\/strong>\u00a0al alt-malvarmiga feraj alojoj inkluzive de\u00a0<strong>\u015ctalo kaj Fero<\/strong>.<\/li>\n<\/ul>\n<p>\u0108u vi bezonas kompleksajn geometriojn por industriaj komponantoj a\u016d altvoluman produktadan ilaron, niaj\u00a0<strong>solvo por metala muldado de metala la\u016d kutimo<\/strong>\u00a0adapti\u011das al viaj specifaj projektoj por maksimumigi produktadon kaj redukti ciklotempojn.<\/p>\n<h2>Specoj de Kutimaj Metalaj Muldaj Formoj Ni Fabrikadas<\/h2>\n<p>Ni in\u011denieras diversajn ilojn por plenumi specifajn produktadkvantojn kaj alojspezifojn. De altvolumaj industriaj serioj \u011dis precizaj aerospacaj prototipoj, niaj\u00a0<strong>propra metalforma\u0135a malmola<\/strong>\u00a0kapabloj kovras la tutan spektron de produktadbezono. Ni utiligas progresintan CNC-ma\u015danadon kaj materialan sciencon por liveri muldilojn kiuj certigas dimensi\u011dan precizecon kaj da\u016drecon.<\/p>\n<ul>\n<li><strong>Altprema Gvida Muldado (HPDC):<\/strong>\u00a0Ni uzas premium H13 iltielon por konstrui fortikajn\u00a0<strong>\u015dima mulda ilaro<\/strong>\u00a0kapablajn elteni ekstremajn termajn ciklojn. \u0108i tiuj muldiloj havas kompleksajn malvarmigan kanalojn por optimumigi ciklotempojn kaj plilongigi ilian vivda\u016dron por alta volumprodukto.<\/li>\n<li><strong>Permanentaj moldoj (Gravita\u0135a \u0135etado):<\/strong>\u00a0Ideale por mez- \u011dis alta volumoj, niaj permanentaj moldoj ofertas elstaran dimensonan stabilecon. Ni desegnas reuzeblajn ilojn kiuj ekvilibras da\u016dremecon kaj koston, ofte referencante\u00a0<a href=\"https:\/\/haoyumaterial.com\/eo\/cast-iron-vs-steel-comparison-guide-durable-cookware-tools\/\">fajna ferio kontra\u016d \u015dtono<\/a>\u00a0propra\u0135ojn por elekti la plej bonan moldmaterialon por konsekvenca ripetado.<\/li>\n<li><strong>Sandaj \u0135etadaj \u015dablonoj kaj kernaj skatoloj:<\/strong>\u00a0Por malpli grandaj volumoj a\u016d grand-skala komponentoj, ni provizas CNC-ma\u015dinitajn\u00a0<strong>sandajn \u0135etadajn \u015dablonojn<\/strong>\u00a0kaj kernajn skatolojn. Ni anka\u016d integros 3D-presitajn opciojn por rapida prototipado, ebligante rapidan dizajnadekvacion anta\u016d malmola ilaro.<\/li>\n<li><strong>Speciala Graphito kaj Keramika \u015ctofoj:<\/strong>\u00a0Kiel fakuloj pri alt-temperaturaj materialoj, ni fabrikas precizecon\u00a0<strong>grafitajn \u015dtofojn por \u015dtofoj<\/strong>\u00a0por reaktivaj alojoj kiel Titano. \u0108i tiuj refrakta\u0135aj \u015dtofoj uzas alt-purecan grafiton por eviti kontaminitaton, certigante superan surfacan finadon kaj facilan mal\u015dar\u011don.<\/li>\n<\/ul>\n<h2>Teknikaj Specifoj kaj Materialaj Toleremo<\/h2>\n<p>Kiam in\u011denierigas\u00a0<strong>propra metalforma\u0135a malmola<\/strong>, materiala integreco kaj dimensi\u011da precizeco difinas la sukceson de la fina \u015dtofo. Ni speciali\u011das pri alt-puraj grafitaj gradoj in\u011denieritaj speciale por ne-ferecaj aplikoj, ofertante superan termikan \u015dokreziston kompare kun normaj iloj. Nia instala\u0135o uzas progresintajn\u00a0<a href=\"https:\/\/haoyumaterial.com\/eo\/machining-casting-guide-precision-cnc-tight-tolerances\/\">ma\u015dinadon kaj fandadgvidilojn por precizeco CNC<\/a>\u00a0por certigi ke \u0109iu \u015dtofo plenumas rigorajn geometriajn postulojn.<\/p>\n<p>Ni sekvas striktajn kvalito-normojn por liveri\u00a0<strong>precizecajn muldajn servojn<\/strong>\u00a0kiuj eltenas alt-temperaturan mediojn. Jen la kernaj specifoj por niaj grafitaj muldiloj:<\/p>\n<div class=\"table-responsive\">\n<table class=\"table\">\n<thead>\n<tr>\n<th>Trajto<\/th>\n<th>Specifa Detaloj<\/th>\n<\/tr>\n<\/thead>\n<tbody>\n<tr>\n<td><strong>Materialaj Gradeoj<\/strong><\/td>\n<td>\u00a0 \u00a0 \u00a0 \u00a0 \u00a0 \u00a0 \u00a0 \u00a0 \u00a0 \u00a0 \u00a0 \u00a0 \u00a0 \u00a0 \u00a0 \u00a0 \u00a0 \u00a0 \u00a0 \u00a0 \u00a0 \u00a0 \u00a0 \u00a0 \u00a0 \u00a0 \u00a0 \u00a0 \u00a0 \u00a0 \u00a0 Alta-Pureca Grafito (\u011dis 99.9% Karbono), Isostatika, Muldigita, Vibraciita<\/td>\n<\/tr>\n<tr>\n<td><strong>Masa Denso<\/strong><\/td>\n<td>\u00a0 \u00a0 \u00a0 \u00a0 \u00a0 \u00a0 \u00a0 \u00a0 \u00a0 \u00a0 \u00a0 \u00a0 \u00a0 \u00a0 \u00a0 \u00a0 \u00a0 \u00a0 \u00a0 \u00a0 \u00a0 \u00a0 \u00a0 \u00a0 \u00a0 \u00a0 \u00a0 \u00a0 \u00a0 \u00a0 \u00a0 \u00a0 \u00a0 \u00a0 \u00a0 1.72 g\/cm\u00b3 \u2013 1.90 g\/cm\u00b3 (depende de grado)<\/td>\n<\/tr>\n<tr>\n<td><strong>Termikaj propra\u0135oj<\/strong><\/td>\n<td>\u00a0 \u00a0 \u00a0 \u00a0 \u00a0 \u00a0 \u00a0 \u00a0 \u00a0 \u00a0 \u00a0 \u00a0 \u00a0 \u00a0 \u00a0 \u00a0 \u00a0 \u00a0 \u00a0 \u00a0 \u00a0 \u00a0 \u00a0 \u00a0 \u00a0 \u00a0 \u00a0 \u00a0 \u00a0 Alta termika kondukteco, malalta koeficiento de termika dilati\u011do<\/td>\n<\/tr>\n<tr>\n<td><strong>Surfina Finado<\/strong><\/td>\n<td>\u00a0 \u00a0 \u00a0 \u00a0 \u00a0 \u00a0 \u00a0 \u00a0 \u00a0 \u00a0 \u00a0 \u00a0 \u00a0 \u00a0 \u00a0 \u00a0 \u00a0 \u00a0 \u00a0 \u00a0 \u00a0 \u00a0 \u00a0 \u00a0 \u00a0 \u00a0 \u00a0 \u00a0 \u00a0 \u00a0 \u00a0 \u00a0 \u00a0 \u00a0 \u00a0 \u00a0 \u00a0 Glata, mem-lubrikanta surfaco por facila malfermo<\/td>\n<\/tr>\n<tr>\n<td><strong>Ma\u015dinada Precizeco<\/strong><\/td>\n<td>\u00a0 \u00a0 \u00a0 \u00a0 \u00a0 \u00a0 \u00a0 \u00a0 \u00a0 \u00a0 \u00a0 \u00a0 \u00a0 \u00a0 \u00a0 \u00a0 \u00a0 \u00a0 \u00a0 \u00a0 \u00a0 \u00a0 \u00a0 \u00a0 \u00a0 \u00a0 \u00a0 \u00a0 \u00a0 \u00a0 \u00a0 \u00a0 \u00a0 \u00a0 Kustoma CNC-ma\u015dinado por kompleksaj geometrioj kaj mallar\u011daj toleroj<\/td>\n<\/tr>\n<\/tbody>\n<\/table>\n<\/div>\n<p>Nia\u00a0<strong>CNC-ma\u015dinitaj fanditaj iloj<\/strong>\u00a0estas desegnita por minimumigi kontaminitaton kaj certigi puran fandadon por metaloj kiel oro, ar\u011dento, kupro kaj aluminio. Per elekto de \u011dusta greno-grandeco kaj denseco, ni optimumigas la mekanikan forton de la \u015dtono por trakti industriaj fandaj premoj dum konservado de bonega dimensia stabileco.<\/p>\n<h2>In\u011denieristiko kaj Dezajno Subteno por Preciza Ilaro<\/h2>\n<p>&nbsp;<\/p>\n<p>Kreante altan efikan\u00a0<strong>propra metalforma\u0135a malmola<\/strong>\u00a0postulas pli ol nur precizan ma\u015dinadadon; \u011di postulas profundan komprenon de termika dinamiko kaj materiala konduto. Ni provizas ampleksan in\u011denieran subtenon por certigi ke via ilaro plenumas la postulojn de industriaj fandadoj. Nia teamo laboras rekte kun viaj teknikaj desegnoj por optimumigi la rendimenton, certigante ke \u0109iu grafita \u015dtono a\u016d metalfanda\u0135o kiun ni fabrikas liveras konsekvencajn rezultojn.<\/p>\n<h3>DFM (Dezajno por Produktado) Recenzoj<\/h3>\n<p>Ni faras detalan DFM-revizion por identigi potencialajn produktadproblemojn anta\u016d ol ni tran\u0109as ajnan materialon. \u0108i tiu procezo implikas analizon\u00a0<strong>skizaj anguloj<\/strong>\u00a0kaj\u00a0<strong>muro dikeco<\/strong>\u00a0por garantii strukturan integrecon kaj facilan malmoldadon. Per plibonigo de la geometrio de via\u00a0<a href=\"https:\/\/haoyumaterial.com\/eo\/aluminum-casting-manufacturer-for-custom-precision-parts\/\">aluminia fandado-fabrikanto por kutimaj precizaj partoj<\/a>, ni helpas minimumigi material\u015dar\u011don kaj signife redukti ciklotempojn.<\/p>\n<h3>Altnivela Simulado kaj Flua Analizo<\/h3>\n<ul>\n<li><strong>Muldilo-Fluo Simulado:<\/strong>\u00a0Ni anta\u016ddiras metalfluon, temperaturo-distribuon, kaj \u015dlosilajn \u015dablonojn por eviti varmopunktojn kaj neuniforman malvarmigon.<\/li>\n<li><strong>Difekta Redukto:<\/strong>\u00a0Preciza simulado helpas nin anta\u016dvidi kaj elimini oftajn \u015dtonajn difektojn kiel porozo a\u016d malvarmaj \u015dtopi\u011doj, certigante ke la\u00a0<strong>propra metalforma\u0135a malmola<\/strong>\u00a0funkcias fidinde sub alta termika stre\u0109o.<\/li>\n<\/ul>\n<h3>Optimumigo de Gating &amp; Risero-Designo<\/h3>\n<p>Ta\u016dga gatingo estas kritika por regi la rapidecon kaj direkton de la molaj metalo. Ni projektas gating-sistemojn kiuj anta\u016denigas\u00a0<strong>laminaran fluon<\/strong>, reduktante turbulon kaj preventante oksidajn inkluzivojn. Niaj optimumigitaj riseroj-\u011deneraloj certigas ta\u016dgan nutradon dum solidi\u011do, konservante la densecon kaj forton de la fina \u015dtofa parto.<\/p>\n<h2>Industrioj Servitaj de Niaj Propraj \u015ctofa\u0135aj Servoj<\/h2>\n<p><img loading=\"lazy\" decoding=\"async\" class=\"alignnone  wp-image-1534\" src=\"https:\/\/haoyumaterial.com\/wp-content\/uploads\/2026\/01\/Medium-Temperature-Wax-Precision-Molds-300x300.png\" alt=\"\" width=\"437\" height=\"437\" srcset=\"https:\/\/haoyumaterial.com\/wp-content\/uploads\/2026\/01\/Medium-Temperature-Wax-Precision-Molds-300x300.png 300w, https:\/\/haoyumaterial.com\/wp-content\/uploads\/2026\/01\/Medium-Temperature-Wax-Precision-Molds-150x150.png 150w, https:\/\/haoyumaterial.com\/wp-content\/uploads\/2026\/01\/Medium-Temperature-Wax-Precision-Molds-12x12.png 12w, https:\/\/haoyumaterial.com\/wp-content\/uploads\/2026\/01\/Medium-Temperature-Wax-Precision-Molds-100x100.png 100w, https:\/\/haoyumaterial.com\/wp-content\/uploads\/2026\/01\/Medium-Temperature-Wax-Precision-Molds.png 500w\" sizes=\"auto, (max-width: 437px) 100vw, 437px\" \/><\/p>\n<p>Ni liveras alt-efikecajn\u00a0<strong>propra metalforma\u0135a malmola<\/strong>\u00a0solvojn tra sektoroj kiuj postulas neniun fiaskon. De alt-tempa aerospaca aplikado \u011dis kompleksaj medicinaj aparatoj, nia ilaro certigas ke la fina \u015dtofa\u0135oj plenumas rigorajn industrio-normojn. Nia sperto en alta-pureco grafito kaj preciza CNC-ma\u015dinado ebligas al ni servi diversajn fabrikajn bezonojn.<\/p>\n<ul>\n<li><strong>A\u016dtomobiloj:<\/strong>\u00a0Ni produktas da\u016drajn \u015dtofojn por malpezaj aluminio kaj kupra alojo-\u015dtofoj, esencaj por modernaj motorkolumnoj, transdona kazoj, kaj strukturaj partoj kie termika kondukteco estas kerna.<\/li>\n<li><strong>Aeronava:<\/strong>\u00a0Niaj alt-pure grafitaj \u015dtalformoj estas kritikaj por produktado de turbinaj klingoj kaj brakoj kie termika \u015doko-resistado kaj dimensi-stabileco estas \u0109efaj dum la formado de superaloj.<\/li>\n<li><strong>Medicina:<\/strong>\u00a0Precizeco estas esenca por kirurgiaj iloj kaj biokompatiblaj implantatoj. Ni subtenas fabrikantojn kun iloj kapablaj produkti kompleksajn geometriojn, similajn al nia speciala laboro kun\u00a0<a href=\"https:\/\/haoyumaterial.com\/eo\/product\/chromium-cobalt-molybdenum-hip-joint-machining-service\/\">kromia kobalto molibdeno koksoj kunlaboraj servoj<\/a>.<\/li>\n<li><strong>Energio:<\/strong>\u00a0Ni provizas robustajn formojn por fluida traktado de komponentoj. Nia sperto certigas la integrecon de pumpokapsuloj, impeliloj, kaj\u00a0<a href=\"https:\/\/haoyumaterial.com\/eo\/valve-castings-manufacturer-custom-oem-valve-bodies\/\">la\u016dmendajn OEM-valvokorpojn<\/a>\u00a0uzataj vaste en nafto, gaso, kaj renovigebla energio-infrastrukturo.<\/li>\n<\/ul>\n<h2>La Avanta\u011do de Vastmaterialo: Kial Elekti Ni?<\/h2>\n<p>Kiam vi bezonas fidindan\u00a0<strong>propra metalforma\u0135a malmola<\/strong>, vi bezonas partneron kiu komprenas amba\u016d la metalurgion kaj la ma\u015dinadon. Ni alportas pli ol 15 jarojn da sperto en alt-temperaturaj materialoj al la tablo, certigante ke via ilo funkcias konsekvence sub ekstreme termika stre\u0109o.<\/p>\n<h3>Holisma Materiala Esploro<\/h3>\n<p>Ni ne nur ma\u015dinpartoj; ni in\u011denieras solvojn bazitajn sur ver\u015da kemio. Nia teamo elektas la optimalan grafitan gradon\u2014\u0109u isostatikan, mulditan, a\u016d vibratan\u2014por kongrui kun viaj specifaj aloaj postuloj. \u0108i tio certigas superan termikan konduktecon kaj malhelpas likvan metalan kontaminitaton, rezultigante pli puran finan ver\u015don. Nia profunda kompreno de refrakta\u0135oj ebligas al ni desegni muldilojn kiuj minimumigas difektojn ka\u016dzitajn de termika vasti\u011do.<\/p>\n<h3>Rigora Kvalita Kontrolo<\/h3>\n<p>Kvalito ne estas postpenso; \u011di estas integrita en nia procezo. Ni funkcias sub striktaj ISO 9001:2015 normoj, uzante progresintajn inspektilojn por kontroli dimensi\u011don kaj materialan integrecon. \u0108iu\u00a0<strong>solvo por metala muldado de metala la\u016d kutimo<\/strong>\u00a0ni liveras estas certigita por denseco, rezisto, kaj cindroenhavo, garantiante ke \u011di plenumas la postulojn de industriaj fandadlokaloj.<\/p>\n<h3>Rapideco al La Merkato<\/h3>\n<p>En la konkurenca fabrikada pejza\u011do, rapideco gravas. Ni uzas altrapidan CNC-ma\u015dinadon por rapide transformi viajn CAD-desegna\u0135ojn en precizajn muldilojn. Uzante\u00a0<a href=\"https:\/\/haoyumaterial.com\/eo\/advantages-of-rapid-protototyping-for-faster-and-smarter-manufacturing\/\">rapida prototipado-metodoj<\/a>\u00a0helpas nin akceli la evoluociklon, permesante al vi movi\u011di de desegno al fizika testado pli rapide ol tradiciaj ilaroj permesas.<\/p>\n<p><strong>Niaj Kernaj Fortoj:<\/strong><\/p>\n<div class=\"table-responsive\">\n<table class=\"table\">\n<thead>\n<tr>\n<th>Trajto<\/th>\n<th>Avanta\u011do<\/th>\n<\/tr>\n<\/thead>\n<tbody>\n<tr>\n<td><strong>Refrakta Scio<\/strong><\/td>\n<td>\u00a0 \u00a0 \u00a0 \u00a0 \u00a0 \u00a0 \u00a0 \u00a0 \u00a0 \u00a0 \u00a0 \u00a0 \u00a0 \u00a0 \u00a0 \u00a0 \u00a0 \u00a0 \u00a0 \u00a0 \u00a0 \u00a0 \u00a0 \u00a0 \u00a0 \u00a0 \u00a0 Profunda kompreno de ne-malseki\u011daj ecoj kaj termika \u015doka rezisto.<\/td>\n<\/tr>\n<tr>\n<td><strong>Preciza Ilado<\/strong><\/td>\n<td>\u00a0 \u00a0 \u00a0 \u00a0 \u00a0 \u00a0 \u00a0 \u00a0 \u00a0 \u00a0 \u00a0 \u00a0 \u00a0 \u00a0 \u00a0 \u00a0 \u00a0 \u00a0 \u00a0 \u00a0 \u00a0 \u00a0 \u00a0 \u00a0 \u00a0 \u00a0 \u00a0Plej progresintaj CNC-ebloj por kompleksaj geometrioj kaj mallertaj toleroj.<\/td>\n<\/tr>\n<tr>\n<td><strong>Tutmonda Subteno<\/strong><\/td>\n<td>\u00a0 \u00a0 \u00a0 \u00a0 \u00a0 \u00a0 \u00a0 \u00a0 \u00a0 \u00a0 \u00a0 \u00a0 \u00a0 \u00a0 \u00a0 \u00a0 \u00a0 \u00a0 \u00a0 \u00a0 \u00a0 \u00a0 \u00a0 \u00a0Prova rekordado eksportanta alt-pureco <strong>metala fandado de metalo<\/strong>\u00a0solvojn al pli ol 30 landoj.<\/td>\n<\/tr>\n<\/tbody>\n<\/table>\n<\/div>\n<h2>Pa\u015do-post-pa\u015da Procezo de Kustomo Formo-Produkta<\/h2>\n<p>Ni plibonigis nian fabrikadan laborfluon por certigi ke \u0109iu\u00a0<strong>propra metalforma\u0135a malmola<\/strong>\u00a0satisfakas striktajn dimensiajn toleradojn kaj rendimento-postulojn. De la komenca koncepto \u011dis la fina ilo, ni konservas klaran komunikadon kaj rigorajn kvalitan kontrolon por liveri fidindajn ilojnajn solvojn.<\/p>\n<ul>\n<li><strong>Konsultado &amp; Kosto:<\/strong>\u00a0La procezo komenci\u011das per detala revizio de viaj CAD-dosieroj kaj projektrekvizitoj. Ni kolektas \u0109iujn necesajn specifojn por provizi precizan cita\u0135on kaj produktadtempon.<\/li>\n<li><strong>In\u011denierado &amp; Dezajno:<\/strong>\u00a0Niaj in\u011denieroj faras detalan DFM (Dezajno por Fabrikado) analizadon por optimumigi la ilaron-layouth kaj blueprint-generadon. Ni kontrolas kongruon kun viaj intencitaj materialoj, kiel specifaj\u00a0<a href=\"https:\/\/haoyumaterial.com\/eo\/product\/aluminum-casting-alloy-grades-for-high-performance-parts-high-performance-aluminum-casting-alloy-for-die-sand-and-gravity-casting-with-superior-strength-fluidity-and-corrosion-resistance\/\">aluminiaj fandaj aloja gradigoj<\/a>, por certigi ke la formo-dezajno subtenas optimuman metalfluon kaj solidi\u011don.<\/li>\n<li><strong>Fabriko:<\/strong>\u00a0Ni uzas progresintan CNC-ma\u015danadon kaj EDM (Elektraj El\u0135etaj Ma\u015dadoj) por tran\u0109i la form\u011demon kun alta precizeco. \u0108i tiu stadio inkluzivas poluradon de surfacoj por plenumi la postulojn pri fini\u011da normo por glata parto-libereco.<\/li>\n<li><strong>Kunigo kaj A\u016dtomatigo:<\/strong>\u00a0Spertaj teknikistoj kunigas la formkomponentojn, zorge integri la esencajn sistemojn kiel el\u0135etilajn piniojn kaj malvarmigan liniojn por efike regi la temperaturon dum la \u015dtofi\u011da ciklo.<\/li>\n<li><strong>Provo T1 Ekzemplo:<\/strong>\u00a0Ni faras komencan provo por produkti T1-ekzemplojn. \u0108i tiuj unuaj \u015dtofi\u011ditaj partoj estas inspektitaj por kontroli ke la\u00a0<strong>propra metalforma\u0135a malmola<\/strong>\u00a0produktas komponentojn kiuj kongruas kun viaj precizaj planoj.<\/li>\n<li><strong>Fina Aprobo kaj Livero:<\/strong>\u00a0Post kiam la specimenoj estas aprobitaj kaj \u0109iuj necesaj \u011dustigoj estas faritaj, ni finpretigas la ilaron kaj aran\u011das por sekura livero al via instala\u0135o.<\/li>\n<\/ul>\n<h2>ofte petitaj demandoj pri kutimaj metalaj fandaj \u015dtofoj<\/h2>\n<h3>Kio estas la diferenco inter permanenta \u015dtofo kaj sabla \u015dtofo?<\/h3>\n<p>La \u0109efa diferenco ku\u015das en reuzebleco kaj surfaca fini\u011do.\u00a0<strong>Permanenta mulda ver\u015dado<\/strong>\u00a0uzas reuzeblajn \u015dtofojn faritajn el da\u016draj materialoj kiel \u015dtono a\u016d alta-denseca grafito. \u0108i tiu metodo estas ideala por meza \u011dis alta volumprodukta\u0135o, ofertante superan dimensioman precizecon kaj pli glatan surfacan fini\u011don, kio estas kritika por\u00a0<a href=\"https:\/\/haoyumaterial.com\/eo\/precision-aluminum-casting-in-dongying-vast-custom-foundry\/\">precizeco aluminia \u015dtofo<\/a>\u00a0aplikoj.<\/p>\n<p>Kontraste,\u00a0<strong>sandajn \u0135etadajn \u015dablonojn<\/strong>\u00a0krei \u015dtofojn kiuj estas ofermortaj\u2014la sabla \u015dtofo estas detruata por forigi la fandadon post \u0109iu pafo. Dum tio ebligas malpli altajn komencajn ilarajn kostojn kaj kompleksajn geometriojn, \u011di kutime postulas pli da sekundara ma\u015dinado.<\/p>\n<h3>Kiom da tempo bezonas por produkti kutiman muldilojn por fandado?<\/h3>\n<p>La\u016dtempaj tempoj varias signife la\u016d la komplekseco de la dezajno kaj la elektita materialo.<\/p>\n<ul>\n<li><strong>Grafitaj Formoj:<\/strong>\u00a0Pro niaj progresintaj CNC-ma\u015dinaj kapabloj kaj la ma\u015dinebleco de grafito, \u0109i tiuj ofte povas esti rapide produktitaj, kelkfoje ene de kelkaj tagoj por ur\u011daj projektoj.<\/li>\n<li><strong>\u015ctala Malgrandaj (HPDC):<\/strong>\u00a0Malfortigita \u015dtala ilaro por alta premo kutime postulas\u00a0<strong>4 \u011dis 8 semajnoj.<\/strong>. Tio inkluzivas desegna\u0135an konfirmon, CNC-krudadon, varmtraktadon, kaj finajn EDM-finojn.<\/li>\n<\/ul>\n<h3>Kiajn dosiersistilojn vi akceptas por formo-desenado?<\/h3>\n<p>Por certigi la plej altan precizecon dum nia DFM (Design for Manufacturing) revizio kaj CNC-programado, ni preferas 3D CAD-dosierojn.<\/p>\n<ul>\n<li><strong>Preferataj Formatoj:<\/strong>\u00a0PA\u015do (.stp), IGES (.igs), kaj Parasolid (X_T).<\/li>\n<li><strong>Desegna Dosieroj:<\/strong>\u00a0PDF a\u016d DWG dosieroj anka\u016d estas necesaj por specifigi toleradojn, materialajn gradigojn, kaj surfacajn finajn postulojn (ekz., SPI normoj).<\/li>\n<\/ul>\n<h3>\u0108u vi povas modifi ekzistantajn malnotojn por desegna \u015dan\u011dojn?<\/h3>\n<p>Jes, modifo estas ebla sed dependas de la naturo de la \u015dan\u011do. Forigi metalon de la malnoto (por aldoni materialon al la fina formo) estas rekta procezo uzante CNC-ma\u015danadon a\u016d EDM. Tamen, aldoni metalon al la malnoto (por redukti la grandecon de la formo) estas pli kompleksa kaj eble postulos veldadon a\u016d enmetadon de sub-komponentoj. Ni rekomendas detalan in\u011denieran revizion anta\u016d provi gravajn modifojn por certigi ke la ilo restu en bona stato.<\/p>","protected":false},"excerpt":{"rendered":"<p>Core Capabilities: Custom Metal Casting Mold Solutions We deliver precision-engineered\u00a0custom metal casting mold\u00a0solutions designed to meet the rigorous demands of [&hellip;]<\/p>\n","protected":false},"featured_media":1533,"comment_status":"open","ping_status":"closed","template":"","meta":{"site-sidebar-layout":"default","site-content-layout":"","ast-site-content-layout":"default","site-content-style":"default","site-sidebar-style":"default","ast-global-header-display":"","ast-banner-title-visibility":"","ast-main-header-display":"","ast-hfb-above-header-display":"","ast-hfb-below-header-display":"","ast-hfb-mobile-header-display":"","site-post-title":"","ast-breadcrumbs-content":"","ast-featured-img":"","footer-sml-layout":"","ast-disable-related-posts":"","theme-transparent-header-meta":"default","adv-header-id-meta":"","stick-header-meta":"","header-above-stick-meta":"","header-main-stick-meta":"","header-below-stick-meta":"","astra-migrate-meta-layouts":"set","ast-page-background-enabled":"default","ast-page-background-meta":{"desktop":{"background-color":"var(--ast-global-color-5)","background-image":"","background-repeat":"repeat","background-position":"center center","background-size":"auto","background-attachment":"scroll","background-type":"","background-media":"","overlay-type":"","overlay-color":"","overlay-opacity":"","overlay-gradient":""},"tablet":{"background-color":"","background-image":"","background-repeat":"repeat","background-position":"center center","background-size":"auto","background-attachment":"scroll","background-type":"","background-media":"","overlay-type":"","overlay-color":"","overlay-opacity":"","overlay-gradient":""},"mobile":{"background-color":"","background-image":"","background-repeat":"repeat","background-position":"center center","background-size":"auto","background-attachment":"scroll","background-type":"","background-media":"","overlay-type":"","overlay-color":"","overlay-opacity":"","overlay-gradient":""}},"ast-content-background-meta":{"desktop":{"background-color":"var(--ast-global-color-4)","background-image":"","background-repeat":"repeat","background-position":"center center","background-size":"auto","background-attachment":"scroll","background-type":"","background-media":"","overlay-type":"","overlay-color":"","overlay-opacity":"","overlay-gradient":""},"tablet":{"background-color":"var(--ast-global-color-4)","background-image":"","background-repeat":"repeat","background-position":"center center","background-size":"auto","background-attachment":"scroll","background-type":"","background-media":"","overlay-type":"","overlay-color":"","overlay-opacity":"","overlay-gradient":""},"mobile":{"background-color":"var(--ast-global-color-4)","background-image":"","background-repeat":"repeat","background-position":"center center","background-size":"auto","background-attachment":"scroll","background-type":"","background-media":"","overlay-type":"","overlay-color":"","overlay-opacity":"","overlay-gradient":""}}},"product_brand":[],"product_cat":[17,21,22,24],"product_tag":[],"class_list":{"0":"post-1532","1":"product","2":"type-product","3":"status-publish","4":"has-post-thumbnail","6":"product_cat-stainless-steel","7":"product_cat-aluminum-alloy","8":"product_cat-high-temperature-alloy","9":"product_cat-titanium-alloy","10":"desktop-align-left","11":"tablet-align-left","12":"mobile-align-left","14":"first","15":"instock","16":"shipping-taxable","17":"product-type-simple"},"_links":{"self":[{"href":"https:\/\/haoyumaterial.com\/eo\/wp-json\/wp\/v2\/product\/1532","targetHints":{"allow":["GET"]}}],"collection":[{"href":"https:\/\/haoyumaterial.com\/eo\/wp-json\/wp\/v2\/product"}],"about":[{"href":"https:\/\/haoyumaterial.com\/eo\/wp-json\/wp\/v2\/types\/product"}],"replies":[{"embeddable":true,"href":"https:\/\/haoyumaterial.com\/eo\/wp-json\/wp\/v2\/comments?post=1532"}],"wp:featuredmedia":[{"embeddable":true,"href":"https:\/\/haoyumaterial.com\/eo\/wp-json\/wp\/v2\/media\/1533"}],"wp:attachment":[{"href":"https:\/\/haoyumaterial.com\/eo\/wp-json\/wp\/v2\/media?parent=1532"}],"wp:term":[{"taxonomy":"product_brand","embeddable":true,"href":"https:\/\/haoyumaterial.com\/eo\/wp-json\/wp\/v2\/product_brand?post=1532"},{"taxonomy":"product_cat","embeddable":true,"href":"https:\/\/haoyumaterial.com\/eo\/wp-json\/wp\/v2\/product_cat?post=1532"},{"taxonomy":"product_tag","embeddable":true,"href":"https:\/\/haoyumaterial.com\/eo\/wp-json\/wp\/v2\/product_tag?post=1532"}],"curies":[{"name":"wp","href":"https:\/\/api.w.org\/{rel}","templated":true}]}}