{"id":1583,"date":"2026-01-29T10:43:12","date_gmt":"2026-01-29T02:43:12","guid":{"rendered":"https:\/\/haoyumaterial.com\/?post_type=product&#038;p=1583"},"modified":"2026-01-29T10:43:12","modified_gmt":"2026-01-29T02:43:12","slug":"custom-brass-casting-service-with-precision-machining-and-quality-assurance","status":"publish","type":"product","link":"https:\/\/haoyumaterial.com\/eo\/product\/custom-brass-casting-service-with-precision-machining-and-quality-assurance\/","title":{"rendered":"Kustoma Kupro-\u0108asado-Servo kun Preciza Ma\u015dinado kaj Kvalita Garantio"},"content":{"rendered":"<p>Vastmaterial proponas precizan kupro fandadservon kun personigitaj alojoj CNC-ma\u015dinado kaj striktaj ISO-kvalitaj normoj por prototipoj \u011dis amasproduktado.<\/p>\n<h2>Ni havas Kupro Fandadkapablojn<\/h2>\n<p>Ni provizas ampleksan\u00a0<strong>kuprofandadservon<\/strong>\u00a0adaptitan por plenumi specifajn industriojn postulojn. Kiel dedi\u0109ita\u00a0<strong>personigita kuprofanda\u0135ejo<\/strong>, ni administras la tutan produktadciklon\u2014de komenca molda desegno \u011dis fina surfaca traktado. Nia instala\u0135o estas ekipita por trakti diversajn produktadkvantojn, certigante ke \u0109u vi bezonas unu prototipon a\u016d amasproduktadon, ni liveras komponentojn kiuj plenumas rigorajn kvalito-normojn.<\/p>\n<h3>Preciza Investo-\u015covado (Perdita \u015ca\u016dmo)<\/h3>\n<p>Por kompleksaj geometrioj kaj partoj postulas striktajn toleradojn, ni utiligas la\u00a0<strong>perdan cindradon<\/strong>. \u0108i tiu metodo, ofte uzante silika solajn teknikojn, ebligas al ni produkti kompleksajn\u00a0<strong>kupra alia\u0135a fandado<\/strong>\u00a0komponentojn kun esceptaj surfacaj finadoj.<\/p>\n<ul>\n<li><strong>Tolerancoj:<\/strong>\u00a0Ni kutime atingas normojn ISO 8062 CT4-CT7.<\/li>\n<li><strong>Aplikoj:<\/strong>\u00a0Ideala por detalaj valvoj, maraj iloj, kaj dekoraciaj akcesora\u0135oj.<\/li>\n<li><strong>Materiala Efikeco:<\/strong>\u00a0Minimumigas materialan \u015dar\u011don kaj reduktas la bezonon de ampleksa sekundara ma\u015dinado.<\/li>\n<\/ul>\n<h3>Alta-Volumena Kupra \u015ctofo-Ka\u015dado<\/h3>\n<p>Kiam produktadrapideco kaj konstanteco estas \u0109efaj, nia\u00a0<strong>kupra \u015dtofo-ka\u015dado fabrikanto<\/strong>\u00a0kapabloj proponas efikan solvon. \u0108i tiu procezo estas optimumigita por alt-volumaj operacioj, liverante partojn kun alta dimensia stabileco kaj bonega surfaca kvalito. \u011ci estas la preferata metodo por produkti da\u016drajn komponantojn en grandaj kvantoj dum konservi koston-efikecon.<\/p>\n<h3>Sanda ver\u015dado por grandaj komponantoj<\/h3>\n<p>Por pli grandaj, pli pezaj kupro- kaj bronzaj partoj, ni uzas sanda ver\u015dadmetodojn. \u0108i tiu tradicia tekniko estas versatila kaj kosto-efika por produkti signifanajn komponantojn kie ultra-fina surfaca detalo estas malpli grava ol struktura integreco kaj grandeco. \u011ci ebligas ver\u015dadon de specifaj alojoj kiel tin-bronzo kaj aluminio-bronzo (C95800) en pli grandaj formatoj.<\/p>\n<h3>Rapida Prototipado &amp; Vaska \u015cablonoj<\/h3>\n<p>Ni akcelas produktan evoluon per rapida prototipado kaj preciza vaska \u015dablona kreado. Nia in\u011denieria teamo recenzas CAD-desegna\u0135ojn kaj specimenojn por liveri Feedback pri Dezajno por Produktado (DFM) anta\u016d ol komenci iladon.<\/p>\n<ul>\n<li><strong>Propraj \u015cablonoj:<\/strong>\u00a0Ni desegnas kaj fabrikas \u015dablonojn en-house por certigi precizecon.<\/li>\n<li><strong>Fleksebleco:<\/strong>\u00a0Ni akceptas flekseblajn Minimuma Mendo Kvantojn (MMQ), subtenante amba\u016d piloto-\u015dtatojn kaj plenan skalon de produktado.<\/li>\n<\/ul>\n<h2>Brasa &amp; Kupra Alojoj Ni Laboras Kun<\/h2>\n<p><img loading=\"lazy\" decoding=\"async\" class=\"alignnone size-medium wp-image-1584\" src=\"https:\/\/haoyumaterial.com\/wp-content\/uploads\/2026\/01\/brass-casting-service-225x300.jpeg\" alt=\"\" width=\"225\" height=\"300\" srcset=\"https:\/\/haoyumaterial.com\/wp-content\/uploads\/2026\/01\/brass-casting-service-225x300.jpeg 225w, https:\/\/haoyumaterial.com\/wp-content\/uploads\/2026\/01\/brass-casting-service-768x1024.jpeg 768w, https:\/\/haoyumaterial.com\/wp-content\/uploads\/2026\/01\/brass-casting-service-9x12.jpeg 9w, https:\/\/haoyumaterial.com\/wp-content\/uploads\/2026\/01\/brass-casting-service-600x800.jpeg 600w, https:\/\/haoyumaterial.com\/wp-content\/uploads\/2026\/01\/brass-casting-service.jpeg 1080w\" sizes=\"auto, (max-width: 225px) 100vw, 225px\" \/><\/p>\n<p>En Haoyu Material, nia\u00a0<strong>kuprofandadservon<\/strong>\u00a0kovras lar\u011dan spektron de kupro-bazitaj alojoj adaptitaj por plenumi specifajn mekanikajn kaj medi-ajn postulojn. Ni komprenas ke elekti la \u011dustan materialon estas kritika por parto rendimento, \u0109u vi bezonas altan konduktecon, superan korodon reziston, a\u016d specifan estetikan finon.<\/p>\n<h3>Flava Braso &amp; Ru\u011da Braso Opcioj<\/h3>\n<p>Ni ofte produktas\u00a0<strong>C36000 brason partojn<\/strong>\u00a0(Flava Braso) por komponantoj postulas ampleksajn sekundarajn operaciojn. Konata pro \u011dia bonega ma\u015dinebleco, C36000 ebligas altrapidan precizan turnadon kaj frezadon, farante \u011din ideala por kompleksa hardvaro.<\/p>\n<p>Por plumbaj kaj fluida traktado aplikoj, ni rekomendas Ru\u011dan Brason (kutime C83600). \u0108i tiu alojo estas la industrio-norma por fabrikado de da\u016draj\u00a0<a href=\"https:\/\/haoyumaterial.com\/eo\/valve-castings-manufacturer-custom-oem-valve-bodies\/\">la\u016dmendajn OEM-valvokorpojn<\/a>\u00a0pro \u011dia eksepsia koroda rezisto kaj premo-\u015dlosila\u0135o.<\/p>\n<h3>Alta-Forta Silicia Bronz<\/h3>\n<p>Por peza\u0135aj aplikoj, niaj\u00a0<strong>bronzaj ver\u015daj servoj<\/strong>\u00a0etendi\u011das al alta-forta alojoj kiel Silicia Bronz kaj Aluminia Bronz (C95800). \u0108i tiuj materialoj ofertas stre\u0109an forton similan al meza-karbona \u015dtofo dum konservado de la natura koroda rezisto atendata de\u00a0<strong>kupra alia\u0135a fandado<\/strong>. Ili estas la \u0109efa elekto por maraj iloj, pumpilaj komponantoj, kaj partoj ekspoziciitaj al salakva medio.<\/p>\n<h3>Senplumba Ekologia Brando<\/h3>\n<p>Por plenumi striktajn Usonajn akvokondutajn regularojn kaj mediummonitorajn regularojn (kiel Kalifornia Prop 65), ni provizas senplumbajn bronzajn alternativo. \u0108i tiuj alojoj certigas konformon por potablaj akvosistemoj kaj konsumvaroj sen kompromiti la ver\u015daneblecon a\u016d da\u016drecon postulatan por industriaj uzoj.<\/p>\n<h3>Propraj Aloykompona\u0135oj<\/h3>\n<p>Ni ne limi\u011das al normaj katalogaj opcioj. Se via in\u011deniera teamo postulas specifan kemian kompona\u0135on, ni povas \u011dustigi la fandadon por plenumi viajn precizajn specifojn. Ni kontrolas \u0109iun partion uzante spektrometran analizon por certigi, ke la materialaj propra\u0135oj perfekte kongruas kun viaj dezajnpostuloj.<\/p>\n<p><strong>Komunaj Kupro- kaj Bronzaj Aloj:<\/strong><\/p>\n<div class=\"table-responsive\">\n<table class=\"table\">\n<thead>\n<tr>\n<th>Aloja Grado<\/th>\n<th>Tipo<\/th>\n<th>\u0108efa Trajto<\/th>\n<th>Tipa Apliko<\/th>\n<\/tr>\n<\/thead>\n<tbody>\n<tr>\n<td><strong>C36000<\/strong><\/td>\n<td>\u00a0 \u00a0 \u00a0 \u00a0 \u00a0 \u00a0 \u00a0 \u00a0Flava Kupro<\/td>\n<td>\u00a0 \u00a0 \u00a0 Bonega Ma\u015dinabileco<\/td>\n<td>\u00a0 \u00a0 \u00a0 \u00a0 \u00a0 \u00a0 \u00a0Fiksiloj, Akcesora\u0135oj, Radoj<\/td>\n<\/tr>\n<tr>\n<td><strong>C83600<\/strong><\/td>\n<td>\u00a0 \u00a0 \u00a0 \u00a0 \u00a0 \u00a0 \u00a0 \u00a0Ru\u011da Kupro<\/td>\n<td>\u00a0 \u00a0 \u00a0Koroda Rezisto<\/td>\n<td>\u00a0 \u00a0 \u00a0 \u00a0 \u00a0 Valvoj, Pompiloj, Pipo Fiksoj<\/td>\n<\/tr>\n<tr>\n<td><strong>C95800<\/strong><\/td>\n<td>\u00a0 \u00a0 \u00a0 \u00a0 \u00a0 Aluminiobronzo<\/td>\n<td>\u00a0 \u00a0Alta Tensila Forto<\/td>\n<td>\u00a0 \u00a0 \u00a0 \u00a0 Maraj Propelleroj, Ruliloj<\/td>\n<\/tr>\n<tr>\n<td><strong>C87300<\/strong><\/td>\n<td>\u00a0 \u00a0 \u00a0 \u00a0 \u00a0 Silicio Bronzon<\/td>\n<td>\u00a0 \u00a0Veturrezista<\/td>\n<td>\u00a0 \u00a0 \u00a0 \u00a0 Elektraj Aparataroj, Dekoraciaj<\/td>\n<\/tr>\n<\/tbody>\n<\/table>\n<\/div>\n<h2>Sekundaraj Operacioj: Ma\u015dinado &amp; Finado<\/h2>\n<p><img loading=\"lazy\" decoding=\"async\" class=\"alignnone  wp-image-1587\" src=\"https:\/\/haoyumaterial.com\/wp-content\/uploads\/2026\/01\/brass-casting-300x225.jpeg\" alt=\"\" width=\"511\" height=\"383\" srcset=\"https:\/\/haoyumaterial.com\/wp-content\/uploads\/2026\/01\/brass-casting-300x225.jpeg 300w, https:\/\/haoyumaterial.com\/wp-content\/uploads\/2026\/01\/brass-casting-1024x768.jpeg 1024w, https:\/\/haoyumaterial.com\/wp-content\/uploads\/2026\/01\/brass-casting-768x576.jpeg 768w, https:\/\/haoyumaterial.com\/wp-content\/uploads\/2026\/01\/brass-casting-16x12.jpeg 16w, https:\/\/haoyumaterial.com\/wp-content\/uploads\/2026\/01\/brass-casting-600x450.jpeg 600w, https:\/\/haoyumaterial.com\/wp-content\/uploads\/2026\/01\/brass-casting.jpeg 1440w\" sizes=\"auto, (max-width: 511px) 100vw, 511px\" \/><\/p>\n<p>Akiri krudan fanditan parton ofte estas nur la unua pa\u015do. Por transformi krudan fandadon en funkcia komponanto, ni provizas ampleksajn sekundarajn operaciojn rekte \u0109e nia instala\u0135o. Kiel plena-serva\u00a0<strong>kuprofandadservon<\/strong>, ni integras la fandadprocezon kun preciza ma\u015dinado kaj progresinta finado por liveri pretajn-pagajn partojn, \u015dparante vin la \u011denon de administrado de pluraj vendistoj.<\/p>\n<h3>En-House CNC-Ma\u015dinadaj Servoj<\/h3>\n<p>Por komponantoj postulas striktajn toleradojn, kiujn sola fandado ne povas atingi, ni utiligas niajn en-husajn CNC-eblojn. \u0108u temas pri turnado, frezado a\u016d borado, ni certigas ke via\u00a0<strong>CNC-ma\u015dinitaj fandadoj<\/strong>\u00a0pleni\u011du precize al specifoj, kun toleradoj \u011dis \u00b10.01mm. \u0108i tiu integri\u011dinta aliro ebligas al ni frue kapti potencialajn dezajnajn problemojn kaj certigas ke la transiro de kruda metalo al finita parto estas senjunta.<\/p>\n<h3>Surfaca Polurado &amp; Spegula Finadoj<\/h3>\n<p>Kupro kaj bronzo ofte estas elektitaj pro ilia estetika allogo, precipe en arkitekturo kaj maraj aplikoj. Ni proponas ampleksan\u00a0<strong>surfacan finadon por kupro<\/strong>, intervalante de normala sablajado por forigi formadmarkojn \u011dis alta-enda spegula polurado por ornamaj iloj. Nia teamo certigas ke la surfaca teksturo kongruas kun viaj specifaj vidaj postuloj.<\/p>\n<h3>Platingo &amp; PVD-Kovrado<\/h3>\n<p>Por plibonigi da\u016dremecon kaj korozia rezisto, ni provizas diversajn industrio-kovradopciojn. Niaj kapabloj inkluzivas:<\/p>\n<ul>\n<li><strong>Elektroplating:<\/strong>\u00a0Krom, nikelo, kaj zinko-platingo por eluzi\u011dorezisto.<\/li>\n<li><strong>Pulvorpentrado:<\/strong>\u00a0Da\u016draj kolorkovradoj por malfacilaj medioj.<\/li>\n<li><strong>Elektroforezo:<\/strong>\u00a0Uniformaj kovra\u0135oj por kompleksaj geometrioj.<\/li>\n<\/ul>\n<p>\u0108i tiuj traktadoj protektas la subestan metalon dum atingi la specifan aspekton postulatan por via\u00a0<strong>OEM metalproduktado<\/strong>\u00a0projektoj.<\/p>\n<h3>Pasivigo &amp; Anti- Tarnish Traktadoj<\/h3>\n<p>\u0108ar kupro nature oksidi\u011das dum tempo, ni apliki pasivigon kaj anti-tarnish traktadojn por plilongigi la da\u016dron kaj aspekton de viaj komponantoj. Ni kontrolas la integrecon de \u0109i tiuj finaj\u0135oj per nia rigora\u00a0<a href=\"https:\/\/haoyumaterial.com\/eo\/technology\/testing-and-quality\/\">testado kaj kvalita garantio-protokoloj<\/a>, certigante ke \u0109iu partio plenumas industrio-normojn anta\u016d ol \u011di forlasas nian fabrikon.<\/p>\n<h2>Kvalito-Asertado &amp; Inspektaj Normoj<\/h2>\n<p><img loading=\"lazy\" decoding=\"async\" class=\"alignnone  wp-image-1588\" src=\"https:\/\/haoyumaterial.com\/wp-content\/uploads\/2026\/01\/brass-casting-service-300x173.png\" alt=\"\" width=\"640\" height=\"369\" srcset=\"https:\/\/haoyumaterial.com\/wp-content\/uploads\/2026\/01\/brass-casting-service-300x173.png 300w, https:\/\/haoyumaterial.com\/wp-content\/uploads\/2026\/01\/brass-casting-service-768x444.png 768w, https:\/\/haoyumaterial.com\/wp-content\/uploads\/2026\/01\/brass-casting-service-18x10.png 18w, https:\/\/haoyumaterial.com\/wp-content\/uploads\/2026\/01\/brass-casting-service-600x347.png 600w, https:\/\/haoyumaterial.com\/wp-content\/uploads\/2026\/01\/brass-casting-service.png 976w\" sizes=\"auto, (max-width: 640px) 100vw, 640px\" \/><\/p>\n<p>En Haoyu Material, ni traktas kvaliton kiel la fundamenton de nia\u00a0<strong>kuprofandadservon<\/strong>. Ni komprenas ke por Usono fabrikantoj, parto-fideleco estas ne-negociebla. Nia instala\u0135o funkcias sub striktaj\u00a0<strong>ISO 9001 atestitaj procezoj<\/strong>, certifikitaj procezoj.<\/p>\n<p>certifikitaj procezoj<\/p>\n<ul>\n<li><strong>certifikitaj procezoj<\/strong>\u00a0certifikitaj procezoj\u00a0<a href=\"https:\/\/haoyumaterial.com\/eo\/alloy-cast-steel-factory-capabilities-processes-and-quality\/\">certifikitaj procezoj<\/a>.<\/li>\n<li><strong>CMM Dimensia Testado:<\/strong>\u00a0Ni uzas Koordinata Mezuriloj (CMM) por validigi kritikajn toleradojn kontra\u016d viaj CAD-eldona\u0135oj. \u0108i tio certigas ke ma\u015dinitaj verkoj ta\u016dgas por via kunmeto perfekte \u0109iufoje.<\/li>\n<li><strong>Nekontra\u016da Testado (NDT) &amp; X-Radio:<\/strong>\u00a0Por detekti internajn problemojn kiel porozo a\u016d \u015drumpado sen dama\u011di la parton, ni uzas X-Radion kaj kolorigitan penetran testadon. \u0108i tio estas grava por premo-\u015dirmitaj valvoj kaj maraj iloj kie struktura integreco estas \u0109efa.<\/li>\n<\/ul>\n<h2>Industrioj Servitaj de Vastmaterialo<\/h2>\n<p><img loading=\"lazy\" decoding=\"async\" class=\"alignnone  wp-image-1589\" src=\"https:\/\/haoyumaterial.com\/wp-content\/uploads\/2026\/01\/machining-beryllium-copper-1-300x246.png\" alt=\"\" width=\"472\" height=\"387\" srcset=\"https:\/\/haoyumaterial.com\/wp-content\/uploads\/2026\/01\/machining-beryllium-copper-1-300x246.png 300w, https:\/\/haoyumaterial.com\/wp-content\/uploads\/2026\/01\/machining-beryllium-copper-1-15x12.png 15w, https:\/\/haoyumaterial.com\/wp-content\/uploads\/2026\/01\/machining-beryllium-copper-1.png 331w\" sizes=\"auto, (max-width: 472px) 100vw, 472px\" \/><\/p>\n<p>Ni liveras alt-precizajn\u00a0<strong>kuprofandadservon<\/strong>\u00a0solvojn tra sektoroj kiuj postulas da\u016dremecon, konduktecon, kaj precizajn specifojn. Nia instala\u0135o adapti\u011das al la unike postuloj de \u0109iu industrio, certigante ke \u0109iu komponanto plenumas striktajn funkciajn kaj estetajn normojn.<\/p>\n<h3>Plumbo, HVAC &amp; Valvokomponentoj<\/h3>\n<p>En la flua traktad sektoro, nepermebla agado estas ne-negociinda.\u00a0<strong>ni fabrikas robustajn<\/strong>, brasa valvajn komponantojn\u00a0<strong>precizan investan fandadon<\/strong>\u00a0, pumpokapsulojn, kaj tubajn akcesora\u0135ojn desegnitajn por elteni altan premon kaj temperaturo\u015dan\u011dojn.<\/p>\n<ul>\n<li><strong>Aplikoj:<\/strong>\u00a0nia.<\/li>\n<li><strong>Materialoj:<\/strong>\u00a0proceso certigas glatajn internajn kanalojn kaj stre\u0109ajn sigelajn surfacojn, reduktante la bezonon de ampleksa sekundara ma\u015dinado.<\/li>\n<\/ul>\n<h3>Pilkvalvoj, pordvalvoj, kranoj, kaj fajroprotektaj akcesora\u0135oj.<\/h3>\n<p>Plumbita braso (C83600, C84400) por bonega ma\u015dinado kaj premo-\u015dtopi\u011do.\u00a0<strong>industria\u0135a fandado provizanto<\/strong>, ni uzas specialajn alojojn kiel Aluminiobronzo kaj Siliciobronzo por produkti margrada \u015dra\u016dbo. \u0108i tiuj partoj ofertas superan forton kaj longda\u016drecon por amba\u016d subakvaj kaj dekaj aplikoj.<\/p>\n<ul>\n<li><strong>Produktoj:<\/strong>\u00a0Propelleroj, klemiloj, blokoj, kaj tra-\u015dipoj kunmetitaj partoj.<\/li>\n<li><strong>Avanta\u011do:<\/strong>\u00a0Alta rezisto al truado, biofouling, kaj stre\u0109a koroda krakado.<\/li>\n<\/ul>\n<h3>Elektraj konektantoj &amp; terminaloj<\/h3>\n<p>Elektraj aplikoj postulas altan konduktecon kaj dimensi\u011dan precizecon. Nia\u00a0<strong>kupra alia\u0135a fandado<\/strong>\u00a0kapabloj ebligas nin produkti kompleksajn geometriojn por potenco transdono kaj distribua ekipa\u0135o. Ni certigas materialan purecon por konservi optimuman elektran rendimenton por \u015daltilkomponentoj, grundojklamoj, kaj pezaj terminaloj.<\/p>\n<h3>Arkitektura &amp; Dekora Hardware<\/h3>\n<p>Por arkitektaj projektoj, la vida fini\u011do estas same grava kiel struktura integreco. Ni servas kiel\u00a0<strong>personigita kuprofanda\u0135ejo<\/strong>\u00a0por desegnistoj kaj konstruistoj bezonantaj ornamajn metallaborojn. De pordaj hardware \u011dis kutimaj lumiloj, ni provizas partojn pretajn por altkvalitaj\u00a0<strong>surfacan finadon por kupro<\/strong>, kiel spegula poluro, satina fini\u011do, a\u016d antikva patino.<\/p>\n<h2>Kial Kunlabori Kun Vastmaterial?<\/h2>\n<p>Elekti la \u011dustan\u00a0<strong>industria\u0135a fandado provizanto<\/strong>\u00a0temas pli ol nur trovi fandistaron; temas pri akiri partneron kiu komprenas vian tempoplanon kaj kvalitanajn postulojn. Kiel \u0109efa\u00a0<strong>kuprofandadservon<\/strong>, ni integros in\u011denieran sperton kun fabrikada povo por liveri konsekvencajn rezultojn por Usono-bazitaj klientoj. Ni prenas la pezan laboron por ke vi povu fokusi\u011di al via merkato.<\/p>\n<h3>Projektado por Produktado (DFM) Subteno<\/h3>\n<p>Ni ne nur prenas viajn desegna\u0135ojn kaj ver\u015das metalon; ni optimumigas ilin. Nia in\u011denieria teamo faras detalan Projektadon por Produktado (DFM)-kontrolon anta\u016d ol iu ajn produktado komenci\u011das. Ni analizas viajn CAD-dosierojn por identigi potencialajn ver\u015dajn difektojn, sugesti toleranconajn \u011dustigojn, kaj redukti materialan mal\u015dparadon. \u0108i tiu proaktiva aliro certigas ke viaj\u00a0<strong>OEM metalproduktado<\/strong>\u00a0projektoj estas kost-efikaj kaj strukture fortaj de la unua ver\u015do.<\/p>\n<h3>En-House Moldo Farado &amp; Ilaro<\/h3>\n<p>Kontrolo super la ilara procezo estas kritika por precizeco. Male al butikoj kiuj ekstere produktas moldojn, ni funkciigas dedi\u0109itan en-husan ilaran laborejon. Tio ebligas al ni:<\/p>\n<ul>\n<li><strong>Redukti Gvidajn Temojn:<\/strong>\u00a0Ni forigas semajnojn de la horaro per desegnado kaj ma\u015dinado de moldoj surloke.<\/li>\n<li><strong>Certigi Precizecon:<\/strong>\u00a0Taga tuj feedback inter la teamoj de moldado kaj iloj garantias striktajn toleradojn.<\/li>\n<li><strong>Kostoj malpli:<\/strong>\u00a0Eliminado de tria-partia merkatoj konservas vian komencan investon konkurenciva.<\/li>\n<\/ul>\n<h3>Tutmonda Logistiko &amp; Sekura Sendado<\/h3>\n<p>Ni komprenas ke granda parto estas senutila se \u011di alvenas malfrue a\u016d dama\u011dita. Ni establis fortajn logistikan kanalojn por certigi sekuran liveradon de nia fabriko al via dokado. \u0108u vi bezonas aeron por ur\u011daj prototipoj a\u016d maran \u015dar\u011don por alta volumeno de kontejneroj, ni administras la dokumentadon, paka\u0135on kaj sendadkoordigon. Nia paka\u0135o estas desegnita por malhelpi korodon kaj fizikan dama\u011don dum transporto, certigante ke viaj kupraj komponantoj alvenas pretaj por la muntado.<\/p>\n<h2>Oftaj Demandoj (OD)<\/h2>\n<h3>Normaj Lead Tempoj por Ekzempleroj<\/h3>\n<p>Tempa al merkato estas kritika por niaj klientoj. Por norma\u00a0<strong>kuprofandadservon<\/strong>\u00a0projekto, la horaro kutime komenci\u011das kun la kreado de iloj, kiu prenas \u0109irka\u016d\u00a0<strong>15 \u011dis 20 tagoj<\/strong>\u00a0depende de la komplekseco. Post kiam la \u015dablono estas preta, ni \u011denerale postulas alian\u00a0<strong>5 \u011dis 10 tagojn<\/strong>\u00a0por produkti kaj inspekti inicialajn specimenojn. Se vi havas ur\u011dajn limdatojn, ni povas diskuti rapidajn opciojn por rapida prototipado kaj \u015dtampado por akiri partojn pli rapide en viajn manojn.<\/p>\n<h3>Minimuma Mendo Kvanto (MOQ) Politiko<\/h3>\n<p>Ni ne devigas rigidajn minimumojn kiuj haltigas produktan evoluon. Kiel fleksebla\u00a0<strong>personigita kuprofanda\u0135ejo<\/strong>, ni subtenas:<\/p>\n<ul>\n<li><strong>Prototipoj:<\/strong>\u00a0Unuopa\u0135ajn mendojn por valida\u0135i dezajnojn.<\/li>\n<li><strong>Malgrandaj Kvantoj:<\/strong>\u00a0Malaltaj volumaj kuradoj por merkata testado.<\/li>\n<li><strong>Kolektiva Produktado:<\/strong>\u00a0Alta-volumaj produktado por establitaj produktoj.<\/li>\n<\/ul>\n<h3>Harmonio kun Personigitaj Surfaj Finioj<\/h3>\n<p>Atingi \u011dustan aspekton estas same grava kiel la struktura integreco de la parto. Ni provizas ampleksan\u00a0<a href=\"https:\/\/haoyumaterial.com\/eo\/services\/surface-treatment\/\">surfaca traktado-servoj<\/a>\u00a0por plenumi specifajn estetajn postulojn. \u0108u vi bezonas spegule poluritan finon por maraj aparatoj a\u016d specifan PVD-kovra\u0135on por arkitekturaj elementoj, ni povas harmonii viajn fizikajn specimenojn a\u016d kolorajn kodojn. Nia teamo certigas ke la fina teksturo kaj brilo perfekte kongruas kun viaj dezajnaj specifoj.<\/p>\n<h3>Materialaj Atestaj Raportoj (Mila Atestiloj)<\/h3>\n<p>Kvalita travidebleco estas ne-negociinda. Kun \u0109iu \u015dar\u011do, ni provizas plenan.\u00a0<strong>Materialaj Testraportoj (MTRoj)<\/strong>. \u0108i tiuj dokumentoj konfirmas la kemian kompona\u0135on kaj mekanikajn propra\u0135ojn de la uzata alojo, certigante konformon kun ASTM, DIN, a\u016d ISO-normoj. Vi ricevos pruvon ke viaj partoj estas faritaj la\u016d la preciza specifo de braso a\u016d bronzo petita, kiel C36000 a\u016d C87300.<\/p>","protected":false},"excerpt":{"rendered":"<p>Vastmaterial offers precision brass casting service with custom alloys CNC machining and strict ISO quality standards for prototypes to mass [&hellip;]<\/p>\n","protected":false},"featured_media":1586,"comment_status":"open","ping_status":"closed","template":"","meta":{"site-sidebar-layout":"default","site-content-layout":"","ast-site-content-layout":"default","site-content-style":"default","site-sidebar-style":"default","ast-global-header-display":"","ast-banner-title-visibility":"","ast-main-header-display":"","ast-hfb-above-header-display":"","ast-hfb-below-header-display":"","ast-hfb-mobile-header-display":"","site-post-title":"","ast-breadcrumbs-content":"","ast-featured-img":"","footer-sml-layout":"","ast-disable-related-posts":"","theme-transparent-header-meta":"default","adv-header-id-meta":"","stick-header-meta":"","header-above-stick-meta":"","header-main-stick-meta":"","header-below-stick-meta":"","astra-migrate-meta-layouts":"set","ast-page-background-enabled":"default","ast-page-background-meta":{"desktop":{"background-color":"var(--ast-global-color-5)","background-image":"","background-repeat":"repeat","background-position":"center center","background-size":"auto","background-attachment":"scroll","background-type":"","background-media":"","overlay-type":"","overlay-color":"","overlay-opacity":"","overlay-gradient":""},"tablet":{"background-color":"","background-image":"","background-repeat":"repeat","background-position":"center center","background-size":"auto","background-attachment":"scroll","background-type":"","background-media":"","overlay-type":"","overlay-color":"","overlay-opacity":"","overlay-gradient":""},"mobile":{"background-color":"","background-image":"","background-repeat":"repeat","background-position":"center center","background-size":"auto","background-attachment":"scroll","background-type":"","background-media":"","overlay-type":"","overlay-color":"","overlay-opacity":"","overlay-gradient":""}},"ast-content-background-meta":{"desktop":{"background-color":"var(--ast-global-color-4)","background-image":"","background-repeat":"repeat","background-position":"center center","background-size":"auto","background-attachment":"scroll","background-type":"","background-media":"","overlay-type":"","overlay-color":"","overlay-opacity":"","overlay-gradient":""},"tablet":{"background-color":"var(--ast-global-color-4)","background-image":"","background-repeat":"repeat","background-position":"center center","background-size":"auto","background-attachment":"scroll","background-type":"","background-media":"","overlay-type":"","overlay-color":"","overlay-opacity":"","overlay-gradient":""},"mobile":{"background-color":"var(--ast-global-color-4)","background-image":"","background-repeat":"repeat","background-position":"center center","background-size":"auto","background-attachment":"scroll","background-type":"","background-media":"","overlay-type":"","overlay-color":"","overlay-opacity":"","overlay-gradient":""}}},"product_brand":[],"product_cat":[25,26,27],"product_tag":[],"class_list":{"0":"post-1583","1":"product","2":"type-product","3":"status-publish","4":"has-post-thumbnail","6":"product_cat-copper-alloy","7":"product_cat-brass","8":"product_cat-bronze","9":"desktop-align-left","10":"tablet-align-left","11":"mobile-align-left","13":"first","14":"instock","15":"shipping-taxable","16":"product-type-simple"},"_links":{"self":[{"href":"https:\/\/haoyumaterial.com\/eo\/wp-json\/wp\/v2\/product\/1583","targetHints":{"allow":["GET"]}}],"collection":[{"href":"https:\/\/haoyumaterial.com\/eo\/wp-json\/wp\/v2\/product"}],"about":[{"href":"https:\/\/haoyumaterial.com\/eo\/wp-json\/wp\/v2\/types\/product"}],"replies":[{"embeddable":true,"href":"https:\/\/haoyumaterial.com\/eo\/wp-json\/wp\/v2\/comments?post=1583"}],"wp:featuredmedia":[{"embeddable":true,"href":"https:\/\/haoyumaterial.com\/eo\/wp-json\/wp\/v2\/media\/1586"}],"wp:attachment":[{"href":"https:\/\/haoyumaterial.com\/eo\/wp-json\/wp\/v2\/media?parent=1583"}],"wp:term":[{"taxonomy":"product_brand","embeddable":true,"href":"https:\/\/haoyumaterial.com\/eo\/wp-json\/wp\/v2\/product_brand?post=1583"},{"taxonomy":"product_cat","embeddable":true,"href":"https:\/\/haoyumaterial.com\/eo\/wp-json\/wp\/v2\/product_cat?post=1583"},{"taxonomy":"product_tag","embeddable":true,"href":"https:\/\/haoyumaterial.com\/eo\/wp-json\/wp\/v2\/product_tag?post=1583"}],"curies":[{"name":"wp","href":"https:\/\/api.w.org\/{rel}","templated":true}]}}