{"id":1609,"date":"2026-01-31T09:52:25","date_gmt":"2026-01-31T01:52:25","guid":{"rendered":"https:\/\/haoyumaterial.com\/?post_type=product&#038;p=1609"},"modified":"2026-01-31T09:52:25","modified_gmt":"2026-01-31T01:52:25","slug":"precision-machinery-casting-services-custom-oem-parts-by-vastmaterial","status":"publish","type":"product","link":"https:\/\/haoyumaterial.com\/eo\/product\/precision-machinery-casting-services-custom-oem-parts-by-vastmaterial\/","title":{"rendered":"Precizeca Ma\u015dinaro Kastingaj Servoj Propraj OEM Partoj de Vastmaterialo"},"content":{"rendered":"<p>Vastmaterial ofertas precizan ma\u015dina\u0135an \u015dtofo kun ISO-atestitaj procezoj, propraj OEM-partoj por agrikulturo, konstruado kaj industrio.<\/p>\n<h2>Ma\u015dina\u0135a \u015ctofo-Kapabloj<\/h2>\n<p>Se vi funkcias en alt-efikaj sektoroj kiel minado, cemento a\u016d elektro-generado, ofte mankas al la venditaj partoj por plenumi la postulojn de la laboro. Tie eniras nia\u00a0<strong>ma\u015dina\u0135a \u015dtofo<\/strong>\u00a0ekspertizo. Ni ne estas nur provizanto; ni estas rekte fabrikanto kaj fandado dedi\u0109ita al in\u011denierado de alt-efikecaj,\u00a0<strong>veterrezistaj<\/strong>, kaj varmrezistaj komponantoj desegnitaj por elteni ekstremajn industrio-\u0109irka\u016da\u0135ojn.<\/p>\n<p>Nia instala\u0135o estas konstruita por trakti la rigorajn postulojn de\u00a0<strong>industria metala formado<\/strong>, interligi la diferencon inter krudaj in\u011denieraj desegnoj kaj finitaj, da\u016draj partoj. Ni fokusas pri redukto de via malrapidi\u011do per produktado\u00a0<strong>peza ekipa\u0135a vergoj<\/strong>\u00a0kiuj ofertas superan longvivecon kompare kun normaj merkataj opcioj. \u0108u vi bezonas krusorajn partojn, muelilajn tavolojn a\u016d forno-komponentojn, nia produktadlinio estas optimumigita por amba\u016d precizeco kaj volumeno.<\/p>\n<h3>Core Foundry Strengths<\/h3>\n<p>Ni subtenas nian produktadon per enga\u011di\u011do al kvalito kaj metalurgia precizeco:<\/p>\n<ul>\n<li><strong>Propraj OEM-ma\u015dinaraj Partoj:<\/strong>\u00a0Ni fabrikas strikte la\u016d via teknika desegno, certigante ke \u0109iu dimensio ta\u016dgas por viaj specifaj ma\u015dinaraj bezonoj.<\/li>\n<li><strong>Materiala versatileco:<\/strong>\u00a0Nia fundejo speciali\u011das en\u00a0<strong>Alta Kromo Gaso-\u0108a\u0125o<\/strong>,\u00a0<strong>Manganes\u015ctalo<\/strong>, kaj Varmaresistanta Aloja \u015ctalo por kongrui kun viaj specifaj operaciaj kondi\u0109oj.<\/li>\n<li><strong>ISO 9001 Atestita \u015ctampado:<\/strong>\u00a0\u0108iu pa\u015do, de \u015dablona farado \u011dis fina varmotraktado, estas regata de striktaj kvalitaj kontrolprotokoloj por certigi strukturan integrecon kaj konstantan malmolecon.<\/li>\n<li><strong>Rekta Produktado:<\/strong>\u00a0Per elimino de meza\u0135istoj, ni provizas kost-efikajn solvojn por\u00a0<strong>kutimaj ma\u015dinaraj komponantoj<\/strong>\u00a0sen kompromiti pri materiala grado a\u016d rendimento.<\/li>\n<\/ul>\n<h2>\u015ctoftaj Procezoj Ni Uzadas<\/h2>\n<p>Ni uzas specifajn \u015dtoftajn teknikojn adaptitajn al la grandeco, komplekseco, kaj materialaj postuloj de via\u00a0<strong>ma\u015dina\u0135a \u015dtofo<\/strong>\u00a0projekto. Nia instala\u0135o estas ekipita por trakti \u0109ion de masivaj uzaj komponantoj \u011dis kompleksaj precizaj partoj, certigante ke ni kongruas la \u011dustan procezon al via specifa industria apliko.<\/p>\n<h3>Sanda \u015ctofto por Pezaj Ekipa\u0135oj<\/h3>\n<p>Por grand-skala industriaj komponantoj kiel krampaj manteloj, bovloj, kaj molaj linioj, ni dependas de niaj\u00a0<strong>sanda \u015dtofta fandado-fabrikoj<\/strong>\u00a0kapabloj. \u0108i tiu metodo estas ideala por produkti pezajn, dikajn-walajn partojn uzante alt-kromian feron kaj manganan \u015dtonon. \u011ci ofertas kost-efikan vojon por produkti masivajn\u00a0<strong>peza ekipa\u0135a vergoj<\/strong>\u00a0sen sacrifici strukturajn integrecojn.<\/p>\n<h3>Preciza Investa Ver\u015dado<\/h3>\n<p>Kiam via ma\u015dinaro postulas striktajn toleradojn kaj glatajn surfacajn finadojn, ni uzas la\u00a0<strong>perdan cindradon<\/strong>.\u00a0<strong>Precizan investan fandadon<\/strong>\u00a0permesas al ni produkti kompleksajn geometriojn kiuj estus malfacilaj a\u016d neeblaj atingi per norma ma\u015dinado. \u0108i tio estas nia \u0109efa metodo por kompleksaj alojo-\u015dtala\u0135oj kie dimensia precizeco estas kritika. Por pli profunda kompreno pri kiel ni kongruigas materialojn al metodoj, vi povas legi nian\u00a0<a href=\"https:\/\/haoyumaterial.com\/eo\/alloy-casting-co-inc-guide-to-processes-alloys-and-uses\/\">gvidon al fandaj procezoj kaj alojoj<\/a>.<\/p>\n<h3>\u015celma\u015dina fandado<\/h3>\n<p>Ni anka\u016d proponas \u015delma\u015dinan fandadon kiel mezan solvon, provizante pli bonan surfacan finon kaj dimensian precizecon ol verda sablo-fandado. \u0108i tiu procezo estas bonega por mez-grandaj\u00a0<strong>kustomizitaj OEM-ma\u015dinpartoj<\/strong>\u00a0kiuj bezonas altan fidelecon al la originala dezajno. Per integri\u011do\u00a0<a href=\"https:\/\/haoyumaterial.com\/eo\/advanced-casting-technology-for-improved-foundry-yield-and-metal-purity\/\">progresa\u0135a fandadoteknologio<\/a>, ni certigas ke \u0109iu el\u0135eto rezultas en defekt-libera komponento preta por la plej severaj medioj.<\/p>\n<h2>Materiala Ekspertizo por Ma\u015dinaraj Partoj<\/h2>\n<p>Elekti la \u011dustan aloion estas kritika por la da\u016dro kaj agado de la komponento. Ni provizas ampleksan gamon de materialaj opcioj adaptitaj al specifaj industriaj medioj, de alt-impakto krusaj zonoj \u011dis alt-temperaturofurnoj. Nia fandado adapti\u011das al la metalo por plenumi viajn precizajn mekanikajn postulojn.<\/p>\n<h3>Feraj Metalaj Opcioj<\/h3>\n<p>Nia \u0109efa forto ku\u015das en feraj metaloj desegnitaj por ekstreme da\u016dreco. Ni speciali\u011das en\u00a0<strong>\u015dtala aloia ma\u015dinaro<\/strong>\u00a0kiu eltenas severan abra\u0135on kaj termikan stre\u0109on.<\/p>\n<ul>\n<li><strong>A\u016dd-Resistaj Alojoj:<\/strong>\u00a0Niuzas High Chromium Cast Iron (Cr15, Cr26) kaj Manganese Steel (Mn13, Mn18Cr2) por partoj postulas eksterordinaran malmolecon kaj fortikecon.<\/li>\n<li><strong>Varma Resista Stalo:<\/strong>\u00a0Por medioj alfrontantaj ekstrema\u0135an varmeco, ni ver\u015das uzante gradojn kiel 310S kaj Cr25Ni20 por eviti termikan lacecon.<\/li>\n<li><strong>Fanditaj Fandadoj:<\/strong>\u00a0Ni produktas\u00a0<strong>malmola feraj ma\u015dinaroj komponentoj<\/strong>\u00a0kaj griza feraj partoj, provizante bonegan ma\u015dineblecon kaj vibradan malkreskon por pezaj ekipa\u0135aj bazoj.<\/li>\n<\/ul>\n<h3>Specializitaj Aloj Kapabloj<\/h3>\n<p>Preter normala feraj kaj \u015dtalaj materialoj, ni projektas kompleksajn materialajn solvojn por unikaj aplikoj. \u0108i tio inkluzivas bimetalajn kompona\u0135ojn kiuj kombinas malmolan bazon kun malmola uzado surfaco. Por projektoj postulantaj specifajn kemiajn komponadojn, kiel\u00a0<a href=\"https:\/\/haoyumaterial.com\/eo\/vara-kategorio\/high-temperature-alloy\/chromium-cobalt-molybdenum\/\">kripono-kobalto-molibdenaj alojoj<\/a>, ni certigas precizan sekvon al metalurgia normoj por liveri\u00a0<strong>alt-tensila forto vergojn<\/strong>\u00a0kiuj funkcias fidinde sub premo.<\/p>\n<h2>Industriaj Aplikoj de Niaj Vergoj<\/h2>\n<p>Ni projektas niajn ma\u015dinarajn vergo-solvojn por funkcii en la plej postulemaj medioj. \u0108u temas pri manipulado de abrazivaj materialoj a\u016d rezistado al ekstremaj termikaj cikloj, niaj komponantoj estas desegnitaj por redukti prizorgadon kaj plilongigi la servoda\u016dron de ekipa\u0135o. Per uzado de alt-efikecaj alojoj kiel Alta Kromo-Vergo kaj Mangano-\u015ctalo, ni provizas\u00a0<strong>peza ekipa\u0135a vergoj<\/strong>\u00a0kiuj konservas vian operacion glate funkcianta.<\/p>\n<p>Nia fandado servas diversajn sektorojn kun\u00a0<strong>kustomizitaj OEM-ma\u015dinpartoj<\/strong>:<\/p>\n<ul>\n<li><strong>Minejo &amp; Kvartalado:<\/strong>\u00a0Tio estas nia kerna sperto. Ni fabrikas kritikajn eluzajn partojn por kribriloj kaj mueliloj, inkluzive de manteloj, bovlojn, kaj muelajn mediatojn. Tiuj\u00a0<strong>minada ma\u015dinaro \u015dtofoj<\/strong>\u00a0estas konstruitaj por supervivi alt-efikan kaj alt-abradadan kondi\u0109ojn.<\/li>\n<li><strong>Konstrua\u0135o &amp; Cemento:<\/strong>\u00a0De ekskavatoraj eluzaj komponantoj \u011dis kilnaj partoj, niaj\u00a0<strong>konstrua\u0135aj ekipa\u0135aj partoj<\/strong>\u00a0provizas la da\u016drecon bezonatan \u0109e la laborloko. Ni anka\u016d provizas varm-rezistajn gratajn stangojn kaj trabojn por cementfabrikejoj.<\/li>\n<li><strong>Agrikulturo:<\/strong>\u00a0Ni produktas\u00a0<strong>kamparaj ma\u015dinaroj fandadoj<\/strong>\u00a0desegnitaj por rezisti grubon de grundo kaj efikon, certigante fidindan rendimenton por kultivado kaj rikolto-ekipa\u0135oj.<\/li>\n<li><strong>A\u016dtomobilaj &amp; \u011ceneralaj Industrioj:<\/strong>\u00a0Tra nia\u00a0<a href=\"https:\/\/haoyumaterial.com\/eo\/services\/precision-casting\/\">precizecaj \u015dtofadservoj<\/a>, ni liveras kompleksajn, alt-tolerancon komponentojn adaptitajn al specifaj a\u016dtomobilaj kaj industriaj dezajnoj.<\/li>\n<\/ul>\n<p>Ni laboras rekte de viaj teknikaj desegnoj por liveri\u00a0<strong>industria metala formado<\/strong>\u00a0solvojn kiuj kongruas kun viaj precizaj specifoj, forigante la bezonon de multekostaj meza\u0135istoj.<\/p>\n<h2>Teknikaj Specifoj &amp; Toleranco Normoj<\/h2>\n<p><img loading=\"lazy\" decoding=\"async\" class=\"wp-image-1611\" src=\"https:\/\/haoyumaterial.com\/wp-content\/uploads\/2026\/01\/machinery-casting-300x225.jpg\" alt=\"\" width=\"436\" height=\"327\" srcset=\"https:\/\/haoyumaterial.com\/wp-content\/uploads\/2026\/01\/machinery-casting-300x225.jpg 300w, https:\/\/haoyumaterial.com\/wp-content\/uploads\/2026\/01\/machinery-casting-1024x768.jpg 1024w, https:\/\/haoyumaterial.com\/wp-content\/uploads\/2026\/01\/machinery-casting-768x576.jpg 768w, https:\/\/haoyumaterial.com\/wp-content\/uploads\/2026\/01\/machinery-casting-1536x1152.jpg 1536w, https:\/\/haoyumaterial.com\/wp-content\/uploads\/2026\/01\/machinery-casting-2048x1536.jpg 2048w, https:\/\/haoyumaterial.com\/wp-content\/uploads\/2026\/01\/machinery-casting-16x12.jpg 16w, https:\/\/haoyumaterial.com\/wp-content\/uploads\/2026\/01\/machinery-casting-600x450.jpg 600w\" sizes=\"auto, (max-width: 436px) 100vw, 436px\" \/><\/p>\n<p>Kiam temas pri\u00a0<strong>ma\u015dina\u0135a \u015dtofo<\/strong>, precizeco ne estas nur postulo; \u011di estas la bazo por rendimento. Ni sekvas striktajn dimensiajn tolerojn kaj metalurgajn normojn por certigi ke \u0109iu komponento perfekte kongruas en via kunmetado. \u0108u vi bezonas\u00a0<strong>peza ekipa\u0135a vergoj<\/strong>\u00a0a\u016d kompleksajn uzajn partojn, nia produktadlinio estas kalibrigita por plenumi rigorajn internaciajn normojn, subtenata de nia ISO 9001 kvalita administradsistemo.<\/p>\n<p>Ni personigas niajn fabrikadparametrojn bazitajn sur la specifa funkcio de la parto\u2014balancante ductilecon, malmolecon, kaj termikan stabilecon. Por pli profunda enprofundi\u011do en materialelekto, revu nian\u00a0<strong><a href=\"https:\/\/haoyumaterial.com\/eo\/casting-alloy-guide-types-properties-applications-and-selection\/\">ampleksa fandado alojo gvidilo<\/a><\/strong>\u00a0por elekti la \u011dustan gradon por via apliko.<\/p>\n<h3>\u0108efaj \u015ctofaj Specifoj<\/h3>\n<div class=\"table-responsive\">\n<table class=\"table\">\n<thead>\n<tr>\n<th>Trajto<\/th>\n<th>Specifa Detaloj<\/th>\n<\/tr>\n<\/thead>\n<tbody>\n<tr>\n<td><strong>Dimensia toleremo<\/strong><\/td>\n<td>\u00a0 \u00a0 \u00a0 \u00a0 \u00a0 \u00a0 \u00a0 \u00a0 \u00a0 \u00a0 \u00a0 \u00a0 \u00a0 Sekvado de ISO 8062 normoj (CT gradoj varias la\u016d procezo: Sanda vs. Investa).<\/td>\n<\/tr>\n<tr>\n<td><strong>Materialaj Gradeoj<\/strong><\/td>\n<td><strong>\u00a0 \u00a0 \u00a0 \u00a0 \u00a0 \u00a0 \u00a0 \u00a0 \u00a0 \u00a0 Alta Kromo Fero<\/strong>\u00a0(Cr15, Cr26),\u00a0<strong>Manganes\u015ctalo<\/strong>\u00a0(Mn13, Mn18),\u00a0<strong>Varma rezista \u015ctalo<\/strong>\u00a0(310S, Cr25Ni20).<\/td>\n<\/tr>\n<tr>\n<td><strong>Malsekurecaj niveloj<\/strong><\/td>\n<td>\u00a0 \u00a0 \u00a0 \u00a0 \u00a0 \u00a0 \u00a0 \u00a0 \u00a0 \u00a0 \u00a0Propraj varmotraktadoj atingas specifajn HRC-rangojn (ekz., <strong>HRC 58-65<\/strong>\u00a0por Altkromaj eluaj partoj).<\/td>\n<\/tr>\n<tr>\n<td><strong>Surfina Finado<\/strong><\/td>\n<td>\u00a0 \u00a0 \u00a0 \u00a0 \u00a0 \u00a0 \u00a0 \u00a0 \u00a0 \u00a0 \u00a0 \u00a0 \u00a0 \u00a0 \u00a0 Norma fandistado a\u016d ma\u015dinita al specifaj Ra-valoroj la\u016d peto.<\/td>\n<\/tr>\n<tr>\n<td><strong>Testoprotocoloj<\/strong><\/td>\n<td>\u00a0 \u00a0 \u00a0 \u00a0 \u00a0 \u00a0 \u00a0 \u00a0 \u00a0 \u00a0 \u00a0 \u00a0 \u00a0 \u00a0 \u00a0Kemiaj analizo, malmoleco-testado, kaj dimensa inspektado la\u016d klientoj desegnoj.<\/td>\n<\/tr>\n<\/tbody>\n<\/table>\n<\/div>\n<h3>Varma Traktado &amp; Finado<\/h3>\n<p>Atingi la \u011dustajn mekanikajn ecojn ofte okazas post la ver\u015dado de la metalo. Ni uzas progresintajn\u00a0<strong>varmetajn traktadojn<\/strong>, inkluzive de malvarmigo kaj temperado, por optimumigi la mikrostrukturon de niaj ver\u015da\u0135oj. Tio estas kritika por\u00a0<strong>industria metala formado<\/strong>\u00a0projektoj postulas altan abrazioreziston a\u016d la kapablon elteni ekstreman termikan \u015dokon en forno-ambientejoj. Ni liveras partojn kiuj ne nur estas \u011duste formitaj, sed in\u011denierie por da\u016dri.<\/p>\n<h2>La Avanta\u011do de Haoyu: De Dezajno \u011dis Finita Parto<\/h2>\n<p>Administri plurajn vendistojn por unu komponento estas logistika kosmo kiu altigas kostojn kaj plilongigas la lead-tempojn. Ni simpligas la tutan provan \u0109enon per oferto de vera unu-halta solvo por\u00a0<strong>ma\u015dina\u0135a \u015dtofo<\/strong>. Anstata\u016d rebati inter desegna firmao, fundejo, kaj ma\u015dinbutiko, ni prizorgas \u0109iun fazon de produktado en la hejmo. \u0108i tiu integri\u011dinta aliro certigas ke via\u00a0<strong>kustomizitaj OEM-ma\u015dinpartoj<\/strong>\u00a0renkontu striktajn kvalito-normojn sen la prokrastoj kaj miskomprenoj ofte ka\u016dzitaj de tria-partia transdonado.<\/p>\n<p>Nia procezo komenci\u011das kun in\u011denierado kaj \u015dablona evoluo. \u0108u vi havas pretajn planojn a\u016d bezonas helpon por optimumigi parton por fabrikado, nia teamo laboras rekte kun viaj specifoj. Ni uzas progresintajn\u00a0<a href=\"https:\/\/haoyumaterial.com\/eo\/investment-mold\/\">investajn muldilajn desegna\u0135ojn<\/a>\u00a0teknikojn por krei precizajn \u015dablonojn kiuj minimumigas mal\u015dparadon kaj certigas dimensian precizecon tuj ekde la komenco. Post kiam la desegno estas fiksita, ni movi\u011das al la fandfazo, uzante specialajn materialojn kiel alta kromo-fera kaj mangana \u015dtono adaptitaj por alta-uzado industriaj medioj.<\/p>\n<p>Post-fandado, ni ne simple sendas krudajn partojn. Niaj kapabloj etendi\u011das al sekundara prilaborado, inkluzive de\u00a0<strong>CNC-ma\u015dinado de fandservicoj<\/strong>\u00a0por atingi striktajn toleradojn kaj specifajn surfacajn finadojn postulatajn por kunmetado. Ni anka\u016d plenumas esencajn varmtraktadojn\u2014kiel kvenching kaj temperado\u2014por atingi la postulatan HRC-krudeco-nivelojn por maksimuma da\u016dreco. Per centralizado de \u0109i tiuj operacioj \u0109e nia\u00a0<a href=\"https:\/\/haoyumaterial.com\/eo\/factory\/\">fabrikejo<\/a>, ni konservas plenan kontrolon super kvalito de la komenca fandi\u011do \u011dis la fina surfaca traktado, liverante finajn komponantojn kiuj estas pretaj por tuj uzo.<\/p>\n<h2>Kvalito-Asertado &amp; Testado (QA)<\/h2>\n<p><img loading=\"lazy\" decoding=\"async\" class=\"alignnone  wp-image-1612\" src=\"https:\/\/haoyumaterial.com\/wp-content\/uploads\/2026\/01\/machinery-casting-1-300x225.jpg\" alt=\"\" width=\"459\" height=\"344\" srcset=\"https:\/\/haoyumaterial.com\/wp-content\/uploads\/2026\/01\/machinery-casting-1-300x225.jpg 300w, https:\/\/haoyumaterial.com\/wp-content\/uploads\/2026\/01\/machinery-casting-1-16x12.jpg 16w, https:\/\/haoyumaterial.com\/wp-content\/uploads\/2026\/01\/machinery-casting-1.jpg 600w\" sizes=\"auto, (max-width: 459px) 100vw, 459px\" \/><\/p>\n<p>En nia fandado, liveri fidindajn\u00a0<strong>ma\u015dina\u0135a \u015dtofo<\/strong>\u00a0solvojn komenci\u011das per strikta sekvado de tutmondaj normoj. Ni funkcias sub rigora kvalita administradsistemo, certigante ke \u0109iu komponanto plenumas la precizajn metalurgia\u0135ajn kaj dimensi\u011dajn postulojn de via projekto. Kiel\u00a0<strong>ISO 9001 atestita for\u011dado<\/strong>\u00a0provizanto, ni integri\u011das kvalitan kontrolon \u0109e \u0109iu stadio de produktado, de inspekto de krudmaterialo \u011dis la fina sendo.<\/p>\n<p>Por garantii rendimenton en alt-stresaj medioj, ni uzas nian\u00a0<a href=\"https:\/\/haoyumaterial.com\/eo\/technology\/testing-and-quality\/\">ampleksan testadon kaj kvalitan protokolon<\/a>. Nia laboratorio estas ekipita por trakti la specifajn postulojn de peza industrio, certigante ke malmola kaj varme rezistanta parto funkcias precize la\u016d la dezajno.<\/p>\n<p><strong>Niaj Testaj Kapabloj Inkludas:<\/strong><\/p>\n<ul>\n<li><strong>Kemio-Analizo:<\/strong>\u00a0Ni uzas progresintajn\u00a0<strong>Spektrometrojn<\/strong>\u00a0por konfirmi la precizan elementan konsiston de Alta Kromo, Mangano, kaj Aloy-\u015ctaloj anta\u016d ver\u015dado.<\/li>\n<li><strong>Fizikaj Propra\u0135aj Testoj:<\/strong>\u00a0Ni faras malmolec-testadon (HRC) kaj impakt-testadon por certigi da\u016dremecon kontra\u016d abrazi\u011do kaj \u015doko.<\/li>\n<li><strong>Dimensia Inspektado:<\/strong>\u00a0Uzi\u00a0<strong>CMM (Koordinataj Mezuraj Ma\u015dinoj)<\/strong>\u00a0kaj precizaj mezuriloj, ni konfirmas ke \u0109iuj\u00a0<strong>kustomizitaj OEM-ma\u015dinpartoj<\/strong>\u00a0kongruas kun viaj in\u011denieraj desegnoj ene de mallertaj toleroj.<\/li>\n<li><strong>Nedama\u011da Testado (NDT):<\/strong>\u00a0Ni uzas protokolojn kiel ultrasona kaj magneta partikla testado por detekti internajn difektojn sen dama\u011di la komponanton.<\/li>\n<\/ul>\n<p>Per kombini \u0109i tiujn metodojn kun nia\u00a0<a href=\"https:\/\/haoyumaterial.com\/eo\/alloy-cast-steel-factory-capabilities-processes-and-quality\/\">aloja fandita \u015dtalo-fabriko kapabloj<\/a>, ni forigas la riskon de frua fiasko kaj certigas ke via ekipa\u0135o restu funkcia pli longe.<\/p>\n<h2>Kial Kunlabori kun Vastmaterialo?<\/h2>\n<p>Elekti la \u011dustan partneron por\u00a0<strong>ma\u015dina\u0135a \u015dtofo<\/strong>\u00a0estas pli ol nur la plej malalta oferto\u2014temas pri fidindeco kaj in\u011deniera integreco. En Vastmaterial, ni funkcias kiel rekta fabrikanto, ne kiel meza\u0135o. \u0108i tiu diferenco ebligas al ni proponi\u00a0<strong>stabilecon de proviza\u0109eno<\/strong>\u00a0kiuj simple ne povas konkuri. Kiam vi laboras kun ni, vi interagas rekte kun la fandrado, certigante klaran komunikadon kaj pli rapidan solvon de teknikaj demandoj.<\/p>\n<p>Ni prioritatas\u00a0<strong>kost-efikeco<\/strong>\u00a0sen kompromiso pri la metala kvalito postulata por\u00a0<strong>peza ekipa\u0135a vergoj<\/strong>. Per forigo de tria-partia merkatoj kaj optimumigado de niaj ver\u015daj metodoj, ni liveras alt-efikajn partojn kiuj kongruas kun via bu\u011deto. Nia in\u011denieria teamo anka\u016d provizas valora\u0135an subtenon, helpante vin kompreni la\u00a0<a href=\"https:\/\/haoyumaterial.com\/eo\/difference-between-forging-and-casting-expert-guide-by-vastmaterial\/\">diferencon inter for\u011dado kaj \u015dtampado<\/a>\u00a0por certigi ke vi uzas la plej ekonomian kaj dauran procezon por via specifa apliko.<\/p>\n<p><strong>\u0108efaj Partnerecoj Avanta\u011doj:<\/strong><\/p>\n<ul>\n<li><strong>fleksebla MOQ-oj:<\/strong>\u00a0Ni subtenas vian komercan kreskon per akceptado de amba\u016d malgrandaj prototipaj serioj kaj grandaj masproduktaj ordonoj.<\/li>\n<li><strong>Rekta Fabrikanto-Prezo:<\/strong>\u00a0Akiri fabrik-direktajn tarifojn por\u00a0<strong>kustomizitaj OEM-ma\u015dinpartoj<\/strong>, maksimumigante viajn profitrimedojn.<\/li>\n<li><strong>Fina Kontrolo:<\/strong>\u00a0De krudmateriala elekto \u011dis fina varmotraktado, niaj ISO 9001-atestitaj procezoj certigas ke \u0109iu komponanto plenumas striktajn usonajn industristandardojn.<\/li>\n<\/ul>\n<h2>Oftaj Demandoj (OD)<\/h2>\n<p><strong>Kion dosiersistilojn vi akceptas por personigitaj OEM-ma\u015dinaraj partoj?<\/strong><br \/>\nPor doni plej precizan cita\u0135on, ni kutime postulas 2D in\u011denierajn desegna\u0135ojn (PDF, DWG) kune kun 3D-modeloj (STEP, IGS, a\u016d X_T). \u0108i tiuj dosieroj ebligas al niaj in\u011denieroj taksi la \u011dometrion kaj toleran postulojn por viaj peza ekipa\u0135a verkoj efike.<\/p>\n<p><strong>\u0108u vi povas konverti velditajn fabrikadojn en verkoj?<\/strong><br \/>\nJes, ni ofte helpas klientojn transiri de kompleksaj velditaj kunmetoj al unupecaj\u00a0<strong>ma\u015dina\u0135a \u015dtofo<\/strong>\u00a0solvoj. \u0108i tiu konverti\u011do ofte rezultigas pli fortajn komponantojn kun pli bona stre\u0109i\u011d-distribuo kaj malpli longda\u016draj produktokostoj. Ni revizias viajn aktualajn dezajnojn por certigi la \u015dan\u011don al\u00a0<strong>industria metala formado<\/strong>\u00a0plenas viajn rendimento-normojn.<\/p>\n<p><strong>Kiajn materialojn haveblas por ma\u015dinaraj komponantoj?<\/strong><br \/>\nNi speciali\u011das pri alt-rendimento materialoj adaptitaj por eluzi\u011do kaj varmoresistado. Nia fandado ver\u015das Alt-Kromia \u015ctofa Gumo, Manganez-\u015ctalo, kaj specialajn\u00a0<a href=\"https:\/\/haoyumaterial.com\/eo\/vara-kategorio\/stainless-steel\/alloy-steel\/\">aloj\u015dtala\u0135ajn ma\u015dinarajn partojn<\/a>\u00a0ta\u016dgajn por agresemaj industriaj medioj kiel minado kaj energiproduktado.<\/p>\n<p><strong>Kiel estas determinitaj livera\u0135otempoj?<\/strong><br \/>\nLivera\u0135otempoj dependas de la komplekseco de la \u015dablona dezajno, la specifa materiala grado, kaj la volumo de la mendo. Kiel rekte fabrikanto, ni simpligas la procezon de \u015dablono-kreo \u011dis fina varmotraktado por certigi \u011dustatempa livero. Por preciza horaro, bonvolu submeti viajn projektdetalojn por revizio.<\/p>","protected":false},"excerpt":{"rendered":"<p>Vastmaterial offers precision machinery casting with ISO certified processes custom OEM parts for agriculture construction and industry. Machinery Casting Capabilities [&hellip;]<\/p>\n","protected":false},"featured_media":1610,"comment_status":"open","ping_status":"closed","template":"","meta":{"site-sidebar-layout":"default","site-content-layout":"","ast-site-content-layout":"default","site-content-style":"default","site-sidebar-style":"default","ast-global-header-display":"","ast-banner-title-visibility":"","ast-main-header-display":"","ast-hfb-above-header-display":"","ast-hfb-below-header-display":"","ast-hfb-mobile-header-display":"","site-post-title":"","ast-breadcrumbs-content":"","ast-featured-img":"","footer-sml-layout":"","ast-disable-related-posts":"","theme-transparent-header-meta":"default","adv-header-id-meta":"","stick-header-meta":"","header-above-stick-meta":"","header-main-stick-meta":"","header-below-stick-meta":"","astra-migrate-meta-layouts":"set","ast-page-background-enabled":"default","ast-page-background-meta":{"desktop":{"background-color":"var(--ast-global-color-5)","background-image":"","background-repeat":"repeat","background-position":"center center","background-size":"auto","background-attachment":"scroll","background-type":"","background-media":"","overlay-type":"","overlay-color":"","overlay-opacity":"","overlay-gradient":""},"tablet":{"background-color":"","background-image":"","background-repeat":"repeat","background-position":"center center","background-size":"auto","background-attachment":"scroll","background-type":"","background-media":"","overlay-type":"","overlay-color":"","overlay-opacity":"","overlay-gradient":""},"mobile":{"background-color":"","background-image":"","background-repeat":"repeat","background-position":"center center","background-size":"auto","background-attachment":"scroll","background-type":"","background-media":"","overlay-type":"","overlay-color":"","overlay-opacity":"","overlay-gradient":""}},"ast-content-background-meta":{"desktop":{"background-color":"var(--ast-global-color-4)","background-image":"","background-repeat":"repeat","background-position":"center center","background-size":"auto","background-attachment":"scroll","background-type":"","background-media":"","overlay-type":"","overlay-color":"","overlay-opacity":"","overlay-gradient":""},"tablet":{"background-color":"var(--ast-global-color-4)","background-image":"","background-repeat":"repeat","background-position":"center center","background-size":"auto","background-attachment":"scroll","background-type":"","background-media":"","overlay-type":"","overlay-color":"","overlay-opacity":"","overlay-gradient":""},"mobile":{"background-color":"var(--ast-global-color-4)","background-image":"","background-repeat":"repeat","background-position":"center center","background-size":"auto","background-attachment":"scroll","background-type":"","background-media":"","overlay-type":"","overlay-color":"","overlay-opacity":"","overlay-gradient":""}}},"product_brand":[],"product_cat":[17,21,25,22,24],"product_tag":[488],"class_list":{"0":"post-1609","1":"product","2":"type-product","3":"status-publish","4":"has-post-thumbnail","6":"product_cat-stainless-steel","7":"product_cat-aluminum-alloy","8":"product_cat-copper-alloy","9":"product_cat-high-temperature-alloy","10":"product_cat-titanium-alloy","11":"product_tag-machinery-casting","12":"desktop-align-left","13":"tablet-align-left","14":"mobile-align-left","16":"first","17":"instock","18":"shipping-taxable","19":"product-type-simple"},"_links":{"self":[{"href":"https:\/\/haoyumaterial.com\/eo\/wp-json\/wp\/v2\/product\/1609","targetHints":{"allow":["GET"]}}],"collection":[{"href":"https:\/\/haoyumaterial.com\/eo\/wp-json\/wp\/v2\/product"}],"about":[{"href":"https:\/\/haoyumaterial.com\/eo\/wp-json\/wp\/v2\/types\/product"}],"replies":[{"embeddable":true,"href":"https:\/\/haoyumaterial.com\/eo\/wp-json\/wp\/v2\/comments?post=1609"}],"wp:featuredmedia":[{"embeddable":true,"href":"https:\/\/haoyumaterial.com\/eo\/wp-json\/wp\/v2\/media\/1610"}],"wp:attachment":[{"href":"https:\/\/haoyumaterial.com\/eo\/wp-json\/wp\/v2\/media?parent=1609"}],"wp:term":[{"taxonomy":"product_brand","embeddable":true,"href":"https:\/\/haoyumaterial.com\/eo\/wp-json\/wp\/v2\/product_brand?post=1609"},{"taxonomy":"product_cat","embeddable":true,"href":"https:\/\/haoyumaterial.com\/eo\/wp-json\/wp\/v2\/product_cat?post=1609"},{"taxonomy":"product_tag","embeddable":true,"href":"https:\/\/haoyumaterial.com\/eo\/wp-json\/wp\/v2\/product_tag?post=1609"}],"curies":[{"name":"wp","href":"https:\/\/api.w.org\/{rel}","templated":true}]}}