{"id":1671,"date":"2026-02-05T09:13:44","date_gmt":"2026-02-05T01:13:44","guid":{"rendered":"https:\/\/haoyumaterial.com\/?post_type=product&#038;p=1671"},"modified":"2026-02-05T09:13:44","modified_gmt":"2026-02-05T01:13:44","slug":"brass-casting-service-custom-oem-precision-parts-vastmaterial","status":"publish","type":"product","link":"https:\/\/haoyumaterial.com\/eo\/product\/brass-casting-service-custom-oem-precision-parts-vastmaterial\/","title":{"rendered":"Brua \u015ctoleado Servo Propra OEM Precizaj Partoj Vastmaterial"},"content":{"rendered":"<p>Propra kupro\u015dtofa\u0135a \u015dtofi\u011dservo de Vastmaterial por OEM-partoj preciza investado kaj sablo\u015dtofi\u011do CNC-ma\u015dinado kaj fini\u011do.<\/p>\n<h2>Plej bonaj Propraj Kupro\u015dtofi\u011daj Servoj &amp; Preciza Fabrikado<\/h2>\n<p>En Vastmaterial, ni provizas industrikvalitajn\u00a0<strong>kupro\u015dtofi\u011dajn servojn<\/strong>\u00a0adaptitajn al la rigoraj postuloj de tutmondaj OEM-oj. Speciali\u011dante pri neferaj metalaj fabrikadoj, nia instala\u0135o integras progresintajn fandadoteknikojn kun preciza ma\u015dinado por liveri komponentojn kiuj plenumas precizajn teknikajn specifojn. \u0108u vi bezonas kompleksajn valvkorpojn a\u016d da\u016dra maran \u015dra\u016dbaron, nia teamo certigas konstantan kvaliton en \u0109iuj kupro-bazitaj alojoj.<\/p>\n<p>Nia fabrikada kadro estas konstruita por versatileco kaj precizeco:<\/p>\n<ul>\n<li><strong>Kombinaj Geometrioj:<\/strong>\u00a0Uzulado\u00a0<strong>Silika Sol<\/strong>\u00a0kaj\u00a0<strong>Perdita \u015ca\u016dlo\u015dtofi\u011dteknologioj<\/strong>\u00a0por produkti kompleksajn dezajnojn kun maldikaj murojn kaj superajn surfacajn fini\u011dojn.<\/li>\n<li><strong>Precizeco-Tolerancoj:<\/strong>\u00a0Atingi altan dimensian precizecon (CT4\u2013CT6 por investa fandado) esenca por kunmetitaj komponantoj.<\/li>\n<li><strong>Skalebla Produktado:<\/strong>\u00a0Subtenante la tutan produktan vivociklon, de\u00a0<strong>rapida prototipado<\/strong>\u00a0kaj specimen-\u015dar\u011dado \u011dis alta volumena amasproduktado.<\/li>\n<li><strong>Tutmonda Konformo:<\/strong>\u00a0Produktado sub ISO 9001:2015 normoj por servi merkatojn en Nordameriko kaj E\u016dropo kun fidinda materiala spurebleco.<\/li>\n<\/ul>\n<h2>Ni havas Kupro Fandadkapablojn<\/h2>\n<p>Ni speciali\u011das pri liverado de alt-prezaj komponantoj tra versatile gamo de produktadprocezoj. \u0108u vi bezonas ununuran prototipon a\u016d amasproduktadon, nia fandado adapti\u011das al viaj specifaj projektrekvimoj uzante la plej efikajn\u00a0<strong>kuprofandadservon<\/strong>\u00a0haveblaj metodoj.<\/p>\n<ul>\n<li><strong>Precizeca Investada \u015ctampado (Perdita Vax):<\/strong>\u00a0Ideala por kompleksaj geometrioj kaj maldikaj muroaj partoj kiuj postulas altan dimensian precizecon. Uzante\u00a0<strong>silica sol for\u011dado<\/strong>\u00a0teknikojn, ni atingi superajn surfacajn fini\u011dojn (Ra 3.2 \u2013 6.3) kaj striktajn toleradojn (CT4\u2013CT6), signife reduktante la bezonon de dua ma\u015dinado.<\/li>\n<li><strong>Kupra \u015ca\u016dma Ver\u015dado:<\/strong>\u00a0Kiel dedi\u0109ita\u00a0<strong>brasa sabla \u015dtofa\u0135a fandadofabriko<\/strong>, ni pritraktas pli grandajn, pli peza\u0135ajn komponantojn kiel pumpkorpoj kaj industriaj valvoj. \u0108i tiu metodo ofertas koston-efikan solvon kun malpli altaj ilaroj, farante \u011din ideala por malaltaj \u011dis mezaj volumoj de mendoj kie struktura integreco estas kerna.<\/li>\n<li><strong>Kupra Matrica Ver\u015dado:<\/strong>\u00a0Kiam rapideco kaj volumoj estas kritikaj, niaj muldilaj \u015dtofa\u0135aj kapabloj liveras konsekvencajn rezultojn. \u0108i tiu procezo estas optimumigita por altvolumaj produktadoj, kiel a\u016dtomobilaj akcesora\u0135oj kaj ferdeko, certigante unuecon tra miloj da unuoj.<\/li>\n<\/ul>\n<p>De la\u00a0<strong>perdan cindradon<\/strong>\u00a0al peza sabla muldado, ni certigas ke \u0109iu parto plenumas rigorajn ISO 9001:2015 normojn anta\u016d forlasi nian instala\u0135on.<\/p>\n<h2>Brasa &amp; Kupra Alojoj Ni Laboras Kun<\/h2>\n<p><img loading=\"lazy\" decoding=\"async\" class=\"alignnone  wp-image-1672\" src=\"https:\/\/haoyumaterial.com\/wp-content\/uploads\/2026\/02\/brass-casting-service-300x246.png\" alt=\"\" width=\"490\" height=\"402\" srcset=\"https:\/\/haoyumaterial.com\/wp-content\/uploads\/2026\/02\/brass-casting-service-300x246.png 300w, https:\/\/haoyumaterial.com\/wp-content\/uploads\/2026\/02\/brass-casting-service-15x12.png 15w, https:\/\/haoyumaterial.com\/wp-content\/uploads\/2026\/02\/brass-casting-service.png 331w\" sizes=\"auto, (max-width: 490px) 100vw, 490px\" \/><\/p>\n<p>Elekti la \u011dustan materialon estas kritika por parto rendimento. Kiel dedi\u0109ita ne-ferra metalfandado, ni provizas atestitajn materialajn raporton por \u0109iu partio por certigi ke la kemia kompona\u0135o plenumas ASTM, DIN, a\u016d JIS normojn.\u00a0<a href=\"https:\/\/haoyumaterial.com\/eo\/precision-cnc-machining-bronze-services-for-custom-industrial-parts\/\">preciza CNC-ma\u015dinado bronzaj servoj<\/a>\u00a0niaj estas optimumigitaj por labori kun \u0109i tiuj specifaj gradoj, certigante ke malligiloj estas konservitaj post la \u015dtofi\u011da procezo.<\/p>\n<p>Ni traktas lar\u011dan spektron de kupro-bazitaj materialoj por\u00a0<strong>bronzado kaj kuprofarado<\/strong>:<\/p>\n<ul>\n<li><strong>Ru\u011da Kupro (Pafarknalo):<\/strong>\u00a0Ni specializi\u011das en\u00a0<strong>C83600 ru\u011da kupro \u015dtofi\u011do<\/strong>\u00a0kaj C84400. \u0108i tiuj alojoj ofertas bonegan koroda reziston kaj estas vaste uzataj por industriaj valvoj, pumpkorpoj, kaj plumbiloj.<\/li>\n<li><strong>Flava Kupro:<\/strong>\u00a0Gradoj kiel C85700 kaj C85400 estas perfektaj por ornamaj kaj arkitekturaj aplikoj kie surfaca fini\u011do kaj kolora konsistenco gravas plej.<\/li>\n<li><strong>Altfortaj bronzoj:<\/strong>\u00a0Por partoj postulas altan abrazoreziston, ni uzas silicio-bronzon (C87500) kaj manganbronzon. Ili estas sufi\u0109e fortaj por pezaj \u015daftoj kaj buloj.<\/li>\n<li><strong>Propraj alojoj:<\/strong>\u00a0Ni proponas\u00a0<strong>propra kupro\u015dtofa\u0135a investa fandado<\/strong>\u00a0solvoj kie ni adapti\u011das la aloja kunmeta\u0135o por plenumi specifajn mekanikajn postulojn provizitajn en viaj teknikaj desegnoj.<\/li>\n<\/ul>\n<h2>Unu-foota fabrikado: De fandado \u011dis fina produkto<\/h2>\n<p><img loading=\"lazy\" decoding=\"async\" class=\"alignnone  wp-image-1673\" src=\"https:\/\/haoyumaterial.com\/wp-content\/uploads\/2026\/02\/bronze--300x197.png\" alt=\"\" width=\"507\" height=\"333\" srcset=\"https:\/\/haoyumaterial.com\/wp-content\/uploads\/2026\/02\/bronze--300x197.png 300w, https:\/\/haoyumaterial.com\/wp-content\/uploads\/2026\/02\/bronze--1024x674.png 1024w, https:\/\/haoyumaterial.com\/wp-content\/uploads\/2026\/02\/bronze--768x506.png 768w, https:\/\/haoyumaterial.com\/wp-content\/uploads\/2026\/02\/bronze--18x12.png 18w, https:\/\/haoyumaterial.com\/wp-content\/uploads\/2026\/02\/bronze--600x395.png 600w, https:\/\/haoyumaterial.com\/wp-content\/uploads\/2026\/02\/bronze-.png 1276w\" sizes=\"auto, (max-width: 507px) 100vw, 507px\" \/><\/p>\n<p>En Haoyu Material, ni simpligas vian provizlinion per propono de kompleta\u00a0<strong>kuprofandadservon<\/strong>\u00a0ki etendas tre preter la fandadfloron. Ni komprenas ke akiri krudan fandadon ofte estas nur la unua pa\u015do. Por \u015dpari vin la \u011denon kaj riskon de kunordigo kun pluraj vendistoj, ni provizas plene integritan fabrikadsolvon kiu kondukas vian projekton de la komenca \u015dtofa dezajno \u011dis preta por kunmeto komponento.<\/p>\n<h3>Preciza CNC-ma\u015dinado<\/h3>\n<p>Atingi la plej striktajn toleradojn ofte postulas sekundarajn operaciojn post la malvarmigo de la metalo. Nia instala\u0135o estas ekipita per progresintaj ma\u015dincentroj kapablaj je preciza turnado, frezado, borado kaj muelado. Ni kutime transformas krudan\u00a0<strong>CNC-ma\u015dinitan kupra\u0135on<\/strong>\u00a0en alt-precizajn komponentojn kun toleradoj tiel striktaj kiel \u00b10.01mm. Tio certigas ke kritikaj trajtoj, kiel \u015dtofoj kaj kuglaj surfacoj, perfekte kongruas \u0109iufoje. Por pli profunda rigardo al kiel ni traktas \u0109i tiujn operaciojn, nia\u00a0<a href=\"https:\/\/haoyumaterial.com\/eo\/cnc-turning-guide-2026-process-materials-and-service-selection\/\">ampleksa gvidilo pri CNC-turnadoprocezoj<\/a>\u00a0priskribas la specifajn teknikojn kiujn ni uzas por konservi dimensian precizecon.<\/p>\n<h3>Surfaca Finado &amp; Traktado<\/h3>\n<p>Vida allogo kaj media rezistado estas kerne por kupraj aplikoj. Ni proponas lar\u011dan gamon de\u00a0<strong>kupraj surfacfinadoj<\/strong>\u00a0Opcioj adaptitaj al viaj specifaj postuloj:<\/p>\n<ul>\n<li><strong>Polurado:<\/strong>\u00a0De satina fini\u011do \u011dis alta-glanca spegula polurado por arkitektura kaj marhardware.<\/li>\n<li><strong>Tampado:<\/strong>\u00a0Elektroplating-opcioj inkluzive de Chrome, Nikel, kaj Zinko por plibonigi koroda rezisto kaj uzadpropra\u0135ojn.<\/li>\n<li><strong>Passivado &amp; Sabbelado:<\/strong>\u00a0Purigaj procezoj kiuj forigas surfacajn kontaminantojn kaj provizas uniforman matan teksturon.<\/li>\n<\/ul>\n<h3>Varma\u0135aj Traktaj Servoj<\/h3>\n<p>Por certigi optimuman mekanikan rendimenton, ni faras necesajn varmotraktadojn en la hejmo. \u0108i tio inkluzivas annealing por malstre\u0109i la materialon por pli facila ma\u015dinado kaj stre\u0109a malstre\u0109o por eviti deformadon en kompleksaj geometrioj. Per administrado de \u0109i tiuj procezoj interne, ni garantias ke la mekanikaj ecoj de viaj kupraj komponantoj restas konsekvencaj tra la tuta produktado.<\/p>\n<h2>Kial Elekti Vastmaterial por Via Kupraj Projektoj?<\/h2>\n<p><img loading=\"lazy\" decoding=\"async\" class=\"alignnone  wp-image-1653\" src=\"https:\/\/haoyumaterial.com\/wp-content\/uploads\/2026\/02\/Brass_Infinite_Recyclability_Circular_Economy_ZqMa-300x169.webp\" alt=\"\" width=\"470\" height=\"265\" srcset=\"https:\/\/haoyumaterial.com\/wp-content\/uploads\/2026\/02\/Brass_Infinite_Recyclability_Circular_Economy_ZqMa-300x169.webp 300w, https:\/\/haoyumaterial.com\/wp-content\/uploads\/2026\/02\/Brass_Infinite_Recyclability_Circular_Economy_ZqMa-768x432.webp 768w, https:\/\/haoyumaterial.com\/wp-content\/uploads\/2026\/02\/Brass_Infinite_Recyclability_Circular_Economy_ZqMa-18x10.webp 18w, https:\/\/haoyumaterial.com\/wp-content\/uploads\/2026\/02\/Brass_Infinite_Recyclability_Circular_Economy_ZqMa-600x338.webp 600w, https:\/\/haoyumaterial.com\/wp-content\/uploads\/2026\/02\/Brass_Infinite_Recyclability_Circular_Economy_ZqMa.webp 1024w\" sizes=\"auto, (max-width: 470px) 100vw, 470px\" \/><\/p>\n<p>Kiam vi provizas personigitajn metalajn partojn, vi bezonas partneron kiu komprenas la ekvilibron inter precizeco kaj kosto-efikeco.\u00a0<strong>kuprofandadservon<\/strong>\u00a0Kiel \u0109efa provizanto, ni kombinas progresintan fandadoteknologion kun rigora administradsistemo por liveri komponentojn kiuj plenumas internaciajn normojn.<\/p>\n<h3>Strikta Kvalita Kontrolo &amp; ISO-Atestilo<\/h3>\n<p>Kvalito ne estas nur \u015dablono; \u011di estas nia bazo. Ni funkcias sub striktas administradsistemon.\u00a0<strong>ISO 9001 atestita for\u011dado<\/strong>\u00a0\u0108iu partio de moltenaj kuproj pasas detalan kemian analizon anta\u016d ver\u015dado por certigi ke la alojo-konstituo tute kongruas kun viaj specifoj.<\/p>\n<p>Nia enlanda inspektadlaboro estas ekipita per:<\/p>\n<ul>\n<li><strong>Spektrometroj:<\/strong>\u00a0Konfirmante materialajn gradojn (ekz., C83600, C85700).<\/li>\n<li><strong>CMM (Koordinata Mezurilo):<\/strong>\u00a0Certigi dimensi\u011dan precizecon por kompleksaj geometrioj.<\/li>\n<li><strong>R\u00f6ntgeno &amp; NDT:<\/strong>\u00a0Detekti internan porozon a\u016d difektojn en kritikaj sekurecaj partoj.<\/li>\n<\/ul>\n<h3>In\u011denieristiko Subteno &amp; DFM-Analizo<\/h3>\n<p>Ni ne nur ver\u015das; ni in\u011denierias solvojn. Nia teamo provizas ampleksan\u00a0<strong>Dezajno por Fabrikado (DFM)<\/strong>\u00a0analizon post ricevado de viaj CAD-dosieroj. Ni identigas potencialajn ver\u015dajn problemojn frue, sugestante desegna\u0135ajn optimumigojn kiuj malpliigas ilarajn kostojn kaj plibonigas partan integrecon sen kompromiti funkcieblecon.<\/p>\n<h3>Fleksaj Produktadkapabloj<\/h3>\n<p>\u0108u vi pligrandigas kun niaj\u00a0<a href=\"https:\/\/haoyumaterial.com\/eo\/industrial-die-casting-process-benefits-and-applications\/\">industria muldado per malmola metalo<\/a>\u00a0a\u016d komenci kun unuopa unuo, ni adapti\u011das al viaj bezonoj. Ni proponas\u00a0<strong>rapidan prototipajn servojn<\/strong>\u00a0por rapide validi desegna\u0135ojn kaj ne havas striktan Minimuma Mendo Kvanton (MOQ) por komencaj specimenaj kursoj.<\/p>\n<div class=\"table-responsive\">\n<table class=\"table\">\n<thead>\n<tr>\n<th>Trajto<\/th>\n<th>Avanta\u011do por Vi<\/th>\n<\/tr>\n<\/thead>\n<tbody>\n<tr>\n<td><strong>Materiala Kontrolo<\/strong><\/td>\n<td>\u00a0 \u00a0 \u00a0 \u00a0 \u00a0 \u00a0 \u00a0 \u00a0 \u00a0 \u00a0 \u00a0 \u00a0 \u00a0 \u00a0 \u00a0 \u00a0 \u00a0 \u00a0 \u00a0 \u00a0 \u00a0 \u00a0 \u00a0 \u00a0 \u00a0 \u00a0 \u00a0 \u00a0 \u00a0 \u00a0 \u00a0 \u00a0 \u00a0 \u00a0 \u00a0 \u00a0 \u00a0 \u00a0Garantii aljosa komponado kun testraportoj.<\/td>\n<\/tr>\n<tr>\n<td><strong>Skalebleco<\/strong><\/td>\n<td>\u00a0 \u00a0 \u00a0 \u00a0 \u00a0 \u00a0 \u00a0 \u00a0 \u00a0 \u00a0 \u00a0 \u00a0 \u00a0 \u00a0 \u00a0 \u00a0 \u00a0 \u00a0 \u00a0 \u00a0 \u00a0 \u00a0 \u00a0 \u00a0 \u00a0 \u00a0 \u00a0 \u00a0 \u00a0 \u00a0 \u00a0 \u00a0 \u00a0 \u00a0 \u00a0 \u00a0 \u00a0 \u00a0Senjunta transiro de prototipo al amasproduktado.<\/td>\n<\/tr>\n<tr>\n<td><strong>Unu-Stop Butiko<\/strong><\/td>\n<td>\u00a0 \u00a0 \u00a0 \u00a0 \u00a0 \u00a0 \u00a0 \u00a0 \u00a0 \u00a0 \u00a0 \u00a0 \u00a0 \u00a0 \u00a0 \u00a0 \u00a0 \u00a0 \u00a0 \u00a0 \u00a0 \u00a0 \u00a0 \u00a0 \u00a0 \u00a0 \u00a0 \u00a0 \u00a0 \u00a0 \u00a0 \u00a0 \u00a0 \u00a0 \u00a0 \u00a0 \u00a0 \u00a0Integrita fandado, CNC-ma\u015dinado, kaj finado.<\/td>\n<\/tr>\n<tr>\n<td><strong>Tutmonda Eksporto<\/strong><\/td>\n<td>\u00a0 \u00a0 \u00a0 \u00a0 \u00a0 \u00a0 \u00a0 \u00a0 \u00a0 \u00a0 \u00a0 \u00a0 \u00a0 \u00a0 \u00a0 \u00a0 \u00a0 \u00a0 \u00a0 \u00a0 \u00a0 \u00a0 \u00a0 \u00a0 \u00a0 \u00a0 \u00a0 \u00a0 \u00a0 \u00a0 \u00a0 \u00a0 \u00a0 \u00a0 \u00a0 \u00a0 \u00a0 Spertu sendadon al Nordamerikaj kaj E\u016dropaj merkatoj.<\/td>\n<\/tr>\n<\/tbody>\n<\/table>\n<\/div>\n<h2>Diverse industriaj aplikoj por kupra\u0135oj<\/h2>\n<p><img loading=\"lazy\" decoding=\"async\" class=\"alignnone  wp-image-1674\" src=\"https:\/\/haoyumaterial.com\/wp-content\/uploads\/2026\/02\/brass-casting-service-192x300.jpg\" alt=\"\" width=\"363\" height=\"567\" srcset=\"https:\/\/haoyumaterial.com\/wp-content\/uploads\/2026\/02\/brass-casting-service-192x300.jpg 192w, https:\/\/haoyumaterial.com\/wp-content\/uploads\/2026\/02\/brass-casting-service-654x1024.jpg 654w, https:\/\/haoyumaterial.com\/wp-content\/uploads\/2026\/02\/brass-casting-service-768x1202.jpg 768w, https:\/\/haoyumaterial.com\/wp-content\/uploads\/2026\/02\/brass-casting-service-982x1536.jpg 982w, https:\/\/haoyumaterial.com\/wp-content\/uploads\/2026\/02\/brass-casting-service-8x12.jpg 8w, https:\/\/haoyumaterial.com\/wp-content\/uploads\/2026\/02\/brass-casting-service-600x939.jpg 600w, https:\/\/haoyumaterial.com\/wp-content\/uploads\/2026\/02\/brass-casting-service.jpg 1080w\" sizes=\"auto, (max-width: 363px) 100vw, 363px\" \/><\/p>\n<p>Nia\u00a0<strong>kuprofandadservon<\/strong>\u00a0donas kritikajn komponantojn tra sektoroj kie da\u016dreco kaj koroda rezisto estas ne-negociataj. Ni speciali\u011das pri produktado\u00a0<strong>OEM kupra komponantoj<\/strong>\u00a0kiuj perfekte kongruas kun via provizo\u0109eno, sekvante striktajn usonajn kaj internaciajn normojn.<\/p>\n<ul>\n<li><strong>Plumbado &amp; Flua Traktado:<\/strong>\u00a0Ni ver\u015das fortikajn valvajn korpojn, kranojn, pumpajn impelilojn, kaj\u00a0<strong>industria kupra akcesora\u0135oj<\/strong>\u00a0kapablaj trakti altan premon kaj konstantan humidecon sen difekti\u011di.<\/li>\n<li><strong>Maraj Aparataroj:<\/strong>\u00a0Niaj maraj bronzaj kaj kupraj partoj, inkluzive de kramponoj, blokoj, kaj tra-\u015dipoj, ofertas superan reziston al salakvo-korodo.<\/li>\n<li><strong>Elektraj Sistemoj:<\/strong>\u00a0Ni provizas alt-konduktajn kupur-bazitaj alojoj por terminaloj, konektiloj, kaj grimpiloj esencaj por fidinda potenca distribuo.<\/li>\n<li><strong>Pli progresinta fabrikado:<\/strong>\u00a0Nia fundado subtenas kompleksajn postulojn por arkitekturaj projektoj, a\u016dtomobilaj partoj, kaj\u00a0<a href=\"https:\/\/haoyumaterial.com\/eo\/industries\/aerospace\/\">aerospaca industrio aplikoj<\/a>, certigante ke \u0109iu komponanto plenumas rigorajn sekurec- kaj dimensiajn specifojn.<\/li>\n<\/ul>\n<h2>Oftaj Demandoj (OD)<\/h2>\n<h3>Kiaj dosierformatoj vi akceptas por cita\u0135o?<\/h3>\n<p>Por provizi plej precizan cita\u0135on por\u00a0<strong>propra kupraj partoj<\/strong>, ni preferas 3D CAD-dosierojn en STEP (.stp), IGES (.igs), a\u016d Parasolid-formatojn. Ili ebligas al ni kalkuli volumon kaj pezon precize. Ni anka\u016d postulas 2D-desegna\u0135ojn (PDF, DWG, a\u016d DXF) por kompreni viajn kritikajn toleradojn kaj surfacfinajn postulojn. Se vi ankora\u016d ne havas CAD-dosierojn, ni povas labori el detala skizo a\u016d fizika specimenoj por malanta\u016da in\u011denierado de la komponanto.<\/p>\n<h3>Kio estas la kutima lead-tempo por kupro-\u015dtampadoj?<\/h3>\n<p>Niaj tempoplanoj estas strukturitaj por liveri produktojn al la merkato rapide. Kutime, ilustra dezajno kaj specimenproduktado da\u016dras inter 2 \u011dis 4 semajnoj, depende de la komplekseco. Post aprobo de la prototipo, amasproduktado \u011denerale postulas plian 3 \u011dis 4 semajnojn. Ni ofte povas adapti rapidajn horarojn por ur\u011daj projektoj por plenumi mallongajn limdatojn en la usona merkato.<\/p>\n<h3>\u0108u vi povas kongrui specifajn surfacajn finajn postulojn?<\/h3>\n<p>Jes, ni provizas plenan gamon de surfacaj traktadoj en la kompanio mem. \u0108u vi bezonas funkcie sablitan finon por industria uzo a\u016d spegule poluritan kromfinon por ornamaj akcesora\u0135oj, ni havas la kapablon liveri. Ni certigas, ke la fina aspekto perfekte kongruas kun viaj specifoj, farante la partojn pretaj por tujaj kunmetoj a\u016d vendo.<\/p>\n<h3>\u0108u vi provizas materialajn atestilojn kun \u015dar\u011doj?<\/h3>\n<p>Absolute. Ni kredas je plena travidebleco rilate al kvalito. \u0108iu \u015dar\u011do inkluzivas materialan testraporton (MTR), kiu konfirmas la kemian kompona\u0135on kaj mekanikajn trajtojn de la partio. Tio garantias, ke la metalo plenumas specifajn\u00a0<a href=\"https:\/\/haoyumaterial.com\/eo\/what-is-brass-composition-grades-and-industrial-uses\/\">brassajn kompona\u0135ajn gradojn<\/a>\u00a0kaj kongruas kun internaciaj normoj kiel ASTM, DIN, a\u016d JIS.<\/p>","protected":false},"excerpt":{"rendered":"<p>Custom brass casting service by Vastmaterial for OEM parts precision investment and sand casting CNC machining and finishing. Premier Custom [&hellip;]<\/p>\n","protected":false},"featured_media":1672,"comment_status":"open","ping_status":"closed","template":"","meta":{"site-sidebar-layout":"default","site-content-layout":"","ast-site-content-layout":"default","site-content-style":"default","site-sidebar-style":"default","ast-global-header-display":"","ast-banner-title-visibility":"","ast-main-header-display":"","ast-hfb-above-header-display":"","ast-hfb-below-header-display":"","ast-hfb-mobile-header-display":"","site-post-title":"","ast-breadcrumbs-content":"","ast-featured-img":"","footer-sml-layout":"","ast-disable-related-posts":"","theme-transparent-header-meta":"default","adv-header-id-meta":"","stick-header-meta":"","header-above-stick-meta":"","header-main-stick-meta":"","header-below-stick-meta":"","astra-migrate-meta-layouts":"set","ast-page-background-enabled":"default","ast-page-background-meta":{"desktop":{"background-color":"var(--ast-global-color-5)","background-image":"","background-repeat":"repeat","background-position":"center center","background-size":"auto","background-attachment":"scroll","background-type":"","background-media":"","overlay-type":"","overlay-color":"","overlay-opacity":"","overlay-gradient":""},"tablet":{"background-color":"","background-image":"","background-repeat":"repeat","background-position":"center center","background-size":"auto","background-attachment":"scroll","background-type":"","background-media":"","overlay-type":"","overlay-color":"","overlay-opacity":"","overlay-gradient":""},"mobile":{"background-color":"","background-image":"","background-repeat":"repeat","background-position":"center center","background-size":"auto","background-attachment":"scroll","background-type":"","background-media":"","overlay-type":"","overlay-color":"","overlay-opacity":"","overlay-gradient":""}},"ast-content-background-meta":{"desktop":{"background-color":"var(--ast-global-color-4)","background-image":"","background-repeat":"repeat","background-position":"center center","background-size":"auto","background-attachment":"scroll","background-type":"","background-media":"","overlay-type":"","overlay-color":"","overlay-opacity":"","overlay-gradient":""},"tablet":{"background-color":"var(--ast-global-color-4)","background-image":"","background-repeat":"repeat","background-position":"center center","background-size":"auto","background-attachment":"scroll","background-type":"","background-media":"","overlay-type":"","overlay-color":"","overlay-opacity":"","overlay-gradient":""},"mobile":{"background-color":"var(--ast-global-color-4)","background-image":"","background-repeat":"repeat","background-position":"center center","background-size":"auto","background-attachment":"scroll","background-type":"","background-media":"","overlay-type":"","overlay-color":"","overlay-opacity":"","overlay-gradient":""}}},"product_brand":[],"product_cat":[25,26,27],"product_tag":[587],"class_list":{"0":"post-1671","1":"product","2":"type-product","3":"status-publish","4":"has-post-thumbnail","6":"product_cat-copper-alloy","7":"product_cat-brass","8":"product_cat-bronze","9":"product_tag-brass-casting-service","10":"desktop-align-left","11":"tablet-align-left","12":"mobile-align-left","14":"first","15":"instock","16":"shipping-taxable","17":"product-type-simple"},"_links":{"self":[{"href":"https:\/\/haoyumaterial.com\/eo\/wp-json\/wp\/v2\/product\/1671","targetHints":{"allow":["GET"]}}],"collection":[{"href":"https:\/\/haoyumaterial.com\/eo\/wp-json\/wp\/v2\/product"}],"about":[{"href":"https:\/\/haoyumaterial.com\/eo\/wp-json\/wp\/v2\/types\/product"}],"replies":[{"embeddable":true,"href":"https:\/\/haoyumaterial.com\/eo\/wp-json\/wp\/v2\/comments?post=1671"}],"wp:featuredmedia":[{"embeddable":true,"href":"https:\/\/haoyumaterial.com\/eo\/wp-json\/wp\/v2\/media\/1672"}],"wp:attachment":[{"href":"https:\/\/haoyumaterial.com\/eo\/wp-json\/wp\/v2\/media?parent=1671"}],"wp:term":[{"taxonomy":"product_brand","embeddable":true,"href":"https:\/\/haoyumaterial.com\/eo\/wp-json\/wp\/v2\/product_brand?post=1671"},{"taxonomy":"product_cat","embeddable":true,"href":"https:\/\/haoyumaterial.com\/eo\/wp-json\/wp\/v2\/product_cat?post=1671"},{"taxonomy":"product_tag","embeddable":true,"href":"https:\/\/haoyumaterial.com\/eo\/wp-json\/wp\/v2\/product_tag?post=1671"}],"curies":[{"name":"wp","href":"https:\/\/api.w.org\/{rel}","templated":true}]}}