{"id":1682,"date":"2026-02-06T08:18:25","date_gmt":"2026-02-06T00:18:25","guid":{"rendered":"https:\/\/haoyumaterial.com\/?post_type=product&#038;p=1682"},"modified":"2026-02-06T08:18:26","modified_gmt":"2026-02-06T00:18:26","slug":"rapid-prototyping-and-tooling-services-for-low-volume-production","status":"publish","type":"product","link":"https:\/\/haoyumaterial.com\/eo\/product\/rapid-prototyping-and-tooling-services-for-low-volume-production\/","title":{"rendered":"Rapida Prototipado kaj Ililaboraj Servoj por Malalta Kvanto de Produktado"},"content":{"rendered":"<p>Rapida prototipado kaj ilaro de vastmaterial kun CNC-ma\u015dinado rapida injektado-formado kaj malgranda volumena produktado en tagoj.<\/p>\n<h2>Integrita Produktado por \u0108iu Stadio de Evoluo<\/h2>\n<p>Ni simpligas la voja\u011don de cifereca CAD al fizika parto, forigante la frikcion inter desegna validigo kaj merkata eniro. Per kombinado\u00a0<strong>rapida prototipado kaj ilaro<\/strong>\u00a0sub unu tegmento, ni helpas in\u011denierojn rapide kontroli ta\u016dgecon kaj funkciecon anta\u016d ol enmeti en multekostajn produktajn muldilojn. Nia integri\u011dinta aliro certigas, ke via projekto glate transiras de unuopa unuo al miloj sen perdi desegna\u0135an integrecon.<\/p>\n<p>Akcelu vian\u00a0<strong>prototipa evoluociklo<\/strong>\u00a0kun nia strukturita fabrikada vojo:<\/p>\n<ul>\n<li><strong>Dezajno-verdikigo:<\/strong>\u00a0Uzu\u00a0<strong>rapida fabrikado<\/strong>\u00a0metodoj\u2014inkluzive CNC-ma\u015dado kaj 3D-presado\u2014por krei\u00a0<strong>alta-fidele prototipoj<\/strong>\u00a0kiuj imitas finalajn produktadmaterialojn.<\/li>\n<li><strong>Merkata Testado:<\/strong>\u00a0Skali efike uzante\u00a0<strong>ponto ilaro<\/strong>\u00a0kaj\u00a0<strong>por unu funkcia pruvo de koncepto a\u016d<\/strong>. Tio ebligas al vi produkti funkciajn partojn por beta-testado a\u016d pilotoj dum malmolaj ilaroj estas tran\u0109itaj.<\/li>\n<li><strong>Kost-efikeco:<\/strong>\u00a0Evitu la altajn anta\u016dkostojn de tradiciaj \u015dtalaj muldiloj uzante\u00a0<strong>rapida prototipo ilaro<\/strong>\u00a0strategiojn desegnitajn por rapido kaj fleksebleco.<\/li>\n<\/ul>\n<p>\u0108u vi bezonas unu funkciantan modelon a\u016d\u00a0<strong>ponto produktadserion<\/strong>, nia teamo optimumigas la produktadprocezon por plenumi mallongajn limdatojn kaj striktajn tolerancon postulojn.<\/p>\n<h2>Niaj Produktadoteknologioj<\/h2>\n<p><img loading=\"lazy\" decoding=\"async\" class=\"alignnone  wp-image-1683\" src=\"https:\/\/haoyumaterial.com\/wp-content\/uploads\/2026\/02\/aerospace-casting-manufacturer-300x265.png\" alt=\"\" width=\"517\" height=\"457\" srcset=\"https:\/\/haoyumaterial.com\/wp-content\/uploads\/2026\/02\/aerospace-casting-manufacturer-300x265.png 300w, https:\/\/haoyumaterial.com\/wp-content\/uploads\/2026\/02\/aerospace-casting-manufacturer-14x12.png 14w, https:\/\/haoyumaterial.com\/wp-content\/uploads\/2026\/02\/aerospace-casting-manufacturer.png 419w\" sizes=\"auto, (max-width: 517px) 100vw, 517px\" \/><\/p>\n<p>Por liveri la plej bonajn rezultojn por via projekto, ni integras plurajn fabrikajn disciplinojn sub unu tegmento. \u0108u vi bezonas ununuran vidan modelon a\u016d pontan produktadon, nia instala\u0135o provizas ampleksajn\u00a0<strong>rapida prototipado kaj ilaro<\/strong>\u00a0solvojn desegnitajn por mallongigi disvolvan tempon sen oferi kvaliton.<\/p>\n<h3>Propra CNC Ma\u015dinado<\/h3>\n<p>Nia CNC-fako pritraktas alt-precizecan frezadon kaj tornadon por kaj metalaj kaj plastaj komponantoj. Ni funkciigas 3-aksajn, 4-aksajn kaj 5-aksajn ma\u015dinojn por krei kompleksajn geometriojn kun striktaj toleremoj. \u0108i tiu procezo estas ideala por funkciaj prototipoj kaj malalt-voluma produktado kie materialaj ecoj estas kritikaj. Ni rutine ma\u015dinas aluminion, latunon kaj alt-fortan\u00a0<a href=\"https:\/\/haoyumaterial.com\/eo\/vara-kategorio\/stainless-steel\/alloy-steel\/\">aliaj \u015dtaloj<\/a>\u00a0por plenumi rigorajn in\u011denierajn normojn.<\/p>\n<h3>Rapida Injekta Mulda\u0135o<\/h3>\n<p>Kiam vi bezonas pligrandigi de prototipo al centoj a\u016d miloj da partoj, nia\u00a0<strong>rapida injekta mulda\u0135o<\/strong>\u00a0Servoj preti\u011das la truon. Ni utiligas\u00a0<strong>rapida prototipo ilaro<\/strong>\u2014ofte uzante aluminiajn \u015dtofojn\u2014por signife redukti kostojn kaj lead-tempojn kompare kun tradiciaj produktaj \u015dtofoj el \u015dtono. \u0108i tiu aliro ebligas pli rapidan eniron en la merkato kaj permesas veki\u011don de dezajno uzante produktadajn materialojn.<\/p>\n<h3>Aldona Fabrikada Servoj<\/h3>\n<p>Por la plej rapida turni\u011do, niaj\u00a0<strong>aldona fabrikadaj servoj<\/strong>\u00a0kovras SLA (Stereolitografio), SLS (Selektiva Lazer-Sinterado), kaj FDM (Fuzita Depozicia Modelo). 3D-presado estas la \u0109efa metodo por komencaj konceptmodeloj kaj kompleksaj formoj kiuj estas malfacilaj por ma\u015dini, permesante al desegnistoj validezi formon kaj ta\u016dgecon ene de tagoj.<\/p>\n<h3>Vakuuma \u015ctofo-Servoj<\/h3>\n<p>Por alta-fideleco prototipoj kiuj imitas la finon kaj propra\u0135ojn de injektitaj partoj, ni uzas\u00a0<strong>vakuuma verki servoj<\/strong>. \u0108i tiu procezo uzas silikona\u0135ajn formojn por krei malgrandajn partiojn de poliuretano. \u011ci estas elstara, kost-efika solvo por merkataj specimenoj kaj funkcia testado anta\u016d ol vi enga\u011di\u011dos al malmola ilaro.<\/p>\n<h2>Materiala Elekto &amp; Kapabloj<\/h2>\n<p>Elekti la \u011dustan materialon estas kritika por validigi vian dezajnon kaj certigi ke viaj\u00a0<strong>rapida prototipado kaj ilaro<\/strong>\u00a0projektoj sukcesas. Ni provizas ampleksan bibliotekon de produktad-klasaj materialoj kiuj permesas vin senjuntan transiron de\u00a0<strong>funkciaj prototipoj<\/strong>\u00a0to\u00a0<strong>ponto-produktado<\/strong>. \u0108u vi bezonas altfortajn metalojn a\u016d flekseblajn elastomerojn, nia provizo\u0109eno certigas materialan a\u016dtentikecon kaj rendimenton.<\/p>\n<h3>Metalo por ma\u015dinado kaj ilaro<\/h3>\n<p>Ni laboras kun lar\u011da gamo de metalo por\u00a0<strong>propra CNC-ma\u015dinado<\/strong>\u00a0kaj \u015dmuldado.<\/p>\n<ul>\n<li><strong>Alumino (6061, 7075):<\/strong>\u00a0La industrio normo por\u00a0<strong>alumino injekta \u015dmuldado<\/strong>\u00a0kaj pezpezaj strukturaj partoj pro \u011dia bonega ma\u015dinebleco kaj varmotransporto.<\/li>\n<li><strong>Senrusteca \u015ctalo (303, 304, 316):<\/strong>\u00a0Ideala por korozio-rezistaj komponentoj kaj medicinaj aparatoj.<\/li>\n<li><strong>Il\u015dtalo:<\/strong>\u00a0Ni uzas fortajn \u015dtalojn por da\u016draj \u015dminkaj kernoj kaj kavoj. Kompreni specifajn alojo-ecojn, kiel tiuj en nia\u00a0<a href=\"https:\/\/haoyumaterial.com\/eo\/4140-stainless-steel-guide-properties-uses-and-key-differences\/\">4140 senrusteca \u015dtala gvidilo<\/a>, estas esence por elekti ilarojn kiuj povas elteni altprema\u0135ajn injektajn ciklojn.<\/li>\n<li><strong>Brasso &amp; Kupro:<\/strong>\u00a0Oftaj uzataj por elektraj kontaktoj kaj termikaj aplikoj.<\/li>\n<\/ul>\n<h3>Plastoj kaj elastomeroj<\/h3>\n<p>Nia instala\u0135o pritraktas rigidajn kaj flekseblajn polimerojn por\u00a0<strong>aldona fabrikadaj servoj<\/strong>\u00a0kaj injektomolado.<\/p>\n<ul>\n<li><strong>Normaj Plastoj:<\/strong>\u00a0ABS, PC (Polikarbonato), kaj PP (Polipropileno) por \u011denerala uzo kaj konsumvaroj.<\/li>\n<li><strong>In\u011denieraj Rezinoj:<\/strong>\u00a0Nylon (PA6, PA66), POM (Delrin), kaj PEEK por alt-stresaj, alt-temperaturaj medioj.<\/li>\n<li><strong>Gum-similaj Materialoj:<\/strong>\u00a0TPE kaj TPU por super-molado kaj flekseblaj gaskets.<\/li>\n<\/ul>\n<h3>Surfaca Finado Opcioj<\/h3>\n<p>Parto ne estas kompleta sen \u011dusta fini\u011do. Ni proponas ampleksan post-traktadon por certigi ke via\u00a0<strong>rapida prototipo ilaro<\/strong>\u00a0rezultoj aspektu kaj sentu kiel la fina produkto.<\/p>\n<ul>\n<li><strong>Anodizado:<\/strong>\u00a0Tipo II kaj Tipo III por aluminio-protektado kaj kolorigado.<\/li>\n<li><strong>Pulvorkovrado &amp; Pentrado:<\/strong>\u00a0Dura koloro kongruo por estetaj partoj.<\/li>\n<li><strong>Polurado &amp; Teksturado:<\/strong>\u00a0De spegula fini\u011do (SPI-A2) \u011dis pezaj muldaj teksturoj (VDI 3400) por injektitaj partoj.<\/li>\n<li><strong>Tampado:<\/strong>\u00a0Nickelo, krom, kaj zinko-platingo por kondukteco kaj rezisto al uzado.<\/li>\n<\/ul>\n<h2>Kial Elekti Rapidajn Ililaborojn super Tradiciaj Muldiloj?<\/h2>\n<p><img loading=\"lazy\" decoding=\"async\" class=\"alignnone  wp-image-1684\" src=\"https:\/\/haoyumaterial.com\/wp-content\/uploads\/2026\/02\/rapid-prototype-tooling-300x225.jpg\" alt=\"\" width=\"531\" height=\"398\" srcset=\"https:\/\/haoyumaterial.com\/wp-content\/uploads\/2026\/02\/rapid-prototype-tooling-300x225.jpg 300w, https:\/\/haoyumaterial.com\/wp-content\/uploads\/2026\/02\/rapid-prototype-tooling-768x576.jpg 768w, https:\/\/haoyumaterial.com\/wp-content\/uploads\/2026\/02\/rapid-prototype-tooling-16x12.jpg 16w, https:\/\/haoyumaterial.com\/wp-content\/uploads\/2026\/02\/rapid-prototype-tooling-600x450.jpg 600w, https:\/\/haoyumaterial.com\/wp-content\/uploads\/2026\/02\/rapid-prototype-tooling.jpg 800w\" sizes=\"auto, (max-width: 531px) 100vw, 531px\" \/><\/p>\n<p>Movi de cifereca dezajno al fizika produkto ofte postulas sa\u011dan strategion por administri riskon kaj bu\u011deton.,\u00a0<strong>rapida prototipado kaj ilaro<\/strong>\u00a0Kvankam tradiciaj produktadmalmoloj estas la ora normo por amasproduktado,\u00a0<strong>ponto ilaro<\/strong>oferti pli flekseblan aliron por valida\u0135o kaj eniro en la merkato. Ni uzas.<\/p>\n<p>\u2014ofte kreitajn el aluminio a\u016d mola \u015dtono \u2014 por liveri funkciajn partojn en frakcio de la tempo postulata por malmolaj \u015dtalaj malmoloj.\u00a0<strong>por unu funkcia pruvo de koncepto a\u016d<\/strong>\u00a0kaj\u00a0<strong>ponto-produktado<\/strong>, \u0108i tiu aliro estas ideala por\u00a0<strong>alumino injekta \u015dmuldado<\/strong>\u00a0or\u00a0<strong>permesante al vi enigi vian produkton en la manojn de klientoj dum altvolumaj iloj ankora\u016d estas tran\u0109ataj.<\/strong>, Per uzo de.<\/p>\n<h3>mola ilaro<\/h3>\n<div class=\"table-responsive\">\n<table class=\"table\">\n<thead>\n<tr>\n<th>Trajto<\/th>\n<th>Rapida Ilado (Ponte Ilado)<\/th>\n<th>Tradiciaj Produktaj Formoj<\/th>\n<\/tr>\n<\/thead>\n<tbody>\n<tr>\n<td><strong>\u0108efa Materialo<\/strong><\/td>\n<td>\u00a0 \u00a0 \u00a0 \u00a0 \u00a0 \u00a0 \u00a0 \u00a0 \u00a0 \u00a0 \u00a0 \u00a0 \u00a0 \u00a0 \u00a0 \u00a0 \u00a0 \u00a0 \u00a0 \u00a0 \u00a0 Aluminiumo (ekz., 7075) a\u016d Molaj \u015ctaloj (P20)<\/td>\n<td>\u00a0 \u00a0 \u00a0 \u00a0 \u00a0 \u00a0 \u015closilita \u015ctalo (ekz., H13, S136)<\/td>\n<\/tr>\n<tr>\n<td><strong>Gvidotempo<\/strong><\/td>\n<td>\u00a0 \u00a0 \u00a0 \u00a0 \u00a0 \u00a0 \u00a0 \u00a0 \u00a0 \u00a0 \u00a0 \u00a0 \u00a0 \u00a0 \u00a0 \u00a0 \u00a0 \u00a0 \u00a0 \u00a0 \u00a0 \u00a0 \u00a0 \u00a0 \u00a0 1\u20134 Semajnoj<\/td>\n<td>\u00a0 \u00a0 \u00a0 \u00a0 \u00a0 \u00a0 \u00a08\u201316 Semajnoj<\/td>\n<\/tr>\n<tr>\n<td><strong>Kostefikeco<\/strong><\/td>\n<td>\u00a0 \u00a0 \u00a0 \u00a0 \u00a0 \u00a0 \u00a0 \u00a0 \u00a0 \u00a0 \u00a0 \u00a0 \u00a0 \u00a0 \u00a0 \u00a0 \u00a0 \u00a0 \u00a0 \u00a0 \u00a0 Alta (Malalta anta\u016da kosto)<\/td>\n<td>\u00a0 \u00a0 \u00a0 \u00a0 \u00a0 \u00a0 \u00a0Malalta (Alta anta\u016da kosto)<\/td>\n<\/tr>\n<tr>\n<td><strong>Vivo de ilo<\/strong><\/td>\n<td>\u00a0 \u00a0 \u00a0 \u00a0 \u00a0 \u00a0 \u00a0 \u00a0 \u00a0 \u00a0 \u00a0 \u00a0 \u00a0 \u00a0 \u00a0 \u00a0 \u00a0 \u00a0 \u00a0 \u00a0 \u00a01,000 \u2013 100,000 pafoj<\/td>\n<td>\u00a0 \u00a0 \u00a0 \u00a0 \u00a0 \u00a01,000,000+ pafoj<\/td>\n<\/tr>\n<tr>\n<td><strong>Projektado-Fleksibleco<\/strong><\/td>\n<td>\u00a0 \u00a0 \u00a0 \u00a0 \u00a0 \u00a0 \u00a0 \u00a0 \u00a0 \u00a0 \u00a0 \u00a0 \u00a0 \u00a0 \u00a0 \u00a0 \u00a0 \u00a0 \u00a0 \u00a0 \u00a0Alta (Facile por modifi\u011di)<\/td>\n<td>\u00a0 \u00a0 \u00a0 \u00a0 \u00a0 \u00a0Malsupra (Malfacile\/karie por modifi\u011di)<\/td>\n<\/tr>\n<tr>\n<td><strong>Plej Bona Por<\/strong><\/td>\n<td>\u00a0 \u00a0 \u00a0 \u00a0 \u00a0 \u00a0 \u00a0 \u00a0 \u00a0 \u00a0 \u00a0 \u00a0 \u00a0 \u00a0 \u00a0 \u00a0 \u00a0 \u00a0 \u00a0 \u00a0 Prototipado, Merkato-Testado, Malalta Kvanto<\/td>\n<td>\u00a0 \u00a0 \u00a0 \u00a0 \u00a0 \u00a0 Maseja Produktado, Longda\u016draj Ruladoj<\/td>\n<\/tr>\n<\/tbody>\n<\/table>\n<\/div>\n<h3>\u0108efaj Avanta\u011doj por Produkta Evoluado<\/h3>\n<ul>\n<li><strong>Akcelita Tempa al Merkato:<\/strong>\u00a0Ni signife reduktis la atendotempon. Vi povas lan\u0109i vian produkton kaj generi enspezojn dum finpretigas longda\u016drajn produktadplanadojn.<\/li>\n<li><strong>Kost-efika Validado:<\/strong>\u00a0<strong>Rapida prototipa ilaro<\/strong>\u00a0permesas vin testi realajn materialojn kaj injektan formadon sen devontigi vin al la alta kosto de produktada formo.<\/li>\n<li><strong>Desegna Fleksibilidad:<\/strong>\u00a0Se vi malkovras desegna difekton dum la piloto, modifi aluminian formon estas pli rapida kaj malpli kosta ol refari hardened steel.<\/li>\n<li><strong>Materiala versatileco:<\/strong>\u00a0Nia rapida ilara procezo subtenas la saman produktadkvalitan plastojn uzitajn en amasproduktado, certigante vian\u00a0<strong>ponto-produktado<\/strong>\u00a0renkontu \u0109iujn funkciajn postulojn.<\/li>\n<\/ul>\n<h2>Precizeco Vi Povas Mezuri: Kvalita Kontrolo<\/h2>\n<p>Kvalito ne estas nur markilo por ni; \u011di estas la dorso de nia tuta operacio. Kiam vi movi\u011das rapide kun\u00a0<strong>rapida prototipado kaj ilaro<\/strong>, rapido ne signifas ion se la partoj ne ta\u016dgas a\u016d funkcias \u011duste. Ni ne lasas precizecon al \u015danco\u2014ni konfirmas \u011din \u0109e \u0109iu pa\u015do por certigi vian\u00a0<strong>alta-fideleca prototipado<\/strong>\u00a0celoj estas atingitaj.<\/p>\n<p>Nia kvalita kontrolo estas rigora kaj travidebla:<\/p>\n<ul>\n<li><strong>Dezajno por Produktadikebleco (DFM):<\/strong>\u00a0Anta\u016d ni tran\u0109as e\u0109 unu peceton de materialo, niaj in\u011denieroj analizi viajn CAD-dosierojn. Ni identigas potencialajn produktadajn riskojn kaj sugestas optimigojn por certigi glatan produktadon.<\/li>\n<li><strong>Materiala Kontrolo:<\/strong>\u00a0Ni garantias ke la materialo, kiun vi specifas, estas la materialo, kiun vi ricevas.\u00a0<a href=\"https:\/\/haoyumaterial.com\/eo\/tensile-strength-of-aluminum\/\">tira forto de aluminio<\/a>\u00a0\u0108u vi bezonas konfirmi la \u015dar\u011dan subtenkeston a\u016d kontroli la malmolecon de polimero, ni provizas la necesajn materialajn atestilojn.<\/li>\n<li><strong>CMM Inspekto:<\/strong>\u00a0Ni uzas Koordinatajn Mezurilojn (CMM) por konfirmi kompleksajn geometriojn kaj striktajn toleradojn, certigante ke\u00a0<strong>rapida prototipo ilaro<\/strong>\u00a0produktitaj partoj kongruas kun via cifereca desegno \u011dis la mikrono.<\/li>\n<li><strong>ISO 9001 Konformeco:<\/strong>\u00a0Nia instala\u0135o funkcias sub striktaj internaciaj kvalitaj gvidlinioj, provizante vin kun konsekvencaj rezultoj por \u0109iu partio.<\/li>\n<\/ul>\n<p>Ni liveras pli ol nur partojn; ni liveras memfidon. De la komenca DFM-raporto \u011dis la fina dimensia inspekto, ni provizas la datumojn, kiujn vi bezonas por valida viajn desegnojn kaj progresi kun certeco.<\/p>\n<h2>Industrioj, kiujn Ni Servas<\/h2>\n<p><img loading=\"lazy\" decoding=\"async\" class=\"\" src=\"https:\/\/haoyumaterial.com\/wp-content\/uploads\/2026\/02\/Rapid_Prototyping_and_Tooling_Across_Industries_Of.webp\" alt=\"Rapida Prototipado kaj Ililaborado Tra Industrioj\" width=\"1129\" height=\"752\" \/><\/p>\n<p>Niaj rapidaj prototipaj kaj ilaraj servoj estas desegnitaj por plenumi la rigorajn postulojn de la\u00a0<a href=\"https:\/\/haoyumaterial.com\/eo\/industries\/\">diversaj industrioj<\/a>\u00a0ni kunlaboras. De validigi komencajn konceptojn \u011dis efektivigi pontan produktadon, ni provizas la fabrikadrapidecon kaj precizecon bezonatajn por konkuri en tutmondaj merkatoj.<\/p>\n<ul>\n<li><strong>A\u016dtomobiloj:<\/strong>\u00a0Ni subtenas a\u016dtomobilajn in\u011denierojn per produktado de funkciaj prototipoj por ta\u016dgeco kaj rendimento-testado. Niaj kapabloj inkluzivas fabrikadon de kompleksaj instrumentpanelaj komponantoj, lumigajn aparatojn, kaj sub-motorajn partojn uzante alt-efikecajn plastojn kaj metalojn.<\/li>\n<li><strong>Medicina:<\/strong>\u00a0La medicina sektoro dependas de ni por alta-fidele prototipado de kirurgiaj iloj kaj aparato-kapsuloj. Ni certigas striktajn toleradojn kaj glatajn finadojn esencajn por medicinaj ekipa\u0135oj kaj testado.<\/li>\n<li><strong>Aeronava:<\/strong>\u00a0Ni liveras malpezajn, alt-fortajn komponantojn kiuj eltenas ekstremajn kondi\u0109ojn. Niaj CNC-ma\u015dinado kaj aldona fabrikado-perantoj ebligas la kreon de kompleksaj geometrioj ofte postulataj en aerospaca aplikado.<\/li>\n<li><strong>Konsumantaj Elektronikoj:<\/strong>\u00a0Rapideco estas kritika en elektroniko. Ni akcelas la evoluociklon por kovriloj, butonoj, kaj strukturaj kadroj, ebligante al markoj movi\u011di de desegno al malalta volumo de fabrikado rapide.<\/li>\n<\/ul>\n<p>\u0108u vi bezonas unikan kutiman parton a\u016d milojn da unuoj, niaj adaptaj fabrikadprocezoj certigas ke via projekto plenumas specifajn industrio-normojn kaj lan\u0109ajn limdatojn.<\/p>\n<h2>Demandoj pri Prototipado kaj Ililaboro<\/h2>\n<p>Ni komprenas ke movi\u011do de cifereca desegno al fizika parto levas multajn demandojn. Jen la respondoj al la plej oftaj demandoj kiujn ni ricevas pri\u00a0<strong>rapida prototipado kaj ilaro<\/strong>\u00a0por helpi plifaciligi vian decidprocezon.<\/p>\n<h3>Kio estas la kutima anta\u016dtempo por partoj?<\/h3>\n<p>Rapideco estas la kerno de nia komerco. Por\u00a0<strong>aldona fabrikadaj servoj<\/strong>\u00a0(3D-presado) a\u016d\u00a0<strong>vakuuma verki servoj<\/strong>, ni ofte sendas partojn ene de\u00a0<strong>3 \u011dis 5 tagoj<\/strong>. Kiam temas pri\u00a0<strong>rapida prototipo ilaro<\/strong>\u00a0kaj\u00a0<strong>alumino injekta \u015dmuldado<\/strong>, nia tempolimo por T1-specimenoj estas kutime\u00a0<strong>2 \u011dis 5 semajnoj<\/strong>, depende de la komplekseco de la geometrio. \u0108i tio\u00a0<strong>rapida fabrikado<\/strong>\u00a0certigas ke vi plenumas striktajn projekto\u015dar\u011dojn.<\/p>\n<h3>Kiel mi transiras de prototipado al amasproduktado?<\/h3>\n<p>Ni speciali\u011das pri kunligo de tiu diferenco. Ni kutime komencas kun\u00a0<strong>alta-fideleca prototipado<\/strong>\u00a0por validigi la dezajnon. Post aprobo, ni movi\u011das al\u00a0<strong>ponto-produktado<\/strong>\u00a0uzante\u00a0<strong>permesante al vi enigi vian produkton en la manojn de klientoj dum altvolumaj iloj ankora\u016d estas tran\u0109ataj.<\/strong>. Tio ebligas al vi akiri\u00a0<strong>por unu funkcia pruvo de koncepto a\u016d<\/strong>\u00a0kvantojn (100 \u011dis 10,000 partoj) en la merkato dum malmolaj \u015dtalaj muldiloj estas tran\u0109itaj por amasproduktado.<\/p>\n<h3>\u0108u vi povas helpi kun materiala elekto por funkciaj prototipoj?<\/h3>\n<p>Komplete. Elekti la \u011dustan materialon estas kritika por\u00a0<strong>funkciaj prototipoj<\/strong>\u00a0kiu devas subiri strestestadon. \u0108u vi bezonas la malpeza\u0135ajn ecojn de titanio a\u016d komparas da\u016dremecon inter\u00a0<a href=\"https:\/\/haoyumaterial.com\/eo\/alloy-steel-vs-stainless-steel\/\">alo\u015dtalo kaj rusta \u015dtalo<\/a>, ni provizas spertan gvidadon por kongrui la materialon kun via apliko.<\/p>\n<h3>\u0108u vi ofertas Rekomendon pri Dezajno por Fabrikado (DFM)?<\/h3>\n<p>Jes. Anta\u016d ni tran\u0109as iun metalon por\u00a0<strong>propra CNC-ma\u015dinado<\/strong>\u00a0a\u016d ilaro, niaj in\u011denieroj provizas ampleksan\u00a0<strong>Dezajno por Fabrikado (DFM)<\/strong>\u00a0analizon. Ni identigas potencialajn problemojn kiel subkutoj, skrapa anguloj, a\u016d muro dikecoj por optimumigi vian dezajnon por\u00a0<strong>rapida injekta mulda\u0135o<\/strong>\u00a0kaj redukti kostojn.<\/p>\n<h3>\u0108u mia intelekta proprieto estas sekura?<\/h3>\n<p>Ni serioze prenas IP-protekton. Ni \u011dojas subskribi Konfidencan Interkonsenton (NDA) anta\u016d ol ricevi iujn CAD-dosierojn. Viaj desegnoj restas konfidencaj tra la tuta\u00a0<strong>prototipa evoluociklo<\/strong>.<\/p>","protected":false},"excerpt":{"rendered":"<p>Rapid prototyping and tooling by vastmaterial with CNC machining rapid injection molding and low volume manufacturing in days. Integrated Manufacturing [&hellip;]<\/p>\n","protected":false},"featured_media":1567,"comment_status":"open","ping_status":"closed","template":"","meta":{"site-sidebar-layout":"default","site-content-layout":"","ast-site-content-layout":"default","site-content-style":"default","site-sidebar-style":"default","ast-global-header-display":"","ast-banner-title-visibility":"","ast-main-header-display":"","ast-hfb-above-header-display":"","ast-hfb-below-header-display":"","ast-hfb-mobile-header-display":"","site-post-title":"","ast-breadcrumbs-content":"","ast-featured-img":"","footer-sml-layout":"","ast-disable-related-posts":"","theme-transparent-header-meta":"default","adv-header-id-meta":"","stick-header-meta":"","header-above-stick-meta":"","header-main-stick-meta":"","header-below-stick-meta":"","astra-migrate-meta-layouts":"set","ast-page-background-enabled":"default","ast-page-background-meta":{"desktop":{"background-color":"var(--ast-global-color-5)","background-image":"","background-repeat":"repeat","background-position":"center center","background-size":"auto","background-attachment":"scroll","background-type":"","background-media":"","overlay-type":"","overlay-color":"","overlay-opacity":"","overlay-gradient":""},"tablet":{"background-color":"","background-image":"","background-repeat":"repeat","background-position":"center center","background-size":"auto","background-attachment":"scroll","background-type":"","background-media":"","overlay-type":"","overlay-color":"","overlay-opacity":"","overlay-gradient":""},"mobile":{"background-color":"","background-image":"","background-repeat":"repeat","background-position":"center center","background-size":"auto","background-attachment":"scroll","background-type":"","background-media":"","overlay-type":"","overlay-color":"","overlay-opacity":"","overlay-gradient":""}},"ast-content-background-meta":{"desktop":{"background-color":"var(--ast-global-color-4)","background-image":"","background-repeat":"repeat","background-position":"center center","background-size":"auto","background-attachment":"scroll","background-type":"","background-media":"","overlay-type":"","overlay-color":"","overlay-opacity":"","overlay-gradient":""},"tablet":{"background-color":"var(--ast-global-color-4)","background-image":"","background-repeat":"repeat","background-position":"center center","background-size":"auto","background-attachment":"scroll","background-type":"","background-media":"","overlay-type":"","overlay-color":"","overlay-opacity":"","overlay-gradient":""},"mobile":{"background-color":"var(--ast-global-color-4)","background-image":"","background-repeat":"repeat","background-position":"center center","background-size":"auto","background-attachment":"scroll","background-type":"","background-media":"","overlay-type":"","overlay-color":"","overlay-opacity":"","overlay-gradient":""}}},"product_brand":[],"product_cat":[17,21,25,22,24],"product_tag":[588],"class_list":{"0":"post-1682","1":"product","2":"type-product","3":"status-publish","4":"has-post-thumbnail","6":"product_cat-stainless-steel","7":"product_cat-aluminum-alloy","8":"product_cat-copper-alloy","9":"product_cat-high-temperature-alloy","10":"product_cat-titanium-alloy","11":"product_tag-rapid-prototype-tooling","12":"desktop-align-left","13":"tablet-align-left","14":"mobile-align-left","16":"first","17":"instock","18":"shipping-taxable","19":"product-type-simple"},"_links":{"self":[{"href":"https:\/\/haoyumaterial.com\/eo\/wp-json\/wp\/v2\/product\/1682","targetHints":{"allow":["GET"]}}],"collection":[{"href":"https:\/\/haoyumaterial.com\/eo\/wp-json\/wp\/v2\/product"}],"about":[{"href":"https:\/\/haoyumaterial.com\/eo\/wp-json\/wp\/v2\/types\/product"}],"replies":[{"embeddable":true,"href":"https:\/\/haoyumaterial.com\/eo\/wp-json\/wp\/v2\/comments?post=1682"}],"wp:featuredmedia":[{"embeddable":true,"href":"https:\/\/haoyumaterial.com\/eo\/wp-json\/wp\/v2\/media\/1567"}],"wp:attachment":[{"href":"https:\/\/haoyumaterial.com\/eo\/wp-json\/wp\/v2\/media?parent=1682"}],"wp:term":[{"taxonomy":"product_brand","embeddable":true,"href":"https:\/\/haoyumaterial.com\/eo\/wp-json\/wp\/v2\/product_brand?post=1682"},{"taxonomy":"product_cat","embeddable":true,"href":"https:\/\/haoyumaterial.com\/eo\/wp-json\/wp\/v2\/product_cat?post=1682"},{"taxonomy":"product_tag","embeddable":true,"href":"https:\/\/haoyumaterial.com\/eo\/wp-json\/wp\/v2\/product_tag?post=1682"}],"curies":[{"name":"wp","href":"https:\/\/api.w.org\/{rel}","templated":true}]}}