{"id":1715,"date":"2026-02-09T10:59:08","date_gmt":"2026-02-09T02:59:08","guid":{"rendered":"https:\/\/haoyumaterial.com\/?post_type=product&#038;p=1715"},"modified":"2026-02-09T10:59:09","modified_gmt":"2026-02-09T02:59:09","slug":"how-brass-is-made-high-precision-copper-zinc-alloys-by-vastmaterial","status":"publish","type":"product","link":"https:\/\/haoyumaterial.com\/eo\/product\/how-brass-is-made-high-precision-copper-zinc-alloys-by-vastmaterial\/","title":{"rendered":"Kiel Latuno Estas Farita Altprecizeca Kupro-Zinkaj Aloja\u0135oj de Vastmaterial"},"content":{"rendered":"<p>Lernu kiel latuno estas farita \u0109e Vastmaterial de kupro-zinka aloja\u0135o fandado \u011dis malvarme rulita latuna strio kun strikta dimensia toleremo.<\/p>\n<h2>Kiel Ni Fabrikas Latunon: La Vastmaterial Normo<\/h2>\n<p>\u0108e Vastmaterial, komprenante\u00a0<strong>kiel latuno estas farita<\/strong>\u00a0estas fundamenta por liveri alt-efikecajn aloja\u0135ojn kiuj plenumas rigorajn tutmondajn normojn. Nia fabrikada procezo integras progresintan metalurgion kun strikta kvalitkontrolo por produkti superajn\u00a0<strong>Kupro-Zinko Alojo<\/strong>\u00a0materialojn. Ni kontrolas \u0109iun etapon de produktado, de la komenca fandado \u011dis la fina fendado, certigante ke niaj klientoj ricevas materialon kun precizaj kemiaj konsistoj kaj mekanikaj ecoj.<\/p>\n<h3>Kruda Materiala Selektado &amp; Fandado (Pureca Kontrolo)<\/h3>\n<p>Kvalito komenci\u011das per la krudaj ingrediencoj. Ni fontas altkvalitan elektrolizan kupron kaj zinkon, strikte kontrolante la proporcion de reciklita rubo al virga materialo por konservi purecon. La miksa\u0135o estas fandita en elektraj induktofornoj \u0109e temperaturoj superantaj 1,000\u00b0C. Dum \u0109i tiu fazo, ni faras realtempan kemian analizon por certigi, ke la konsisto kongruas kun specifaj gradoj, kiel C2600 a\u016d C2680, anta\u016d ol la metalo estas ver\u015dita.<\/p>\n<h3>Kontinua Gisado (Buleto-Formado)<\/h3>\n<p>Post kiam la alojo atingas la \u011dustan temperaturon kaj konsiston, \u011di estas transdonita al tenforno. Tra\u00a0<strong>Latuna Buleto-Gisado<\/strong>, la fandita metalo estas solidigita en kukojn a\u016d buletojn. \u0108i tiu kontinua gisadotekniko certigas unuforman internan strukturon, minimumigante porecon kaj apartigon, kio estas kritika por la struktura integreco de la fina produkto.<\/p>\n<h3>Varma Rulprocezo<\/h3>\n<p>La solidigitaj buletoj estas anta\u016dvarmigitaj kaj trapasitaj tra nia\u00a0<strong>Varma Rulmuelejo<\/strong>. Sub masiva premo, la ruloj signife reduktas la dikecon de la materialo. \u0108i tiu pa\u015do rompas la formadon de la grajneca strukturo, plibonigante la mekanikajn ecojn de la alojo kaj transformante la pezan blokon en laboradan, pli maldikan bobenon.<\/p>\n<h3>Surfaca Millingo (Skalpo)<\/h3>\n<p>Varma rulado neeviteble lasas surfacan oksidi\u011don kaj malgrandajn malpura\u0135ojn. Por garantii senmakulan finon, ni uzas precizajn millingma\u015dinojn por \u201cskali\u201d la supran kaj malsupran tavolojn de la bobeno. Tio forigas surfacajn difektojn, certigante ke la bazo-materialo estas pura kaj glata anta\u016d ol \u011di eniras la malvarman prilaboradon.<\/p>\n<h3>Preciza Malvarma Rulado<\/h3>\n<p>Por atingi precizajn dikecajn toleradojn\u2014ofte \u011dis 0.01mm\u2014la materialo pasas tra\u00a0<strong>Preciza Malvarma Rulado<\/strong>. \u0108i tiu procezo estas farata \u0109e \u0109ambra temperaturo, kio malmoli\u011das la kupro kaj rafinas la grajnecan strukturon. \u0108i tiu pa\u015do estas esenca por produkti altkvalitajn\u00a0<strong>Malvarme Rulita Kupra Folio<\/strong>\u00a0kun la preciza dikeco-konstanto postulata por kompleksaj elektronikaj konektiloj kaj a\u016dtomobilaj partoj.<\/p>\n<h3>Annealado &amp; Pickling-Traktado<\/h3>\n<p>Malvarmigo ka\u016dzas internan stre\u0109on kaj pligrandigas malmolecon. Por personecigi la temperon de la materialo, ni uzas kontrolitan\u00a0<strong>Annealadan Procezon<\/strong>. Per varmigi kaj malvarmigi la kuproon, ni restarigas flekseblecon kaj \u011dustigas la malmolecon al specifaj stato (intervalanta de mola \u2018O\u2019 \u011dis tre malmola \u2018SH\u2019). Post varmtraktado, la kupro spertas\u00a0<strong>Pickling kaj Surfaca Traktado<\/strong>\u00a0en acida banado por forigi ajnan oksidi\u011don, rezultigante puran, brilan, kaj kemie stabilan surfacon.<\/p>\n<h3>Tran\u0109ado &amp; Finado<\/h3>\n<p>La fina stadio implikas adapti la produkton al kliento-dimensioj. Nia\u00a0<strong>Precizeco Tran\u0109ado<\/strong>\u00a0linioj tran\u0109as la lar\u011dajn bobinojn en mallar\u011dajn striojn la\u016d precizaj lar\u011daj specifoj. Ni certigas randejojn sen burr'oj kaj mallar\u011dan dimensian precizecon anta\u016d pakkumi la finitan kupro-brason por malhelpi korodon dum transporto.<\/p>\n<h2>Materialaj Specifoj &amp; Gradoj<\/h2>\n<p><img decoding=\"async\" src=\"https:\/\/haoyumaterial.com\/wp-content\/uploads\/2026\/02\/brass_alloy_grades_and_manufacturing_process_GvBY6.webp\" alt=\"brasa aloja gradoj kaj fabrikadprocezo\" \/><\/p>\n<p>Kompreni\u00a0<strong>kiel latuno estas farita<\/strong>\u00a0por plenumi industrio-normojn postulas profundan enprofundi\u011don en metallurgian kompona\u0135on. En Vastmaterial, ni strikte kontrolas la kupro-zinkan proporcion por produkti alojojn kiuj kongruas kun specifaj mekanikaj postuloj, \u0109u vi bezonas altan ductilecon por profunda desegno a\u016d rigidon por struktura\u0135oj.<\/p>\n<h3>Alojo-Grad-Kompona\u0135o (H62, H65, C2600)<\/h3>\n<p>La rendimento de\u00a0<strong>kupro-zinko alojo<\/strong>\u00a0depende tute de la specifa miksa\u0135o de elementoj. Ni provizas lar\u011dan gamon de gradoj kongruantaj kun JIS, ASTM, kaj GB normoj.<\/p>\n<div class=\"table-responsive\">\n<table class=\"table\">\n<thead>\n<tr>\n<th>Gradigo (JIS\/ASTM)<\/th>\n<th>Komuna Nomo<\/th>\n<th>Kompado<\/th>\n<th>\u0108eftrajtoj<\/th>\n<\/tr>\n<\/thead>\n<tbody>\n<tr>\n<td><strong>C2600<\/strong><\/td>\n<td>Kupro en Karto\u0109o<\/td>\n<td>~70% Cu, 30% Zn<\/td>\n<td>Elstara fleksebleco, ideala por profundaj desegna\u0135oj kaj formado.<\/td>\n<\/tr>\n<tr>\n<td><strong>H65 (C2680)<\/strong><\/td>\n<td>Flava Kupro<\/td>\n<td>~65% Cu, 35% Zn<\/td>\n<td>Ekvilibrigita forto kaj formoeblo; vaste uzata en fiksiloj.<\/td>\n<\/tr>\n<tr>\n<td><strong>H62 (C2800)<\/strong><\/td>\n<td>Muntz Metal<\/td>\n<td>~62% Cu, 38% Zn<\/td>\n<td>Alta forto, pli malmola ol C2600, ta\u016dga por varmprilaboro.<\/td>\n<\/tr>\n<tr>\n<td><strong>C3604<\/strong><\/td>\n<td>Senfanda Kupro<\/td>\n<td>Pb aldoni\u011dis<\/td>\n<td>Plej supera ma\u015dinebleco por precizaj partoj.<\/td>\n<\/tr>\n<\/tbody>\n<\/table>\n<\/div>\n<h3>Haveblaj Formoj &amp; Dimensioj<\/h3>\n<p>Niaj fabrikaj kapabloj permesas al ni prilabori kupro en diversajn formojn por ta\u016dgi al via produktadlinio. De pezaj platoj \u011dis ultra-malgrandaj folioj, ni konservas striktan\u00a0<strong>dimensian toleron<\/strong>\u00a0\u0109ie en \u0109iuj produktoj.<\/p>\n<ul>\n<li><strong>Formoj:<\/strong>\u00a0Ruloj, Strioj, Folioj, Foiloj, Rodoj, kaj Tuboj.<\/li>\n<li><strong>Dikeco-Rango:<\/strong>\u00a0Kapablaj ruli\u011di \u011dis\u00a0<strong>0.01mm<\/strong>\u00a0por precizaj elektronikoj.<\/li>\n<li><strong>Lar\u011do:<\/strong>\u00a0A\u016dtomata tran\u0109ado disponebla la\u016d klientaj specifoj.<\/li>\n<\/ul>\n<h3>Temperoj kaj malmolecoj<\/h3>\n<p>La\u00a0<strong>annealado procezo<\/strong>\u00a0kaj malvarma rulado pasoj determinas la finajn temperojn de la materialo. Ni proponas plenan spektron de malmolecoj por certigi ke la materialo kondutas \u011duste kiel vi bezonas dum via fabrikado. Post kiam la mekanikaj ecoj estas agorditaj, ni anka\u016d povas apliki\u00a0<a href=\"https:\/\/haoyumaterial.com\/eo\/services\/surface-treatment\/\">specialigitajn surfacajn traktadojn<\/a>\u00a0por plibonigi koroda rezisto a\u016d konduktecon.<\/p>\n<ul>\n<li><strong>O (Kalcinita):<\/strong>\u00a0Mola, plene rekristaligita strukturo por maksimuma formebleco.<\/li>\n<li><strong>1\/4H \u011dis 1\/2H:<\/strong>\u00a0Meza malmoleco por fleksado sen krakado.<\/li>\n<li><strong>H (Mola):<\/strong>\u00a0Alta forto por plataj komponantoj.<\/li>\n<li><strong>EH \/ SH (Ekstra\/Printempa Mola):<\/strong>\u00a0Plej granda elasticidad por printempoj kaj kontaktoj.<\/li>\n<\/ul>\n<h2>Certigante Metalurgian Integritecon<\/h2>\n<p><img loading=\"lazy\" decoding=\"async\" class=\"alignnone  wp-image-1717\" src=\"https:\/\/haoyumaterial.com\/wp-content\/uploads\/2026\/02\/how-brass-is-made-300x300.jpg\" alt=\"\" width=\"437\" height=\"437\" srcset=\"https:\/\/haoyumaterial.com\/wp-content\/uploads\/2026\/02\/how-brass-is-made-300x300.jpg 300w, https:\/\/haoyumaterial.com\/wp-content\/uploads\/2026\/02\/how-brass-is-made-1024x1024.jpg 1024w, https:\/\/haoyumaterial.com\/wp-content\/uploads\/2026\/02\/how-brass-is-made-150x150.jpg 150w, https:\/\/haoyumaterial.com\/wp-content\/uploads\/2026\/02\/how-brass-is-made-768x768.jpg 768w, https:\/\/haoyumaterial.com\/wp-content\/uploads\/2026\/02\/how-brass-is-made-1536x1536.jpg 1536w, https:\/\/haoyumaterial.com\/wp-content\/uploads\/2026\/02\/how-brass-is-made-12x12.jpg 12w, https:\/\/haoyumaterial.com\/wp-content\/uploads\/2026\/02\/how-brass-is-made-600x600.jpg 600w, https:\/\/haoyumaterial.com\/wp-content\/uploads\/2026\/02\/how-brass-is-made-100x100.jpg 100w, https:\/\/haoyumaterial.com\/wp-content\/uploads\/2026\/02\/how-brass-is-made.jpg 1564w\" sizes=\"auto, (max-width: 437px) 100vw, 437px\" \/><\/p>\n<p>Kompreni\u00a0<strong>kiel latuno estas farita<\/strong>\u00a0impliki\u011das pli ol nur miksi kupro kaj zinko; \u011di postulas rigoran kontrolon por certigi ke la materialo funkcias precize kiel atendite. Ni efektivigas striktan kvalitan kontrolon por garantii ke \u0109iu bobeno kaj folio plenumas precizajn industrio-normojn.<\/p>\n<h3>Spektrometra Testado<\/h3>\n<p>Ni ne lasas la\u00a0<strong>metallurgian kompona\u0135on<\/strong>\u00a0al hazardo. Uzante progresintajn optikajn emisi-spektrometrojn, ni analizas la kemian konsiston de \u0109iu \u015dtofo. Tio certigas ke la\u00a0<strong>kupro-zinko alojo<\/strong>\u00a0proporcio estas perfekte ekvilibrigita por specifaj gradoj, kiel C2600 a\u016d C2680. \u0108i tiu pa\u015do konfirmas ke malpura\u0135oj estas minimumigitaj kaj la materialo estas kemie pura anta\u016d ol \u011di iam forlasas nian\u00a0<a href=\"https:\/\/haoyumaterial.com\/eo\/factory\/\">fabrikejon<\/a>.<\/p>\n<h3>Tensila Forto-Testado<\/h3>\n<p>Mekanika agado estas kritika por fabrikaj klientoj. Ni faras ampleksan mekanikan testadon por kontroli\u00a0<strong>tensila forto<\/strong>, plilongi\u011don kaj malmolecon.<\/p>\n<ul>\n<li><strong>Kontrolo de Grajna Strukturo:<\/strong>\u00a0Ni kontrolas, ke la kalcinada procezo atingis la \u011dustan grajngrandecon por optimuma formeblo.<\/li>\n<li><strong>Kontrolo de Agado:<\/strong>\u00a0Ni certigas, ke la latuna strio povas elteni la fizikajn stre\u0109ojn de stampado, fleksado a\u016d profunda desegnado sen fendi\u011di.<\/li>\n<\/ul>\n<h3>Atestoj ISO &amp; RoHS<\/h3>\n<p>Nia enga\u011di\u011do al kvalito estas subtenata de tutmondaj normoj. Niaj administradsistemoj estas\u00a0<strong>ISO 9001:2015 atestita<\/strong>, certigante konsekvencon tra \u0109iuj produktadlinioj. Krome, niaj materialoj estas\u00a0<strong>SGS\/RoHS kongruaj<\/strong>, farante ilin sekuraj kaj ta\u016dgaj por eksporti al merkatoj postulemaj pri striktaj mediaj regularoj, kiel ekzemple la elektronika kaj a\u016dtomobilsektoroj.<\/p>\n<h2>Industrioj Poweitaj de Vastmaterial Brass<\/h2>\n<p><img loading=\"lazy\" decoding=\"async\" class=\"wp-image-1718\" src=\"https:\/\/haoyumaterial.com\/wp-content\/uploads\/2026\/02\/dark-copper-300x225.jpg\" alt=\"\" width=\"631\" height=\"473\" srcset=\"https:\/\/haoyumaterial.com\/wp-content\/uploads\/2026\/02\/dark-copper-300x225.jpg 300w, https:\/\/haoyumaterial.com\/wp-content\/uploads\/2026\/02\/dark-copper-1024x768.jpg 1024w, https:\/\/haoyumaterial.com\/wp-content\/uploads\/2026\/02\/dark-copper-768x576.jpg 768w, https:\/\/haoyumaterial.com\/wp-content\/uploads\/2026\/02\/dark-copper-1536x1152.jpg 1536w, https:\/\/haoyumaterial.com\/wp-content\/uploads\/2026\/02\/dark-copper-2048x1536.jpg 2048w, https:\/\/haoyumaterial.com\/wp-content\/uploads\/2026\/02\/dark-copper-16x12.jpg 16w, https:\/\/haoyumaterial.com\/wp-content\/uploads\/2026\/02\/dark-copper-600x450.jpg 600w\" sizes=\"auto, (max-width: 631px) 100vw, 631px\" \/><\/p>\n<p>Kompreni\u00a0<strong>kiel latuno estas farita<\/strong>\u00a0donas al niaj klientoj la konfidon, ke niaj materialoj povas elteni la rigorajn postulojn de iliaj specifaj sektoroj. \u0108ar ni kontrolas \u0109iun pa\u015don \u2014 de la komenco\u00a0<strong>kupro-zinko alojo<\/strong>\u00a0mikso \u011dis la fina tran\u0109o \u2014 ni liveras materialojn adaptitajn por alt-efikecaj aplikoj.<\/p>\n<h3>Elektraj Komponentoj<\/h3>\n<p>Precizeco estas ne-negociable en elektroniko. Nia\u00a0<strong>dimensian toleron<\/strong>\u00a0kontrolo certigas ke kuprostrioj uzataj por konektiloj, terminaloj kaj relaj printiloj perfekte ta\u016dgas por a\u016dtomataj kunmetaj linioj.<\/p>\n<ul>\n<li><strong>Alta kondukteco:<\/strong>\u00a0Ni optimumigas la grajnan strukturon por maksimumigi elektran fluon.<\/li>\n<li><strong>Koroda Rezisto:<\/strong>\u00a0Grava por \u015daltiloj kaj \u015dtopiloj eksponitaj al varianta medio.<\/li>\n<\/ul>\n<h3>A\u016dtomobilaj Partoj<\/h3>\n<p>La a\u016dtomobilindustrio dependas de materialoj kiuj ekvilibras forton kun formoebleco. Nia kupro estas in\u011denierita por komponantoj kiel radiatoraj kernoj, sensiloj, kaj fluida prilaborado. Por specialaj sekuraj sistemoj de veturiloj, ni provizas materialojn kongruajn kun alta precizeco, similaj al niaj\u00a0<a href=\"https:\/\/haoyumaterial.com\/eo\/product\/copper-nickel-alloy-brake-line-machining-service\/\">kupro-nikela alojo bremslinia ma\u015dinado<\/a>, certigante fidindecon sub premo.<\/p>\n<h3>Arkitektura Dekoracio<\/h3>\n<p>Aestetiko gvidas \u0109i tiun sektoron. Ni provizas\u00a0<strong>brasa folia metalo<\/strong>\u00a0kun senmakula surfaca fini\u011do por intera dezajno, lifta paneloj, kaj ornamaj randoj.<\/p>\n<ul>\n<li><strong>Kolora Konsekvenco:<\/strong>\u00a0Strikta alojo-kontrolo malhelpi koloran variadon inter partioj.<\/li>\n<li><strong>Formebleco:<\/strong>\u00a0Ideala por komplikaj stampado kaj gravuraj procezoj.<\/li>\n<\/ul>\n<h3>Defendo kaj Armilaro<\/h3>\n<p>\u0108i tiu sektoro postulas la plej altan\u00a0<strong>tensila forto<\/strong>\u00a0kaj ductilecon. Ni produktas specifajn gradojn, kiel\u00a0<strong>C2600<\/strong>\u00a0kaj\u00a0<strong>C2800 Kupro<\/strong>, kiuj estas kritikaj por profund-dona aplikoj kiel municio-kapsuloj. Nia annealado estas agordita por certigi ke la materialo povas rapide etendi sen krakado, plenumi strictajn militajn specifojn.<\/p>\n<h2>Kelkfoje Demandedaj Demandoj Pri Kuproproduktado<\/h2>\n<h3>Kio estas la diferenco inter kupro kaj bronzo?<\/h3>\n<p>Dum amba\u016d estas kupro-bazitaj alojoj, la \u0109efa diferenco ku\u015das en iliaj alojspecoj.\u00a0<strong>Kupro estas alojo de kupro-zinko<\/strong>, konata pro sia brila orsimila aspekto, alta maleabileco kaj bonegaj akustikaj ecoj. \u011ci estas vaste uzata en muzikaj instrumentoj, karto\u0109aj ujoj kaj ornamaj tajladoj. Bronzo, aliflanke, estas \u0109efe kupro kaj stano. \u011ci tendencas esti pli malmola, havas ru\u011det-brunan nuancon kaj ofertas superan reziston al korodo, igante \u011din ideala por maraj aplikoj kaj lagroj. \u0108e Vastmaterial, ni speciali\u011das pri alt-precizecaj latunaj formula\u0135oj kiel C2600 kaj C2680 por plenumi specifajn industriajn bezonojn.<\/p>\n<h3>\u0108u Vastmaterial povas personecigi la malmolecon de la latuno?<\/h3>\n<p>Jes, kontroli la humoron estas kritika parto de\u00a0<strong>kiel latuno estas farita<\/strong>\u00a0en nia instala\u0135o. Per niaj precizaj\u00a0<strong>annealado procezo<\/strong>\u00a0kaj malvarmaj ruli\u011dantaj teknikoj, ni povas \u011dustigi la mekanikajn ecojn de la materialo por konveni al via apliko. Ni ne nur vendas norman stokon; ni realigas la latunon al specifaj malmolecaj taksoj, inkluzive de:<\/p>\n<ul>\n<li><strong>O (Mola):<\/strong>\u00a0Plene kalcinita por maksimuma muldebleco.<\/li>\n<li><strong>1\/4H \u011dis 1\/2H:<\/strong>\u00a0Modera malmoleco por formadaj operacioj.<\/li>\n<li><strong>H (Malfacila) al EH (Ekstra Malfacila):<\/strong>\u00a0Por aplikoj postulas altan rigidon kaj printempan ecoj.<\/li>\n<li><strong>SH (Super Malfacila):<\/strong>\u00a0Specialigita por komponantoj bezonantaj ekstreman da\u016drecon.<\/li>\n<\/ul>\n<h3>\u0108u via kuproproduktado estas ekologie amika?<\/h3>\n<p>Da\u016dripovo estas centro de niaj operacioj. Kupro estas unu el la plej reciklebaj metalo en la mondo, kaj nia procezo peze utiligas\u00a0<strong>ruban recikladon<\/strong>\u00a0por minimumigi ruba\u0135on sen kompromiti purecon. Ni funkcias sub striktaj mediumnormoj, certigante ke \u0109iuj niaj produktoj estas\u00a0<strong>RoHS kongrua<\/strong>. Per plibonigado de purigita ruba\u0135o kaj strikte kontrolante la fandan procezon, ni reduktas la karbonan piedsignon asociitan kun mineado de virga mineraloj dum konservado de la alta metala integreco atendata de niaj usonaj klientoj.<\/p>\n<p>&nbsp;<\/p>","protected":false},"excerpt":{"rendered":"<p>Learn how brass is made at Vastmaterial from copper zinc alloy melting to cold rolled brass strip with tight dimensional [&hellip;]<\/p>\n","protected":false},"featured_media":1716,"comment_status":"open","ping_status":"closed","template":"","meta":{"site-sidebar-layout":"default","site-content-layout":"","ast-site-content-layout":"default","site-content-style":"default","site-sidebar-style":"default","ast-global-header-display":"","ast-banner-title-visibility":"","ast-main-header-display":"","ast-hfb-above-header-display":"","ast-hfb-below-header-display":"","ast-hfb-mobile-header-display":"","site-post-title":"","ast-breadcrumbs-content":"","ast-featured-img":"","footer-sml-layout":"","ast-disable-related-posts":"","theme-transparent-header-meta":"default","adv-header-id-meta":"","stick-header-meta":"","header-above-stick-meta":"","header-main-stick-meta":"","header-below-stick-meta":"","astra-migrate-meta-layouts":"set","ast-page-background-enabled":"default","ast-page-background-meta":{"desktop":{"background-color":"var(--ast-global-color-5)","background-image":"","background-repeat":"repeat","background-position":"center center","background-size":"auto","background-attachment":"scroll","background-type":"","background-media":"","overlay-type":"","overlay-color":"","overlay-opacity":"","overlay-gradient":""},"tablet":{"background-color":"","background-image":"","background-repeat":"repeat","background-position":"center center","background-size":"auto","background-attachment":"scroll","background-type":"","background-media":"","overlay-type":"","overlay-color":"","overlay-opacity":"","overlay-gradient":""},"mobile":{"background-color":"","background-image":"","background-repeat":"repeat","background-position":"center center","background-size":"auto","background-attachment":"scroll","background-type":"","background-media":"","overlay-type":"","overlay-color":"","overlay-opacity":"","overlay-gradient":""}},"ast-content-background-meta":{"desktop":{"background-color":"var(--ast-global-color-4)","background-image":"","background-repeat":"repeat","background-position":"center center","background-size":"auto","background-attachment":"scroll","background-type":"","background-media":"","overlay-type":"","overlay-color":"","overlay-opacity":"","overlay-gradient":""},"tablet":{"background-color":"var(--ast-global-color-4)","background-image":"","background-repeat":"repeat","background-position":"center center","background-size":"auto","background-attachment":"scroll","background-type":"","background-media":"","overlay-type":"","overlay-color":"","overlay-opacity":"","overlay-gradient":""},"mobile":{"background-color":"var(--ast-global-color-4)","background-image":"","background-repeat":"repeat","background-position":"center center","background-size":"auto","background-attachment":"scroll","background-type":"","background-media":"","overlay-type":"","overlay-color":"","overlay-opacity":"","overlay-gradient":""}}},"product_brand":[],"product_cat":[25,26,27],"product_tag":[],"class_list":{"0":"post-1715","1":"product","2":"type-product","3":"status-publish","4":"has-post-thumbnail","6":"product_cat-copper-alloy","7":"product_cat-brass","8":"product_cat-bronze","9":"desktop-align-left","10":"tablet-align-left","11":"mobile-align-left","13":"first","14":"instock","15":"shipping-taxable","16":"product-type-simple"},"_links":{"self":[{"href":"https:\/\/haoyumaterial.com\/eo\/wp-json\/wp\/v2\/product\/1715","targetHints":{"allow":["GET"]}}],"collection":[{"href":"https:\/\/haoyumaterial.com\/eo\/wp-json\/wp\/v2\/product"}],"about":[{"href":"https:\/\/haoyumaterial.com\/eo\/wp-json\/wp\/v2\/types\/product"}],"replies":[{"embeddable":true,"href":"https:\/\/haoyumaterial.com\/eo\/wp-json\/wp\/v2\/comments?post=1715"}],"wp:featuredmedia":[{"embeddable":true,"href":"https:\/\/haoyumaterial.com\/eo\/wp-json\/wp\/v2\/media\/1716"}],"wp:attachment":[{"href":"https:\/\/haoyumaterial.com\/eo\/wp-json\/wp\/v2\/media?parent=1715"}],"wp:term":[{"taxonomy":"product_brand","embeddable":true,"href":"https:\/\/haoyumaterial.com\/eo\/wp-json\/wp\/v2\/product_brand?post=1715"},{"taxonomy":"product_cat","embeddable":true,"href":"https:\/\/haoyumaterial.com\/eo\/wp-json\/wp\/v2\/product_cat?post=1715"},{"taxonomy":"product_tag","embeddable":true,"href":"https:\/\/haoyumaterial.com\/eo\/wp-json\/wp\/v2\/product_tag?post=1715"}],"curies":[{"name":"wp","href":"https:\/\/api.w.org\/{rel}","templated":true}]}}