{"id":1816,"date":"2026-02-18T09:08:57","date_gmt":"2026-02-18T01:08:57","guid":{"rendered":"https:\/\/haoyumaterial.com\/"},"modified":"2026-02-18T09:08:57","modified_gmt":"2026-02-18T01:08:57","slug":"high-precision-casting-services-tight-tolerance-metal-parts","status":"publish","type":"product","link":"https:\/\/haoyumaterial.com\/eo\/product\/high-precision-casting-services-tight-tolerance-metal-parts\/","title":{"rendered":"Alta Precizeca Verkaado de Fandado de Metalaj Partoj kun Mallar\u011daj Tolerancoj"},"content":{"rendered":"<p>Alta precizeca fandado-servoj kun mallar\u011daj tolerancoj, progresintaj alojoj, CNC-ma\u015dinado kaj surfaca fini\u011do por kompleksaj industriaj partoj.<\/p>\n<h2>Alta Precizeca Fandado &amp; Propra Metalproduktado<\/h2>\n<p>\u0108u vi batalas por trovi fidindajn metalajn komponantojn kiuj postulas striktan dimensi\u011dan precizecon? Ni speciali\u011das en\u00a0<strong>alta precizeca fandado<\/strong>\u00a0kaj propra metalproduktado, in\u011denierita por plenumi viajn precizajn specifojn. Ni kutime konstruas\u00a0<strong>kompleksajn geometriajn metalajn partojn<\/strong>\u00a0kun mikron-nivela precizeco, certigante ke via fina produkto funkcias perfekte en la reala mondo.<\/p>\n<p>Nia kutima metala fandado estas konstruita por skali rekte kun via projekto-templinio, ofertante senjuntan transiron de komenca koncepto al fina deplojigo:<\/p>\n<ul>\n<li><strong>Micron-precizeco:<\/strong>\u00a0Perfekta plenumado de kompleksaj dezajnoj kun la plej mallar\u011daj dimensiaj toleroj.<\/li>\n<li><strong>Rapida Prototipa Kasto:<\/strong>\u00a0Rapide, fidinde da\u016dranta tempoj por testi, validigi kaj plibonigi viajn komencajn dezajnojn.<\/li>\n<li><strong>Kolektiva Produktado:<\/strong>\u00a0Kost-efika kaj senjunta skali\u011do de malalt-volumaj pruvo-de-koncepto \u015dtofoj al alt-volumaj produktadserioj.<\/li>\n<\/ul>\n<p>Haltu kompromisi pri komponenta kvalito kaj produktadaj lead-tempoj.\u00a0<strong>Petu Personan Kvitanson<\/strong>\u00a0hodia\u016d lan\u0109i vian sekvan projekton, a\u016d esplori nian plenan liston de kastaj kapabloj kaj\u00a0<strong>precizan CNC-ma\u015dinadon<\/strong>\u00a0por vidi precize kiel ni povas optimumigi vian produktadan provizlinion.<\/p>\n<h2>Kio Diferencigas Nian Precizan Kaston?<\/h2>\n<h3>Sinergio de Ret-Forma Kasto kaj Preciza CNC-Mal\u0109izado<\/h3>\n<p>Ni ne nur ver\u015das metalon; ni in\u011denierumas precizecon. Nia produktadprocezo integras la geometrikan liberecon de\u00a0<strong>Ret-Forma Kasto<\/strong>\u00a0kun la striktaj toleroj de\u00a0<strong>Preciza CNC-Ma\u015dado-Servoj<\/strong>. \u0108i tiu hibrida aliro ebligas al ni produkti\u00a0<strong>Komplekso Geometrio Metalaj Partoj<\/strong>\u2014inkluzive de kompleksaj internaj kanaloj kaj maldikaj muroj\u2014kiuj tradicia ma\u015dinado ofte malfacile reproduktas efike.<\/p>\n<h3>Efikeco kaj Surfaca Ekscelenco<\/h3>\n<p>Per fokusi\u011do pri proksimuma rektforma produktado, ni draste minimumigas ravan materialon kaj reduktas ciklotempojn. \u0108i tiu efikeco estas esenca \u0109u ni ver\u015das pezajn industrilajn komponantojn a\u016d malpezajn\u00a0<a href=\"https:\/\/haoyumaterial.com\/eo\/vara-kategorio\/aluminum-alloy\/\">aluminiajn alojojn<\/a>. Vi ricevas funkcie kompletan parton tuj el la moldo, postulas nur minimuman finadon.<\/p>\n<ul>\n<li><strong>Minimumigado de Ruba\u0135o:<\/strong>\u00a0Proksimuma rektforma formi\u011do reduktas la kvanton de stokmaterialo, kiu devas esti forigita, malaltigante la \u011deneralajn projektkostojn.<\/li>\n<li><strong>Supera Finado:<\/strong>\u00a0Ni atingi altkvalitan\u00a0<strong>Kastado Surfaca Finado RMS<\/strong>, konsekvence liverante krudeco avera\u011don (Ra) de 3.2-6.3 $mu m$.<\/li>\n<\/ul>\n<h2>Teknikaj Specifoj &amp; Tolerancoj<\/h2>\n<p>En Haoyu, ni traktas specifojn kiel postulojn, ne sugestojn. Kiel akreditita\u00a0<strong>ISO 9001 Kastado-Fabrikanto<\/strong>, ni kombinas pruvis foundry-teknikojn kun modernaj metrologioj por liveri fidindecon. Per utiligado\u00a0<a href=\"https:\/\/haoyumaterial.com\/eo\/advanced-casting-technology-for-improved-foundry-yield-and-metal-purity\/\">progresa\u0135a fandadoteknologio<\/a>, ni konservas striktan kontrolon super metalpurity kaj dimensi-stabileco, certigante ke viaj\u00a0<strong>alta precizeca fandado<\/strong>\u00a0projektoj funkcias precize kiel celite.<\/p>\n<p>Ni kreas ponton inter kruda fandado kaj precizaj in\u011denieraj teknikoj per la sekvaj kapabloj:<\/p>\n<ul>\n<li><strong>Versatilaj Metodoj:<\/strong>\u00a0Ni speciali\u011das pri la\u00a0<strong>Investfandado-Proceso<\/strong>\u00a0(Perdita \u015ca\u016dmo), kune kun premo kaj vakufandado por specialigitaj alojoj kiuj postulas pli puran fandi\u011don.<\/li>\n<li><strong>Ekstrema Precizeco:<\/strong>\u00a0Ni atingas normajn toleradojn la\u016d ISO 8062 CT4-CT6. Por kritikaj kunfandaj surfacoj postulas\u00a0<strong>Fremda Toleranco Metalaj Partoj<\/strong>, niaj enlandaj CNC-operacioj pli mallongigas precizecon \u011dis $pm 0.005$mm.<\/li>\n<li><strong>Surfaca Ekscelenco:<\/strong>\u00a0Niaj normaj finaj \u015dtofoj varias de Ra 3.2 \u011dis 6.3 $mu m$. Ni anka\u016d proponas elektropoladon kaj spegulfinadon por plenumi specifajn\u00a0<strong>Kastado Surfaca Finado RMS<\/strong>\u00a0postulojn por medicinaj a\u016d spacaj aplikoj.<\/li>\n<\/ul>\n<h3>Kapabla\u0135a Priskribo<\/h3>\n<div class=\"table-responsive\">\n<table class=\"table\">\n<thead>\n<tr>\n<th>Trajto<\/th>\n<th>Specifo<\/th>\n<\/tr>\n<\/thead>\n<tbody>\n<tr>\n<td><strong>Procesoj de ver\u015dado<\/strong><\/td>\n<td>\u00a0 \u00a0 \u00a0Investado (Perdita \u015ca\u016dmo), Vakumo, Premo<\/td>\n<\/tr>\n<tr>\n<td><strong>Dimensia toleremo<\/strong><\/td>\n<td>\u00a0 \u00a0 \u00a0 \u00a0 \u00a0 \u00a0ISO 8062 CT4-CT6 (Kastita)<\/td>\n<\/tr>\n<tr>\n<td><strong>CNC Precizeco<\/strong><\/td>\n<td>\u00a0 \u00a0 \u00a0 \u00a0 \u00a0 \u00a0 \u00a0\u011cis $pm 0.005$mm<\/td>\n<\/tr>\n<tr>\n<td><strong>Parta Pezo-Rango<\/strong><\/td>\n<td>\u00a0 \u00a0 \u00a0 \u00a0 \u00a0 \u00a0 0.005 kg \u011dis 150 kg<\/td>\n<\/tr>\n<tr>\n<td><strong>Min. Muros Dikeco<\/strong><\/td>\n<td>\u00a0 \u00a0 \u00a0 \u00a0 \u00a0 \u00a01.0mm (Materialo dependas)<\/td>\n<\/tr>\n<tr>\n<td><strong>Surfaca Rigideco<\/strong><\/td>\n<td>\u00a0 \u00a0 \u00a0 \u00a0Ra 3.2 \u2013 6.3 $mu m$ (Normo)<\/td>\n<\/tr>\n<\/tbody>\n<\/table>\n<\/div>\n<h2>Alta-efike Alia\u0135o \u015ctampado<\/h2>\n<p><img loading=\"lazy\" decoding=\"async\" class=\"alignnone  wp-image-1818\" src=\"https:\/\/haoyumaterial.com\/wp-content\/uploads\/2026\/02\/high-precision-casting-225x300.png\" alt=\"\" width=\"344\" height=\"459\" srcset=\"https:\/\/haoyumaterial.com\/wp-content\/uploads\/2026\/02\/high-precision-casting-225x300.png 225w, https:\/\/haoyumaterial.com\/wp-content\/uploads\/2026\/02\/high-precision-casting-9x12.png 9w, https:\/\/haoyumaterial.com\/wp-content\/uploads\/2026\/02\/high-precision-casting.png 433w\" sizes=\"auto, (max-width: 344px) 100vw, 344px\" \/><\/p>\n<p>Provizante fidindajn partojn tra\u00a0<strong>alta precizeca fandado<\/strong>\u00a0mezaj komencante kun \u011duste la \u011dustan metalon. Ni alportas profundan materialan sperton al via projekto por garantii striktan termikan kaj kemian stabilecon, precipe por komponantoj funkciantaj en malfacilaj medioj.<\/p>\n<p>\u0108u via Usono-bazita produktado postulas superan koroda reziston a\u016d altan stre\u0109an forton sub ekstreme varmo, ni ver\u015das la precizan alia\u0135on la laboro postulas.<\/p>\n<h3>Materialaj Kapabloj<\/h3>\n<ul>\n<li><strong>Senrusteca &amp; Dupleksa \u015ctalo:<\/strong>\u00a0Fidinda\u00a0<strong>rustorezista \u015dtala investa gipsado<\/strong>\u00a0en gradoj kiel 304, 316L, kaj 2205 por bonega da\u016drejo kaj rusta rezisto.<\/li>\n<li><strong>Superaloj &amp; Alt-tempa Materialo:<\/strong>\u00a0Peza\u016dto\u00a0<a href=\"https:\/\/haoyumaterial.com\/eo\/material-classification-and-product-applications-of-superalloys\/\">superaloj formado<\/a>\u00a0uzante metalojn kiel Inconel kaj Hastelloy por konservi strukturajn trajtojn sub intensa varmeco kaj stre\u0109o.<\/li>\n<li><strong>Ne-feraj Alioj:<\/strong>\u00a0Multflankaj, malpezaj, kaj konduktaj opcioj inkluzive de Titanium, Kupro, kaj alta toleremo\u00a0<a href=\"https:\/\/haoyumaterial.com\/eo\/product\/aluminum-die-casting-services-high-precision-oem-manufacturer-aluminum-die-casting-services-with-200t3500t-machines-tight-tolerances-multiple-alloys-cnc-machining-and-finishing-for-oem-industries\/\">aluminiaj muldaj servoj<\/a>.<\/li>\n<li><strong>Speciala Materialo:<\/strong>\u00a0Progressaj metaloj kiel Kromio Kobalto Molibdeno por striktaj medicinaj, spacaj, kaj alt-uzaj industriaj aplikoj.<\/li>\n<\/ul>\n<h2>De Dezajno \u011dis Finita Parto: Nia Procezo<\/h2>\n<p>Ni prenas plenan respondecon pri via projekto, gvidante \u011din de cifereca koncepto \u011dis produktad-preta komponento. Per integri\u011do\u00a0<strong>Ret-Forma Kasto<\/strong>\u00a0de principoj frue, ni plifaciligas produktadon por \u015dpari tempon kaj monon. Ni administras \u0109iun variablon por certigi ke la fina produkto kongruas kun viaj precizaj presaj specifoj.<\/p>\n<p>Jen kiel ni transformas kompleksan in\u011denieradon en reala\u0135on:<\/p>\n<ul>\n<li><strong>R&amp;D kaj Ilumado:<\/strong>\u00a0Ni ne simple divenas; ni simulas. Uzante progresintan CAD- kaj flu-simila\u0135an programaron, ni analizas solidi\u011dajn \u015dablonojn por desegni ilojn kiuj eliminas porozecon kaj kontrakti\u011don anta\u016d ol ni e\u0109 ver\u015das metalon.<\/li>\n<li><strong>Vaxinjekto kaj \u015delkonstruo:<\/strong>\u00a0Konsekvenco estas kritika en la\u00a0<strong>Investfandado-Proceso<\/strong>. Ni uzas a\u016dtomatan vaxinjekton por krei precizajn kopiojn, sekvitan de konstruo de altfortaj ceramika \u015deloj kiuj difinas la finan surfacan finon.<\/li>\n<li><strong>Sekundaraj Operacioj:<\/strong>\u00a0Post kiam la metalo malvarmi\u011das, ni rafinas la parton. \u0108i tiu stadio inkluzivas tran\u0109adon, mueladon, kaj uzadon de niaj\u00a0<a href=\"https:\/\/haoyumaterial.com\/eo\/services\/\">ampleksaj ma\u015dinaj servoj<\/a>\u00a0por atingi tolerancojn tiel stre\u0109ajn kiel $pm 0.005$mm tra\u00a0<strong>Preciza CNC-Ma\u015dado-Servoj<\/strong>.<\/li>\n<li><strong>Kvalita Kontrolo:<\/strong>\u00a0Ni kontrolas \u0109iun specifa\u0135on. Uzante CMM por dimensi\u011da precizeco, spektrometrojn por kemia analizo, kaj NDT-metodojn, ni certigas ke \u0109iu peco plenumas la striktajn normojn de supera klaso\u00a0<strong>ISO 9001 Kastado-Fabrikanto<\/strong>.<\/li>\n<\/ul>\n<h2>Fidinda de Kritikaj Industrioj<\/h2>\n<p><img loading=\"lazy\" decoding=\"async\" class=\"alignnone  wp-image-1819\" src=\"https:\/\/haoyumaterial.com\/wp-content\/uploads\/2026\/02\/8620-Alloy-steel-300x300.jpg\" alt=\"\" width=\"355\" height=\"355\" srcset=\"https:\/\/haoyumaterial.com\/wp-content\/uploads\/2026\/02\/8620-Alloy-steel-300x300.jpg 300w, https:\/\/haoyumaterial.com\/wp-content\/uploads\/2026\/02\/8620-Alloy-steel-150x150.jpg 150w, https:\/\/haoyumaterial.com\/wp-content\/uploads\/2026\/02\/8620-Alloy-steel-768x768.jpg 768w, https:\/\/haoyumaterial.com\/wp-content\/uploads\/2026\/02\/8620-Alloy-steel-12x12.jpg 12w, https:\/\/haoyumaterial.com\/wp-content\/uploads\/2026\/02\/8620-Alloy-steel-600x600.jpg 600w, https:\/\/haoyumaterial.com\/wp-content\/uploads\/2026\/02\/8620-Alloy-steel-100x100.jpg 100w, https:\/\/haoyumaterial.com\/wp-content\/uploads\/2026\/02\/8620-Alloy-steel.jpg 900w\" sizes=\"auto, (max-width: 355px) 100vw, 355px\" \/><\/p>\n<p>Kiam sekureco kaj rendimento estas nekompromiseblaj, nia\u00a0<strong>alta precizeca fandado<\/strong>\u00a0provizas. Ni ne nur ver\u015das metalon; ni in\u011denierumas solvojn por sektoroj kie fiasko ne estas opcio. Nia procezo certigas ke e\u0109 la plej\u00a0<strong>kompleksajn geometriajn metalajn partojn<\/strong>\u00a0satisfakas la rigorajn normojn postulatajn de usonaj fabrikantoj.<\/p>\n<ul>\n<li><strong>Aeronava:<\/strong>\u00a0Ni fabrikas flugkritajn komponantojn kiel turbinaj klingoj kaj strukturaj elementoj.\u00a0<strong>Aeroespaca grado ver\u015dado<\/strong>\u00a0postulas absolutan perfektecon, kaj ni provizas la spureblecon kaj materialan integrecon necesan por alt-altituda rendimento.<\/li>\n<li><strong>Energio &amp; Potenco:<\/strong>\u00a0De poten-generado \u011dis ekstraktado, ni provizas da\u016drajn impelilojn kaj valvkorpojn. Niaj komponantoj estas konstruitaj por rezisti ekstremajn premojn, servante kiel fidindaj solvoj por la\u00a0<a href=\"https:\/\/haoyumaterial.com\/eo\/industries\/oil-gas\/\">oleo kaj gasindustrio<\/a>.<\/li>\n<li><strong>A\u016dtomobiloj:<\/strong>\u00a0Efikeco gvidas \u0109i tiun industrion. Ni produktas malpezajn, altfortajn turbo\u015dar\u011dilajn komponantojn kaj nodojn, ofte uzante\u00a0<a href=\"https:\/\/haoyumaterial.com\/eo\/aluminum-casting-manufacturer-for-custom-precision-parts\/\">kustomitan aluminian fandadon<\/a>\u00a0por plibonigi fuelan ekonomion sen oferi da\u016dremecon.<\/li>\n<li><strong>Medicina:<\/strong>\u00a0Precizeco estas esenca kiam vivoj estas en dan\u011dero. Ni fandas kompleksajn implantadojn kaj kirurgiajn ilojn kun biokompatibilaj materialoj, certigante glatajn fini\u011dojn kaj precizajn toleradojn.<\/li>\n<\/ul>\n<p>Ni komprenas la unikajn regulajn kaj kvalitatajn barojn en \u0109i tiuj kampoj. \u0108u estas ISO-normoj a\u016d specifaj materialaj atestiloj, ni harmonias nian produktadon kun la koro de via industrio.<\/p>\n<h2>La Haoyu Avanta\u011do en Preciza Fabrikado<\/h2>\n<p>Kiam vi a\u0109etas\u00a0<strong>alta precizeca fandado<\/strong>, vi bezonas pli ol nur vendiston; vi bezonas partneron kiu komprenas la riskojn. Ni kombinas progresintan teknologion kun praktika sperto por liveri rezultojn kiuj konservas vian produktadlinion movi\u011danta.<\/p>\n<h3>Integrita Produktadadministrado<\/h3>\n<p>Ni simpligis nian tutan operacion por forigi nenecesajn prokrastojn. Per konservado de kritikaj procezoj en la hejmo\u2014de la komenco\u00a0<strong>investa kastinga procezo<\/strong>\u00a0\u011dis fina fini\u011do\u2014ni signife reduktas la lead-tempojn. Vi ricevas viajn partojn pli rapide, permesante vin resti anta\u016d la merkataj postuloj sen kompromiti kvaliton.<\/p>\n<h3>Kustomizado Strikte Konstruita la\u016d Via Preso<\/h3>\n<p>Ni ne kredas je \u201cproksimume\u201d. Kiel\u00a0<strong>ISO 9001 fandad-fabrikanto<\/strong>, ni estas dedi\u0109itaj al plena personecigo kiu strikt sekvas viajn in\u011denierajn desegnojn.\u00a0<a href=\"https:\/\/haoyumaterial.com\/eo\/valve-castings-manufacturer-custom-oem-valve-bodies\/\">la\u016dmendajn OEM-valvokorpojn<\/a>, \u0108u vi evoluigas kompleksajn aerospacajn komponantojn a\u016d.<\/p>\n<h3>Spertan In\u011denieria Subteno<\/h3>\n<p>ni certigas ke \u0109iu trajto plenumas viajn precizajn specifojn. Nia teamo estas lerta je traktado de kompleksaj geometrioj kiuj aliaj butikumoj eble malakceptus.\u00a0<a href=\"https:\/\/haoyumaterial.com\/eo\/investment-mould-guide-tooling-costs-materials-lifespan\/\">Haltu mal\u015dpari tempon klarigante teknikajn postulojn al vendistoj. Kun Haoyu, vi havas rektan aliron al niaj metalurgiaj in\u011denieroj.<\/a>\u00a0Ni laboras kun vi por solvi kompleksajn desegnajn defiojn kaj optimumigi vian ilarstrategion.\u00a0<strong>precizan CNC-ma\u015dinadon<\/strong>\u00a0Se vi navigas inter la kompromisoj inter kosto kaj da\u016dreco, nia teamo povas helpi vin apliki la principojn de nia.<\/p>\n<h2>investa \u015dmoldgvidilo<\/h2>\n<p>al via specifa projekto. \u0108i tiu kunlaboro certigas ke vi elprenas la plej grandan profiton de niaj\u00a0<strong>alta precizeca fandado<\/strong>\u00a0kapabloj. Por pli da detaloj pri logistiko kaj pagoj, vi povas vidi nian\u00a0<a href=\"https:\/\/haoyumaterial.com\/eo\/faqs\/\">ampleksan fabrikadan ofte demandata\u0135aron<\/a>.<\/p>\n<h3>Difino inter Investa Guto kaj Preciza Guto<\/h3>\n<p>Kvankam ofte uzataj inter\u015dan\u011deble, ekzistas teknika diferenco.\u00a0<strong>Preciza guto<\/strong>\u00a0estas la pli vasta termino por iu ajn guta procezo kiu liveras striktajn toleradojn, malaltan surfacan krudon, kaj proksime de-neta formo.<\/p>\n<ul>\n<li><strong>La Kategorio:<\/strong>\u00a0Preciza guto inkluzivas diversajn metodojn kiel gipso\u015dtof, keramik\u015dtof, kaj perdita cindro.<\/li>\n<li><strong>La Procezo:<\/strong>\u00a0La\u00a0<strong>Investfandado-Proceso<\/strong>\u00a0(Perdita \u015ctofo) estas la plej populara\u00a0<em>tipo<\/em>\u00a0de preciza fandado.<\/li>\n<li><strong>Verdikto:<\/strong>\u00a0\u0108iuj investa fandado estas preciza fandado, sed ne \u0109iuj precizaj fandadoj estas investa fandado.<\/li>\n<\/ul>\n<h3>Minimumaj Mendo-Kvantoj (MOQ)<\/h3>\n<p>Ni komprenas ke la projektoj bezonas varias de R&amp;D \u011dis plena merkata lan\u0109o. Ni ne postulas restriktivajn minimumojn por alta volumeno.<\/p>\n<ul>\n<li><strong>Rapida Prototipa Kasto:<\/strong>\u00a0Ni akceptas unu-unuan ordon por helpi vin validegi dezajnojn kaj geometriojn.<\/li>\n<li><strong>Malalta-Volumena Produktado:<\/strong>\u00a0Ideala por specializitaj industriaj ma\u015dinoj a\u016d merkataj testoj.<\/li>\n<li><strong>Kolektiva Produktado:<\/strong>\u00a0Skaleblaj a\u016dtomatigitaj linioj por alta volumeno de mendoj kun optimumigitaj kostoj por unuunuoj.<\/li>\n<\/ul>\n<h3>Dispono de varmotraktaj servoj<\/h3>\n<p>\u015ctampado ofte estas nur la komenco. Por certigi ke viaj partoj plenumas striktajn mekanikajn postulojn, ni provizas plenajn varmotraktajn servojn post \u015dtampado. Tio estas kritike por maksimumigi la rendimenton de specialaj materialoj, kiel\u00a0<a href=\"https:\/\/haoyumaterial.com\/eo\/cobalt-alloy-casting\/\">kobalto-bazitaj alojoj<\/a>\u00a0a\u016d rustaj \u015dtalejoj per precipita hardi\u011do.<\/p>\n<div class=\"table-responsive\">\n<table class=\"table\">\n<thead>\n<tr>\n<th>Traktado Tipo<\/th>\n<th>\u0108efa Avanta\u011do<\/th>\n<\/tr>\n<\/thead>\n<tbody>\n<tr>\n<td><strong>Solva Annealado<\/strong><\/td>\n<td>Reenigas koroda reziston kaj ductilecon post fandado.<\/td>\n<\/tr>\n<tr>\n<td><strong>Malvarmigo &amp; Temperado<\/strong><\/td>\n<td>Kreskigas malmolecon kaj elfluon de forto.<\/td>\n<\/tr>\n<tr>\n<td><strong>Maljuni\u011do (Precipita Hardi\u011do)<\/strong><\/td>\n<td>Plej maksimumigas forton en superaloj kaj specialaj gradoj.<\/td>\n<\/tr>\n<\/tbody>\n<\/table>\n<\/div>","protected":false},"excerpt":{"rendered":"<p>High precision casting services with tight tolerances advanced alloys CNC machining and surface finishing for complex industrial parts. High Precision [&hellip;]<\/p>\n","protected":false},"featured_media":1817,"comment_status":"open","ping_status":"closed","template":"","meta":{"site-sidebar-layout":"default","site-content-layout":"","ast-site-content-layout":"default","site-content-style":"default","site-sidebar-style":"default","ast-global-header-display":"","ast-banner-title-visibility":"","ast-main-header-display":"","ast-hfb-above-header-display":"","ast-hfb-below-header-display":"","ast-hfb-mobile-header-display":"","site-post-title":"","ast-breadcrumbs-content":"","ast-featured-img":"","footer-sml-layout":"","ast-disable-related-posts":"","theme-transparent-header-meta":"default","adv-header-id-meta":"","stick-header-meta":"","header-above-stick-meta":"","header-main-stick-meta":"","header-below-stick-meta":"","astra-migrate-meta-layouts":"set","ast-page-background-enabled":"default","ast-page-background-meta":{"desktop":{"background-color":"var(--ast-global-color-5)","background-image":"","background-repeat":"repeat","background-position":"center center","background-size":"auto","background-attachment":"scroll","background-type":"","background-media":"","overlay-type":"","overlay-color":"","overlay-opacity":"","overlay-gradient":""},"tablet":{"background-color":"","background-image":"","background-repeat":"repeat","background-position":"center center","background-size":"auto","background-attachment":"scroll","background-type":"","background-media":"","overlay-type":"","overlay-color":"","overlay-opacity":"","overlay-gradient":""},"mobile":{"background-color":"","background-image":"","background-repeat":"repeat","background-position":"center center","background-size":"auto","background-attachment":"scroll","background-type":"","background-media":"","overlay-type":"","overlay-color":"","overlay-opacity":"","overlay-gradient":""}},"ast-content-background-meta":{"desktop":{"background-color":"var(--ast-global-color-4)","background-image":"","background-repeat":"repeat","background-position":"center center","background-size":"auto","background-attachment":"scroll","background-type":"","background-media":"","overlay-type":"","overlay-color":"","overlay-opacity":"","overlay-gradient":""},"tablet":{"background-color":"var(--ast-global-color-4)","background-image":"","background-repeat":"repeat","background-position":"center center","background-size":"auto","background-attachment":"scroll","background-type":"","background-media":"","overlay-type":"","overlay-color":"","overlay-opacity":"","overlay-gradient":""},"mobile":{"background-color":"var(--ast-global-color-4)","background-image":"","background-repeat":"repeat","background-position":"center center","background-size":"auto","background-attachment":"scroll","background-type":"","background-media":"","overlay-type":"","overlay-color":"","overlay-opacity":"","overlay-gradient":""}}},"product_brand":[],"product_cat":[17,21,25,22,24],"product_tag":[617],"class_list":{"0":"post-1816","1":"product","2":"type-product","3":"status-publish","4":"has-post-thumbnail","6":"product_cat-stainless-steel","7":"product_cat-aluminum-alloy","8":"product_cat-copper-alloy","9":"product_cat-high-temperature-alloy","10":"product_cat-titanium-alloy","11":"product_tag-high-precision-casting","12":"desktop-align-left","13":"tablet-align-left","14":"mobile-align-left","16":"first","17":"instock","18":"shipping-taxable","19":"product-type-simple"},"_links":{"self":[{"href":"https:\/\/haoyumaterial.com\/eo\/wp-json\/wp\/v2\/product\/1816","targetHints":{"allow":["GET"]}}],"collection":[{"href":"https:\/\/haoyumaterial.com\/eo\/wp-json\/wp\/v2\/product"}],"about":[{"href":"https:\/\/haoyumaterial.com\/eo\/wp-json\/wp\/v2\/types\/product"}],"replies":[{"embeddable":true,"href":"https:\/\/haoyumaterial.com\/eo\/wp-json\/wp\/v2\/comments?post=1816"}],"wp:featuredmedia":[{"embeddable":true,"href":"https:\/\/haoyumaterial.com\/eo\/wp-json\/wp\/v2\/media\/1817"}],"wp:attachment":[{"href":"https:\/\/haoyumaterial.com\/eo\/wp-json\/wp\/v2\/media?parent=1816"}],"wp:term":[{"taxonomy":"product_brand","embeddable":true,"href":"https:\/\/haoyumaterial.com\/eo\/wp-json\/wp\/v2\/product_brand?post=1816"},{"taxonomy":"product_cat","embeddable":true,"href":"https:\/\/haoyumaterial.com\/eo\/wp-json\/wp\/v2\/product_cat?post=1816"},{"taxonomy":"product_tag","embeddable":true,"href":"https:\/\/haoyumaterial.com\/eo\/wp-json\/wp\/v2\/product_tag?post=1816"}],"curies":[{"name":"wp","href":"https:\/\/api.w.org\/{rel}","templated":true}]}}