{"id":1867,"date":"2026-02-23T14:55:30","date_gmt":"2026-02-23T06:55:30","guid":{"rendered":"https:\/\/haoyumaterial.com\/?post_type=product&#038;p=1867"},"modified":"2026-02-23T14:55:31","modified_gmt":"2026-02-23T06:55:31","slug":"cnc-titanium-machining-services-for-precision-custom-parts-2","status":"publish","type":"product","link":"https:\/\/haoyumaterial.com\/eo\/product\/cnc-titanium-machining-services-for-precision-custom-parts-2\/","title":{"rendered":"CNC Titanium Machining Servoj por Precizaj Propraj Partoj"},"content":{"rendered":"<p>Precizeco CNC titaniummalanta servoj por aviadaj kaj medicinaj partoj kun mallar\u011daj toleroj kaj progresintaj 5-aksa kapabloj.<\/p>\n<h2>Kial Elekti Vastmaterial por Titaniummalanta Machining?<\/h2>\n<p>Trovi\u00a0<strong>Titaniummalanta Parto Provizanto<\/strong>\u00a0kiu konstante liveras kvaliton estas grava obstaklo por a\u0109etaj administrantoj kaj in\u011denieroj. Titaniummalaj alojoj ofertas mirindan forto-pezo rilaton kaj koroda rezisto, sed ili estas famaj pro ilia malfacileco ma\u015dini pro alta termika stabileco kaj fortikeco. En Vastmaterial, ni speciali\u011das en\u00a0<strong>cnc titana ma\u015dinado<\/strong>, uzante plej novan teknologion por transformi kompleksajn specifojn en alta-efikeca realeco.<\/p>\n<h3>Superado de Machining Defioj<\/h3>\n<p>Ni ne nur tran\u0109as metalon; ni in\u011denierumas solvojn por alt-stresaj medioj. Nia teamo kombinas progresintan materialsciencon kun praktika fabrikadeksperto por majstri\u00a0<strong>titanio cnc-ma\u015dado<\/strong>.<\/p>\n<ul>\n<li><strong>Varma Administrado:<\/strong>\u00a0Ni uzas progresintajn teknikojn por administri la ekstreman varmecon reziston de titanio, certigante ke la materialaj ecoj restu sen\u015dan\u011ditaj dum la tran\u0109a procezo.<\/li>\n<li><strong>Materiala Ekspertizo:<\/strong>\u00a0De\u00a0<strong>Ti-6Al-4V Ma\u015dadaj Servoj<\/strong>\u00a0al kutimaj alojoj, ni komprenas kiel malsamaj gradigoj reagias al stre\u0109o kaj varmego.<\/li>\n<li><strong>Redukita nefunkciado:<\/strong>\u00a0Nia integrita produktadadministrado minimumigas la komunajn erarojn de\u00a0<strong>malmola metala ma\u015dado<\/strong>, konservante vian projekton en horaro.<\/li>\n<\/ul>\n<h3>Senkompara Precizeco &amp; Tolerancoj<\/h3>\n<p>En sektoroj kiel aviado, gasturbinoj, kaj marindustrio, precizeco estas ne-negociinda. Ni estas enga\u011ditaj liveri\u00a0<strong>konstantan precizecon<\/strong>\u00a0kaj\u00a0<strong>mallar\u011daj toleroj<\/strong>\u00a0\u0109iutage.<\/p>\n<ul>\n<li><strong>Superaj Surfaca Finadoj:<\/strong>\u00a0Nia\u00a0<strong>Preciza Titanium Milling<\/strong>\u00a0procezoj atingi la precizan surfacan kvaliton postulatan por kritikaj komponantoj.<\/li>\n<li><strong>Propraj Specifoj:<\/strong>\u00a0Ni provizas personigitajn solvojn desegnitajn specife por plenumi viajn unikajn projekto-bezono, certigante fidindan rendimenton en postulemaj aplikoj.<\/li>\n<\/ul>\n<h3>Ebligo por ajna projekta grandeco<\/h3>\n<p>\u0108u vi bezonas rapidan prototipadon a\u016d plen-grandecan produktadon, nia instala\u0135o estas konstruita por skali. Ni subtenas grand-skalan operacion per modernaj fabrikaj plantoj ekipitaj kun\u00a0<strong>realtima monitorado<\/strong>\u00a0kaj datumaj analizoj. Tio ebligas al ni konservi striktan kvalitan kontrolon dum maksimumigas produktadlinian efikecon.<\/p>\n<div class=\"table-responsive\">\n<table class=\"table\">\n<thead>\n<tr>\n<th>Kapacito<\/th>\n<th>Avanta\u011do por Vi<\/th>\n<\/tr>\n<\/thead>\n<tbody>\n<tr>\n<td><strong>Fermaj toleroj<\/strong><\/td>\n<td>\u00a0 \u00a0 \u00a0 \u00a0 \u00a0 \u00a0 \u00a0 \u00a0 \u00a0 \u00a0 \u00a0 \u00a0 \u00a0 \u00a0 \u00a0 \u00a0 \u00a0 \u00a0 \u00a0 \u00a0 \u00a0 \u00a0 \u00a0 \u00a0 \u00a0Certigas sen\u0109esan kunigon por <strong>cnc titanio<\/strong>\u00a0partoj en precizaj ekipa\u0135oj.<\/td>\n<\/tr>\n<tr>\n<td><strong>Realtima Monitorado<\/strong><\/td>\n<td>\u00a0 \u00a0 \u00a0 \u00a0 \u00a0 \u00a0 \u00a0 \u00a0 \u00a0 \u00a0 \u00a0 \u00a0 \u00a0 \u00a0 \u00a0 \u00a0 \u00a0 \u00a0 \u00a0 \u00a0 \u00a0 \u00a0 \u00a0 \u00a0 \u00a0 \u00a0Garantias travideblecon kaj \u011dustatempa livero por grandaj mendoj.<\/td>\n<\/tr>\n<tr>\n<td><strong>Plej progresinta esplorado kaj disvolvi\u011do<\/strong><\/td>\n<td>\u00a0 \u00a0 \u00a0 \u00a0 \u00a0 \u00a0 \u00a0 \u00a0 \u00a0 \u00a0 \u00a0 \u00a0 \u00a0 \u00a0 \u00a0 \u00a0 \u00a0 \u00a0 \u00a0 \u00a0 \u00a0 \u00a0 Da\u016dra novigado en ma\u015dinaj teknikoj por supera da\u016drebleco.<\/td>\n<\/tr>\n<\/tbody>\n<\/table>\n<\/div>\n<h2>Niaj Titanium CNC Kapabloj<\/h2>\n<p>Ni funkcias en moderna fabrikadinstala\u0135o ekipita por trakti la unikajn defiojn de\u00a0<strong>cnc titana ma\u015dinado<\/strong>. Titanium estas malmola por iloj kaj postulas rigidajn aran\u011dojn por efike administri varmoproduktadon. Ni kombinas progresintajn ma\u015dinojn kun realtempa monitorado por liveri konstantan precizecon, certigante ke \u0109iu komponanto plenumas viajn ekzaktajn specifojn.<\/p>\n<h3>CNC Milling (3, 4, &amp; 5-Axaj)<\/h3>\n<p>Nia butiko prezentas plej novajn ma\u015dincentrojn desegnitajn por\u00a0<strong>Preciza Titanium Milling<\/strong>. Ni uzas 3, 4, kaj\u00a0<strong>5-Axajn CNC Titanium<\/strong>\u00a0ma\u015dinojn por produkti kompleksajn geometriojn kun malpli da agordoj. \u0108i tiu multi-axila aliro signife plibonigas pozicion precizecon kaj reduktas lead-tempojn por kompleksaj\u00a0<strong>Titanium CNC Partoj<\/strong>.<\/p>\n<ul>\n<li><strong>Kombinaj Geometrioj:<\/strong>\u00a05-axaj kapabloj permesas al ni ma\u015dini subkrucojn kaj kompleksajn konturojn sen re-fikso.<\/li>\n<li><strong>Fremdaj Tolerancoj:<\/strong>\u00a0Ni konservas striktan dimensioman kontrolon, esencon por aviado kaj medicinaj aplikoj.<\/li>\n<\/ul>\n<h3>CNC Turnado &amp; Lat\u0109o<\/h3>\n<p>Por cilindraj komponantoj kiel \u015daftoj, pinioj, kaj rapidiloj, niaj\u00a0<strong>CNC Titanium Lathe Work<\/strong>\u00a0donas superajn surfacajn finajn kaj koncentri\u011don. Ni proponas\u00a0<strong>Kustom Titanium Turnadon<\/strong>\u00a0servojn kiuj ampleksas de rapida prototipado \u011dis alta volumena produktado. Niaj turnadcentroj estas optimumigitaj por tran\u0109i tra malfacilaj titanaj gradoj dum konservado de rapido kaj precizeco.<\/p>\n<h3>Wire EDM<\/h3>\n<p>Kiam tradiciaj tran\u0109iloj ne povas atingi profundajn angulojn a\u016d kiam la parto postulas nulan tran\u0109an forton, ni uzas\u00a0<strong>Wire EDM Titanium<\/strong>\u00a0solvojn. \u0108i tiu procezo estas kritika por\u00a0<strong>Malsupra Metalma\u015dinado<\/strong>, permesante al ni tran\u0109i tre malmolan titanajn alojojn kun mikron-precizeco. Drata EDM estas ideala por krei delikatajn trajtojn kaj mallertajn internajn radiusojn sen indukti termikan stre\u0109on a\u016d materialan deformadon.<\/p>\n<h3>Sekundaraj Operacioj<\/h3>\n<p>Produktado ne \u0109esas \u0109e la ma\u015dino. Ni provizas ampleksajn finajn servojn por certigi ke viaj partoj estas pretaj por tujaj kunmetadoj. Nia profunda kompreno de materialaj propra\u0135oj, simila al la teknika sperto detale priskribita en nia\u00a0<a href=\"https:\/\/haoyumaterial.com\/eo\/casting-alloy-guide-types-properties-applications-and-selection\/\">\u015ctofa aloja gvidilo<\/a>, certigas ke ni apliki\u011das al \u011dustaj finaj teknikoj kiuj ne kompromitos la strukturon de la titanio.<\/p>\n<ul>\n<li><strong>Forigado de randoj:<\/strong>\u00a0Forigado de akraj randoj kaj ma\u015dinaj randoj.<\/li>\n<li><strong>Surfaca Pretigo:<\/strong>\u00a0Purigado kaj pretigado de surfacoj por progresinta platingo a\u016d anodizado.<\/li>\n<\/ul>\n<h2>Titanio-Gradoj Ni Ma\u015dinas<\/h2>\n<p>Elekti la \u011dustan materialon estas kritika por efikeco en alt-stresaj medioj. Ni provizas spertan\u00a0<strong>cnc titana ma\u015dinado<\/strong>\u00a0tra gamo de alojoj, certigante ke viaj komponantoj plenumas la precizajn mekanikajn kaj termikajn ecojn postulatajn de via industrio.<\/p>\n<h3>Klaso 5 (Ti-6Al-4V)<\/h3>\n<p>Tio estas la \u201clabor\u0109evalo\u201d de la titanio-industrio.\u00a0<strong>Grado 5 Titanio Ma\u015dinado<\/strong>\u00a0estas nia plej petita servo por spac- kaj a\u016dtomobilaj aplikoj pro \u011dia escepta forto-pezo rilato. Nia\u00a0<strong>Ti-6Al-4V Ma\u015dadaj Servoj<\/strong>\u00a0povas liveri partojn kiuj konservas altan termikan stabilecon kaj koroda rezisto, e\u0109 sub ekstremaj operaciaj \u015dar\u011doj.<\/p>\n<h3>Grado 2 (Komerca Pura)<\/h3>\n<p>Kiam koroda rezisto superas stre\u0109an forton, ni uzas\u00a0<strong>Grado 2 Titano<\/strong>. Kiel\u00a0<strong>Titaniummalanta Parto Provizanto<\/strong>, ni ofte ma\u015dinas \u0109i tiun komercie puran gradon por kemia prilaborado kaj marindustriaj projektoj. \u011ci ofertas bonegan formeblecon kaj pli bone toleras agresivan oksidi\u011don ol multaj aliaj metalo.<\/p>\n<h3>Klaso 23 (Ti-6Al-4V ELI)<\/h3>\n<p>Por la medicina sektoro, pureco kaj biokompatibilidado estas ne-negocieblaj. Ni fabrikas\u00a0<strong>Medicina Grado Titano-Komponentoj<\/strong>\u00a0uzante\u00a0<strong>Klaso 23 (Ti-6Al-4V ELI)<\/strong>. \u0108i tiu Extra Malalta Intersticia (ELI) varianto provizas superan frakturan fortikecon, farante \u011din la normo por kirurgiaj enplantadoj kaj kritikaj medicinaj aparatoj.<\/p>\n<h3>Propraj Alojoj<\/h3>\n<p>Niaj kapabloj etendi\u011das preter la normaj stokoj. Ni kunlaboras kun klientoj pri\u00a0<strong>Titania Aloja Fabrikado<\/strong>\u00a0por specialigitaj aplikoj postuladantaj unikajn materialajn propra\u0135ojn. Per utiligado de\u00a0<a href=\"https:\/\/haoyumaterial.com\/eo\/advanced-casting-technology-for-improved-foundry-yield-and-metal-purity\/\">altnivela fanda teknologio por plibonigita fandeja rendimento kaj metala pureco<\/a>, nia R&amp;D-teamo certigas ke e\u0109 propraformulitaj alojoj plenumas rigordajn normojn por da\u016dreco kaj konstanteco.<\/p>\n<h2>Industriaj Aplikoj por Machinaj Titanaj Partoj<\/h2>\n<p><img loading=\"lazy\" decoding=\"async\" class=\"alignnone  wp-image-1870\" src=\"https:\/\/haoyumaterial.com\/wp-content\/uploads\/2026\/02\/cnc-titanium-machining-1-196x300.jpg\" alt=\"\" width=\"271\" height=\"415\" srcset=\"https:\/\/haoyumaterial.com\/wp-content\/uploads\/2026\/02\/cnc-titanium-machining-1-196x300.jpg 196w, https:\/\/haoyumaterial.com\/wp-content\/uploads\/2026\/02\/cnc-titanium-machining-1-668x1024.jpg 668w, https:\/\/haoyumaterial.com\/wp-content\/uploads\/2026\/02\/cnc-titanium-machining-1-768x1177.jpg 768w, https:\/\/haoyumaterial.com\/wp-content\/uploads\/2026\/02\/cnc-titanium-machining-1-1003x1536.jpg 1003w, https:\/\/haoyumaterial.com\/wp-content\/uploads\/2026\/02\/cnc-titanium-machining-1-8x12.jpg 8w, https:\/\/haoyumaterial.com\/wp-content\/uploads\/2026\/02\/cnc-titanium-machining-1-600x919.jpg 600w, https:\/\/haoyumaterial.com\/wp-content\/uploads\/2026\/02\/cnc-titanium-machining-1.jpg 1316w\" sizes=\"auto, (max-width: 271px) 100vw, 271px\" \/><\/p>\n<p>Ni liveras\u00a0<strong>cnc titana ma\u015dinado<\/strong>\u00a0solvoj por industrioj kie fiasko ne estas opcio. Nia instala\u0135o speciali\u011das pri produktado\u00a0<strong>Aeroespacaj Titaniopartoj<\/strong>\u00a0kaj komponantoj por alt-stresaj medioj, certigante ke \u0109iu peco plenumas rigorajn da\u016dreblecajn kaj sekurecajn normojn. Per uzado de progresintaj fabrikadaj datumoj kaj realtempa monitorado, ni provizas\u00a0<strong>Titaniummalanta Parto Provizanto<\/strong>\u00a0servojn kiuj kreskas kun viaj projektoj.<\/p>\n<h3>Aeroespaco &amp; Defendo<\/h3>\n<p>En la aeroespaca sektoro, peza redukto kaj termika stabileco estas kritikaj. Ni ma\u015dinas titaniomelanojn kiuj konservas altan forto-pezo rilaton e\u0109 sub ekstreme varmeco.<\/p>\n<ul>\n<li><strong>Gas Turbinaj:<\/strong>\u00a0Komponentoj desegnitaj por elteni altan termikan stre\u0109on.<\/li>\n<li><strong>Strukturaj Partoj:<\/strong>\u00a0Precize in\u011denieritaj por maksimuma sekureco kaj \u015dar\u011da kapablo.<\/li>\n<li><strong>Kvalita Kontrolo:<\/strong>\u00a0Strikta sekvado de industriaj normoj por fidindeco.<\/li>\n<\/ul>\n<h3>Maraj &amp; Petro\/Gas<\/h3>\n<p>Saltetaj akvaj kaj malmolaj kemiaj medioj postulas materialojn kun supera koroda rezisto. Niaj\u00a0<strong>titanio cnc-ma\u015dado<\/strong>\u00a0kapabloj ebligas al ni produkti da\u016drajn partojn por marindustrio kaj eksterbordaj operacioj.<\/p>\n<ul>\n<li><strong>Koroda Rezisto:<\/strong>\u00a0Ideale por subakvaj ekipa\u0135oj kaj valvoj.<\/li>\n<li><strong>Da\u016drebleco:<\/strong>\u00a0Da\u016dra rendimento en minado kaj nafto-eldira ma\u015dinaro.<\/li>\n<li><strong>Lernu pli:<\/strong>\u00a0Legu nian gvidilon pri\u00a0<a href=\"https:\/\/haoyumaterial.com\/eo\/what-is-titanium-used-for-industrial-applications-guide\/\">industriaj aplikoj por titano<\/a>\u00a0por vidi kie \u0109i tiuj alojoj elstaras.<\/li>\n<\/ul>\n<h3>A\u016dtomobilaj &amp; Ekipa\u0135a Fabrikado<\/h3>\n<p>De alt-efikecaj a\u016dtomobilaj komponantoj \u011dis kompleksa industriaj ma\u015dinoj, ni provizas\u00a0<strong>cnc titanio<\/strong>\u00a0partojn kiuj plibonigas efikecon.<\/p>\n<ul>\n<li><strong>Alta Efikeco:<\/strong>\u00a0Varme rezistemaj partoj por motoroj kaj el\u0109erpa\u0135aj sistemoj.<\/li>\n<li><strong>Precizeca Ekipa\u0135o:<\/strong>\u00a0Persaj adaptitaj komponantoj por fabrikadaj plantojn kiuj postulas striktajn toleradojn.<\/li>\n<li><strong>Personigo:<\/strong>\u00a0Persnombraj solvoj adaptitaj al specifaj ekipa\u0135aj postuloj.<\/li>\n<\/ul>\n<h2>Surfina Finado por Titaniumaj Komponentoj<\/h2>\n<p><img loading=\"lazy\" decoding=\"async\" class=\"\" src=\"https:\/\/haoyumaterial.com\/wp-content\/uploads\/2026\/02\/CNC_Titanium_Machining_Surface_Finishes_2TrdryM2g.webp\" alt=\"CNC Titana Ma\u015dinado Surfacaj Finadoj\" width=\"785\" height=\"523\" \/><\/p>\n<p>Havi \u011dustan surfinan finon sur\u00a0<strong>cnc titana ma\u015dinado<\/strong>\u00a0projektoj estas pli ol nur estetiko; temas pri certigi rendimenton, da\u016drecon kaj sekurecon. En Vastmaterial, ni proponas ampleksan gamon de finaj ebloj adaptitaj al la postuloj de la usona aerospaca, medicina kaj industrio merkatoj. Same kiel ni konservas striktajn kvalito-kontrolojn en niaj\u00a0<a href=\"https:\/\/haoyumaterial.com\/eo\/casting-stainless-steel-guide-high-precision-processes-and-alloys\/\">alta precizecaj procezoj por rustorezista \u015dtofo<\/a>, ni apliki\u011das tiun saman nivelon de rigoro al \u0109iu titania parto, kiun ni fini\u011das.<\/p>\n<h3>Kiel-Machinita<\/h3>\n<p>Tio estas la normala fini\u011do rekte el la CNC-ma\u015dino. \u011ci estas la plej kosta-efika opcio por internaj komponantoj kie striktaj toleradoj prenas prioritaton super estetiko. Dum videblaj iltajn markojn restas, ni certigas ke la surfaca krudeco restas ene de akcepteblaj industriaj normoj (kutime 125 Ra a\u016d pli bone), provizante funkcia surfaco sen ekstra proceza tempo.<\/p>\n<h3>Beda\u0135a \u015dprucado<\/h3>\n<p>Por partoj postulas uniforman, matan aspekton, ni uzas globan \u015dprucadon. \u0108i tiu procezo efike forigas iltajn markojn kaj malpezajn randa\u0135ojn per \u015dprucado de vitrogloboj a\u016d fajna medikamento. \u011ci kreas konsekvencan, ne-reflektan teksturon kiu plibonigas tenadon kaj ka\u015das minorajn man\u011dajn difektojn, farante \u011din populara elekto por\u00a0<strong>Titanio Surfaca Finado<\/strong>.<\/p>\n<h3>Anodizado (Tipo II &amp; III)<\/h3>\n<p>Anodizado estas grava por plibonigi amba\u016d la eluzi\u011doreziston kaj vida identigon de titanaj partoj.<\/p>\n<ul>\n<li><strong>Tipo II (Norma):<\/strong>\u00a0\u0108efe uzata por kosmetikaj celoj kaj kolorkodado (griza, blua, ora, ktp.) sen signife \u015dan\u011di dimensiajn toleradojn.<\/li>\n<li><strong>Tipo III (Mola Kovra\u0135o):<\/strong>\u00a0Provizas pli dikajn, pli densajn kovra\u0135ojn por supera eluzi\u011dorezisto kaj protekto kontra\u016d glitado, kio estas esence por movaj mekanikaj partoj.<\/li>\n<\/ul>\n<h3>Pasivigo<\/h3>\n<p>En la medicinaj kaj aerospacaj sektoroj, surfaca pureco estas ne-negociinda. Passivado estas kemia traktado kiun ni uzas por forigi liberan feron kaj surfacajn kontaminantojn enkondukitajn dum ma\u015dinado. Tio plibonigas la naturan korozio-reziston de titano, certigante ke la komponento restu inertaj kaj da\u016draj en malfacilaj kemiaj a\u016d biologiaj medioj.<\/p>\n<h3>Polurado kaj Elektropolurado<\/h3>\n<p>Kiam projekto postulas spegulan fina\u0135on a\u016d ultra-malaltan surfacan malglatecon, ni uzas mekanikan poluradon a\u016d elektrolizadon. \u0108i tiuj teknikoj glatigas mikroskopajn pintojn kaj valojn sur la surfaco, reduktante frotadon kaj malhelpante bakterian kreskon, kio estas esenca por kirurgiaj enplanta\u0135oj kaj alt-purecaj fluidaj sistemoj.<\/p>\n<h2>Kvalito-Certigo &amp; Fabrikaj Normoj<\/h2>\n<p><img decoding=\"async\" src=\"https:\/\/haoyumaterial.com\/wp-content\/uploads\/2026\/02\/CNC_Titanium_Machining_Quality_Assurance_S5UMHGDuT.webp\" alt=\"CNC Titana Ma\u015dinado Kvalita Kontrolo\" \/><\/p>\n<p>Kiam temas pri\u00a0<strong>cnc titana ma\u015dinado<\/strong>, precizeco ne estas nur celo\u2014\u011di estas postulo. Ni komprenas, ke titaniaj komponantoj ofte eniras kritikajn aplikojn kiel gasturbinoj, aerospacaj motoroj kaj medicinaj aparatoj, kie fiasko ne estas eblo. Nia kvalito-certiga procezo estas integrita rekte en nian produktadlaborfluon por certigi fidindecon kaj sekurecon.<\/p>\n<h3>Rigora Inspekta Protokoloj<\/h3>\n<p>Ni ne lasas precizecon al hazardo. Nia instala\u0135o uzas altnivelan inspektekipa\u0135on por kontroli, ke \u0109iu dimensio plenumas viajn precizajn specifojn. Ni uzas realtempan monitoradon kaj datum-analizon tra la\u00a0<strong>titanio cnc-ma\u015dado<\/strong>\u00a0procezo. \u0108i tio permesas al ni detekti eblajn deviojn tuj kaj konservi la striktajn toleremojn necesajn por\u00a0<strong>Aeroespacaj Titaniopartoj<\/strong>\u00a0kaj\u00a0<strong>Medicina Grado Titano-Komponentoj<\/strong>. Nia\u00a0<a href=\"https:\/\/haoyumaterial.com\/eo\/factory\/\">moderna fabrikejo<\/a>\u00a0estas starigita por manipuli kompleksajn geometriojn, certigante, ke e\u0109 la plej malsimplaj trajtoj estas ma\u015dinprilaboritaj kun konsekvenca precizeco.<\/p>\n<h3>Materiala Spurebleco<\/h3>\n<p>Scii la originon de via materialo estas kritika por rendimento kaj plenumo. Ni provizas plenan materialan spureblecon por \u0109iuj\u00a0<strong>Titania Aloja Fabrikado<\/strong>\u00a0projektoj. \u0108u ni laboras pri\u00a0<strong>Grado 5 Titanio Ma\u015dinado<\/strong>\u00a0a\u016d kutimaj alojoj, ni dokumentas la voja\u011don de la materialo de la kruda ingoto \u011dis la fina fini\u011dinta parto. \u0108i tiu travidebleco certigas ke la titaniumo uzata en via projekto plenumas \u0109iujn necesajn industrio-normojn por forto, koroda rezisto, kaj termika stabileco.<\/p>\n<h3>Enga\u011di\u011do al Industriaj Normoj<\/h3>\n<p>Niaj fabrikadprocezoj estas desegnitaj por plenumi a\u016d superi rigorajn industrio-normojn. Ni fokusas pri liverado de\u00a0<strong>cnc titanio<\/strong>\u00a0partoj kiuj eltenas altan stre\u0109on. Kombinante spertan metiistadon kun forta kvalita kontrolo, ni liveras\u00a0<strong>Titaniummalanta Parto Provizanto<\/strong>\u00a0servojn kiujn vi povas fidi por viaj plej postulemaj projektoj.<\/p>\n<h2>\u0108iutagaj Demandoj (Titaniuma Ma\u015dinado)<\/h2>\n<h3>Kial titani ma\u015dinado estas pli multekosta ol aluminio?<\/h3>\n<p>Titaniumo estas signife pli malmola kaj havas pli malaltan termikan konduktecon kompare al aluminio. Dum\u00a0<strong>CNC titaniuma ma\u015dinado<\/strong>, varmeco emas tendencas koncentri\u011di en la tran\u0109ilo prefere ol disipi\u011di kun la \u015dtofoj, kio pliigas la uzadon de la ilo. Tio postulas specializitan, alt-efikan ilaron kaj pli malrapidajn tran\u0109ajn rapidecojn por konservi\u00a0<strong>precizan titaniummaladon<\/strong>\u00a0normojn. Kiel dedi\u0109ita\u00a0<strong>Titaniummalanta Parto Provizanto<\/strong>, ni optimumigas niajn ilotrasejojn kaj malvarmigan strategiojn por administri \u0109i tiujn faktorojn, certigante ke vi ricevu la plej bonan valoron por\u00a0<strong>Ti-6Al-4V Ma\u015dadaj Servoj<\/strong>.<\/p>\n<h3>Kio estas la anta\u016dtempo por personigitaj titaniummaj partoj?<\/h3>\n<p>Anta\u016dtempoj varias la\u016d la komplekseco de la dezajno kaj la volumeno de la mendo. \u0108u vi bezonas rapidan\u00a0<strong>Titaniummodela Fabrikado<\/strong>\u00a0a\u016d plenan produktadserion de\u00a0<strong>Aeroespacaj Titaniopartoj<\/strong>, nia instala\u0135o estas ekipita por skalebleco. Ni uzas realtempan monitoradon kaj datum-analizon por minimumigi malfunkciadon kaj plifaciligi produktadon. Por preciza tempolinio adaptita al via specifa\u00a0<strong>kustomizitan titaniummalfermon<\/strong>\u00a0projekton, ni rekomendas submeti viajn specifojn tra nia cita sistemo.<\/p>\n<h3>\u0108u vi povas ma\u015dini malmolan titaniummalfermon?<\/h3>\n<p>Jes. Ni havas la kapablojn por trakti\u00a0<strong>malmola metala ma\u015dado<\/strong>\u00a0efike. Por tre malmolaj alojoj a\u016d kompleksaj geometrioj kie tradicia tran\u0109ado eble estas limigita, ni uzas\u00a0<strong>Vira EDM titaniummalfermojn<\/strong>\u00a0procezojn kune kun niaj rigidaj CNC-aran\u011doj. Nia ampleksa\u00a0<a href=\"https:\/\/haoyumaterial.com\/eo\/services\/machining\/\">ma\u015dinadaj servoj<\/a>\u00a0estas projektitaj por konservi striktajn toleradojn kaj superajn surfacajn finadojn, e\u0109 kiam laborante kun malmola\u0135aj materialoj por alt-stresaj medioj.<\/p>","protected":false},"excerpt":{"rendered":"<p>Precision CNC titanium machining services for aerospace and medical parts with tight tolerances and advanced 5 axis capabilities. Why Choose [&hellip;]<\/p>\n","protected":false},"featured_media":1868,"comment_status":"open","ping_status":"closed","template":"","meta":{"site-sidebar-layout":"default","site-content-layout":"","ast-site-content-layout":"default","site-content-style":"default","site-sidebar-style":"default","ast-global-header-display":"","ast-banner-title-visibility":"","ast-main-header-display":"","ast-hfb-above-header-display":"","ast-hfb-below-header-display":"","ast-hfb-mobile-header-display":"","site-post-title":"","ast-breadcrumbs-content":"","ast-featured-img":"","footer-sml-layout":"","ast-disable-related-posts":"","theme-transparent-header-meta":"default","adv-header-id-meta":"","stick-header-meta":"","header-above-stick-meta":"","header-main-stick-meta":"","header-below-stick-meta":"","astra-migrate-meta-layouts":"set","ast-page-background-enabled":"default","ast-page-background-meta":{"desktop":{"background-color":"var(--ast-global-color-5)","background-image":"","background-repeat":"repeat","background-position":"center center","background-size":"auto","background-attachment":"scroll","background-type":"","background-media":"","overlay-type":"","overlay-color":"","overlay-opacity":"","overlay-gradient":""},"tablet":{"background-color":"","background-image":"","background-repeat":"repeat","background-position":"center center","background-size":"auto","background-attachment":"scroll","background-type":"","background-media":"","overlay-type":"","overlay-color":"","overlay-opacity":"","overlay-gradient":""},"mobile":{"background-color":"","background-image":"","background-repeat":"repeat","background-position":"center center","background-size":"auto","background-attachment":"scroll","background-type":"","background-media":"","overlay-type":"","overlay-color":"","overlay-opacity":"","overlay-gradient":""}},"ast-content-background-meta":{"desktop":{"background-color":"var(--ast-global-color-4)","background-image":"","background-repeat":"repeat","background-position":"center center","background-size":"auto","background-attachment":"scroll","background-type":"","background-media":"","overlay-type":"","overlay-color":"","overlay-opacity":"","overlay-gradient":""},"tablet":{"background-color":"var(--ast-global-color-4)","background-image":"","background-repeat":"repeat","background-position":"center center","background-size":"auto","background-attachment":"scroll","background-type":"","background-media":"","overlay-type":"","overlay-color":"","overlay-opacity":"","overlay-gradient":""},"mobile":{"background-color":"var(--ast-global-color-4)","background-image":"","background-repeat":"repeat","background-position":"center center","background-size":"auto","background-attachment":"scroll","background-type":"","background-media":"","overlay-type":"","overlay-color":"","overlay-opacity":"","overlay-gradient":""}}},"product_brand":[],"product_cat":[24],"product_tag":[619],"class_list":{"0":"post-1867","1":"product","2":"type-product","3":"status-publish","4":"has-post-thumbnail","6":"product_cat-titanium-alloy","7":"product_tag-cnc-titanium-machining","8":"desktop-align-left","9":"tablet-align-left","10":"mobile-align-left","12":"first","13":"instock","14":"shipping-taxable","15":"product-type-simple"},"_links":{"self":[{"href":"https:\/\/haoyumaterial.com\/eo\/wp-json\/wp\/v2\/product\/1867","targetHints":{"allow":["GET"]}}],"collection":[{"href":"https:\/\/haoyumaterial.com\/eo\/wp-json\/wp\/v2\/product"}],"about":[{"href":"https:\/\/haoyumaterial.com\/eo\/wp-json\/wp\/v2\/types\/product"}],"replies":[{"embeddable":true,"href":"https:\/\/haoyumaterial.com\/eo\/wp-json\/wp\/v2\/comments?post=1867"}],"wp:featuredmedia":[{"embeddable":true,"href":"https:\/\/haoyumaterial.com\/eo\/wp-json\/wp\/v2\/media\/1868"}],"wp:attachment":[{"href":"https:\/\/haoyumaterial.com\/eo\/wp-json\/wp\/v2\/media?parent=1867"}],"wp:term":[{"taxonomy":"product_brand","embeddable":true,"href":"https:\/\/haoyumaterial.com\/eo\/wp-json\/wp\/v2\/product_brand?post=1867"},{"taxonomy":"product_cat","embeddable":true,"href":"https:\/\/haoyumaterial.com\/eo\/wp-json\/wp\/v2\/product_cat?post=1867"},{"taxonomy":"product_tag","embeddable":true,"href":"https:\/\/haoyumaterial.com\/eo\/wp-json\/wp\/v2\/product_tag?post=1867"}],"curies":[{"name":"wp","href":"https:\/\/api.w.org\/{rel}","templated":true}]}}