{"id":1880,"date":"2026-02-24T08:30:16","date_gmt":"2026-02-24T00:30:16","guid":{"rendered":"https:\/\/haoyumaterial.com\/?post_type=product&#038;p=1880"},"modified":"2026-02-24T08:30:17","modified_gmt":"2026-02-24T00:30:17","slug":"cnc-bronze-machining-services-precision-custom-bronze-parts","status":"publish","type":"product","link":"https:\/\/haoyumaterial.com\/eo\/product\/cnc-bronze-machining-services-precision-custom-bronze-parts\/","title":{"rendered":"Servoj pri CNC-bronzaj ma\u015dinaj pretaj precizaj personigitaj bronzaj partoj"},"content":{"rendered":"<p>Personigitaj CNC-bronzaj ma\u015dinaj servoj por precizaj komponantoj en aluminio bronzo, lubrika bronzo kaj fosforbronzo.<\/p>\n<h2>Supraj CNC-bronzaj kapabloj \u0109e Vastmaterial<\/h2>\n<p>Trovi fabrikadan partneron kiu vere komprenas la nuancojn de\u00a0<strong>cnc bronzo<\/strong>\u00a0ma\u015dinado povas esti defio. Bronzaj alojoj, kvankam da\u016draj kaj konduktaj, postulas specifajn ilarajn strategiojn por konservi surfacan integrecon kaj dimensi\u011dan precizecon. En Vastmaterial, ni utiligas plej novan teknologion por liveri\u00a0<strong>precizajn bronzajn komponantojn<\/strong>\u00a0kiuj plenumas la postulojn de aviado, mararmeo kaj industriaj aplikoj.<\/p>\n<p>Ni ne simple tran\u0109as metalon; ni in\u011denieras solvojn.\u00a0<strong>Nia instala\u0135o estas ekipita por trakti kompleksajn geometriojn kaj altvolumenajn produktadajn kursojn kun konsekvenca precizeco.<\/strong>\u00a0\u0108u vi bezonas ununuran prototipon a\u016d plenan produktadkurson de.<\/p>\n<h3>bronzaj CNC-partoj, nia progresinta ma\u015dinada infrastrukturo certigas ke viaj specifoj estas plenumitaj \u0109iufoje.<\/h3>\n<p>Progresintaj Milling kaj Turnado Servoj<\/p>\n<ul>\n<li><strong>Nia ma\u015dinejo estas optimumigita por fleksebleco kaj precizeco, utiligante gamon de multi-aksa konfiguracio por alfronti e\u0109 la plej kompleksajn dezajnojn:<\/strong>\u00a03-Aksa, 4-Aksa, kaj 5-Aksa Milling:\u00a0<strong>Ni utiligas progresintajn<\/strong>\u00a0kapabloj por produkti kompleksajn formojn kun malpli da aran\u011doj, certigante pli bonan kongruon kaj pli rapidajn turna\u0135ajn tempojn.<\/li>\n<li><strong>Preciza CNC-turnado:<\/strong>\u00a0Niaj turnadcentroj estas perfektaj por cilindraj komponantoj, speciali\u011dante pri altuzaj partoj kiel\u00a0<strong>kutimaj bronzaj bushings<\/strong>, kugloj kaj aksoloj.<\/li>\n<li><strong>Fermaj tolerancaj normoj:<\/strong>\u00a0Ni komprenas ke en alt-efikecaj industrioj, proksime ne estas sufi\u0109e. Ni atingas\u00a0<strong>alt-precizajn tolerancajn kapablojn \u011dis +\/- 0.005mm<\/strong>, certigante ke viaj partoj perfekte ta\u016dgas en via kunmetado tuj el la skatolo.<\/li>\n<\/ul>\n<p>Per kombini\u00a0<strong>cnc ma\u015dinado bronzo<\/strong>\u00a0sperto kun rigora kvalita kontrolo, ni eliminas la riskojn asociitajn kun materiala deformado kaj ilaro-uzado, liverante superajn surfacajn fini\u011dojn kaj mekanikan fidindecon.<\/p>\n<h2>Komunaj bronzaj alojoj por CNC-ma\u015dinado<\/h2>\n<p><img loading=\"lazy\" decoding=\"async\" class=\"\" src=\"https:\/\/haoyumaterial.com\/wp-content\/uploads\/2026\/02\/CNC_Bronze_Alloys_for_Strength_and_Corrosion_bEqxm.webp\" alt=\"CNC-bronzaj alojoj por Forto kaj Koroda Protekto\" width=\"704\" height=\"490\" \/><\/p>\n<p>En Vastmaterial, ni komprenas ke elekti la \u011dustan materialan gradon estas kritika por la rendimento de viaj\u00a0<strong>cnc bronzo<\/strong>\u00a0komponentoj. Ni laboras kun vasta gamo de kupra alojoj por plenumi specifajn mekanikajn postulojn, de alt\u015dar\u011daj industriaj medioj \u011dis maraj aplikoj. Nia instala\u0135o estas ekipita por trakti la unikecajn ma\u015dineblajn trajtojn de \u0109i tiuj apartaj gradoj.<\/p>\n<p>Jen la \u0109efaj alojoj kiujn ni uzas por\u00a0<strong>precizajn bronzajn komponantojn<\/strong>:<\/p>\n<ul>\n<li><strong>Aluminiobronzo (C95400):<\/strong>\u00a0Konata pro \u011dia escepta stre\u0109a forto kaj abrazorezisto.\u00a0<strong>Aluminiobronzo ma\u015dinado<\/strong>\u00a0estas ideala por peza\u0135aj partoj kiel vermilaj radoj kaj abrazotabuloj kiuj devas elteni altan stre\u0109on kaj korodon.<\/li>\n<li><strong>Rulbronzo (C93200 \/ SAE 660):<\/strong>\u00a0\u0108i tio estas la industristandardo por \u011denerala uzo de \u015dtopiloj kaj rulaj \u015daftoj. Ni ofte ma\u015dinas\u00a0<strong>C93200 rulbronzo<\/strong>\u00a0(anka\u016d konata kiel\u00a0<strong>SAE 660 bronzo<\/strong>\u0109ar \u011dia supera kontra\u016dfrikciaj propra\u0135oj kaj bonega ma\u015dinadkapablo, certigante longan servoda\u016dron por movi\u011dantaj partoj.<\/li>\n<li><strong>Fosforbronzo (C51000 \/ C54400):<\/strong>\u00a0kiam via projekto postulas fajnan grenecon kaj altan laceblecon, ni rekomendas\u00a0<strong>fosforbronzan turnadon<\/strong>. \u011dia elasticidad kaj forto igas \u011din ideala por elektraj komponantoj, \u015dtofoj kaj premiloj.<\/li>\n<li><strong>Siliconbronzo (C65500):<\/strong>\u00a0Ni elektas \u0109i tiun aloion \u0109efe pro \u011dia elstara koroda rezisto kaj estetika allogo. \u011ci estas \u0109efa elekto por maraj iloj kaj dekoracia arkitektura\u0135oj kie surfaca fini\u011do estas grava.<\/li>\n<\/ul>\n<h2>Kial Elekti Bronzon por Via Precizaj Partoj?<\/h2>\n<p>Kiam ni pritraktas\u00a0<strong>cnc bronzo<\/strong>\u00a0projektojn, ni ne nur tran\u0109as metalon; ni in\u011denierumas longvivecon. Bronzaj alojoj estas la plej ofta elekto por\u00a0<strong>precizajn bronzajn komponantojn<\/strong>\u00a0kiu alfrontas altan stre\u0109on kaj malmolajn mediojn. Male al norma \u015dtalo a\u016d aluminio, bronzo ofertas unikan kombina\u0135on de fortikeco kaj natura lubrikado, kiu estas malfacile egalebla en industriaj aplikoj.<\/p>\n<p>Kompreni la specifajn mekanikajn trajtojn estas kerna, tial nia\u00a0<a href=\"https:\/\/haoyumaterial.com\/eo\/casting-alloy-guide-types-properties-applications-and-selection\/\">gvidilo pri muldado de alojoj kaj elekto<\/a>\u00a0helpos klientojn elekti la \u011dustan gradon por la tasko. Jen kial in\u011denieroj konstante precizigas\u00a0<strong>kupra alojo-fabrikadon<\/strong>\u00a0por kritikaj partoj:<\/p>\n<ul>\n<li><strong>Supera Frikcio kaj El\u0109erpi\u011da Rezisto:<\/strong>\u00a0Bronz estas nature malfrikcia, farante \u011din la normo por movi\u011dantaj partoj kiel radoj kaj kugloj. \u011ci reduktas el\u0109erpi\u011don sur kunfanditaj komponentoj, plilongigante la vivda\u016dron de la tuta aro.<\/li>\n<li><strong>Koroda Rezisto:<\/strong>\u00a0Por\u00a0<strong>marborda bronzo ma\u015dinado<\/strong>, \u0109i tiu materialo estas esenca. \u011ci rezistas oksidi\u011don kaj salakvan korodon, certigante da\u016drecon en subakvaj a\u016d kemie pezigaj medioj.<\/li>\n<li><strong>Termika Kondukteco:<\/strong>\u00a0Bronzo efike dissipas varmigon. Tio malhelpas supervarmi\u011don en alt-rapidecaj aplikoj a\u016d elektraj konektiloj.<\/li>\n<li><strong>Ne-Sparkaj Ecoj:<\/strong>\u00a0Sekureco estas \u0109efa en la sektoro de Petrolo &amp; Gas kaj minado. Ni ma\u015dinas bronzajn ilojn kaj partojn \u0109ar ili ne sparkas kiam trafitaj, malhelpi akcidentojn en eksplodaj atmosferoj.<\/li>\n<\/ul>\n<h3>\u0108efaj Trajtoj de Efikeco de CNC Bronz<\/h3>\n<div class=\"table-responsive\">\n<table class=\"table\">\n<thead>\n<tr>\n<th>Propra\u0135o<\/th>\n<th>Avanta\u011do<\/th>\n<th>Tipa Apliko<\/th>\n<\/tr>\n<\/thead>\n<tbody>\n<tr>\n<td><strong>Elasteco de Uzado<\/strong><\/td>\n<td>Malalta frikcia koeficiento reduktas degeneradon sub \u015dar\u011do.<\/td>\n<td>Bushings, Vermilaj Ruliloj, Surtabuloj<\/td>\n<\/tr>\n<tr>\n<td><strong>Koroda Rezisto<\/strong><\/td>\n<td>Povas pli bone rezisti salakvon kaj kemian atakon ol \u015dtalo.<\/td>\n<td>Maraj Propelleroj, Valva Korpoj<\/td>\n<\/tr>\n<tr>\n<td><strong>Termika Kondukteco<\/strong><\/td>\n<td>Rapida varmotransigo malhelpas partan fiaskon.<\/td>\n<td>Varmotransferiloj, Elektraj Terminaloj<\/td>\n<\/tr>\n<tr>\n<td><strong>Neniam \u015dprucanta \u015dprucado<\/strong><\/td>\n<td>Forigas ignikrizojn en dan\u011deraj zonoj.<\/td>\n<td>Hazmatiloj, Fuelaj Sistemaj Partoj<\/td>\n<\/tr>\n<\/tbody>\n<\/table>\n<\/div>\n<h2>Vastmaterialaj Produktadnormoj kaj Finaj<\/h2>\n<p><img loading=\"lazy\" decoding=\"async\" class=\"alignnone  wp-image-1881\" src=\"https:\/\/haoyumaterial.com\/wp-content\/uploads\/2026\/02\/cnc-machining-bronze-300x189.png\" alt=\"\" width=\"845\" height=\"532\" srcset=\"https:\/\/haoyumaterial.com\/wp-content\/uploads\/2026\/02\/cnc-machining-bronze-300x189.png 300w, https:\/\/haoyumaterial.com\/wp-content\/uploads\/2026\/02\/cnc-machining-bronze-768x484.png 768w, https:\/\/haoyumaterial.com\/wp-content\/uploads\/2026\/02\/cnc-machining-bronze-18x12.png 18w, https:\/\/haoyumaterial.com\/wp-content\/uploads\/2026\/02\/cnc-machining-bronze-600x378.png 600w, https:\/\/haoyumaterial.com\/wp-content\/uploads\/2026\/02\/cnc-machining-bronze.png 1021w\" sizes=\"auto, (max-width: 845px) 100vw, 845px\" \/><\/p>\n<p>Kiam temas pri\u00a0<strong>cnc bronzo<\/strong>\u00a0partoj, la laboro ne estas finita \u011dis la surfaco kongruas kun viaj precizaj specifoj. Ni komprenas ke fabrikantoj bezonas komponentojn kiuj aspektas same bone kiel ili funkcias. Tial ni proponas ampleksan gamon de\u00a0<strong>bronzaj surfacfinaj<\/strong>\u00a0ebloj, inkluzive de glob-blovado por uniforma mato-texturo kaj polurado por glata, alta-brila industrio-fina\u0135o. \u0108i tiuj traktadoj faras pli ol nur plibonigi estetikon; ili helpas plibonigi la naturan koroda reziston de la alojo, certigante ke viaj partoj da\u016dras pli longe en la kampo.<\/p>\n<h3>Kvalito-Asertado kaj Inspekto<\/h3>\n<p>Precizeco estas ne-negociinda \u0109e nia instala\u0135o. Ni subtenas nian produktadon per striktaj kvalitaj kontrolprotokoloj por certigi ke \u0109iu partio plenumas a\u016d superas internaciajn normojn. Ni uzas progresintajn inspektajn ilojn, inkluzive de CMM (Koordinata Mezuraj Ma\u015dinoj), por konfirmi ke viaj\u00a0<strong>precizajn bronzajn komponantojn<\/strong>\u00a0tenas striktajn toleradojn \u011dis la mikrono. Nia ampleksa\u00a0<a href=\"https:\/\/haoyumaterial.com\/eo\/precision-cnc-machining-bronze-services-for-custom-industrial-parts\/\">preciza CNC-ma\u015dinado bronzaj servoj<\/a>\u00a0bazi sur fundamento de ISO-konformaj procezoj, donante al vi la memfidecon ke \u0109iu parto kiun ni liveras estas preta por kunmetado.<\/p>\n<h3>Integrita Administrado por Fidindeco<\/h3>\n<p>Ni scias ke prokrastoj en la provizo\u0109eno povas mortigi projekton. Nia integra administradsistemo utiligas realtempan monitoradon kaj datum-analizon por plifaciligi la tutan produktadprocezon. \u0108i tiu moderna aliro ebligas al ni:<\/p>\n<ul>\n<li><strong>Minimi Downtimen:<\/strong>\u00a0Ni kaptas potencialajn problemojn anta\u016d ol ili haltigas produktadon.<\/li>\n<li><strong>Certigi Konsekvencecon:<\/strong>\u00a0\u0108iu kuro kongruas kun la kvalito de la unua prototipo.<\/li>\n<li><strong>Garantii Liveradon:<\/strong>\u00a0We restas sur la horaroj kiujn ni promesas.<\/li>\n<\/ul>\n<p>\u0108u vi bezonas rapidan prototipon a\u016d plen-grandecan produktadon, nia optimumigita laborfluado certigas ke via\u00a0<strong>cnc ma\u015dinado bronzo<\/strong>\u00a0projektoj restu survoje kaj ene de bu\u011deto.<\/p>\n<h2>Industriaj Aplikoj por CNC Bronzaj Partoj<\/h2>\n<p><img loading=\"lazy\" decoding=\"async\" class=\"alignnone  wp-image-1882\" src=\"https:\/\/haoyumaterial.com\/wp-content\/uploads\/2026\/02\/cnc-bronze-290x300.png\" alt=\"\" width=\"511\" height=\"529\" srcset=\"https:\/\/haoyumaterial.com\/wp-content\/uploads\/2026\/02\/cnc-bronze-290x300.png 290w, https:\/\/haoyumaterial.com\/wp-content\/uploads\/2026\/02\/cnc-bronze-768x794.png 768w, https:\/\/haoyumaterial.com\/wp-content\/uploads\/2026\/02\/cnc-bronze-12x12.png 12w, https:\/\/haoyumaterial.com\/wp-content\/uploads\/2026\/02\/cnc-bronze-600x620.png 600w, https:\/\/haoyumaterial.com\/wp-content\/uploads\/2026\/02\/cnc-bronze.png 770w\" sizes=\"auto, (max-width: 511px) 100vw, 511px\" \/><\/p>\n<p>Nia\u00a0<strong>cnc bronzo<\/strong>\u00a0kapablaj subtenas sektorojn kiuj postulas da\u016dremecon kaj reziston al malbonaj medioj. De salakvo-ekspozicio \u011dis alta-frikcia ma\u015dinaro, ni liveras\u00a0<strong>precizajn bronzajn komponantojn<\/strong>\u00a0adaptitaj al specifaj operaciaj bezonoj. Ni komprenas la unikan postulojn de la usona merkato, certigante ke \u0109iu parto plenumas striktajn industrio-normojn.<\/p>\n<ul>\n<li><strong>Marina In\u011denierado:<\/strong>\u00a0Ni specializi\u011das en\u00a0<strong>marborda bronzo ma\u015dinado<\/strong>\u00a0por kritikaj partoj kiel propelleroj, valvoj, kaj subakvaj rapidiloj. \u0108i tiuj komponantoj dependas de la natura kapablo de bronzo rezisti salakvan korodon.<\/li>\n<li><strong>Aeroespaco &amp; Defendo:<\/strong>\u00a0Nia instala\u0135o fabrikas altfortajn landadajn ilarojn kaj elektrajn konektantojn. En \u0109i tiuj kampoj, materiala konsistenco kaj termika stabileco estas ne-negociable.<\/li>\n<li><strong>Petrol- kaj Gasindustrio:<\/strong>\u00a0Sekureco estas \u0109efa en volatila medio. Ni produktas ne-sparkajn ilojn kaj da\u016drajn pumpilajn komponantojn, kiuj estas esencaj por sekuraj platformaj operacioj kaj\u00a0<strong>kupra alojo-fabrikadon<\/strong>.<\/li>\n<li><strong>Industria Ekipa\u0135o:<\/strong>\u00a0Ni ma\u015dinas pezajn\u00a0<strong>bronzajn vermilajn ilarojn<\/strong>\u00a0kaj kuglilojn desegnitajn por elteni konstantan frikcion kaj pezajn \u015dar\u011dojn en fabrikaj aran\u011doj.<\/li>\n<\/ul>\n<p>Por kompleksaj geometrioj, ni ofte gvidas klientojn en\u00a0<a href=\"https:\/\/haoyumaterial.com\/eo\/sand-casting-vs-die-casting-choosing-the-right-process\/\">elektado de \u011dusta ver\u015da\u0135a procezo<\/a>\u2014 kiel sablo a\u016d muldila ver\u015dado \u2014 anta\u016d ol fini la komponantojn per niaj precizaj CNC-aparatoj por certigi striktajn toleradojn.<\/p>\n<h2>Desegna Gvidilo: Optimumigi Bronzajn Partojn por CNC<\/h2>\n<p><img decoding=\"async\" src=\"https:\/\/haoyumaterial.com\/wp-content\/uploads\/2026\/02\/CNC_Bronze_Parts_Optimization_Guide_tS7Y9EAvN.webp\" alt=\"Gvidilo por Optimumigo de CNC-bronzaj Partoj\" \/><\/p>\n<p>Kiam in\u011denierado\u00a0<strong>precizajn bronzajn komponantojn<\/strong>, sa\u011daj desegnaj elektoj rekte influas produktadrapidecon kaj koston. Dum\u00a0<strong>cnc bronzo<\/strong>\u00a0partoj ofertas mirindan da\u016drecon, la denseco kaj specifa\u00a0<strong>ma\u015dinebleco de bronzo<\/strong>\u00a0postulas atenton al detaloj dum la modeliga fazo por certigi la plej bonajn rezultojn.<\/p>\n<p><strong>\u0108efaj Desegnaj Rekomendoj:<\/strong><\/p>\n<ul>\n<li><strong>Muro Dikeco:<\/strong>\u00a0Evitu desegni tre maldikajn murojn.\u00a0<strong>Nia instala\u0135o estas ekipita por trakti kompleksajn geometriojn kaj altvolumenajn produktadajn kursojn kun konsekvenca precizeco.<\/strong>\u00a0Brakono estas densa, kaj muroj pli maldikaj ol 0.8mm povas riskigi deformadon pro ilara premo a\u016d vibrado dum\u00a0<strong>operacioj. Konservu strukturojn fortikaj por certigi<\/strong>.<\/li>\n<li><strong>alta toleremo de metalaj partoj<\/strong>\u00a0Ilara\u0135oj &amp; Radiusoj:\u00a0<strong>kupra alojo-fabrikadon<\/strong>\u00a0Sekvu la normajn angulajn radiusojn. Internaj anguloj kiuj postulas specialajn malgrand-diametajn fino-milojn pligrandigas la ma\u015dinadan tempon signife. Desegni kun normaj ilaroj en menso faras.<\/li>\n<li><strong>tre pli efike.<\/strong>\u00a0Kostoj de motoro:.<\/li>\n<\/ul>\n<p>Kontrolu nian\u00a0<a href=\"https:\/\/haoyumaterial.com\/eo\/vara-kategorio\/\">varion de in\u011denieritaj produktoj<\/a>\u00a0por vidi kiel ni ekvilibrigas materialan elekton kun produktadefikeco. Ni helpas vin plibonigi \u0109i tiujn detalojn por certigi ke viaj\u00a0<strong>cnc ma\u015dinado bronzo<\/strong>\u00a0projektoj estas amba\u016d altkvalitaj kaj kostefikaj.<\/p>\n<h2>Oftaj Demandoj (OD)<\/h2>\n<h3>Kio estas la atendotempo por kutimaj bronzaj CNC-partoj?<\/h3>\n<p>Ni scias ke minimumigi mal\u015dar\u011don estas kritike por via komerco. Niaj atendotempoj varias la\u016d projekto-komplekseco kaj volumeno, sed nia simpligita\u00a0<a href=\"https:\/\/haoyumaterial.com\/eo\/technology\/manufacturing-process\/\">produktadprocezo<\/a>\u00a0permesas al ni liveri\u00a0<strong>cnc bronzo<\/strong>\u00a0komponentojn rapide. Por ur\u011daj bezonoj a\u016d rapidaj prototipoj, ni prioritatas efikecon por liveri partojn al vi kiel eble plej rapide. Kontaktu por persona cita\u0135o por akiri specifan tempolinion por via projekto.<\/p>\n<h3>\u0108u Vastmaterial povas provizi materialajn atestilojn por specifaj bronzaj gradoj?<\/h3>\n<p>Jes, ni provizas plenan materialan spureblecon. \u0108u vi bezonas\u00a0<strong>C93200 rulbronzo<\/strong>,\u00a0<strong>Aluminia bronzo<\/strong>, a\u016d\u00a0<strong>Fosforbronzo<\/strong>, ni provizas la necesajn atestilojn por konfirmi kemian kompona\u0135on kaj mekanikajn trajtojn. Nia strikta kvalita garantio certigas ke \u0109iu partio plenumas la postulemajn normojn por altstakaj industrioj kiel aviado kaj mara in\u011denierado.<\/p>\n<h3>\u0108u vi proponas surfacajn traktadojn kiel platingo por bronzaj komponantoj?<\/h3>\n<p>Komplete. Ni proponas ampleksajn\u00a0<strong>bronzaj surfacfinaj<\/strong>\u00a0servojn por provizi kompletan, fina-solvo. Dum bronzo estas nature rezistema al korodo, ni povas apliki specifajn platingojn, kovra\u0135ojn a\u016d poluradojn por plenumi viajn estetajn a\u016d funkciajn postulojn. \u0108i tiu integri\u011do certigas ke via\u00a0<strong>precizajn bronzajn komponantojn<\/strong>\u00a0Venu preparita por kunsido.<\/p>\n<h3>Kio estas la diferenco inter Kupro kaj Bronzaj ma\u015dinaj laboroj?<\/h3>\n<p>Dum amba\u016d estas kupraj alojoj, ili kondutas malsame dum fabrikado.\u00a0<strong>CNC-bronza ma\u015dinado<\/strong>\u00a0kutime estas rezervita por partoj bezonantaj superan malmolecon, fatikecon, kaj malaltan frikcion, kiel gajnoj kaj kugloj. Kupro estas \u011denerale pli mola kaj ofertas bonegan ma\u015dineblecon por akcesora\u0135oj kaj elektraj komponantoj. Ni havas la ilaron kaj sperton por trakti la unikajn propra\u0135ojn de amba\u016d materialoj, certigante striktajn toleradojn sendepende de la alojo.<\/p>","protected":false},"excerpt":{"rendered":"<p>Custom CNC bronze machining services for precision components in aluminum bronze bearing bronze and phosphor bronze. Premium CNC Bronze Capabilities [&hellip;]<\/p>\n","protected":false},"featured_media":1882,"comment_status":"open","ping_status":"closed","template":"","meta":{"site-sidebar-layout":"default","site-content-layout":"","ast-site-content-layout":"default","site-content-style":"default","site-sidebar-style":"default","ast-global-header-display":"","ast-banner-title-visibility":"","ast-main-header-display":"","ast-hfb-above-header-display":"","ast-hfb-below-header-display":"","ast-hfb-mobile-header-display":"","site-post-title":"","ast-breadcrumbs-content":"","ast-featured-img":"","footer-sml-layout":"","ast-disable-related-posts":"","theme-transparent-header-meta":"default","adv-header-id-meta":"","stick-header-meta":"","header-above-stick-meta":"","header-main-stick-meta":"","header-below-stick-meta":"","astra-migrate-meta-layouts":"set","ast-page-background-enabled":"default","ast-page-background-meta":{"desktop":{"background-color":"var(--ast-global-color-5)","background-image":"","background-repeat":"repeat","background-position":"center center","background-size":"auto","background-attachment":"scroll","background-type":"","background-media":"","overlay-type":"","overlay-color":"","overlay-opacity":"","overlay-gradient":""},"tablet":{"background-color":"","background-image":"","background-repeat":"repeat","background-position":"center center","background-size":"auto","background-attachment":"scroll","background-type":"","background-media":"","overlay-type":"","overlay-color":"","overlay-opacity":"","overlay-gradient":""},"mobile":{"background-color":"","background-image":"","background-repeat":"repeat","background-position":"center center","background-size":"auto","background-attachment":"scroll","background-type":"","background-media":"","overlay-type":"","overlay-color":"","overlay-opacity":"","overlay-gradient":""}},"ast-content-background-meta":{"desktop":{"background-color":"var(--ast-global-color-4)","background-image":"","background-repeat":"repeat","background-position":"center center","background-size":"auto","background-attachment":"scroll","background-type":"","background-media":"","overlay-type":"","overlay-color":"","overlay-opacity":"","overlay-gradient":""},"tablet":{"background-color":"var(--ast-global-color-4)","background-image":"","background-repeat":"repeat","background-position":"center center","background-size":"auto","background-attachment":"scroll","background-type":"","background-media":"","overlay-type":"","overlay-color":"","overlay-opacity":"","overlay-gradient":""},"mobile":{"background-color":"var(--ast-global-color-4)","background-image":"","background-repeat":"repeat","background-position":"center center","background-size":"auto","background-attachment":"scroll","background-type":"","background-media":"","overlay-type":"","overlay-color":"","overlay-opacity":"","overlay-gradient":""}}},"product_brand":[],"product_cat":[25,26,27],"product_tag":[620],"class_list":{"0":"post-1880","1":"product","2":"type-product","3":"status-publish","4":"has-post-thumbnail","6":"product_cat-copper-alloy","7":"product_cat-brass","8":"product_cat-bronze","9":"product_tag-cnc-bronze","10":"desktop-align-left","11":"tablet-align-left","12":"mobile-align-left","14":"first","15":"instock","16":"shipping-taxable","17":"product-type-simple"},"_links":{"self":[{"href":"https:\/\/haoyumaterial.com\/eo\/wp-json\/wp\/v2\/product\/1880","targetHints":{"allow":["GET"]}}],"collection":[{"href":"https:\/\/haoyumaterial.com\/eo\/wp-json\/wp\/v2\/product"}],"about":[{"href":"https:\/\/haoyumaterial.com\/eo\/wp-json\/wp\/v2\/types\/product"}],"replies":[{"embeddable":true,"href":"https:\/\/haoyumaterial.com\/eo\/wp-json\/wp\/v2\/comments?post=1880"}],"wp:featuredmedia":[{"embeddable":true,"href":"https:\/\/haoyumaterial.com\/eo\/wp-json\/wp\/v2\/media\/1882"}],"wp:attachment":[{"href":"https:\/\/haoyumaterial.com\/eo\/wp-json\/wp\/v2\/media?parent=1880"}],"wp:term":[{"taxonomy":"product_brand","embeddable":true,"href":"https:\/\/haoyumaterial.com\/eo\/wp-json\/wp\/v2\/product_brand?post=1880"},{"taxonomy":"product_cat","embeddable":true,"href":"https:\/\/haoyumaterial.com\/eo\/wp-json\/wp\/v2\/product_cat?post=1880"},{"taxonomy":"product_tag","embeddable":true,"href":"https:\/\/haoyumaterial.com\/eo\/wp-json\/wp\/v2\/product_tag?post=1880"}],"curies":[{"name":"wp","href":"https:\/\/api.w.org\/{rel}","templated":true}]}}