{"id":1912,"date":"2026-02-27T08:45:25","date_gmt":"2026-02-27T00:45:25","guid":{"rendered":"https:\/\/haoyumaterial.com\/?post_type=product&#038;p=1912"},"modified":"2026-02-27T08:45:26","modified_gmt":"2026-02-27T00:45:26","slug":"brass-metal-parts-custom-manufacturing-solutions-vastmaterial","status":"publish","type":"product","link":"https:\/\/haoyumaterial.com\/eo\/product\/brass-metal-parts-custom-manufacturing-solutions-vastmaterial\/","title":{"rendered":"Kupro Metalaj Partoj Propra Fabrikada Solvoj Vastmaterial"},"content":{"rendered":"<p>Vastmaterial kupraj metalaj partoj kun C360 C260 C464 alojoj preciza fandado CNC-ma\u015dinado kaj korozio-rezista rendimento.<\/p>\n<h2>Kial Elekti Kupra Metalon por Viajn Komponentojn?<\/h2>\n<p>\u0108u vi alfrontas rapidan iltuzon dum produktado a\u016d materialan difekton en malfacilaj operaciaj medioj? En Vastmaterial, ni fabrikas\u00a0<strong>propra kupraj partoj<\/strong>\u00a0desegnitaj por elimini \u0109i tiujn precizajn in\u011denieristikoobstaklojn.\u00a0<strong>Kupra metal<\/strong>\u00a0estas tre versatilaj\u00a0<strong>kupro-zinko alojo<\/strong>\u00a0kiu provizas optimuman ekvilibron de struktura integreco, laborrezisteco, kaj media rezisteco.<\/p>\n<p>Kiam vi specifas\u00a0<strong>bronzan metalan alogon<\/strong>\u00a0por viaj industriaj aplikoj, vi akiras tujajn rendimento- kaj fabrikajn avanta\u011dojn:<\/p>\n<ul>\n<li><strong>Supera ma\u015dinebleco kaj precizeco:<\/strong>\u00a0Branso produktas eksterordinaran pecetformadon kaj plilongigas ilon-vivon. Tio ebligas al ni produkti\u00a0<strong>CNC-ma\u015dinita kupro<\/strong>\u00a0komponentoj kun mikro-nivela tolerado kaj kompleksaj geometrioj \u0109e altaj produktadrapidecoj.<\/li>\n<li><strong>Eksterordinaro Renkonti\u011da Renkonti\u011do:<\/strong>\u00a0In\u011denierita por postvivo.\u00a0<strong>Renkonti\u011da kupro rezistema al korodo<\/strong>\u00a0floras en malfacilaj maraj medioj, salakvokontakto, kaj agresemaj fluido-traktaj sistemoj sen malboni\u011do.<\/li>\n<li><strong>Alta Elektrika &amp; Termika Kondukteco:<\/strong>\u00a0La inherentaj ecoj de \u0109i tiu kupro-bazita alojo fari\u011das la industrio-normo por elektraj konektiloj, terminalblokoj, kaj alt-efikecaj varmotransdoniloj.<\/li>\n<li><strong>Da\u016drebleco &amp; Elasteco de Uzado:<\/strong>\u00a0Konstruita por alt-frikciaj aplikoj. Kupro konservas esceptan mekanikan forton, fari\u011dante la ideala materialo por pezaj ilaroj, kugloj, kaj movaj mekanikaj kunmetoj.<\/li>\n<\/ul>\n<h3>Kupra Metalaj Perfektaj Indicoj<\/h3>\n<div class=\"table-responsive\">\n<table class=\"table\">\n<thead>\n<tr>\n<th>Materiala Avanta\u011do<\/th>\n<th>Industria Aplikado<\/th>\n<th>\u0108efa Avanta\u011do<\/th>\n<\/tr>\n<\/thead>\n<tbody>\n<tr>\n<td><strong>Ma\u015dinebleco<\/strong><\/td>\n<td>\u00a0 \u00a0 \u00a0 \u00a0 \u00a0 \u00a0 \u00a0 CNC-ma\u015dinita Kupro<\/td>\n<td>\u00a0 \u00a0 \u00a0 \u00a0 \u00a0 \u00a0 \u00a0 \u00a0 \u00a0 \u00a0 \u00a0 \u00a0 \u00a0Atigas mallar\u011dajn toleradojn &amp; reduktas ciklotempojn<\/td>\n<\/tr>\n<tr>\n<td><strong>Koroda Rezisto<\/strong><\/td>\n<td>\u00a0 \u00a0 \u00a0 \u00a0 \u00a0 \u00a0 Maraj &amp; Flua Traktado<\/td>\n<td>\u00a0 \u00a0 \u00a0 \u00a0 \u00a0 \u00a0 \u00a0 \u00a0 \u00a0 \u00a0 \u00a0 Malhelpas oksidi\u011don kaj strukturadan degeneron<\/td>\n<\/tr>\n<tr>\n<td><strong>Kondukteco<\/strong><\/td>\n<td>\u00a0 \u00a0 \u00a0 \u00a0 \u00a0 \u00a0Elektraj terminaloj<\/td>\n<td>\u00a0 \u00a0 \u00a0 \u00a0 \u00a0 \u00a0 \u00a0 \u00a0 \u00a0 \u00a0 Certigas stabilan termikan kaj elektran transiron<\/td>\n<\/tr>\n<tr>\n<td><strong>Elasteco de Uzado<\/strong><\/td>\n<td>\u00a0 \u00a0 \u00a0 \u00a0 \u00a0 \u00a0 \u00a0 \u00a0 \u00a0 Ringoj &amp; Ruliloj<\/td>\n<td>\u00a0 \u00a0 \u00a0 \u00a0 \u00a0 \u00a0 \u00a0 \u00a0 \u00a0 \u00a0 \u00a0 Eltenas altan frikcian mekanikan stre\u0109on<\/td>\n<\/tr>\n<\/tbody>\n<\/table>\n<\/div>\n<h2>Brasa metala gradoj &amp; teknikaj specifoj<\/h2>\n<p>Elekti la \u011dustan\u00a0<strong>bronzan metalan alogon<\/strong>\u00a0estas kritika por la sukceso de via fabrikada projekto. Ni laboras kun diversaj industriaj normaj gradoj por plenumi striktajn mekanikajn kaj medi-ajn postulojn. Konservi la ekzaktan kemian kompona\u0135on de \u0109i tiuj alojoj estas esenca, tial ni fidas je\u00a0<a href=\"https:\/\/haoyumaterial.com\/eo\/advanced-casting-technology-for-improved-foundry-yield-and-metal-purity\/\">altnivela fanda teknologio por plibonigita fandeja rendimento kaj metala pureco<\/a>\u00a0por garantii superan rendimenton en \u0109iu parto kiun ni produktas.<\/p>\n<p>Jen rapida analizo de la plej oftaj\u00a0<strong>kupro metal<\/strong>\u00a0gradoj kiujn ni prilaboras:<\/p>\n<div class=\"table-responsive\">\n<table class=\"table\">\n<thead>\n<tr>\n<th>Brasa Grado<\/th>\n<th>Kompado<\/th>\n<th>\u0108efaj Propra\u0135oj<\/th>\n<th>\u0108efaj Aplikoj<\/th>\n<\/tr>\n<\/thead>\n<tbody>\n<tr>\n<td><strong>C360 (Sen\u015dar\u011da Braso)<\/strong><\/td>\n<td>Kupro, Zinko, Plumbo<\/td>\n<td>Bonega ma\u015dinebleco, optima Rockwell-malecon<\/td>\n<td>Alta rapido CNC-ma\u015dinado, fluida konektiloj, ventoloj<\/td>\n<\/tr>\n<tr>\n<td><strong>C260 (Karto\u015da Kupro)<\/strong><\/td>\n<td>Kupro, Zinko<\/td>\n<td>Alta ductileco, bonega malvarma laboro<\/td>\n<td>Profunda presado, municiaj ujoj, fiksiloj<\/td>\n<\/tr>\n<tr>\n<td><strong>C464 (Nava Kupro)<\/strong><\/td>\n<td>Kupro, Zinko, Stano<\/td>\n<td>Supera koroda rezisto en salakvokorodo<\/td>\n<td>Marista ilaro, propellor\u015daftoj, bushings<\/td>\n<\/tr>\n<\/tbody>\n<\/table>\n<\/div>\n<h3>Standa Brass Alloy Profiloj<\/h3>\n<ul>\n<li><strong>C360 Liber-\u015cra\u016dba Brass:<\/strong>\u00a0La industrio-stando por turn-key brass-ma\u015dado. La aldono de plumbo agas kiel mikroskopa lubrika\u0135o, ebligante rapidajn, precizajn tran\u0109ojn kaj plilongigante ililivon dum produktado.<\/li>\n<li><strong>C260 Karto Brass:<\/strong>\u00a0Konata pro \u011dia elstara formo. \u011ci facile rezistas severan fleksadon kaj profundan premadon sen frakturo a\u016d perdo de struktura integreco.<\/li>\n<li><strong>Navala Brass C464:<\/strong>\u00a0Afi\u015dante malgrandan kvanton de kupro al la kupro-zinka mikso, \u0109i tiu alojo akiras eksterordinaran reziston al dezinkigo, farante \u011din la plej bona elekto por malmildaj, korodantaj maraj medioj.<\/li>\n<\/ul>\n<h3>Ru\u011da Braso kontra\u016d Flava Braso<\/h3>\n<p>Kompreni la diferencon inter ru\u011da kaj flava braso dependas de la zinka enhavo, kiu rekte influas la strukturan integrecon de la metalo kaj \u011dian aplikeblecon.<\/p>\n<ul>\n<li><strong>Ru\u011da Braso \u015ctofo:<\/strong>\u00a0Enhavas malpli da zinko (kutime sub 15%) kaj pli da kupro. \u011ci ofertas superan korodreziston, bone trenas altan akvopremon, kaj provizas la pezan da\u016drecon postulatan por plumbaj kaj industriaj valvoj.<\/li>\n<li><strong>Flava Braso Materialo:<\/strong>\u00a0Enhavas pli altajn zinkajn nivelojn (\u0109irka\u016d 30-40%). \u011ci estas pli forta, pli malmultekosta, kaj havas pli brilan, ora similan finon, farante \u011din ideala por dekoracia ferdeko, fiksiloj, kaj \u011denerala uzo de kutimaj braseaj partoj.<\/li>\n<\/ul>\n<h2>Vastmateriala Fabrikado de Braso<\/h2>\n<p><img loading=\"lazy\" decoding=\"async\" class=\"\" src=\"https:\/\/haoyumaterial.com\/wp-content\/uploads\/2026\/02\/precision_brass_casting_and_machining_1T4z6dvR0.webp\" alt=\"preciza kupra \u0108asado kaj ma\u015dinado\" width=\"540\" height=\"405\" \/><\/p>\n<p>Ni provizas kompletajn kupro-ma\u015dinadajn kaj ver\u015dajn solvojn adaptitajn al la striktaj postuloj de la usona fabrikada sektoro.<\/p>\n<h3>Preciza Kupra Ver\u015dado<\/h3>\n<p>Ni uzas amba\u016d investan ver\u015dadon kaj sablan ver\u015dadon por produkti kompleksajn, proksimajn al-neta formo komponentojn.\u00a0<a href=\"https:\/\/haoyumaterial.com\/eo\/casting-foundry\/\">tampofondejo<\/a>\u00a0estas ekipita por liveri konsekvencajn, difektliberajn ru\u011dajn kuprover\u015dadojn kaj flavajn kupromaterialajn partojn.<\/p>\n<h3>Progressinta CNC-Ma\u015dinado<\/h3>\n<p>Por projektoj postulas precizajn specifojn, niaj CNC-ma\u015dinitaj kuprokapabloj liveras senkompare precizecon.<\/p>\n<h3>Ni funkciigas mult-aksajn frezajn kaj turnajn centrojn kapablajn atingi mikro-nivelajn toleradojn.<\/h3>\n<p>Kruda kupro nature oksidi\u011das kun tempo. Por plibonigi estetikon, plibonigi uzadon kaj malhelpi tarnadon, ni proponas plenan gamon de personigitaj finaj opcioj por via kupra komponanto-fabrikado bezonoj.<\/p>\n<ul>\n<li><strong>Polurado:<\/strong>\u00a0Donas brilan, spegul-similan finon por dekoraciaj a\u016d alt-vidaj partoj.<\/li>\n<li><strong>Elektroplating:<\/strong>\u00a0Aldonas da\u016dran protektan tavolon por ekstremaj industriaj medioj.<\/li>\n<li><strong>Pasivigo:<\/strong>\u00a0Forigas surfacajn kontaminantojn por signife plibonigi koroda reziston.<\/li>\n<li><strong>Klareco Kovra\u0135o:<\/strong>\u00a0Sankcias la kupra metalon por konservi \u011dian naturan koloron kaj malhelpi fruajn a\u011di\u011dojn.<\/li>\n<\/ul>\n<h2>Industriaj Aplikoj de Niaj Kupraj Produktoj<\/h2>\n<p>&nbsp;<\/p>\n<p>Nia\u00a0<strong>kupro metal<\/strong>\u00a0komponentoj estas in\u011denieritaj por plenumi la rigorajn postulojn de moderna industrio. \u0108ar kupro estas escepte versatilaj\u00a0<a href=\"https:\/\/haoyumaterial.com\/eo\/what-is-a-non-ferrous-metal-definition-types-and-uses\/\">malsilicia metalo<\/a>, \u011di provizas la perfektan ekvilibron de forto, kondukteco, kaj koroda rezisto postulata por kritikaj aplikoj tra la Usono.<\/p>\n<p>Ni specializi\u011das en\u00a0<strong>kupraj komponentoj fabrikado<\/strong>\u00a0por pluraj \u015dlosilaj sektoroj, liverante partojn kiuj funkcias fidinde sub premo.<\/p>\n<ul>\n<li><strong>Marina In\u011denierado:<\/strong>\u00a0La severa salakva medio postulas materialojn kiuj ne detruos. Ni provizas margradajn\u00a0<strong>bronzan metalan alogon<\/strong>\u00a0partojn, inkluzive de pezaj propellor\u015daftoj, korodrezistajn valvojn, kaj da\u016drajn pumpokapsulojn.<\/li>\n<li><strong>Aeroespaco &amp; A\u016dtomobiloj:<\/strong>\u00a0Precizeco estas ne-negociebla en \u0109i tiuj kampoj. Nia\u00a0<strong>propra kupraj partoj<\/strong>\u00a0estas vaste uzataj por fabrikado de fidindaj fluida konektiloj, sentemaj sensora kasedoj, kaj malpezaj konduktaj komponantoj kiuj konservas veturilojn kaj aviadilojn funkciantaj sekure.<\/li>\n<li><strong>Energio &amp; Potenco:<\/strong>\u00a0De nukleaj instala\u0135oj \u011dis gas-turbinaj plantoj, efika termika kaj elektra transdono estas esenca. Ni produktas alt-efikajn varmotransferejo-tubojn kaj elektra \u015daltilo-komponentojn konstruitajn por trakti ekstremajn industrio-kondi\u0109ojn.<\/li>\n<li><strong>Plumbo &amp; HVAC:<\/strong>\u00a0Kuprorestas la industrian normon por fluida kaj aero-administrado. Ni fabrikas robustajn alt-prema\u0135ajn valvojn, precizajn tubajn akcesora\u0135ojn, kaj reguligilojn kiuj certigas ne-\u0109erpi\u011dantan, longda\u016dran rendimenton en amba\u016d lo\u011daj kaj komercaj sistemoj.<\/li>\n<\/ul>\n<h2>Kvalito-certeco &amp; In\u011deniera Subteno<\/h2>\n<p><img decoding=\"async\" src=\"https:\/\/haoyumaterial.com\/wp-content\/uploads\/2026\/02\/Brass_Metal_Quality_Assurance_and_Engineering_Supp.webp\" alt=\"Brasa Metalkvalito-Asertado kaj In\u011denieria Subteno\" \/><\/p>\n<p>Kiam vi a\u0109etas\u00a0<strong>kupro metal<\/strong>\u00a0komponentoj, vi bezonas absolutan konfidon en la fina produkto. En Vastmaterial, nia integri\u011dinta produktad-administrada sistemo garantias ke \u0109iu parto plenumas viajn precizajn specifojn de komenco \u011dis fino. Ni apliki\u011das la saman rigorajn kvalito-kontrolojn tra \u0109iuj niaj fabrikadlinioj, \u0109u ni ma\u015dinas kutiman\u00a0<strong>bronzan metalan alogon<\/strong>\u00a0a\u016d funkcias kiel \u0109efa nivelo\u00a0<a href=\"https:\/\/haoyumaterial.com\/eo\/steel-casting-company-2\/\">\u015dtala fandadkompanio<\/a>.<\/p>\n<h3>Strikta Inspekto kaj Spurebleco<\/h3>\n<p>Ni ne lasas kvaliton al \u015danco. Nia instala\u0135o sekvas striktajn internaciajn normojn, certigante plenan kongruon kun ISO kaj ASTM postuloj por \u0109iu projekto.<\/p>\n<ul>\n<li><strong>Materiala Spurebleco:<\/strong>\u00a0Ni spuras \u0109iun partion de kupro-zinko alojo de la krudmateriala stadio rekte \u011dis la fina komponento.<\/li>\n<li><strong>Dimensia Inspektado:<\/strong>\u00a0Nia kvalita kontrolteamo uzas progresintajn Koordinatajn Mezurilojn (CMM) por konfirmi mikro-nivelajn toleradojn kaj certigi perfektan geometran precizecon.<\/li>\n<li><strong>Konstanta Eligo:<\/strong>\u00a0\u0108iu produktadserio de kutimaj braseaj partoj subiras rigoran testadon por garantii mekanikan forton kaj strukturan integrecon.<\/li>\n<\/ul>\n<h3>R&amp;D kaj Aloja Elekto<\/h3>\n<p>Elekti la \u011dustan materialon fari\u011das a\u016d rompigas projekton. Nia in\u011deniera subteno iras preter baza fabrikado. Ni aktive kunlaboras kun viaj R&amp;D-teamoj por certigi optimalan aloian elekton por via specifa apliko. \u0108u via dezajno postulas la altan ma\u015dineblecon de normala libere tran\u0109anta kupro a\u016d la ekstreme da\u016drecon de margrada alojo, ni provizas la teknikajn datumojn kaj prototipajn subtenojn necesajn por \u011duste fari vian produktadon la unuan fojon.<\/p>\n<h2>Teknikaj Demandoj: Kupra Metal-Fabrikado<\/h2>\n<p><strong>Kio estas la normala atendtempo por kutima kupra CNC-ma\u015dinado?<\/strong><br \/>\nNia kutima atendtempo por kutima\u00a0<strong>kupro metal<\/strong>\u00a0CNC-ma\u015dinado varias de 2 \u011dis 4 semajnoj. \u0108i tiu tempolimo dependas tre de la komplekseco de la parto kaj la tuta mendo-volumo. Por ur\u011daj projektoj, ni ofertas rapidajn prototipajn servojn por liveri viajn ma\u015dinitajn komponantojn en nur kelkaj tagoj.<\/p>\n<p><strong>\u0108u Vastmaterial povas trakti altvolumenajn kupra\u0135ajn fandajn produktadojn?<\/strong><br \/>\nKompreneble. Ni scaleas niajn operaciojn senjunte de komencaj prototipoj \u011dis plen-grandaj, altvolumenaj produktadoj. Niaj instala\u0135oj estas plene ekipitaj por administri grandajn produktadajn seriojn sen kompromiso pri kvalito. Se vi estas OEM-a a\u0109etanto taksanta malsamajn fabrikadmetodojn por grandaj mendoj, revizii ampleksan\u00a0<a href=\"https:\/\/haoyumaterial.com\/eo\/precision-metal-casting-guide-for-engineers-and-oem-buyers\/\">preciza metala \u015dtofiada gvidilo<\/a>\u00a0povas helpi vin ali\u011di viajn projektspezifojn kun la \u011dusta fandadproceso.<\/p>\n<p><strong>Kiel vi certigas la dimensian precizecon de latunaj komponantoj?<\/strong><br \/>\nNi fidas je integra kvalito-certiga sistemo. \u0108iu aro de\u00a0<strong>bronzan metalan alogon<\/strong>\u00a0partoj spertas rigoran dimensian inspekton uzante altnivelajn Koordinatajn Mezurma\u015dinojn (KMM). Ni konservas striktan konformecon al internaciaj ISO kaj ASTM-normoj por garantii, ke \u0109iu komponanto plenumas precizajn mikro-nivelajn toleremojn.<\/p>\n<p><strong>Kiujn surfacajn fina\u0135ojn vi rekomendas por mar-kvalitaj latunaj partoj?<\/strong><br \/>\nPor severaj maraj medioj, ni forte rekomendas pasivigon kaj specialigitajn klarajn tega\u0135ojn. Kiam aplikite al materialoj kiel \u015cipa latuno C464, \u0109i tiuj kutimaj surfacaj traktadoj maksimumigas la naturan salakvan korodan reziston de la kupro-zinka alojo, malhelpante trofruan senbrili\u011don kaj strukturan degeneron.<\/p>\n<h3>Rapida Referenco: Latunaj Produktadaj Kapabloj<\/h3>\n<div class=\"table-responsive\">\n<table class=\"table\">\n<thead>\n<tr>\n<th>Serva Areo<\/th>\n<th>Normaj Specifoj &amp; Kapabloj<\/th>\n<\/tr>\n<\/thead>\n<tbody>\n<tr>\n<td><strong>CNC Machining Lead Time<\/strong><\/td>\n<td>\u00a0 \u00a0 \u00a0 \u00a0 \u00a0 \u00a0 \u00a0 \u00a0 \u00a0 \u00a0 \u00a0 \u00a0 \u00a0 \u00a0 \u00a0 \u00a0 \u00a0 \u00a0 \u00a0 \u00a0 \u00a0 \u00a0 \u00a0 \u00a0 \u00a0 \u00a0 \u00a0 \u00a0 \u00a0 \u00a0 \u00a0 \u00a0 \u00a0 \u00a0 2-4 Semajnoj (Rapidecoj haveblaj)<\/td>\n<\/tr>\n<tr>\n<td><strong>Produktadkvanto<\/strong><\/td>\n<td>\u00a0 \u00a0 \u00a0 \u00a0 \u00a0 \u00a0 \u00a0 \u00a0 \u00a0 \u00a0 \u00a0 \u00a0 \u00a0 \u00a0 \u00a0 \u00a0 \u00a0 \u00a0 \u00a0 \u00a0 \u00a0 \u00a0 \u00a0 \u00a0 \u00a0 \u00a0 \u00a0 \u00a0 \u00a0 \u00a0 \u00a0 \u00a0 Malalta volumaj prototipoj \u011dis alta volumaj kontinua\u0135oj<\/td>\n<\/tr>\n<tr>\n<td><strong>Kvalito-Asertado<\/strong><\/td>\n<td>\u00a0 \u00a0 \u00a0 \u00a0 \u00a0 \u00a0 \u00a0 \u00a0 \u00a0 \u00a0 \u00a0 \u00a0 \u00a0 \u00a0 \u00a0 \u00a0 \u00a0 \u00a0 \u00a0 \u00a0 \u00a0 \u00a0 \u00a0 \u00a0 \u00a0 \u00a0 \u00a0 \u00a0 \u00a0 \u00a0 \u00a0 \u00a0 \u00a0CMM-Testado, Plena ISO\/ASTM-Konformeco<\/td>\n<\/tr>\n<tr>\n<td><strong>Mar-Grade Finioj<\/strong><\/td>\n<td>\u00a0 \u00a0 \u00a0 \u00a0 \u00a0 \u00a0 \u00a0 \u00a0 \u00a0 \u00a0 \u00a0 \u00a0 \u00a0 \u00a0 \u00a0 \u00a0 \u00a0 \u00a0 \u00a0 \u00a0 \u00a0 \u00a0 \u00a0 \u00a0 \u00a0 \u00a0 \u00a0 \u00a0 \u00a0 \u00a0 \u00a0 \u00a0 \u00a0 \u00a0 \u00a0Passivado, Elektroplating, Klara Kovra\u0135o<\/td>\n<\/tr>\n<\/tbody>\n<\/table>\n<\/div>\n<p>&nbsp;<\/p>","protected":false},"excerpt":{"rendered":"<p>Vastmaterial brass metal parts with C360 C260 C464 alloys precision casting CNC machining and corrosion resistant performance. Why Choose Brass [&hellip;]<\/p>\n","protected":false},"featured_media":1913,"comment_status":"open","ping_status":"closed","template":"","meta":{"site-sidebar-layout":"default","site-content-layout":"","ast-site-content-layout":"default","site-content-style":"default","site-sidebar-style":"default","ast-global-header-display":"","ast-banner-title-visibility":"","ast-main-header-display":"","ast-hfb-above-header-display":"","ast-hfb-below-header-display":"","ast-hfb-mobile-header-display":"","site-post-title":"","ast-breadcrumbs-content":"","ast-featured-img":"","footer-sml-layout":"","ast-disable-related-posts":"","theme-transparent-header-meta":"default","adv-header-id-meta":"","stick-header-meta":"","header-above-stick-meta":"","header-main-stick-meta":"","header-below-stick-meta":"","astra-migrate-meta-layouts":"set","ast-page-background-enabled":"default","ast-page-background-meta":{"desktop":{"background-color":"var(--ast-global-color-5)","background-image":"","background-repeat":"repeat","background-position":"center center","background-size":"auto","background-attachment":"scroll","background-type":"","background-media":"","overlay-type":"","overlay-color":"","overlay-opacity":"","overlay-gradient":""},"tablet":{"background-color":"","background-image":"","background-repeat":"repeat","background-position":"center center","background-size":"auto","background-attachment":"scroll","background-type":"","background-media":"","overlay-type":"","overlay-color":"","overlay-opacity":"","overlay-gradient":""},"mobile":{"background-color":"","background-image":"","background-repeat":"repeat","background-position":"center center","background-size":"auto","background-attachment":"scroll","background-type":"","background-media":"","overlay-type":"","overlay-color":"","overlay-opacity":"","overlay-gradient":""}},"ast-content-background-meta":{"desktop":{"background-color":"var(--ast-global-color-4)","background-image":"","background-repeat":"repeat","background-position":"center center","background-size":"auto","background-attachment":"scroll","background-type":"","background-media":"","overlay-type":"","overlay-color":"","overlay-opacity":"","overlay-gradient":""},"tablet":{"background-color":"var(--ast-global-color-4)","background-image":"","background-repeat":"repeat","background-position":"center center","background-size":"auto","background-attachment":"scroll","background-type":"","background-media":"","overlay-type":"","overlay-color":"","overlay-opacity":"","overlay-gradient":""},"mobile":{"background-color":"var(--ast-global-color-4)","background-image":"","background-repeat":"repeat","background-position":"center center","background-size":"auto","background-attachment":"scroll","background-type":"","background-media":"","overlay-type":"","overlay-color":"","overlay-opacity":"","overlay-gradient":""}}},"product_brand":[],"product_cat":[25,26,27],"product_tag":[623],"class_list":{"0":"post-1912","1":"product","2":"type-product","3":"status-publish","4":"has-post-thumbnail","6":"product_cat-copper-alloy","7":"product_cat-brass","8":"product_cat-bronze","9":"product_tag-brass-metal","10":"desktop-align-left","11":"tablet-align-left","12":"mobile-align-left","14":"first","15":"instock","16":"shipping-taxable","17":"product-type-simple"},"_links":{"self":[{"href":"https:\/\/haoyumaterial.com\/eo\/wp-json\/wp\/v2\/product\/1912","targetHints":{"allow":["GET"]}}],"collection":[{"href":"https:\/\/haoyumaterial.com\/eo\/wp-json\/wp\/v2\/product"}],"about":[{"href":"https:\/\/haoyumaterial.com\/eo\/wp-json\/wp\/v2\/types\/product"}],"replies":[{"embeddable":true,"href":"https:\/\/haoyumaterial.com\/eo\/wp-json\/wp\/v2\/comments?post=1912"}],"wp:featuredmedia":[{"embeddable":true,"href":"https:\/\/haoyumaterial.com\/eo\/wp-json\/wp\/v2\/media\/1913"}],"wp:attachment":[{"href":"https:\/\/haoyumaterial.com\/eo\/wp-json\/wp\/v2\/media?parent=1912"}],"wp:term":[{"taxonomy":"product_brand","embeddable":true,"href":"https:\/\/haoyumaterial.com\/eo\/wp-json\/wp\/v2\/product_brand?post=1912"},{"taxonomy":"product_cat","embeddable":true,"href":"https:\/\/haoyumaterial.com\/eo\/wp-json\/wp\/v2\/product_cat?post=1912"},{"taxonomy":"product_tag","embeddable":true,"href":"https:\/\/haoyumaterial.com\/eo\/wp-json\/wp\/v2\/product_tag?post=1912"}],"curies":[{"name":"wp","href":"https:\/\/api.w.org\/{rel}","templated":true}]}}