{"id":1917,"date":"2026-02-28T08:13:06","date_gmt":"2026-02-28T00:13:06","guid":{"rendered":"https:\/\/haoyumaterial.com\/?post_type=product&#038;p=1917"},"modified":"2026-02-28T08:13:06","modified_gmt":"2026-02-28T00:13:06","slug":"custom-machined-metal-part-cnc-services-for-tight-tolerances","status":"publish","type":"product","link":"https:\/\/haoyumaterial.com\/eo\/product\/custom-machined-metal-part-cnc-services-for-tight-tolerances\/","title":{"rendered":"Kustomizitaj ma\u015dinaj metalaj partoj CNC-servoj por mallar\u011daj toleradoj"},"content":{"rendered":"<p>Propraj ma\u015dinaj metalaj partaj servoj kun CNC-fremado, turnado, mallar\u011da toleremo kaj rapida prototipado por postulemaj industriaj aplikoj.<\/p>\n<h2>In\u011denierita por Perfektado: Ma\u015dinaj Metalaj Komponentoj<\/h2>\n<p>Kiam via projekto postulas precizajn specifojn, trovi fidindan partneron por a\u00a0<strong>ma\u015dinita metalparto<\/strong>\u00a0povas fari la diferencon inter sukceso kaj multekostaj kunmetaj prokrastoj. Ni komprenas la premon, kiun in\u011denieroj kaj a\u0109etaj direktistoj alfrontas por akiri precizajn metalajn komponentojn kiuj plenumas rigordajn industrio-normojn sen kompromisi pri lead-tempoj. Por solvi \u0109i tiujn defiojn, ni in\u011denieris nian produktadprocezon \u0109irka\u016d precizeco, rapideco kaj fidindeco.<\/p>\n<p>Niaj propraj CNC-ma\u015dinaj kapabloj estas konstruitaj por liveri alt-prestaciajn partojn in\u011denieritajn por ekstrema stre\u0109o kaj postulemaj medioj.<\/p>\n<h3>\u0108efaj Avanta\u011doj de Niaj Ma\u015dinitaj Partoj<\/h3>\n<ul>\n<li><strong>Mallar\u011da Toleremo Ma\u015dinado:<\/strong>\u00a0Ni efektivigas kompleksajn geometriojn kun preciza precizeco. Nia plej moderna CNC-ma\u015dinaro certigas ke \u0109iu kutima alojo-komponento plenumas viajn striktajn dimensiompostulojn.<\/li>\n<li><strong>Rapida Prototipado &amp; Produktado:<\/strong>\u00a0Rapido gravas. De komencaj metalaj ma\u015dinaj prototipoj \u011dis malaltkvanta produktado, niaj rapidaj CNC-ma\u015dinaj servoj garantias rapidajn turna\u0135ojn por konservi vian in\u011denieran templan survoje.<\/li>\n<li><strong>Sa\u011da Produktado:<\/strong>\u00a0Ni uzas progresintajn produktadadministrajn sistemojn kaj realtempajn datumajn monitoradon. \u0108i tiu datum-bazita aliro certigas neniun difektan skaladon kaj konstantan kvaliton tra \u0109iuj industriaj metalaj komponantoj.<\/li>\n<li><strong>Fin-al-Fino Solvoj:<\/strong>\u00a0Ni simpligas vian provizlinion per oferto de plene integritaj precizaj fandadoj, sekundaraj ma\u015dinaj operacioj, kaj ampleksaj surfacaj traktadoj sub unu tegmento.<\/li>\n<\/ul>\n<h2>Preciza Ma\u015dinado &amp; Fabrikado-Kapabloj<\/h2>\n<p><img loading=\"lazy\" decoding=\"async\" class=\"alignnone  wp-image-1919\" src=\"https:\/\/haoyumaterial.com\/wp-content\/uploads\/2026\/02\/CMC-300x180.jpg\" alt=\"\" width=\"693\" height=\"416\" srcset=\"https:\/\/haoyumaterial.com\/wp-content\/uploads\/2026\/02\/CMC-300x180.jpg 300w, https:\/\/haoyumaterial.com\/wp-content\/uploads\/2026\/02\/CMC-768x461.jpg 768w, https:\/\/haoyumaterial.com\/wp-content\/uploads\/2026\/02\/CMC-18x12.jpg 18w, https:\/\/haoyumaterial.com\/wp-content\/uploads\/2026\/02\/CMC-600x360.jpg 600w, https:\/\/haoyumaterial.com\/wp-content\/uploads\/2026\/02\/CMC.jpg 1000w\" sizes=\"auto, (max-width: 693px) 100vw, 693px\" \/><\/p>\n<p>Kiam vi bezonas perfektan ma\u015dinitan metalan parton, nia metalma\u015dina laborejo estas konstruita por liveri. Ni kombinas plej novajn ekipa\u0135ojn kun pruvis fabrikadajn procezojn por krei precizajn metalajn komponantojn kiuj plenumas viajn ekzaktajn specifojn.<\/p>\n<ul>\n<li><strong>3, 4, kaj 5-Axaj CNC-Muelejoj:<\/strong>\u00a0Niaj propraj CNC-ma\u015dincentroj trakteblas pri kompleksaj geometrioj facile. \u0108u vi bezonas simplajn CNC-mueleitajn partojn a\u016d komplikajn aviadilajn ma\u015dinajn partojn, nia multi-axaj aran\u011doj certigas precizan ma\u015di\u011don kaj superan surfacan finon \u0109iam.<\/li>\n<li><strong>CNC-Turnado &amp; Lat\u015da Operacioj:<\/strong>\u00a0Por cilindraj komponantoj, niaj progresintaj latunoj produktas altkvalitajn turnitajn metalajn partojn. Ni optimumigas \u0109iun pa\u015don por provizi efikan propra\u0135an metalan fabrikadon, certigante konstantan precizecon en rapidaj metalaj prototipoj kaj plenaj produktadserioj.<\/li>\n<li><strong>Preciza \u011custiga Kasto-Integrado:<\/strong>\u00a0Ni proponas kompletajn solvojn de fino al fino per kombino de preciza kasto kaj ma\u015dinado. \u0108i tiu integri\u011dinta aliro estas perfekta por specialigitaj industriaj metalaj komponantoj, permesante al ni senjunta fabriki alt-efikan\u00a0<a href=\"https:\/\/haoyumaterial.com\/eo\/product\/low-carbon-steel-bolts-machining-service\/\">malalta karbona \u015dtalo\u015dra\u016dbojn<\/a>\u00a0kaj propra\u0135ajn aloajn partojn kiuj postulas amba\u016d strukturan integrecon kaj ekzaktan dimenson.<\/li>\n<\/ul>\n<h2>Industriaj-Grade Metaloj por \u0108iu Ma\u015dinita Metalero<\/h2>\n<p><img loading=\"lazy\" decoding=\"async\" class=\"alignnone  wp-image-1920\" src=\"https:\/\/haoyumaterial.com\/wp-content\/uploads\/2026\/02\/cnc-turning-252x300.jpg\" alt=\"\" width=\"628\" height=\"748\" srcset=\"https:\/\/haoyumaterial.com\/wp-content\/uploads\/2026\/02\/cnc-turning-252x300.jpg 252w, https:\/\/haoyumaterial.com\/wp-content\/uploads\/2026\/02\/cnc-turning-859x1024.jpg 859w, https:\/\/haoyumaterial.com\/wp-content\/uploads\/2026\/02\/cnc-turning-768x915.jpg 768w, https:\/\/haoyumaterial.com\/wp-content\/uploads\/2026\/02\/cnc-turning-10x12.jpg 10w, https:\/\/haoyumaterial.com\/wp-content\/uploads\/2026\/02\/cnc-turning-600x715.jpg 600w, https:\/\/haoyumaterial.com\/wp-content\/uploads\/2026\/02\/cnc-turning.jpg 1080w\" sizes=\"auto, (max-width: 628px) 100vw, 628px\" \/><\/p>\n<p>En nia metalma\u015dina laborejo ni scias, ke la fundamento de \u0109iu fidinda komponanto estas la kruda materialo. Ni laboras kun vasta gamo de industriaj-grade metaloj por liveri precizajn metalajn komponantojn kiuj plenumas striktajn rendimentajn postulojn. \u0108u vi bezonas unu metalan ma\u015dinitan prototipon a\u016d plenan produktadserion, ni ta\u016dgas la \u011dustan materialon al viaj specifaj projektrequirements.<\/p>\n<p>Jen la \u0109efaj materialoj kiujn ni uzas por kutima CNC-ma\u015dinado:<\/p>\n<ul>\n<li><strong>Aluminiaj Aliaj (6061, 7075):<\/strong>\u00a0Luma, forta, kaj tre ma\u015dinebla. \u0108i tiuj estas niaj elektoj por rapida prototipado de metaloj kaj strukturaj komponantoj kie pezo redukto estas kritika.<\/li>\n<li><strong>Rostetaj &amp; Aliaj Steeloj:<\/strong>\u00a0Ni traktas \u0109ion de normala malalta karbona \u015dtalo \u011dis dupleksa rosteca \u015dtalo. Per integri\u011do de nia\u00a0<a href=\"https:\/\/haoyumaterial.com\/eo\/alloy-steel-casting-process-for-high-precision-cnc-parts\/\">alojan \u015dtalan \u015dtofi\u011dan procezon<\/a>\u00a0kun sekundara ma\u015dinado, ni atingi mallongajn tolerancojn por pezaj industriaj metalaj komponantoj.<\/li>\n<li><strong>Titanio:<\/strong>\u00a0Konata pro \u011dia escepta forto-pezo rilato kaj biokompatibleco. Kiam esploras\u00a0<a href=\"https:\/\/haoyumaterial.com\/eo\/what-is-titanium-used-for-industrial-applications-guide\/\">kion titaniumo estas uzata en industriaj aplikoj<\/a>, \u011di elstaras kiel la fina elekto por aerospacaj ma\u015dinaj partoj kaj medicinaj aparatoj.<\/li>\n<li><strong>Alt-temperaturo Aliajoj:<\/strong>\u00a0In\u011denierita por ekstreme alta varmeco kaj stre\u0109o. Ni regulare ma\u015dinas kutimajn alojo-partojn el alt-efikecaj superalojoj desegnitaj speciale por la energio kaj gas-turbinaj sektoroj.<\/li>\n<li><strong>Kupro alojoj (Brasso &amp; Bronz):<\/strong>\u00a0Provizas elstaran elektran konduktecon kaj malaltan frikcion. \u0108i tiuj estas perfektaj por turnitaj metalaj partoj, kugloj, kaj specialigitaj elektraj konektantoj.<\/li>\n<\/ul>\n<p>\u0108iu ma\u015dinita metalparto, kiun ni produktas, komenci\u011das per atestita, alta kvalito stoko por certigi ke via fina produkto funkcias precize kiel desegnite sub la plej severaj kondi\u0109oj.<\/p>\n<h2>Surfaca Finado Opioj por Ma\u015dinitaj Metalaj Partoj<\/h2>\n<p><img decoding=\"async\" src=\"https:\/\/haoyumaterial.com\/wp-content\/uploads\/2026\/02\/machined_metal_part_surface_finishing_options_101g.webp\" alt=\"ma\u015dinita metala parto surfaca fini\u011dopcioj\" \/><\/p>\n<p>Havi \u011dustajn dimensiojn sur unu\u00a0<strong>ma\u015dinita metalparto<\/strong>\u00a0estas nur duono de la laboro. La \u011dusta surfaca fini\u011do protektas la materialon kaj certigas \u011dian perfektan funkciadon en la kampo. Kiel plena servo metala ma\u015dinado butiko, ni certigas ke \u0109iu surfaca traktado estas senjunta integrita en nia \u011denerala\u00a0<a href=\"https:\/\/haoyumaterial.com\/eo\/technology\/manufacturing-process\/\">produktadprocezo<\/a>, liverante precizajn metalajn komponantojn kiuj plenumas viajn ekzaktajn specifojn.<\/p>\n<p>Ni ofertas kompletan gamon de fini\u011daj solvoj por kompletigi viajn proprajn CNC-ma\u015dinajn projektojn:<\/p>\n<div class=\"table-responsive\">\n<table class=\"table\">\n<thead>\n<tr>\n<th>Fini\u011da Opcio<\/th>\n<th>Priskribo<\/th>\n<th>Ideala Apliko<\/th>\n<\/tr>\n<\/thead>\n<tbody>\n<tr>\n<td><strong>Kiel Ma\u015dinita (Norma)<\/strong><\/td>\n<td>Norma fini\u011do rekte de la ma\u015dino kun malgrandaj, videblaj iltaroj.<\/td>\n<td>Rapida prototipado de metaloj kaj internaj industriaj metalaj komponantoj.<\/td>\n<\/tr>\n<tr>\n<td><strong>Beda\u016dro &amp; Sabblo<\/strong><\/td>\n<td>Forigas ilajn markojn por krei glatan, uniforman kaj matan teksturon.<\/td>\n<td>Aestetikaj partoj postulas puran, ne-reflekta\u0135an surfacon.<\/td>\n<\/tr>\n<tr>\n<td><strong>Anodizado (Tipo II &amp; III)<\/strong><\/td>\n<td>Aldonas protektan oksidan tavolon. Tipo III hardcoato maksimumigas da\u016drecon.<\/td>\n<td>Aluminiaj CNC-mueleitaj partoj bezonantaj altan koroda kaj uzadreziston.<\/td>\n<\/tr>\n<tr>\n<td><strong>Platingo &amp; Pudra Pentrado<\/strong><\/td>\n<td>Apliki malmolan, protektan kaj kolore personigeblan eksteran tavolon.<\/td>\n<td>Persone fabrikado de metalo ekspoziciita al severaj eksteraj a\u016d kemiaj medioj.<\/td>\n<\/tr>\n<tr>\n<td><strong>Personigitaj Traktadoj<\/strong><\/td>\n<td>Specializitaj progresintaj kovra\u0135oj adaptitaj al striktaj rendimento-postuloj.<\/td>\n<td>Aeroespacaj ma\u015dinitaj partoj kaj alt-stresaj personigitaj aloaj partoj.<\/td>\n<\/tr>\n<\/tbody>\n<\/table>\n<\/div>\n<p>\u0108u vi bezonas turnitajn metalajn partojn kun baza normala fini\u011do a\u016d kompleksan CNC-metalan fabrikadon postulantan progresintan hardcoat-anodizon, nia instala\u0135o prizorgas la tutan finadon por konservi striktan kvalitan kontrolon de komenco \u011dis fino.<\/p>\n<h2>Ma\u015dinitaj Metalaj Partoj por Postulantaj Industrioj<\/h2>\n<p>Kiam temas pri kritikaj aplikoj, ne estas loko por eraro. Kiel fidinda metala ma\u015dinista laborejo, ni produktas \u0109iun\u00a0<strong>ma\u015dinita metalparto<\/strong>\u00a0por renkonti la striktajn postulojn de tre reguleitaj industrioj tra la Usono.<\/p>\n<ul>\n<li><strong>Aeroespaco &amp; Aviado:<\/strong>\u00a0Flugkritaj sistemoj postulas precizajn specifojn. Ni liveras fidindajn aerospacajn ma\u015dinitajn partojn kiuj eltenas ekstremajn atmosferajn kondi\u0109ojn, certigante absolutan sekurecon kaj rendimenton.<\/li>\n<li><strong>Gas Turbino &amp; Nuklea:<\/strong>\u00a0La energiosektoro postulas materialojn kiuj postvivu malfacilajn, alt-varmajn mediojn. Niaj kutimaj aloaj partoj estas in\u011denieritaj por alt-stresaj aplikoj, inkluzive de specialigitaj komponantoj por\u00a0<a href=\"https:\/\/haoyumaterial.com\/eo\/industries\/nuclear-power\/\">nuklea energiproduktado<\/a>\u00a0kaj progresintaj gas-turbinaj sistemoj.<\/li>\n<li><strong>Medicaj Aparatoj:<\/strong>\u00a0Vivanthelpa ekipa\u0135o dependas de senmanka preciza metala komponento. Ni provizas mallar\u011dan toleran ma\u015dinadon por kirurgiaj iloj, diagnostikaj ekipa\u0135okapsuloj, kaj implantoj kie precizeco estas simple ne-negociinda.<\/li>\n<li><strong>Maraj &amp; Industriaj:<\/strong>\u00a0De salakva ekspozicio \u011dis pezaj fabriklinoj, ni produktas fortikajn industriajn metalajn komponentojn kaj CNC-muelitaj partojn konstruitajn por rezisti severan korodon kaj pezan \u0109iutagan eluzi\u011don.<\/li>\n<\/ul>\n<h2>Senkompromisa Kvalitkontrolo por \u0108iu Ma\u015dinprilaborita Metala Parto<\/h2>\n<p>Kiam vi fontas\u00a0<strong>ma\u015dinita metalparto<\/strong>\u00a0de nia instala\u0135o, vi atendas perfektan plenumon. Nia metala ma\u015dinprilabora laborejo funkcias kun nul-difekta pensmaniero, certigante ke \u0109iu komponanto plenumas viajn precizajn specifojn anta\u016d ol \u011di forlasas la plankon. Ni subtenas nian kutiman metalan fabrikadon per rigoraj testoj kaj datum-movitaj inspektoj por garantii fidindan rendimenton en la kampo.<\/p>\n<p>Nia ampleksa kvalitkontrola protokolo inkluzivas:<\/p>\n<ul>\n<li><strong>CMM (Koordinata Mezura Ma\u015dino) Inspektoj:<\/strong>\u00a0Ni kontrolas \u0109iun dimension por garantii\u00a0<strong>mallar\u011da toleranco-ma\u015dinado<\/strong>\u00a0e\u0109 por la plej kompleksaj geometrioj.<\/li>\n<li><strong>Materialaj Testraportoj (MTRoj) &amp; Spurebleco:<\/strong>\u00a0Ni provizas plenan dokumentadon por \u0109iuj\u00a0<strong>kutimaj aloaj partoj<\/strong>, certigante plenan travideblecon de la kruda materialo \u011dis la fina produkto.<\/li>\n<li><strong>R&amp;D Partneradoj:<\/strong>\u00a0Ni aktive kunlaboras kun industriaj gvidantoj kaj akademiaj institucioj por anta\u016denigi materialsciencajn malkovrojn, pu\u015dante la limojn de tio, kion precizaj metalaj komponantoj povas atingi sub ekstrema stre\u0109o.<\/li>\n<li><strong>Strikta Respekto al Internaciaj Normoj:<\/strong>\u00a0\u0108u ni produktas kosmoseajn ma\u015dinitajn partojn a\u016d pezajn industriaj metalajn komponantojn, niaj produktadprocezoj plenumas a\u016d superas la plej altajn tutmondajn normojn.<\/li>\n<\/ul>\n<p>Niaj striktaj QA-procesoj etendi\u011das tra \u0109iuj niaj integritaj servoj.\u00a0<a href=\"https:\/\/haoyumaterial.com\/eo\/precision-metal-casting-guide-for-engineers-and-oem-buyers\/\">kiel priskribite en nia<\/a>, preciza metala fandadgvidilo por in\u011denieroj\u00a0<strong>ni konservas senkompromisan superrigardon de la komenca kruda materiala fazo \u011dis la fina<\/strong>, CNC-ma\u015dinitaj partoj.<\/p>\n<h2>certigante senkompare fidindecon kaj konsekvencadon por via provizo\u0109eno.<\/h2>\n<p>Simpligita A\u0109eta Procezo.<\/p>\n<p>A\u0109eti vian personan ma\u015dinitan metalan parton ne devus esti \u011deno. Ni funkcias modernan metalan ma\u015dinadan butikon desegnitan por fari la mendadon rapidan, travideblan, kaj fidindan por niaj usonaj kaj tutmondaj partneroj. Nia laborfluado kondukas vin de cifereca dosiero al fina fizika komponanto sen la kutimaj provizo\u0109enaj kaptoj.<\/p>\n<ul>\n<li><strong>Al\u015dutu &amp; Agordu 3D CAD-Dosierojn:<\/strong>\u00a0Sendu al ni viajn dezajnojn sekure. Ni akceptas normajn CAD-formatojn por komenci vian projekton tuj.<\/li>\n<li><strong>Propra Kvoto &amp; DFM-Riprovo:<\/strong>\u00a0Ni recenzas viajn dosierojn kaj provizas rapidan prezigadon kune kun Dezajno por Fabrikado (DFM) riprovo. \u0108i tio certigas ke viaj precizaj metalaj komponantoj estas optimumigitaj por produktado kaj kosto-efikeco.<\/li>\n<li><strong>Sa\u011da Produktado &amp; Reala Tempora Spurado:<\/strong>\u00a0Post aprobo, via ordo eniras nian integritan fabrikadsistemon. Vi ricevas realtempajn \u011disdatigojn dum viaj CNC-molaj partoj movi\u011das tra nia instala\u0135o.<\/li>\n<li><strong>Tutmonda Livero &amp; QA-Dokumentado:<\/strong>\u00a0Ni sendas rekte al via dokado. \u0108iu ordo, de normaj industriaj komponantoj \u011dis tre reguligitaj\u00a0<a href=\"https:\/\/haoyumaterial.com\/eo\/industries\/aerospace\/\">aerospaca ma\u015dina\u0135aj partoj<\/a>, alvenas kun plena Kvalito-Atestado-dokumentado kaj materiala spurado.<\/li>\n<\/ul>\n<h2>Te\u0125nikaj Demandoj: Ma\u015dina Metalparta Produktado<\/h2>\n<p><strong>Kiaj estas la normaj toleroj por viaj ma\u015dina\u0135aj metalaj partoj?<\/strong><br \/>\nNi speciali\u011das pri preciza toleranca ma\u015dinado. Por norma ma\u015dina metalparto, ni kutime tenas tolerojn \u011dis \u00b10.001 coloj. Nia progresinta CNC-ekipa\u0135o garantias konstantan precizecon \u0109e \u0109iuj precizaj metalaj komponantoj, certigante ke viaj partoj ta\u016dgas perfekte \u0109iufoje.<\/p>\n<p><strong>\u0108u vi postulas Minimuma Mendo-Kvanton (MOQ)?<\/strong><br \/>\nNe. \u0108u vi bezonas ununuran metalan prototipon por testi dezajnon a\u016d altan volumon de industriaj metalaj komponantoj, nia metalma\u015dina\u0135a laborejo estas tute fleksebla. Ni subtenas rapidan liveradon por malaltvolumaj serioj kaj senjuntigas al plena produktado.<\/p>\n<p><strong>\u0108u vi povas prizorgi amba\u016d la fandadon kaj finan ma\u015dinado de parto?<\/strong><br \/>\nAbsolute. Ni provizas integritajn\u00a0<a href=\"https:\/\/haoyumaterial.com\/eo\/alloy-casting-foundry\/\">precizecan kaj ma\u015dinadon<\/a>\u00a0sub unu tegmento. Kombinante \u0109efajn \u0109izadmetodojn kun sekundara produktado de CNC-\u015dlifitaj partoj kaj turnitaj metalaj partoj, ni liveras finajn kutimajn aloajn partojn sen la \u011deno de administrado de pluraj vendistoj.<\/p>\n<p><strong>Kio estas la kutima anta\u016dtempo por aluminio-prototipo?<\/strong><br \/>\nPor rapidaj prototipaj metalaj projektoj, normaj aluminio-prototipoj kutime liveri\u011das ene de nur kelkaj tagoj. Tre kompleksaj aerospacaj ma\u015dinaj partoj a\u016d specialigitaj kutimaj metalaj fabrikaj projektoj eble prenos iom pli da tempo, sed niaj inteligentaj fabrikadlinioj estas optimumigitaj por rapido kaj nula difekta kvalito.<\/p>\n<h3>Rapida Referenco: Kustoma CNC-Ma\u015dinada Kapablo<\/h3>\n<div class=\"table-responsive\">\n<table class=\"table\">\n<thead>\n<tr>\n<th>Specifo<\/th>\n<th>Detaloj<\/th>\n<\/tr>\n<\/thead>\n<tbody>\n<tr>\n<td><strong>Normaj Tolerancoj<\/strong><\/td>\n<td>\u00a0 \u00a0 \u00a0 \u00a0 \u00a0 \u00a0 \u00a0 \u00a0 \u00a0 \u00a0 \u00a0 \u00a0 \u00a0 \u00a0 \u00a0 \u00a0 \u00a0 \u00a0 \u00a0 \u00a0 \u00a0 \u00a0 \u00a0 \u00a0 \u00a0 \u00a0 \u00a0 \u00a0 \u00a0 \u00a0 \u00a0 \u00a0 \u00a0 \u00a0 \u00a0 \u00a0 \u00a0 \u00a0 \u00a0 \u00a0 \u00a0 \u00a0 \u00a0 \u00a0 \u00a0 \u00a0 \u00a0 \u00a0 \u00a0 \u00a0 \u00a0 \u00a0 \u00a0 \u00a0 \u011cis \u00b10.001\u2033<\/td>\n<\/tr>\n<tr>\n<td><strong>Minimuma Mendo (MOQ)<\/strong><\/td>\n<td>\u00a0 \u00a0 \u00a0 \u00a0 \u00a0 \u00a0 \u00a0 \u00a0 \u00a0 \u00a0 \u00a0 \u00a0 \u00a0 \u00a0 \u00a0 \u00a0 \u00a0 \u00a0 \u00a0 \u00a0 \u00a0 \u00a0 \u00a0 \u00a0 \u00a0 \u00a0 \u00a0 \u00a0 \u00a0 \u00a0 \u00a0 \u00a0 \u00a0 \u00a0 \u00a0 \u00a0 \u00a0 \u00a0 \u00a0 \u00a0 \u00a0 \u00a0 \u00a0 \u00a0 \u00a0 \u00a0 \u00a0 1 Unuo (Prototipoj \u011dis alta volumeno)<\/td>\n<\/tr>\n<tr>\n<td><strong>\u0108efaj Servoj<\/strong><\/td>\n<td>\u00a0 \u00a0 \u00a0 \u00a0 \u00a0 \u00a0 \u00a0 \u00a0 \u00a0 \u00a0 \u00a0 \u00a0 \u00a0 \u00a0 \u00a0 \u00a0 \u00a0 \u00a0 \u00a0 \u00a0 \u00a0 \u00a0 \u00a0 \u00a0 \u00a0 \u00a0 \u00a0 \u00a0 \u00a0 \u00a0 \u00a0 \u00a0 \u00a0 \u00a0 \u00a0 \u00a0 \u00a0 \u00a0 \u00a0 \u00a0 \u00a0 \u00a0 \u00a0 \u00a0 \u00a0 \u015ctofo, CNC-fandado, turnado, surfaca fini\u011do<\/td>\n<\/tr>\n<tr>\n<td><strong>Prototipa Lead Time<\/strong><\/td>\n<td>\u00a0 \u00a0 \u00a0 \u00a0 \u00a0 \u00a0 \u00a0 \u00a0 \u00a0 \u00a0 \u00a0 \u00a0 \u00a0 \u00a0 \u00a0 \u00a0 \u00a0 \u00a0 \u00a0 \u00a0 \u00a0 \u00a0 \u00a0 \u00a0 \u00a0 \u00a0 \u00a0 \u00a0 \u00a0 \u00a0 \u00a0 \u00a0 \u00a0 \u00a0 \u00a0 \u00a0 \u00a0 \u00a0 \u00a0 \u00a0 \u00a0 \u00a0 \u00a0 \u00a0\u0108iomete kelkaj tagoj por normaj aluminio-partoj<\/td>\n<\/tr>\n<\/tbody>\n<\/table>\n<\/div>","protected":false},"excerpt":{"rendered":"<p>Custom machined metal part services with CNC milling turning tight tolerance and rapid prototyping for demanding industrial applications. Engineered for [&hellip;]<\/p>\n","protected":false},"featured_media":1918,"comment_status":"open","ping_status":"closed","template":"","meta":{"site-sidebar-layout":"default","site-content-layout":"","ast-site-content-layout":"default","site-content-style":"default","site-sidebar-style":"default","ast-global-header-display":"","ast-banner-title-visibility":"","ast-main-header-display":"","ast-hfb-above-header-display":"","ast-hfb-below-header-display":"","ast-hfb-mobile-header-display":"","site-post-title":"","ast-breadcrumbs-content":"","ast-featured-img":"","footer-sml-layout":"","ast-disable-related-posts":"","theme-transparent-header-meta":"default","adv-header-id-meta":"","stick-header-meta":"","header-above-stick-meta":"","header-main-stick-meta":"","header-below-stick-meta":"","astra-migrate-meta-layouts":"set","ast-page-background-enabled":"default","ast-page-background-meta":{"desktop":{"background-color":"var(--ast-global-color-5)","background-image":"","background-repeat":"repeat","background-position":"center center","background-size":"auto","background-attachment":"scroll","background-type":"","background-media":"","overlay-type":"","overlay-color":"","overlay-opacity":"","overlay-gradient":""},"tablet":{"background-color":"","background-image":"","background-repeat":"repeat","background-position":"center center","background-size":"auto","background-attachment":"scroll","background-type":"","background-media":"","overlay-type":"","overlay-color":"","overlay-opacity":"","overlay-gradient":""},"mobile":{"background-color":"","background-image":"","background-repeat":"repeat","background-position":"center center","background-size":"auto","background-attachment":"scroll","background-type":"","background-media":"","overlay-type":"","overlay-color":"","overlay-opacity":"","overlay-gradient":""}},"ast-content-background-meta":{"desktop":{"background-color":"var(--ast-global-color-4)","background-image":"","background-repeat":"repeat","background-position":"center center","background-size":"auto","background-attachment":"scroll","background-type":"","background-media":"","overlay-type":"","overlay-color":"","overlay-opacity":"","overlay-gradient":""},"tablet":{"background-color":"var(--ast-global-color-4)","background-image":"","background-repeat":"repeat","background-position":"center center","background-size":"auto","background-attachment":"scroll","background-type":"","background-media":"","overlay-type":"","overlay-color":"","overlay-opacity":"","overlay-gradient":""},"mobile":{"background-color":"var(--ast-global-color-4)","background-image":"","background-repeat":"repeat","background-position":"center center","background-size":"auto","background-attachment":"scroll","background-type":"","background-media":"","overlay-type":"","overlay-color":"","overlay-opacity":"","overlay-gradient":""}}},"product_brand":[],"product_cat":[17,21,25,22,24],"product_tag":[],"class_list":{"0":"post-1917","1":"product","2":"type-product","3":"status-publish","4":"has-post-thumbnail","6":"product_cat-stainless-steel","7":"product_cat-aluminum-alloy","8":"product_cat-copper-alloy","9":"product_cat-high-temperature-alloy","10":"product_cat-titanium-alloy","11":"desktop-align-left","12":"tablet-align-left","13":"mobile-align-left","15":"first","16":"instock","17":"shipping-taxable","18":"product-type-simple"},"_links":{"self":[{"href":"https:\/\/haoyumaterial.com\/eo\/wp-json\/wp\/v2\/product\/1917","targetHints":{"allow":["GET"]}}],"collection":[{"href":"https:\/\/haoyumaterial.com\/eo\/wp-json\/wp\/v2\/product"}],"about":[{"href":"https:\/\/haoyumaterial.com\/eo\/wp-json\/wp\/v2\/types\/product"}],"replies":[{"embeddable":true,"href":"https:\/\/haoyumaterial.com\/eo\/wp-json\/wp\/v2\/comments?post=1917"}],"wp:featuredmedia":[{"embeddable":true,"href":"https:\/\/haoyumaterial.com\/eo\/wp-json\/wp\/v2\/media\/1918"}],"wp:attachment":[{"href":"https:\/\/haoyumaterial.com\/eo\/wp-json\/wp\/v2\/media?parent=1917"}],"wp:term":[{"taxonomy":"product_brand","embeddable":true,"href":"https:\/\/haoyumaterial.com\/eo\/wp-json\/wp\/v2\/product_brand?post=1917"},{"taxonomy":"product_cat","embeddable":true,"href":"https:\/\/haoyumaterial.com\/eo\/wp-json\/wp\/v2\/product_cat?post=1917"},{"taxonomy":"product_tag","embeddable":true,"href":"https:\/\/haoyumaterial.com\/eo\/wp-json\/wp\/v2\/product_tag?post=1917"}],"curies":[{"name":"wp","href":"https:\/\/api.w.org\/{rel}","templated":true}]}}