{"id":1942,"date":"2026-03-03T08:22:17","date_gmt":"2026-03-03T00:22:17","guid":{"rendered":"https:\/\/haoyumaterial.com\/?post_type=product&#038;p=1942"},"modified":"2026-03-03T08:22:17","modified_gmt":"2026-03-03T00:22:17","slug":"permanent-mold-casting-services-for-precision-aluminum-and-copper-parts","status":"publish","type":"product","link":"https:\/\/haoyumaterial.com\/eo\/product\/permanent-mold-casting-services-for-precision-aluminum-and-copper-parts\/","title":{"rendered":"Permanenta Formo-Kastado-Servoj por Precizaj Alumini kaj Kupraj Partoj"},"content":{"rendered":"<p>Permanenta \u015dtofo por aluminio kaj kupraj partoj kun mallar\u011daj toleroj, alta forto kaj supera surfaca fini\u011do.<\/p>\n<h2>Kio estas Permanente Formo-Kastado?<\/h2>\n<p>En Vastmaterial, ni utiligas\u00a0<strong>permanenta \u015dima gisado<\/strong>\u2014ofte referencita en la industrio kiel\u00a0<strong>gravita gvida verado<\/strong>\u2014por liveri altkvalitajn metalajn komponantojn. Male al procezoj kiuj dependas de for\u0135eteblaj sablaj formoj, \u0109i tiu tekniko uzas reuzeblajn metalajn formojn (matricoj), kutime ma\u015dinitaj el \u015dtono a\u016d ferio. Ni ver\u015das moltan metalon en \u0109i tiujn anta\u016d-varmetigitajn matricojn, permesante al gravito plenigi la kavon kun escepta konstanteco kaj ripetebleco. \u0108i tiu metodo konektas la diferencon inter la malaltaj ilaraj kostoj de sabla ver\u015dado kaj la altaj produktadrapidecoj de alta premo matri\u0109ado.<\/p>\n<h3>La Avanta\u011do de Vastmaterial: Forto kaj Precizeco<\/h3>\n<p>Nia permanenta formo-procezo estas desegnita por maksimumigi la rendimenton de la komponantoj. Per uzado de la termikaj propra\u0135oj de metalaj matricoj, ni atingas rezultojn kiujn normala sabla ver\u015dado ne povas konkuri.<\/p>\n<ul>\n<li><strong>Fina mikrostrukturo kaj forto:<\/strong>\u00a0La metala formo agas kiel malvarmiga\u0135o, ka\u016dzante ke la moltenaj alojoj rapide solidi\u011du. \u0108i tiu rapida malvarmi\u011do anta\u016denigas la\u00a0<strong>fina graineca strukturo<\/strong>\u00a0tra la formo, signife plibonigante mekanikajn trajtojn kiel stre\u0109a forto kaj fatiga rezisto.<\/li>\n<li><strong>Proksime al la proksimuma formo:<\/strong>\u00a0Ni fokusi\u011das al\u00a0<strong>proksime al la proksimuma formo-fandado<\/strong>\u00a0por minimumigi mal\u015dparon. Niaj reuzeblaj formoj konservas striktan dimensi-an stabilecon, permesante al ni formi trajtojn kun\u00a0<strong>mallar\u011daj toleroj<\/strong>. \u0108i tiu precizeco draste reduktas la bezonon de ampleksaj sekundaraj CNC-ma\u015dinadoj, malaltigante viajn \u011deneralajn produktokostojn.<\/li>\n<li><strong>Supera As-Cast Surfaca Finado:<\/strong>\u00a0Kvalito komencas \u0109e la malmola interfaco. \u0108ar niaj malmolaj formoj estas ma\u015dinitaj la\u016d precizaj specifoj, la rezultaj partoj prezentas glatan, puran.\u00a0<strong>kiel-\u0135etita surfaca fini\u011do<\/strong>. \u0108i tiu supera finado ofte eliminas la bezonon de peza polurado a\u016d muelado, certigante ke viaj partoj estas pretaj por fina apliko a\u016d surfaca traktado pli rapide.<\/li>\n<\/ul>\n<h2>Materialaj Kapabloj: Specialaj Alojoj<\/h2>\n<p>En Vastmaterial, ni scias ke la sukceso de\u00a0<strong>permanenta \u015dima gisado<\/strong>\u00a0dependas tre de elekto de \u011dusta materialo. La metala malmola procezo ekigas malsamajn termikajn stre\u0109ojn ol sabla malmoldado, do ni uzas alojojn speciale in\u011denieritajn por flui glate kaj solidi\u011di kun minimuma porozo.<\/p>\n<h3>Ni ofertas diversajn materialojn desegnitajn por plenumi la rigorajn postulojn de industrioj kiel aviado kaj energio.<\/h3>\n<p>Nia\u00a0<a href=\"https:\/\/haoyumaterial.com\/eo\/vara-kategorio\/aluminum-alloy\/\">Aluminiaj Alojoj: Peza\u0135a Perfektado<\/a>\u00a0estas \u0109efa elekto por permanenta \u015dtofo-uzo. \u0108i tiuj alojoj estas preferataj pro ilia alta forto-pezo rilato kaj bonega\u00a0<strong>korrodorezisto<\/strong>. Kiam ver\u015ditaj en metalajn \u015dtofojn, aluminio atingi pli finan grainan strukturon, rezultigante superajn mekanikajn ecojn kompare kun sablo-ver\u015ditaj alternativo. Tio igas ilin ideala por a\u016dtomobilaj kaj industriaj komponantoj kie redukti pezon sen kompromiti durabilon estas kritika.<\/p>\n<h3>Kupro &amp; Bronzaj Alojoj<\/h3>\n<p>Por aplikoj postuladantaj altan elektran konduktecon a\u016d eksterordinaran abrazoreziston, ni uzas nian\u00a0<strong>Kupra Aloja Serio<\/strong>, inkluzive fortikan bronzan kaj bronsan opcion. \u0108i tiuj materialoj estas perfektaj por peza\u0135aj \u015dtopiloj, radoj, kaj elektraj konektantoj. Ver\u015dado de \u0109i tiuj alojoj en permanenta \u015dtofoj ebligas al ni konservi\u00a0<strong>mallar\u011daj toleroj<\/strong>\u00a0kaj liveri surfacan finon kiu ofte reduktas la bezonon de ampleksa dua ma\u015dinado.<\/p>\n<h3>Krea Aloja Evoluigo<\/h3>\n<p>Ni ne nur dependas sur el\u015dar\u011ditaj normoj. Per uzado de niaj partneroj kun gvidaj akademiaj institucioj kaj industriaj fakuloj, ni proponas\u00a0<strong>propra aloja evoluo<\/strong>. Se via projekto postulas specifan termikan stabilecon a\u016d unikan mekanikan forton ne trovitan en normaj gradoj, nia R&amp;D-teamo povas formuli kaj testi proprietajn miksa\u0135ojn por plenumi viajn precizajn postulojn.<\/p>\n<h2>Proceza Komparo: \u0108u Permanenta Formo estas Ta\u016dga por Vi?<\/h2>\n<p>Decidi inter \u015dtofi\u011daj metodoj ofte redukti\u011das al ekvilibrado de produktadkvanto kontra\u016d ilaraj investoj.\u00a0<strong>Permanenta mulda ver\u015dado<\/strong>\u00a0(ofte nomata gravita muldado) okupas strategian mezan terenon. \u011ci konektas la interspacon inter la malaltaj ilaraj kostoj de sabla muldado kaj la alta rapido de premo-muldado.<\/p>\n<h3>Komparo: Permanenta Formo kontra\u016d Sabla Muldado kontra\u016d Muldado per Premo<\/h3>\n<div class=\"table-responsive\">\n<table class=\"table\">\n<thead>\n<tr>\n<th>Trajto<\/th>\n<th>Sabla Fandado<\/th>\n<th>Permanenta Muldika Ver\u015dado<\/th>\n<th>Alta Prema \u011cisdatado per Malpremo<\/th>\n<\/tr>\n<\/thead>\n<tbody>\n<tr>\n<td><strong>Ideala Volumeno<\/strong><\/td>\n<td>\u00a0 Malalta \u011dis Meza<\/td>\n<td>\u00a0 \u00a0 \u00a0 \u00a0 \u00a0 \u00a0 \u00a0 \u00a0 \u00a0 \u00a0Meza \u011dis Alta<\/td>\n<td>\u00a0 \u00a0 \u00a0 \u00a0 \u00a0 \u00a0 \u00a0 \u00a0 \u00a0 \u00a0 \u00a0 \u00a0 \u00a0 \u00a0 \u00a0 \u00a0 \u00a0 \u00a0Tre Alta<\/td>\n<\/tr>\n<tr>\n<td><strong>Ilara Kosto<\/strong><\/td>\n<td>\u00a0 Malalta<\/td>\n<td>\u00a0 \u00a0 \u00a0 \u00a0 \u00a0 \u00a0 \u00a0 \u00a0 \u00a0 \u00a0Meza<\/td>\n<td>\u00a0 \u00a0 \u00a0 \u00a0 \u00a0 \u00a0 \u00a0 \u00a0 \u00a0 \u00a0 \u00a0 \u00a0 \u00a0 \u00a0 \u00a0 \u00a0 \u00a0 \u00a0 \u00a0 Alta<\/td>\n<\/tr>\n<tr>\n<td><strong>Surfina Finado<\/strong><\/td>\n<td>Rugosa<\/td>\n<td>\u00a0 \u00a0 \u00a0 \u00a0 \u00a0 \u00a0 \u00a0 \u00a0 \u00a0 Bona \/ Glata<\/td>\n<td>\u00a0 \u00a0 \u00a0 \u00a0 \u00a0 \u00a0 \u00a0 \u00a0 \u00a0 \u00a0 \u00a0 \u00a0 \u00a0 \u00a0 \u00a0 \u00a0 \u00a0 \u00a0 Bonega<\/td>\n<\/tr>\n<tr>\n<td><strong>Parto Forto<\/strong><\/td>\n<td>Meza<\/td>\n<td><strong>\u00a0 \u00a0 \u00a0 \u00a0 \u00a0 \u00a0 \u00a0 \u00a0 \u00a0 \u00a0 Alta<\/strong>\u00a0(Fina Greno)<\/td>\n<td>\u00a0 \u00a0 \u00a0 \u00a0 \u00a0 \u00a0 \u00a0 \u00a0 \u00a0 \u00a0 \u00a0 \u00a0 Meza (Poroj Riskoj)<\/td>\n<\/tr>\n<tr>\n<td><strong>Tolerancoj<\/strong><\/td>\n<td>Lega<\/td>\n<td>\u00a0 \u00a0 \u00a0 \u00a0 \u00a0 \u00a0 \u00a0 \u00a0 \u00a0 \u00a0 \u00a0 \u00a0 \u00a0 \u00a0A\u0109a<\/td>\n<td>\u00a0 \u00a0 \u00a0 \u00a0 \u00a0 \u00a0 \u00a0 \u00a0 \u00a0 \u00a0 \u00a0 \u00a0 \u00a0 \u00a0 \u00a0 \u00a0 \u00a0 \u00a0 Tre Dika<\/td>\n<\/tr>\n<\/tbody>\n<\/table>\n<\/div>\n<h3>Produktada Kvanto kaj Ililaboro Kosto-Analizo<\/h3>\n<p>Ni uzas\u00a0<strong>reuzeblaj metalaj moldoj<\/strong>\u2014kutime ma\u015dinitaj el \u015dtono a\u016d ferio\u2014kiuj postulas pli altan anta\u016dan investon kompare kun sablaj \u015dablonoj. Tamen, \u0109i tiuj moldoj estas da\u016draj kaj povas elteni ripetajn varmociklojn.<\/p>\n<ul>\n<li><strong>Kost-efikeco:<\/strong>\u00a0Por produktadaj serioj de centoj \u011dis miloj da unuoj, la kosto por parto signife malplii\u011das, kompensante la komencan ililaboran kostojn.<\/li>\n<li><strong>Rapido:<\/strong>\u00a0La procezo estas pli rapida ol sabla muldado \u0109ar la muldilo ne bezonas esti detruita kaj rekreita por \u0109iu parto.<\/li>\n<\/ul>\n<h3>Surfaca Finado kaj Mekanika Forto-Diferencoj<\/h3>\n<p>La \u0109efa teknika avanta\u011do de \u0109i tiu procezo estas la fizika kvalito de la muldado.<\/p>\n<ul>\n<li><strong>Supera Finado:<\/strong>\u00a0La metalmuldiro liveras pli puran\u00a0<strong>kiel-\u0135etita surfaca fini\u011do<\/strong>, reduktante la bezonon je ampleksa sekundara ma\u015dinado.<\/li>\n<li><strong>Mekanika Integreco:<\/strong>\u00a0La rapida malvarmiga rapido provizita de la metalforma\u0135o kreas fajnan graingranulon. Tio rezultigas pli altan mekanikan forton kaj reduktitan\u00a0<strong>fandoporeco<\/strong>\u00a0kompare kun aliaj metodoj. \u0108i tiu struktura integreco estas esenca por kritikaj komponantoj en niaj\u00a0<a href=\"https:\/\/haoyumaterial.com\/eo\/manufacturing-industry-casting-high-performance-refractory-solutions\/\">fabrikada industrio varkadsolvojn<\/a>, kie da\u016dreco sub stre\u0109o estas ne-negociinda.<\/li>\n<\/ul>\n<h2>Teknikaj Specifoj &amp; Kapabloj<\/h2>\n<p>En Vastmaterial, ni projektas niajn\u00a0<strong>permanenta \u015dima gisado<\/strong>\u00a0procezo por liveri komponantojn kiuj ekvilibrigas strukturan integrecon kun dimensa precizeco. Male al sabla varkado, niaj reuzeblaj metalaj muldiloj ebligas al ni teni pli striktajn toleradojn konstante, reduktante la kvanton de stokmaterialo, kiu devas esti forigita poste. Ni fokusas pri liverado de \u201cproksime al rektangula formo\u201d partoj kiuj plenumas rigorajn industrio-normojn.<\/p>\n<h3>Pezo-Rango kaj Normaj Toleradoj<\/h3>\n<p>Niaj instala\u0135oj estas ekipitaj por trakti diversan gamon de komponantaj grandecoj, de malgrandaj, kompleksaj brakoj \u011dis pli grandaj korpusoj. Dum la precizaj kapabloj dependas de la specifa alojo kaj parto-geometrio, nia procezo \u011denerale ofertas superan dimenson kontrolon kompare al gravita sabla procezo.<\/p>\n<div class=\"table-responsive\">\n<table class=\"table\">\n<thead>\n<tr>\n<th>Trajto<\/th>\n<th>Norma Kapablo<\/th>\n<\/tr>\n<\/thead>\n<tbody>\n<tr>\n<td><strong>Dimensia toleremo<\/strong><\/td>\n<td>\u00a0 \u00a0 \u00a0 \u00a0 \u00a0 \u00a0 \u00a0 \u00a0 \u00a0 \u00a0 \u00a0 \u00a0 \u00a0 \u00a0 \u00a0 \u00a0 \u00a0 \u00a0 \u00a0 \u00a0 \u00a0 \u00a0 \u00a0 \u00a0 \u00a0 \u00a0 \u00a0 \u00a0 \u00a0 \u00a0 \u00a0 \u00a0 \u00a0 Alta precizeco (kutime \u00b10.015 coloj por la unua colio)<\/td>\n<\/tr>\n<tr>\n<td><strong>Surfina Finado<\/strong><\/td>\n<td>\u00a0 \u00a0 \u00a0 \u00a0 \u00a0 \u00a0 \u00a0 \u00a0 \u00a0 \u00a0 \u00a0 \u00a0 \u00a0 \u00a0 \u00a0 \u00a0 \u00a0 \u00a0 \u00a0 \u00a0 \u00a0 \u00a0 \u00a0 \u00a0 \u00a0 \u00a0 \u00a0 \u00a0 \u00a0 \u00a0 Supera malmola fini\u011do (RMS 200-400), reduktante polurajn bezonojn<\/td>\n<\/tr>\n<tr>\n<td><strong>Parta Pezo<\/strong><\/td>\n<td>\u00a0 \u00a0 \u00a0 \u00a0 \u00a0 \u00a0 \u00a0 \u00a0 \u00a0 \u00a0 \u00a0 \u00a0 \u00a0 \u00a0 \u00a0 \u00a0 \u00a0 \u00a0 \u00a0 \u00a0 \u00a0 \u00a0 \u00a0 \u00a0 \u00a0 \u00a0 \u00a0 \u00a0 \u00a0 \u00a0 \u00a0Skalebla de uncoj \u011dis mez-grandaj industriaj komponantoj<\/td>\n<\/tr>\n<tr>\n<td><strong>Ripetebleco<\/strong><\/td>\n<td>\u00a0 \u00a0 \u00a0 \u00a0 \u00a0 \u00a0 \u00a0 \u00a0 \u00a0 \u00a0 \u00a0 \u00a0 \u00a0 \u00a0 \u00a0 \u00a0 \u00a0 \u00a0 \u00a0 \u00a0 \u00a0 \u00a0 \u00a0 \u00a0 \u00a0 \u00a0 \u00a0 \u00a0 \u00a0 \u00a0 \u00a0 \u00a0 \u00a0 \u00a0 \u00a0 Bonega konstanteco tra altvolumaj produktadserioj<\/td>\n<\/tr>\n<\/tbody>\n<\/table>\n<\/div>\n<h3>Muro Dikeco kaj Tordaj Anguloj<\/h3>\n<p>Por certigi la longvivecon de la malpleno kaj la kvaliton de la \u015dtono, specifaj desegnadaj parametroj devas esti plenumitaj.<\/p>\n<ul>\n<li><strong>Skizanguloj:<\/strong>\u00a0Ni postulas ta\u016dgajn tordajn angulojn (kutime 2\u00b0 \u011dis 3\u00b0) sur vertikalaj muro por certigi ke la solidigita parto facile el\u0135eti\u011das el la metala malpleno sen glitado a\u016d krakado.<\/li>\n<li><strong>Muro Dikeco:<\/strong>\u00a0Ni rekomendas konservi uniforman muro-dikecon (minimuma 0.125 coloj kutime preferata) por anta\u016denigi egalecon de malvarmigo kaj eviti skuajn difektojn a\u016d porozeco.<\/li>\n<\/ul>\n<h3>Dua Operacio: CNC-ma\u015dinado kaj Varma Traktado<\/h3>\n<p>Ni provizas kompletan \u201ckoncepto al livero\u201d solvon. \u015cto ver\u015dajne estas nur la unua pa\u015do. Por atingi la finajn mekanikajn ecojn kaj kunfandajn toleradojn, ni integras progresintajn sekundarajn operaciojn rekte en nian laborfluon.<\/p>\n<ul>\n<li><strong>\u015ca\u016dta Traktado:<\/strong>\u00a0Ni plenumas traktadojn kiel T6 por signife plibonigi la malmolecon kaj stre\u0109an forton de la ver\u015do. \u0108i tio estas kritika kiam oni laboras kun alt-efikecaj materialoj, kiel por specifaj\u00a0<a href=\"https:\/\/haoyumaterial.com\/eo\/a356-t6-aluminum-alloy-specifications-strength-and-applications\/\">A356-T6 aluminia alojspecifoj<\/a>\u00a0por a\u016dtomobilaj a\u016d spacflugilaj aplikoj.<\/li>\n<li><strong>CNC Ma\u015dinado:<\/strong>\u00a0Por ecoj kiuj postulas tre striktajn toleradojn, kiujn nur ver\u015do ne povas atingi, niaj enlandaj CNC-ma\u015dinaj centroj fini\u011das la partojn la\u016d precizaj specifoj.<\/li>\n<li><strong>Surfaca Finado:<\/strong>\u00a0Ni proponas platingon, kovron, kaj anodizon por plibonigi korodon reziston kaj estetikan allogon.<\/li>\n<\/ul>\n<h2>Industriaj Aplikoj por Permanente \u015ctofado de \u015ctofoj<\/h2>\n<p>Niaj servoj pri permanenta \u015dtofo de \u015dtofoj estas projektitaj por industrioj kiuj postulas altan integrecon kaj ripeteblan precizecon. Per uzado de reuzeblaj metalaj \u015dtofoj, ni liveras komponentojn kun superaj mekanikaj ecoj kompare kun normala sabla ver\u015do, igante ilin idealaj por kritikaj aplikoj kie materiala fiasko ne estas opcio.<\/p>\n<h3>Spacfluga Struktura Komponentoj<\/h3>\n<p>En la aerospaca sektoro, la forto-al\u011dustiga rilatumo estas \u0109io. Ni produktas malpezajn aluminia alojo vergojn kiuj konservas eksterordinaran strukturajn integrecojn.\u00a0<a href=\"https:\/\/haoyumaterial.com\/eo\/local-cnc-machine-shop-precision-parts-and-fast-lead-times\/\">\u0108i tiuj partoj havas la fajnan grajnstrukturojn necesajn por elteni altan stre\u0109on kaj lacecon, certigante sekurecon kaj rendimenton en flugkritika hardvaro.<\/a>\u00a0Multaj el \u0109i tiuj krudvergoj rekte movi\u011das al nia.<\/p>\n<h3>lokala CNC-ma\u015dino por preciza fini\u011do<\/h3>\n<p>por atingi la plej striktajn aerospacajn toleradojn.<\/p>\n<ul>\n<li><strong>Termika Stabileco:<\/strong>\u00a0A\u016dtomobilaj motoro kaj transdona\u0135oj.<\/li>\n<li><strong>Dimensa Precizeco:<\/strong>\u00a0La a\u016dtomobilindustrio dependas de permanenta \u015dtofo vergo por alta volumena produktado de motoro-blokoj, cilindrokapoj, kaj transdona\u0135kapsuloj. La procezo ofertas apartajn avanta\u011dojn por veturilproduktado:.<\/li>\n<li><strong>Da\u016drebleco:<\/strong>\u00a0Grava por partoj eksponitaj al altaj operaciaj temperaturoj.<\/li>\n<\/ul>\n<h3>Energio &amp; Potencosektoro<\/h3>\n<p>Ni subtenas la energiseptoron per fortaj komponentoj desegnitaj por ekstremaj medioj. De potenca generadaparato \u011dis distribuadaparatoj, niaj verkoj provizas la koroda rezisto kaj materialan densecon necesan por eviti fiaskon en la kampo.<\/p>\n<h3>Industria Ma\u015dinaro kaj Hidra\u016dlikaj Valvoj<\/h3>\n<p>Por industriaj aplikoj, precipe hidra\u016dlikaj valvoj kaj pumpokapsuloj, premo-\u015dloso estas \u0109efa postulo. La rapida solidi\u011do de la permanenta \u015dtofo signife reduktas internan porozon. Tio rezultigas ne-fluajn komponentojn kapablajn trakti altpremajn fluidojn sen kompromiti rendimenton. Por pli lar\u011daj industriaj bezonoj, ni anka\u016d proponas\u00a0<a href=\"https:\/\/haoyumaterial.com\/eo\/batesville-products-alternatives-high-precision-industrial-casting\/\">alternativojn por alta precizeca industria verko<\/a>\u00a0por certigi ke la \u011dusta procezo kongruas kun via specifa projekto.<\/p>\n<h2>Kvalito-Asertado &amp; La Laborfluojorto de Vastmaterial<\/h2>\n<p>En Vastmaterial, ni traktas kvaliton kiel la dorso de nia produktadprocezo. Nia laborfluojorto por permanenta \u015dtofo estas desegnita por certigi ke \u0109iu komponento, kiun ni liveras, plenumas la rigorajn normojn postulatajn de industrioj kiel aviadila kaj energio. Ni ne nur ver\u015das metalon; ni in\u011denierumas fidindecon per strikte kontrolita sekvenco de operacioj.<\/p>\n<h3>Dezajno &amp; Simulado<\/h3>\n<p>Anta\u016d ajna metalo esti fandita, ni komencas per progresinta in\u011denierado. Ni uzas simuladan programaron por analizi la formadon de moldo kaj solidi\u011dajn \u015dablonojn. \u0108i tiu anta\u016dvida pa\u015do ebligas al ni identigi potencialajn difektojn\u2014kiel porozo a\u016d mallar\u011deco\u2014anta\u016d ni e\u0109 tran\u0109as la ilaron. Optimumigante la dezajnon de la pordego kaj risero ciferece, ni certigas ke la fizika fandado estas efika kaj sen difektoj de la unua ver\u015do.<\/p>\n<h3>Ilara Produktado kaj CNC-Fandado<\/h3>\n<p>Kiam la dezajno estas fiksita, ni movi\u011das al ilara produktado. Ni fabrikas niajn reuzeblajn metalajn formojn en la kompanio uzante altkvalitan \u015dtalon por rezisti la termikan cikladon de la fandado. Nia instala\u0135o estas ekipita kun\u00a0<a href=\"https:\/\/haoyumaterial.com\/eo\/precision-aluminum-casting-in-dongying-vast-custom-foundry\/\">preciza aluminio-fandado kaj ma\u015dinado kapabloj<\/a>, permesante al ni krei formojn kun escepta precizeco. \u0108i tiu vertikala integri\u011do signifas ke ni kontrolas la tempon kaj la kvaliton de la ilara produktado, kio rekte traduki\u011das al pli bonaj partoj por vi.<\/p>\n<h3>Fandado, Solidi\u011dado, kaj Finado<\/h3>\n<p>Dum la aktuala fandadfazo, ni strikte monitoras la procezajn parametrojn kiel la fandotemperaturo, ver\u015drapido, kaj malvarmiga rapidecoj. La permanenta formo-proceso nature anta\u016denigas rapidan solidi\u011don, kiu plifortigas la graingon de la metalo. Post kiam la parto estas el\u0135etita, ni prizorgas \u0109iujn necesajn finajn operaciojn. \u0108i tio inkluzivas tran\u0109adon, sablajn \u015dprucojn, kaj ajnajn bezonatajn varmotraktadojn por atingi la finajn mekanikajn trajtojn.<\/p>\n<h3>Inspektado: R\u00f6ntgeno kaj CMM-verdikado<\/h3>\n<p><img loading=\"lazy\" decoding=\"async\" class=\"alignnone  wp-image-1944\" src=\"https:\/\/haoyumaterial.com\/wp-content\/uploads\/2026\/03\/cast-aluminum-mold-300x225.jpg\" alt=\"\" width=\"883\" height=\"662\" srcset=\"https:\/\/haoyumaterial.com\/wp-content\/uploads\/2026\/03\/cast-aluminum-mold-300x225.jpg 300w, https:\/\/haoyumaterial.com\/wp-content\/uploads\/2026\/03\/cast-aluminum-mold-1024x768.jpg 1024w, https:\/\/haoyumaterial.com\/wp-content\/uploads\/2026\/03\/cast-aluminum-mold-768x576.jpg 768w, https:\/\/haoyumaterial.com\/wp-content\/uploads\/2026\/03\/cast-aluminum-mold-1536x1152.jpg 1536w, https:\/\/haoyumaterial.com\/wp-content\/uploads\/2026\/03\/cast-aluminum-mold-16x12.jpg 16w, https:\/\/haoyumaterial.com\/wp-content\/uploads\/2026\/03\/cast-aluminum-mold-600x450.jpg 600w, https:\/\/haoyumaterial.com\/wp-content\/uploads\/2026\/03\/cast-aluminum-mold.jpg 1920w\" sizes=\"auto, (max-width: 883px) 100vw, 883px\" \/><\/p>\n<p>Ni validumas \u0109iun produktadon kun ampleksaj inspektaj protokoloj. Nia kvalita kontrolo laboratorio estas ekipita per Koordinataj Mezuraj Ma\u015dinoj (CMM) por kontroli ke la dimensiotolerancoj kongruas kun viaj precizaj specifoj. Por grava interna integreco, ni uzas ne-distruktivajn testajn metodojn, inkluzive de r\u00f6ntgena inspektado, por detekti ajnajn subsuperajn malordojn. \u0108i tiu rigora testado certigas ke la partoj kiujn vi ricevas estas strukture fortaj kaj pretaj por tujaj kunmetado.<\/p>\n<h2>Kelkfoje Demandedaj Demandoj Pri Permanente Forma \u011co<\/h2>\n<h3>Kio estas la kutima vivo de permanenta formo?<\/h3>\n<p>La vivo de formo tre dependas de la varmeco de ver\u015dado de la metalo kaj la komplekseco de la dezajno de la parto. \u0108ar ni uzas altkvalitan iltastalon por nia\u00a0<strong>reuzeblaj metalaj moldoj<\/strong>, vi \u011denerale povas atendi longda\u016dran servoda\u016dron.<\/p>\n<ul>\n<li><strong>Aluminiummalferoj:<\/strong>\u00a0Tiuj havas pli malaltajn fandopunktojn, permesante al formoj da\u016dri por dekduoj da mil cikloj, ofte superante 50,000 \u011dis 100,000 pafojn kun \u011dusta prizorgo.<\/li>\n<li><strong>Kupro &amp; Bronz:<\/strong>\u00a0Pro pli alta termika \u015doko, la vivo de la formo estas pli mallonga kompare kun aluminio, sed \u011di ankora\u016d ofertas signifan volumon anta\u016d ol re-ilado estas postulata.<\/li>\n<\/ul>\n<h3>\u0108u vi povas verki feron en permanenta formo?<\/h3>\n<p>Dum la permanenta formo-procezo estas teknike kapabla trakti iujn gradon de fero, \u011di estas plej efika kaj ekonomia por ne-fereaj materialoj. En Vastmaterial, ni \u0109efe optimumigas \u0109i tiun teknikadon por niaj malpezaj aluminio kaj alta-kondukteco.\u00a0<a href=\"https:\/\/haoyumaterial.com\/eo\/vara-kategorio\/copper-alloy\/\">kupra aloja produktoj<\/a>. La alta fandopunkto de fero kaj \u015dtalo povas rapide malboni \u015dtalfarojn, do por feraj projektoj ni ofte rekomendas niajn aliajn precizajn verka\u0135metodojn por certigi la plej bonan ekvilibron de kosto kaj kvalito.<\/p>\n<h3>Kiel komparas la kosto de iloj al muldado per morto?<\/h3>\n<p>Permanenta formverko ku\u015das en la \u201cdol\u0109a punkto\u201d por iloj-investo.<\/p>\n<ul>\n<li><strong>Kontra\u016de al Alta Prema Muldado per Morto:<\/strong>\u00a0La iloj por permanenta formo (gravit-muldado) estas signife\u00a0<strong>malpli multekostaj<\/strong>. \u0108ar \u011di ne postulas la grandajn, kompleksajn \u015dtalajn malglata\u0135ojn necesajn por rezisti ekstremajn injektajn premojn, viaj anta\u016daj kostoj estas pli malaltaj.<\/li>\n<li><strong>Kontra\u016d. Sandado:<\/strong>\u00a0Ilado estas pli multekosta ol simplaj sablaj \u015dablonoj, sed la kostoj por \u0109iu parto malplii\u011das draste kun la volumo.<\/li>\n<\/ul>\n<p>Se vi ser\u0109as pligrandigi de prototipado sed ne pretas por la granda investo de alta premo malglata\u0135ado, nia\u00a0<a href=\"https:\/\/haoyumaterial.com\/eo\/technology\/manufacturing-process\/\">produktadprocezo<\/a>\u00a0uzado de permanentaj malglata\u0135oj ofertas la plej bonan ROI por mezaj \u011dis altaj volumoj.<\/p>","protected":false},"excerpt":{"rendered":"<p>Permanent mold casting services for aluminum and copper parts with tight tolerances high strength and superior surface finish. What is [&hellip;]<\/p>\n","protected":false},"featured_media":1943,"comment_status":"open","ping_status":"closed","template":"","meta":{"site-sidebar-layout":"default","site-content-layout":"","ast-site-content-layout":"default","site-content-style":"default","site-sidebar-style":"default","ast-global-header-display":"","ast-banner-title-visibility":"","ast-main-header-display":"","ast-hfb-above-header-display":"","ast-hfb-below-header-display":"","ast-hfb-mobile-header-display":"","site-post-title":"","ast-breadcrumbs-content":"","ast-featured-img":"","footer-sml-layout":"","ast-disable-related-posts":"","theme-transparent-header-meta":"default","adv-header-id-meta":"","stick-header-meta":"","header-above-stick-meta":"","header-main-stick-meta":"","header-below-stick-meta":"","astra-migrate-meta-layouts":"set","ast-page-background-enabled":"default","ast-page-background-meta":{"desktop":{"background-color":"var(--ast-global-color-5)","background-image":"","background-repeat":"repeat","background-position":"center center","background-size":"auto","background-attachment":"scroll","background-type":"","background-media":"","overlay-type":"","overlay-color":"","overlay-opacity":"","overlay-gradient":""},"tablet":{"background-color":"","background-image":"","background-repeat":"repeat","background-position":"center center","background-size":"auto","background-attachment":"scroll","background-type":"","background-media":"","overlay-type":"","overlay-color":"","overlay-opacity":"","overlay-gradient":""},"mobile":{"background-color":"","background-image":"","background-repeat":"repeat","background-position":"center center","background-size":"auto","background-attachment":"scroll","background-type":"","background-media":"","overlay-type":"","overlay-color":"","overlay-opacity":"","overlay-gradient":""}},"ast-content-background-meta":{"desktop":{"background-color":"var(--ast-global-color-4)","background-image":"","background-repeat":"repeat","background-position":"center center","background-size":"auto","background-attachment":"scroll","background-type":"","background-media":"","overlay-type":"","overlay-color":"","overlay-opacity":"","overlay-gradient":""},"tablet":{"background-color":"var(--ast-global-color-4)","background-image":"","background-repeat":"repeat","background-position":"center center","background-size":"auto","background-attachment":"scroll","background-type":"","background-media":"","overlay-type":"","overlay-color":"","overlay-opacity":"","overlay-gradient":""},"mobile":{"background-color":"var(--ast-global-color-4)","background-image":"","background-repeat":"repeat","background-position":"center center","background-size":"auto","background-attachment":"scroll","background-type":"","background-media":"","overlay-type":"","overlay-color":"","overlay-opacity":"","overlay-gradient":""}}},"product_brand":[],"product_cat":[21,25],"product_tag":[624],"class_list":{"0":"post-1942","1":"product","2":"type-product","3":"status-publish","4":"has-post-thumbnail","6":"product_cat-aluminum-alloy","7":"product_cat-copper-alloy","8":"product_tag-permanent-mold-casting","9":"desktop-align-left","10":"tablet-align-left","11":"mobile-align-left","13":"first","14":"instock","15":"shipping-taxable","16":"product-type-simple"},"_links":{"self":[{"href":"https:\/\/haoyumaterial.com\/eo\/wp-json\/wp\/v2\/product\/1942","targetHints":{"allow":["GET"]}}],"collection":[{"href":"https:\/\/haoyumaterial.com\/eo\/wp-json\/wp\/v2\/product"}],"about":[{"href":"https:\/\/haoyumaterial.com\/eo\/wp-json\/wp\/v2\/types\/product"}],"replies":[{"embeddable":true,"href":"https:\/\/haoyumaterial.com\/eo\/wp-json\/wp\/v2\/comments?post=1942"}],"wp:featuredmedia":[{"embeddable":true,"href":"https:\/\/haoyumaterial.com\/eo\/wp-json\/wp\/v2\/media\/1943"}],"wp:attachment":[{"href":"https:\/\/haoyumaterial.com\/eo\/wp-json\/wp\/v2\/media?parent=1942"}],"wp:term":[{"taxonomy":"product_brand","embeddable":true,"href":"https:\/\/haoyumaterial.com\/eo\/wp-json\/wp\/v2\/product_brand?post=1942"},{"taxonomy":"product_cat","embeddable":true,"href":"https:\/\/haoyumaterial.com\/eo\/wp-json\/wp\/v2\/product_cat?post=1942"},{"taxonomy":"product_tag","embeddable":true,"href":"https:\/\/haoyumaterial.com\/eo\/wp-json\/wp\/v2\/product_tag?post=1942"}],"curies":[{"name":"wp","href":"https:\/\/api.w.org\/{rel}","templated":true}]}}