{"id":1977,"date":"2026-03-07T09:17:17","date_gmt":"2026-03-07T01:17:17","guid":{"rendered":"https:\/\/haoyumaterial.com\/?post_type=product&#038;p=1977"},"modified":"2026-03-07T09:23:03","modified_gmt":"2026-03-07T01:23:03","slug":"permanent-mold-casting","status":"publish","type":"product","link":"https:\/\/haoyumaterial.com\/eo\/product\/permanent-mold-casting\/","title":{"rendered":"permanenta-muld-\u015ctofo"},"content":{"rendered":"<p>Kial Elekti Vastmaterial Kiel Via Permanentan Muld-\u015ctofo-Fabrikiston?<\/p>\n<p>Kiel gvidantoj en permanentaj muld-\u015dtofo-fabrikistoj, ni komprenas ke elekti la \u011dustan metalan muld-\u0135etadan fandadon estas kritika por via proviza\u0109eno. En Vastmaterial, ni kombinas progresintan metale\u011don kun \u015dtata-artaj produktad-administraj sistemoj. Nia instala\u0135o konektas la interspacon inter prototipado kaj amasproduktado, ofertante strategian avanta\u011don por klientoj bezonantaj alt-precizecajn aluminio kaj kupra\u0135ojn.<\/p>\n<p>Reuzeblaj \u015ctala\u0135aj Muldiloj por Koste-efika Produktado<\/p>\n<p>Por mez- \u011dis alta-voluma produktado, niaj reuzeblaj metalaj muldiloj ofertas apartan ekonomian avanta\u011don. Male al tradicia sabla muldado, niaj da\u016draj ilaj \u015dtala\u0135aj muldiloj eltenas milojn da cikloj. \u0108i tiu aliro draste reduktas la kostojn por \u0109iu unuopa\u0135o kaj certigas konsekvencan dimensian ripeteblon tra grandaj partoj.<\/p>\n<p>Superaj Mekanaj Ecoj &amp; Porozoregulado<\/p>\n<p>Ni prioritatas strukturan integrecon. Nia permanenta \u015dtofo-procezo uzas kontrolitajn malvarmigo-rapidecojn por anta\u016denigi rapidan solidi\u011don. \u0108i tio rezultas en pli fina grena strukturo kaj signife plibonigita porozoregulado de la \u015dtofo. La rezulto estas komponento kun pli alta stre\u0109a forto kaj pli bona laca rezisto, esenca por postulemaj aerospaca kaj energio-aplikoj.<\/p>\n<p>De Fino al Fino Preciza Metal\u015dtofo Solvoj<\/p>\n<p>Ni estas pli ol nur \u015dtofo-domo; ni estas kompleta OEM-fabrika partnero. Per integri\u011do de preciza \u015dtofo, kutima ma\u015dinado, kaj surfaca traktado, ni eliminas la logistikajn kaptilojn de administrado de pluraj vendistoj.<\/p>\n<p>Eco\u00a0 \u00a0 \u00a0 \u00a0 \u00a0 \u00a0 \u00a0 \u00a0 \u00a0 \u00a0 \u00a0 \u00a0 \u00a0 \u00a0 \u00a0 \u00a0 \u00a0 \u00a0 \u00a0 \u00a0 \u00a0 \u00a0 \u00a0 \u00a0 \u00a0 \u00a0 \u00a0 \u00a0 \u00a0 \u00a0 \u00a0 \u00a0 \u00a0 \u00a0 \u00a0 \u00a0 \u00a0 Avanta\u011do al Kliento<\/p>\n<p>Integrita CNC Ma\u015dinado\u00a0 \u00a0 \u00a0 \u00a0 \u00a0 \u00a0 \u00a0 \u00a0 \u00a0 \u00a0Senjunta transiro de kruda, proksima-neta formo al precize tolerita fina parto.<\/p>\n<p>Plejnova Surfaca Traktado\u00a0 \u00a0 \u00a0 \u00a0 \u00a0 \u00a0 \u00a0 En-handa platingo, anodizado, kaj kovrado por tujina koroda rezisto.<\/p>\n<p>Reala Tempo Monitorado\u00a0 \u00a0 \u00a0 \u00a0 \u00a0 \u00a0 \u00a0 \u00a0 \u00a0 \u00a0 \u00a0 \u00a0 \u00a0 \u00a0Datum-bazita produktado certigas minimuman mal\u015dar\u011don kaj konsekvencan OEM-nivelan kvaliton.<\/p>\n<p>Tutmonda Normo-Adereco\u00a0 \u00a0 \u00a0 \u00a0 \u00a0 \u00a0 \u00a0 \u00a0 \u00a0 \u00a0Strikta ali\u011do kun ISO kaj ASTM specifoj por sekurec-kritaj medioj.<\/p>\n<p>Niaj Permanentaj \u015ctofaj Forma\u0135aj Kapabloj<\/p>\n<p>Ni utiligas progresintan fandadiloniladon por liveri superan dimensi-an precizecon. Nia instala\u0135o traktu diversajn alojojn por plenumi precizajn industrio-normojn.<\/p>\n<p>Aluminiaj Alojoj: Ni ofte fandas gradojn kiel A356, 319, kaj A380 por optimumaj forto-pezo rilatoj.<\/p>\n<p>Kupro kaj Bronzaj Alojoj: In\u011denieritaj por komponentoj postulas altan elektran konduktecon kaj koroda rezisto.<\/p>\n<p>Specialaj Alojoj: Alt-temperaturaj alojoj kaj Zinko por specializitaj industriaj aplikoj.<\/p>\n<p>Teknikaj Specifoj \u0109e GlacioNi in\u011denierias niajn \u015dtofojn por atingi proksime al neta formo rezultojn, signife reduktante sekundaran ma\u015dinadon.<\/p>\n<p>Trajto\u00a0 \u00a0 \u00a0 \u00a0 \u00a0 \u00a0 \u00a0 \u00a0 \u00a0 \u00a0 \u00a0 \u00a0 \u00a0 \u00a0 \u00a0 \u00a0 \u00a0 \u00a0 \u00a0 \u00a0 \u00a0 \u00a0 \u00a0 \u00a0 \u00a0 \u00a0 \u00a0 \u00a0 \u00a0 \u00a0 \u00a0Specifo<\/p>\n<p>Pezointervalo\u00a0 \u00a0 \u00a0 \u00a0 \u00a0 \u00a0 \u00a0 \u00a0 \u00a0 \u00a0 \u00a0 \u00a0 \u00a0 \u00a0 \u00a0 \u00a0 \u00a0 \u00a0 \u00a0 \u00a0 \u00a0 \u00a0 \u00a0 \u00a0 \u00a0 \u00a0 \u00a0 De 0.1 kg precizaj partoj al grandaj industriaj korpoj.<\/p>\n<p>Normaj toleroj\u00a0 \u00a0 \u00a0 \u00a0 \u00a0 \u00a0 \u00a0 \u00a0 \u00a0 \u00a0 \u00a0 \u00a0 \u00a0 \u00a0 \u00a0 \u00a0 \u00a0 \u00a0 \u00a0 \u00a0 \u00a0 \u00a0 Mallar\u011daj toleroj kutime tenataj je +\/- 0.015 coloj.<\/p>\n<p>Surfaca Finado\u00a0 \u00a0 \u00a0 \u00a0 \u00a0 \u00a0 \u00a0 \u00a0 \u00a0 \u00a0 \u00a0 \u00a0 \u00a0 \u00a0 \u00a0 \u00a0 \u00a0 \u00a0 \u00a0 \u00a0 \u00a0 \u00a0 \u00a0 \u00a0 \u00a0 \u00a0 Glata kiel malseka fandita fini\u011do intervalanta de RMS 200-450.<\/p>\n<p>Formo Materialo\u00a0 \u00a0 \u00a0 \u00a0 \u00a0 \u00a0 \u00a0 \u00a0 \u00a0 \u00a0 \u00a0 \u00a0 \u00a0 \u00a0 \u00a0 \u00a0 \u00a0 \u00a0 \u00a0 \u00a0 \u00a0 \u00a0 \u00a0 \u00a0 \u00a0  Alta-klasa iltasta \u015dtono por plilongigita formo vivo.<\/p>\n<p>La Vastmaterial Fabrikada Procezo<\/p>\n<p>Kiel fidinda preciza metala fandado, ni kontrolas \u0109iun pa\u015don de produktado. Nia procezo estas konstruita por la strikta postulo de Usono kaj tutmondaj merkatoj.<\/p>\n<p>1. In\u011denierado &amp; Fandado Ilara DezajnoNi uzas CAD\/CAM kaj progresintan solida\u0135on simula\u0135an programaron por mapadi fluajn dinamikojn. \u0108i tiu cifereca unua aliro certigas striktan difekta preventadon anta\u016d ol la metalo estas ver\u015dita, maksimumigante la vivda\u016dron de niaj reuzeblaj formoj.<\/p>\n<p>2. Gravitacio &amp; Tordita Ver\u015dadoNiaj specialigitaj gravitaj fandaj servoj kaj torditaj ver\u015daj teknikoj administras likvan metalon sen turbulenco. La\u016dmole ver\u015di glate minimumigas aeron kaptadon, rezultigante pli densan, strukture fortikan fandon.<\/p>\n<p>3. Propraj CNC-Ma\u015dinaj ServojPor forigi parton el la moldo estas nur la komenco. Kiel via dedi\u0109ita fabrikanto de aluminio-\u015dtofoj, ni kovras la diferencon inter krudaj \u015dtofoj kaj kunmetitaj komponentoj kun absoluta dimensia precizeco.<\/p>\n<p>4. Termika Traktado (T5 &amp; T6)Ni apliki celitan termikan prilaboradon, kiel T6 varmotraktadon, por signife plibonigi la mekanikan forton, malmolecon kaj da\u016drecon de viaj alojoj (ekz., A356 aluminio).<\/p>\n<p>5. Metal\u015dtofo Surfa FinadoLa \u011dusta fini\u011do estas esenca por la agado de la komponanto. Ni provizas progresintajn surfacajn traktadojn rekte en la fabriko:<\/p>\n<p>Pa\u015dtela Blovado &amp; Sabloblovado: Forigas restantan \u015dlimon kaj preparas nuda metalon por maksimuma kovra adhero.<\/p>\n<p>Anodizado &amp; Pudra Pentrado: Plibonigas reziston al uzado, izoladas komponentojn, kaj kongruas kun markaj postuloj.<\/p>\n<p>Polurado &amp; Platingo: Liveras superan reziston al korodo por malfacilaj medioj.<\/p>\n<p>Industrioj Servitaj de Niaj Gravit-Molaj \u015ctofoj<\/p>\n<p>Se fiasko ne estas opcio, gravaj industrioj fidas je nia permanenta \u015dtofo de moldo por peza forto kaj konstanteco.<\/p>\n<p>Aeroespaco: Turbinaj bladeoj kaj strukturaj komponantoj postulas ekstreman varmoresistadon kaj precizan strukturantan integrecon.<\/p>\n<p>A\u016dtomobiloj: Alta volumeno de motorpistoloj, cilindrokapoj kaj radoj ekvilibrigas malpezan dezajnon kun forto.<\/p>\n<p>Energio &amp; Potenco: Da\u016draj gasiturbinaj partoj kaj nukleaj komponantoj konstruitaj por elteni intensan, kontinuan stre\u0109on.<\/p>\n<p>Maraj &amp; Minej: Alta-duraj, koroda-rezistaj aparatoj desegnitaj por salakva ekspozicio kaj abrazivaj operacioj.<\/p>\n<p>Rigora Kvalita Kontrolo: Atenti al striktaj specifoj estas ne-negociable.<\/p>\n<p>Nia testado kaj inspektado certigas ke viaj partoj funkcias perfekte en la kampo:<\/p>\n<p>Reala Tempoproceso-Monitorado: Sekvado de temperaturoj kaj malvarmiga rapido por plej alta kontrolo de ver\u015da porozo.<\/p>\n<p>Nekonserva Testado (NDT): Uzante R\u00f6ntgenon, Dika Penetranto, kaj Ultrasonon por konfirmi internan sonadon.<\/p>\n<p>Verifikado de Dimensioj CMM: Uzi Koordinatajn Mezurilojn por garantii perfektan kunmetadon preparon.<\/p>\n<p>Permanentaj \u015ctofo-\u0134etoj kontra\u016d aliaj metodoj<\/p>\n<p>Elekti la \u011dustan procezon estas kritike por via bu\u011deto kaj horaro. Jen kial nia metodo elstaras en la fabrikada merkato.<\/p>\n<p>Gravitacio-\u0134etado kontra\u016d \u015ca\u016dlmuro-\u0134etado<\/p>\n<p>Pli Bona Surfaca Finado: Reuzeblaj metalaj \u015dtofoj liveras pli glatan finon, reduktante pezan postprocesadon.<\/p>\n<p>Pli Rapida Produktadcikloj: Ne necesas konstrui novan \u015dtofon por \u0109iu ver\u015do.<\/p>\n<p>Volumena Efikeco: Nature pli stabila kaj kostefika por altvolumaj produktadoj.<\/p>\n<p>Permanentaj \u015ctofoj kontra\u016d \u015ctofoj per \u011cemelaj Formoj<\/p>\n<p>Malaltigi ilojnajn kostojn: Postulas signife malpli anta\u016dan kapitalon kompare kun alta premo muldado.<\/p>\n<p>Supera struktura forto: Kontrolita gravita\u0135a ver\u015dado permesas al aero eskapi nature, krei tre densajn partojn.<\/p>\n<p>Meza-intervala optimumigo: La plej bona elekto por mez- \u011dis alta-volumaj produktadoj kie muldado de muldiloj ne estas justigita.<\/p>\n<p>Oftaj Demandoj (OD)<\/p>\n<p>Kio estas la minimuma mendo kvanto (MOQ)?<\/p>\n<p>\u0108ar \u0109i tiu metodo dependas de kreado de altkvalitaj reuzeblaj metalaj muldiloj, \u011di estas optimumigita por mez- \u011dis alta-volumaj produktadoj. Mendoj komencantaj \u0109irka\u016d 500 \u011dis 1,000 unuoj ofertas la plej bonan ROI, kvankam ni povas akomodi specialajn partiojn.<\/p>\n<p>Kio estas la kutima anta\u016dtempo por muldado kaj unuaj artikoloj?<\/p>\n<p>Nia normala anta\u016dtempo por komenca muldilplano kaj unua livero de artikoloj estas 4 \u011dis 6 semajnoj.<\/p>\n<p>\u0108u vi povas konverti sablamuldi\u011dojn al permanenta muldilo?<\/p>\n<p>Jes. Nia in\u011denieristiko teamo prizorgas la tutan transiron, re-unuigante viajn komponantojn por utiligi proksime-neta-formo ver\u015dadon, pli striktajn toleradojn, kaj pli bonajn mekanikajn ecojn.<\/p>\n<p>\u0108u vi prizorgas internacian sendadon kaj logistikon?<\/p>\n<p>Komplete. Kiel plena-serva OEM-ver\u015dad-fabrikanto, ni administras la tutan logistikan \u0109enon\u2014de malfermado de dogano \u011dis rektaj \u015dar\u011daj liveroj\u2014certigante ke partoj alvenas senprobleme al via instala\u0135o tutmonde.<\/p>","protected":false},"excerpt":{"rendered":"<p>Why Choose Vastmaterial as Your Permanent Mold Casting Manufacturer? As leading permanent mold casting manufacturers, we understand that selecting the [&hellip;]<\/p>\n","protected":false},"featured_media":1979,"comment_status":"open","ping_status":"closed","template":"","meta":{"site-sidebar-layout":"default","site-content-layout":"","ast-site-content-layout":"default","site-content-style":"default","site-sidebar-style":"default","ast-global-header-display":"","ast-banner-title-visibility":"","ast-main-header-display":"","ast-hfb-above-header-display":"","ast-hfb-below-header-display":"","ast-hfb-mobile-header-display":"","site-post-title":"","ast-breadcrumbs-content":"","ast-featured-img":"","footer-sml-layout":"","ast-disable-related-posts":"","theme-transparent-header-meta":"default","adv-header-id-meta":"","stick-header-meta":"","header-above-stick-meta":"","header-main-stick-meta":"","header-below-stick-meta":"","astra-migrate-meta-layouts":"set","ast-page-background-enabled":"default","ast-page-background-meta":{"desktop":{"background-color":"var(--ast-global-color-5)","background-image":"","background-repeat":"repeat","background-position":"center center","background-size":"auto","background-attachment":"scroll","background-type":"","background-media":"","overlay-type":"","overlay-color":"","overlay-opacity":"","overlay-gradient":""},"tablet":{"background-color":"","background-image":"","background-repeat":"repeat","background-position":"center center","background-size":"auto","background-attachment":"scroll","background-type":"","background-media":"","overlay-type":"","overlay-color":"","overlay-opacity":"","overlay-gradient":""},"mobile":{"background-color":"","background-image":"","background-repeat":"repeat","background-position":"center center","background-size":"auto","background-attachment":"scroll","background-type":"","background-media":"","overlay-type":"","overlay-color":"","overlay-opacity":"","overlay-gradient":""}},"ast-content-background-meta":{"desktop":{"background-color":"var(--ast-global-color-4)","background-image":"","background-repeat":"repeat","background-position":"center center","background-size":"auto","background-attachment":"scroll","background-type":"","background-media":"","overlay-type":"","overlay-color":"","overlay-opacity":"","overlay-gradient":""},"tablet":{"background-color":"var(--ast-global-color-4)","background-image":"","background-repeat":"repeat","background-position":"center center","background-size":"auto","background-attachment":"scroll","background-type":"","background-media":"","overlay-type":"","overlay-color":"","overlay-opacity":"","overlay-gradient":""},"mobile":{"background-color":"var(--ast-global-color-4)","background-image":"","background-repeat":"repeat","background-position":"center center","background-size":"auto","background-attachment":"scroll","background-type":"","background-media":"","overlay-type":"","overlay-color":"","overlay-opacity":"","overlay-gradient":""}}},"product_brand":[],"product_cat":[17,21,25,22,24],"product_tag":[628,626,627],"class_list":{"0":"post-1977","1":"product","2":"type-product","3":"status-publish","4":"has-post-thumbnail","6":"product_cat-stainless-steel","7":"product_cat-aluminum-alloy","8":"product_cat-copper-alloy","9":"product_cat-high-temperature-alloy","10":"product_cat-titanium-alloy","11":"product_tag-and-end-to-end-cnc-machining-services","12":"product_tag-need-high-precision-aluminum-or-copper-parts-vastmaterial-offers-expert-permanent-mold-casting","13":"product_tag-reusable-steel-molds","14":"desktop-align-left","15":"tablet-align-left","16":"mobile-align-left","18":"first","19":"instock","20":"shipping-taxable","21":"product-type-simple"},"_links":{"self":[{"href":"https:\/\/haoyumaterial.com\/eo\/wp-json\/wp\/v2\/product\/1977","targetHints":{"allow":["GET"]}}],"collection":[{"href":"https:\/\/haoyumaterial.com\/eo\/wp-json\/wp\/v2\/product"}],"about":[{"href":"https:\/\/haoyumaterial.com\/eo\/wp-json\/wp\/v2\/types\/product"}],"replies":[{"embeddable":true,"href":"https:\/\/haoyumaterial.com\/eo\/wp-json\/wp\/v2\/comments?post=1977"}],"wp:featuredmedia":[{"embeddable":true,"href":"https:\/\/haoyumaterial.com\/eo\/wp-json\/wp\/v2\/media\/1979"}],"wp:attachment":[{"href":"https:\/\/haoyumaterial.com\/eo\/wp-json\/wp\/v2\/media?parent=1977"}],"wp:term":[{"taxonomy":"product_brand","embeddable":true,"href":"https:\/\/haoyumaterial.com\/eo\/wp-json\/wp\/v2\/product_brand?post=1977"},{"taxonomy":"product_cat","embeddable":true,"href":"https:\/\/haoyumaterial.com\/eo\/wp-json\/wp\/v2\/product_cat?post=1977"},{"taxonomy":"product_tag","embeddable":true,"href":"https:\/\/haoyumaterial.com\/eo\/wp-json\/wp\/v2\/product_tag?post=1977"}],"curies":[{"name":"wp","href":"https:\/\/api.w.org\/{rel}","templated":true}]}}