{"id":2022,"date":"2026-03-10T17:11:03","date_gmt":"2026-03-10T09:11:03","guid":{"rendered":"https:\/\/haoyumaterial.com\/?post_type=product&#038;p=2022"},"modified":"2026-03-10T17:21:56","modified_gmt":"2026-03-10T09:21:56","slug":"cnc-machining-aluminum-castings","status":"publish","type":"product","link":"https:\/\/haoyumaterial.com\/eo\/product\/cnc-machining-aluminum-castings\/","title":{"rendered":"CNC Machining Aluminiuma \u015ctofoj Precizecaj Servoj"},"content":{"rendered":"<h2>CNC-Ma\u015dinado de Aluminio-\u015dtofoj: De Kruda \u015ctofo \u011dis Preciza Parto<\/h2>\n<p>Kadre de molado de molaj aluminia\u0135aj \u015dtofoj, atingado de la \u011dusta fina geometrio estas malofte ebla tuj ekde la komenco. Dum modernaj aluminia\u0135aj \u015dtofi\u011dmetodoj bone funkcias por rapide krei kompleksajn, proksimajn al la fina formo, ili nature lasas malpura\u0135ojn sur la surfaco, skizajn angulojn kaj tolerojn kiuj malsamas de striktaj in\u011denieraj postuloj. Por povi kunigi la diferencon inter kruda \u015dtofo kaj plene funkcia, alta-efikeca parto, dua ma\u015dinado de \u015dtofoj estas absolute necese.<\/p>\n<p>Kiel via tuta servo-provizanto kaj provizanto de aluminia\u0135a prilaborado, Vastmaterial prenas plenan respondecon pri \u0109i tiu grava transiro. Ni uzas progresintajn mal\u0109efajn fabrikadajn procezojn por plibonigi krudajn \u015dtofojn, certigante ke \u0109iu parto plenumas viajn precizajn specifojn.<\/p>\n<p>Niaj in\u011denieraj kaj produktaj teamoj fokusas striktas pri liverado de la plej alta normo de preciza ma\u015dinado:<\/p>\n<ul>\n<li><strong>Ultima Dimensa Precizeco:<\/strong> Ni spertas mueli, turni, kaj borei \u015dtofojn por atingi la tre mallertajn tolerojn postulatajn por kompleksaj kunmetoj kaj precizaj kunfandaj surfacoj.<\/li>\n<li><strong>Maksimumigita Funkcia Perfektigo:<\/strong> Kritikaj trajtoj kiel tran\u0109itaj truoj, fluaj vojoj, kaj kuglaj sidlokoj estas tran\u0109itaj al perfekteco por garantii senmanka funkciado en la kampo.<\/li>\n<li><strong>De-Vosto-Fideleco:<\/strong> Per administrado de la transiro de kruda fandado al fina CNC-finisita parto sub unu tegmento, ni eliminas multvendan frikcion, reduktas lead-tempojn, kaj konservas striktan kvalitan kontrolon.<\/li>\n<\/ul>\n<h2>Kernaj CNC-Farado-Kapabloj por Fanditaj Partoj<\/h2>\n<p>Sendepende de kiu <a href=\"https:\/\/haoyumaterial.com\/eo\/cast-aluminum-guide-properties-processes-and-applications\/\">aluminia fandotekniko<\/a> vi fidas, preni krudan parton al \u011dia fina, funkcia stato postulas fortikan subtraktan fabrikadon. Kiel via dedi\u0109ita servo- kaj provizanto de aluminia prilaborado, ni havas la precizan ekipa\u0135on necesan por atingi viajn celojn.<\/p>\n<p>Jen estas kiel ni alportas precizan ma\u015danadon al viaj fanditaj komponantoj:<\/p>\n<ul>\n<li><strong>Vertikalaj &amp; Horizontaj CNC-Fremado:<\/strong> Konstruita por trakti kompleksajn geometriojn kaj perfekte platajn surfacojn. \u0108i tio estas kie kruda formo estas rafinita en precizan <strong>CNC-ma\u015dinita aluminio-fandado<\/strong>.<\/li>\n<li><strong>CNC-Turnado &amp; Lat\u015da Operacioj:<\/strong> La normo por krei precizajn cilindroajn trajtojn, puran \u015dra\u016dbadon, kaj profundan truadon kun ekstreme dimensia precizeco.<\/li>\n<li><strong>Mult-aksaj Ma\u015dinadoj (4-Aksaj &amp; 5-Aksaj):<\/strong> Per ma\u015dinado de kompleksaj fanditaj formoj en unu pa\u015do, ni eliminas la bezonon de pluraj aran\u011doj. Tio plibonigas amba\u016d rapidecon kaj precizecon, kio estas ne-negociable kiam oni fabrikas partojn por postulemaj sektoroj kiel <a href=\"https:\/\/haoyumaterial.com\/eo\/industries\/aerospace\/\">aerospaco<\/a>.<\/li>\n<li><strong>Post-pretajado Finado:<\/strong> The job isn\u2019t done when the cutting stops. We finalize your parts with thorough deburring, anodizing, powder coating, and custom surface treatments so they are completely ready for assembly.<\/li>\n<\/ul>\n<h2>Avanta\u011doj de CNC-pretado de aluminio-ono<\/h2>\n<p>Kiam ni traktas subtraktadan fabrikadon por aluminio, la baza material ludas gravan rolon en la sukceso de la projekto. Komencante kun la \u011dusta <a href=\"https:\/\/haoyumaterial.com\/eo\/products\/aluminum-alloy\/\">aluminian aluminiogrado<\/a> certigas ke nia preciza pretado atingas la celon \u0109iufoje. Aluminio elstaras kiel la absolute plej bona elekto por la dua pretado de ono pro \u011diaj naturaj fizikaj trajtoj.<\/p>\n<p>Jen rapida analizo de kial aluminio dominadas en la kampo de ono kaj pretado:<\/p>\n<table>\n<thead>\n<tr>\n<th style=\"text-align: left;\">\u0108efa Avanta\u011do<\/th>\n<th style=\"text-align: left;\">Kion tio signifas por viaj partoj<\/th>\n<\/tr>\n<\/thead>\n<tbody>\n<tr>\n<td style=\"text-align: left;\"><strong>Eksterordinaro Pretadikebleco<\/strong><\/td>\n<td style=\"text-align: left;\">Pli rapida ciklotempo kaj plilongigas la ilaron dum post-fundado <a href=\"https:\/\/haoyumaterial.com\/eo\/services\/machining\/\">ma\u015dinaj operacioj<\/a> kompare kun \u015dtofo a\u016d fero.<\/td>\n<\/tr>\n<tr>\n<td style=\"text-align: left;\"><strong>Alta Forto-al-Pesilo Racio<\/strong><\/td>\n<td style=\"text-align: left;\">La elekto por malpeza pezo. Vi akiras tre durablajn strukturajn kaj mekanikajn komponantojn sen peza volumeno.<\/td>\n<\/tr>\n<tr>\n<td style=\"text-align: left;\"><strong>Termika &amp; Elektrika Kondukteco<\/strong><\/td>\n<td style=\"text-align: left;\">Havas bonajn varmoparolajn ecojn, farante \u011din perfektan por motoro- a\u016d kovra\u0135aj partoj kiuj varmigas.<\/td>\n<\/tr>\n<tr>\n<td style=\"text-align: left;\"><strong>Koroda Rezisto<\/strong><\/td>\n<td style=\"text-align: left;\">Formas naturan oksidan tavolon kiu protektas la dimensi\u011dan precizecon de viaj fanditaj partoj, e\u0109 en malfacilaj laboraj medioj.<\/td>\n<\/tr>\n<\/tbody>\n<\/table>\n<p>\u0108i tiuj kernaj materialaj avanta\u011doj signifas ke ni povas pli rapide kaj pli fidinde prilabori proksimajn retnormojn. Per elekto de aluminio, vi malaltigas la \u011deneralajn produktokostojn dum certigas altan rendimenton, precize ma\u015dinitajn komponantojn.<\/p>\n<h2>Aluminia \u015ctofiada Teknika\u0135o Ni Ma\u015dinas<\/h2>\n<p>Ni pritraktas la sekundaran ma\u015dadon de \u015dtofiadoj tra vasta gamo de metodoj. \u0108iu projekto komenci\u011das malsame, sed nia aliro al <strong>CNC-ma\u015dado de aluminio \u015dtofiadoj<\/strong> garantias finajn dimensiajn precizecojn. Se vi esploras malsamajn komencpunktojn por viaj komponantoj, nia <a href=\"https:\/\/haoyumaterial.com\/eo\/precision-metal-casting-guide-for-engineers-and-oem-buyers\/\">preciza metala \u015dtofiada gvidilo<\/a> disigas la bazojn.<\/p>\n<p>Jen la kernaj <strong>aluminia fandotekniko<\/strong> ni subtenas:<\/p>\n<ul>\n<li><strong>Alta Prema Gipsa Kasto:<\/strong> Plej ta\u016dga kun alta volumena produktado. Ni eniras por ma\u015dini la kritikajn muntajn punktojn kaj mallar\u011dajn tolerajn truojn, kiujn nuda moligita aluminio formo ne povas perfektigi.<\/li>\n<li><strong>Sanda Guto:<\/strong> Sablo lasas pli krudan surfacon. Ni prenas \u0109i tiujn proksimajn formojn kaj frezas ilin en precizajn partojn, kio estas ideala por grandaj komponantoj a\u016d malaltaj volumoj. Kontrolu nian <a href=\"https:\/\/haoyumaterial.com\/eo\/machining-casting-guide-precision-cnc-tight-tolerances\/\">ma\u015dinadon gvidilo pri formado<\/a> por vidi kiel ni konservas mallar\u011dajn specifojn sur krudaj materialoj.<\/li>\n<li><strong>Permanenta Formo de Kasto:<\/strong> Kiam via projekto postulas altan strukturajn integrecojn kaj malpli da porozo, ni uzas subtraktivan fabrikadon por fini la partojn \u011duste.<\/li>\n<li><strong>Perdita \u015ca\u016dma \u015ctofo-Kastado:<\/strong> Ni alportas finan precizecon al tre kompleksaj, kernliberaj internaj geometrioj kreitaj de \u0109i tiu unika procezo.<\/li>\n<\/ul>\n<p>Sendepende de la komenca metodo, nia preciza ma\u015dinado transformas krudajn \u015da\u016dma\u0135ojn en plene funkciajn, kunmeteblajn komponantojn.<\/p>\n<h2>Optimumaj Aluminiaj Alojoj por CNC-Ma\u015dinado<\/h2>\n<p>Elekti la \u011dustan alojon estas kritika kiam oni movi\u011das de <strong>moltena aluminiuma \u015dtofoj<\/strong> al fina <strong>preciza ma\u015dinado<\/strong>. Diferencaj <strong>aluminia fandotekniko<\/strong> produktado kun varying strukturaj trajtoj, do kongrui la alojon kun la procezo certigas la plej altan <strong>Dimensa precizeco<\/strong> kaj longda\u016dran rendimenton. Ni speciali\u011das en la <strong>subtrakta fabrikado<\/strong> de diversaj aluminio gradoj por liveri la precizajn specifojn kiujn via projekto postulas.<\/p>\n<p>Jen la plej oftaj aloj kiujn ni uzas por <strong>CNC-ma\u015dinita aluminio-fandado<\/strong>:<\/p>\n<ul>\n<li><strong>A356 &amp; 356 Aluminio:<\/strong> Tiuj estas la industriaj normoj por sablo- kaj permanenta molda\u0135ado. <strong>A356 aluminio ma\u015dinado<\/strong> tre ofte ser\u0109ata \u0109ar \u011di ofertas idealan ekvilibron de forto, ductileco, kaj bonega ma\u015dinebleco, farante \u011din perfekta por <a href=\"https:\/\/haoyumaterial.com\/eo\/aluminum-investment-casting-company-for-precision-components\/\">precizaj aluminio-komponentoj<\/a>.<\/li>\n<li><strong>380 &amp; 413 Aluminio:<\/strong> Tiuj estas niaj \u0109efaj elektoj por muldado per malpremo. Ili estas tre stabilaj kaj idealaj por partoj kiuj postulas sekundaran post-muldadon CNC-finadon, kiel preciza tapado, frontado, a\u016d kompleksa \u015dtofo.<\/li>\n<li><strong>319 &amp; 333 Aluminio:<\/strong> Se vi bezonas kost-efikajn opciojn por \u011denerala uzo sabla muldado, \u0109i tiuj alojoj estas tre fidindaj. Ili provizas bonan muldikeblecon kaj estas facile ma\u015dineblaj en proksimajn formojn sen rompi la bu\u011deton.<\/li>\n<\/ul>\n<p>Elekti la \u011dustan materialon de komenco certigas ke viaj propraj aluminiaj mulditaj partoj funkcias senmanke sub realaj kondi\u0109oj.<\/p>\n<h2>La Avanta\u011do de Vastmaterialo: Superado de Muldaj Defioj<\/h2>\n<p><img decoding=\"async\" src=\"https:\/\/haoyumaterial.com\/wp-content\/uploads\/2026\/03\/CNC_Machining_Aluminum_Castings_Challenges_Solutio_1.webp\" alt=\"CNC Machining Aluminio \u015ctofoj Defioj Solvoj\" \/><\/p>\n<p>Ma\u015dinado proksime de-neta formo de\u0135etoj venas kun unikaj obstakloj. <a href=\"https:\/\/haoyumaterial.com\/eo\/online-cnc-service-for-precision-parts-and-instant-quotes\/\">En Vastmaterial, ni havas la man-on-sperton por konverti krudajn partojn el molaj aluminioj muldiloj en senmakulajn finajn produktojn.<\/a> Por certigi ke viaj komponantoj plenumas precizajn specifojn, nia.<\/p>\n<p>reta CNC servo por precizaj partoj <strong>CNC-ma\u015dado de aluminio \u015dtofiadoj<\/strong>:<\/p>\n<ul>\n<li><strong>uzas progresintan subtraktan fabrikadon por alfronti komunajn produktadajn problemojn rekte.<\/strong> Jen kiel ni solvas la plej malfacilajn problemojn en.<\/li>\n<li><strong>Poroso &amp; Enmetoj:<\/strong> Mulditaj partoj ofte ka\u015das mikroskopajn internajn voidojn. Ni uzas optimumigitajn iltajn strategiojn kaj specializitajn tran\u0109ilojn por minimumigi surfacan disrompi\u011don, certigante ke la struktura integreco de via preciza aluminio-ma\u015dinado restu tute intacta.<\/li>\n<li><strong>Propra Fikso:<\/strong> \u015ctofoj malofte havas platajn, facile kapteblajn surfacojn. Ni desegnas kaj konstruas propra\u0135ajn laborlokajn solvojn por sekure teni neregulajn formajn proprajn aluminia\u0135ojn. Tio preventas deformadon de premado kaj garantias perfekte alineitan tran\u0109on \u0109iufoje.<\/li>\n<\/ul>\n<h2>Industrioj Dependaj de CNC-Ma\u015dinado de Aluminiaj \u015ctofoj<\/h2>\n<p><img decoding=\"async\" src=\"https:\/\/haoyumaterial.com\/wp-content\/uploads\/2026\/03\/CNC_Machining_Aluminum_Castings_for_Industrial_Use_1.webp\" alt=\"CNC Machining Aluminio \u015ctofoj por Industria Uzo\" \/><\/p>\n<p>Kiam strikta dimensia precizeco en \u015dtofoj estas ne-negociinda, gravaj tutmondaj industrioj dependas de niaj subtraktaj fabrikaj kapabloj. Ni prenas krudajn \u015dtofojn kaj liveras pretajn por instali komponantojn tra pluraj sektoroj kun alta postulo:<\/p>\n<ul>\n<li><strong>A\u016dtomobiloj:<\/strong> Ni prizorgas la kompleksan sekundaran ma\u015dinadadon de \u015dtofoj por kritikaj komponentoj de potenca mekanismo, inkluzive de motoro-blokoj, transdona-kapsuloj, kaj strukturaj brakoj.<\/li>\n<li><strong>Aeronava:<\/strong> Pezo-redukto estas kerna. Ni liveras precizan aluminian ma\u015dinadadon por malpezaj strukturaj komponantoj kiuj postulas precizajn, ripeteblajn toleradojn.<\/li>\n<li><strong>Industria Ma\u015dinaro:<\/strong> Fluida dinamiko postulas striktajn sigelojn kaj perfektajn ta\u016dgecojn. Ni fini pumpajn kapsulojn, valvajn korpusojn, kaj pezajn ilarojn la\u016d precizaj specifoj.<\/li>\n<li><strong>Agrikulturo &amp; Peza Ekipa\u0135o:<\/strong> Ni provizas da\u016drajn, altfortajn CNC-ma\u015dinajn aluminia\u0135ajn fandadajn solvojn konstruitajn por supervivi la plej severajn eksterajn mediojn.<\/li>\n<\/ul>\n<p>\u0108iu sektoro havas unikajn postulojn pri forto, pezo, kaj rezisto al uzado. Kompreni \u0109i tiujn postulojn estas \u015dlosilo al sukcesa projekto; nia <a href=\"https:\/\/haoyumaterial.com\/eo\/metal-casting-material-guide-alloys-properties-selection\/\">metalfandada materialgvidilo<\/a> priskribas kiel malsamaj alojoj plenumas en \u0109i tiuj specifaj aplikoj por certigi ke vi ricevas la ekzaktan funkcia\u0135on la\u016d via industrio.<\/p>\n<h2>Kvalita Kontrolo por CNC-Ma\u015dina Aluminia\u0135a Fandadoj<\/h2>\n<p>Kiam ni traktas la sekundaran <strong>preciza ma\u015dinado<\/strong> de viaj fanditaj partoj, ni fidas je malmola datumoj, ne supozoj. Nia strikta inspektada procezo garantias la plej altan <strong>Dimensa precizeco<\/strong> por \u0109iu komponanto, kiu forlasas nian laborejon.<\/p>\n<p>Ni funkciigas striktan \u015dipon subtenatan de ISO-atestita kvalita administradsistemo por superrigardi nian tutan <strong>cnc-ma\u015dinado aluminio \u015dtaloj<\/strong> laborfluon.<\/p>\n<p>Jen precize kiel ni certigas kvaliton por viaj partoj:<\/p>\n<ul>\n<li><strong>CMM Dimensa Kontrolo:<\/strong> Ni uzas Koordinata Mezurma\u015dinojn (CMM) por zorge inspekti kompleksajn geometriojn kaj striktajn toleradojn. Ni frue kaptas deviojn tiel ke vi ricevas nur perfektajn partojn.<\/li>\n<li><strong>Mal\u015dtopi kaj Premo-Testado:<\/strong> Fluida-traktantaj \u015dtaloj devas esti tute senmakuloj. Ni rigore testas \u0109i tiujn specifajn komponantojn por garantii ke ili eltenas premon sen ajnaj malpura\u0135oj.<\/li>\n<li><strong>Normigita Kvalita Kontrolo:<\/strong> \u0108iuj niaj subtraktaj produktadoperacioj bazi\u011das sur ISO-kertifikitaj protokoloj, certigante plenan ripeteblon kaj fidindecon en \u0109iuj produktadserioj.<\/li>\n<\/ul>\n<p>Ni konservas plenan travideblecon pri niaj kapabloj, toleroj kaj inspektaj normoj. Por pli da detaloj pri niaj testproceduroj kaj kvalita garantio, vi povas legi nian <a href=\"https:\/\/haoyumaterial.com\/eo\/faqs\/\">ofte petatajn demandojn<\/a>.<\/p>\n<h2>Ofte Demandoj Pri CNC-Ma\u015dinado de Aluminiuma \u015ctonoj<\/h2>\n<h3>Kial ma\u015dini \u015dtonon anstata\u016d solida bloko?<\/h3>\n<p>Komencante kun proksimuma ne\u016dtrala formo de <a href=\"https:\/\/haoyumaterial.com\/eo\/industrial-molds-company-for-precision-casting-and-cnc\/\">moltena aluminiuma \u015dtofoj<\/a> savante grandajn kvantojn de ma\u015dina tempo kaj kruda materialo. Anstata\u016d skrapi for la plej grandan parton de solida aluminio-bloko, <strong>subtrakta fabrikado<\/strong> estas nur uzata kie \u011di estas absolute necese\u2014kiel frapado de striktaj toleroj sur kritikaj kunfandaj surfacoj, \u015dtofoj, kaj internaj truoj. \u0108i tiu metodo draste reduktas mal\u015dparadon kaj malaltigas la \u011deneralan koston po parto por mez-alta volumena produktado.<\/p>\n<h3>Kiajn tolerojn povas Vastmaterial teni sur ver\u015ditaj aluminioj partoj?<\/h3>\n<p>Ni prioritatas striktan <strong>Dimensa precizeco<\/strong>. Uzante nian progresintan <strong>preciza ma\u015dinado<\/strong> ekipa\u0135on, ni povas fidinde teni striktajn tolerojn \u011dis <strong>\u00b10.005 mm<\/strong>. While the exact limit can depend on the part\u2019s geometry and the specific aluminum alloy being cut, we consistently deliver aerospace-level precision on complex internal features and critical mounting points.<\/p>\n<h3>Kiel la ver\u015da metodo influas la koston de dua CNC-ma\u015dinado?<\/h3>\n<p>La komenca ver\u015da tekniko difinas kiom da superflua materialo devas esti forigita poste:<\/p>\n<ul>\n<li><strong>Alta Prema Gipsa Kasto:<\/strong> Lasas partojn tre proksimaj al iliaj fina dimensioj. \u0108i tio postulas minimuman sekundaran CNC-ma\u015dadon, rezultigante malpli altajn fini\u011dajn kostojn po parto.<\/li>\n<li><strong>Sanda Guto:<\/strong> Kiel priskribite en nia <a href=\"https:\/\/haoyumaterial.com\/eo\/the-ultimate-guide-how-does-the-sand-casting-process-work\/\">gvidilo pri sabla\u0135a fandadproceso<\/a>, \u0109i tiu metodo lasas pli krudan surfacfinon kaj pli da superflua materialo. \u011ci postulas pli longan, pli agresivan materialforigon, kio pligrandigas la CNC-ciklotempon. Tamen, \u011di multe \u015dparas pri anta\u016daj ilaraj kostoj por malaltvolumaj produktadoj.<\/li>\n<\/ul>\n<h3>\u0108u vi prizorgas amba\u016d la fontadon de la fandado kaj la ma\u015dinado?<\/h3>\n<p>Jes. Vastmaterial prizorgas la tutan produktadciklon. De ver\u015dado de la kruda materialo \u011dis la fina <strong>post-fandado CNC-finado<\/strong>, ni agas kiel via kompleta, ununura fonto de produktadpartnero. Tenado de la fandado kaj la ma\u015dinado sub unu tegmento garantias pli striktan kvalitan administradon, eliminas liverajn prokrastojn inter vendistoj, kaj signife simpligas vian provizlinion.<\/p>","protected":false},"excerpt":{"rendered":"<p>Preciza CNC-ma\u015dinado de aluminio-\u015dtofoj kun mallertaj toleroj superaj finpoluroj pluraj alojoj kaj \u015dtofi\u011dmetodoj por postulemaj industrioj<\/p>","protected":false},"featured_media":2019,"comment_status":"open","ping_status":"closed","template":"","meta":{"site-sidebar-layout":"default","site-content-layout":"","ast-site-content-layout":"default","site-content-style":"default","site-sidebar-style":"default","ast-global-header-display":"","ast-banner-title-visibility":"","ast-main-header-display":"","ast-hfb-above-header-display":"","ast-hfb-below-header-display":"","ast-hfb-mobile-header-display":"","site-post-title":"","ast-breadcrumbs-content":"","ast-featured-img":"","footer-sml-layout":"","ast-disable-related-posts":"","theme-transparent-header-meta":"default","adv-header-id-meta":"","stick-header-meta":"","header-above-stick-meta":"","header-main-stick-meta":"","header-below-stick-meta":"","astra-migrate-meta-layouts":"set","ast-page-background-enabled":"default","ast-page-background-meta":{"desktop":{"background-color":"var(--ast-global-color-5)","background-image":"","background-repeat":"repeat","background-position":"center center","background-size":"auto","background-attachment":"scroll","background-type":"","background-media":"","overlay-type":"","overlay-color":"","overlay-opacity":"","overlay-gradient":""},"tablet":{"background-color":"","background-image":"","background-repeat":"repeat","background-position":"center center","background-size":"auto","background-attachment":"scroll","background-type":"","background-media":"","overlay-type":"","overlay-color":"","overlay-opacity":"","overlay-gradient":""},"mobile":{"background-color":"","background-image":"","background-repeat":"repeat","background-position":"center center","background-size":"auto","background-attachment":"scroll","background-type":"","background-media":"","overlay-type":"","overlay-color":"","overlay-opacity":"","overlay-gradient":""}},"ast-content-background-meta":{"desktop":{"background-color":"var(--ast-global-color-4)","background-image":"","background-repeat":"repeat","background-position":"center center","background-size":"auto","background-attachment":"scroll","background-type":"","background-media":"","overlay-type":"","overlay-color":"","overlay-opacity":"","overlay-gradient":""},"tablet":{"background-color":"var(--ast-global-color-4)","background-image":"","background-repeat":"repeat","background-position":"center center","background-size":"auto","background-attachment":"scroll","background-type":"","background-media":"","overlay-type":"","overlay-color":"","overlay-opacity":"","overlay-gradient":""},"mobile":{"background-color":"var(--ast-global-color-4)","background-image":"","background-repeat":"repeat","background-position":"center center","background-size":"auto","background-attachment":"scroll","background-type":"","background-media":"","overlay-type":"","overlay-color":"","overlay-opacity":"","overlay-gradient":""}}},"product_brand":[],"product_cat":[21],"product_tag":[],"class_list":{"0":"post-2022","1":"product","2":"type-product","3":"status-publish","4":"has-post-thumbnail","6":"product_cat-aluminum-alloy","7":"desktop-align-left","8":"tablet-align-left","9":"mobile-align-left","11":"first","12":"instock","13":"shipping-taxable","14":"purchasable","15":"product-type-simple"},"_links":{"self":[{"href":"https:\/\/haoyumaterial.com\/eo\/wp-json\/wp\/v2\/product\/2022","targetHints":{"allow":["GET"]}}],"collection":[{"href":"https:\/\/haoyumaterial.com\/eo\/wp-json\/wp\/v2\/product"}],"about":[{"href":"https:\/\/haoyumaterial.com\/eo\/wp-json\/wp\/v2\/types\/product"}],"replies":[{"embeddable":true,"href":"https:\/\/haoyumaterial.com\/eo\/wp-json\/wp\/v2\/comments?post=2022"}],"wp:featuredmedia":[{"embeddable":true,"href":"https:\/\/haoyumaterial.com\/eo\/wp-json\/wp\/v2\/media\/2019"}],"wp:attachment":[{"href":"https:\/\/haoyumaterial.com\/eo\/wp-json\/wp\/v2\/media?parent=2022"}],"wp:term":[{"taxonomy":"product_brand","embeddable":true,"href":"https:\/\/haoyumaterial.com\/eo\/wp-json\/wp\/v2\/product_brand?post=2022"},{"taxonomy":"product_cat","embeddable":true,"href":"https:\/\/haoyumaterial.com\/eo\/wp-json\/wp\/v2\/product_cat?post=2022"},{"taxonomy":"product_tag","embeddable":true,"href":"https:\/\/haoyumaterial.com\/eo\/wp-json\/wp\/v2\/product_tag?post=2022"}],"curies":[{"name":"wp","href":"https:\/\/api.w.org\/{rel}","templated":true}]}}