{"id":2084,"date":"2026-03-24T11:23:23","date_gmt":"2026-03-24T03:23:23","guid":{"rendered":"https:\/\/haoyumaterial.com\/?post_type=product&#038;p=2084"},"modified":"2026-03-24T11:35:35","modified_gmt":"2026-03-24T03:35:35","slug":"9310-alloy-steel-machined-parts","status":"publish","type":"product","link":"https:\/\/haoyumaterial.com\/eo\/product\/9310-alloy-steel-machined-parts\/","title":{"rendered":"9310 Azen\u015dtala\u0135o Me\u0125itaj Partoj \u0108efmetalo CNC Produktado"},"content":{"rendered":"<h2>Kio estas AISI 9310 Azen\u015dtala\u0135o?<\/h2>\n<p>\u0108u vi luktas por trovi materialon, kiu ekvilibras altan koronforton kun eksterordinara slogsekureco? <strong>AISI 9310 \u015dtalo<\/strong> estas la solvo. Kiel speciala malalt-allaga \u015dtalo ri\u0109igita je molibdeno, nikelo kaj kromo, \u011di provizas la metalurgian performon postulatan de kritikaj aerospacaj kaj industriaj aplikoj. Ni speciali\u011das pri produktado de alt-efika\u0135aj <strong>9310 azen\u015dtala\u0135aj partoj<\/strong> \u0109u kontentigas la \u011dustajn specifa\u0135o-ojn de hodia\u016daj plej postulemaj in\u011denieraj medioj.<\/p>\n<h3>Superla\u0135o super \u0108efaj Karbon\u015dteloj<\/h3>\n<p>Kiam komparite kun \u011denerale karbon\u015dteloj, 9310 ofertas apartajn in\u011denierajn avanta\u011dojn. \u011cia preciza kemia\u0135o rezultigas severa-uzan efikecon:<\/p>\n<ul>\n<li><strong>Nekredeble Da\u016dteco:<\/strong> Preventas letale malgrandigon sub peza \u015doko kaj impak\u015dar\u011doj.<\/li>\n<li><strong>Pli Bunta Formi\u011demo:<\/strong> Permas kompleksajn, precizajn geometriojn dum speciala 9310 \u015dtala ma\u015dinado.<\/li>\n<li><strong>Optimeca Varma Reago:<\/strong> Reagas tre bone al mekana laboro kaj speciala varmtraktado, krei\u011dante partojn kun maldika koro kaj sklaresta kazo.<\/li>\n<\/ul>\n<h3>Industriaj Designaj Nomigoj kaj Ekvivalentoj<\/h3>\n<p>Sciado de la \u011dusta material-specifo estas kritika por aprovizado kaj struktura kongruo. Ni faras <strong>AMS 6260 ma\u015dinitaj partoj<\/strong> kaj komponantoj sub diversaj industriaj normaj aliasejoj. Dum <strong>UNS G93100<\/strong> estas la unuigita nombrada sistemo nomigo, tiu materialo estas ofte konfirmita sub tiuj famaj aviadila material-specifikoj:<\/p>\n<ul>\n<li><strong>AMS 6260G<\/strong> * <strong>AMS 6265C<\/strong> (ofte specifita kiel <strong>AMS 6265 \u015dtalaj alojoj<\/strong>)<\/li>\n<li><strong>AMS 6267A<\/strong><\/li>\n<\/ul>\n<p>Per komprenado de la \u011dustaj metalurgiaj kondutoj de \u0109i tiu malaloja \u015dtalo, ni certigas ke viaj partoj plenumas senmanke sub ekstreme stre\u0109o.<\/p>\n<h2>Vastmaterial 9310 \u015ctala Ma\u015dinprilaborkapablecoj<\/h2>\n<h2><img loading=\"lazy\" decoding=\"async\" class=\"alignnone wp-image-2078\" src=\"https:\/\/haoyumaterial.com\/wp-content\/uploads\/2026\/03\/9130_Alloy_Steel_Precision_Machined_Parts_FV5HsvKO-300x300.webp\" alt=\"\" width=\"832\" height=\"832\" srcset=\"https:\/\/haoyumaterial.com\/wp-content\/uploads\/2026\/03\/9130_Alloy_Steel_Precision_Machined_Parts_FV5HsvKO-300x300.webp 300w, https:\/\/haoyumaterial.com\/wp-content\/uploads\/2026\/03\/9130_Alloy_Steel_Precision_Machined_Parts_FV5HsvKO-150x150.webp 150w, https:\/\/haoyumaterial.com\/wp-content\/uploads\/2026\/03\/9130_Alloy_Steel_Precision_Machined_Parts_FV5HsvKO-768x768.webp 768w, https:\/\/haoyumaterial.com\/wp-content\/uploads\/2026\/03\/9130_Alloy_Steel_Precision_Machined_Parts_FV5HsvKO-12x12.webp 12w, https:\/\/haoyumaterial.com\/wp-content\/uploads\/2026\/03\/9130_Alloy_Steel_Precision_Machined_Parts_FV5HsvKO-600x600.webp 600w, https:\/\/haoyumaterial.com\/wp-content\/uploads\/2026\/03\/9130_Alloy_Steel_Precision_Machined_Parts_FV5HsvKO-100x100.webp 100w, https:\/\/haoyumaterial.com\/wp-content\/uploads\/2026\/03\/9130_Alloy_Steel_Precision_Machined_Parts_FV5HsvKO.webp 1024w\" sizes=\"auto, (max-width: 832px) 100vw, 832px\" \/><\/h2>\n<p>&nbsp;<\/p>\n<p>En Vastmaterial, ni speciali\u011das pri fabrikado de precizaj <strong>9310 azen\u015dtala\u0135aj partoj<\/strong> kreaditaj por stre\u0109aj mondaj aplika\u0135oj. Ni agordas niajn progresajn CNC turning- kaj \u015daft-mola Centrojn specifa al la intrinsic malmoleco de tiu materialo. Jai same kiel ni emfazigas strategian ilparon-voja\u011dadon kaj feed-control en niaj <a href=\"https:\/\/haoyumaterial.com\/eo\/stainless-steel-cnc-machining-guide-material-choice-and-optimization\/\">CNC ma\u015dinada materiala optimumigo<\/a> proceduroj, ni adaptas nian tutan agordon por ali\u011di kun la \u011dustaj specifa\u0135oj de 9310.<\/p>\n<h3>9310 \u015ctal-ma\u015dinebla Fokuso<\/h3>\n<p>AISI 9310 \u011denerale portas bazan ma\u015dineblecon proksimume 50% rilate al normaj sen\u015dar\u011de ma\u015dineblaj karbon\u015dtalegoj. Por liveri senmanke artan 9310-\u0125ef-masian<\/p>\n<ul>\n<li><strong>optimizitaj \u015caftaj rapidecoj:<\/strong> Ni zorge tunas hubajn rapidojn por redukti termikan acumulon, certigante materialan integron kaj longigante ilian ilonlon.<\/li>\n<li><strong>Mastriktaj Sekuraj Fortoj:<\/strong> Per ekvilibrigado de fend-ratoj kaj uzado de rigidaj laborsprangoj, ni malhelpas il-kantiladon kaj konservas konsekvencan precizecon tra kompleksaj, pezaj partoj.<\/li>\n<\/ul>\n<h3>Pruvitaj Ma\u015dinadaj Plejbonaj Praktikoj<\/h3>\n<p>Por atingi la ekzaktan agadon, kiun via projekto postulas, ni sekvas striktajn internajn gvidliniojn por mal-aldia \u015dtono-\u015dtopa ma\u015dinado.<\/p>\n<ul>\n<li><strong>Normaligita kaj Temperita Stato:<\/strong> Ni efektivigas niajn \u0109efajn ma\u015dinadajn operaciojn dum la 9310 alojo estas en sia normaligita kaj temperita stato.<\/li>\n<li><strong>Dimensa Precizeco:<\/strong> Tran\u0109i la materialon en \u0109i tiu specifa stato estas nia pruvoita metodo por certigi la plej malsamajn tolerancojn sen interna stre\u0109a distordo.<\/li>\n<li><strong>Premiuma Surfaca Finado:<\/strong> \u0108i tiu aliro rekte konverti\u011das al pli glataj, defectliberaj surfacoj kiuj estas perfekte pretaj por fina korna-hardado kaj fini\u011daj operacioj.<\/li>\n<\/ul>\n<h2>Tehniaj Specifikoj &amp; Materialaj Ecoj<\/h2>\n<p>Kiam ni fabrikas <strong>9310 azen\u015dtala\u0135aj partoj<\/strong>, kompreni la \u011dustan miksa\u0135on de la metaloj estas esenca. La impresa rendimento de <strong>AISI 9310<\/strong> dependas de \u011dia preciza kombino de elementoj, kiu donos al \u011di altan kernan forton dum konservas elstaran fortikecon. Pro tiuj specifaj trajtoj, ni zorge \u011dustigas niajn tran\u0109rapidecojn kaj administras tran\u0109fortojn dum niaj <a href=\"https:\/\/haoyumaterial.com\/eo\/product\/custom-cnc-machining-parts-precision-tight-tolerance-services\/\">Ni optimumigas por rapideco, ofte uzante normajn ilojn por liveri<\/a> procezoj por certigi precizan dimensian precizecon.<\/p>\n<h3>9310\u015ctala Kemia Komponado<\/h3>\n<p>La <strong>kemia komponado<\/strong> de \u0109i tiu malalta alojo estas ri\u0109igita per specifaj elementoj por plialtigi \u011dian da\u016dripovon kaj respondemon al varmtraktado.<\/p>\n<table>\n<thead>\n<tr>\n<th style=\"text-align: left;\">Elemento<\/th>\n<th style=\"text-align: left;\">Procento (%)<\/th>\n<\/tr>\n<\/thead>\n<tbody>\n<tr>\n<td style=\"text-align: left;\"><strong>Karbono (C)<\/strong><\/td>\n<td style=\"text-align: left;\">0.08 \u2013 0.13<\/td>\n<\/tr>\n<tr>\n<td style=\"text-align: left;\"><strong>Mangano (Mn)<\/strong><\/td>\n<td style=\"text-align: left;\">0.45 \u2013 0.65<\/td>\n<\/tr>\n<tr>\n<td style=\"text-align: left;\"><strong>Silicio (Si)<\/strong><\/td>\n<td style=\"text-align: left;\">0.15 \u2013 0.30<\/td>\n<\/tr>\n<tr>\n<td style=\"text-align: left;\"><strong>Nikel (Ni)<\/strong><\/td>\n<td style=\"text-align: left;\">3.00 \u2013 3.50<\/td>\n<\/tr>\n<tr>\n<td style=\"text-align: left;\"><strong>Kromio (Cr)<\/strong><\/td>\n<td style=\"text-align: left;\">1.00 \u2013 1.40<\/td>\n<\/tr>\n<tr>\n<td style=\"text-align: left;\"><strong>Molibdeno (Mo)<\/strong><\/td>\n<td style=\"text-align: left;\">0.08 \u2013 0.15<\/td>\n<\/tr>\n<\/tbody>\n<\/table>\n<h3>9310 Metalaj Trajktoj Sentoktoj<\/h3>\n<p>La <strong>mekanikaj ecoj<\/strong> la 9310 \u015dtalo faras \u011din trumpi elekto por pez-laboraj aplikoj. \u011ci provizas fidindan ekvilibron inter forto kaj fleksebleco.<\/p>\n<ul>\n<li><strong>Tensila Forto:<\/strong> Eskcepte alta, permesante al komponantoj elteni pezajn tirfortojn sen malfali.<\/li>\n<li><strong>Elasta Forto:<\/strong> provizas altan sojlon anta\u016d ol permanenta deformi\u011do okazas sub premo.<\/li>\n<li><strong>Duktebleco:<\/strong> Retenas ekscelentajn <strong>duktileco<\/strong> kaj etendojn, kiuj malhelpas subitajn frakturojn kiam \u011di estas submetita al \u015dokaj \u015dar\u011doj.<\/li>\n<li><strong>Ligilabileco:<\/strong> \u011ci konservas bonan <strong>vundebleco<\/strong> kompare kun aliaj altfortaj aero\u015dipaj alojoj, farante sekundaran asamblon facila.<\/li>\n<\/ul>\n<h3>Harda\u0135o-Rango<\/h3>\n<p>Granda avanta\u011do de \u0109i tiu materialo estas \u011dia diverseca <strong>malmoleco-range<\/strong>. Per ka\u015d-hardigaj procezoj kiel karburigo, ni povas atingi duan-hardegan profilon kiu estas ideala por alt-svargaj komponantoj.<\/p>\n<ul>\n<li><strong>Kazo Hardeco:<\/strong> Ni povas atingi harditan surfacon de <strong>60\u201362 HRc<\/strong>, liverante nekredeblan reziston kontra\u016d eluzado kaj abrado.<\/li>\n<li><strong>Kernhardeco:<\/strong> Dum la ekstero estas malhela, la kerno restas pli mola kaj pli forta por \u015dati batojn kaj rezisti strukturan lamenon.<\/li>\n<\/ul>\n<h2>Parta Kurado &amp; Fabrikaj Procezoj<\/h2>\n<p>Por akiri la plej bonan rendimenton el niaj 9310 aloja \u015dtaloj kun ma\u015dinitaj partoj, preciza varmtraktado estas neebla. Ni zorge mastrumas la termikajn ciklojn por certigi ke la materialo atingas la eksaktece mekanikajn atingojn postulatajn por pezagaj aplika\u0135oj.<\/p>\n<h3>Standa A\u016dtoma \/ Annealado &amp; Temperado<\/h3>\n<p>La \u011dustigo de la bazlinio faras la diferencon en la stabileco de la fina produkto.<\/p>\n<ul>\n<li><strong>Annealado:<\/strong> Ni varmegas la AISI 9310 \u015dtalon \u011dis <strong>857\u00b0C (1575\u00b0F)<\/strong>, sekvita de malrapida, kontrolita forvelkado de forno. \u0108i tiu pa\u015do malmoligas la metala\u0135on, preparante \u011din por precize kaj efike ma\u015dinado.<\/li>\n<li><strong>Temigado:<\/strong> Post la iniziala varmegupruono, ni temperas la partojn je <strong>149\u00b0C (300\u00b0F)<\/strong>. \u0108i tio malstre\u0109as internajn stre\u0109ojn dum fiksante la celan malmolecon.<\/li>\n<\/ul>\n<h3>Prena 9310 \u015dtala varmeca traktado<\/h3>\n<p>Por kritikaj kunmeta\u0135oj kiel alt-stressa gisa fabrikado, normaj proceduroj simple ne sufi\u0109as. Ni uzas progresintajn pseukarburigajn kaj izotonajn tenajn teknikojn. Tio plibonigas la mikromaterialon, donante al la parto malmolan kernon kaj tre rimarkindan erman rezistan kazon kapablan trakti ekstremajn kialojn. \u011custe kiel ni emfazas striktan kontrolon en aliaj <a href=\"https:\/\/haoyumaterial.com\/eo\/casting-stainless-steel-guide-high-precision-processes-and-alloys\/\">altprecizaj procezoj kaj alojoj<\/a>, administrante la ekzaktajn temperatur-tena\u0135ojn por 9310 estas tio, kio garantias \u011dian kampan fidocion.<\/p>\n<h3>Weldi\u011debleco kaj Formi\u011do<\/h3>\n<p>Vi ne bezonas sacrifici laboreblecon por atingi altan forton.<\/p>\n<ul>\n<li><strong>Ekscelenta Weldi\u011debleco:<\/strong> La alojo tre bone adapti\u011das al starigitaj welding-proceduroj, farante la muntadon senkomplika.<\/li>\n<li><strong>Retenata duktilo:<\/strong> E\u0109 post agresaj rapidej kaj temperaj cikloj, \u0109i tiuj partoj tenas esceptan duktilon, protektante kontra\u016d frakturoj sub peza impakto.<\/li>\n<li><strong>Fidinda Formi\u011do:<\/strong> La materialo respondas anta\u016dvideble dum fabrikado, ebligante nian formadon de kompleksaj geometrioj sen kompromiti la strukturajn konsekvencojn de la \u015dtalo.<\/li>\n<\/ul>\n<h2>Tipaj Aplika\u0135oj por 9310 ma\u015dinigitaj Kunmeta\u0135oj<\/h2>\n<p>Kiam via projekto postulas kunmeta\u0135ojn kiuj povas postvivi ekstremajn stre\u0109ojn, <strong>AISI 9310<\/strong> estas la referenca\u0135o. Pro \u011dia elstara <strong>tensila forto<\/strong> kaj muro <strong>duktileco<\/strong>, ni fabrikadas <strong>9310 azen\u015dtala\u0135aj partoj<\/strong> por sektoroj kie kapablo kaj fidindeco estas krucaj.<\/p>\n<p>Dum kelkaj industriaj aplika\u0135oj funkcias perfekte bone kun norma <a href=\"https:\/\/haoyumaterial.com\/eo\/product\/8620-alloy-steel-machined-parts\/\">8620 aloja\u015dtala\u0135aj partoj<\/a>, 9310 estas desegnita precipe por senkompromisa, alta\u015dar\u011da medio.<\/p>\n<p>Ni regule ma\u0109as \u0109i tiun alt-prean kvalitan mal-alo-steelon por la sekvaj postulemaj aplikoj:<\/p>\n<ul>\n<li><strong>Kritikaj aviadilaj motoraj radoj:<\/strong> Provizante la altan kernan forton kaj laci-helpon reziston postulitan de aerospaca krempa\u0135a sistemo.<\/li>\n<li><strong>Peza-efikeco Transmisiaj A\u016dt-\u015caftoj:<\/strong> Konstruita por elteni masivan ton\u0135eton kaj konstantan pezajn mekanikajn \u015dar\u011dojn.<\/li>\n<li><strong>Pistonekaj Pinioj kaj Kladpartoj:<\/strong> Provizante maksiman abrazreziston kaj ta\u016dgecon sub konstanta, alta-frikcia ciklo.<\/li>\n<li><strong>Ritaj Tinta \u011cirad-Munnoj:<\/strong> Certigante absolute fidindecon kaj strukturan integrecon en helikopteraj rotoraj sistemoj.<\/li>\n<\/ul>\n<h2>Kial Elekti Vastmaterial por 9310 Alloy Steel Machinitaj Partoj?<\/h2>\n<p>Kiam vi bezonas tre fidindajn <strong>9310 azen\u015dtala\u0135aj partoj<\/strong>, ni liveras la precizecon kaj konsekvencecon kiun vi povas fidi. Ni mastrumas la tutan fabrikadan ciklon por ke vi ne bezonu zorgi pri provizad-ciklo-malflektoj a\u016d kvalita malofteco.<\/p>\n<h3>Senkompromisa Kvalita Certigo<\/h3>\n<p>Ni serioze traktas militajn kaj aerospacajn specifikaciojn. \u0108iu kompleta\u0135o kiun ni fabrikas estas desegnita certigi superan surfac-integrecon kaj altan kernan forton.<\/p>\n<ul>\n<li><strong>Strikta Plenumado:<\/strong> Niaj operacioj estas plene DFARS-kongruaj kaj proksime sekvas la MIL-S-7393-normojn.<\/li>\n<li><strong>Kompleta Trajtmale\u011do:<\/strong> Ni konservas 100% materialan spuron de la momento kiam la kruda stokado alvenas \u011dis la fina livero de viaj partoj.<\/li>\n<\/ul>\n<h3>Kunmetita Tuta 9310 \u015ctala ma\u015dinado<\/h3>\n<p>Ni prizorgas vian projekton de komenco \u011dis fino. Same kiel ni certigas precizajn tolerancojn por niaj <a href=\"https:\/\/haoyumaterial.com\/eo\/product\/4340-alloy-steel-machined-parts\/\">4340 alojo \u015dtalo ma\u015dinaj partoj<\/a>, nia aliro al 9310 \u015dtalo garantias maximuman fidindecon por kritikaj aplikoj.<\/p>\n<ul>\n<li><strong>Plejbone merkatigado:<\/strong> Ni sekurigas supran nivelon da senlima kruda materialo, inkluzive Premium Aircraft Quality Vacuum Arc Remelt (VAR) 9310, por Maksimiigi lac-liberecon kaj duktilon.<\/li>\n<li><strong>Rigora inspekto:<\/strong> Niaj kvalitaj kontrolaj teamoj konfirmas la \u011dustan hardonaro, tenzokapaciton, kaj dimensionalan precizecon anta\u016d ol io estas sendita.<\/li>\n<\/ul>\n<h3>Niaj Avanta\u011doj de 9310 Ma\u015dinado<\/h3>\n<table>\n<thead>\n<tr>\n<th style=\"text-align: left;\">Serva Areo<\/th>\n<th style=\"text-align: left;\">Kion Ni Liveras<\/th>\n<\/tr>\n<\/thead>\n<tbody>\n<tr>\n<td style=\"text-align: left;\"><strong>Materiala Fontado<\/strong><\/td>\n<td style=\"text-align: left;\">Premium Aircraft Quality VAR 9310<\/td>\n<\/tr>\n<tr>\n<td style=\"text-align: left;\"><strong>Industriaj Normoj<\/strong><\/td>\n<td style=\"text-align: left;\">DFARS-kongrua, MIL-S-7393-adhereco<\/td>\n<\/tr>\n<tr>\n<td style=\"text-align: left;\"><strong>Kvalita Kontrolo<\/strong><\/td>\n<td style=\"text-align: left;\">Strikta materiala trajtlinio kaj plena inspekto<\/td>\n<\/tr>\n<tr>\n<td style=\"text-align: left;\"><strong>Kapabloj<\/strong><\/td>\n<td style=\"text-align: left;\">Tuta end-al-end-a\u016dtomata 9310 \u015ctala Ma\u015dinado<\/td>\n<\/tr>\n<\/tbody>\n<\/table>\n<h2>FAQ: 9310 Aloj\u015dtala Partoj Ma\u015dinataj<\/h2>\n<h3>Kio estas la ma\u015dinebleca rangado de AISI 9310?<\/h3>\n<p>La norma ma\u015dinebleca rangado estas iom similita al 50% kiam komparite kun \u015dtalo B1112. Pro la forta plimulto de la alojo <strong>mekanikaj ecoj<\/strong>, ni relyas je speciala GNU-programado. Per striktigita optimo de nia <strong>tran\u0109rapidecoj<\/strong> kaj mastrumado de la pezaj <strong>trovaj fortoj<\/strong> generataj dum frezado kaj turni\u011do, ni certigas precizajn tolerojn kaj glatan surfacan finon.<\/p>\n<h3>\u0108u 9310 \u015dtalo povas esti ka\u015de-hardita?<\/h3>\n<p>Jes, estas celkonscie desegnita por tio. Ni ofte produktas <strong>9310 ka\u015de-harditajn erojn<\/strong> porque la materialo tre bone respondas al carburizado.<\/p>\n<ul>\n<li><strong>Surfaco:<\/strong> Plii\u011das al pinto <strong>malmoleco-range<\/strong> de 60\u201362 HRc por ekstraelasta el\u0109erpo.<\/li>\n<li><strong>Kerno:<\/strong> Konservas elstaran <strong>duktileco<\/strong> kaj altan <strong>tensila forto<\/strong> por absorbadi pezajn kontaktopezojn sen frakciado.<\/li>\n<\/ul>\n<h3>AMS 6260 kontra\u016d AMS 6265: Kio estas la diferenco?<\/h3>\n<p>Amba\u016d aeroespacaj dezajnaj vortoj rilatas al <strong>AISI 9310<\/strong>. Ili havas la same ekzakte <strong>kemia komponado<\/strong> kaj bona <strong>vundebleco<\/strong>, sed ili diferencas kiel la kruda benzo estas fanda:<\/p>\n<ul>\n<li><strong>AMS 6260:<\/strong> Standarda aero-malkovrita alloy\u015dtalo, ta\u016dga por plej multaj pezaj kaj aermezuraj ma\u015dinaj partoj.<\/li>\n<li><strong>AMS 6265:<\/strong> Uzu la <strong>Vacuum Arc Remelt (VAR) 9310<\/strong> procezon. Tiu dua fandi\u011do forigas mikroskopajn malpurigojn, draste plibonigante la rigidon de fud kontrukcioj kiel aviadilaj motoraj \u011denaj radoj.<\/li>\n<\/ul>\n<p>Se via specifa aplika\u0135o postulas altan korrozioreziston anstata\u016d la ekstrema kernaj firmecon de 9310, esplorante la propra\u0135ojn kaj uzo\u0135ojn de <a href=\"https:\/\/haoyumaterial.com\/eo\/what-is-400-series-stainless-steel-properties-uses-grades\/\">400-serio rustorezaj \u015dtaloj<\/a> povas provizi solidesan alternativon por via sekva fabrikada kuro.<\/p>","protected":false},"excerpt":{"rendered":"<p>Ajustita 9310 azen\u015dtala\u0135aj partoj kun CNC precizeco alta koroforto varmtraktado kaj aerospaca grado kvalito<\/p>","protected":false},"featured_media":2082,"comment_status":"open","ping_status":"closed","template":"","meta":{"site-sidebar-layout":"default","site-content-layout":"","ast-site-content-layout":"default","site-content-style":"default","site-sidebar-style":"default","ast-global-header-display":"","ast-banner-title-visibility":"","ast-main-header-display":"","ast-hfb-above-header-display":"","ast-hfb-below-header-display":"","ast-hfb-mobile-header-display":"","site-post-title":"","ast-breadcrumbs-content":"","ast-featured-img":"","footer-sml-layout":"","ast-disable-related-posts":"","theme-transparent-header-meta":"default","adv-header-id-meta":"","stick-header-meta":"","header-above-stick-meta":"","header-main-stick-meta":"","header-below-stick-meta":"","astra-migrate-meta-layouts":"set","ast-page-background-enabled":"default","ast-page-background-meta":{"desktop":{"background-color":"var(--ast-global-color-5)","background-image":"","background-repeat":"repeat","background-position":"center center","background-size":"auto","background-attachment":"scroll","background-type":"","background-media":"","overlay-type":"","overlay-color":"","overlay-opacity":"","overlay-gradient":""},"tablet":{"background-color":"","background-image":"","background-repeat":"repeat","background-position":"center center","background-size":"auto","background-attachment":"scroll","background-type":"","background-media":"","overlay-type":"","overlay-color":"","overlay-opacity":"","overlay-gradient":""},"mobile":{"background-color":"","background-image":"","background-repeat":"repeat","background-position":"center center","background-size":"auto","background-attachment":"scroll","background-type":"","background-media":"","overlay-type":"","overlay-color":"","overlay-opacity":"","overlay-gradient":""}},"ast-content-background-meta":{"desktop":{"background-color":"var(--ast-global-color-4)","background-image":"","background-repeat":"repeat","background-position":"center center","background-size":"auto","background-attachment":"scroll","background-type":"","background-media":"","overlay-type":"","overlay-color":"","overlay-opacity":"","overlay-gradient":""},"tablet":{"background-color":"var(--ast-global-color-4)","background-image":"","background-repeat":"repeat","background-position":"center center","background-size":"auto","background-attachment":"scroll","background-type":"","background-media":"","overlay-type":"","overlay-color":"","overlay-opacity":"","overlay-gradient":""},"mobile":{"background-color":"var(--ast-global-color-4)","background-image":"","background-repeat":"repeat","background-position":"center center","background-size":"auto","background-attachment":"scroll","background-type":"","background-media":"","overlay-type":"","overlay-color":"","overlay-opacity":"","overlay-gradient":""}}},"product_brand":[],"product_cat":[17,18],"product_tag":[],"class_list":{"0":"post-2084","1":"product","2":"type-product","3":"status-publish","4":"has-post-thumbnail","6":"product_cat-stainless-steel","7":"product_cat-alloy-steel","8":"desktop-align-left","9":"tablet-align-left","10":"mobile-align-left","12":"first","13":"instock","14":"shipping-taxable","15":"purchasable","16":"product-type-simple"},"_links":{"self":[{"href":"https:\/\/haoyumaterial.com\/eo\/wp-json\/wp\/v2\/product\/2084","targetHints":{"allow":["GET"]}}],"collection":[{"href":"https:\/\/haoyumaterial.com\/eo\/wp-json\/wp\/v2\/product"}],"about":[{"href":"https:\/\/haoyumaterial.com\/eo\/wp-json\/wp\/v2\/types\/product"}],"replies":[{"embeddable":true,"href":"https:\/\/haoyumaterial.com\/eo\/wp-json\/wp\/v2\/comments?post=2084"}],"wp:featuredmedia":[{"embeddable":true,"href":"https:\/\/haoyumaterial.com\/eo\/wp-json\/wp\/v2\/media\/2082"}],"wp:attachment":[{"href":"https:\/\/haoyumaterial.com\/eo\/wp-json\/wp\/v2\/media?parent=2084"}],"wp:term":[{"taxonomy":"product_brand","embeddable":true,"href":"https:\/\/haoyumaterial.com\/eo\/wp-json\/wp\/v2\/product_brand?post=2084"},{"taxonomy":"product_cat","embeddable":true,"href":"https:\/\/haoyumaterial.com\/eo\/wp-json\/wp\/v2\/product_cat?post=2084"},{"taxonomy":"product_tag","embeddable":true,"href":"https:\/\/haoyumaterial.com\/eo\/wp-json\/wp\/v2\/product_tag?post=2084"}],"curies":[{"name":"wp","href":"https:\/\/api.w.org\/{rel}","templated":true}]}}