{"id":2158,"date":"2026-04-14T11:13:44","date_gmt":"2026-04-14T03:13:44","guid":{"rendered":"https:\/\/haoyumaterial.com\/?post_type=product&#038;p=2158"},"modified":"2026-04-14T11:35:46","modified_gmt":"2026-04-14T03:35:46","slug":"alloy-steel-investment-casting","status":"publish","type":"product","link":"https:\/\/haoyumaterial.com\/eo\/product\/alloy-steel-investment-casting\/","title":{"rendered":"Alloj\u015dtofa Investan \u0135etparta\u0135alaj Servoj"},"content":{"rendered":"<h2>Kio estas alloj\u015dta investa\u0135a \u0135etparta\u0135o?<\/h2>\n<p>Alloj\u015dta investa\u0135a \u0135etparta\u0135o estas precizega fabrikada procezo uzata por krei kompleksajn, alt-efikajn metalajn komponantojn. Versekante likvan al la ceramaj formoj, ni produktas partojn kiuj plenumas rigordajn industriaj normojn. \u0108i tiu metodo estas esenca por aplikoj postulas specifajn mekanikajn trajtojn, kiujn ordinara karbona fero ne povas provizi.<\/p>\n<h3>La Investa \u0135etparta\u0135a Procezo Klarigita<\/h3>\n<p>Nia procezo uzas la \u201cperditan kandelo\u201d teknikon por certigi maksimuman detalon kaj precizecon.<\/p>\n<ul>\n<li><strong>Vax\u015dablona Kreado:<\/strong> Alt-precizaj kandelo-modeloj estas produktitaj por \u0109iu parto.<\/li>\n<li><strong>Keramika Kapsula Konstruo:<\/strong> Modeloj estas mergitaj en cerama pasto por krei fortan kovrilon.<\/li>\n<li><strong>Dorovado kaj Ver\u015dado:<\/strong> La kandelo estas forigita, kaj molaj feroj-alojoj \u2014 elektitaj el pli ol 75 malsamaj metalaj tipoj \u2014 estas ver\u015ditaj en la kaveton.<\/li>\n<li><strong>Majstra Varmigilo- sistemo:<\/strong> Ni uzas striktan kontrolitan majstran varma\u0135on por certigi konsekvencan metalurgian kvaliton \u0109e \u0109iu ver\u015dado.<\/li>\n<\/ul>\n<h3>\u0108efaj Karakteriza\u0135oj de Alloj\u015dto<\/h3>\n<p>Alloj\u015dtoj estas projektitaj aldonante specifajn elementojn al fero kaj karbono por plibonigi la rendimenton.<\/p>\n<ul>\n<li><strong>Pliigita Malsekeco:<\/strong> Ideale por iltradaj industriaj aplikoj kie formo konservado estas kritika.<\/li>\n<li><strong>Abrasa Rezisto:<\/strong> Alta da\u016drebleco por pezaj labordombroj kiel minado a\u016d konstruado.<\/li>\n<li><strong>Varma Traktado-Reago:<\/strong> \u0108i tiuj aloj povas esti varm-tretitaj por signife plibonigi forton, duktecon, kaj radikecon.<\/li>\n<\/ul>\n<h2>Avanta\u011doj de kunmetitaj m\u00ealaj \u015dtalaj investaj kjeboj<\/h2>\n<p>Elekti m\u00ealajn \u015dtojn por investkastingo provizas superan ekvilibron inter kosto kaj plenumo, precipe por misio-kritikaj komponentoj.<\/p>\n<h3>Alta Tenso kaj Da\u016dreco<\/h3>\n<p>Kune\u015dtalaraj \u015dtalaj kunmetoj ofertas eksterordinaran tendan forton. Per nia NADCAP-\u015dategita varmtraktado kaj malvarmagado (hardosigado) testado, ni povas persone encerni la fizikajn propra\u0135ojn de la materialo por elporti ekstrema\u0135on kaj pezajn ciklojn.<\/p>\n<h3>Precizeco kaj mallar\u011daj toleroj<\/h3>\n<p>La ceramika \u015dvela\u0135o-procezo permesas mirindan dimensian precizecon. Ni konservas AS9100 registritan kvalitan sistemon por certigi ke \u0109iu kokido plenumas la mallar\u011dajn tolerojn postulas de la aeronaviado kaj defendo sektoroj.<\/p>\n<h3>Minimigo de sekundara ma\u015dinado<\/h3>\n<p>\u0108ar investa\u0135a kasting estas produktanta preska\u016d-ne-rektan formon, la bezono pri multekosta sekundara ma\u015dinado estas tre reduktita. Tio faras \u011din tre koste-kunvenkita solvo por kompleksaj geometrioj kiuj estus malfacile produktotaj per tradicia fabrikado.<\/p>\n<h2>\u0108elaj aloiaj \u015dtaloj uzataj en Kastingado<\/h2>\n<p>Ni ver\u015das vastan gamon da ferroj-materialoj, per kiu ni povas kongrui la specifan kemian kompona\u0135on kun viaj aplikaj postuloj.<\/p>\n<h3>Malaltaj Aloiaj \u015ctaloj<\/h3>\n<p>Malalt-aloiaj \u015dtalo estas \u015datataj pro ilia diverseco kaj kostefikeco. \u0108i tiuj materialoj disponigas plibonigitajn mekanikajn ecojn super norma karbona \u015dtalo dum restas tre ma\u015dineblaj kaj respondemaj al surfaca malkremado.<\/p>\n<h3>Alta Aloiaj kaj Specialaj \u015ctaloj<\/h3>\n<p>Por ekstremaj medioj, ni uzas alt-aloiajn gradojn:<\/p>\n<ul>\n<li><strong>Rustorezista \u015ctofo:<\/strong> Inkluzive 17-4 PH, 15-5 PH, kaj 300\/400 serioj por maksimuma koroda rezisto.<\/li>\n<li><strong>Il\u015dtalo:<\/strong> Specialigita karbona aloia \u015dtalo desegnita por teni hardon \u0109e altaj temperaturoj por tran\u0109ado kaj presado.<\/li>\n<li><strong>Nikelaj &amp; Kobalt-bazitaj Aljoj:<\/strong> Por alt-temperaturaj kaj alt-uzaj aplikoj.<\/li>\n<\/ul>\n<h3>Aloiaj \u015dtaloj kontra\u016d karbonaj \u015dtalo<\/h3>\n<table>\n<thead>\n<tr>\n<th style=\"text-align: left;\">Trajto<\/th>\n<th style=\"text-align: left;\">Karbon\u015dtalo<\/th>\n<th style=\"text-align: left;\">Alia \u015ctalo<\/th>\n<\/tr>\n<\/thead>\n<tbody>\n<tr>\n<td style=\"text-align: left;\"><strong>\u0108efa Avanta\u011do<\/strong><\/td>\n<td style=\"text-align: left;\">Koste-kunvenkita kaj ma\u015dinebla<\/td>\n<td style=\"text-align: left;\">Alta forto kaj abrazia rezisto<\/td>\n<\/tr>\n<tr>\n<td style=\"text-align: left;\"><strong>Koroda Rezisto<\/strong><\/td>\n<td style=\"text-align: left;\">Malalta<\/td>\n<td style=\"text-align: left;\">Alta (depende de alojo)<\/td>\n<\/tr>\n<tr>\n<td style=\"text-align: left;\"><strong>Varma Traktado<\/strong><\/td>\n<td style=\"text-align: left;\">Improvas Ductibility<\/td>\n<td style=\"text-align: left;\">Maksimizas Murdocon kaj Tompecon<\/td>\n<\/tr>\n<\/tbody>\n<\/table>\n<h2>Produktadoproceduroj kaj Surfaca\u0135aj Traktadoj<\/h2>\n<p>Kvalito-regado estas enkonstruita en \u0109iu stadio de nia produktado, de la komenca muldila\u0135o \u011dis la fina kontrolo.<\/p>\n<h3>Muldilfarado kaj Vaka forigo<\/h3>\n<p>Precizeco komenci\u011das kun la muldilo. Ni uzas alt-kvalitajn keramikajn materialojn por certigi la surfacon finajn de la nerezista estas glata kaj sen difektoj. La vakinforiga procezo estas zorgeme monitorata por preventi muldilan rompi\u011don kaj certigi internan integrecon.<\/p>\n<h3>Malkolorigo kaj Ver\u015dotekniko<\/h3>\n<p>Ni utiligas aer-meldajn alojojn ver\u015ditajn en keramikajn muldojn sub striktaj temperaturoj. Nia sperto en ver\u015dado pli ol 75 malsamaj metalo uzas por ke la fluida dinamikado de la \u015dtalo rezulta en densa, porozezo sen poroza stacio.<\/p>\n<h3>Post-ver\u015daj Surfaca\u0135aj Traktadoj<\/h3>\n<p>Por atingi finajn specifa\u0135ojn, ni ofertas ampleksajn en-domanajn sekundarajn servojn:<\/p>\n<ul>\n<li><strong>NADCAP Hejta Traktado:<\/strong> Por atingi specifajn hardecnivelojn.<\/li>\n<li><strong>Nondestruktiva Testado (NDT):<\/strong> Certigante internan saneco.<\/li>\n<li><strong>Malsekureco-Testado:<\/strong> Kontrolante materialajn ecojn post prilaborado.<\/li>\n<\/ul>\n<h2>Industriaj Aplikoj de Aloj-\u015ctalaj Muldistoj<\/h2>\n<p>Niaj precizaj mulditaj pecoj estas uzataj tra tutmonde industrioj kiuj postulas fidindecon kaj altan rendimenton.<\/p>\n<h3>A\u016dtoj kaj Aviadaj Duobla\u0135oj<\/h3>\n<p>Kiel le\u011dfonta-facileco registrita objekto, ni provizas fortegnajn alu\u015dtalajn partojn por flugaj krudaj kaj alt-efikaj a\u016dtojaj sistemoj kie pezo-al-forteco rilatoj estas kerna.<\/p>\n<h3>Peza Ma\u015dinaro kaj Ekipado<\/h3>\n<p>Por la \u011denerala\u0135aj sektoroj de minado, konstruado kaj agrikulturo, niaj il\u0135a\u015dtutaj \u015dtalego kaj karbaj aliaj fanditaj pjesoj provizas la abrazia rezisto necesa por pezaj aparatoj kaj terenigaj iloj.<\/p>\n<h3>Oleoj, Gasoj kaj Energiaj Sektoroj<\/h3>\n<p>Ni produktas korroziorezistajn kaj altajn premspezajn kanalojn kapablajn voja\u011di la malfacilajn mediojn trovitajn en fundliniaj aplikoj kaj energiproduktado.<\/p>\n<h2>Kiel Elekti la \u011custan Amphilojn-Stalon por Via Projekto<\/h2>\n<p>Elekti\u011du la \u011dustan materialon estas la plej grava pa\u015do en la dezajna procezo.<\/p>\n<h3>Takso de Materialaj Ecoj<\/h3>\n<p>Pripensu la \u0109efajn stre\u0109ajn faktorojn: \u0109u la parto bezonas altan stre\u0109osubtenon, a\u016d \u0109u koroziorezisto estas la prioritato? Niaj fakuloj donos gvidadon en elekto el niaj pli ol 75 haveblaj aliroj por optimumigi rendimenton.<\/p>\n<h3>Komprenado de Kuprogaj Tolerecoj<\/h3>\n<p>Riviziu la kompleksecon de via dezajno. Investega fixado per investa\u0135o ebligas kompleksajn internajn malvarmigajn vojojn kaj malaltajn muroj kiujn aliaj metodoj ne atingas, reduktante la \u0109efan pezon de la fina asamblio.<\/p>\n<h3>Elekti fidindan Ka\u0135adon Fabrikiston<\/h3>\n<p>Ser\u0109u partneron kun pruvoj pri akiro de certigo kaj hejmaj kapabloj. Niaj NADCAP-agravoj kaj rigoraj procezaj kontroloj certigas ke viaj alish-tieaj fanditaj aliroj estas liveritaj kun konsekvenca kvalito kaj fidela rendimento. Kontaktu nian teamon por peti cita\u0135on por viaj specifaj projektoj.<\/p>","protected":false},"excerpt":{"rendered":"<p>Alloj\u015dta investa\u0135a \u0135etparta\u0135a gvidilo pri precizeco, da\u016d hardware, surfacaj traktadoj kaj industriaj aplikoj<\/p>","protected":false},"featured_media":2157,"comment_status":"open","ping_status":"closed","template":"","meta":{"site-sidebar-layout":"default","site-content-layout":"","ast-site-content-layout":"default","site-content-style":"default","site-sidebar-style":"default","ast-global-header-display":"","ast-banner-title-visibility":"","ast-main-header-display":"","ast-hfb-above-header-display":"","ast-hfb-below-header-display":"","ast-hfb-mobile-header-display":"","site-post-title":"","ast-breadcrumbs-content":"","ast-featured-img":"","footer-sml-layout":"","ast-disable-related-posts":"","theme-transparent-header-meta":"default","adv-header-id-meta":"","stick-header-meta":"","header-above-stick-meta":"","header-main-stick-meta":"","header-below-stick-meta":"","astra-migrate-meta-layouts":"set","ast-page-background-enabled":"default","ast-page-background-meta":{"desktop":{"background-color":"var(--ast-global-color-5)","background-image":"","background-repeat":"repeat","background-position":"center center","background-size":"auto","background-attachment":"scroll","background-type":"","background-media":"","overlay-type":"","overlay-color":"","overlay-opacity":"","overlay-gradient":""},"tablet":{"background-color":"","background-image":"","background-repeat":"repeat","background-position":"center center","background-size":"auto","background-attachment":"scroll","background-type":"","background-media":"","overlay-type":"","overlay-color":"","overlay-opacity":"","overlay-gradient":""},"mobile":{"background-color":"","background-image":"","background-repeat":"repeat","background-position":"center center","background-size":"auto","background-attachment":"scroll","background-type":"","background-media":"","overlay-type":"","overlay-color":"","overlay-opacity":"","overlay-gradient":""}},"ast-content-background-meta":{"desktop":{"background-color":"var(--ast-global-color-4)","background-image":"","background-repeat":"repeat","background-position":"center center","background-size":"auto","background-attachment":"scroll","background-type":"","background-media":"","overlay-type":"","overlay-color":"","overlay-opacity":"","overlay-gradient":""},"tablet":{"background-color":"var(--ast-global-color-4)","background-image":"","background-repeat":"repeat","background-position":"center center","background-size":"auto","background-attachment":"scroll","background-type":"","background-media":"","overlay-type":"","overlay-color":"","overlay-opacity":"","overlay-gradient":""},"mobile":{"background-color":"var(--ast-global-color-4)","background-image":"","background-repeat":"repeat","background-position":"center center","background-size":"auto","background-attachment":"scroll","background-type":"","background-media":"","overlay-type":"","overlay-color":"","overlay-opacity":"","overlay-gradient":""}}},"product_brand":[],"product_cat":[17,18],"product_tag":[],"class_list":{"0":"post-2158","1":"product","2":"type-product","3":"status-publish","4":"has-post-thumbnail","6":"product_cat-stainless-steel","7":"product_cat-alloy-steel","8":"desktop-align-left","9":"tablet-align-left","10":"mobile-align-left","12":"first","13":"instock","14":"shipping-taxable","15":"purchasable","16":"product-type-simple"},"_links":{"self":[{"href":"https:\/\/haoyumaterial.com\/eo\/wp-json\/wp\/v2\/product\/2158","targetHints":{"allow":["GET"]}}],"collection":[{"href":"https:\/\/haoyumaterial.com\/eo\/wp-json\/wp\/v2\/product"}],"about":[{"href":"https:\/\/haoyumaterial.com\/eo\/wp-json\/wp\/v2\/types\/product"}],"replies":[{"embeddable":true,"href":"https:\/\/haoyumaterial.com\/eo\/wp-json\/wp\/v2\/comments?post=2158"}],"wp:featuredmedia":[{"embeddable":true,"href":"https:\/\/haoyumaterial.com\/eo\/wp-json\/wp\/v2\/media\/2157"}],"wp:attachment":[{"href":"https:\/\/haoyumaterial.com\/eo\/wp-json\/wp\/v2\/media?parent=2158"}],"wp:term":[{"taxonomy":"product_brand","embeddable":true,"href":"https:\/\/haoyumaterial.com\/eo\/wp-json\/wp\/v2\/product_brand?post=2158"},{"taxonomy":"product_cat","embeddable":true,"href":"https:\/\/haoyumaterial.com\/eo\/wp-json\/wp\/v2\/product_cat?post=2158"},{"taxonomy":"product_tag","embeddable":true,"href":"https:\/\/haoyumaterial.com\/eo\/wp-json\/wp\/v2\/product_tag?post=2158"}],"curies":[{"name":"wp","href":"https:\/\/api.w.org\/{rel}","templated":true}]}}