{"id":2200,"date":"2026-04-28T17:02:17","date_gmt":"2026-04-28T09:02:17","guid":{"rendered":"https:\/\/haoyumaterial.com\/?post_type=product&#038;p=2200"},"modified":"2026-04-28T17:29:23","modified_gmt":"2026-04-28T09:29:23","slug":"319-aluminum-alloy-casting","status":"publish","type":"product","link":"https:\/\/haoyumaterial.com\/eo\/product\/319-aluminum-alloy-casting\/","title":{"rendered":"319 Alumini-alojo-kolvado: propra\u0135oj kaj aplikoj"},"content":{"rendered":"<h2>Kio estas 319 Alumini-alojo?<\/h2>\n<p>319 alumina alojo estas tre fleksebla alumina-silicio-kupro alojo, ofte rekonata pro sia aparta purgastigebleco kaj struktura enteco. Kiel fidinda provizanto de precizaj fandaj kaj ma\u015dinaj servoj por aluminiaj alojoj, ni ofte uzas 319 aluminiumon por fabrikadi kompleksajn, alt-krezajn komponentojn. \u011ci ofertas optiman ekvilibron de forto, premas-premosento, kaj produktada facileco, farante \u011dian rolon kiel fundamentan materialon en la moderna fanddomindustrio.<\/p>\n<h3>Superrigardo pri 319, SR319, kaj B319.1 variantoj<\/h3>\n<p>La 319 aluminum-familio inkluzivas kelkajn specifajn variantojn, \u0109iu adaptita por kontentigi apartajn fabrikadajn kaj featuring postulojn:<\/p>\n<ul>\n<li><strong>Norma 319:<\/strong> La bazo alojo, provizante elstaran \u011deneralan muldeblecon kaj fidindan mekanikan forton.<\/li>\n<li><strong>SR319 (Stronti-modifita):<\/strong> Tiu \u0109i varianto estas modifita per strontio por rafini la silicio-mikrostrukturon. Tiu grava modifo signife plibonigas la duktecon, fortikecon, kaj \u011deneralan mekanikan rendimenton de la alojo.<\/li>\n<li><strong>B319.1:<\/strong> Specifa industria difino kiu devigas pli striktajn kontrolojn pri kemiaj malpurecoj. Tio certigas tre konsekvan rimarkeblan rendimenton, precipe en postulemaj, alta-streso komercaj aplikoj.<\/li>\n<\/ul>\n<h3>\u011ceneralaj trajtoj kaj ma\u015dinebleco<\/h3>\n<p>La 319 alumina alojo-fando estas konata pro sia tre favoraj fabrikaj trajtoj, liverante superan rendimenton tra pluraj \u0109efaj operaciaj areoj:<\/p>\n<ul>\n<li><strong>Elstara Moldeblo:<\/strong> La alojo restas tre likva en sia molinta stato, ebligante la kreadon de kompleksaj desegnoj, komplikaj geometrioj, kaj malalt-muroaj segmento sen kompremi la strukturajn memorojn.<\/li>\n<li><strong>Supera Ma\u015dinadebleco:<\/strong> La strategia aldono de kupro signife plibonigas \u011dian ma\u015dineblecon. Elementoj fanditaj el 319 aluminio ebligas precizan mueladon, a\u016dtado, kaj turnadon, konstante liverante elstare carpistrajn surfajn finojn.<\/li>\n<li><strong>Fidinda korozio-resisto:<\/strong> Malgra\u016d la enhavo de kupro, 319 aluminia konservas bonan korozio-resiston, farante \u011din tre ta\u016dga por normaj a\u016dtindustriaj kaj industriaj medioj.<\/li>\n<li><strong>Strong Weldability:<\/strong> La alojo montras tre fidindan ligojn-pecojn, farante \u011din ideala elekto por kompleksaj asamblajoj postfor\u011ditaj modifikoj a\u016d riparoj.<\/li>\n<\/ul>\n<h2>Chemical Composition of 319 Aluminum<\/h2>\n<p><img decoding=\"async\" src=\"https:\/\/haoyumaterial.com\/wp-content\/uploads\/2026\/04\/319_Aluminum_Alloy_Chemical_Composition_Details_4B.webp\" alt=\"Kemia enhavo de 319 aluminiomalojo\" \/><\/p>\n<p>La efikeco de iu ajn <strong>319 aluminio alojo for\u011dado<\/strong> komencas kun \u011dia kemio. Ni zorgeme kontrolas la ekvilibron de sileco kaj kupro por certigi ke la materialo fluas perfekte en moldoj dum konservante la strukturan integrecon postulatan por pezobjektoj a\u016d pezaj partoj. \u0108i tiu specifa <strong>319 aluminio alojo enhavo<\/strong> tio faras \u011din \u201claborulon\u201d en la fandado-industrio, ofertante mezan punkton inter la alta fluado de 380 kaj la alta forto de 356 alojoj.<\/p>\n<h3>Primaraj aligaj elementoj<\/h3>\n<p>La du pezoj en 319 aluminio estas <strong>Silicio<\/strong> kaj <strong>Kupro<\/strong>. \u0108i tiujElementoj diktas kiel la metalo kondutas amba\u016d en la forno kaj en la fini\u011dinta produkto:<\/p>\n<ul>\n<li><strong>Silico (5.5% \u2013 7.0%):<\/strong> Tio estas la sekreto al la bonega lad\u011de estejo de la alojo. \u011ci malaltigas la fuzigpunkton kaj plialtigas la fluon, permesante al ni muldi kompleksajn formojn sen zorgi pri rompi\u011doj a\u016d misforantoj.<\/li>\n<li><strong>Kupro (3.0% \u2013 4.0%):<\/strong> Kupro estas la primara fortigilo. \u011ci \u015dan\u011das la alojon responde al varmtraktado, signife plibonigante \u011dian hardon kaj tavolan forton.<\/li>\n<li><strong>Aluminio (Plena resto):<\/strong> La bazo metalaro, kiu provizas la pez- malpezajn trajtojn esencajn por moderna in\u011denierado.<\/li>\n<\/ul>\n<p>\u0108ar \u0109i tiuj fanditaj eroj ofte postulas striktajn tolerancojn, ni ofte sekvas la procezon de fando kun nia <a href=\"https:\/\/haoyumaterial.com\/eo\/online-cnc-service-for-precision-parts-and-instant-quotes\/\">reta CNC-servo por precizaj partoj kaj tujaj citoj<\/a> por certigi ke \u0109iu dimensio plene kongruas kun viaj \u011dustaj specifoj.<\/p>\n<h3>Spuroj de Elementoj kaj Limoj<\/h3>\n<p>Dum silicio kaj kupro faras la pezajn laborojn, triaj elementoj devas esti strikt-de kontrolitaj por eviti fragilajn partojn a\u016d malbonajn surfacajn finadojn. Niaj <strong>kemia komponado<\/strong> normoj tenas \u0109i tiujn elementojn ene de striktaj marginoj:<\/p>\n<table>\n<thead>\n<tr>\n<th style=\"text-align: left;\">Elemento<\/th>\n<th style=\"text-align: left;\">Maksimuma limo (%)<\/th>\n<th style=\"text-align: left;\">Rolo\/impacto<\/th>\n<\/tr>\n<\/thead>\n<tbody>\n<tr>\n<td style=\"text-align: left;\"><strong>Ferro (Fe)<\/strong><\/td>\n<td style=\"text-align: left;\">1.0%<\/td>\n<td style=\"text-align: left;\">Altaj niveloj povas konduki al fragileco; ni tenas tion malalta por pli bona ductileco.<\/td>\n<\/tr>\n<tr>\n<td style=\"text-align: left;\"><strong>Magnesio (Mg)<\/strong><\/td>\n<td style=\"text-align: left;\">0.10% \u2013 0.50%<\/td>\n<td style=\"text-align: left;\">Pliigas forton sed povas redukti ductilecon se ne egalibligas.<\/td>\n<\/tr>\n<tr>\n<td style=\"text-align: left;\"><strong>Zinko (Zn)<\/strong><\/td>\n<td style=\"text-align: left;\">1.0%<\/td>\n<td style=\"text-align: left;\">\u011cenerale restanta elemento kun minimuma efiko \u0109e \u0109i tiuj niveloj.<\/td>\n<\/tr>\n<tr>\n<td style=\"text-align: left;\"><strong>Mangano (Mn)<\/strong><\/td>\n<td style=\"text-align: left;\">0.50%<\/td>\n<td style=\"text-align: left;\">Helpas modi la feran strukturon por plibonigi mekanikajn propra\u0135ojn.<\/td>\n<\/tr>\n<tr>\n<td style=\"text-align: left;\"><strong>Titanio (Ti)<\/strong><\/td>\n<td style=\"text-align: left;\">0.25%<\/td>\n<td style=\"text-align: left;\">Ago kiel greno-refinilo por pli tabela interna strukturo.<\/td>\n<\/tr>\n<\/tbody>\n<\/table>\n<p>Per konservado de \u0109i tiu preciza kemia balansado, ni certigas ke \u0109iu <strong>319 aluminio alojo for\u011dado<\/strong> donas la fidindon kaj da\u016dripovon, kiun niaj klientoj atendas por industria kaj a\u016dt- aplikoj.<\/p>\n<h2>Mekanikaj kaj fizikaj propra\u0135oj<\/h2>\n<p>La rendimento de <strong>319 aluminio alojo for\u011dado<\/strong> zhin dependas tre de la varmtraktado procedo. Ni trovas ke \u0109i tiu alojo ofertas flekseblan gamon de fortoj, kio faras \u011din ta\u016dga por amba\u016d strukturaj kaj premsistecoj. \u0108u en la a\u0109itkaste (F), T5, a\u016d T6 temperado, la mekanika integreco restas fidinda por postulemaj industriaj medioj.<\/p>\n<h3>Tipaj mekanikaj propra\u0135oj<\/h3>\n<p>Kiam ni taksas la <a href=\"https:\/\/haoyumaterial.com\/eo\/aluminum-grade-for-casting\/\">aluminia grado por fandado<\/a>, 319 elstari\u011das pro sia ekvilibrigita fendforto kaj duro. La T6 varmtraktado estas aparte efika por plibonigi la vendita forton kaj \u011deneralan longda\u016drecon de la finita parto.<\/p>\n<ul>\n<li><strong>Tensila Forto:<\/strong> 185 \u2013 250 MPa (27 \u2013 36 ksi)<\/li>\n<li><strong>Elasta Forto:<\/strong> 125 \u2013 185 MPa (18 \u2013 27 ksi)<\/li>\n<li><strong>Etendi\u011do:<\/strong> 1.5% \u2013 3.0% en 50mm<\/li>\n<li><strong>Hardeco (Brinell):<\/strong> 70 \u2013 95 HB<\/li>\n<li><strong>\u015car\u011da Forto:<\/strong> 150 \u2013 200 MPa<\/li>\n<\/ul>\n<h3>\u0108efaj fizikaj propra\u0135oj<\/h3>\n<p>La fizikaj propra\u0135oj de 319 aluminio certigas ke \u011di efike traktu malvarmajn\/tortajn streso-ajn. Lia alta termika kondukteco estas grava kialo kial \u011di estas preferata por motoraj komponantoj kiuj bezonas rapide disipadi varmegon. Plue, sia bonega <strong>malfermitemapetebleco<\/strong> permesas al ni produkti <a href=\"https:\/\/haoyumaterial.com\/eo\/product\/precise-cast-prototype-and-engineering-services-with-rapid-delivery\/\">precizan \u015dtonan prototipon<\/a> komponantojn kun komplekso geometra\u0135oj sen kompromiti materialan densecon.<\/p>\n<table>\n<thead>\n<tr>\n<th style=\"text-align: left;\">Propra\u0135o<\/th>\n<th style=\"text-align: left;\">Valoro<\/th>\n<\/tr>\n<\/thead>\n<tbody>\n<tr>\n<td style=\"text-align: left;\"><strong>Denseco<\/strong><\/td>\n<td style=\"text-align: left;\">2.79 g\/cm\u00b3 (0.101 lb\/in\u00b3)<\/td>\n<\/tr>\n<tr>\n<td style=\"text-align: left;\"><strong>Fandad-Rango<\/strong><\/td>\n<td style=\"text-align: left;\">515\u00b0C \u2013 605\u00b0C (960\u00b0F \u2013 1120\u00b0F)<\/td>\n<\/tr>\n<tr>\n<td style=\"text-align: left;\"><strong>Termika Kondukteco<\/strong><\/td>\n<td style=\"text-align: left;\">109 W\/m\u00b7K<\/td>\n<\/tr>\n<tr>\n<td style=\"text-align: left;\"><strong>Elektrika Konduktebleco<\/strong><\/td>\n<td style=\"text-align: left;\">27% IACS<\/td>\n<\/tr>\n<tr>\n<td style=\"text-align: left;\"><strong>Koeficiento de termika eta\u011digo<\/strong><\/td>\n<td style=\"text-align: left;\">23.0 \u00b5m\/m\u00b7K<\/td>\n<\/tr>\n<\/tbody>\n<\/table>\n<p>Ni prioritatas tiujn <strong>mekanikaj ecoj<\/strong> kaj <strong>fisikaj propra\u0135oj<\/strong> dume la produktada fazo por certigi ke \u0109iu vitro\u0135o plenumas la specifajn \u015dar\u011d-boneajn kaj termikajn postulojn de via projekto.<\/p>\n<h2>319 aluminio formado-procezoj<\/h2>\n<p>Ni fidas pri 319 aluminio aloio formado \u0109ar \u011di ofertas perfektan enkanon de fluida fluado kaj struktura integreco. \u0108i tiu aloio estas speciale desegnita por trakti kompleksajn muld-\u0135onojn, makinante \u011din aliro por niaj alt-efikaj produktaj pa\u015doj. \u0108u ni laboras pri dika\u0135aj sekcioj a\u016d intrikataj internaj geometrioj, la \u201celformi\u011debleco\u201d de 319 certigas fidindan rezulton \u0109iam.<\/p>\n<h3>319 Aluminia sabla formado<\/h3>\n<p>Sanda \u015dvilleto estas la plej ofta metodo uzata por tiu alojo. \u011ci estas treefika por produkti mezo- \u011dis grandaj komponentoj kie kost-evoluo kaj desegn-dan\u011deblo estas prioritatitaj.<\/p>\n<ul>\n<li><strong>Elstara Fluideco:<\/strong> La silici-koncentri\u011do ebligas al la likva metalo plenigi la \u015dtimpan \u015dtofajn malplenojn tute sen frua frosta\u0135o.<\/li>\n<li><strong>Dezajno Libereco:<\/strong> Ni povas krei kompleksajn internajn kernojn kiuj estus malfacile a\u016d neeble kun aliaj metodoj.<\/li>\n<li><strong>Skalebleco:<\/strong> \u0108i tiu procezo funkcias same bone por unu prototipo kiel por milpeca produktado.<\/li>\n<\/ul>\n<p>Dum sabla formado estas baza, nia teamo anka\u016d elstaras en <a href=\"https:\/\/haoyumaterial.com\/eo\/product\/aluminum-investment-casting\/\">alumina investa fandado<\/a> kaj en permanentaj muldaj procezoj por plenumi specifajn surfagon-surbire kaj tolerancajn postulojn.<\/p>\n<h3>Solidigo kaj porozeco-kontrolo<\/h3>\n<p>La kvalito de 319 aluminia fandita\u0135o estas determinita dum la malvarmigo-fazo. \u0108ar \u0109i tiu alojo enhavas kupiron, \u011di estas aparte zorga pri interna porozeco se la solidig- procezo ne estas administrita kun precizeco. Ni uzas kelkajn \u015dlosilajn teknikojn por certigi densan, malaltfortan parton:<\/p>\n<ul>\n<li><strong>Degaza\u0135aj Proceduroj:<\/strong> Ni aktive forigas hidrogenon el la falo por elimini gasan porozecon anta\u016d ver\u015dado.<\/li>\n<li><strong>Regulata Malvarmigo:<\/strong> Uzante strategiajn malvarmigilojn kaj riserojn, ni direktas la solidiganta vojon por preventi \u015drumpi\u011don en kritikaj areoj.<\/li>\n<li><strong>Mikrostruktur- refinejo:<\/strong> Ni aldonas grafenajn refinerojn al la falo por plibonigi la konstantigon de la metalo kaj \u011dian \u011deneralan mekanikan forton.<\/li>\n<li><strong>Termika Analizo:<\/strong> Muntado pri la temperaturo dum la ver\u015dado certigas ke la metalo restu ene de la optimuma intervalo por maksimuma premdika konservado.<\/li>\n<\/ul>\n<h2>Tipaj Apliki\u011doj de 319 Aluminiaj Fanditaj\u0135o<\/h2>\n<p><img decoding=\"async\" src=\"https:\/\/haoyumaterial.com\/wp-content\/uploads\/2026\/04\/319_Aluminum_Casting_Applications_IWORzR30L.webp\" alt=\"Aplika\u0135oj de 319 aluminiocastado\" \/><\/p>\n<p>Fandita\u0135o de 319 alumini-alojo estas baza parto de nia produktlinio \u0109ar \u011di atingas la dol\u0109an punkton inter prezo kaj agado. \u011cia elstara fluikeco kaj premdika konservado igas \u011din la \u0109efa elekto por kompleksaj partoj kiuj bezonas falu-malferman kaj da\u016dran.<\/p>\n<h3>A\u016dtomobilaj kaj Motorkomponejoj<\/h3>\n<p>La a\u016dtomobila sektoro estas la plej granda konsumanto de 319 aluminio. Ni fidas je \u0109i tiu alojo por partoj kiuj devas elteni termikan ciklingon kaj mekanikan streson. \u011cia alta silicio kaj kupira enhavo provizas la bezonan ver\u015deblon por formi maldikan-muran, kompleksajn motoro-partojn.<\/p>\n<ul>\n<li><strong>Motorkolj-kovraj:<\/strong> 319 estas la industrio-stando por cilindrokovroj pro \u011dia elstara termika konduktivo kaj forto \u0109e altaj temperaturoj.<\/li>\n<li><strong>Motoro-Blokoj:<\/strong> Uzata vaste en amba\u016d benzino- kaj diesel-motoroj pro \u011dia ekvilibro de pezo kaj da\u016dro.<\/li>\n<li><strong>Inhalaj manifoldoj:<\/strong> La fluideco de la alojo ebligas la kreon de glataj, kompleksaj internaj vojetoj postularitaj por optimuma aeroakso.<\/li>\n<li><strong>Transmisio-Kapsikoj:<\/strong> Provizas rigidan, novigi\u011dantan \u015delon kiu protektas internajn radojn dum efike disipas varmon.<\/li>\n<\/ul>\n<h3>Industriaj kaj Komercaj Uzadoj<\/h3>\n<p>For de la a\u016dtomobila mondo, la 319 aluminio estas universala laborofero por \u011denerala in\u011denierado. Kiam ni konscias pri <a href=\"https:\/\/haoyumaterial.com\/eo\/casting-alloy-guide-types-properties-applications-and-selection\/\">\u015ctofa aloja gvidilo<\/a> por trovi materialon kiu trovi\u011das inter malfacilebla ma\u015dinebleco kaj struktura integreco, 319 ofte estas la \u0109efa rekomendo por industriaj \u015dra\u016dboj.<\/p>\n<ul>\n<li><strong>Pumpaj kaj Valvaj Korpoj:<\/strong> \u011cia natura premtotaksado faras \u011din Ideala por fluido-traktaj komponantoj kiuj ne rajtas suferi elfluojn.<\/li>\n<li><strong>Gasaj Metroraj kaj Reguligistoj:<\/strong> Uzata en publikaj komponentoj kie dimensia stabileco kaj malmolda koroda rezisto estas posturitaj.<\/li>\n<li><strong>Pezaj Iloj-Montroj:<\/strong> Provizas la bezonatan <a href=\"https:\/\/haoyumaterial.com\/eo\/yield-strength-aluminium\/\">elasta forto<\/a> por subteni pezajn \u015dar\u011dojn en konstrua\u0135oj kaj agrikulturaj ma\u015dinoj.<\/li>\n<li><strong>Komercaj Kusina\u0135oj:<\/strong> Trovi\u011das en pezobovaj kuirejebaroj kaj industriaj kuiraj ekipa\u0135oj \u0109ar \u011di egale disigas la varmegon kaj rezistas mallar\u011decon.<\/li>\n<li><strong>Elektraj Kazo-\u015dosoj:<\/strong> Protektas delikatajn elektronika\u0135ojn en malfermitaj medioj dum restas facila por ma\u015dinumi por precizaj kunordigoj.<\/li>\n<\/ul>\n<h2>Elekti 319 Alloy-Otskalkadservon<\/h2>\n<p>Ni estas kompanio kiu provizas precizan gastado kaj ma\u015dinadon por aluminioj alojoj, kaj ni konas el si mem ke elekto de \u011dusta produktada partnero igas a\u016d malkovas vian projekton. Produktado de altkvalitaj 319 aluminiaj aloaj elementoj postulas specifan sperton, progresintajn aparatojn, kaj striktan kvalitan kontrolon por certigi ke la fina\u0135oj plenumas viajn precizajn specifojn.<\/p>\n<h3>Evaluante Foundry Atingeblecojn<\/h3>\n<p>Kiam vi taksas eblan fabrikadan partneron, vi bezonas ezen fabrikadon kiu profunde komprenas la unikajn kartikecon de \u0109i tiu materialo. La \u011dusta fandado-fabriko devas esti plene ekipita por trakti kompleksajn asociaj 319 aluminio alojo miksmalferajn aplikojn dum plene konservante konsekvencan kvaliton trans \u015dmigoj.<\/p>\n<p>Jen kion vi devus taksi kiam elektas fandadon:<\/p>\n<ul>\n<li><strong>Te\u0125nika Ekspertizo:<\/strong> La teamo devas kompreni la specifan kemian kompoon kaj malvarmiga\u0135oj de 319 aluminio por efike mastrumi mikso-kreskon kaj porozecon.<\/li>\n<li><strong>Kovrata Infrastrukturo:<\/strong> Ser\u0109u anta\u016dajn <a href=\"https:\/\/haoyumaterial.com\/eo\/product\/foundry-aluminum-casting\/\" target=\"_blank\" rel=\"noopener noreferrer\">fandado de aluminio<\/a> kapablojn kiuj inkluzivas amba\u016d krudan \u015dmion kaj sekundaran ma\u015dinadon sub unu tegmento.<\/li>\n<li><strong>Kvalita Kontrolo:<\/strong> Certi\u011du, ke ili havas striktajn testajn protokolojn por konfirmi la mekanikajn propra\u0135ojn, fizikajn propra\u0135ojn, kaj \u011deneralan strukturajn integrecon de la \u0135etitaj partoj.<\/li>\n<li><strong>Industria Sperto:<\/strong> Provetita registro en via specifa industrio certigas ke ili komprenas la bezonatan korodintermiksi\u011don kaj rendimentajn normojn por via fina medio.<\/li>\n<\/ul>\n<h3>Petante Personigan \u011custigadon-Kutimadon<\/h3>\n<p>Bona kaj \u011dusta taksko postulas klaran komunikadon kaj detalajn projekto-specifikojn. Kiam vi estas pretas pluen movi, Provizi ampleksajn informojn anta\u016de helpas nin in\u011denierigi la plej multekostan produktan strategion por viaj \u011dustaj partoj.<\/p>\n<p>Por certigi glatan cita-procezon, \u0109iam inkluzu la jenajn detalojn:<\/p>\n<ul>\n<li><strong>Detalaj CAD-Dosieroj:<\/strong> Submitu kompletajn 3D-modelojn kaj 2D-desajnojn kun klare difinitaj tolerancoj kaj kritikaj dimensioj.<\/li>\n<li><strong>Produktadaj Volumoj:<\/strong> Specifu viajn atendatajn mendo- kvantojn, \u0109u vi bezonas mallongan prototipa\u0135an amason a\u016d alt-voluman konstantan produkton.<\/li>\n<li><strong>Aplika Konteksto:<\/strong> Dividu kiel kaj kie la parto estos uzata por ke ni konsideru necesajn \u015dar\u011dan konsekvencojn a\u016d medioj vundoj.<\/li>\n<li><strong>Sekundaraj Operacioj:<\/strong> Klarigu klare iujn postprocezajn pa\u015dojn, kiel specifaj varm-traktadoj, CNC-machinado a\u016d specialigitaj surfacaj finitajoj.<\/li>\n<\/ul>","protected":false},"excerpt":{"rendered":"<p>319 alumina alojo-kolvadmanlibro kovras composedon, propra\u0135ojn, kolvadprocedurojn, aplikojn kaj elekti\u011dantajn \u011dustan fanddoman servon<\/p>","protected":false},"featured_media":2197,"comment_status":"open","ping_status":"closed","template":"","meta":{"site-sidebar-layout":"default","site-content-layout":"","ast-site-content-layout":"default","site-content-style":"default","site-sidebar-style":"default","ast-global-header-display":"","ast-banner-title-visibility":"","ast-main-header-display":"","ast-hfb-above-header-display":"","ast-hfb-below-header-display":"","ast-hfb-mobile-header-display":"","site-post-title":"","ast-breadcrumbs-content":"","ast-featured-img":"","footer-sml-layout":"","ast-disable-related-posts":"","theme-transparent-header-meta":"default","adv-header-id-meta":"","stick-header-meta":"","header-above-stick-meta":"","header-main-stick-meta":"","header-below-stick-meta":"","astra-migrate-meta-layouts":"set","ast-page-background-enabled":"default","ast-page-background-meta":{"desktop":{"background-color":"var(--ast-global-color-5)","background-image":"","background-repeat":"repeat","background-position":"center center","background-size":"auto","background-attachment":"scroll","background-type":"","background-media":"","overlay-type":"","overlay-color":"","overlay-opacity":"","overlay-gradient":""},"tablet":{"background-color":"","background-image":"","background-repeat":"repeat","background-position":"center center","background-size":"auto","background-attachment":"scroll","background-type":"","background-media":"","overlay-type":"","overlay-color":"","overlay-opacity":"","overlay-gradient":""},"mobile":{"background-color":"","background-image":"","background-repeat":"repeat","background-position":"center center","background-size":"auto","background-attachment":"scroll","background-type":"","background-media":"","overlay-type":"","overlay-color":"","overlay-opacity":"","overlay-gradient":""}},"ast-content-background-meta":{"desktop":{"background-color":"var(--ast-global-color-4)","background-image":"","background-repeat":"repeat","background-position":"center center","background-size":"auto","background-attachment":"scroll","background-type":"","background-media":"","overlay-type":"","overlay-color":"","overlay-opacity":"","overlay-gradient":""},"tablet":{"background-color":"var(--ast-global-color-4)","background-image":"","background-repeat":"repeat","background-position":"center center","background-size":"auto","background-attachment":"scroll","background-type":"","background-media":"","overlay-type":"","overlay-color":"","overlay-opacity":"","overlay-gradient":""},"mobile":{"background-color":"var(--ast-global-color-4)","background-image":"","background-repeat":"repeat","background-position":"center center","background-size":"auto","background-attachment":"scroll","background-type":"","background-media":"","overlay-type":"","overlay-color":"","overlay-opacity":"","overlay-gradient":""}}},"product_brand":[],"product_cat":[21],"product_tag":[],"class_list":{"0":"post-2200","1":"product","2":"type-product","3":"status-publish","4":"has-post-thumbnail","6":"product_cat-aluminum-alloy","7":"desktop-align-left","8":"tablet-align-left","9":"mobile-align-left","11":"first","12":"instock","13":"shipping-taxable","14":"purchasable","15":"product-type-simple"},"_links":{"self":[{"href":"https:\/\/haoyumaterial.com\/eo\/wp-json\/wp\/v2\/product\/2200","targetHints":{"allow":["GET"]}}],"collection":[{"href":"https:\/\/haoyumaterial.com\/eo\/wp-json\/wp\/v2\/product"}],"about":[{"href":"https:\/\/haoyumaterial.com\/eo\/wp-json\/wp\/v2\/types\/product"}],"replies":[{"embeddable":true,"href":"https:\/\/haoyumaterial.com\/eo\/wp-json\/wp\/v2\/comments?post=2200"}],"wp:featuredmedia":[{"embeddable":true,"href":"https:\/\/haoyumaterial.com\/eo\/wp-json\/wp\/v2\/media\/2197"}],"wp:attachment":[{"href":"https:\/\/haoyumaterial.com\/eo\/wp-json\/wp\/v2\/media?parent=2200"}],"wp:term":[{"taxonomy":"product_brand","embeddable":true,"href":"https:\/\/haoyumaterial.com\/eo\/wp-json\/wp\/v2\/product_brand?post=2200"},{"taxonomy":"product_cat","embeddable":true,"href":"https:\/\/haoyumaterial.com\/eo\/wp-json\/wp\/v2\/product_cat?post=2200"},{"taxonomy":"product_tag","embeddable":true,"href":"https:\/\/haoyumaterial.com\/eo\/wp-json\/wp\/v2\/product_tag?post=2200"}],"curies":[{"name":"wp","href":"https:\/\/api.w.org\/{rel}","templated":true}]}}