{"id":1698,"date":"2026-02-08T08:48:51","date_gmt":"2026-02-08T00:48:51","guid":{"rendered":"https:\/\/haoyumaterial.com\/?post_type=product&#038;p=1698"},"modified":"2026-02-08T08:49:51","modified_gmt":"2026-02-08T00:49:51","slug":"brass-alloy-copper-sheets-strips-rods-custom-sizes-vastmaterial","status":"publish","type":"product","link":"https:\/\/haoyumaterial.com\/fr\/product\/brass-alloy-copper-sheets-strips-rods-custom-sizes-vastmaterial\/","title":{"rendered":"Plaques, bandes et rods en alliage de cuivre en laiton, tailles personnalis\u00e9es, Vastmaterial"},"content":{"rendered":"<p>Plaques, bandes et rods en alliage de cuivre en laiton de haute pr\u00e9cision, en C2600, C2680, C3604, tailles personnalis\u00e9es, conforme \u00e0 la norme RoHS.<\/p>\n<h2>La polyvalence des alliages de cuivre-zinc<\/h2>\n<p>Lorsque vous avez besoin d'un mat\u00e9riau qui fait le lien entre haute conductivit\u00e9 et durabilit\u00e9 structurelle,\u00a0<strong>alliage de cuivre en laiton<\/strong>\u00a0est le choix num\u00e9ro un. En tant qu'alliage de\u00a0<strong>cuivre-zinc<\/strong>, le laiton offre une combinaison unique de propri\u00e9t\u00e9s acoustiques, de r\u00e9sistance \u00e0 la corrosion et de machinabilit\u00e9 que le cuivre pur ne peut tout simplement pas \u00e9galer. Nous traitons le laiton non seulement comme une marchandise, mais comme un mat\u00e9riau con\u00e7u pour des performances industrielles rigoureuses.<\/p>\n<h3>La norme Vastmaterial en traitement<\/h3>\n<p>Nous ne fournissons pas seulement du m\u00e9tal ; nous le raffinons. Notre ligne de production utilise une technologie de laminage de haute pr\u00e9cision avanc\u00e9e pour garantir que chaque\u00a0<strong>feuille de laiton lamin\u00e9e \u00e0 froid<\/strong>\u00a0r\u00e9pond aux sp\u00e9cifications exactes. En contr\u00f4lant la structure du grain et la finition de surface lors du processus de laminage, nous livrons un mat\u00e9riau qui performe de mani\u00e8re coh\u00e9rente lors du poin\u00e7onnage, de la gravure ou de l'usinage.<\/p>\n<h3>Formes disponibles pour chaque application<\/h3>\n<p>En tant que\u00a0<strong>fournisseur de bandes de laiton<\/strong>, nous maintenons un inventaire polyvalent pour r\u00e9pondre \u00e0 divers besoins de fabrication. Nos capacit\u00e9s nous permettent de fournir :<\/p>\n<ul>\n<li><strong>Feuille de laiton de pr\u00e9cision :<\/strong>\u00a0Jauges ultra-fins pour l'\u00e9lectronique et la protection.<\/li>\n<li><strong>Stock de bobines en laiton :<\/strong>\u00a0Longueurs continues id\u00e9ales pour le poin\u00e7onnage automatis\u00e9 \u00e0 haut volume.<\/li>\n<li><strong>Feuilles et plaques :<\/strong>\u00a0Stock plat et durable pour les composants architecturaux et structurels.<\/li>\n<li><strong>Rods &amp; Barres :<\/strong>\u00a0Grades \u00e0 haute machinabilit\u00e9 pour les op\u00e9rations de tournage et de fraisage.<\/li>\n<\/ul>\n<h2>Sp\u00e9cifications techniques et grades disponibles<\/h2>\n<p><img decoding=\"async\" src=\"https:\/\/haoyumaterial.com\/wp-content\/uploads\/2026\/02\/brass_alloy_copper_temper_hardness_grades_KejuveBb.webp\" alt=\"Grades de duret\u00e9 de la trempe du cuivre de l&#039;alliage de laiton\" \/><\/p>\n<p>Lors de l'approvisionnement\u00a0<strong>alliage de cuivre en laiton<\/strong>, choisir la composition chimique correcte et l'\u00e9tat m\u00e9canique est crucial pour la r\u00e9ussite de la fabrication. Nous fournissons des mat\u00e9riaux qui respectent strictement les normes internationales, y compris\u00a0<strong>laiton ASTM B36<\/strong>, garantissant la coh\u00e9rence pour tout, de la frappe g\u00e9n\u00e9rale \u00e0\u00a0<strong><a href=\"https:\/\/haoyumaterial.com\/fr\/aerospace-casting-manufacturer-for-high-performance-alloy-components\/\">des composants en alliage haute performance<\/a><\/strong>.<\/p>\n<h3>Grades de laiton courants<\/h3>\n<p>Nous stockons une vari\u00e9t\u00e9 de grades pour r\u00e9pondre \u00e0 des besoins industriels sp\u00e9cifiques. Voici les sp\u00e9cifications les plus demand\u00e9es :<\/p>\n<div class=\"table-responsive\">\n<table class=\"table\">\n<thead>\n<tr>\n<th>Classe<\/th>\n<th>Nom commun<\/th>\n<th>Caract\u00e9ristiques cl\u00e9s<\/th>\n<\/tr>\n<\/thead>\n<tbody>\n<tr>\n<td><strong>C2600<\/strong><\/td>\n<td><strong>Laiton pour cartouche<\/strong><\/td>\n<td>Haute ductilit\u00e9 et excellente aptitude au travail \u00e0 froid ; id\u00e9al pour le tirage profond et la mise en forme.<\/td>\n<\/tr>\n<tr>\n<td><strong>C2680<\/strong><\/td>\n<td><strong>Laiton Jaune<\/strong><\/td>\n<td>Polyvalent\u00a0<strong>cuivre-zinc<\/strong>\u00a0offrant un \u00e9quilibre entre r\u00e9sistance et r\u00e9sistance \u00e0 la corrosion.<\/td>\n<\/tr>\n<tr>\n<td><strong>C3604<\/strong><\/td>\n<td>Laiton \u00e0 usinage libre<\/td>\n<td>Contient du plomb pour une meilleure machinabilit\u00e9 ; parfait pour les pi\u00e8ces de machines \u00e0 vis de pr\u00e9cision.<\/td>\n<\/tr>\n<\/tbody>\n<\/table>\n<\/div>\n<h3>Taille et dimensions<\/h3>\n<p>En tant que\u00a0<strong>fournisseur de bandes de laiton<\/strong>, nous personnalisons les propri\u00e9t\u00e9s physiques et les dimensions de notre mat\u00e9riau pour s'adapter \u00e0 votre ligne de production :<\/p>\n<ul>\n<li><strong>Plage de temp\u00e9rature :<\/strong>\u00a0Notre\u00a0<strong>feuille de laiton lamin\u00e9e \u00e0 froid<\/strong>\u00a0et la bande sont disponibles dans des temp\u00e9raments allant de Tremp\u00e9 (O) pour une formabilit\u00e9 maximale \u00e0 Durci Printemps (H04) pour des applications n\u00e9cessitant une grande \u00e9lasticit\u00e9.<\/li>\n<li><strong>D\u00e9coupe de pr\u00e9cision :<\/strong>\u00a0Nous traitons\u00a0<strong>bobines de cuivre<\/strong>\u00a0avec des tol\u00e9rances strictes. que vous ayez besoin de feuilles \u00e9paisses ou\u00a0<strong>feuille de cuivre de pr\u00e9cision<\/strong>, nous proposons une d\u00e9coupe sur mesure selon vos exigences de largeur exactes.<\/li>\n<\/ul>\n<h2>Propri\u00e9t\u00e9s cl\u00e9s de nos alliages de cuivre et de laiton<\/h2>\n<p><img decoding=\"async\" src=\"https:\/\/haoyumaterial.com\/wp-content\/uploads\/2026\/02\/Brass_Copper_Alloy_Properties_and_Performance_Anal.webp\" alt=\"Propri\u00e9t\u00e9s et analyse de performance de l&#039;alliage de cuivre de laiton\" \/><\/p>\n<p>Le laiton n\u2019est pas seulement du cuivre de couleur or ; c\u2019est une centrale \u00e9lectrique\u00a0<strong>cuivre-zinc<\/strong>\u00a0con\u00e7ue pour la performance industrielle. En contr\u00f4lant strictement la teneur en zinc, nous ajustons le mat\u00e9riau pour atteindre des points pr\u00e9cis entre ductilit\u00e9, r\u00e9sistance et durabilit\u00e9.<\/p>\n<h3>R\u00e9sistance m\u00e9canique et int\u00e9grit\u00e9 structurelle<\/h3>\n<p>Contrairement au cuivre pur doux,\u00a0<strong>les propri\u00e9t\u00e9s m\u00e9caniques du laiton<\/strong>\u00a0sont suffisamment robustes pour des applications portantes. L\u2019ajout de zinc augmente consid\u00e9rablement la r\u00e9sistance \u00e0 la traction et la duret\u00e9.<\/p>\n<ul>\n<li><strong>Laiton alpha:<\/strong>\u00a0Une teneur en zinc plus faible (jusqu'\u00e0 35%) garantit une excellente ductilit\u00e9 \u00e0 froid, parfaite pour le tirage et l'emboutissage.<\/li>\n<li><strong>Laiton Alpha-Beta :<\/strong>\u00a0Une teneur en zinc plus \u00e9lev\u00e9e cr\u00e9e une structure plus dure, id\u00e9ale pour le travail \u00e0 chaud et les composants structurels n\u00e9cessitant une r\u00e9sistance \u00e0 la traction plus \u00e9lev\u00e9e.<\/li>\n<\/ul>\n<h3>Excellente maniabilit\u00e9 et usinabilit\u00e9<\/h3>\n<p>L'un des plus grands avantages de\u00a0<strong>alliage de cuivre en laiton<\/strong>\u00a0est sa facilit\u00e9 de fabrication. Il supporte un travail \u00e0 froid intensif, le formage et le tirage profond sans fissures. Pour les fabricants produisant des pi\u00e8ces complexes, nos alliages sont optimis\u00e9s pour des services d'usinage de haute vitesse\u00a0<a href=\"https:\/\/haoyumaterial.com\/fr\/product\/knuckle-dusters-brass-machining-service\/\">usinage de laiton<\/a>, produisant des copeaux propres et des finitions de surface lisses qui prolongent la dur\u00e9e de vie des outils.<\/p>\n<h3>R\u00e9sistance \u00e0 la corrosion &amp; Conductivit\u00e9<\/h3>\n<p>Alors que le cuivre pur est le roi de la conductivit\u00e9, le laiton trouve un \u00e9quilibre critique pour une utilisation pratique. Il maintient une conductivit\u00e9 \u00e9lectrique et thermique suffisante pour les connecteurs, les terminaux et les noyaux de radiateur tout en offrant une durabilit\u00e9 physique nettement meilleure. Notre\u00a0<strong>laiton r\u00e9sistant \u00e0 la corrosion<\/strong>\u00a0les grades sont sp\u00e9cialement trait\u00e9s pour r\u00e9sister aux environnements humides et aux atmosph\u00e8res marines, emp\u00eachant la d\u00e9gradation rapide qui affecte souvent d'autres m\u00e9taux.<\/p>\n<h2>Applications industrielles pour les alliages de laiton<\/h2>\n<p>Nous concevons nos\u00a0<strong>alliage de cuivre en laiton<\/strong>\u00a0produits pour r\u00e9pondre aux exigences rigoureuses des diverses industries fran\u00e7aises. Parce que\u00a0<strong>le laiton est un alliage<\/strong>\u00a0combinant la conductivit\u00e9 du cuivre avec la r\u00e9sistance du zinc, il sert de mat\u00e9riau de base l\u00e0 o\u00f9 la fiabilit\u00e9 et la durabilit\u00e9 sont non n\u00e9gociables. Notre portefeuille couvre tout, des pi\u00e8ces structurelles lourdes aux composants de micro-pr\u00e9cision.<\/p>\n<h3>\u00c9lectronique et syst\u00e8mes \u00e9lectriques<\/h3>\n<p>Dans le secteur de l'\u00e9lectronique, l'int\u00e9grit\u00e9 du signal est primordiale. Notre bande de laiton de haute pr\u00e9cision est largement utilis\u00e9e pour\u00a0<strong>connecteurs, bornes et prises.<\/strong>. Le mat\u00e9riau offre les propri\u00e9t\u00e9s de ressort n\u00e9cessaires pour maintenir la pression de contact dans le temps, tandis que sa conductivit\u00e9 garantit des performances \u00e9lectriques efficaces.<\/p>\n<h3>Composants automobiles<\/h3>\n<p>L'industrie automobile n\u00e9cessite des mat\u00e9riaux r\u00e9sistants \u00e0 la chaleur, aux vibrations et aux environnements corrosifs. Nous fournissons\u00a0<strong>cuivre-zinc<\/strong>\u00a0stock pour :<\/p>\n<ul>\n<li><strong>Composants de capteurs :<\/strong>\u00a0Assurer une transmission de donn\u00e9es pr\u00e9cise dans les syst\u00e8mes de gestion moteur.<\/li>\n<li><strong>R\u00e9servoirs de radiateurs et c\u0153urs de chauffage :<\/strong>\u00a0Utilisation de la conductivit\u00e9 thermique sup\u00e9rieure du laiton pour un \u00e9change de chaleur efficace.<\/li>\n<li><strong>Connecteurs :<\/strong>\u00a0Fournissant des chemins \u00e9lectriques r\u00e9sistants \u00e0 la corrosion dans les faisceaux de c\u00e2bles des v\u00e9hicules.<\/li>\n<\/ul>\n<h3>Quincaillerie, d\u00e9coration et acoustique<\/h3>\n<p>Au-del\u00e0 de la fonction industrielle, le laiton est appr\u00e9ci\u00e9 pour son attrait esth\u00e9tique et ses propri\u00e9t\u00e9s acoustiques. Il est le choix standard pour\u00a0<strong>les garnitures architecturales<\/strong>, les ferrures de porte,\u00a0<strong>instruments de musique<\/strong>\u00a0comme les trompettes et les saxophones. Pour les fabricants d\u00e9cidant des m\u00e9thodes de production pour ces biens durables, comprendre la\u00a0<a href=\"https:\/\/haoyumaterial.com\/fr\/difference-between-forging-and-casting-expert-guide-by-vastmaterial\/\">diff\u00e9rence entre forgeage et moulage<\/a>\u00a0est essentiel pour optimiser la r\u00e9sistance et la finition du produit final.<\/p>\n<h3>Fabrication de Pr\u00e9cision<\/h3>\n<p>Pour les industries n\u00e9cessitant des micro-tol\u00e9rances, telles que\u00a0<strong>les pi\u00e8ces d'horlogerie et les composants d'appareils photo<\/strong>, nous fournissons des mat\u00e9riaux avec une machinabilit\u00e9 exceptionnelle. Notre stock, comprenant des grades comme C3604, permet un usinage \u00e0 grande vitesse avec une usure minimale des outils, garantissant que les pi\u00e8ces complexes r\u00e9pondent aux sp\u00e9cifications exactes \u00e0 chaque fois.<\/p>\n<h2>Pourquoi choisir Vastmaterial pour les alliages de laiton ?<\/h2>\n<p><img loading=\"lazy\" decoding=\"async\" class=\"alignnone wp-image-1700\" src=\"https:\/\/haoyumaterial.com\/wp-content\/uploads\/2026\/02\/brass-and-alloy-300x175.png\" alt=\"\" width=\"706\" height=\"412\" srcset=\"https:\/\/haoyumaterial.com\/wp-content\/uploads\/2026\/02\/brass-and-alloy-300x175.png 300w, https:\/\/haoyumaterial.com\/wp-content\/uploads\/2026\/02\/brass-and-alloy-768x447.png 768w, https:\/\/haoyumaterial.com\/wp-content\/uploads\/2026\/02\/brass-and-alloy-18x10.png 18w, https:\/\/haoyumaterial.com\/wp-content\/uploads\/2026\/02\/brass-and-alloy-600x349.png 600w, https:\/\/haoyumaterial.com\/wp-content\/uploads\/2026\/02\/brass-and-alloy.png 789w\" sizes=\"auto, (max-width: 706px) 100vw, 706px\" \/><\/p>\n<p>Lors de l'approvisionnement\u00a0<strong>alliage de cuivre en laiton<\/strong>, la coh\u00e9rence et la pr\u00e9cision sont non n\u00e9gociables. Chez Vastmaterial, nous combinons des capacit\u00e9s de traitement avanc\u00e9es avec un contr\u00f4le qualit\u00e9 strict pour r\u00e9pondre aux exigences rigoureuses de la fabrication fran\u00e7aise.<\/p>\n<h3>Traitement de pr\u00e9cision et tol\u00e9rances strictes<\/h3>\n<p>Notre installation utilise des machines de haute pr\u00e9cision con\u00e7ues pour fournir des sp\u00e9cifications exactes. Que vous ayez besoin\u00a0<strong>fabrication de m\u00e9tal en laiton<\/strong>\u00a0feuilles pr\u00eates \u00e0 l'emploi ou largeurs de bobines sp\u00e9cifiques, nous veillons \u00e0 ce que le mat\u00e9riau soit pr\u00eat \u00e0 l'emploi imm\u00e9diatement.<\/p>\n<ul>\n<li><strong>Nivellement par tension :<\/strong>\u00a0Assure une plan\u00e9it\u00e9 sup\u00e9rieure, essentielle pour les applications de poin\u00e7onnage et de gravure \u00e0 grande vitesse.<\/li>\n<li><strong>D\u00e9coupe de pr\u00e9cision :<\/strong>\u00a0Nous atteignons des tol\u00e9rances de largeur extr\u00eamement strictes pour minimiser les d\u00e9chets et am\u00e9liorer l'efficacit\u00e9.<\/li>\n<li><strong>Contr\u00f4le de surface :<\/strong>\u00a0Les options vont d'une finition brute \u00e0 une finition polie, garantissant que le mat\u00e9riau est exempt de d\u00e9fauts tels que des taches d'huile ou des rayures.<\/li>\n<\/ul>\n<h3>Assurance qualit\u00e9 et conformit\u00e9<\/h3>\n<p>Nous \u00e9liminons les approximations dans la recherche de mat\u00e9riaux. Chaque lot de\u00a0<strong>laiton conforme \u00e0 la directive RoHS<\/strong>\u00a0subit des tests rigoureux avant de quitter notre atelier. Notre engagement envers la qualit\u00e9 est soutenu par des donn\u00e9es v\u00e9rifi\u00e9es et des normes internationales.<\/p>\n<div class=\"table-responsive\">\n<table class=\"table\">\n<thead>\n<tr>\n<th>Indicateur de qualit\u00e9<\/th>\n<th>M\u00e9thode\/Norme<\/th>\n<\/tr>\n<\/thead>\n<tbody>\n<tr>\n<td><strong>Composition chimique<\/strong><\/td>\n<td>\u00a0 \u00a0 \u00a0 \u00a0 \u00a0 \u00a0 \u00a0 \u00a0 \u00a0 \u00a0 \u00a0 \u00a0 \u00a0 \u00a0 \u00a0 \u00a0 \u00a0 \u00a0 \u00a0 \u00a0 \u00a0 \u00a0 \u00a0 \u00a0 \u00a0 \u00a0 \u00a0 \u00a0 \u00a0 \u00a0 \u00a0 \u00a0 \u00a0 \u00a0 \u00a0 \u00a0 \u00a0Analyse spectrale pour v\u00e9rifier les ratios pr\u00e9cis de cuivre-zinc.<\/td>\n<\/tr>\n<tr>\n<td><strong>Propri\u00e9t\u00e9s m\u00e9caniques<\/strong><\/td>\n<td>\u00a0 \u00a0 \u00a0 \u00a0 \u00a0 \u00a0 \u00a0 \u00a0 \u00a0 \u00a0 \u00a0 \u00a0 \u00a0 \u00a0 \u00a0 \u00a0 \u00a0 \u00a0 \u00a0 \u00a0 \u00a0 \u00a0 \u00a0 \u00a0 \u00a0 \u00a0 \u00a0 \u00a0 \u00a0 \u00a0 \u00a0 Test de duret\u00e9 et de traction pour confirmer la trempe (recuite \u00e0 durcissement ressort).<\/td>\n<\/tr>\n<tr>\n<td><strong>Conformit\u00e9 mondiale<\/strong><\/td>\n<td>\u00a0 \u00a0 \u00a0 \u00a0 \u00a0 \u00a0 \u00a0 \u00a0 \u00a0 \u00a0 \u00a0 \u00a0 \u00a0 \u00a0 \u00a0 \u00a0 \u00a0 \u00a0 \u00a0 \u00a0 \u00a0 \u00a0 \u00a0 \u00a0 \u00a0 \u00a0 \u00a0 \u00a0 \u00a0 \u00a0 \u00a0 \u00a0 \u00a0 \u00a0 \u00a0Enti\u00e8rement conforme \u00e0 <strong>RoHS<\/strong>,\u00a0<strong>REACH<\/strong>, et\u00a0<strong>ISO9001:2015<\/strong>.<\/td>\n<\/tr>\n<\/tbody>\n<\/table>\n<\/div>\n<h3>Inventaire et logistique fiables<\/h3>\n<p>Nous comprenons que les temps d'arr\u00eat co\u00fbtent de l'argent. Nous maintenons un grand inventaire de grades standard comme\u00a0<strong>Cartouche en laiton C2600<\/strong>\u00a0et\u00a0<strong>Laiton jaune C2680<\/strong>\u00a0pour assurer un d\u00e9ploiement rapide. Notre \u00e9quipe logistique coordonne un envoi efficace pour garantir votre\u00a0<strong>bobines de cuivre<\/strong>\u00a0arrive \u00e0 l'heure, en maintenant une cha\u00eene d'approvisionnement stable pour vos op\u00e9rations.<\/p>\n<h2>Foire aux questions (FAQ)<\/h2>\n<h3>Quelle est la diff\u00e9rence entre le laiton et le bronze ?<\/h3>\n<p>Bien que tous deux soient \u00e0 base de cuivre, la principale diff\u00e9rence r\u00e9side dans leurs \u00e9l\u00e9ments d'alliage.\u00a0<strong>Alliage de laiton cuivre<\/strong>\u00a0est techniquement un\u00a0<strong>cuivre-zinc<\/strong>, connu pour son apparence brillante semblable \u00e0 l'or et sa excellente mall\u00e9abilit\u00e9. Le bronze, en revanche, est principalement compos\u00e9 de cuivre et d'\u00e9tain. Le laiton est g\u00e9n\u00e9ralement mieux adapt\u00e9 aux applications n\u00e9cessitant peu de friction et des propri\u00e9t\u00e9s acoustiques, tandis que le bronze offre une duret\u00e9 sup\u00e9rieure et une r\u00e9sistance \u00e0 la fatigue.<\/p>\n<h3>Vastmaterial propose-t-il des services de d\u00e9coupe sur mesure ?<\/h3>\n<p>Oui, nous offrons de vastes capacit\u00e9s de traitement pour r\u00e9pondre \u00e0 des exigences de production sp\u00e9cifiques. Au-del\u00e0 de la fourniture de mati\u00e8res premi\u00e8res standard, nous proposons\u00a0<a href=\"https:\/\/haoyumaterial.com\/fr\/services\/machining\/\">services d'usinage de pr\u00e9cision<\/a>\u00a0y compris la lamination, la coupe, et\u00a0<strong>fabrication de m\u00e9tal en laiton<\/strong>. Que vous ayez besoin de largeurs sp\u00e9cifiques pour\u00a0<strong>Cartouche en laiton C2600<\/strong>\u00a0bandes ou de longueurs personnalis\u00e9es pour des barres, nous adaptons notre inventaire pour s'ajuster \u00e0 vos lignes de fabrication.<\/p>\n<h3>Comment la teneur en zinc influence-t-elle la couleur et la r\u00e9sistance de l'alliage de laiton ?<\/h3>\n<p>La teneur en zinc influence directement \u00e0 la fois les propri\u00e9t\u00e9s m\u00e9caniques et l'esth\u00e9tique du mat\u00e9riau.<\/p>\n<ul>\n<li><strong>Couleur :<\/strong>\u00a0\u00c0 mesure que la teneur en zinc augmente, le alliage passe d'une teinte rouge\u00e2tre (faible zinc) au jaune vif observ\u00e9 dans\u00a0<strong>Laiton jaune C2680<\/strong>.<\/li>\n<li><strong>R\u00e9sistance :<\/strong>\u00a0Des niveaux plus \u00e9lev\u00e9s de zinc augmentent g\u00e9n\u00e9ralement la r\u00e9sistance \u00e0 la traction et la duret\u00e9. Cependant, cela peut r\u00e9duire la ductilit\u00e9. Nous vous aidons \u00e0 \u00e9quilibrer ces facteurs pour garantir que le mat\u00e9riau fonctionne correctement pour votre application sp\u00e9cifique.<\/li>\n<\/ul>","protected":false},"excerpt":{"rendered":"<p>High precision brass alloy copper sheets strips and rods in C2600 C2680 C3604 custom sizes RoHS compliant. The Versatility of [&hellip;]<\/p>\n","protected":false},"featured_media":1699,"comment_status":"open","ping_status":"closed","template":"","meta":{"site-sidebar-layout":"default","site-content-layout":"","ast-site-content-layout":"default","site-content-style":"default","site-sidebar-style":"default","ast-global-header-display":"","ast-banner-title-visibility":"","ast-main-header-display":"","ast-hfb-above-header-display":"","ast-hfb-below-header-display":"","ast-hfb-mobile-header-display":"","site-post-title":"","ast-breadcrumbs-content":"","ast-featured-img":"","footer-sml-layout":"","ast-disable-related-posts":"","theme-transparent-header-meta":"default","adv-header-id-meta":"","stick-header-meta":"","header-above-stick-meta":"","header-main-stick-meta":"","header-below-stick-meta":"","astra-migrate-meta-layouts":"set","ast-page-background-enabled":"default","ast-page-background-meta":{"desktop":{"background-color":"var(--ast-global-color-5)","background-image":"","background-repeat":"repeat","background-position":"center center","background-size":"auto","background-attachment":"scroll","background-type":"","background-media":"","overlay-type":"","overlay-color":"","overlay-opacity":"","overlay-gradient":""},"tablet":{"background-color":"","background-image":"","background-repeat":"repeat","background-position":"center center","background-size":"auto","background-attachment":"scroll","background-type":"","background-media":"","overlay-type":"","overlay-color":"","overlay-opacity":"","overlay-gradient":""},"mobile":{"background-color":"","background-image":"","background-repeat":"repeat","background-position":"center center","background-size":"auto","background-attachment":"scroll","background-type":"","background-media":"","overlay-type":"","overlay-color":"","overlay-opacity":"","overlay-gradient":""}},"ast-content-background-meta":{"desktop":{"background-color":"var(--ast-global-color-4)","background-image":"","background-repeat":"repeat","background-position":"center center","background-size":"auto","background-attachment":"scroll","background-type":"","background-media":"","overlay-type":"","overlay-color":"","overlay-opacity":"","overlay-gradient":""},"tablet":{"background-color":"var(--ast-global-color-4)","background-image":"","background-repeat":"repeat","background-position":"center center","background-size":"auto","background-attachment":"scroll","background-type":"","background-media":"","overlay-type":"","overlay-color":"","overlay-opacity":"","overlay-gradient":""},"mobile":{"background-color":"var(--ast-global-color-4)","background-image":"","background-repeat":"repeat","background-position":"center center","background-size":"auto","background-attachment":"scroll","background-type":"","background-media":"","overlay-type":"","overlay-color":"","overlay-opacity":"","overlay-gradient":""}}},"product_brand":[],"product_cat":[25,26,27],"product_tag":[593],"class_list":{"0":"post-1698","1":"product","2":"type-product","3":"status-publish","4":"has-post-thumbnail","6":"product_cat-copper-alloy","7":"product_cat-brass","8":"product_cat-bronze","9":"product_tag-brass-alloy-copper","10":"desktop-align-left","11":"tablet-align-left","12":"mobile-align-left","14":"first","15":"instock","16":"shipping-taxable","17":"product-type-simple"},"_links":{"self":[{"href":"https:\/\/haoyumaterial.com\/fr\/wp-json\/wp\/v2\/product\/1698","targetHints":{"allow":["GET"]}}],"collection":[{"href":"https:\/\/haoyumaterial.com\/fr\/wp-json\/wp\/v2\/product"}],"about":[{"href":"https:\/\/haoyumaterial.com\/fr\/wp-json\/wp\/v2\/types\/product"}],"replies":[{"embeddable":true,"href":"https:\/\/haoyumaterial.com\/fr\/wp-json\/wp\/v2\/comments?post=1698"}],"wp:featuredmedia":[{"embeddable":true,"href":"https:\/\/haoyumaterial.com\/fr\/wp-json\/wp\/v2\/media\/1699"}],"wp:attachment":[{"href":"https:\/\/haoyumaterial.com\/fr\/wp-json\/wp\/v2\/media?parent=1698"}],"wp:term":[{"taxonomy":"product_brand","embeddable":true,"href":"https:\/\/haoyumaterial.com\/fr\/wp-json\/wp\/v2\/product_brand?post=1698"},{"taxonomy":"product_cat","embeddable":true,"href":"https:\/\/haoyumaterial.com\/fr\/wp-json\/wp\/v2\/product_cat?post=1698"},{"taxonomy":"product_tag","embeddable":true,"href":"https:\/\/haoyumaterial.com\/fr\/wp-json\/wp\/v2\/product_tag?post=1698"}],"curies":[{"name":"wp","href":"https:\/\/api.w.org\/{rel}","templated":true}]}}