{"id":1715,"date":"2026-02-09T10:59:08","date_gmt":"2026-02-09T02:59:08","guid":{"rendered":"https:\/\/haoyumaterial.com\/?post_type=product&#038;p=1715"},"modified":"2026-02-09T10:59:09","modified_gmt":"2026-02-09T02:59:09","slug":"how-brass-is-made-high-precision-copper-zinc-alloys-by-vastmaterial","status":"publish","type":"product","link":"https:\/\/haoyumaterial.com\/fr\/product\/how-brass-is-made-high-precision-copper-zinc-alloys-by-vastmaterial\/","title":{"rendered":"Comment le laiton est fabriqu\u00e9 Alliages de cuivre et de zinc de haute pr\u00e9cision par Vastmaterial"},"content":{"rendered":"<p>D\u00e9couvrez comment le laiton est fabriqu\u00e9 chez Vastmaterial, du fusion du cuivre et du zinc \u00e0 la bande de laiton lamin\u00e9e \u00e0 froid avec une tol\u00e9rance dimensionnelle stricte.<\/p>\n<h2>Comment nous fabriquons le laiton : La norme Vastmaterial<\/h2>\n<p>Chez Vastmaterial, comprendre\u00a0<strong>comment le laiton est fabriqu\u00e9<\/strong>\u00a0est fondamental pour fournir des alliages haute performance qui r\u00e9pondent \u00e0 des normes mondiales rigoureuses. Notre processus de fabrication int\u00e8gre une m\u00e9tallurgie avanc\u00e9e avec un contr\u00f4le qualit\u00e9 strict pour produire des mat\u00e9riaux sup\u00e9rieurs\u00a0<strong>Alliage Cuivre-Zinc<\/strong>\u00a0Nous supervisons chaque \u00e9tape de la production, du premier fusionnement \u00e0 la coupe finale, en veillant \u00e0 ce que nos clients re\u00e7oivent un mat\u00e9riau avec des compositions chimiques pr\u00e9cises et des propri\u00e9t\u00e9s m\u00e9caniques.<\/p>\n<h3>S\u00e9lection et Fusion de Mati\u00e8res Premi\u00e8res (Contr\u00f4le de Puret\u00e9)<\/h3>\n<p>La qualit\u00e9 commence par les ingr\u00e9dients bruts. Nous nous approvisionnons en cuivre \u00e9lectrolytique de haute qualit\u00e9 et en zinc, en contr\u00f4lant strictement le ratio de d\u00e9chets recycl\u00e9s par rapport au mat\u00e9riau vierge pour maintenir la puret\u00e9. Le m\u00e9lange est fondu dans des fours \u00e0 induction \u00e9lectrique \u00e0 des temp\u00e9ratures sup\u00e9rieures \u00e0 1 000\u00b0C. Pendant cette phase, nous effectuons une analyse chimique en temps r\u00e9el pour garantir que la composition correspond \u00e0 des grades sp\u00e9cifiques, tels que C2600 ou C2680, avant que le m\u00e9tal ne soit vers\u00e9.<\/p>\n<h3>Coul\u00e9e Continue (Formation de Billets)<\/h3>\n<p>Une fois que l'alliage atteint la temp\u00e9rature et la composition correctes, il est transf\u00e9r\u00e9 dans un four de maintien. \u00c0 travers\u00a0<strong>Coul\u00e9e de Billets en Laiton<\/strong>, le m\u00e9tal fondu est solidifi\u00e9 en blocs ou en billets. Cette technique de coul\u00e9e continue assure une structure interne uniforme, minimisant la porosit\u00e9 et la s\u00e9gr\u00e9gation, ce qui est crucial pour l'int\u00e9grit\u00e9 structurelle du produit final.<\/p>\n<h3>Processus de Laminage \u00e0 chaud<\/h3>\n<p>Les billets solidifi\u00e9s sont pr\u00e9chauff\u00e9s et pass\u00e9s \u00e0 travers notre\u00a0<strong>Laminoir \u00e0 chaud<\/strong>. Sous une pression massive, les rouleaux r\u00e9duisent consid\u00e9rablement l'\u00e9paisseur du mat\u00e9riau. Cette \u00e9tape d\u00e9compose la structure cristalline du moulage, am\u00e9liorant les propri\u00e9t\u00e9s m\u00e9caniques de l'alliage et transformant le gros lingot en une bobine plus fine et maniable.<\/p>\n<h3>Fraisage de surface (\u00c9cor\u00e7age)<\/h3>\n<p>Le laminage \u00e0 chaud laisse in\u00e9vitablement une oxydation de surface et de petites impuret\u00e9s. Pour garantir une finition parfaite, nous utilisons des machines de fraisage de pr\u00e9cision pour \u201c \u00e9corcer \u201d les couches sup\u00e9rieure et inf\u00e9rieure de la bobine. Cela \u00e9limine les d\u00e9fauts de surface, assurant que le mat\u00e9riau de base est propre et lisse avant d'entrer dans l'\u00e9tape de traitement \u00e0 froid.<\/p>\n<h3>Laminage \u00e0 froid de pr\u00e9cision<\/h3>\n<p>Pour atteindre des tol\u00e9rances d'\u00e9paisseur pr\u00e9cises \u2014 souvent jusqu'\u00e0 0,01 mm \u2014 le mat\u00e9riau subit\u00a0<strong>Laminage \u00e0 froid de pr\u00e9cision<\/strong>. Ce processus est effectu\u00e9 \u00e0 temp\u00e9rature ambiante, ce qui durcit le laiton et affine la structure cristalline. Cette \u00e9tape est essentielle pour produire des bandes de laiton de haute qualit\u00e9.\u00a0<strong>Ruban de laiton lamin\u00e9 \u00e0 froid<\/strong>\u00a0avec la consistance d'\u00e9paisseur exacte requise pour les connecteurs \u00e9lectroniques complexes et les pi\u00e8ces automobiles.<\/p>\n<h3>Traitement de recuit et de passivation<\/h3>\n<p>Le laminage \u00e0 froid induit des contraintes internes et augmente la duret\u00e9. Pour personnaliser la trempe du mat\u00e9riau, nous utilisons un\u00a0<strong>Processus de recuit<\/strong>. En chauffant et en refroidissant le laiton, nous restaurons la ductilit\u00e9 et ajustons la duret\u00e9 \u00e0 des \u00e9tats sp\u00e9cifiques (allant du doux \u2018O\u2019 au super dur \u2018SH\u2019). Apr\u00e8s le traitement thermique, le laiton subit\u00a0<strong>Passivation et traitement de surface<\/strong>\u00a0dans des bains acides pour \u00e9liminer toute oxydation, ce qui donne une surface propre, brillante et chimiquement stable.<\/p>\n<h3>D\u00e9coupage et finition<\/h3>\n<p>La derni\u00e8re \u00e9tape consiste \u00e0 adapter le produit aux dimensions du client. Notre\u00a0<strong>D\u00e9coupe de pr\u00e9cision<\/strong>\u00a0les lignes coupent les larges bobines en bandes \u00e9troites selon des sp\u00e9cifications de largeur exactes. Nous garantissons des bords sans bavures et une pr\u00e9cision dimensionnelle stricte avant l'emballage du laiton fini pour pr\u00e9venir la corrosion pendant le transport.<\/p>\n<h2>Sp\u00e9cifications et grades des mat\u00e9riaux<\/h2>\n<p><img decoding=\"async\" src=\"https:\/\/haoyumaterial.com\/wp-content\/uploads\/2026\/02\/brass_alloy_grades_and_manufacturing_process_GvBY6.webp\" alt=\"grades d&#039;alliage de laiton et processus de fabrication\" \/><\/p>\n<p>Comprendre\u00a0<strong>comment le laiton est fabriqu\u00e9<\/strong>\u00a0pour r\u00e9pondre aux normes industrielles n\u00e9cessite une plong\u00e9e approfondie dans la composition m\u00e9tallurgique. Chez Vastmaterial, nous contr\u00f4lons strictement le ratio cuivre-zinc pour produire des alliages correspondant \u00e0 des exigences m\u00e9caniques sp\u00e9cifiques, que vous ayez besoin d'une haute ductilit\u00e9 pour le tirage profond ou d'une rigidit\u00e9 pour les composants structurels.<\/p>\n<h3>Composition des grades d'alliage (H62, H65, C2600)<\/h3>\n<p>La performance d'un\u00a0<strong>cuivre-zinc<\/strong>\u00a0d\u00e9pend enti\u00e8rement du m\u00e9lange sp\u00e9cifique d'\u00e9l\u00e9ments. Nous fournissons une large gamme de qualit\u00e9s conformes aux normes JIS, ASTM et GB.<\/p>\n<div class=\"table-responsive\">\n<table class=\"table\">\n<thead>\n<tr>\n<th>Qualit\u00e9 (JIS\/ASTM)<\/th>\n<th>Nom commun<\/th>\n<th>Composition<\/th>\n<th>Caract\u00e9ristiques cl\u00e9s<\/th>\n<\/tr>\n<\/thead>\n<tbody>\n<tr>\n<td><strong>C2600<\/strong><\/td>\n<td>Laiton pour cartouche<\/td>\n<td>~70% Cu, 30% Zn<\/td>\n<td>Excellente ductilit\u00e9, id\u00e9ale pour le tirage profond et la mise en forme.<\/td>\n<\/tr>\n<tr>\n<td><strong>H65 (C2680)<\/strong><\/td>\n<td>Laiton Jaune<\/td>\n<td>~65% Cu, 35% Zn<\/td>\n<td>R\u00e9sistance \u00e9quilibr\u00e9e et formabilit\u00e9 ; largement utilis\u00e9e dans les fixations.<\/td>\n<\/tr>\n<tr>\n<td><strong>H62 (C2800)<\/strong><\/td>\n<td>M\u00e9tal Muntz<\/td>\n<td>~62% Cu, 38% Zn<\/td>\n<td>Haute r\u00e9sistance, plus dur que C2600, adapt\u00e9 au travail \u00e0 chaud.<\/td>\n<\/tr>\n<tr>\n<td><strong>C3604<\/strong><\/td>\n<td>Laiton \u00e0 d\u00e9colletage libre<\/td>\n<td>Pb ajout\u00e9<\/td>\n<td>Excellente machinabilit\u00e9 pour pi\u00e8ces de pr\u00e9cision.<\/td>\n<\/tr>\n<\/tbody>\n<\/table>\n<\/div>\n<h3>Formes et dimensions disponibles<\/h3>\n<p>Nos capacit\u00e9s de fabrication nous permettent de transformer le laiton en diverses formes pour r\u00e9pondre \u00e0 votre ligne de production. Des plaques robustes aux feuilles ultra-fines, nous maintenons une pr\u00e9cision stricte.\u00a0<strong>tol\u00e9rance dimensionnelle<\/strong>\u00a0sur tous les produits.<\/p>\n<ul>\n<li><strong>Formes :<\/strong>\u00a0Bobines, Bandes, Feuilles, Feuillets, Barres et Tubes.<\/li>\n<li><strong>Gamme d'\u00e9paisseur :<\/strong>\u00a0Capable de rouler jusqu'\u00e0\u00a0<strong>0,01 mm<\/strong>\u00a0pour l'\u00e9lectronique de pr\u00e9cision.<\/li>\n<li><strong>Largeur :<\/strong>\u00a0D\u00e9coupe personnalis\u00e9e disponible selon les sp\u00e9cifications du client.<\/li>\n<\/ul>\n<h3>\u00c9chelle de temp\u00e9rage et de duret\u00e9<\/h3>\n<p>Le\u00a0<strong>proc\u00e9d\u00e9 de recuit<\/strong>\u00a0et passes de laminage \u00e0 froid d\u00e9terminent le temp\u00e9rage final du mat\u00e9riau. Nous proposons une gamme compl\u00e8te de niveaux de duret\u00e9 pour garantir que le mat\u00e9riau se comporte exactement comme vous en avez besoin lors de votre processus de fabrication. Une fois les propri\u00e9t\u00e9s m\u00e9caniques d\u00e9finies, nous pouvons \u00e9galement appliquer\u00a0<a href=\"https:\/\/haoyumaterial.com\/fr\/services\/surface-treatment\/\">des traitements de surface sp\u00e9cialis\u00e9s<\/a>\u00a0pour am\u00e9liorer la r\u00e9sistance \u00e0 la corrosion ou la conductivit\u00e9.<\/p>\n<ul>\n<li><strong>O ( recuit):<\/strong>\u00a0Structure douce, enti\u00e8rement recristallis\u00e9e pour une formabilit\u00e9 maximale.<\/li>\n<li><strong>1\/4H \u00e0 1\/2H :<\/strong>\u00a0Duret\u00e9 interm\u00e9diaire pour le pliage sans fissure.<\/li>\n<li><strong>H (Difficile) :<\/strong>\u00a0Haute r\u00e9sistance pour les composants plats.<\/li>\n<li><strong>EH \/ SH (Extra\/Durci) :<\/strong>\u00a0Elasticit\u00e9 maximale pour les ressorts et contacts.<\/li>\n<\/ul>\n<h2>Garantir l'int\u00e9grit\u00e9 m\u00e9tallurgique<\/h2>\n<p><img loading=\"lazy\" decoding=\"async\" class=\"alignnone  wp-image-1717\" src=\"https:\/\/haoyumaterial.com\/wp-content\/uploads\/2026\/02\/how-brass-is-made-300x300.jpg\" alt=\"\" width=\"437\" height=\"437\" srcset=\"https:\/\/haoyumaterial.com\/wp-content\/uploads\/2026\/02\/how-brass-is-made-300x300.jpg 300w, https:\/\/haoyumaterial.com\/wp-content\/uploads\/2026\/02\/how-brass-is-made-1024x1024.jpg 1024w, https:\/\/haoyumaterial.com\/wp-content\/uploads\/2026\/02\/how-brass-is-made-150x150.jpg 150w, https:\/\/haoyumaterial.com\/wp-content\/uploads\/2026\/02\/how-brass-is-made-768x768.jpg 768w, https:\/\/haoyumaterial.com\/wp-content\/uploads\/2026\/02\/how-brass-is-made-1536x1536.jpg 1536w, https:\/\/haoyumaterial.com\/wp-content\/uploads\/2026\/02\/how-brass-is-made-12x12.jpg 12w, https:\/\/haoyumaterial.com\/wp-content\/uploads\/2026\/02\/how-brass-is-made-600x600.jpg 600w, https:\/\/haoyumaterial.com\/wp-content\/uploads\/2026\/02\/how-brass-is-made-100x100.jpg 100w, https:\/\/haoyumaterial.com\/wp-content\/uploads\/2026\/02\/how-brass-is-made.jpg 1564w\" sizes=\"auto, (max-width: 437px) 100vw, 437px\" \/><\/p>\n<p>Comprendre\u00a0<strong>comment le laiton est fabriqu\u00e9<\/strong>\u00a0implique plus que simplement m\u00e9langer le cuivre et le zinc ; cela n\u00e9cessite une v\u00e9rification rigoureuse pour garantir que le mat\u00e9riau fonctionne exactement comme pr\u00e9vu. Nous mettons en \u0153uvre un r\u00e9gime strict de contr\u00f4le qualit\u00e9 pour garantir que chaque bobine et feuille r\u00e9pond aux normes industrielles pr\u00e9cises.<\/p>\n<h3>Test spectrom\u00e9trique<\/h3>\n<p>Nous ne laissons pas le\u00a0<strong>composition m\u00e9tallurgique<\/strong>\u00a0changer. En utilisant des spectrom\u00e8tres d'\u00e9mission optique avanc\u00e9s, nous analysons la composition chimique de chaque lot. Cela garantit que le\u00a0<strong>cuivre-zinc<\/strong>\u00a0rapport est parfaitement \u00e9quilibr\u00e9 pour des grades sp\u00e9cifiques, tels que C2600 ou C2680. Cette \u00e9tape confirme que les impuret\u00e9s sont minimis\u00e9es et que le mat\u00e9riau est chimiquement pur avant qu'il ne quitte jamais notre\u00a0<a href=\"https:\/\/haoyumaterial.com\/fr\/factory\/\">atelier de fabrication<\/a>.<\/p>\n<h3>Test de r\u00e9sistance \u00e0 la traction<\/h3>\n<p>La performance m\u00e9canique est essentielle pour les clients de la fabrication. Nous effectuons des tests m\u00e9caniques complets pour v\u00e9rifier\u00a0<strong>r\u00e9sistance \u00e0 la traction<\/strong>, l'allongement, et la duret\u00e9.<\/p>\n<ul>\n<li><strong>Contr\u00f4le de la structure du grain:<\/strong>\u00a0Nous v\u00e9rifions que le processus de recuit a obtenu la taille de grain correcte pour une formabilit\u00e9 optimale.<\/li>\n<li><strong>V\u00e9rification des performances :<\/strong>\u00a0Nous nous assurons que la bande de laiton peut r\u00e9sister aux contraintes physiques du poin\u00e7onnage, du pliage ou de l'emboutissage profond sans se fissurer.<\/li>\n<\/ul>\n<h3>Certifications ISO &amp; RoHS<\/h3>\n<p>Notre engagement envers la qualit\u00e9 est soutenu par des normes mondiales. Nos syst\u00e8mes de gestion sont\u00a0<strong>certifi\u00e9s ISO 9001:2015<\/strong>, garantissant la coh\u00e9rence sur toutes les lignes de production. De plus, nos mat\u00e9riaux sont\u00a0<strong>conformes \u00e0 SGS\/RoHS<\/strong>, les rendant s\u00fbrs et adapt\u00e9s \u00e0 l'exportation vers des march\u00e9s exigeant une stricte conformit\u00e9 environnementale, tels que les secteurs de l'\u00e9lectronique et de l'automobile.<\/p>\n<h2>Industries aliment\u00e9es par le laiton Vastmaterial<\/h2>\n<p><img loading=\"lazy\" decoding=\"async\" class=\"wp-image-1718\" src=\"https:\/\/haoyumaterial.com\/wp-content\/uploads\/2026\/02\/dark-copper-300x225.jpg\" alt=\"\" width=\"631\" height=\"473\" srcset=\"https:\/\/haoyumaterial.com\/wp-content\/uploads\/2026\/02\/dark-copper-300x225.jpg 300w, https:\/\/haoyumaterial.com\/wp-content\/uploads\/2026\/02\/dark-copper-1024x768.jpg 1024w, https:\/\/haoyumaterial.com\/wp-content\/uploads\/2026\/02\/dark-copper-768x576.jpg 768w, https:\/\/haoyumaterial.com\/wp-content\/uploads\/2026\/02\/dark-copper-1536x1152.jpg 1536w, https:\/\/haoyumaterial.com\/wp-content\/uploads\/2026\/02\/dark-copper-2048x1536.jpg 2048w, https:\/\/haoyumaterial.com\/wp-content\/uploads\/2026\/02\/dark-copper-16x12.jpg 16w, https:\/\/haoyumaterial.com\/wp-content\/uploads\/2026\/02\/dark-copper-600x450.jpg 600w\" sizes=\"auto, (max-width: 631px) 100vw, 631px\" \/><\/p>\n<p>Comprendre\u00a0<strong>comment le laiton est fabriqu\u00e9<\/strong>\u00a0donne \u00e0 nos clients la confiance que nos mat\u00e9riaux peuvent r\u00e9sister aux exigences rigoureuses de leurs secteurs sp\u00e9cifiques. Parce que nous contr\u00f4lons chaque \u00e9tape \u2014 du m\u00e9lange initial\u00a0<strong>cuivre-zinc<\/strong>\u00a0\u00e0 la coupe finale \u2014 nous livrons des mat\u00e9riaux adapt\u00e9s aux applications haute performance.<\/p>\n<h3>Composants \u00e9lectriques<\/h3>\n<p>La pr\u00e9cision est non n\u00e9gociable dans l'\u00e9lectronique. Notre\u00a0<strong>tol\u00e9rance dimensionnelle<\/strong>\u00a0contr\u00f4le garantit que les bandes de laiton utilis\u00e9es pour les connecteurs, les bornes et les ressorts de relais s'ajustent parfaitement aux lignes d'assemblage automatis\u00e9es.<\/p>\n<ul>\n<li><strong>Haute conductivit\u00e9:<\/strong>\u00a0Nous optimisons la structure du grain pour maximiser le flux \u00e9lectrique.<\/li>\n<li><strong>R\u00e9sistance \u00e0 la corrosion :<\/strong>\u00a0Essentiel pour les interrupteurs et prises expos\u00e9s \u00e0 des environnements variables.<\/li>\n<\/ul>\n<h3>Pi\u00e8ces automobiles<\/h3>\n<p>L'industrie automobile repose sur des mat\u00e9riaux qui \u00e9quilibrent r\u00e9sistance et formabilit\u00e9. Notre laiton est con\u00e7u pour des composants tels que les radiateurs, capteurs et syst\u00e8mes de gestion des fluides. Pour les syst\u00e8mes de s\u00e9curit\u00e9 sp\u00e9cialis\u00e9s des v\u00e9hicules, nous fournissons des mat\u00e9riaux compatibles avec une fabrication de haute pr\u00e9cision, similaire \u00e0 notre\u00a0<a href=\"https:\/\/haoyumaterial.com\/fr\/product\/copper-nickel-alloy-brake-line-machining-service\/\">services d'usinage de lignes de frein en alliage de cuivre-nickel<\/a>, garantissant fiabilit\u00e9 sous pression.<\/p>\n<h3>D\u00e9coration architecturale<\/h3>\n<p>L'esth\u00e9tique motive ce secteur. Nous fournissons\u00a0<strong>t\u00f4le de laiton<\/strong>\u00a0avec des finitions de surface impeccables pour la d\u00e9coration int\u00e9rieure, les panneaux d'ascenseur et les garnitures d\u00e9coratives.<\/p>\n<ul>\n<li><strong>Coh\u00e9rence des couleurs :<\/strong>\u00a0Un contr\u00f4le strict des alliages emp\u00eache les variations de couleur entre les lots.<\/li>\n<li><strong>Formabilit\u00e9 :<\/strong>\u00a0Id\u00e9al pour les processus de stamping et de gravure complexes.<\/li>\n<\/ul>\n<h3>D\u00e9fense et munitions<\/h3>\n<p>Ce secteur exige le plus haut\u00a0<strong>r\u00e9sistance \u00e0 la traction<\/strong>\u00a0et la ductilit\u00e9. Nous fabriquons des grades sp\u00e9cifiques, tels que\u00a0<strong>C2600<\/strong>\u00a0et\u00a0<strong>Laiton C2800<\/strong>, qui sont essentiels pour des applications de formage profond comme les cartouches. Notre processus de recuit est ajust\u00e9 pour garantir que le mat\u00e9riau puisse se dilater rapidement sans se fissurer, r\u00e9pondant \u00e0 des sp\u00e9cifications militaires strictes.<\/p>\n<h2>Questions fr\u00e9quemment pos\u00e9es sur la production de laiton<\/h2>\n<h3>Quelle est la diff\u00e9rence entre le laiton et le bronze ?<\/h3>\n<p>Bien que les deux soient des alliages \u00e0 base de cuivre, la principale diff\u00e9rence r\u00e9side dans leurs \u00e9l\u00e9ments d'alliage.\u00a0<strong>Le laiton est un alliage de cuivre et de zinc<\/strong>, connu pour son apparence brillante semblable \u00e0 l'or, sa grande mall\u00e9abilit\u00e9 et ses excellentes propri\u00e9t\u00e9s acoustiques. Il est largement utilis\u00e9 dans les instruments de musique, les cartouches et les ornements d\u00e9coratifs. Le bronze, quant \u00e0 lui, est principalement compos\u00e9 de cuivre et d'\u00e9tain. Il a tendance \u00e0 \u00eatre plus dur, avec une teinte brun-rouge, et offre une r\u00e9sistance sup\u00e9rieure \u00e0 la corrosion, ce qui le rend id\u00e9al pour les applications marines et les roulements. Chez Vastmaterial, nous sommes sp\u00e9cialis\u00e9s dans des formulations de laiton de haute pr\u00e9cision comme C2600 et C2680 pour r\u00e9pondre \u00e0 des besoins industriels sp\u00e9cifiques.<\/p>\n<h3>Vastmaterial peut-il personnaliser la duret\u00e9 du laiton ?<\/h3>\n<p>Oui, contr\u00f4ler le temp\u00e9rament est une partie critique de\u00a0<strong>comment le laiton est fabriqu\u00e9<\/strong>\u00a0dans notre \u00e9tablissement. Gr\u00e2ce \u00e0 nos techniques de laminage pr\u00e9cis\u00a0<strong>proc\u00e9d\u00e9 de recuit<\/strong>\u00a0et froid, nous pouvons ajuster les propri\u00e9t\u00e9s m\u00e9caniques du mat\u00e9riau pour r\u00e9pondre \u00e0 votre application. Nous ne vendons pas seulement du stock standard ; nous concevons le laiton selon des niveaux de duret\u00e9 sp\u00e9cifiques, y compris :<\/p>\n<ul>\n<li><strong>O (Souple) :<\/strong>\u00a0Enti\u00e8rement recuit pour une ductilit\u00e9 maximale.<\/li>\n<li><strong>1\/4H \u00e0 1\/2H :<\/strong>\u00a0Duret\u00e9 mod\u00e9r\u00e9e pour les op\u00e9rations de formage.<\/li>\n<li><strong>H (Dur) \u00e0 EH (Tr\u00e8s dur) :<\/strong>\u00a0Pour les applications n\u00e9cessitant une haute rigidit\u00e9 et des propri\u00e9t\u00e9s de ressort.<\/li>\n<li><strong>SH (Super Difficile) :<\/strong>\u00a0Sp\u00e9cialis\u00e9 pour les composants n\u00e9cessitant une durabilit\u00e9 extr\u00eame.<\/li>\n<\/ul>\n<h3>Votre fabrication de laiton est-elle \u00e9cologique ?<\/h3>\n<p>La durabilit\u00e9 est au c\u0153ur de nos op\u00e9rations. Le laiton est l\u2019un des m\u00e9taux les plus recyclables au monde, et notre processus utilise fortement\u00a0<strong>le recyclage des d\u00e9chets<\/strong>\u00a0pour minimiser les d\u00e9chets sans compromettre la puret\u00e9. Nous op\u00e9rons selon des syst\u00e8mes stricts de gestion environnementale, garantissant que tous nos produits sont\u00a0<strong>conformes \u00e0 la norme RoHS.<\/strong>. En raffinant des d\u00e9chets propres et en contr\u00f4lant strictement le processus de fusion, nous r\u00e9duisons l\u2019empreinte carbone li\u00e9e \u00e0 l\u2019extraction de minerai vierge tout en maintenant la haute int\u00e9grit\u00e9 m\u00e9tallurgique que nos clients fran\u00e7ais attendent.<\/p>\n<p>&nbsp;<\/p>","protected":false},"excerpt":{"rendered":"<p>Learn how brass is made at Vastmaterial from copper zinc alloy melting to cold rolled brass strip with tight dimensional [&hellip;]<\/p>\n","protected":false},"featured_media":1716,"comment_status":"open","ping_status":"closed","template":"","meta":{"site-sidebar-layout":"default","site-content-layout":"","ast-site-content-layout":"default","site-content-style":"default","site-sidebar-style":"default","ast-global-header-display":"","ast-banner-title-visibility":"","ast-main-header-display":"","ast-hfb-above-header-display":"","ast-hfb-below-header-display":"","ast-hfb-mobile-header-display":"","site-post-title":"","ast-breadcrumbs-content":"","ast-featured-img":"","footer-sml-layout":"","ast-disable-related-posts":"","theme-transparent-header-meta":"default","adv-header-id-meta":"","stick-header-meta":"","header-above-stick-meta":"","header-main-stick-meta":"","header-below-stick-meta":"","astra-migrate-meta-layouts":"set","ast-page-background-enabled":"default","ast-page-background-meta":{"desktop":{"background-color":"var(--ast-global-color-5)","background-image":"","background-repeat":"repeat","background-position":"center center","background-size":"auto","background-attachment":"scroll","background-type":"","background-media":"","overlay-type":"","overlay-color":"","overlay-opacity":"","overlay-gradient":""},"tablet":{"background-color":"","background-image":"","background-repeat":"repeat","background-position":"center center","background-size":"auto","background-attachment":"scroll","background-type":"","background-media":"","overlay-type":"","overlay-color":"","overlay-opacity":"","overlay-gradient":""},"mobile":{"background-color":"","background-image":"","background-repeat":"repeat","background-position":"center center","background-size":"auto","background-attachment":"scroll","background-type":"","background-media":"","overlay-type":"","overlay-color":"","overlay-opacity":"","overlay-gradient":""}},"ast-content-background-meta":{"desktop":{"background-color":"var(--ast-global-color-4)","background-image":"","background-repeat":"repeat","background-position":"center center","background-size":"auto","background-attachment":"scroll","background-type":"","background-media":"","overlay-type":"","overlay-color":"","overlay-opacity":"","overlay-gradient":""},"tablet":{"background-color":"var(--ast-global-color-4)","background-image":"","background-repeat":"repeat","background-position":"center center","background-size":"auto","background-attachment":"scroll","background-type":"","background-media":"","overlay-type":"","overlay-color":"","overlay-opacity":"","overlay-gradient":""},"mobile":{"background-color":"var(--ast-global-color-4)","background-image":"","background-repeat":"repeat","background-position":"center center","background-size":"auto","background-attachment":"scroll","background-type":"","background-media":"","overlay-type":"","overlay-color":"","overlay-opacity":"","overlay-gradient":""}}},"product_brand":[],"product_cat":[25,26,27],"product_tag":[],"class_list":{"0":"post-1715","1":"product","2":"type-product","3":"status-publish","4":"has-post-thumbnail","6":"product_cat-copper-alloy","7":"product_cat-brass","8":"product_cat-bronze","9":"desktop-align-left","10":"tablet-align-left","11":"mobile-align-left","13":"first","14":"instock","15":"shipping-taxable","16":"product-type-simple"},"_links":{"self":[{"href":"https:\/\/haoyumaterial.com\/fr\/wp-json\/wp\/v2\/product\/1715","targetHints":{"allow":["GET"]}}],"collection":[{"href":"https:\/\/haoyumaterial.com\/fr\/wp-json\/wp\/v2\/product"}],"about":[{"href":"https:\/\/haoyumaterial.com\/fr\/wp-json\/wp\/v2\/types\/product"}],"replies":[{"embeddable":true,"href":"https:\/\/haoyumaterial.com\/fr\/wp-json\/wp\/v2\/comments?post=1715"}],"wp:featuredmedia":[{"embeddable":true,"href":"https:\/\/haoyumaterial.com\/fr\/wp-json\/wp\/v2\/media\/1716"}],"wp:attachment":[{"href":"https:\/\/haoyumaterial.com\/fr\/wp-json\/wp\/v2\/media?parent=1715"}],"wp:term":[{"taxonomy":"product_brand","embeddable":true,"href":"https:\/\/haoyumaterial.com\/fr\/wp-json\/wp\/v2\/product_brand?post=1715"},{"taxonomy":"product_cat","embeddable":true,"href":"https:\/\/haoyumaterial.com\/fr\/wp-json\/wp\/v2\/product_cat?post=1715"},{"taxonomy":"product_tag","embeddable":true,"href":"https:\/\/haoyumaterial.com\/fr\/wp-json\/wp\/v2\/product_tag?post=1715"}],"curies":[{"name":"wp","href":"https:\/\/api.w.org\/{rel}","templated":true}]}}