{"id":1789,"date":"2026-02-16T08:35:44","date_gmt":"2026-02-16T00:35:44","guid":{"rendered":"https:\/\/haoyumaterial.com\/?post_type=product&#038;p=1789"},"modified":"2026-02-16T08:35:45","modified_gmt":"2026-02-16T00:35:45","slug":"aluminum-prototype-services-rapid-cnc-machining-and-casting","status":"publish","type":"product","link":"https:\/\/haoyumaterial.com\/fr\/product\/aluminum-prototype-services-rapid-cnc-machining-and-casting\/","title":{"rendered":"Services de prototypes en aluminium Usinage CNC rapide et moulage"},"content":{"rendered":"<p>Custom aluminum prototype services with CNC machining and casting for rapid precise low volume production and aerospace grade alloys.<\/p>\n<h2>Nos capacit\u00e9s de prototypage en aluminium<\/h2>\n<p>Vous avez du mal \u00e0 valider vos conceptions parce que vous attendez des pi\u00e8ces m\u00e9talliques ? Nous savons qu\u2019en d\u00e9veloppement de produit, la rapidit\u00e9 est essentielle, mais la pr\u00e9cision est non n\u00e9gociable. Nous sommes sp\u00e9cialis\u00e9s dans une production de haute fid\u00e9lit\u00e9\u00a0<strong>prototype en aluminium<\/strong>\u00a0qui comble le foss\u00e9 entre les fichiers CAO num\u00e9riques et la r\u00e9alit\u00e9 physique.<\/p>\n<p>Nous ne faisons pas que couper du m\u00e9tal ; nous offrons un m\u00e9lange strat\u00e9gique de\u00a0<strong>usinage CNC personnalis\u00e9 en aluminium<\/strong>\u00a0et\u00a0<strong>la fonderie d'aluminium<\/strong>\u00a0pour correspondre \u00e0 l'\u00e9tape sp\u00e9cifique de votre projet. Que vous ayez besoin d'un seul mod\u00e8le esth\u00e9tique ou d'une s\u00e9rie fonctionnelle pour des tests de collision, notre atelier est optimis\u00e9 pour\u00a0<strong>prototypage rapide en aluminium<\/strong>.<\/p>\n<p>Voici comment nous r\u00e9pondons \u00e0 vos besoins de fabrication distincts :<\/p>\n<ul>\n<li><strong>Fabrication pr\u00e9cise en aluminium :<\/strong>\u00a0Nous atteignons des tol\u00e9rances strictes en utilisant des centres de fraisage et de tournage multi-axes, garantissant que votre\u00a0<strong>pi\u00e8ces en aluminium sur mesure pour les \u00e9quipementiers<\/strong>\u00a0s'ajustent parfaitement d\u00e8s la premi\u00e8re fois.<\/li>\n<li><strong>G\u00e9om\u00e9tries complexes :<\/strong>\u00a0Pour des caract\u00e9ristiques internes complexes ou des formes organiques, nos\u00a0<strong>services de moulage en aluminium prototype<\/strong>\u00a0offrent une libert\u00e9 de conception que l'usinage traditionnel limite parfois.<\/li>\n<li><strong>Solutions \u00e9volutives :<\/strong>\u00a0Nous soutenons votre croissance d'une unit\u00e9 unique \u00e0\u00a0<strong>production d'aluminium en faible volume<\/strong>, en utilisant\u00a0<strong>des outils rapides pour l'aluminium<\/strong>\u00a0pour r\u00e9duire les co\u00fbts avant de vous engager dans des moules en acier dur.<\/li>\n<\/ul>\n<h2>Alliages d'aluminium de qualit\u00e9 sup\u00e9rieure que nous utilisons<\/h2>\n<p><img loading=\"lazy\" decoding=\"async\" class=\"\" src=\"https:\/\/haoyumaterial.com\/wp-content\/uploads\/2026\/02\/6061-T6_7075_5052_Aluminum_Prototype_Alloys_DfAyDm.webp\" alt=\"Alliages prototypes en aluminium 6061-T6 7075 5052\" width=\"581\" height=\"387\" \/><\/p>\n<h3>Respect des normes strictes avec les grades 6061-T6, 7075 et 5052<\/h3>\n<p>Nous savons que le choix des mat\u00e9riaux fait ou d\u00e9fait un projet. C\u2019est pourquoi nous utilisons strictement des mat\u00e9riaux certifi\u00e9s de haute qualit\u00e9 pour chaque\u00a0<strong>prototype en aluminium<\/strong>\u00a0nous produisons. Nous ne faisons pas de compromis sur la m\u00e9tallurgie ; nous livrons les propri\u00e9t\u00e9s m\u00e9caniques exactes que votre \u00e9quipe d\u2019ing\u00e9nierie a sp\u00e9cifi\u00e9es. Bien que nous nous concentrions fortement sur l\u2019aluminium ici, notre installation g\u00e8re une large gamme de\u00a0<a href=\"https:\/\/haoyumaterial.com\/fr\/casting-alloy\/\">sp\u00e9cifications d\u2019alliages de moulage<\/a>\u00a0pour garantir que nous r\u00e9pondons \u00e0 vos exigences de conception exactes dans tous les domaines.<\/p>\n<p>Voici une ventilation des principaux grades que nous utilisons quotidiennement :<\/p>\n<ul>\n<li><strong>Aluminium 6061-T6 :<\/strong>\u00a0C\u2019est le cheval de bataille de l\u2019industrie. Nous l\u2019utilisons largement pour\u00a0<strong>Pi\u00e8ces usin\u00e9es en aluminium 6061<\/strong>\u00a0car il offre un \u00e9quilibre parfait entre r\u00e9sistance, soudabilit\u00e9 et performance en usinage. Il est id\u00e9al pour les cadres structurels, les gabarits automobiles et les bo\u00eetiers g\u00e9n\u00e9raux.<\/li>\n<li><strong>Aluminium 7075 :<\/strong>\u00a0Lorsque vous avez besoin d'une r\u00e9sistance semblable \u00e0 celle de l'acier sans le poids, nous nous tournons vers cette gamme. C'est la norme pour\u00a0<strong>Prototypes en aluminium 7075<\/strong>\u00a0et des composants en aluminium critiques\u00a0<strong>a\u00e9rospatiaux en aluminium<\/strong>\u00a0o\u00f9 la haute contrainte est un facteur et l'\u00e9chec n'est pas une option.<\/li>\n<li><strong>Aluminium 5052 :<\/strong>\u00a0Reconnu pour sa excellente r\u00e9sistance \u00e0 la corrosion et sa formabilit\u00e9. Nous l'utilisons g\u00e9n\u00e9ralement pour des applications marines et des enceintes en t\u00f4le complexes.<\/li>\n<\/ul>\n<p>Que vous recherchiez\u00a0<strong>usinage CNC personnalis\u00e9 en aluminium<\/strong>\u00a0or\u00a0<strong>production d'aluminium en faible volume<\/strong>, nous v\u00e9rifions que l'int\u00e9grit\u00e9 de la mati\u00e8re premi\u00e8re correspond parfaitement \u00e0 votre intention de production.<\/p>\n<h2>Pourquoi collaborer avec nous pour vos projets de prototypes en aluminium ?<\/h2>\n<p><img loading=\"lazy\" decoding=\"async\" class=\"alignnone  wp-image-1791\" src=\"https:\/\/haoyumaterial.com\/wp-content\/uploads\/2026\/02\/aluminium-prototype-1-300x225.jpg\" alt=\"\" width=\"503\" height=\"377\" srcset=\"https:\/\/haoyumaterial.com\/wp-content\/uploads\/2026\/02\/aluminium-prototype-1-300x225.jpg 300w, https:\/\/haoyumaterial.com\/wp-content\/uploads\/2026\/02\/aluminium-prototype-1-1024x768.jpg 1024w, https:\/\/haoyumaterial.com\/wp-content\/uploads\/2026\/02\/aluminium-prototype-1-768x576.jpg 768w, https:\/\/haoyumaterial.com\/wp-content\/uploads\/2026\/02\/aluminium-prototype-1-16x12.jpg 16w, https:\/\/haoyumaterial.com\/wp-content\/uploads\/2026\/02\/aluminium-prototype-1-600x450.jpg 600w, https:\/\/haoyumaterial.com\/wp-content\/uploads\/2026\/02\/aluminium-prototype-1.jpg 1440w\" sizes=\"auto, (max-width: 503px) 100vw, 503px\" \/><\/p>\n<p>Lorsque vous faites face \u00e0 une \u00e9ch\u00e9ance serr\u00e9e pour le lancement d\u2019un produit, vous avez besoin d\u2019un partenaire qui comprend l\u2019urgence de\u00a0<strong>prototypage rapide en aluminium<\/strong>\u00a0sans faire de compromis. Nous savons que sur le march\u00e9 fran\u00e7ais, obtenir une pi\u00e8ce rapidement est inutile si elle ne s\u2019adapte pas ou ne fonctionne pas correctement. C\u2019est pourquoi nous nous concentrons sur la rapidit\u00e9 tout en assurant\u00a0<strong>une fabrication en aluminium de pr\u00e9cision<\/strong>, en veillant \u00e0 ce que vos composants respectent les sp\u00e9cifications exactes d\u00e8s la sortie de la machine.<\/p>\n<p>Nous ne nous contentons pas des pi\u00e8ces brutes ; nous g\u00e9rons l'ensemble du flux de travail. De la premi\u00e8re \u00e9tape\u00a0<strong>usinage CNC personnalis\u00e9 en aluminium<\/strong>\u00a0aux touches finales, nous veillons \u00e0 ce que vos pi\u00e8ces soient pr\u00eates pour la production. Nous pouvons \u00e9galement appliquer des traitements avanc\u00e9s\u00a0<a href=\"https:\/\/haoyumaterial.com\/fr\/services\/surface-treatment\/\">traitement de surface<\/a>\u00a0pour am\u00e9liorer la r\u00e9sistance \u00e0 la corrosion et l'aspect esth\u00e9tique, vous fournissant un prototype qui ressemble et se sent comme le produit final.<\/p>\n<h3>Capacit\u00e9s qui stimulent votre succ\u00e8s<\/h3>\n<p>Que vous ayez besoin d'une seule unit\u00e9 complexe ou\u00a0<strong>production d'aluminium en faible volume<\/strong>, notre atelier est \u00e9quip\u00e9 pour g\u00e9rer\u00a0<strong>pi\u00e8ces en aluminium sur mesure pour les \u00e9quipementiers<\/strong>\u00a0avec une qualit\u00e9 constante. Nous vous aidons \u00e0 combler le foss\u00e9 entre la conception et la fabrication de masse gr\u00e2ce \u00e0 :<\/p>\n<ul>\n<li><strong>Pr\u00e9cision sans compromis :<\/strong>\u00a0Nous maintenons des tol\u00e9rances strictes pour garantir que chaque caract\u00e9ristique correspond parfaitement \u00e0 vos donn\u00e9es CAO.<\/li>\n<li><strong>Solutions \u00e9volutives :<\/strong>\u00a0Nous offrons des\u00a0<strong>outil de pont en aluminium<\/strong>\u00a0solutions qui vous permettent de tester le march\u00e9 avant de vous engager dans un moulage co\u00fbteux.<\/li>\n<li><strong>Vitesse de mise sur le march\u00e9 :<\/strong>\u00a0Notre\u00a0<strong>des outils rapides pour l'aluminium<\/strong>\u00a0les processus r\u00e9duisent consid\u00e9rablement les d\u00e9lais, permettant \u00e0 votre produit d'entrer en phase de test plus rapidement que les m\u00e9thodes traditionnelles.<\/li>\n<\/ul>\n<h2>R\u00e9pondre aux normes industrielles exigeantes<\/h2>\n<p><img loading=\"lazy\" decoding=\"async\" class=\"\" src=\"https:\/\/haoyumaterial.com\/wp-content\/uploads\/2026\/02\/aluminium_prototype_aerospace_automotive_parts_uLW.webp\" alt=\"pi\u00e8ces en aluminium pour l&#039;a\u00e9rospatiale et l&#039;automobile prototypes\" width=\"582\" height=\"388\" \/><\/p>\n<p>Lorsque nous livrons un\u00a0<strong>prototype en aluminium<\/strong>, nous savons qu'il sert souvent d'\u00e9tape critique dans la v\u00e9rification des conceptions pour des environnements \u00e0 enjeux \u00e9lev\u00e9s. Nous ne faisons pas que couper du m\u00e9tal ; nous livrons des pi\u00e8ces qui r\u00e9pondent aux attentes rigoureuses du secteur manufacturier fran\u00e7ais, garantissant une transition fluide de votre projet du concept \u00e0 la validation.<\/p>\n<p>Nous g\u00e9rons r\u00e9guli\u00e8rement des projets n\u00e9cessitant une tra\u00e7abilit\u00e9 compl\u00e8te des mat\u00e9riaux et une stricte conformit\u00e9 aux tol\u00e9rances dimensionnelles. Nos capacit\u00e9s en\u00a0<strong>prototypage m\u00e9tallique personnalis\u00e9<\/strong>\u00a0nous permettent de servir des secteurs o\u00f9 la pr\u00e9cision est non n\u00e9gociable :<\/p>\n<ul>\n<li><strong>A\u00e9rospatiale :<\/strong>\u00a0Nous fabriquons des composants en m\u00e9tal \u00e0 haute r\u00e9sistance et l\u00e9ger\u00a0<a href=\"https:\/\/haoyumaterial.com\/fr\/industries\/aerospace\/\">de l'industrie a\u00e9rospatiale<\/a>\u00a0qui respectent des normes strictes de s\u00e9curit\u00e9 et de performance pour le mat\u00e9riel de vol.<\/li>\n<li><strong>Automobile :<\/strong>\u00a0Des pi\u00e8ces de gestion thermique (comme les dissipateurs de chaleur) aux supports structurels, nous soutenons le d\u00e9veloppement rapide de composants pour v\u00e9hicules \u00e9lectriques et moteurs \u00e0 combustion interne.<\/li>\n<li><strong>M\u00e9dical &amp; D\u00e9fense :<\/strong>\u00a0Nous fournissons des prototypes fiables qui maintiennent stabilit\u00e9 et pr\u00e9cision, m\u00eame dans des conditions op\u00e9rationnelles complexes.<\/li>\n<\/ul>\n<h2>Sp\u00e9cifications techniques et tol\u00e9rances pour prototype en aluminium<\/h2>\n<p>Lorsqu'il s'agit de combler le foss\u00e9 entre la conception et la production, vous avez besoin de chiffres pr\u00e9cis, pas de suppositions. Nous proposons\u00a0<strong>des services d'usinage et de moulage en aluminium avec tol\u00e9rances strictes<\/strong>\u00a0con\u00e7us pour respecter des exigences g\u00e9om\u00e9triques strictes sans retards. En tant que\u00a0<a href=\"https:\/\/haoyumaterial.com\/fr\/aluminum-casting-manufacturer-for-custom-precision-parts\/\">fabricant de moulage en aluminium professionnel pour pi\u00e8ces de pr\u00e9cision sur mesure<\/a>, sp\u00e9cialistes d\u00e9vou\u00e9s,.<\/p>\n<p>nous veillons \u00e0 ce que les sp\u00e9cifications de votre mod\u00e8le CAO correspondent \u00e0 la pi\u00e8ce livr\u00e9e \u00e0 votre quai.\u00a0<strong>prototypage m\u00e9tallique personnalis\u00e9<\/strong>:<\/p>\n<div class=\"table-responsive\">\n<table class=\"table\">\n<thead>\n<tr>\n<th>Sp\u00e9cification<\/th>\n<th>Capacit\u00e9 Standard<\/th>\n<th>Pr\u00e9cision \/ Haut de gamme<\/th>\n<\/tr>\n<\/thead>\n<tbody>\n<tr>\n<td><strong>Tol\u00e9rance dimensionnelle<\/strong><\/td>\n<td>\u00b1 0,1 mm (ISO 2768-m)<\/td>\n<td>\u00b1 0,005 mm (Usinage CNC)<\/td>\n<\/tr>\n<tr>\n<td><strong>Taille maximale de construction<\/strong><\/td>\n<td>500 x 500 x 400 mm<\/td>\n<td>Jusqu'\u00e0 1200 mm (Segment\u00e9)<\/td>\n<\/tr>\n<tr>\n<td><strong>\u00c9paisseur de paroi<\/strong><\/td>\n<td>Min 1,0 mm<\/td>\n<td>Min 0,5 mm (D\u00e9pend de la g\u00e9om\u00e9trie)<\/td>\n<\/tr>\n<tr>\n<td><strong>Rugosit\u00e9 de surface<\/strong><\/td>\n<td>Ra 3,2 \u03bcm (Usin\u00e9)<\/td>\n<td>Ra 0,4 \u03bcm (Poli)<\/td>\n<\/tr>\n<tr>\n<td><strong>D\u00e9lai de livraison<\/strong><\/td>\n<td>7\u201310 jours ouvrables<\/td>\n<td>3\u20135 jours ouvrables (Express)<\/td>\n<\/tr>\n<\/tbody>\n<\/table>\n<\/div>\n<h3>Formats de fichiers accept\u00e9s et donn\u00e9es<\/h3>\n<p>Pour faire avancer votre\u00a0<strong>prototypage rapide en aluminium<\/strong>\u00a0projet imm\u00e9diatement, nous respectons strictement les normes de l'industrie pour l'\u00e9change de donn\u00e9es.<\/p>\n<ul>\n<li><strong>Fichiers 3D :<\/strong>\u00a0STEP (.stp, .step), IGES (.igs, .iges), Parasolid (.x_t), SLDPRT.<\/li>\n<li><strong>Dessins 2D :<\/strong>\u00a0PDF, DWG, DXF (essentiel pour indiquer les filetages, dimensions critiques et sp\u00e9cifications de finition).<\/li>\n<\/ul>\n<h2>Questions fr\u00e9quemment pos\u00e9es sur les prototypes en aluminium<\/h2>\n<p>Nous savons que naviguer\u00a0<strong>prototypage m\u00e9tallique personnalis\u00e9<\/strong>\u00a0peut soulever beaucoup de questions, surtout lorsque les d\u00e9lais sont serr\u00e9s. Voici les r\u00e9ponses aux questions les plus courantes que nous recevons de la part des ing\u00e9nieurs et d\u00e9veloppeurs de produits am\u00e9ricains concernant notre\u00a0<strong>prototype en aluminium<\/strong>\u00a0services.<\/p>\n<h3>Comment choisir entre le 6061 et le 7075 pour mon prototype ?<\/h3>\n<p>Cela d\u00e9pend vraiment de l'application. Si vous avez besoin d'une excellente r\u00e9sistance \u00e0 la corrosion et d'une bonne soudabilit\u00e9 pour des cadres structurels g\u00e9n\u00e9raux ou des pi\u00e8ces automobiles,\u00a0<strong>Pi\u00e8ces usin\u00e9es en aluminium 6061<\/strong>\u00a0sont g\u00e9n\u00e9ralement le choix standard. Cependant, si votre projet implique des applications \u00e0 haute contrainte comme\u00a0<strong>a\u00e9rospatiaux en aluminium<\/strong>, nous recommandons\u00a0<strong>Prototypes en aluminium 7075<\/strong>. Cette qualit\u00e9 offre un rapport r\u00e9sistance-poids comparable \u00e0 celui de certains aciers, ce qui la rend id\u00e9ale pour les pi\u00e8ces sous charge lourde.<\/p>\n<h3>Pouvez-vous aider \u00e0 passer du prototype \u00e0 la production en s\u00e9rie ?<\/h3>\n<p>Absolument. Nous sommes sp\u00e9cialis\u00e9s dans\u00a0<strong>production d'aluminium en faible volume<\/strong>\u00a0pour combler l'\u00e9cart entre le concept initial et la fabrication \u00e0 grande \u00e9chelle. Nous utilisons souvent\u00a0<strong>outil de pont en aluminium<\/strong>\u00a0techniques pour obtenir des pi\u00e8ces plus rapidement pendant que les outils permanents sont en cours de d\u00e9coupe. Si votre conception n\u00e9cessite des g\u00e9om\u00e9tries complexes mieux adapt\u00e9es au moulage, nos\u00a0<a href=\"https:\/\/haoyumaterial.com\/fr\/casting-foundry\/\">capabilit\u00e9s de fonderie de moulage<\/a>\u00a0nous permettent de transformer vos prototypes usin\u00e9s en s\u00e9ries de moulage par investissement \u00e9volutives sans probl\u00e8me.<\/p>\n<h3>Quels finitions de surface proposez-vous ?<\/h3>\n<p><strong>Finition de surface en aluminium<\/strong>\u00a0est essentielle tant pour l'esth\u00e9tique que pour la durabilit\u00e9. Nous proposons toute une gamme d'options de post-traitement pour r\u00e9pondre aux sp\u00e9cifications des \u00e9quipementiers d'origine :<\/p>\n<ul>\n<li><strong>Anodisation (Type II et Type III) :<\/strong>\u00a0Pour une r\u00e9sistance \u00e0 la corrosion sup\u00e9rieure et une personnalisation des couleurs.<\/li>\n<li><strong>Sablage \u00e0 la bille :<\/strong>\u00a0Pour obtenir une texture mate uniforme et dissimuler les marques d'outil.<\/li>\n<li><strong>Peinture en poudre :<\/strong>\u00a0Pour une finition durable et d\u00e9corative adapt\u00e9e aux biens de consommation.<\/li>\n<li><strong>Conversion chromate :<\/strong>\u00a0Pour maintenir la conductivit\u00e9 \u00e9lectrique tout en ajoutant une protection.<\/li>\n<\/ul>\n<h3>Quel est le d\u00e9lai habituel pour le prototypage rapide en aluminium ?<\/h3>\n<p>La rapidit\u00e9 est le ma\u00eetre-mot. Pour standard\u00a0<strong>usinage CNC personnalis\u00e9 en aluminium<\/strong>, nous pouvons souvent exp\u00e9dier des pi\u00e8ces en quelques jours selon la complexit\u00e9. Notre\u00a0<strong>prototypage rapide en aluminium<\/strong>\u00a0flux de travail est optimis\u00e9 pour minimiser les temps d'arr\u00eat, vous permettant de valider votre conception et d'atteindre le march\u00e9 plus rapidement.<\/p>","protected":false},"excerpt":{"rendered":"<p>Custom aluminum prototype services with CNC machining and casting for rapid precise low volume production and aerospace grade alloys. Our [&hellip;]<\/p>\n","protected":false},"featured_media":1790,"comment_status":"open","ping_status":"closed","template":"","meta":{"site-sidebar-layout":"default","site-content-layout":"","ast-site-content-layout":"default","site-content-style":"default","site-sidebar-style":"default","ast-global-header-display":"","ast-banner-title-visibility":"","ast-main-header-display":"","ast-hfb-above-header-display":"","ast-hfb-below-header-display":"","ast-hfb-mobile-header-display":"","site-post-title":"","ast-breadcrumbs-content":"","ast-featured-img":"","footer-sml-layout":"","ast-disable-related-posts":"","theme-transparent-header-meta":"default","adv-header-id-meta":"","stick-header-meta":"","header-above-stick-meta":"","header-main-stick-meta":"","header-below-stick-meta":"","astra-migrate-meta-layouts":"set","ast-page-background-enabled":"default","ast-page-background-meta":{"desktop":{"background-color":"var(--ast-global-color-5)","background-image":"","background-repeat":"repeat","background-position":"center center","background-size":"auto","background-attachment":"scroll","background-type":"","background-media":"","overlay-type":"","overlay-color":"","overlay-opacity":"","overlay-gradient":""},"tablet":{"background-color":"","background-image":"","background-repeat":"repeat","background-position":"center center","background-size":"auto","background-attachment":"scroll","background-type":"","background-media":"","overlay-type":"","overlay-color":"","overlay-opacity":"","overlay-gradient":""},"mobile":{"background-color":"","background-image":"","background-repeat":"repeat","background-position":"center center","background-size":"auto","background-attachment":"scroll","background-type":"","background-media":"","overlay-type":"","overlay-color":"","overlay-opacity":"","overlay-gradient":""}},"ast-content-background-meta":{"desktop":{"background-color":"var(--ast-global-color-4)","background-image":"","background-repeat":"repeat","background-position":"center center","background-size":"auto","background-attachment":"scroll","background-type":"","background-media":"","overlay-type":"","overlay-color":"","overlay-opacity":"","overlay-gradient":""},"tablet":{"background-color":"var(--ast-global-color-4)","background-image":"","background-repeat":"repeat","background-position":"center center","background-size":"auto","background-attachment":"scroll","background-type":"","background-media":"","overlay-type":"","overlay-color":"","overlay-opacity":"","overlay-gradient":""},"mobile":{"background-color":"var(--ast-global-color-4)","background-image":"","background-repeat":"repeat","background-position":"center center","background-size":"auto","background-attachment":"scroll","background-type":"","background-media":"","overlay-type":"","overlay-color":"","overlay-opacity":"","overlay-gradient":""}}},"product_brand":[],"product_cat":[21],"product_tag":[605],"class_list":{"0":"post-1789","1":"product","2":"type-product","3":"status-publish","4":"has-post-thumbnail","6":"product_cat-aluminum-alloy","7":"product_tag-aluminium-prototype","8":"desktop-align-left","9":"tablet-align-left","10":"mobile-align-left","12":"first","13":"instock","14":"shipping-taxable","15":"product-type-simple"},"_links":{"self":[{"href":"https:\/\/haoyumaterial.com\/fr\/wp-json\/wp\/v2\/product\/1789","targetHints":{"allow":["GET"]}}],"collection":[{"href":"https:\/\/haoyumaterial.com\/fr\/wp-json\/wp\/v2\/product"}],"about":[{"href":"https:\/\/haoyumaterial.com\/fr\/wp-json\/wp\/v2\/types\/product"}],"replies":[{"embeddable":true,"href":"https:\/\/haoyumaterial.com\/fr\/wp-json\/wp\/v2\/comments?post=1789"}],"wp:featuredmedia":[{"embeddable":true,"href":"https:\/\/haoyumaterial.com\/fr\/wp-json\/wp\/v2\/media\/1790"}],"wp:attachment":[{"href":"https:\/\/haoyumaterial.com\/fr\/wp-json\/wp\/v2\/media?parent=1789"}],"wp:term":[{"taxonomy":"product_brand","embeddable":true,"href":"https:\/\/haoyumaterial.com\/fr\/wp-json\/wp\/v2\/product_brand?post=1789"},{"taxonomy":"product_cat","embeddable":true,"href":"https:\/\/haoyumaterial.com\/fr\/wp-json\/wp\/v2\/product_cat?post=1789"},{"taxonomy":"product_tag","embeddable":true,"href":"https:\/\/haoyumaterial.com\/fr\/wp-json\/wp\/v2\/product_tag?post=1789"}],"curies":[{"name":"wp","href":"https:\/\/api.w.org\/{rel}","templated":true}]}}