{"id":1816,"date":"2026-02-18T09:08:57","date_gmt":"2026-02-18T01:08:57","guid":{"rendered":"https:\/\/haoyumaterial.com\/"},"modified":"2026-02-18T09:08:57","modified_gmt":"2026-02-18T01:08:57","slug":"high-precision-casting-services-tight-tolerance-metal-parts","status":"publish","type":"product","link":"https:\/\/haoyumaterial.com\/fr\/product\/high-precision-casting-services-tight-tolerance-metal-parts\/","title":{"rendered":"Services de moulage de haute pr\u00e9cision Pi\u00e8ces m\u00e9talliques \u00e0 tol\u00e9rance serr\u00e9e"},"content":{"rendered":"<p>Services de moulage de haute pr\u00e9cision avec tol\u00e9rances serr\u00e9es alliages avanc\u00e9s usinage CNC et finition de surface pour des pi\u00e8ces industrielles complexes.<\/p>\n<h2>Fonderie de Haute Pr\u00e9cision &amp; Fabrication de M\u00e9taux Sur Mesure<\/h2>\n<p>Avez-vous du mal \u00e0 trouver des composants m\u00e9talliques fiables n\u00e9cessitant une pr\u00e9cision dimensionnelle stricte ? Nous sommes sp\u00e9cialis\u00e9s dans\u00a0<strong>fonderie de haute pr\u00e9cision<\/strong>\u00a0et la fabrication de m\u00e9taux sur mesure, con\u00e7us pour r\u00e9pondre \u00e0 vos sp\u00e9cifications exactes. Nous r\u00e9alisons r\u00e9guli\u00e8rement\u00a0<strong>des pi\u00e8ces m\u00e9talliques \u00e0 g\u00e9om\u00e9trie complexe<\/strong>\u00a0avec une pr\u00e9cision au niveau du micron, garantissant que votre produit final fonctionne parfaitement dans le monde r\u00e9el.<\/p>\n<p>Notre fonderie de m\u00e9taux sur mesure est con\u00e7ue pour \u00e9voluer directement avec votre calendrier de projet, offrant une transition fluide du concept initial au d\u00e9ploiement final :<\/p>\n<ul>\n<li><strong>Pr\u00e9cision au niveau du micron :<\/strong>\u00a0Ex\u00e9cution impeccable de dessins complexes avec les tol\u00e9rances dimensionnelles les plus strictes.<\/li>\n<li><strong>Coul\u00e9e par prototypage rapide :<\/strong>\u00a0D\u00e9lai d'ex\u00e9cution rapide et fiable pour tester, valider et perfectionner vos conceptions initiales.<\/li>\n<li><strong>Production en s\u00e9rie :<\/strong>\u00a0Croissance \u00e9conomique et sans couture, du lot de preuve de concept \u00e0 faible volume \u00e0 la production en s\u00e9rie \u00e0 volume \u00e9lev\u00e9.<\/li>\n<\/ul>\n<p>Arr\u00eatez de faire des compromis sur la qualit\u00e9 des composants et les d\u00e9lais de production.\u00a0<strong>Demandez un devis personnalis\u00e9<\/strong>\u00a0aujourd'hui pour lancer votre prochain projet, ou explorez notre liste compl\u00e8te de capacit\u00e9s de moulage et\u00a0<strong>des services d'usinage CNC de pr\u00e9cision<\/strong>\u00a0pour voir exactement comment nous pouvons optimiser votre cha\u00eene d'approvisionnement en fabrication.<\/p>\n<h2>Qu'est-ce qui distingue notre moulage de pr\u00e9cision ?<\/h2>\n<h3>Synergie du moulage en forme nette et de l'usinage CNC de pr\u00e9cision<\/h3>\n<p>Nous ne faisons pas que verser du m\u00e9tal ; nous concevons la pr\u00e9cision. Notre processus de fabrication int\u00e8gre la libert\u00e9 g\u00e9om\u00e9trique de\u00a0<strong>Moulage en forme nette<\/strong>\u00a0avec les tol\u00e9rances strictes de\u00a0<strong>Services de usinage CNC de pr\u00e9cision<\/strong>. Cette approche hybride nous permet de produire\u00a0<strong>Pi\u00e8ces m\u00e9talliques \u00e0 g\u00e9om\u00e9trie complexe<\/strong>\u2014 y compris des canaux internes intricats et des structures \u00e0 parois fines \u2014 que les m\u00e9thodes d'usinage traditionnelles ont souvent du mal \u00e0 reproduire efficacement.<\/p>\n<h3>Efficacit\u00e9 et Excellence de Surface<\/h3>\n<p>En se concentrant sur la production en forme quasi d\u00e9finitive, nous minimisons drastiquement le gaspillage de mati\u00e8res premi\u00e8res et r\u00e9duisons les temps de cycle. Cette efficacit\u00e9 est essentielle que nous moulions des composants industriels lourds ou l\u00e9gers\u00a0<a href=\"https:\/\/haoyumaterial.com\/fr\/categorie-produit\/aluminum-alloy\/\">alliages d'aluminium.<\/a>. Vous obtenez une pi\u00e8ce fonctionnellement compl\u00e8te d\u00e8s la sortie du moule, n\u00e9cessitant seulement un finissage minimal.<\/p>\n<ul>\n<li><strong>R\u00e9duction des D\u00e9chets :<\/strong>\u00a0La mise en forme en forme quasi d\u00e9finitive r\u00e9duit la quantit\u00e9 de mati\u00e8re premi\u00e8re \u00e0 enlever, ce qui diminue le co\u00fbt global du projet.<\/li>\n<li><strong>Finition sup\u00e9rieure :<\/strong>\u00a0Nous obtenons une finition de surface de haute qualit\u00e9\u00a0<strong>RMS de Finition de Surface de Moulage<\/strong>, en fournissant constamment une rugosit\u00e9 moyenne (Ra) de 3,2-6,3 $mu m$.<\/li>\n<\/ul>\n<h2>Sp\u00e9cifications techniques et tol\u00e9rances<\/h2>\n<p>Chez Haoyu, nous consid\u00e9rons les sp\u00e9cifications comme des exigences, pas des suggestions. En tant que fabricant certifi\u00e9\u00a0<strong>ISO 9001 de fonderie<\/strong>, nous combinons des techniques de fonderie \u00e9prouv\u00e9es avec la m\u00e9trologie moderne pour garantir la fiabilit\u00e9. En tirant parti\u00a0<a href=\"https:\/\/haoyumaterial.com\/fr\/advanced-casting-technology-for-improved-foundry-yield-and-metal-purity\/\">la technologie de moulage avanc\u00e9e<\/a>, nous maintenons un contr\u00f4le strict de la puret\u00e9 du m\u00e9tal et de la stabilit\u00e9 dimensionnelle, assurant que vos\u00a0<strong>fonderie de haute pr\u00e9cision<\/strong>\u00a0projets fonctionnent exactement comme pr\u00e9vu.<\/p>\n<p>Nous comblons le foss\u00e9 entre la fonderie brute et l'ing\u00e9nierie de pr\u00e9cision gr\u00e2ce aux capacit\u00e9s suivantes :<\/p>\n<ul>\n<li><strong>M\u00e9thodes polyvalentes :<\/strong>\u00a0Nous sommes sp\u00e9cialis\u00e9s dans le\u00a0<strong>Processus de coul\u00e9e sous pression<\/strong>\u00a0(Cire perdue), ainsi que la coul\u00e9e sous pression et sous vide pour des alliages sp\u00e9cialis\u00e9s n\u00e9cessitant une fusion plus propre.<\/li>\n<li><strong>Pr\u00e9cision extr\u00eame :<\/strong>\u00a0Nous atteignons des tol\u00e9rances standard de moulage selon ISO 8062 CT4-CT6. Pour les surfaces d'accouplement critiques n\u00e9cessitant\u00a0<strong>Pi\u00e8ces m\u00e9talliques \u00e0 tol\u00e9rance serr\u00e9e<\/strong>, nos op\u00e9rations CNC internes r\u00e9duisent la pr\u00e9cision jusqu'\u00e0 $pm 0,005$mm.<\/li>\n<li><strong>Excellence de surface :<\/strong>\u00a0Nos finitions standard vont de Ra 3,2 \u00e0 6,3 $mu m$. Nous proposons \u00e9galement un \u00e9lectropolissage et une finition miroir pour r\u00e9pondre \u00e0 des\u00a0<strong>RMS de Finition de Surface de Moulage<\/strong>\u00a0exigences sp\u00e9cifiques pour des applications m\u00e9dicales ou a\u00e9rospatiales.<\/li>\n<\/ul>\n<h3>Aper\u00e7u des capacit\u00e9s<\/h3>\n<div class=\"table-responsive\">\n<table class=\"table\">\n<thead>\n<tr>\n<th>Caract\u00e9ristique<\/th>\n<th>Sp\u00e9cification<\/th>\n<\/tr>\n<\/thead>\n<tbody>\n<tr>\n<td><strong>Processus de moulage<\/strong><\/td>\n<td>\u00a0 \u00a0 \u00a0Investissement (cire perdue), vide, pression<\/td>\n<\/tr>\n<tr>\n<td><strong>Tol\u00e9rance dimensionnelle<\/strong><\/td>\n<td>\u00a0 \u00a0 \u00a0 \u00a0 \u00a0 \u00a0ISO 8062 CT4-CT6 (brut de fonderie)<\/td>\n<\/tr>\n<tr>\n<td><strong>Pr\u00e9cision CNC<\/strong><\/td>\n<td>\u00a0 \u00a0 \u00a0 \u00a0 \u00a0 \u00a0 \u00a0Jusqu'\u00e0 $pm 0.005$mm<\/td>\n<\/tr>\n<tr>\n<td><strong>Gamme de poids des pi\u00e8ces<\/strong><\/td>\n<td>\u00a0 \u00a0 \u00a0 \u00a0 \u00a0 \u00a0 0.005 kg \u00e0 150 kg<\/td>\n<\/tr>\n<tr>\n<td><strong>\u00c9paisseur minimale de paroi<\/strong><\/td>\n<td>\u00a0 \u00a0 \u00a0 \u00a0 \u00a0 \u00a01,0 mm (selon le mat\u00e9riau)<\/td>\n<\/tr>\n<tr>\n<td><strong>Rugosit\u00e9 de surface<\/strong><\/td>\n<td>\u00a0 \u00a0 \u00a0 \u00a0Ra 3,2 \u2013 6,3 $mu m$ (Standard)<\/td>\n<\/tr>\n<\/tbody>\n<\/table>\n<\/div>\n<h2>Alliage de haute performance en fusion<\/h2>\n<p><img loading=\"lazy\" decoding=\"async\" class=\"alignnone  wp-image-1818\" src=\"https:\/\/haoyumaterial.com\/wp-content\/uploads\/2026\/02\/high-precision-casting-225x300.png\" alt=\"\" width=\"344\" height=\"459\" srcset=\"https:\/\/haoyumaterial.com\/wp-content\/uploads\/2026\/02\/high-precision-casting-225x300.png 225w, https:\/\/haoyumaterial.com\/wp-content\/uploads\/2026\/02\/high-precision-casting-9x12.png 9w, https:\/\/haoyumaterial.com\/wp-content\/uploads\/2026\/02\/high-precision-casting.png 433w\" sizes=\"auto, (max-width: 344px) 100vw, 344px\" \/><\/p>\n<p>Fournir des pi\u00e8ces fiables par\u00a0<strong>fonderie de haute pr\u00e9cision<\/strong>\u00a0signifie commencer avec le m\u00e9tal exact. Nous apportons une expertise approfondie du mat\u00e9riau \u00e0 votre projet pour garantir une stabilit\u00e9 thermique et chimique stricte, en particulier pour les composants fonctionnant dans des environnements difficiles.<\/p>\n<p>Que votre production bas\u00e9e aux \u00c9tats-Unis n\u00e9cessite une r\u00e9sistance \u00e0 la corrosion sup\u00e9rieure ou une r\u00e9sistance \u00e0 la traction \u00e9lev\u00e9e sous une chaleur extr\u00eame, nous versons l'alliage pr\u00e9cis que le travail exige.<\/p>\n<h3>Capacit\u00e9s des mat\u00e9riaux<\/h3>\n<ul>\n<li><strong>Acier inoxydable et duplex :<\/strong>\u00a0Fiable\u00a0<strong>la coul\u00e9e d'investissement en acier inoxydable<\/strong>\u00a0dans des grades comme 304, 316L et 2205 pour une durabilit\u00e9 exceptionnelle et une r\u00e9sistance \u00e0 la rouille.<\/li>\n<li><strong>Superalliages et mat\u00e9riaux \u00e0 haute temp\u00e9rature :<\/strong>\u00a0Tr\u00e8s robuste\u00a0<a href=\"https:\/\/haoyumaterial.com\/fr\/material-classification-and-product-applications-of-superalloys\/\">fonderie de superalliages<\/a>\u00a0utilisant des m\u00e9taux comme Inconel et Hastelloy pour maintenir l'int\u00e9grit\u00e9 structurelle sous une chaleur et une pression intenses.<\/li>\n<li><strong>Alliages non ferreux :<\/strong>\u00a0Options polyvalentes, l\u00e9g\u00e8res et conductrices comprenant le titane, le cuivre et une tol\u00e9rance \u00e9lev\u00e9e\u00a0<a href=\"https:\/\/haoyumaterial.com\/fr\/product\/aluminum-die-casting-services-high-precision-oem-manufacturer-aluminum-die-casting-services-with-200t3500t-machines-tight-tolerances-multiple-alloys-cnc-machining-and-finishing-for-oem-industries\/\">services de moulage en aluminium<\/a>.<\/li>\n<li><strong>Mat\u00e9riaux sp\u00e9cialis\u00e9s :<\/strong>\u00a0M\u00e9taux avanc\u00e9s tels que le chrome, le cobalt, le molybd\u00e8ne pour des applications m\u00e9dicales strictes, a\u00e9rospatiales et industrielles \u00e0 forte usure.<\/li>\n<\/ul>\n<h2>De la conception \u00e0 la pi\u00e8ce finie : Notre processus<\/h2>\n<p>Nous prenons en charge votre projet de A \u00e0 Z, en le guidant d'un concept num\u00e9rique \u00e0 un composant pr\u00eat \u00e0 la production. En int\u00e9grant\u00a0<strong>Moulage en forme nette<\/strong>\u00a0les principes d\u00e8s le d\u00e9but, nous rationalisons la fabrication pour vous faire gagner du temps et de l'argent. Nous g\u00e9rons chaque variable pour que le produit final corresponde exactement \u00e0 vos sp\u00e9cifications d'impression.<\/p>\n<p>Voici comment nous transformons une ing\u00e9nierie complexe en r\u00e9alit\u00e9 :<\/p>\n<ul>\n<li><strong>R&amp;D et outillage :<\/strong>\u00a0Nous ne faisons pas que deviner ; nous simulons. En utilisant des logiciels avanc\u00e9s de CAO et de simulation de flux, nous analysons les sch\u00e9mas de solidification pour concevoir des outils qui \u00e9liminent la porosit\u00e9 et le retrait avant m\u00eame de couler le m\u00e9tal.<\/li>\n<li><strong>Injection de cire et construction de coquilles :<\/strong>\u00a0La coh\u00e9rence est essentielle dans le\u00a0<strong>Processus de coul\u00e9e sous pression<\/strong>. Nous utilisons une injection de cire automatis\u00e9e pour cr\u00e9er des copies pr\u00e9cises, suivie de la construction de coquilles en c\u00e9ramique haute r\u00e9sistance qui d\u00e9finissent la finition de surface finale.<\/li>\n<li><strong>Op\u00e9rations Secondaires :<\/strong>\u00a0Une fois que le m\u00e9tal refroidit, nous affinons la pi\u00e8ce. Cette \u00e9tape comprend la d\u00e9coupe, le meulage et l'utilisation de nos\u00a0<a href=\"https:\/\/haoyumaterial.com\/fr\/services\/\">services d'usinage complets<\/a>\u00a0pour atteindre des tol\u00e9rances aussi serr\u00e9es que $pm 0,005$mm gr\u00e2ce \u00e0\u00a0<strong>Services de usinage CNC de pr\u00e9cision<\/strong>.<\/li>\n<li><strong>Contr\u00f4le de qualit\u00e9 :<\/strong>\u00a0Nous v\u00e9rifions chaque sp\u00e9cification. En utilisant une CMM pour la pr\u00e9cision dimensionnelle, des spectrom\u00e8tres pour l'analyse chimique, et des m\u00e9thodes NDT, nous garantissons que chaque pi\u00e8ce respecte les normes strictes d'une entreprise de premier ordre.\u00a0<strong>ISO 9001 de fonderie<\/strong>.<\/li>\n<\/ul>\n<h2>Fait confiance aux industries critiques<\/h2>\n<p><img loading=\"lazy\" decoding=\"async\" class=\"alignnone  wp-image-1819\" src=\"https:\/\/haoyumaterial.com\/wp-content\/uploads\/2026\/02\/8620-Alloy-steel-300x300.jpg\" alt=\"\" width=\"355\" height=\"355\" srcset=\"https:\/\/haoyumaterial.com\/wp-content\/uploads\/2026\/02\/8620-Alloy-steel-300x300.jpg 300w, https:\/\/haoyumaterial.com\/wp-content\/uploads\/2026\/02\/8620-Alloy-steel-150x150.jpg 150w, https:\/\/haoyumaterial.com\/wp-content\/uploads\/2026\/02\/8620-Alloy-steel-768x768.jpg 768w, https:\/\/haoyumaterial.com\/wp-content\/uploads\/2026\/02\/8620-Alloy-steel-12x12.jpg 12w, https:\/\/haoyumaterial.com\/wp-content\/uploads\/2026\/02\/8620-Alloy-steel-600x600.jpg 600w, https:\/\/haoyumaterial.com\/wp-content\/uploads\/2026\/02\/8620-Alloy-steel-100x100.jpg 100w, https:\/\/haoyumaterial.com\/wp-content\/uploads\/2026\/02\/8620-Alloy-steel.jpg 900w\" sizes=\"auto, (max-width: 355px) 100vw, 355px\" \/><\/p>\n<p>Lorsque la s\u00e9curit\u00e9 et la performance sont non n\u00e9gociables, notre\u00a0<strong>fonderie de haute pr\u00e9cision<\/strong>\u00a0fournit. Nous ne faisons pas que couler du m\u00e9tal ; nous concevons des solutions pour des secteurs o\u00f9 l\u2019\u00e9chec n\u2019est pas une option.\u00a0<strong>des pi\u00e8ces m\u00e9talliques \u00e0 g\u00e9om\u00e9trie complexe<\/strong>\u00a0Notre processus garantit que m\u00eame les plus.<\/p>\n<ul>\n<li><strong>A\u00e9rospatiale :<\/strong>\u00a0r\u00e9pondent aux normes rigoureuses exig\u00e9es par les fabricants fran\u00e7ais.\u00a0<strong>Nous fabriquons des composants critiques pour l\u2019aviation comme des turbines et des \u00e9l\u00e9ments structurels.<\/strong>\u00a0La coul\u00e9e de qualit\u00e9 a\u00e9ronautique.<\/li>\n<li><strong>\u00c9nergie &amp; Puissance :<\/strong>\u00a0exige une perfection absolue, et nous fournissons la tra\u00e7abilit\u00e9 et l\u2019int\u00e9grit\u00e9 mat\u00e9rielle n\u00e9cessaires pour des performances en haute altitude.\u00a0<a href=\"https:\/\/haoyumaterial.com\/fr\/industries\/oil-gas\/\">industrie du p\u00e9trole et du gaz<\/a>.<\/li>\n<li><strong>Automobile :<\/strong>\u00a0L'efficacit\u00e9 motive cette industrie. Nous produisons des composants et des n\u0153uds de turbocompresseur l\u00e9gers et r\u00e9sistants, souvent en utilisant\u00a0<a href=\"https:\/\/haoyumaterial.com\/fr\/aluminum-casting-manufacturer-for-custom-precision-parts\/\">fonte d'aluminium sur mesure<\/a>\u00a0pour am\u00e9liorer la consommation de carburant sans sacrifier la durabilit\u00e9.<\/li>\n<li><strong>pour garantir des performances parfaites sous une pression extr\u00eame et des temp\u00e9ratures \u00e9lev\u00e9es.<\/strong>\u00a0La pr\u00e9cision est essentielle lorsque des vies sont en jeu. Nous moulons des implants complexes et des instruments chirurgicaux avec des mat\u00e9riaux biocompatibles, garantissant des finitions lisses et des tol\u00e9rances exactes.<\/li>\n<\/ul>\n<p>Nous comprenons les d\u00e9fis r\u00e9glementaires et de qualit\u00e9 uniques dans ces domaines. Qu'il s'agisse des normes ISO ou de certifications sp\u00e9cifiques des mat\u00e9riaux, nous alignons notre production sur le rythme de votre secteur.<\/p>\n<h2>L'avantage Haoyu en fabrication de pr\u00e9cision<\/h2>\n<p>Assurance Qualit\u00e9 &amp; Support Technique\u00a0<strong>fonderie de haute pr\u00e9cision<\/strong>, vous avez besoin de plus qu'un simple fournisseur ; vous avez besoin d'un partenaire qui comprend l'enjeu. Nous combinons technologie avanc\u00e9e et expertise pratique pour fournir des r\u00e9sultats qui maintiennent votre ligne de production en mouvement.<\/p>\n<h3>Gestion de la production int\u00e9gr\u00e9e<\/h3>\n<p>Nous avons rationalis\u00e9 toute notre op\u00e9ration pour \u00e9liminer les retards inutiles. En gardant les processus critiques en interne \u2014 du d\u00e9but\u00a0<strong>Processus de moulage par investissement<\/strong>\u00a0\u00e0 la finition finale \u2014 nous r\u00e9duisons consid\u00e9rablement les d\u00e9lais. Vous recevez vos pi\u00e8ces plus rapidement, ce qui vous permet de rester en avance sur la demande du march\u00e9 sans sacrifier la qualit\u00e9.<\/p>\n<h3>Personnalisation Strictement Conforme \u00e0 Votre Plan<\/h3>\n<p>Nous ne croyons pas au \u201c presque \u201d. En tant que\u00a0<strong>fabricant de moulages ISO 9001<\/strong>, nous nous engageons \u00e0 une personnalisation compl\u00e8te qui respecte strictement vos dessins d'ing\u00e9nierie. Que vous d\u00e9veloppiez des composants a\u00e9rospatiaux complexes ou\u00a0<a href=\"https:\/\/haoyumaterial.com\/fr\/valve-castings-manufacturer-custom-oem-valve-bodies\/\">corps de vanne OEM sur mesure<\/a>, nous veillons \u00e0 ce que chaque caract\u00e9ristique r\u00e9ponde exactement \u00e0 vos sp\u00e9cifications. Notre \u00e9quipe est comp\u00e9tente pour g\u00e9rer des g\u00e9om\u00e9tries complexes que d'autres ateliers pourraient refuser.<\/p>\n<h3>Support d'ing\u00e9nierie expert<\/h3>\n<p>Arr\u00eatez de perdre du temps \u00e0 expliquer les exigences techniques aux commerciaux. Avec Haoyu, vous avez un acc\u00e8s direct \u00e0 nos ing\u00e9nieurs m\u00e9tallurgistes. Nous travaillons avec vous pour r\u00e9soudre des d\u00e9fis de conception complexes et optimiser votre strat\u00e9gie d'outillage. Si vous naviguez entre le co\u00fbt et la durabilit\u00e9, notre \u00e9quipe peut vous aider \u00e0 appliquer les principes de notre\u00a0<a href=\"https:\/\/haoyumaterial.com\/fr\/investment-mould-guide-tooling-costs-materials-lifespan\/\">guide des moules d'investissement<\/a>\u00a0\u00e0 votre projet sp\u00e9cifique. Cette collaboration vous garantit de tirer le meilleur parti de nos\u00a0<strong>des services d'usinage CNC de pr\u00e9cision<\/strong>\u00a0et de nos capacit\u00e9s de moulage.<\/p>\n<h2>Questions fr\u00e9quemment pos\u00e9es sur la coul\u00e9e de pr\u00e9cision<\/h2>\n<p>Naviguer dans le c\u00f4t\u00e9 technique de la fabrication sur mesure peut \u00eatre complexe. Voici des r\u00e9ponses simples aux questions les plus courantes que nous recevons concernant nos\u00a0<strong>fonderie de haute pr\u00e9cision<\/strong>\u00a0capacit\u00e9s. Pour plus de d\u00e9tails sur la logistique et les paiements, vous pouvez consulter nos\u00a0<a href=\"https:\/\/haoyumaterial.com\/fr\/faqs\/\">FAQ compl\u00e8tes sur la fabrication<\/a>.<\/p>\n<h3>Diff\u00e9rence entre la coul\u00e9e sous pression et la coul\u00e9e de pr\u00e9cision<\/h3>\n<p>Bien que souvent utilis\u00e9s de mani\u00e8re interchangeable, il existe une distinction technique.\u00a0<strong>Coul\u00e9e de pr\u00e9cision<\/strong>\u00a0est le terme g\u00e9n\u00e9rique pour tout proc\u00e9d\u00e9 de moulage qui offre des tol\u00e9rances serr\u00e9es, une faible rugosit\u00e9 de surface et des formes proches de la pi\u00e8ce finale.<\/p>\n<ul>\n<li><strong>La cat\u00e9gorie :<\/strong>\u00a0La coul\u00e9e de pr\u00e9cision inclut diverses m\u00e9thodes comme le moulage en pl\u00e2tre, le moulage en c\u00e9ramique et la cire perdue.<\/li>\n<li><strong>Le proc\u00e9d\u00e9 :<\/strong>\u00a0Le\u00a0<strong>Processus de coul\u00e9e sous pression<\/strong>\u00a0(Cire perdue) est le plus populaire\u00a0<em>type<\/em>\u00a0de moulage de pr\u00e9cision.<\/li>\n<li><strong>Verdict :<\/strong>\u00a0Tous les moulages par investissement sont des moulages de pr\u00e9cision, mais tous les moulages de pr\u00e9cision ne sont pas des moulages par investissement.<\/li>\n<\/ul>\n<h3>Quantit\u00e9s Minimales de Commande (QMC)<\/h3>\n<p>Nous comprenons que les besoins du projet varient de la R&amp;D au lancement complet sur le march\u00e9. Nous n'imposons pas de minimums restrictifs en volume \u00e9lev\u00e9.<\/p>\n<ul>\n<li><strong>Coul\u00e9e par prototypage rapide :<\/strong>\u00a0Nous acceptons les commandes unitaires pour vous aider \u00e0 valider les conceptions et les g\u00e9om\u00e9tries.<\/li>\n<li><strong>Production \u00e0 faible volume :<\/strong>\u00a0Id\u00e9al pour les machines industrielles sp\u00e9cialis\u00e9es ou les tests de march\u00e9.<\/li>\n<li><strong>Production en s\u00e9rie :<\/strong>\u00a0Lignes automatis\u00e9es \u00e9volutives pour les commandes en volume \u00e9lev\u00e9 avec des co\u00fbts par unit\u00e9 optimis\u00e9s.<\/li>\n<\/ul>\n<h3>Disponibilit\u00e9 des services de traitement thermique<\/h3>\n<p>La coul\u00e9e n'est souvent que le d\u00e9but. Pour garantir que vos pi\u00e8ces r\u00e9pondent \u00e0 des exigences m\u00e9caniques strictes, nous proposons des services complets de traitement thermique apr\u00e8s la coul\u00e9e. Cela est crucial pour maximiser la performance des mat\u00e9riaux sp\u00e9cialis\u00e9s, tels que\u00a0<a href=\"https:\/\/haoyumaterial.com\/fr\/cobalt-alloy-casting\/\">pi\u00e8ces en alliage \u00e0 base de cobalt<\/a>\u00a0ou des aciers inoxydables \u00e0 durcissement par pr\u00e9cipitation.<\/p>\n<div class=\"table-responsive\">\n<table class=\"table\">\n<thead>\n<tr>\n<th>Type de traitement<\/th>\n<th>Avantage principal<\/th>\n<\/tr>\n<\/thead>\n<tbody>\n<tr>\n<td><strong>Solution de recuit<\/strong><\/td>\n<td>Restaure la r\u00e9sistance \u00e0 la corrosion et la ductilit\u00e9 apr\u00e8s la coul\u00e9e.<\/td>\n<\/tr>\n<tr>\n<td><strong>Trempe et revenu<\/strong><\/td>\n<td>Augmente la duret\u00e9 et la limite d'\u00e9lasticit\u00e9.<\/td>\n<\/tr>\n<tr>\n<td><strong>Vieillissement (durcissement par pr\u00e9cipitation)<\/strong><\/td>\n<td>Maximise la r\u00e9sistance dans les superalliages et les grades sp\u00e9ciaux.<\/td>\n<\/tr>\n<\/tbody>\n<\/table>\n<\/div>","protected":false},"excerpt":{"rendered":"<p>High precision casting services with tight tolerances advanced alloys CNC machining and surface finishing for complex industrial parts. High Precision [&hellip;]<\/p>\n","protected":false},"featured_media":1817,"comment_status":"open","ping_status":"closed","template":"","meta":{"site-sidebar-layout":"default","site-content-layout":"","ast-site-content-layout":"default","site-content-style":"default","site-sidebar-style":"default","ast-global-header-display":"","ast-banner-title-visibility":"","ast-main-header-display":"","ast-hfb-above-header-display":"","ast-hfb-below-header-display":"","ast-hfb-mobile-header-display":"","site-post-title":"","ast-breadcrumbs-content":"","ast-featured-img":"","footer-sml-layout":"","ast-disable-related-posts":"","theme-transparent-header-meta":"default","adv-header-id-meta":"","stick-header-meta":"","header-above-stick-meta":"","header-main-stick-meta":"","header-below-stick-meta":"","astra-migrate-meta-layouts":"set","ast-page-background-enabled":"default","ast-page-background-meta":{"desktop":{"background-color":"var(--ast-global-color-5)","background-image":"","background-repeat":"repeat","background-position":"center center","background-size":"auto","background-attachment":"scroll","background-type":"","background-media":"","overlay-type":"","overlay-color":"","overlay-opacity":"","overlay-gradient":""},"tablet":{"background-color":"","background-image":"","background-repeat":"repeat","background-position":"center center","background-size":"auto","background-attachment":"scroll","background-type":"","background-media":"","overlay-type":"","overlay-color":"","overlay-opacity":"","overlay-gradient":""},"mobile":{"background-color":"","background-image":"","background-repeat":"repeat","background-position":"center center","background-size":"auto","background-attachment":"scroll","background-type":"","background-media":"","overlay-type":"","overlay-color":"","overlay-opacity":"","overlay-gradient":""}},"ast-content-background-meta":{"desktop":{"background-color":"var(--ast-global-color-4)","background-image":"","background-repeat":"repeat","background-position":"center center","background-size":"auto","background-attachment":"scroll","background-type":"","background-media":"","overlay-type":"","overlay-color":"","overlay-opacity":"","overlay-gradient":""},"tablet":{"background-color":"var(--ast-global-color-4)","background-image":"","background-repeat":"repeat","background-position":"center center","background-size":"auto","background-attachment":"scroll","background-type":"","background-media":"","overlay-type":"","overlay-color":"","overlay-opacity":"","overlay-gradient":""},"mobile":{"background-color":"var(--ast-global-color-4)","background-image":"","background-repeat":"repeat","background-position":"center center","background-size":"auto","background-attachment":"scroll","background-type":"","background-media":"","overlay-type":"","overlay-color":"","overlay-opacity":"","overlay-gradient":""}}},"product_brand":[],"product_cat":[17,21,25,22,24],"product_tag":[617],"class_list":{"0":"post-1816","1":"product","2":"type-product","3":"status-publish","4":"has-post-thumbnail","6":"product_cat-stainless-steel","7":"product_cat-aluminum-alloy","8":"product_cat-copper-alloy","9":"product_cat-high-temperature-alloy","10":"product_cat-titanium-alloy","11":"product_tag-high-precision-casting","12":"desktop-align-left","13":"tablet-align-left","14":"mobile-align-left","16":"first","17":"instock","18":"shipping-taxable","19":"product-type-simple"},"_links":{"self":[{"href":"https:\/\/haoyumaterial.com\/fr\/wp-json\/wp\/v2\/product\/1816","targetHints":{"allow":["GET"]}}],"collection":[{"href":"https:\/\/haoyumaterial.com\/fr\/wp-json\/wp\/v2\/product"}],"about":[{"href":"https:\/\/haoyumaterial.com\/fr\/wp-json\/wp\/v2\/types\/product"}],"replies":[{"embeddable":true,"href":"https:\/\/haoyumaterial.com\/fr\/wp-json\/wp\/v2\/comments?post=1816"}],"wp:featuredmedia":[{"embeddable":true,"href":"https:\/\/haoyumaterial.com\/fr\/wp-json\/wp\/v2\/media\/1817"}],"wp:attachment":[{"href":"https:\/\/haoyumaterial.com\/fr\/wp-json\/wp\/v2\/media?parent=1816"}],"wp:term":[{"taxonomy":"product_brand","embeddable":true,"href":"https:\/\/haoyumaterial.com\/fr\/wp-json\/wp\/v2\/product_brand?post=1816"},{"taxonomy":"product_cat","embeddable":true,"href":"https:\/\/haoyumaterial.com\/fr\/wp-json\/wp\/v2\/product_cat?post=1816"},{"taxonomy":"product_tag","embeddable":true,"href":"https:\/\/haoyumaterial.com\/fr\/wp-json\/wp\/v2\/product_tag?post=1816"}],"curies":[{"name":"wp","href":"https:\/\/api.w.org\/{rel}","templated":true}]}}