{"id":2022,"date":"2026-03-10T17:11:03","date_gmt":"2026-03-10T09:11:03","guid":{"rendered":"https:\/\/haoyumaterial.com\/?post_type=product&#038;p=2022"},"modified":"2026-03-10T17:21:56","modified_gmt":"2026-03-10T09:21:56","slug":"cnc-machining-aluminum-castings","status":"publish","type":"product","link":"https:\/\/haoyumaterial.com\/fr\/product\/cnc-machining-aluminum-castings\/","title":{"rendered":"Usinage CNC de pi\u00e8ces en aluminium, services de pr\u00e9cision"},"content":{"rendered":"<h2>Usinage CNC d'aluminium moul\u00e9 : Du moule brut \u00e0 la pi\u00e8ce de pr\u00e9cision<\/h2>\n<p>Lors de la coul\u00e9e de moules en aluminium fondu, atteindre la g\u00e9om\u00e9trie finale exacte est rarement possible d\u00e8s la sortie du moule. Bien que les techniques modernes de moulage en aluminium excellent \u00e0 cr\u00e9er rapidement des formes complexes proches de la masse finale, elles laissent intrins\u00e8quement des imperfections de surface, des angles de tirage et des tol\u00e9rances qui ne r\u00e9pondent pas aux exigences strictes de l'ing\u00e9nierie.<\/p>\n<p>Pour combler l'\u00e9cart entre un composant moul\u00e9 brut et une pi\u00e8ce enti\u00e8rement fonctionnelle et haute performance, l'usinage secondaire des moulages est absolument essentiel.<\/p>\n<p>En tant que fournisseur de services complet et fournisseur de traitement de l'aluminium, Vastmaterial prend en charge cette transition critique. Nous utilisons des proc\u00e9d\u00e9s avanc\u00e9s de fabrication soustractive pour affiner les moulages bruts, en veillant \u00e0 ce que chaque composant r\u00e9ponde \u00e0 vos sp\u00e9cifications exactes.<\/p>\n<ul>\n<li><strong>Nos \u00e9quipes d'ing\u00e9nierie et de production se concentrent strictement sur la livraison du plus haut standard d'usinage de pr\u00e9cision :<\/strong> Pr\u00e9cision dimensionnelle ultime :.<\/li>\n<li><strong>Nous fraisons, tournons et forons habilement des pi\u00e8ces moul\u00e9es pour atteindre des tol\u00e9rances exceptionnellement strictes requises pour des assemblages complexes et des surfaces d'accouplement pr\u00e9cises.<\/strong> Les caract\u00e9ristiques critiques telles que les trous taraud\u00e9s, les voies fluides et les si\u00e8ges de roulement sont usin\u00e9es \u00e0 la perfection pour garantir une fonctionnalit\u00e9 impeccable sur le terrain.<\/li>\n<li><strong>Fiabilit\u00e9 de bout en bout :<\/strong> En g\u00e9rant la transition du moulage brut \u00e0 la pi\u00e8ce finie CNC sous un m\u00eame toit, nous \u00e9liminons la friction entre fournisseurs, r\u00e9duisons les d\u00e9lais et maintenons un contr\u00f4le qualit\u00e9 rigoureux.<\/li>\n<\/ul>\n<h2>Capacit\u00e9s principales d'usinage CNC pour pi\u00e8ces moul\u00e9es<\/h2>\n<p>Peu importe la <a href=\"https:\/\/haoyumaterial.com\/fr\/cast-aluminum-guide-properties-processes-and-applications\/\">techniques de moulage en aluminium<\/a> sur lesquelles vous comptez, transformer une pi\u00e8ce brute en un \u00e9tat final fonctionnel n\u00e9cessite une fabrication soustractive robuste. En tant que fournisseur de services d\u00e9di\u00e9 et fournisseur de traitement de l'aluminium, nous disposons de la gamme d'\u00e9quipements exacte pour atteindre vos objectifs.<\/p>\n<p>Voici comment nous apportons la pr\u00e9cision de l'usinage \u00e0 vos composants moul\u00e9s:<\/p>\n<ul>\n<li><strong>Fraisage CNC Vertical &amp; Horizontal :<\/strong> Con\u00e7u pour g\u00e9rer des g\u00e9om\u00e9tries complexes et des surfaces parfaitement planes. C'est ici qu'une forme grossi\u00e8re est affin\u00e9e en une pi\u00e8ce pr\u00e9cise <strong>Fonderie en aluminium usin\u00e9e par CNC<\/strong>.<\/li>\n<li><strong>Tournage CNC &amp; Op\u00e9rations de tour :<\/strong> La norme pour cr\u00e9er des caract\u00e9ristiques cylindriques pr\u00e9cises, un filetage propre et un al\u00e9sage profond avec une pr\u00e9cision dimensionnelle extr\u00eame.<\/li>\n<li><strong>Usinage multi-axes (4 axes et 5 axes) :<\/strong> En usinant des formes complexes en une seule op\u00e9ration, nous \u00e9liminons le besoin de r\u00e9glages multiples. Cela augmente \u00e0 la fois la vitesse et la pr\u00e9cision, ce qui est indispensable lors de la fabrication de pi\u00e8ces pour des secteurs exigeants comme <a href=\"https:\/\/haoyumaterial.com\/fr\/industries\/aerospace\/\">l'a\u00e9rospatiale<\/a>.<\/li>\n<li><strong>Finition apr\u00e8s usinage :<\/strong> The job isn\u2019t done when the cutting stops. We finalize your parts with thorough deburring, anodizing, powder coating, and custom surface treatments so they are completely ready for assembly.<\/li>\n<\/ul>\n<h2>Avantages de l'usinage CNC des pi\u00e8ces en aluminium moul\u00e9<\/h2>\n<p>Lorsque nous g\u00e9rons la fabrication soustractive pour l'aluminium, le mat\u00e9riau de base joue un r\u00f4le crucial dans la r\u00e9ussite du projet. En commen\u00e7ant par le bon <a href=\"https:\/\/haoyumaterial.com\/fr\/categorie-produit\/aluminum-alloy\/\">alliage d'aluminium<\/a> assure que notre usinage de pr\u00e9cision atteint toujours la cible. L'aluminium se distingue comme le choix absolu pour l'usinage secondaire des pi\u00e8ces moul\u00e9es en raison de ses propri\u00e9t\u00e9s physiques naturelles.<\/p>\n<p>Voici une br\u00e8ve explication des raisons pour lesquelles l'aluminium domine le domaine de la moulure et de l'usinage :<\/p>\n<table>\n<thead>\n<tr>\n<th style=\"text-align: left;\">Avantage cl\u00e9<\/th>\n<th style=\"text-align: left;\">Ce que cela signifie pour vos pi\u00e8ces<\/th>\n<\/tr>\n<\/thead>\n<tbody>\n<tr>\n<td style=\"text-align: left;\"><strong>Une machinabilit\u00e9 exceptionnelle<\/strong><\/td>\n<td style=\"text-align: left;\">Permet des temps de cycle plus rapides et prolonge la dur\u00e9e de vie des outils lors des op\u00e9rations d'usinage apr\u00e8s la moulure <a href=\"https:\/\/haoyumaterial.com\/fr\/services\/machining\/\">operations<\/a> compar\u00e9 \u00e0 l'acier ou au fer.<\/td>\n<\/tr>\n<tr>\n<td style=\"text-align: left;\"><strong>Rapport r\u00e9sistance\/poids \u00e9lev\u00e9<\/strong><\/td>\n<td style=\"text-align: left;\">Le choix incontournable pour l'all\u00e9gement. Vous obtenez des composants structurels et m\u00e9caniques tr\u00e8s durables sans le volume lourd.<\/td>\n<\/tr>\n<tr>\n<td style=\"text-align: left;\"><strong>Conductivit\u00e9 thermique et \u00e9lectrique<\/strong><\/td>\n<td style=\"text-align: left;\">Pr\u00e9sente d'excellentes propri\u00e9t\u00e9s de dissipation thermique, ce qui la rend parfaite pour les pi\u00e8ces de moteur ou les bo\u00eetiers qui chauffent.<\/td>\n<\/tr>\n<tr>\n<td style=\"text-align: left;\"><strong>R\u00e9sistance \u00e0 la Corrosion<\/strong><\/td>\n<td style=\"text-align: left;\">Forme une couche d'oxydation naturelle qui prot\u00e8ge la pr\u00e9cision dimensionnelle de vos pi\u00e8ces moul\u00e9es, m\u00eame dans des environnements de travail difficiles.<\/td>\n<\/tr>\n<\/tbody>\n<\/table>\n<p>Ces avantages du mat\u00e9riau de base signifient que nous pouvons traiter des formes proches de la taille finale plus rapidement et plus fiablement. En choisissant l'aluminium, vous r\u00e9duisez les co\u00fbts de production globaux tout en assurant des composants de haute performance, usin\u00e9s avec pr\u00e9cision.<\/p>\n<h2>Techniques de moulage de l'aluminium que nous usinons<\/h2>\n<p>Nous g\u00e9rons l'usinage secondaire des pi\u00e8ces moul\u00e9es selon une large gamme de m\u00e9thodes. Chaque projet commence diff\u00e9remment, mais notre approche de <strong>usinage CNC de pi\u00e8ces moul\u00e9es en aluminium<\/strong> garantit une pr\u00e9cision dimensionnelle ultime. Si vous explorez diff\u00e9rents points de d\u00e9part pour vos composants, notre <a href=\"https:\/\/haoyumaterial.com\/fr\/precision-metal-casting-guide-for-engineers-and-oem-buyers\/\">guide de moulage de m\u00e9tal de pr\u00e9cision<\/a> d\u00e9compose les bases.<\/p>\n<p>Voici le c\u0153ur <strong>techniques de moulage en aluminium<\/strong> nous soutenons :<\/p>\n<ul>\n<li><strong>Fonderie sous pression haute pression :<\/strong> Id\u00e9al en association avec une production \u00e0 volume \u00e9lev\u00e9. Nous intervenons pour usiner les points de fixation critiques et les trous de tol\u00e9rance serr\u00e9e que les moules en aluminium fondu brut ne peuvent pas perfectionner.<\/li>\n<li><strong>Fonderie sur sable :<\/strong> Le sable laisse une surface plus rugueuse. Nous prenons ces formes proches de la nette et les usinons en pi\u00e8ces de pr\u00e9cision, ce qui est id\u00e9al pour les composants massifs ou les s\u00e9ries \u00e0 faible volume. V\u00e9rifiez notre <a href=\"https:\/\/haoyumaterial.com\/fr\/machining-casting-guide-precision-cnc-tight-tolerances\/\">guide de moulage par usinage<\/a> pour voir comment nous maintenons des sp\u00e9cifications strictes sur le stock brut.<\/li>\n<li><strong>Moulage en moule permanent :<\/strong> Lorsque votre projet exige une int\u00e9grit\u00e9 structurelle \u00e9lev\u00e9e et une porosit\u00e9 r\u00e9duite, nous appliquons une fabrication soustractive pour finir les pi\u00e8ces correctement.<\/li>\n<li><strong>Fonderie \u00e0 la mousse perdue :<\/strong> Nous apportons une pr\u00e9cision finale \u00e0 des g\u00e9om\u00e9tries internes tr\u00e8s complexes et sans noyau cr\u00e9\u00e9es par ce processus unique.<\/li>\n<\/ul>\n<p>Quelle que soit la m\u00e9thode initiale, notre usinage de pr\u00e9cision transforme les pi\u00e8ces brutes moul\u00e9es en composants enti\u00e8rement fonctionnels et pr\u00eats \u00e0 \u00eatre assembl\u00e9s.<\/p>\n<h2>Alliages d'aluminium optimaux pour l'usinage CNC<\/h2>\n<p>Choisir le bon alliage est crucial lors du passage de <strong>moules en aluminium fondu<\/strong> jusqu'au final <strong>l\u2019usinage de pr\u00e9cision<\/strong>. Different <strong>techniques de moulage en aluminium<\/strong> donne des propri\u00e9t\u00e9s structurelles variables, donc faire correspondre la l\u00e9gende \u00e0 le processus garantit le plus haut <strong>pr\u00e9cision dimensionnelle<\/strong> et performance \u00e0 long terme. Nous sommes sp\u00e9cialis\u00e9s dans le <strong>fabrication soustractive<\/strong> de diverses qualit\u00e9s d'aluminium pour fournir les sp\u00e9cifications exactes dont votre projet a besoin.<\/p>\n<p>Voici les alliages les plus courants que nous utilisons pour <strong>Fonderie en aluminium usin\u00e9e par CNC<\/strong>:<\/p>\n<ul>\n<li><strong>Aluminium A356 &amp; 356 :<\/strong> Ce sont les normes de l'industrie pour les moulages en sable et en moule permanent. <strong>Usinage de l'aluminium A356<\/strong> est tr\u00e8s recherch\u00e9 car il offre un \u00e9quilibre id\u00e9al entre r\u00e9sistance, ductilit\u00e9 et excellente machinabilit\u00e9, ce qui le rend parfait pour <a href=\"https:\/\/haoyumaterial.com\/fr\/aluminum-investment-casting-company-for-precision-components\/\">des composants en aluminium de pr\u00e9cision<\/a>.<\/li>\n<li><strong>Aluminium 380 &amp; 413 :<\/strong> Ce sont nos choix privil\u00e9gi\u00e9s pour la coul\u00e9e sous pression. Ils sont tr\u00e8s stables et id\u00e9aux pour les pi\u00e8ces n\u00e9cessitant une finition CNC secondaire apr\u00e8s la coul\u00e9e, comme le taraudage pr\u00e9cis, le fraisage ou le filetage complexe.<\/li>\n<li><strong>Aluminium 319 &amp; 333 :<\/strong> Si vous avez besoin d'options \u00e9conomiques pour l'usinage de sable \u00e0 usage g\u00e9n\u00e9ral, ces alliages sont incroyablement fiables. Ils offrent une bonne coulabilit\u00e9 et sont faciles \u00e0 usiner en formes proches de la taille finale sans d\u00e9passer le budget.<\/li>\n<\/ul>\n<p>Choisir le bon mat\u00e9riau d\u00e8s le d\u00e9part garantit que vos pi\u00e8ces en aluminium moul\u00e9 sur mesure fonctionneront parfaitement dans des conditions r\u00e9elles.<\/p>\n<h2>L'avantage Vastmaterial : surmonter les d\u00e9fis de la coul\u00e9e<\/h2>\n<p><img decoding=\"async\" src=\"https:\/\/haoyumaterial.com\/wp-content\/uploads\/2026\/03\/CNC_Machining_Aluminum_Castings_Challenges_Solutio_1.webp\" alt=\"Usinage CNC de pi\u00e8ces en aluminium Challenges Solutions\" \/><\/p>\n<p>L'usinage de pi\u00e8ces moul\u00e9es en forme proche de la taille finale comporte des obstacles uniques. Chez Vastmaterial, nous avons l'exp\u00e9rience pratique pour transformer des pi\u00e8ces brutes issues de moules en aluminium fondu en produits finis impeccables. Pour garantir que vos composants r\u00e9pondent aux sp\u00e9cifications exactes, notre <a href=\"https:\/\/haoyumaterial.com\/fr\/online-cnc-service-for-precision-parts-and-instant-quotes\/\">service CNC en ligne pour pi\u00e8ces de pr\u00e9cision<\/a> utilise la fabrication soustractive avanc\u00e9e pour r\u00e9soudre directement les probl\u00e8mes de production courants.<\/p>\n<p>Voici comment nous r\u00e9solvons les probl\u00e8mes les plus difficiles dans <strong>usinage CNC de pi\u00e8ces moul\u00e9es en aluminium<\/strong>:<\/p>\n<ul>\n<li><strong>Porosit\u00e9 &amp; Inclusions :<\/strong> Les pi\u00e8ces moul\u00e9es cachent souvent des vides microscopiques internes. Nous utilisons des strat\u00e9gies de trajectoire d'outil optimis\u00e9es et des outils de coupe sp\u00e9cialis\u00e9s pour minimiser la d\u00e9lamination de surface, garantissant que l'int\u00e9grit\u00e9 structurelle de votre usinage pr\u00e9cis en aluminium reste enti\u00e8rement intacte.<\/li>\n<li><strong>Distorsion thermique :<\/strong> L\u2019\u00e9limination agressive de mati\u00e8re g\u00e9n\u00e8re une chaleur intense pouvant d\u00e9former le m\u00e9tal. Nous g\u00e9rons \u00e9troitement la g\u00e9n\u00e9ration de chaleur et le flux de liquide de refroidissement lors de l\u2019usinage secondaire des pi\u00e8ces moul\u00e9es pour pr\u00e9venir la distorsion thermique et garantir la pr\u00e9cision dimensionnelle requise.<\/li>\n<li><strong>Fixation personnalis\u00e9e :<\/strong> Les pi\u00e8ces moul\u00e9es pr\u00e9sentent rarement des surfaces plates et faciles \u00e0 saisir. Nous concevons et fabriquons des solutions de fixation propri\u00e9taires pour s\u00e9curiser en toute s\u00e9curit\u00e9 des pi\u00e8ces moul\u00e9es en aluminium de forme irr\u00e9guli\u00e8re. Cela \u00e9vite la d\u00e9formation lors du serrage et garantit une coupe parfaitement align\u00e9e \u00e0 chaque fois.<\/li>\n<\/ul>\n<h2>Industries d\u00e9pendant de l\u2019usinage CNC de pi\u00e8ces moul\u00e9es en aluminium<\/h2>\n<p><img decoding=\"async\" src=\"https:\/\/haoyumaterial.com\/wp-content\/uploads\/2026\/03\/CNC_Machining_Aluminum_Castings_for_Industrial_Use_1.webp\" alt=\"Usinage CNC de pi\u00e8ces en aluminium pour usage industriel\" \/><\/p>\n<p>Lorsque la pr\u00e9cision dimensionnelle stricte dans les pi\u00e8ces moul\u00e9es est non n\u00e9gociable, de grandes industries mondiales comptent sur nos capacit\u00e9s de fabrication soustractive. Nous transformons des pi\u00e8ces moul\u00e9es brutes en composants pr\u00eats \u00e0 \u00eatre install\u00e9s dans plusieurs secteurs \u00e0 forte demande :<\/p>\n<ul>\n<li><strong>Automobile :<\/strong> Nous assurons l\u2019usinage secondaire complexe de pi\u00e8ces moul\u00e9es pour des composants critiques de la cha\u00eene de transmission, notamment les blocs moteurs, les bo\u00eetiers de transmission et les supports structurels.<\/li>\n<li><strong>A\u00e9rospatiale :<\/strong> La r\u00e9duction de poids est cruciale. Nous fournissons un usinage pr\u00e9cis de l\u2019aluminium pour des composants structurels l\u00e9gers n\u00e9cessitant des tol\u00e9rances exactes et reproductibles.<\/li>\n<li><strong>Macchinaires industrielles :<\/strong> La dynamique des fluides exige des joints \u00e9tanches et des ajustements parfaits.<\/li>\n<li><strong>Nous finissons les carters de pompes, corps de vannes et bo\u00eetes de vitesses industrielles selon des sp\u00e9cifications pr\u00e9cises.<\/strong> Agriculture &amp; \u00c9quipements Lourds :.<\/li>\n<\/ul>\n<p>Nous proposons des solutions durables en aluminium moul\u00e9 par CNC, con\u00e7ues pour r\u00e9sister aux environnements ext\u00e9rieurs les plus difficiles. <a href=\"https:\/\/haoyumaterial.com\/fr\/metal-casting-material-guide-alloys-properties-selection\/\">Chaque secteur a des exigences uniques en mati\u00e8re de r\u00e9sistance, de poids et d'usure.<\/a> Comprendre ces exigences est essentiel pour la r\u00e9ussite du projet ; notre.<\/p>\n<h2>guide des mat\u00e9riaux de moulage m\u00e9tallique<\/h2>\n<p>d\u00e9taille la performance de diff\u00e9rents alliages dans ces applications sp\u00e9cifiques pour garantir que vous obtenez la performance fonctionnelle exacte dict\u00e9e par votre industrie. <strong>l\u2019usinage de pr\u00e9cision<\/strong> de vos pi\u00e8ces moul\u00e9es, nous comptons sur des donn\u00e9es concr\u00e8tes, pas sur des suppositions. Notre processus d'inspection rigoureux garantit l'excellence <strong>pr\u00e9cision dimensionnelle<\/strong> pour chaque composant qui quitte notre atelier.<\/p>\n<p>Nous g\u00e9rons une organisation rigoureuse soutenue par un syst\u00e8me de gestion de la qualit\u00e9 certifi\u00e9 ISO pour superviser l'ensemble <strong>usinage CNC d'aluminium moul\u00e9<\/strong> flux de travail.<\/p>\n<p>Voici exactement comment nous assurons la qualit\u00e9 de vos pi\u00e8ces :<\/p>\n<ul>\n<li><strong>V\u00e9rification dimensionnelle CMM :<\/strong> Nous utilisons des machines de mesure tridimensionnelle (MMT) pour inspecter m\u00e9ticuleusement les g\u00e9om\u00e9tries complexes et les tol\u00e9rances strictes. Nous d\u00e9tectons les \u00e9carts t\u00f4t pour que vous ne receviez que des pi\u00e8ces parfaites.<\/li>\n<li><strong>Test d'\u00e9tanch\u00e9it\u00e9 et de pression :<\/strong> Les pi\u00e8ces moul\u00e9es pour la manipulation de fluides doivent \u00eatre parfaitement impeccables. Nous testons rigoureusement ces composants sp\u00e9cifiques pour garantir qu'ils r\u00e9sistent \u00e0 la pression sans fuite.<\/li>\n<li><strong>Contr\u00f4le qualit\u00e9 standardis\u00e9 :<\/strong> Toute notre op\u00e9ration de fabrication soustractive repose sur des protocoles certifi\u00e9s ISO, assurant une reproductibilit\u00e9 et une fiabilit\u00e9 totales pour tous les lots de production.<\/li>\n<\/ul>\n<p>Nous maintenons une transparence totale concernant nos capacit\u00e9s, tol\u00e9rances et normes d'inspection. Pour plus de d\u00e9tails sur nos proc\u00e9dures de test et nos garanties de qualit\u00e9, vous pouvez consulter nos <a href=\"https:\/\/haoyumaterial.com\/fr\/faqs\/\">questions fr\u00e9quemment pos\u00e9es<\/a>.<\/p>\n<h2>Questions fr\u00e9quemment pos\u00e9es sur l'usinage CNC de pi\u00e8ces moul\u00e9es en aluminium<\/h2>\n<h3>Pourquoi usiner une pi\u00e8ce moul\u00e9e plut\u00f4t qu'un bloc massif ?<\/h3>\n<p>Commence avec une forme quasi-net de <a href=\"https:\/\/haoyumaterial.com\/fr\/industrial-molds-company-for-precision-casting-and-cnc\/\">moules en aluminium fondu<\/a> \u00e9conomise \u00e9norm\u00e9ment de temps machine et de mati\u00e8re premi\u00e8re. Au lieu de tailler la majorit\u00e9 d\u2019un bloc d\u2019aluminium massif, <strong>fabrication soustractive<\/strong> n\u2019est utilis\u00e9 que lorsque c\u2019est absolument n\u00e9cessaire \u2014 comme pour atteindre des tol\u00e9rances serr\u00e9es sur des surfaces de contact critiques, des filetages et des al\u00e9sages internes. Cette m\u00e9thode r\u00e9duit consid\u00e9rablement les d\u00e9chets et diminue le co\u00fbt global par pi\u00e8ce pour une production de volume moyen \u00e0 \u00e9lev\u00e9.<\/p>\n<h3>Quelles tol\u00e9rances Vastmaterial peut-il respecter sur des pi\u00e8ces en aluminium moul\u00e9 ?<\/h3>\n<p>Nous privil\u00e9gions une stricte <strong>pr\u00e9cision dimensionnelle<\/strong>. En utilisant notre \u00e9quipement avanc\u00e9 <strong>l\u2019usinage de pr\u00e9cision<\/strong> , nous pouvons maintenir des tol\u00e9rances serr\u00e9es jusqu\u2019\u00e0 <strong>\u00b10,005 mm<\/strong>. While the exact limit can depend on the part\u2019s geometry and the specific aluminum alloy being cut, we consistently deliver aerospace-level precision on complex internal features and critical mounting points.<\/p>\n<h3>Comment la m\u00e9thode de moulage influence-t-elle le co\u00fbt de l\u2019usinage CNC secondaire ?<\/h3>\n<p>La technique de moulage initiale d\u00e9termine la quantit\u00e9 de mat\u00e9riau exc\u00e9dentaire \u00e0 enlever ult\u00e9rieurement :<\/p>\n<ul>\n<li><strong>Fonderie sous pression haute pression :<\/strong> Laisse les pi\u00e8ces tr\u00e8s proches de leurs dimensions finales. Cela n\u00e9cessite un usinage CNC secondaire minimal, ce qui entra\u00eene une r\u00e9duction des co\u00fbts de finition par pi\u00e8ce.<\/li>\n<li><strong>Fonderie sur sable :<\/strong> Comme indiqu\u00e9 dans notre <a href=\"https:\/\/haoyumaterial.com\/fr\/the-ultimate-guide-how-does-the-sand-casting-process-work\/\">guide du processus de moulage au sable<\/a>, cette m\u00e9thode laisse un \u00e9tat de surface plus rugueux et plus de mati\u00e8re exc\u00e9dentaire. Elle n\u00e9cessite un enl\u00e8vement de mati\u00e8re plus long et plus agressif, ce qui augmente le temps de cycle CNC. Cependant, elle permet de r\u00e9aliser d'importantes \u00e9conomies sur les co\u00fbts d'outillage initiaux pour les petites s\u00e9ries.<\/li>\n<\/ul>\n<h3>G\u00e9rez-vous \u00e0 la fois l'approvisionnement du moulage et l'usinage ?<\/h3>\n<p>Oui. Vastmaterial g\u00e8re l'ensemble du cycle de vie de la production. Du coulage de la mati\u00e8re premi\u00e8re \u00e0 la <strong>finition CNC post-moulage<\/strong>, nous agissons en tant que partenaire de fabrication complet et unique. Maintenir la coul\u00e9e et l'usinage sous un m\u00eame toit garantit une gestion de la qualit\u00e9 plus stricte, \u00e9limine les retards d'exp\u00e9dition entre les fournisseurs et simplifie consid\u00e9rablement votre cha\u00eene d'approvisionnement.<\/p>","protected":false},"excerpt":{"rendered":"<p>Usinage CNC de pi\u00e8ces en aluminium avec tol\u00e9rances strictes, finitions sup\u00e9rieures, plusieurs alliages et m\u00e9thodes de moulage pour des industries exigeantes<\/p>","protected":false},"featured_media":2019,"comment_status":"open","ping_status":"closed","template":"","meta":{"site-sidebar-layout":"default","site-content-layout":"","ast-site-content-layout":"default","site-content-style":"default","site-sidebar-style":"default","ast-global-header-display":"","ast-banner-title-visibility":"","ast-main-header-display":"","ast-hfb-above-header-display":"","ast-hfb-below-header-display":"","ast-hfb-mobile-header-display":"","site-post-title":"","ast-breadcrumbs-content":"","ast-featured-img":"","footer-sml-layout":"","ast-disable-related-posts":"","theme-transparent-header-meta":"default","adv-header-id-meta":"","stick-header-meta":"","header-above-stick-meta":"","header-main-stick-meta":"","header-below-stick-meta":"","astra-migrate-meta-layouts":"set","ast-page-background-enabled":"default","ast-page-background-meta":{"desktop":{"background-color":"var(--ast-global-color-5)","background-image":"","background-repeat":"repeat","background-position":"center center","background-size":"auto","background-attachment":"scroll","background-type":"","background-media":"","overlay-type":"","overlay-color":"","overlay-opacity":"","overlay-gradient":""},"tablet":{"background-color":"","background-image":"","background-repeat":"repeat","background-position":"center center","background-size":"auto","background-attachment":"scroll","background-type":"","background-media":"","overlay-type":"","overlay-color":"","overlay-opacity":"","overlay-gradient":""},"mobile":{"background-color":"","background-image":"","background-repeat":"repeat","background-position":"center center","background-size":"auto","background-attachment":"scroll","background-type":"","background-media":"","overlay-type":"","overlay-color":"","overlay-opacity":"","overlay-gradient":""}},"ast-content-background-meta":{"desktop":{"background-color":"var(--ast-global-color-4)","background-image":"","background-repeat":"repeat","background-position":"center center","background-size":"auto","background-attachment":"scroll","background-type":"","background-media":"","overlay-type":"","overlay-color":"","overlay-opacity":"","overlay-gradient":""},"tablet":{"background-color":"var(--ast-global-color-4)","background-image":"","background-repeat":"repeat","background-position":"center center","background-size":"auto","background-attachment":"scroll","background-type":"","background-media":"","overlay-type":"","overlay-color":"","overlay-opacity":"","overlay-gradient":""},"mobile":{"background-color":"var(--ast-global-color-4)","background-image":"","background-repeat":"repeat","background-position":"center center","background-size":"auto","background-attachment":"scroll","background-type":"","background-media":"","overlay-type":"","overlay-color":"","overlay-opacity":"","overlay-gradient":""}}},"product_brand":[],"product_cat":[21],"product_tag":[],"class_list":{"0":"post-2022","1":"product","2":"type-product","3":"status-publish","4":"has-post-thumbnail","6":"product_cat-aluminum-alloy","7":"desktop-align-left","8":"tablet-align-left","9":"mobile-align-left","11":"first","12":"instock","13":"shipping-taxable","14":"purchasable","15":"product-type-simple"},"_links":{"self":[{"href":"https:\/\/haoyumaterial.com\/fr\/wp-json\/wp\/v2\/product\/2022","targetHints":{"allow":["GET"]}}],"collection":[{"href":"https:\/\/haoyumaterial.com\/fr\/wp-json\/wp\/v2\/product"}],"about":[{"href":"https:\/\/haoyumaterial.com\/fr\/wp-json\/wp\/v2\/types\/product"}],"replies":[{"embeddable":true,"href":"https:\/\/haoyumaterial.com\/fr\/wp-json\/wp\/v2\/comments?post=2022"}],"wp:featuredmedia":[{"embeddable":true,"href":"https:\/\/haoyumaterial.com\/fr\/wp-json\/wp\/v2\/media\/2019"}],"wp:attachment":[{"href":"https:\/\/haoyumaterial.com\/fr\/wp-json\/wp\/v2\/media?parent=2022"}],"wp:term":[{"taxonomy":"product_brand","embeddable":true,"href":"https:\/\/haoyumaterial.com\/fr\/wp-json\/wp\/v2\/product_brand?post=2022"},{"taxonomy":"product_cat","embeddable":true,"href":"https:\/\/haoyumaterial.com\/fr\/wp-json\/wp\/v2\/product_cat?post=2022"},{"taxonomy":"product_tag","embeddable":true,"href":"https:\/\/haoyumaterial.com\/fr\/wp-json\/wp\/v2\/product_tag?post=2022"}],"curies":[{"name":"wp","href":"https:\/\/api.w.org\/{rel}","templated":true}]}}