{"id":2068,"date":"2026-03-19T15:28:57","date_gmt":"2026-03-19T07:28:57","guid":{"rendered":"https:\/\/haoyumaterial.com\/?post_type=product&#038;p=2068"},"modified":"2026-03-19T15:36:30","modified_gmt":"2026-03-19T07:36:30","slug":"stainless-steel-alloy-174-ph-machined-parts","status":"publish","type":"product","link":"https:\/\/haoyumaterial.com\/fr\/product\/stainless-steel-alloy-174-ph-machined-parts\/","title":{"rendered":"Pi\u00e8ces usin\u00e9es en alliage d'acier inoxydable 17-4 PH Services CNC"},"content":{"rendered":"<h2>Qu'est-ce que l'acier inoxydable 17-4 PH (SAE 630) ?<\/h2>\n<p>Avez-vous du mal \u00e0 trouver des composants qui offrent une r\u00e9sistance extr\u00eame sans compromettre la durabilit\u00e9 environnementale ? Lorsque les grades austenitiques standard ne suffisent pas sous une contrainte m\u00e9canique \u00e9lev\u00e9e, nous nous appuyons sur le grade SAE 630.<\/p>\n<p>Nous sommes sp\u00e9cialis\u00e9s dans la fabrication de <strong>pi\u00e8ces usin\u00e9es en alliage d'acier inoxydable 17-4 PH<\/strong>. \u00c9galement connu sous le nom UNS S17400 ou 17Cr-4Ni, ce mat\u00e9riau polyvalent est un alliage durcissable au chromium-nickel-cuivre <strong>pr\u00e9cipitation durcissante<\/strong>. Sa structure martensitique fournit la base ultime pour une fabrication de pr\u00e9cision o\u00f9 la d\u00e9faillance d'un composant n'est tout simplement pas une option.<\/p>\n<h3>Caract\u00e9ristiques cl\u00e9s des pi\u00e8ces d'alliage S17400 de pr\u00e9cision<\/h3>\n<ul>\n<li><strong>Solidit\u00e9 Sup\u00e9rieure :<\/strong> Capable d'atteindre une r\u00e9sistance \u00e0 l'usure impressionnante, les traitements thermiques standard portant le mat\u00e9riau de base jusqu'\u00e0 <strong>44 HRC<\/strong>.<\/li>\n<li><strong>R\u00e9sistance avanc\u00e9e \u00e0 la corrosion :<\/strong> Offre une pr\u00e9vention de l'oxydation et de la rouille comparable \u00e0 l'acier inoxydable standard 304, d\u00e9passant largement les capacit\u00e9s des grades martensitiques de la s\u00e9rie 400 traditionnels.<\/li>\n<li><strong>Int\u00e9grit\u00e9 \u00e0 haute r\u00e9sistance :<\/strong> Con\u00e7u pour maintenir la stabilit\u00e9 structurelle et la r\u00e9sistance au rendement sous charges lourdes et usure m\u00e9canique intense.<\/li>\n<li><strong>Excellente forgeabilit\u00e9:<\/strong> Nous permettons d'usiner, former et concevoir efficacement des g\u00e9om\u00e9tries hautement complexes et \u00e0 faible tol\u00e9rance avant le processus d vieillissement final.<\/li>\n<\/ul>\n<h2>Capacit\u00e9s d'usinage CNC 17-4 PH sur mesure<\/h2>\n<p><img decoding=\"async\" src=\"https:\/\/haoyumaterial.com\/wp-content\/uploads\/2026\/03\/17-4_PH_Stainless_Steel_Machining_Services_l4X7WcD.webp\" alt=\"Services d&#039;usinage de l&#039;acier inoxydable 17-4 PH\" \/><\/p>\n<p>Chez Vastmaterial, nous fabriquons des pi\u00e8ces usin\u00e9es de haute qualit\u00e9 <strong>alliage d'acier inoxydable 17-4 PH<\/strong> con\u00e7ues pour des applications mondiales exigeantes. Nous optimisons nos processus de production pour g\u00e9rer la r\u00e9sistance unique de SAE grade 630, livrant des <a href=\"https:\/\/haoyumaterial.com\/fr\/product\/austenitic-stainless-steel-grades-and-custom-precision-components\/\">composants de pr\u00e9cision personnalis\u00e9s<\/a> qui r\u00e9pondent exactement aux sp\u00e9cifications \u00e0 chaque fois.<\/p>\n<p>Voici un aper\u00e7u de nos principales capacit\u00e9s de fabrication :<\/p>\n<ul>\n<li><strong>usinage CNC suisse :<\/strong> Nous excellons dans les volumes \u00e9lev\u00e9s <strong>usinage suisse<\/strong> pour des composants petits et complexes en diam\u00e8tre. Ce proc\u00e9d\u00e9 garantit des s\u00e9ries de production rapides sans compromettre la pr\u00e9cision dimensionnelle.<\/li>\n<li><strong>usinage et fraisage CNC avanc\u00e9s :<\/strong> Nos centres d'usinage multi-axes s'attaquent facilement \u00e0 des g\u00e9om\u00e9tries complexes, transformant des bruts d\u2019alliage S17400 en pi\u00e8ces finies extr\u00eamement pr\u00e9cises.<\/li>\n<li><strong>Tol\u00e9rances strictes :<\/strong> La fabrication de pr\u00e9cision est notre standard. Selon la g\u00e9om\u00e9trie et le temp\u00e9rament sp\u00e9cifiques de la pi\u00e8ce, nous maintenons syst\u00e9matiquement des tol\u00e9rances \u00e0 <strong>+\/- 0.002 pouces<\/strong>\u2014 et souvent plus serr\u00e9es pour des applications sp\u00e9cialis\u00e9es.<\/li>\n<li><strong>Post-traitement et traitement thermique :<\/strong> Nous g\u00e9rons l\u2019int\u00e9gralit\u00e9 du cycle de vieillissement et de traitement thermique en interne. Que vos pi\u00e8ces n\u00e9cessitent la Condition A de base ou doivent \u00eatre durcies jusqu\u2019\u00e0 <strong>Condition H900<\/strong>, H1025, ou H1150, nos services de traitement thermique contr\u00f4l\u00e9 garantissent que le mat\u00e9riau atteint ses propri\u00e9t\u00e9s m\u00e9caniques cibles.<\/li>\n<\/ul>\n<h2>Propri\u00e9t\u00e9s m\u00e9caniques de l\u2019acier 17-4 PH par traitement thermique<\/h2>\n<p>La v\u00e9ritable valeur du SAE Type 630 r\u00e9side dans sa polyvalence. Gr\u00e2ce \u00e0 un traitement thermique cibl\u00e9, nous pouvons modifier de mani\u00e8re drastique la r\u00e9sistance et la duret\u00e9 de votre <strong>pi\u00e8ces usin\u00e9es en alliage d'acier inoxydable 17-4 PH<\/strong> pour r\u00e9pondre exactement aux exigences d\u2019application. Que votre projet n\u00e9cessite des caract\u00e9ristiques mat\u00e9rielles standard ou des composants en 17-4 PH \u00e0 haute r\u00e9sistance de la condition H900, le processus de durcissement par pr\u00e9cipitation nous donne un contr\u00f4le total sur les sp\u00e9cifications finales.<\/p>\n<p>Pour voir la gamme plus \u00e9tendue de mati\u00e8res premi\u00e8res avec lesquelles nous travaillons, vous pouvez consulter nos <a href=\"https:\/\/haoyumaterial.com\/fr\/categorie-produit\/stainless-steel\/\">options d\u2019aciers inoxydables<\/a>.<\/p>\n<p>Ci-dessous, une r\u00e9partition des propri\u00e9t\u00e9s m\u00e9caniques typiques auxquelles vous pouvez vous attendre pour des pi\u00e8ces usin\u00e9es en 17-4 PH trait\u00e9es thermiquement, selon diff\u00e9rentes conditions de temp\u00e9r<\/p>\n<table>\n<thead>\n<tr>\n<th style=\"text-align: left;\">Temp\u00e9rature de temp\u00e9r<\/th>\n<th style=\"text-align: left;\">R\u00e9sistance \u00e0 la traction (ksi)<\/th>\n<th style=\"text-align: left;\">R\u00e9sistance \u00e0 la traction ultime (ksi)<\/th>\n<th style=\"text-align: left;\">Duret\u00e9 Brinell<\/th>\n<th style=\"text-align: left;\">Duret\u00e9 Rockwell<\/th>\n<\/tr>\n<\/thead>\n<tbody>\n<tr>\n<td style=\"text-align: left;\"><strong>Condition A (Base)<\/strong><\/td>\n<td style=\"text-align: left;\">110<\/td>\n<td style=\"text-align: left;\">150<\/td>\n<td style=\"text-align: left;\">277<\/td>\n<td style=\"text-align: left;\">28 HRC<\/td>\n<\/tr>\n<tr>\n<td style=\"text-align: left;\"><strong>H900<\/strong><\/td>\n<td style=\"text-align: left;\">170<\/td>\n<td style=\"text-align: left;\">190<\/td>\n<td style=\"text-align: left;\">388<\/td>\n<td style=\"text-align: left;\">44 HRC<\/td>\n<\/tr>\n<tr>\n<td style=\"text-align: left;\"><strong>H1025<\/strong><\/td>\n<td style=\"text-align: left;\">155<\/td>\n<td style=\"text-align: left;\">170<\/td>\n<td style=\"text-align: left;\">331<\/td>\n<td style=\"text-align: left;\">35 HRC<\/td>\n<\/tr>\n<tr>\n<td style=\"text-align: left;\"><strong>H1100<\/strong><\/td>\n<td style=\"text-align: left;\">115<\/td>\n<td style=\"text-align: left;\">140<\/td>\n<td style=\"text-align: left;\">302<\/td>\n<td style=\"text-align: left;\">32 HRC<\/td>\n<\/tr>\n<tr>\n<td style=\"text-align: left;\"><strong>H1150<\/strong><\/td>\n<td style=\"text-align: left;\">105<\/td>\n<td style=\"text-align: left;\">135<\/td>\n<td style=\"text-align: left;\">277<\/td>\n<td style=\"text-align: left;\">28 HRC<\/td>\n<\/tr>\n<\/tbody>\n<\/table>\n<p><strong>Points cl\u00e9s sur les temp\u00e9raments :<\/strong><\/p>\n<ul>\n<li><strong>Condition A :<\/strong> L'\u00e9tat de solution de base anneal\u00e9e, id\u00e9al pour l'usinage initial avant la trempe.<\/li>\n<li><strong>H900 :<\/strong> Atteint par chauffage \u00e0 900\u00b0F. Cela permet d'obtenir la r\u00e9sistance maximale et la duret\u00e9 de pointe (44 HRC).<\/li>\n<li><strong>H1025 \u00e0 H1150 :<\/strong> Des temp\u00e9ratures de vieillissement plus \u00e9lev\u00e9es adoucissent progressivement l'alliage, ce qui r\u00e9duit l\u00e9g\u00e8rement la r\u00e9sistance \u00e0 la traction ultime mais am\u00e9liore consid\u00e9rablement la ductilit\u00e9 globale et la r\u00e9sistance \u00e0 l'impact.<\/li>\n<\/ul>\n<h2>Co\u00fbt et machinabilit\u00e9 du 17-4 PH<\/h2>\n<h3>Ma\u00eetriser la robustesse<\/h3>\n<p>Abordons la grosse probl\u00e9matique : l'usinage du 17-4 PH est notoirement \u00e9prouvant pour les outils de coupe. Par rapport \u00e0 une r\u00e9f\u00e9rence standard en acier 12L14, il pr\u00e9sente un facteur de co\u00fbt d'usinage d'environ 5,0. Le mat\u00e9riau est dense, abrasif et g\u00e9n\u00e8re une chaleur importante lors de l'usinage.<\/p>\n<p>Chez Vastmaterial, nous savons comment produire <strong>pi\u00e8ces usin\u00e9es en alliage d'acier inoxydable 17-4 PH<\/strong> de mani\u00e8re efficace. Nous att\u00e9nuons activement ces co\u00fbts d'usinage plus \u00e9lev\u00e9s et r\u00e9duisons l'usure des outils en:<\/p>\n<ul>\n<li><strong>Optimisant les avances et les vitesses :<\/strong> Nous programmons des param\u00e8tres CNC pr\u00e9cis pour \u00e9vacuer rapidement les copeaux et g\u00e9rer l'accumulation de chaleur.<\/li>\n<li><strong>En utilisant des outils de qualit\u00e9 :<\/strong> Nous utilisons des outils de coupe en carbure hautes performances, sp\u00e9cialement con\u00e7us pour l'usinage de l'acier inoxydable durci par pr\u00e9cipitation.<\/li>\n<li><strong>Garantir des montages rigides :<\/strong> Nous utilisons des dispositifs de fixation robustes pour \u00e9liminer les vibrations, ce qui maintient des tol\u00e9rances serr\u00e9es et prolonge la dur\u00e9e de vie de nos outils.<\/li>\n<\/ul>\n<h3>Quand l'usinage du 17-4 PH vaut-il l'investissement ?<\/h3>\n<p>Comme le temps d'usinage est plus long, choisir l'usinage CNC personnalis\u00e9 du 17-4 PH doit avoir du sens financier pour votre projet.<\/p>\n<ul>\n<li><strong>Optez pour 303 ou 316 si :<\/strong> Votre conception n\u00e9cessite uniquement une r\u00e9sistance \u00e0 la corrosion de base, une r\u00e9sistance mod\u00e9r\u00e9e et des performances standard. Ces alternatives sont moins co\u00fbteuses et s'usinent bien plus rapidement.<\/li>\n<li><strong>Investissez dans le 17-4 PH si :<\/strong> Votre application exige un rapport r\u00e9sistance-poids massif, une r\u00e9sistance extr\u00eame \u00e0 l\u2019usure, une duret\u00e9 \u00e9lev\u00e9e (jusqu\u2019\u00e0 44 HRC) et une distortion minimale lors du traitement thermique.<\/li>\n<\/ul>\n<p>Adapter pr\u00e9cis\u00e9ment le mat\u00e9riau aux exigences m\u00e9caniques de votre application est la meilleure fa\u00e7on de ma\u00eetriser les co\u00fbts de fabrication. Si vous pesez actuellement vos options mat\u00e9rielles, comprendre le <a href=\"https:\/\/haoyumaterial.com\/fr\/casted-stainless-steel-guide-benefits-and-grades\/\">avantages et les grades d'acier inoxydable<\/a> peut vous aider \u00e0 d\u00e9terminer l\u2019alliage le plus appropri\u00e9 et le plus \u00e9conomique pour votre s\u00e9rie de production sp\u00e9cifique.<\/p>\n<h2>Industries utilisant des pi\u00e8ces usin\u00e9es en alliage d'acier inoxydable 17-4 PH<\/h2>\n<p><img decoding=\"async\" src=\"https:\/\/haoyumaterial.com\/wp-content\/uploads\/2026\/03\/17-4_PH_Stainless_Steel_Machined_Parts_Application_1.webp\" alt=\"Applications des pi\u00e8ces usin\u00e9es en acier inoxydable 17-4 PH\" \/><\/p>\n<p>Nous fabriquons <strong>alliage d'acier inoxydable 17-4 PH<\/strong> pour des secteurs qui ne peuvent tout simplement pas faire de compromis sur la r\u00e9sistance et la r\u00e9sistance \u00e0 la corrosion. Lorsque l'\u00e9chec n'est pas une option, cet acier inoxydable SAE Type 630 offre la durabilit\u00e9 n\u00e9cessaire.<\/p>\n<p>Voici l'endroit o\u00f9 nos services d'usinage d'acier inoxydable \u00e0 durcissement par pr\u00e9cipitation ont le plus grand impact :<\/p>\n<ul>\n<li><strong>A\u00e9rospatiale &amp; D\u00e9fense :<\/strong> Nous produisons des pi\u00e8ces structurelles robustes, des composants de train d'atterrissage et <strong>des raccords a\u00e9rospatiaux 17-4 PH personnalis\u00e9s<\/strong> con\u00e7us pour r\u00e9sister \u00e0 des contraintes extr\u00eames dans des conditions exigeantes <a href=\"https:\/\/haoyumaterial.com\/fr\/industries\/aerospace\/\">des applications dans l'industrie a\u00e9rospatiale<\/a>.<\/li>\n<li><strong>P\u00e9trole et Gaz \/ P\u00e9trochimie :<\/strong> Des environnements offshore et de raffinerie hostiles exigent des mat\u00e9riaux r\u00e9sistants. Nous livrons des tiges de soupape lourdes, des arbres de pompe durables et des <strong>seals de pompe usin\u00e9s CNC en 17-4<\/strong>.<\/li>\n<li><strong>pour garantir des performances parfaites sous une pression extr\u00eame et des temp\u00e9ratures \u00e9lev\u00e9es.<\/strong> La r\u00e9sistance et la st\u00e9rilisabilit\u00e9 du mat\u00e9riau en font le choix id\u00e9al pour <strong>usinage de dispositifs m\u00e9dicaux 17-4 PH<\/strong>. Nous fabriquons r\u00e9guli\u00e8rement des instruments chirurgicaux robustes et des composants d'\u00e9quipement durables.<\/li>\n<li><strong>Automobile &amp; Marine :<\/strong> Des espa\u00e7eurs \u00e0 grand d\u00e9calage et des linkages de suspension lourds jusqu'\u00e0 <strong>des arbres 17-4 PH parfaitement tourn\u00e9s<\/strong> pour les h\u00e9lices de bateau, cet alliage prosp\u00e8re sous des charges m\u00e9caniques lourdes et une exposition \u00e0 l'eau sal\u00e9e.<\/li>\n<\/ul>\n<h2>Assurance qualit\u00e9 pour les pi\u00e8ces usin\u00e9es en alliage d'acier inoxydable 17-4 PH<\/h2>\n<p>Chez Vastmaterial, nous savons que livrer des pi\u00e8ces fiables <strong>alliage d'acier inoxydable 17-4 PH<\/strong> implique de ne jamais couper les coins ronds. La fabrication de pr\u00e9cision exige une surveillance stricte du d\u00e9but \u00e0 la fin. Notre engagement envers l'excellence se refl\u00e8te dans toutes nos op\u00e9rations, fond\u00e9 sur des bases robustes <a href=\"https:\/\/haoyumaterial.com\/fr\/alloy-cast-steel-factory-capabilities-processes-and-quality\/\">capacit\u00e9s d\u2019usine et nos processus de qualit\u00e9<\/a> con\u00e7us pour r\u00e9pondre aux demandes du march\u00e9 mondial.<\/p>\n<h3>Certifications de fabrication<\/h3>\n<p>Nous appuyons nos services d'usinage CNC personnalis\u00e9s 17-4 PH avec des normes leaders du secteur afin de vous assurer d'obtenir exactement ce dont vous avez besoin :<\/p>\n<ul>\n<li><strong>ISO 9001:2015 :<\/strong> Assure une production coh\u00e9rente et de haute qualit\u00e9 et une am\u00e9lioration continue des processus dans l'ensemble de notre usine.<\/li>\n<li><strong>Enregistrement ITAR :<\/strong> Fabrication enti\u00e8rement conforme et s\u00e9curis\u00e9e pour les contrats de d\u00e9fense, a\u00e9rospatiale et militaire.<\/li>\n<\/ul>\n<h3>Inspection avanc\u00e9e et tra\u00e7abilit\u00e9<\/h3>\n<p>Lorsque vous vous procurez chez nous des pi\u00e8ces de pr\u00e9cision en alliage S17400, pr\u00e9cision et tra\u00e7abilit\u00e9 sont int\u00e9gr\u00e9es au flux de travail :<\/p>\n<ul>\n<li><strong>Inspection CMM :<\/strong> Nous utilisons des machines de mesure tridimensionnelles (CMM) avanc\u00e9es pour v\u00e9rifier les tol\u00e9rances les plus strictes et les g\u00e9om\u00e9tries les plus complexes.<\/li>\n<li><strong>Tra\u00e7abilit\u00e9 compl\u00e8te du mat\u00e9riau :<\/strong> Chaque exp\u00e9dition comprend des rapports d'essai des mat\u00e9riaux (MTR) complets d\u00e8s l'emballage, vous donnant une confiance 100% dans les mat\u00e9riaux entrant dans vos produits finaux.<\/li>\n<\/ul>\n<h2>FAQ : Pi\u00e8ces usin\u00e9es en alliage inox 17-4 PH<\/h2>\n<h3>Le 17-4 PH n\u00e9cessite-t-il un pr\u00e9chauffage pour le soudage ?<\/h3>\n<p>Non. Nos <strong>pi\u00e8ces usin\u00e9es en alliage d'acier inoxydable 17-4 PH<\/strong> sont facilement soudables. Vous pouvez tout \u00e0 fait \u00e9viter les \u00e9tapes de pr\u00e9chauffage et de post-chauffage. Cela rend l'assemblage et la fabrication des pi\u00e8ces en acier inoxydable SAE Type 630 beaucoup plus faciles et tr\u00e8s \u00e9conomiques par rapport \u00e0 d'autres alliages \u00e0 haute r\u00e9sistance.<\/p>\n<h3>Quel est le d\u00e9lai pour les pi\u00e8ces personnalis\u00e9es en 17-4 PH ?<\/h3>\n<p>Cela d\u00e9pend de la complexit\u00e9 de la g\u00e9om\u00e9trie et de la taille de la commande. G\u00e9n\u00e9ralement, les projets standard <strong>usinage CNC personnalis\u00e9 en 17-4 PH<\/strong> prennent environ 2 \u00e0 4 semaines. Si votre commande sp\u00e9cifique n\u00e9cessite un traitement thermique pour \u00eatre livr\u00e9e <strong>17-4 PH condition H900 composants<\/strong>, il faut simplement pr\u00e9voir quelques jours suppl\u00e9mentaires pour que nous achevions ce processus d vieillissement sp\u00e9cifique en interne.<\/p>\n<h3>G\u00e9rez-vous le prototypage et les s\u00e9ries \u00e0 haut volume ?<\/h3>\n<p>Oui, nous g\u00e9rons les deux. Nous mettons notre production \u00e0 l'\u00e9chelle directement selon les besoins de votre projet. Nous r\u00e9alisons habituellement des lots prototypes de <strong>pi\u00e8ces de pr\u00e9cision en alliage S17400<\/strong> pour les tests, et nous pouvons passer sans probl\u00e8me \u00e0 une production \u00e0 haut volume en utilisant nos services d'usinage suisse d\u00e9di\u00e9s pour le 17-4 PH. Si vous \u00eates encore en train d'\u00e9valuer les mat\u00e9riaux pendant la phase de prototype, nous pouvons \u00e9galement usiner <a href=\"https:\/\/haoyumaterial.com\/fr\/product\/410-ss-material\/\">acier inoxydable 410<\/a> des alternatives afin que vous puissiez tester et comparer les diff\u00e9rentes propri\u00e9t\u00e9s m\u00e9caniques c\u00f4te \u00e0 c\u00f4te.<\/p>","protected":false},"excerpt":{"rendered":"<p>Pi\u00e8ces usin\u00e9es personnalis\u00e9es en alliage d'acier inoxydable 17-4 PH avec tournage suisse CNC tol\u00e9rances serr\u00e9es et traitement thermique haute r\u00e9sistance et r\u00e9sistance \u00e0 la corrosion<\/p>","protected":false},"featured_media":2065,"comment_status":"open","ping_status":"closed","template":"","meta":{"site-sidebar-layout":"default","site-content-layout":"","ast-site-content-layout":"default","site-content-style":"default","site-sidebar-style":"default","ast-global-header-display":"","ast-banner-title-visibility":"","ast-main-header-display":"","ast-hfb-above-header-display":"","ast-hfb-below-header-display":"","ast-hfb-mobile-header-display":"","site-post-title":"","ast-breadcrumbs-content":"","ast-featured-img":"","footer-sml-layout":"","ast-disable-related-posts":"","theme-transparent-header-meta":"default","adv-header-id-meta":"","stick-header-meta":"","header-above-stick-meta":"","header-main-stick-meta":"","header-below-stick-meta":"","astra-migrate-meta-layouts":"set","ast-page-background-enabled":"default","ast-page-background-meta":{"desktop":{"background-color":"var(--ast-global-color-5)","background-image":"","background-repeat":"repeat","background-position":"center center","background-size":"auto","background-attachment":"scroll","background-type":"","background-media":"","overlay-type":"","overlay-color":"","overlay-opacity":"","overlay-gradient":""},"tablet":{"background-color":"","background-image":"","background-repeat":"repeat","background-position":"center center","background-size":"auto","background-attachment":"scroll","background-type":"","background-media":"","overlay-type":"","overlay-color":"","overlay-opacity":"","overlay-gradient":""},"mobile":{"background-color":"","background-image":"","background-repeat":"repeat","background-position":"center center","background-size":"auto","background-attachment":"scroll","background-type":"","background-media":"","overlay-type":"","overlay-color":"","overlay-opacity":"","overlay-gradient":""}},"ast-content-background-meta":{"desktop":{"background-color":"var(--ast-global-color-4)","background-image":"","background-repeat":"repeat","background-position":"center center","background-size":"auto","background-attachment":"scroll","background-type":"","background-media":"","overlay-type":"","overlay-color":"","overlay-opacity":"","overlay-gradient":""},"tablet":{"background-color":"var(--ast-global-color-4)","background-image":"","background-repeat":"repeat","background-position":"center center","background-size":"auto","background-attachment":"scroll","background-type":"","background-media":"","overlay-type":"","overlay-color":"","overlay-opacity":"","overlay-gradient":""},"mobile":{"background-color":"var(--ast-global-color-4)","background-image":"","background-repeat":"repeat","background-position":"center center","background-size":"auto","background-attachment":"scroll","background-type":"","background-media":"","overlay-type":"","overlay-color":"","overlay-opacity":"","overlay-gradient":""}}},"product_brand":[],"product_cat":[17],"product_tag":[],"class_list":{"0":"post-2068","1":"product","2":"type-product","3":"status-publish","4":"has-post-thumbnail","6":"product_cat-stainless-steel","7":"desktop-align-left","8":"tablet-align-left","9":"mobile-align-left","11":"first","12":"instock","13":"shipping-taxable","14":"purchasable","15":"product-type-simple"},"_links":{"self":[{"href":"https:\/\/haoyumaterial.com\/fr\/wp-json\/wp\/v2\/product\/2068","targetHints":{"allow":["GET"]}}],"collection":[{"href":"https:\/\/haoyumaterial.com\/fr\/wp-json\/wp\/v2\/product"}],"about":[{"href":"https:\/\/haoyumaterial.com\/fr\/wp-json\/wp\/v2\/types\/product"}],"replies":[{"embeddable":true,"href":"https:\/\/haoyumaterial.com\/fr\/wp-json\/wp\/v2\/comments?post=2068"}],"wp:featuredmedia":[{"embeddable":true,"href":"https:\/\/haoyumaterial.com\/fr\/wp-json\/wp\/v2\/media\/2065"}],"wp:attachment":[{"href":"https:\/\/haoyumaterial.com\/fr\/wp-json\/wp\/v2\/media?parent=2068"}],"wp:term":[{"taxonomy":"product_brand","embeddable":true,"href":"https:\/\/haoyumaterial.com\/fr\/wp-json\/wp\/v2\/product_brand?post=2068"},{"taxonomy":"product_cat","embeddable":true,"href":"https:\/\/haoyumaterial.com\/fr\/wp-json\/wp\/v2\/product_cat?post=2068"},{"taxonomy":"product_tag","embeddable":true,"href":"https:\/\/haoyumaterial.com\/fr\/wp-json\/wp\/v2\/product_tag?post=2068"}],"curies":[{"name":"wp","href":"https:\/\/api.w.org\/{rel}","templated":true}]}}