{"id":2084,"date":"2026-03-24T11:23:23","date_gmt":"2026-03-24T03:23:23","guid":{"rendered":"https:\/\/haoyumaterial.com\/?post_type=product&#038;p=2084"},"modified":"2026-03-24T11:35:35","modified_gmt":"2026-03-24T03:35:35","slug":"9310-alloy-steel-machined-parts","status":"publish","type":"product","link":"https:\/\/haoyumaterial.com\/fr\/product\/9310-alloy-steel-machined-parts\/","title":{"rendered":"Pi\u00e8ces usin\u00e9es en acier alli\u00e9 9310 - fabrication CNC personnalis\u00e9e"},"content":{"rendered":"<h2>Qu'est-ce que l'acier alli\u00e9 AISI 9310 ?<\/h2>\n<p>Aidez-vous \u00e0 trouver un mat\u00e9riau qui \u00e9quilibre une forte r\u00e9sistance du noyau et une excellente r\u00e9sistance \u00e0 l'usure ? <strong>AISI 9310 acier<\/strong> est la solution. En tant qu'acier faiblement alli\u00e9 sp\u00e9cialis\u00e9 enrichi en molybd\u00e8ne, nickel et chrome, il offre les performances m\u00e9tallurgiques demand\u00e9es par les applications a\u00e9ronautiques et industrielles critiques. Nous nous sp\u00e9cialisons dans la production de haute performance <strong>pi\u00e8ces usin\u00e9es en acier 9310<\/strong> qui r\u00e9pondent exactement aux sp\u00e9cifications des environnements d'ing\u00e9nierie les plus exigeants d'aujourd'hui.<\/p>\n<h3>Sup\u00e9riorit\u00e9 par rapport aux aciers au carbone standard<\/h3>\n<p>Compar\u00e9 aux aciers au carbone standard, le 9310 offre des avantages d\u2019ing\u00e9nierie distincts. Sa composition chimique pr\u00e9cise assure une performance pour les charges s\u00e9v\u00e8res :<\/p>\n<ul>\n<li><strong>Excellente ductilit\u00e9 :<\/strong> \u00c9vite les d\u00e9faillances fragiles sous de lourds chocs et charges d\u2019impact.<\/li>\n<li><strong>Formabilit\u00e9 am\u00e9lior\u00e9e :<\/strong> Permet des g\u00e9om\u00e9tries complexes et pr\u00e9cises lors de l\u2019usinage personnalis\u00e9 de l\u2019acier 9310.<\/li>\n<li><strong>R\u00e9ponse \u00e0 la chaleur optimis\u00e9e :<\/strong> R\u00e9agit fortement au travail m\u00e9canique et au traitement thermique sp\u00e9cialis\u00e9, cr\u00e9ant des pi\u00e8ces avec un noyau robuste et une attaque de surface r\u00e9sistante \u00e0 l\u2019usure.<\/li>\n<\/ul>\n<h3>D\u00e9signations et \u00e9quivalents industriels<\/h3>\n<p>Conna\u00eetre la sp\u00e9cification mat\u00e9rielle exacte est crucial pour l\u2019approvisionnement et la conformit\u00e9 structurelle. Nous fabriquons <strong>pi\u00e8ces usin\u00e9es AMS 6260<\/strong> et composants sous divers alias conformes aux normes industrielles. Bien que <strong>UNS G93100<\/strong> soit la d\u00e9signation du syst\u00e8me universel de num\u00e9rotation, ce mat\u00e9riau est fr\u00e9quemment certifi\u00e9 selon ces sp\u00e9cifications de mat\u00e9riaux a\u00e9rospatiales courantes :<\/p>\n<ul>\n<li><strong>AMS 6260G<\/strong> * <strong>AMS 6265C<\/strong> (souvent sp\u00e9cifi\u00e9 comme <strong>acier au mangan\u00e8se AMS 6265<\/strong>)<\/li>\n<li><strong>AMS 6267A<\/strong><\/li>\n<\/ul>\n<p>En comprenant les comportements m\u00e9tallurgiques exacts de cet acier faiblement alli\u00e9, nous veillons \u00e0 ce que vos composants fonctionnent parfaitement sous des contraintes extr\u00eames.<\/p>\n<h2>Capacit\u00e9s d\u2019usinage de l\u2019acier 9310 chez Vastmaterial<\/h2>\n<h2><img loading=\"lazy\" decoding=\"async\" class=\"alignnone wp-image-2078\" src=\"https:\/\/haoyumaterial.com\/wp-content\/uploads\/2026\/03\/9130_Alloy_Steel_Precision_Machined_Parts_FV5HsvKO-300x300.webp\" alt=\"\" width=\"832\" height=\"832\" srcset=\"https:\/\/haoyumaterial.com\/wp-content\/uploads\/2026\/03\/9130_Alloy_Steel_Precision_Machined_Parts_FV5HsvKO-300x300.webp 300w, https:\/\/haoyumaterial.com\/wp-content\/uploads\/2026\/03\/9130_Alloy_Steel_Precision_Machined_Parts_FV5HsvKO-150x150.webp 150w, https:\/\/haoyumaterial.com\/wp-content\/uploads\/2026\/03\/9130_Alloy_Steel_Precision_Machined_Parts_FV5HsvKO-768x768.webp 768w, https:\/\/haoyumaterial.com\/wp-content\/uploads\/2026\/03\/9130_Alloy_Steel_Precision_Machined_Parts_FV5HsvKO-12x12.webp 12w, https:\/\/haoyumaterial.com\/wp-content\/uploads\/2026\/03\/9130_Alloy_Steel_Precision_Machined_Parts_FV5HsvKO-600x600.webp 600w, https:\/\/haoyumaterial.com\/wp-content\/uploads\/2026\/03\/9130_Alloy_Steel_Precision_Machined_Parts_FV5HsvKO-100x100.webp 100w, https:\/\/haoyumaterial.com\/wp-content\/uploads\/2026\/03\/9130_Alloy_Steel_Precision_Machined_Parts_FV5HsvKO.webp 1024w\" sizes=\"auto, (max-width: 832px) 100vw, 832px\" \/><\/h2>\n<p>&nbsp;<\/p>\n<p>Chez Vastmaterial, nous sommes sp\u00e9cialis\u00e9s dans la fabrication de pi\u00e8ces de pr\u00e9cision <strong>pi\u00e8ces usin\u00e9es en acier 9310<\/strong> con\u00e7ues pour des applications mondiales rigoureuses. Nous configurons nos centres avanc\u00e9s de tournage et d\u2019usinage CN pour g\u00e9rer sp\u00e9cifiquement l\u2019inherent robustesse de ce mat\u00e9riau. Tout comme nous mettons l\u2019accent sur le chemin d\u2019outillage strat\u00e9gique et le contr\u00f4le de l\u2019avance dans nos <a href=\"https:\/\/haoyumaterial.com\/fr\/stainless-steel-cnc-machining-guide-material-choice-and-optimization\/\">proc\u00e9dures d\u2019optimisation de l\u2019usinage CN<\/a> proc\u00e9dures, nous adaptons l\u2019ensemble de notre installation pour s\u2019aligner sur les sp\u00e9cifications exactes de la 9310.<\/p>\n<h3>Accent sur l\u2019usinabilit\u00e9 de l\u2019acier 9310<\/h3>\n<p>L\u2019AISI 9310 porte g\u00e9n\u00e9ralement une cote de machinabilit\u00e9 de baseline d\u2019environ 50% par rapport aux aciers au carbone standard \u00e0 usinage libre. Pour livrer une usinage personnalis\u00e9 de 9310 sans d\u00e9faut, nous prenons le contr\u00f4le total de nos param\u00e8tres d\u2019usinage :<\/p>\n<ul>\n<li><strong>Vitesses de coupe optimis\u00e9es :<\/strong> Nous ajustons finement les vitesses de broche pour r\u00e9duire l'accumulation thermique, garantissant l\u2019int\u00e9grit\u00e9 du mat\u00e9riau et prolongeant la dur\u00e9e de vie de l\u2019outil.<\/li>\n<li><strong>Couplage des Forces de Coupe :<\/strong> En \u00e9quilibrant les taux d\u2019avance et en utilisant un serrage rigide de la pi\u00e8ce, nous \u00e9vitons la d\u00e9flexion de l\u2019outil et maintenons une pr\u00e9cision constante sur des pi\u00e8ces complexes et lourdes.<\/li>\n<\/ul>\n<h3>Meilleures Pratiques d\u2019Usinage \u00e9prouv\u00e9es<\/h3>\n<p>Pour atteindre les m\u00e9triques de performance exactes exig\u00e9es par votre projet, nous suivons des directives internes strictes pour l\u2019usinage CNC d\u2019acier faiblement alli\u00e9.<\/p>\n<ul>\n<li><strong>\u00c9tat Normalis\u00e9 et Temp\u00e9r\u00e9 :<\/strong> Nous r\u00e9alisons nos op\u00e9rations d\u2019usinage principales lorsque l\u2019alliage 9310 est dans son \u00e9tat normalis\u00e9 et temp\u00e9r\u00e9.<\/li>\n<li><strong>Pr\u00e9cision dimensionnelle :<\/strong> Usiner le mat\u00e9riau dans cet \u00e9tat sp\u00e9cifique est notre m\u00e9thode \u00e9prouv\u00e9e pour garantir les tol\u00e9rances les plus strictes sans distorsion due au stress interne.<\/li>\n<li><strong>Finition de Surface Premium :<\/strong> Cette approche se traduit directement par des surfaces plus lisses et sans d\u00e9faut, parfaitement pr\u00e9par\u00e9es pour le traitements final de cas et les op\u00e9rations de finition.<\/li>\n<\/ul>\n<h2>Sp\u00e9cifications Techniques &amp; Propri\u00e9t\u00e9s du Mat\u00e9riau<\/h2>\n<p>Lorsque nous fabriquons <strong>pi\u00e8ces usin\u00e9es en acier 9310<\/strong>, comprendre la composition exacte du m\u00e9tal est essentiel. La performance impressionnante de <strong>AISI 9310<\/strong> repose sur son assemblage pr\u00e9cis d\u2019\u00e9l\u00e9ments, qui lui conf\u00e8re une r\u00e9sistance centrale \u00e9lev\u00e9e tout en conservant une excellente ductilit\u00e9. En raison de ces traits sp\u00e9cifiques, nous ajustons soigneusement nos vitesses de coupe et g\u00e9rons les forces de coupe pendant nos <a href=\"https:\/\/haoyumaterial.com\/fr\/product\/custom-cnc-machining-parts-precision-tight-tolerance-services\/\">des pi\u00e8ces usin\u00e9es CNC personnalis\u00e9es<\/a> processus.<\/p>\n<h3>pour assurer une pr\u00e9cision dimensionnelle<\/h3>\n<p>Le <strong>composition chimique<\/strong> Compos\u00e9s Chimiques de l\u2019Acier 9310.<\/p>\n<table>\n<thead>\n<tr>\n<th style=\"text-align: left;\">\u00c9l\u00e9ment<\/th>\n<th style=\"text-align: left;\">Pourcentage (%)<\/th>\n<\/tr>\n<\/thead>\n<tbody>\n<tr>\n<td style=\"text-align: left;\"><strong>Carbone (C)<\/strong><\/td>\n<td style=\"text-align: left;\">de ce acier faiblement alli\u00e9 est enrichi d\u2019\u00e9l\u00e9ments sp\u00e9cifiques pour accro\u00eetre sa durabilit\u00e9 et sa r\u00e9activit\u00e9 au traitement thermique.<\/td>\n<\/tr>\n<tr>\n<td style=\"text-align: left;\"><strong>Mn (Mangan\u00e8se)<\/strong><\/td>\n<td style=\"text-align: left;\">0.08 \u2013 0.13<\/td>\n<\/tr>\n<tr>\n<td style=\"text-align: left;\"><strong>Silicium (Si)<\/strong><\/td>\n<td style=\"text-align: left;\">0,15 \u2013 0,30<\/td>\n<\/tr>\n<tr>\n<td style=\"text-align: left;\"><strong>Nickel (Ni)<\/strong><\/td>\n<td style=\"text-align: left;\">3,00 \u2013 3,50<\/td>\n<\/tr>\n<tr>\n<td style=\"text-align: left;\"><strong>Chrome (Cr)<\/strong><\/td>\n<td style=\"text-align: left;\">1,00 \u2013 1,40<\/td>\n<\/tr>\n<tr>\n<td style=\"text-align: left;\"><strong>Molybd\u00e8ne (Mo)<\/strong><\/td>\n<td style=\"text-align: left;\">0,08 \u2013 0,15<\/td>\n<\/tr>\n<\/tbody>\n<\/table>\n<h3>Propri\u00e9t\u00e9s m\u00e9caniques de l\u2019alliage 9310<\/h3>\n<p>Le <strong>propri\u00e9t\u00e9s m\u00e9caniques<\/strong> Les propri\u00e9t\u00e9s de l\u2019acier 9310 en font un choix privil\u00e9gi\u00e9 pour les applications lourdes. Il offre un \u00e9quilibre fiable entre r\u00e9sistance et flexibilit\u00e9.<\/p>\n<ul>\n<li><strong>R\u00e9sistance \u00e0 la traction :<\/strong> Exceptionnellement \u00e9lev\u00e9e, permettant aux composants de r\u00e9sister \u00e0 de fortes forces de traction sans \u00e9chouer.<\/li>\n<li><strong>R\u00e9sistance \u00e0 l'\u00e9lasticit\u00e9 :<\/strong> Fournit un seuil \u00e9lev\u00e9 avant qu\u2019une d\u00e9formation permanente ne se produise sous contrainte.<\/li>\n<li><strong>Ductilit\u00e9 :<\/strong> Conserve d\u2019excellentes <strong>ductilit\u00e9<\/strong> et allongement, ce qui emp\u00eache les fractures soudaines lors de charges d\u2019impact.<\/li>\n<li><strong>Soudabilit\u00e9 :<\/strong> Il maintient une bonne <strong>soudabilit\u00e9<\/strong> par rapport \u00e0 d\u2019autres alliages a\u00e9ronautiques \u00e0 haute r\u00e9sistance, ce qui rend l\u2019assemblage secondaire simple.<\/li>\n<\/ul>\n<h3>Plage de duret\u00e9<\/h3>\n<p>Un avantage majeur de ce mat\u00e9riau est son profil polyvalent <strong>fourchette de duret\u00e9<\/strong>. Gr\u00e2ce \u00e0 des proc\u00e9d\u00e9s de trempe et de revenu comme le carburage, nous pouvons obtenir un profil de duret\u00e9 double qui est id\u00e9al pour les composants \u00e0 fort usure.<\/p>\n<ul>\n<li><strong>Duret\u00e9 de la surface :<\/strong> Nous pouvons atteindre une surface durcie de <strong>60\u201362 HRc<\/strong>, offrant une r\u00e9sistance incroyable \u00e0 l\u2019usure et \u00e0 l\u2019abrasion.<\/li>\n<li><strong>Duret\u00e9 du noyau :<\/strong> Alors que l\u2019ext\u00e9rieur est dur, le noyau reste plus tendre et plus r\u00e9sistant pour absorber les chocs et r\u00e9sister \u00e0 la fatigue structurelle.<\/li>\n<\/ul>\n<h2>Traitement thermique et proc\u00e9d\u00e9s de fabrication<\/h2>\n<p>Pour obtenir les meilleures performances de nos pi\u00e8ces usin\u00e9es en acier d\u2019alliage 9310, un traitement thermique pr\u00e9cis est non n\u00e9gociable. Nous g\u00e9rons de pr\u00e8s les cycles thermiques afin que le mat\u00e9riau atteigne les propri\u00e9t\u00e9s m\u00e9caniques exactes requises pour les applications lourdes.<\/p>\n<h3>Recuit et revenu standard<\/h3>\n<p>Obtenir une base correcte fait toute la diff\u00e9rence dans la stabilit\u00e9 du produit final.<\/p>\n<ul>\n<li><strong>Recuit :<\/strong> Nous chauffons l\u2019acier AISI 9310 \u00e0 <strong>857\u00b0C (1575\u00b0F)<\/strong>, suivi d'un refroidissement lent et contr\u00f4l\u00e9 du four. Cette \u00e9tape adoucit le m\u00e9tal, le pr\u00e9parant \u00e0 un usinage pr\u00e9cis et efficace.<\/li>\n<li><strong>Tempering :<\/strong> Apr\u00e8s la trempe initiale, nous trempons les pi\u00e8ces \u00e0 <strong>149\u00b0C (300\u00b0F)<\/strong>. Cela soulage les contraintes internes tout en verrouillant la plage de duret\u00e9 cible.<\/li>\n<\/ul>\n<h3>Traitement thermique avanc\u00e9 de l'acier 9310<\/h3>\n<p>Pour les composants critiques comme la fabrication d gear \u00e0 haute contrainte, les proc\u00e9dures standard ne suffisent pas. Nous utilisons des techniques avanc\u00e9es de pseudo-carbururation et de maintien isotherme. Cela am\u00e9liore la microstructure, donnant \u00e0 la pi\u00e8ce un noyau r\u00e9sistant et un bain de surface extr\u00eamement r\u00e9sistant \u00e0 l\u2019usure, capable de supporter une fatigue extr\u00eame. Tout comme nous mettons l'accent sur un contr\u00f4le strict dans d'autres <a href=\"https:\/\/haoyumaterial.com\/fr\/casting-stainless-steel-guide-high-precision-processes-and-alloys\/\">processus et alliages de haute pr\u00e9cision<\/a>, la gestion des maintien exacts de temp\u00e9rature pour le 9310 garantit sa fiabilit\u00e9 sur le terrain.<\/p>\n<h3>Good Weldability and Forming<\/h3>\n<p>Vous ne devez pas sacrifier la maniabilit\u00e9 pour atteindre une grande r\u00e9sistance.<\/p>\n<ul>\n<li><strong>Excellente aptitude au soudage :<\/strong> L\u2019alliage s\u2019adapte tr\u00e8s bien aux proc\u00e9dures de soudage \u00e9tablies, rendant l\u2019assemblage simple.<\/li>\n<li><strong>Ductilit\u00e9 retenue :<\/strong> M\u00eame apr\u00e8s des cycles de trempe et de revenu agressifs, ces composants conservent une ductilit\u00e9 exceptionnelle, prot\u00e9geant contre les fractures fragiles sous des chocs lourds.<\/li>\n<li><strong>Formabilit\u00e9 fiable :<\/strong> Le mat\u00e9riau r\u00e9agit de mani\u00e8re pr\u00e9visible lors de la fabrication, nous permettant de donner forme \u00e0 des g\u00e9om\u00e9tries complexes sans compromettre l\u2019int\u00e9grit\u00e9 structurelle de l\u2019acier.<\/li>\n<\/ul>\n<h2>Applications typiques pour les composants usin\u00e9s 9310<\/h2>\n<p>Lorsque votre projet exige des composants capables de r\u00e9sister \u00e0 des contraintes extr\u00eames, <strong>AISI 9310<\/strong> est le rep\u00e8re. En raison de son exceptionnel <strong>r\u00e9sistance \u00e0 la traction<\/strong> et noyau <strong>ductilit\u00e9<\/strong>, nous fabriquons <strong>pi\u00e8ces usin\u00e9es en acier 9310<\/strong> pour les secteurs o\u00f9 la performance et la fiabilit\u00e9 sont essentielles.<\/p>\n<p>Alors que certaines applications industrielles fonctionnent parfaitement bien avec des standards <a href=\"https:\/\/haoyumaterial.com\/fr\/product\/8620-alloy-steel-machined-parts\/\">Pi\u00e8ces usin\u00e9es en acier alli\u00e9 8620<\/a>, 9310 est con\u00e7u pour des environnements \u00e0 haute charge et sans compromis.<\/p>\n<p>Nous usinons r\u00e9guli\u00e8rement cet acier faiblement alloy\u00e9 haute performance pour les applications exigeantes suivantes :<\/p>\n<ul>\n<li><strong>Engrenages critiques de moteurs a\u00e9ronautiques :<\/strong> Fournissant la r\u00e9sistance \u00e9lev\u00e9e du noyau et la r\u00e9sistance \u00e0 la fatigue requises pour les syst\u00e8mes de propulsion a\u00e9rospatiale.<\/li>\n<li><strong>-Arbres de transmission de puissance lourds :<\/strong> Con\u00e7us pour endurer des couples massifs et des charges m\u00e9caniques lourdes continues.<\/li>\n<li><strong>Pions de piston et pi\u00e8ces d\u2019embrayage :<\/strong> Offrant une r\u00e9sistance \u00e0 l\u2019usure maximale et une t\u00e9nacit\u00e9 sous un cyclage continu \u00e0 fort frottement.<\/li>\n<li><strong>Ensemble d\u2019aile rotative :<\/strong> Garantissant une fiabilit\u00e9 absolue et une int\u00e9grit\u00e9 structurelle dans les syst\u00e8mes de rotor d\u2019h\u00e9licopt\u00e8re.<\/li>\n<\/ul>\n<h2>Pourquoi choisir Vastmaterial pour les pi\u00e8ces usin\u00e9es en alliage 9310 ?<\/h2>\n<p>Lorsque vous avez besoin d\u2019une grande fiabilit\u00e9 <strong>pi\u00e8ces usin\u00e9es en acier 9310<\/strong>, nous offrons la pr\u00e9cision et la coh\u00e9rence en lesquelles vous pouvez avoir confiance. Nous g\u00e9rons l\u2019ensemble du cycle de fabrication afin que vous n\u2019ayez pas \u00e0 vous soucier des lacunes de la cha\u00eene d\u2019approvisionnement ou des baisses de qualit\u00e9.<\/p>\n<h3>Assurance Qualit\u00e9 Intransigeante<\/h3>\n<p>Nous prenons les sp\u00e9cifications militaires et a\u00e9rospatiales au s\u00e9rieux. Chaque composant que nous fabriquons est con\u00e7u pour assurer une meilleure int\u00e9grit\u00e9 de surface et une r\u00e9sistance \u00e9lev\u00e9e du noyau.<\/p>\n<ul>\n<li><strong>Conformit\u00e9 stricte :<\/strong> Nos op\u00e9rations sont enti\u00e8rement conformes au DFARS et adh\u00e8rent de pr\u00e8s aux normes MIL-S-7393.<\/li>\n<li><strong>Tra\u00e7abilit\u00e9 compl\u00e8te :<\/strong> Nous assurons le suivi du mat\u00e9riau 100% d\u00e8s l\u2019arriv\u00e9e du stock brut jusqu\u2019\u00e0 la livraison finale de vos pi\u00e8ces.<\/li>\n<\/ul>\n<h3>usinage complet sur acier 9310 sur mesure de A \u00e0 Z<\/h3>\n<p>Nous g\u00e9rons votre projet du d\u00e9but \u00e0 la fin. Tout comme nous garantissons des tol\u00e9rances exactes pour nos <a href=\"https:\/\/haoyumaterial.com\/fr\/product\/4340-alloy-steel-machined-parts\/\">pi\u00e8ces usin\u00e9es en acier 4340<\/a>, notre approche de l\u2019acier 9310 garantit une fiabilit\u00e9 maximale pour les applications critiques.<\/p>\n<ul>\n<li><strong>Approvisionnement premium :<\/strong> Nous s\u00e9curisons des mat\u00e9riaux bruts de premier choix, dont du 9310 VAR (remeltage par arc sous vide) de qualit\u00e9 a\u00e9ronautique Premium, pour maximiser la r\u00e9sistance \u00e0 la fatigue et la ductilit\u00e9.<\/li>\n<li><strong>Inspection rigoureuse :<\/strong> Nos \u00e9quipes de contr\u00f4le qualit\u00e9 v\u00e9rifient la plage exacte d\u2019indice de duret\u00e9, la r\u00e9sistance \u00e0 la traction et la pr\u00e9cision dimensionnelle avant exp\u00e9dition.<\/li>\n<\/ul>\n<h3>Nos avantages d\u2019usinage 9310<\/h3>\n<table>\n<thead>\n<tr>\n<th style=\"text-align: left;\">Zone de service<\/th>\n<th style=\"text-align: left;\">Ce que nous livrons<\/th>\n<\/tr>\n<\/thead>\n<tbody>\n<tr>\n<td style=\"text-align: left;\"><strong>Approvisionnement en mat\u00e9riaux<\/strong><\/td>\n<td style=\"text-align: left;\">VAR 9310 de qualit\u00e9 a\u00e9ronautique Premium<\/td>\n<\/tr>\n<tr>\n<td style=\"text-align: left;\"><strong>Normes industrielles<\/strong><\/td>\n<td style=\"text-align: left;\">Conforme DFARS, respect de MIL-S-7393<\/td>\n<\/tr>\n<tr>\n<td style=\"text-align: left;\"><strong>Contr\u00f4le qualit\u00e9<\/strong><\/td>\n<td style=\"text-align: left;\">Tra\u00e7abilit\u00e9 stricte des mat\u00e9riaux et inspection compl\u00e8te<\/td>\n<\/tr>\n<tr>\n<td style=\"text-align: left;\"><strong>Capacit\u00e9s<\/strong><\/td>\n<td style=\"text-align: left;\">Usinage de l\u2019acier 9310 sur mesure de bout en bout<\/td>\n<\/tr>\n<\/tbody>\n<\/table>\n<h2>FAQ : Composants usin\u00e9s en acier alli\u00e9 9310<\/h2>\n<h3>Quelle est la note de machinabilit\u00e9 de l'AISI 9310 ?<\/h3>\n<p>La note standard de machinabilit\u00e9 est approximativement 50% lorsqu'elle est compar\u00e9e \u00e0 l'acier B1112. En raison du robuste de l'alliage <strong>propri\u00e9t\u00e9s m\u00e9caniques<\/strong>, nous nous appuyons sur une programmation CNC sp\u00e9cialis\u00e9e. En optimisant strictement nos <strong>vitesses de coupe<\/strong> et en g\u00e9rant les fortes <strong>forces de coupe<\/strong> g\u00e9n\u00e9r\u00e9es lors du fraisage et du fraisage, nous assurons des tol\u00e9rances pr\u00e9cises et des finitions de surface homog\u00e8nes.<\/p>\n<h3>L'acier 9310 peut-il \u00eatre durci par carburage ?<\/h3>\n<p>Oui, il est sp\u00e9cialement con\u00e7u pour cela. Nous produisons fr\u00e9quemment <strong>des composants durcis par carburure 9310<\/strong> car le mat\u00e9riau r\u00e9agit incroyablement bien au durcissement par carburage.<\/p>\n<ul>\n<li><strong>Surface :<\/strong> Atteint un pic <strong>fourchette de duret\u00e9<\/strong> de 60\u201362 HRC pour une r\u00e9sistance extr\u00eame \u00e0 l\u2019usure.<\/li>\n<li><strong>Noyau :<\/strong> Conserve d'excellentes <strong>ductilit\u00e9<\/strong> et haut <strong>r\u00e9sistance \u00e0 la traction<\/strong> pour absorber de lourdes charges d'impact sans se fracturer.<\/li>\n<\/ul>\n<h3>AMS 6260 vs AMS 6265 : Quelle est la diff\u00e9rence ?<\/h3>\n<p>Les deux d\u00e9signations a\u00e9rospatiales se r\u00e9f\u00e8rent \u00e0 <strong>AISI 9310<\/strong>. Ils partagent exactement la m\u00eame chose <strong>composition chimique<\/strong> et bon <strong>soudabilit\u00e9<\/strong>, mais ils diff\u00e8rent dans la mani\u00e8re dont l\u2019acier brut est fondu :<\/p>\n<ul>\n<li><strong>AMS 6260:<\/strong> Acier d'alliage fond\u00e9 \u00e0 l'air standard, adapt\u00e9 \u00e0 la plupart des pi\u00e8ces usin\u00e9es lourdes et a\u00e9rospatiales.<\/li>\n<li><strong>AMS 6265:<\/strong> Utilise les <strong>proc\u00e9d\u00e9 de Refusion au Plasma par Arc sous Vide (VAR) 9310<\/strong> Cette fonte secondaire \u00e9limine les impuret\u00e9s microscopiques, am\u00e9liorant consid\u00e9rablement la fiabilit\u00e9 sous fatigue pour les composants fortement sollicit\u00e9s comme les engrenages de moteurs d'a\u00e9ronef.<\/li>\n<\/ul>\n<p>Si votre application sp\u00e9cifique n\u00e9cessite une haute r\u00e9sistance \u00e0 la corrosion plut\u00f4t que l'extr\u00eame robustesse du noyau du 9310, l'examen des propri\u00e9t\u00e9s et usages de <a href=\"https:\/\/haoyumaterial.com\/fr\/what-is-400-series-stainless-steel-properties-uses-grades\/\">acier inoxydable de la s\u00e9rie 400<\/a> peut offrir une alternative solide pour votre prochaine s\u00e9rie de fabrication.<\/p>","protected":false},"excerpt":{"rendered":"<p>Pi\u00e8ces usin\u00e9es en acier alli\u00e9 9310 personnalis\u00e9es avec pr\u00e9cision CNC, haute r\u00e9sistance du noyau, traitement thermique et qualit\u00e9 de grade a\u00e9ronautique<\/p>","protected":false},"featured_media":2082,"comment_status":"open","ping_status":"closed","template":"","meta":{"site-sidebar-layout":"default","site-content-layout":"","ast-site-content-layout":"default","site-content-style":"default","site-sidebar-style":"default","ast-global-header-display":"","ast-banner-title-visibility":"","ast-main-header-display":"","ast-hfb-above-header-display":"","ast-hfb-below-header-display":"","ast-hfb-mobile-header-display":"","site-post-title":"","ast-breadcrumbs-content":"","ast-featured-img":"","footer-sml-layout":"","ast-disable-related-posts":"","theme-transparent-header-meta":"default","adv-header-id-meta":"","stick-header-meta":"","header-above-stick-meta":"","header-main-stick-meta":"","header-below-stick-meta":"","astra-migrate-meta-layouts":"set","ast-page-background-enabled":"default","ast-page-background-meta":{"desktop":{"background-color":"var(--ast-global-color-5)","background-image":"","background-repeat":"repeat","background-position":"center center","background-size":"auto","background-attachment":"scroll","background-type":"","background-media":"","overlay-type":"","overlay-color":"","overlay-opacity":"","overlay-gradient":""},"tablet":{"background-color":"","background-image":"","background-repeat":"repeat","background-position":"center center","background-size":"auto","background-attachment":"scroll","background-type":"","background-media":"","overlay-type":"","overlay-color":"","overlay-opacity":"","overlay-gradient":""},"mobile":{"background-color":"","background-image":"","background-repeat":"repeat","background-position":"center center","background-size":"auto","background-attachment":"scroll","background-type":"","background-media":"","overlay-type":"","overlay-color":"","overlay-opacity":"","overlay-gradient":""}},"ast-content-background-meta":{"desktop":{"background-color":"var(--ast-global-color-4)","background-image":"","background-repeat":"repeat","background-position":"center center","background-size":"auto","background-attachment":"scroll","background-type":"","background-media":"","overlay-type":"","overlay-color":"","overlay-opacity":"","overlay-gradient":""},"tablet":{"background-color":"var(--ast-global-color-4)","background-image":"","background-repeat":"repeat","background-position":"center center","background-size":"auto","background-attachment":"scroll","background-type":"","background-media":"","overlay-type":"","overlay-color":"","overlay-opacity":"","overlay-gradient":""},"mobile":{"background-color":"var(--ast-global-color-4)","background-image":"","background-repeat":"repeat","background-position":"center center","background-size":"auto","background-attachment":"scroll","background-type":"","background-media":"","overlay-type":"","overlay-color":"","overlay-opacity":"","overlay-gradient":""}}},"product_brand":[],"product_cat":[17,18],"product_tag":[],"class_list":{"0":"post-2084","1":"product","2":"type-product","3":"status-publish","4":"has-post-thumbnail","6":"product_cat-stainless-steel","7":"product_cat-alloy-steel","8":"desktop-align-left","9":"tablet-align-left","10":"mobile-align-left","12":"first","13":"instock","14":"shipping-taxable","15":"purchasable","16":"product-type-simple"},"_links":{"self":[{"href":"https:\/\/haoyumaterial.com\/fr\/wp-json\/wp\/v2\/product\/2084","targetHints":{"allow":["GET"]}}],"collection":[{"href":"https:\/\/haoyumaterial.com\/fr\/wp-json\/wp\/v2\/product"}],"about":[{"href":"https:\/\/haoyumaterial.com\/fr\/wp-json\/wp\/v2\/types\/product"}],"replies":[{"embeddable":true,"href":"https:\/\/haoyumaterial.com\/fr\/wp-json\/wp\/v2\/comments?post=2084"}],"wp:featuredmedia":[{"embeddable":true,"href":"https:\/\/haoyumaterial.com\/fr\/wp-json\/wp\/v2\/media\/2082"}],"wp:attachment":[{"href":"https:\/\/haoyumaterial.com\/fr\/wp-json\/wp\/v2\/media?parent=2084"}],"wp:term":[{"taxonomy":"product_brand","embeddable":true,"href":"https:\/\/haoyumaterial.com\/fr\/wp-json\/wp\/v2\/product_brand?post=2084"},{"taxonomy":"product_cat","embeddable":true,"href":"https:\/\/haoyumaterial.com\/fr\/wp-json\/wp\/v2\/product_cat?post=2084"},{"taxonomy":"product_tag","embeddable":true,"href":"https:\/\/haoyumaterial.com\/fr\/wp-json\/wp\/v2\/product_tag?post=2084"}],"curies":[{"name":"wp","href":"https:\/\/api.w.org\/{rel}","templated":true}]}}