{"id":2158,"date":"2026-04-14T11:13:44","date_gmt":"2026-04-14T03:13:44","guid":{"rendered":"https:\/\/haoyumaterial.com\/?post_type=product&#038;p=2158"},"modified":"2026-04-14T11:35:46","modified_gmt":"2026-04-14T03:35:46","slug":"alloy-steel-investment-casting","status":"publish","type":"product","link":"https:\/\/haoyumaterial.com\/fr\/product\/alloy-steel-investment-casting\/","title":{"rendered":"Services de coul\u00e9e sous cire perdue en acier alli\u00e9"},"content":{"rendered":"<h2>Qu'est-ce que la coul\u00e9e sous cire perdue en acier alli\u00e9 ?<\/h2>\n<p>La coul\u00e9e sous cire perdue en acier alli\u00e9 est un proc\u00e9d\u00e9 de fabrication de pr\u00e9cision utilis\u00e9 pour cr\u00e9er des composants m\u00e9talliques complexes et haute performance. En versant l'acier alli\u00e9 fondu dans des moules en c\u00e9ramique, nous produisons des pi\u00e8ces qui r\u00e9pondent \u00e0 des normes industrielles rigoureuses. Cette m\u00e9thode est essentielle pour des applications n\u00e9cessitant des propri\u00e9t\u00e9s m\u00e9caniques sp\u00e9cifiques que l\u2019acier au carbone standard ne peut pas fournir.<\/p>\n<h3>Le processus de coul\u00e9e sous cire perdue expliqu\u00e9<\/h3>\n<p>Notre proc\u00e9d\u00e9 utilise la technique de la cire perdue pour garantir un d\u00e9tail et une pr\u00e9cision maximum.<\/p>\n<ul>\n<li><strong>Cr\u00e9ation du mod\u00e8le en cire :<\/strong> Des mod\u00e8les en cire de haute pr\u00e9cision sont produits pour chaque pi\u00e8ce.<\/li>\n<li><strong>Construction de la coquille en c\u00e9ramique :<\/strong> Les motifs sont tremp\u00e9s dans une couche de pl\u00e2tre c\u00e9ramique pour cr\u00e9er un moule robuste.<\/li>\n<li><strong>D\u00e9p\u00f4t de cire et coul\u00e9e :<\/strong> La cire est retir\u00e9e, et des alliages ferreux fondus\u2014s\u00e9lectionn\u00e9s parmi plus de 75 types de m\u00e9taux diff\u00e9rents\u2014sont coul\u00e9s dans la cavit\u00e9.<\/li>\n<li><strong>Syst\u00e8me de chaleur ma\u00eetre :<\/strong> Nous utilisons un syst\u00e8me de chaleur ma\u00eetre strictement contr\u00f4l\u00e9 pour garantir une qualit\u00e9 m\u00e9tallurgique constante \u00e0 chaque coul\u00e9e.<\/li>\n<\/ul>\n<h3>Principales caract\u00e9ristiques de l'acier alli\u00e9<\/h3>\n<p>Les aciers alli\u00e9s sont con\u00e7us en ajoutant des \u00e9l\u00e9ments sp\u00e9cifiques au fer et au carbone pour am\u00e9liorer les performances.<\/p>\n<ul>\n<li><strong>Duret\u00e9 accrue :<\/strong> Id\u00e9al pour les applications d'acier outil o\u00f9 la r\u00e9tention de forme est critique.<\/li>\n<li><strong>R\u00e9sistance \u00e0 l'abrasion :<\/strong> Haute durabilit\u00e9 pour des environnements lourds comme l'exploitation mini\u00e8re ou la construction.<\/li>\n<li><strong>peut \u00eatre consid\u00e9rablement renforc\u00e9 par aust\u00e9nitisation, trempe et revenu. Ce processus nous permet d'adapter les propri\u00e9t\u00e9s m\u00e9caniques du mat\u00e9riau pour r\u00e9pondre \u00e0 des exigences de duret\u00e9 sp\u00e9cifiques, allant d'un \u00e9tat relativement doux apr\u00e8s recuit \u00e0 une durabilit\u00e9 \u00e9lev\u00e9e apr\u00e8s traitement.<\/strong> Ces alliages peuvent \u00eatre trait\u00e9s thermiquement pour am\u00e9liorer significativement la r\u00e9sistance, la ductilit\u00e9 et la t\u00e9nacit\u00e9.<\/li>\n<\/ul>\n<h2>Avantages des pi\u00e8ces moul\u00e9es en acier\talloy \u00e9lev\u00e9<\/h2>\n<p>Choisir l\u2019acier d\u2019alliage pour la coul\u00e9e sous pression offre un \u00e9quilibre sup\u00e9rieur entre co\u00fbt et performance, en particulier pour les composants critiques de mission.<\/p>\n<h3>Haute r\u00e9sistance et durabilit\u00e9<\/h3>\n<p>Les pi\u00e8ces moul\u00e9es en acier d\u2019alliage offrent une r\u00e9sistance \u00e0 la traction exceptionnelle. Gr\u00e2ce \u00e0 notre traitement thermique et nos essais de duret\u00e9 approuv\u00e9s NADCAP, nous pouvons personnaliser les propri\u00e9t\u00e9s physiques du mat\u00e9riau pour r\u00e9sister \u00e0 des contraintes extr\u00eames et \u00e0 des cycles lourds.<\/p>\n<h3>Pr\u00e9cision et tol\u00e9rances strictes<\/h3>\n<p>Le proc\u00e9d\u00e9 de moule c\u00e9ramique permet une pr\u00e9cision dimensionnelle incroyable. Nous maintenons un syst\u00e8me de qualit\u00e9 enregistr\u00e9 AS9100 pour garantir que chaque coul\u00e9e respecte les tol\u00e9rances serr\u00e9es requises par les secteurs de l\u2019a\u00e9rospatiale et de la d\u00e9fense.<\/p>\n<h3>R\u00e9duction de l\u2019usinage secondaire<\/h3>\n<p>\u00c9tant donn\u00e9 que la coul\u00e9e sous pression produit des pi\u00e8ces en forme \u201c quasi finale \u201d, le besoin d\u2019un usinage secondaire co\u00fbteux est consid\u00e9rablement r\u00e9duit. Cette efficacit\u00e9 en fait une solution tr\u00e8s rentable pour des g\u00e9om\u00e9tries complexes qui seraient difficiles \u00e0 produire par la fabrication traditionnelle.<\/p>\n<h2>Grades courants d\u2019acier d\u2019alliage utilis\u00e9s en coul\u00e9e<\/h2>\n<p>Nous fondons une large gamme de mat\u00e9riaux ferreux, ce qui nous permet d\u2019ajuster la composition chimique sp\u00e9cifique \u00e0 vos exigences d\u2019application.<\/p>\n<h3>aciers faiblement alli\u00e9s<\/h3>\n<p>Les aciers faiblement alli\u00e9s sont privil\u00e9gi\u00e9s pour leur polyvalence et leur rentabilit\u00e9. Ces mat\u00e9riaux offrent de meilleures propri\u00e9t\u00e9s m\u00e9caniques que l\u2019acier au carbone standard tout en restant tr\u00e8s usinables et sensibles au durcissement de surface.<\/p>\n<h3>Aciers hautement alli\u00e9s et sp\u00e9ciaux<\/h3>\n<p>Pour des environnements extr\u00eames, nous utilisons des grades hautement alli\u00e9s :<\/p>\n<ul>\n<li><strong>Acier inoxydable :<\/strong> Comprenant 17-4 PH, 15-5 PH et les s\u00e9ries 300\/400 pour une r\u00e9sistance maximale \u00e0 la corrosion.<\/li>\n<li><strong>Acier \u00e0 outils :<\/strong> Acier \u00e0 carbone alli\u00e9 sp\u00e9cialis\u00e9 con\u00e7u pour maintenir la duret\u00e9 \u00e0 haute temp\u00e9rature pour la coupe et l\u2019inspection.<\/li>\n<li><strong>Aliages \u00e0 base de nickel et de cobalt :<\/strong> Pour des applications \u00e0 haute temp\u00e9rature et \u00e0 forte usure.<\/li>\n<\/ul>\n<h3>Acier d\u2019alliage vs Acier au carbone<\/h3>\n<table>\n<thead>\n<tr>\n<th style=\"text-align: left;\">Caract\u00e9ristique<\/th>\n<th style=\"text-align: left;\">Acier au carbone<\/th>\n<th style=\"text-align: left;\">Acier alli\u00e9<\/th>\n<\/tr>\n<\/thead>\n<tbody>\n<tr>\n<td style=\"text-align: left;\"><strong>Avantage principal<\/strong><\/td>\n<td style=\"text-align: left;\">\u00c9conomique et facile \u00e0 usiner<\/td>\n<td style=\"text-align: left;\">Grande r\u00e9sistance et r\u00e9sistance \u00e0 l\u2019usure<\/td>\n<\/tr>\n<tr>\n<td style=\"text-align: left;\"><strong>R\u00e9sistance \u00e0 la Corrosion<\/strong><\/td>\n<td style=\"text-align: left;\">Faible<\/td>\n<td style=\"text-align: left;\">\u00c9lev\u00e9 (selon l\u2019alliage)<\/td>\n<\/tr>\n<tr>\n<td style=\"text-align: left;\"><strong>Traitement thermique<\/strong><\/td>\n<td style=\"text-align: left;\">Am\u00e9liore la ductilit\u00e9<\/td>\n<td style=\"text-align: left;\">maximise la duret\u00e9 et la t\u00e9nacit\u00e9<\/td>\n<\/tr>\n<\/tbody>\n<\/table>\n<h2>Proc\u00e9dures de production et traitements de surface<\/h2>\n<p>Le contr\u00f4le de qualit\u00e9 est int\u00e9gr\u00e9 \u00e0 chaque \u00e9tape de notre production, depuis le moule initial jusqu\u2019\u00e0 l\u2019inspection finale.<\/p>\n<h3>Cr\u00e9ation du moule et \u00e9limination de la cire<\/h3>\n<p>La pr\u00e9cision commence par le moule. Nous utilisons des mat\u00e9riaux c\u00e9ramiques de haute qualit\u00e9 pour assurer une finition de surface de la coul\u00e9e lisse et exempte de d\u00e9fauts. Le processus d\u2019\u00e9limination de la cire est minutieusement surveill\u00e9 pour pr\u00e9venir les fissures du moule et garantir l\u2019int\u00e9grit\u00e9 interne.<\/p>\n<h3>Techniques de fusion et de coul\u00e9e<\/h3>\n<p>Nous utilisons des alliages fondus \u00e0 l\u2019air vers\u00e9s dans des moules c\u00e9ramiques sous des contr\u00f4les de temp\u00e9rature stricts. Notre expertise dans la coul\u00e9e de plus de 75 m\u00e9taux diff\u00e9rents garantit que la dynamique des fluides de l\u2019acier fondu aboutit \u00e0 une coul\u00e9e dense et sans porosit\u00e9.<\/p>\n<h3>Traitements de surface post-coul\u00e9e<\/h3>\n<p>Pour r\u00e9pondre aux sp\u00e9cifications finales, nous proposons des services secondaires complets en interne :<\/p>\n<ul>\n<li><strong>Traitement thermodynamique NADCAP :<\/strong> Pour atteindre des niveaux de duret\u00e9 sp\u00e9cifiques.<\/li>\n<li><strong>Contr\u00f4le nondestructif (NDT) :<\/strong> Garantissant l\u2019int\u00e9grit\u00e9 interne.<\/li>\n<li><strong>Test de Duret\u00e9 :<\/strong> V\u00e9rification des propri\u00e9t\u00e9s des mat\u00e9riaux apr\u00e8s traitement.<\/li>\n<\/ul>\n<h2>Applications industrielles des coul\u00e9es d\u2019acier-alloy<\/h2>\n<p>Nos pi\u00e8ces coul\u00e9es de pr\u00e9cision sont utilis\u00e9es par des industries mondiales qui exigent fiabilit\u00e9 et haute performance.<\/p>\n<h3>Composants automobiles et a\u00e9ronautiques<\/h3>\n<p>En tant qu\u2019\u00e9tablissement enregistr\u00e9 AS9100, nous fournissons des pi\u00e8ces en acier-alloy \u00e0 haute r\u00e9sistance pour les syst\u00e8mes de vol critiques et \u00e0 haute performance o\u00f9 les rapports poids\/duret\u00e9 sont essentiels.<\/p>\n<h3>Machinerie et \u00c9quipements Lourds<\/h3>\n<p>Pour les secteurs minier, de la construction et de l\u2019agriculture, nos pi\u00e8ces moul\u00e9es en acier d\u2019outil et en alliages de carbone offrent la r\u00e9sistance \u00e0 l\u2019abrasion n\u00e9cessaire pour les \u00e9quipements lourds et les outils d\u2019occupation du sol.<\/p>\n<h3>Secteurs P\u00e9trole, Gaz et \u00c9nergie<\/h3>\n<p>Nous produisons des composants r\u00e9sistants \u00e0 la corrosion et capables de supporter des pressions \u00e9lev\u00e9es, aptes \u00e0 r\u00e9sister aux environnements difficiles rencontr\u00e9s dans les applications sous-marines et de production d\u2019\u00e9nergie.<\/p>\n<h2>Comment Choisir le Bon Acier d\u2019Alliage pour Votre Projet<\/h2>\n<p>Choisir le bon mat\u00e9riau est l\u2019\u00e9tape la plus critique du processus de conception.<\/p>\n<h3>\u00c9valuation des Propri\u00e9t\u00e9s des Mat\u00e9riaux<\/h3>\n<p>Consid\u00e9rez les principaux facteurs de contrainte : la pi\u00e8ce n\u00e9cessite-t-elle une r\u00e9sistance \u00e0 la traction \u00e9lev\u00e9e, ou la r\u00e9sistance \u00e0 la corrosion est-elle la priorit\u00e9 ? Nos experts vous guident dans le choix parmi nos plus de 75 alliages disponibles pour optimiser les performances.<\/p>\n<h3>Comprendre les Tol\u00e9rances de Coul\u00e9e<\/h3>\n<p>\u00c9valuez la complexit\u00e9 de votre conception. La coul\u00e9e sous investiture permet des passages de refroidissement internes complexes et des parois fines que d\u2019autres m\u00e9thodes ne peuvent pas atteindre, ce qui r\u00e9duit le poids total de l\u2019assemblage final.<\/p>\n<h3>Choisir un Fabricant de Coul\u00e9e Fiable<\/h3>\n<p>Recherche un partenaire dot\u00e9 de certifications \u00e9prouv\u00e9es et de capacit\u00e9s internes. Nos agr\u00e9ments NADCAP et nos contr\u00f4les de processus rigoureux garantissent que vos pi\u00e8ces moul\u00e9es en acier d\u2019alliage sont livr\u00e9es avec une qualit\u00e9 constante et des performances fiables. Contactez notre \u00e9quipe pour obtenir un devis adapt\u00e9 \u00e0 vos besoins sp\u00e9cifiques.<\/p>","protected":false},"excerpt":{"rendered":"<p>Guide de la coul\u00e9e sous cire perdue en acier alli\u00e9 couvrant les grades de pr\u00e9cision, durabilit\u00e9, traitements de surface et applications industrielles<\/p>","protected":false},"featured_media":2157,"comment_status":"open","ping_status":"closed","template":"","meta":{"site-sidebar-layout":"default","site-content-layout":"","ast-site-content-layout":"default","site-content-style":"default","site-sidebar-style":"default","ast-global-header-display":"","ast-banner-title-visibility":"","ast-main-header-display":"","ast-hfb-above-header-display":"","ast-hfb-below-header-display":"","ast-hfb-mobile-header-display":"","site-post-title":"","ast-breadcrumbs-content":"","ast-featured-img":"","footer-sml-layout":"","ast-disable-related-posts":"","theme-transparent-header-meta":"default","adv-header-id-meta":"","stick-header-meta":"","header-above-stick-meta":"","header-main-stick-meta":"","header-below-stick-meta":"","astra-migrate-meta-layouts":"set","ast-page-background-enabled":"default","ast-page-background-meta":{"desktop":{"background-color":"var(--ast-global-color-5)","background-image":"","background-repeat":"repeat","background-position":"center center","background-size":"auto","background-attachment":"scroll","background-type":"","background-media":"","overlay-type":"","overlay-color":"","overlay-opacity":"","overlay-gradient":""},"tablet":{"background-color":"","background-image":"","background-repeat":"repeat","background-position":"center center","background-size":"auto","background-attachment":"scroll","background-type":"","background-media":"","overlay-type":"","overlay-color":"","overlay-opacity":"","overlay-gradient":""},"mobile":{"background-color":"","background-image":"","background-repeat":"repeat","background-position":"center center","background-size":"auto","background-attachment":"scroll","background-type":"","background-media":"","overlay-type":"","overlay-color":"","overlay-opacity":"","overlay-gradient":""}},"ast-content-background-meta":{"desktop":{"background-color":"var(--ast-global-color-4)","background-image":"","background-repeat":"repeat","background-position":"center center","background-size":"auto","background-attachment":"scroll","background-type":"","background-media":"","overlay-type":"","overlay-color":"","overlay-opacity":"","overlay-gradient":""},"tablet":{"background-color":"var(--ast-global-color-4)","background-image":"","background-repeat":"repeat","background-position":"center center","background-size":"auto","background-attachment":"scroll","background-type":"","background-media":"","overlay-type":"","overlay-color":"","overlay-opacity":"","overlay-gradient":""},"mobile":{"background-color":"var(--ast-global-color-4)","background-image":"","background-repeat":"repeat","background-position":"center center","background-size":"auto","background-attachment":"scroll","background-type":"","background-media":"","overlay-type":"","overlay-color":"","overlay-opacity":"","overlay-gradient":""}}},"product_brand":[],"product_cat":[17,18],"product_tag":[],"class_list":{"0":"post-2158","1":"product","2":"type-product","3":"status-publish","4":"has-post-thumbnail","6":"product_cat-stainless-steel","7":"product_cat-alloy-steel","8":"desktop-align-left","9":"tablet-align-left","10":"mobile-align-left","12":"first","13":"instock","14":"shipping-taxable","15":"purchasable","16":"product-type-simple"},"_links":{"self":[{"href":"https:\/\/haoyumaterial.com\/fr\/wp-json\/wp\/v2\/product\/2158","targetHints":{"allow":["GET"]}}],"collection":[{"href":"https:\/\/haoyumaterial.com\/fr\/wp-json\/wp\/v2\/product"}],"about":[{"href":"https:\/\/haoyumaterial.com\/fr\/wp-json\/wp\/v2\/types\/product"}],"replies":[{"embeddable":true,"href":"https:\/\/haoyumaterial.com\/fr\/wp-json\/wp\/v2\/comments?post=2158"}],"wp:featuredmedia":[{"embeddable":true,"href":"https:\/\/haoyumaterial.com\/fr\/wp-json\/wp\/v2\/media\/2157"}],"wp:attachment":[{"href":"https:\/\/haoyumaterial.com\/fr\/wp-json\/wp\/v2\/media?parent=2158"}],"wp:term":[{"taxonomy":"product_brand","embeddable":true,"href":"https:\/\/haoyumaterial.com\/fr\/wp-json\/wp\/v2\/product_brand?post=2158"},{"taxonomy":"product_cat","embeddable":true,"href":"https:\/\/haoyumaterial.com\/fr\/wp-json\/wp\/v2\/product_cat?post=2158"},{"taxonomy":"product_tag","embeddable":true,"href":"https:\/\/haoyumaterial.com\/fr\/wp-json\/wp\/v2\/product_tag?post=2158"}],"curies":[{"name":"wp","href":"https:\/\/api.w.org\/{rel}","templated":true}]}}