{"id":1440,"date":"2026-01-15T09:53:33","date_gmt":"2026-01-15T01:53:33","guid":{"rendered":"https:\/\/haoyumaterial.com\/?post_type=product&#038;p=1440"},"modified":"2026-01-15T09:53:33","modified_gmt":"2026-01-15T01:53:33","slug":"3d-printing-investment-casting-services-for-rapid-metal-prototypes","status":"publish","type":"product","link":"https:\/\/haoyumaterial.com\/it\/product\/3d-printing-investment-casting-services-for-rapid-metal-prototypes\/","title":{"rendered":"Servizi di stampa 3D e colata a investimento per prototipi metallici rapidi"},"content":{"rendered":"<h2>Panoramica del prodotto: dal CAD al metallo fuso<\/h2>\n<p>Aspettare settimane per la lavorazione di attrezzature metalliche non \u00e8 pi\u00f9 un collo di bottiglia nello sviluppo del prodotto. In Vastmaterial, colmiamo il divario tra progettazione digitale e produzione fisica con il nostro ibrido\u00a0<strong>fusione a cera persa con stampa 3D<\/strong>\u00a0soluzione. Integrando avanzate\u00a0<strong>modelli di fusione SLA<\/strong>\u00a0direttamente nel nostro flusso di lavoro di fonderia di precisione, eliminiamo la necessit\u00e0 di stampi a iniezione di cera costosi e dispendiosi in termini di tempo.<\/p>\n<p>Il nostro processo trasforma i tuoi dati CAD in parti metalliche di livello industriale con\u00a0<strong>produzione di metalli senza attrezzi<\/strong>. Utilizziamo stampanti 3D ad alta precisione per generare modelli sacrificabili che si bruciano pulitamente durante il processo di fusione, permettendoci di versare leghe ad alte prestazioni\u2014da acciaio inossidabile 316L a superleghe a base di cobalto\u2014senza le restrizioni delle tradizionali formature.<\/p>\n<h3>Perch\u00e9 scegliere i servizi di Fonderia Digitale?<\/h3>\n<p>Combiniamo l'agilit\u00e0 della prototipazione rapida con l'integrit\u00e0 metallurgica della fusione tradizionale. Questo approccio offre:<\/p>\n<ul>\n<li><strong>Costi di attrezzaggio zero:<\/strong>\u00a0Supera l'investimento iniziale richiesto per gli stampi in metallo, rendendo economicamente fattibile la produzione a basso volume.<\/li>\n<li><strong>Geometrie complesse:<\/strong>\u00a0Fondi caratteristiche complesse, incavi e pareti sottili che sono impossibili da modellare con gli attrezzi standard.<\/li>\n<li><strong>Tempi di consegna pi\u00f9 rapidi 75%:<\/strong>\u00a0Accelera il tuo ciclo di R&amp;S passando dal file di progettazione al pezzo in metallo finito in giorni anzich\u00e9 mesi.<\/li>\n<li><strong>Qualit\u00e0 di livello produttivo:<\/strong>\u00a0Ricevi pezzi che soddisfano gli stessi rigorosi standard aerospaziali e industriali dei nostri volumi elevati\u00a0<strong>fusione a investimento rapida<\/strong>\u00a0prodotti.<\/li>\n<\/ul>\n<h2>Il processo di fusione a investimento con stampa 3D<\/h2>\n<p>Da Haoyu Material, abbiamo ottimizzato il flusso di lavoro per integrare\u00a0<strong>servizi di fonderia digitale<\/strong>\u00a0con metallurgia tradizionale. Sostituendo lo stampo tradizionale in cera con la stampa 3D ad alta precisione, acceleriamo la transizione dal design al pezzo in metallo finito.\u00a0<strong>fusione a cera persa con stampa 3D<\/strong>\u00a0metodo ci permette di produrre geometrie complesse che sarebbero impossibili o troppo costose con gli stampi standard.<\/p>\n<h3>Fase 1: Stampa del modello con resine prive di fuliggine<\/h3>\n<p>Il processo inizia con\u00a0<strong>fusione a cera persa con stereolitografia<\/strong>\u00a0(SLA) o tecnologia DLP. Stampiamo modelli master direttamente dai tuoi dati CAD utilizzando resine specializzate\u00a0<strong>resina di burnout senza fuliggine.<\/strong>. A differenza delle plastiche di prototipazione standard, queste\u00a0<strong>modelli di fusione SLA<\/strong>\u00a0sono formulate per bruciare completamente senza lasciare residui, garantendo che la cavit\u00e0 interna rimanga pulita per la colata del metallo. Ci\u00f2 elimina la necessit\u00e0 di stampi in metallo costosi, rendendolo ideale per prototipazione rapida e produzione a basso volume.<\/p>\n<h3>Fase 2: Costruzione del guscio in ceramica<\/h3>\n<p>Una volta che il\u00a0<strong>modelli in resina sacrificabile<\/strong>\u00a0vengono stampati e assemblati su un sistema di guide, procediamo a\u00a0<strong>fusione con guscio di ceramica<\/strong>. L'assemblaggio del modello viene immerso in una sospensione di ceramica di alta qualit\u00e0 e rivestito con sabbia refrattaria. Ripetiamo questo processo pi\u00f9 volte per costruire un guscio robusto in grado di resistere alle alte temperature dell'acciaio fuso o delle superleghe.<\/p>\n<h3>Fase 3: Bruciatura e colata<\/h3>\n<p>Il guscio in ceramica viene riscaldato in un autoclave o in un forno. La struttura in resina stampata collassa ed evapora istantaneamente\u2014questo \u00e8 il\u00a0<strong>Processo QuickCast<\/strong>\u00a0in azione. Una volta che il guscio \u00e8 vuoto e verificato essere privo di cenere, versiamo il metallo fuso. La nostra struttura gestisce una vasta gamma di materiali, dall'acciaio inossidabile standard (304, 316L) alle superleghe di Cobalto Alloy 6B e Nickel-based.<\/p>\n<h3>Fase 4: Finitura e Post-elaborazione CNC<\/h3>\n<p>Dopo che il metallo si solidifica, il guscio ceramico viene rotto per rivelare la fusione grezza. Rimuoviamo il sistema di colata e eseguiamo la smerigliatura iniziale della superficie. Per parti che richiedono tolleranze strette, passiamo immediatamente alle operazioni secondarie. La nostra\u00a0<a href=\"https:\/\/haoyumaterial.com\/it\/technology\/testing-and-quality\/\">test e protocolli di assicurazione della qualit\u00e0<\/a>\u00a0garantisce che ogni fusione soddisfi rigorosi requisiti di precisione dimensionale prima di sottoporsi alla lavorazione CNC finale o al trattamento superficiale.<\/p>\n<h2>Capacit\u00e0 dei Materiali e Leghe<\/h2>\n<p><img loading=\"lazy\" decoding=\"async\" class=\"\" src=\"https:\/\/haoyumaterial.com\/wp-content\/uploads\/2026\/01\/3D_Printing_Metal_Alloys_for_Industrial_Casting_q6.webp\" alt=\"Leghe metalliche per stampa 3D per pressofusione industriale\" width=\"1077\" height=\"733\" \/><\/p>\n<p>Non produciamo solo prototipi; utilizziamo\u00a0<strong>fusione a cera persa con stampa 3D<\/strong>\u00a0per consegnare parti metalliche completamente funzionali e di livello industriale. Il vantaggio principale di questo flusso di lavoro ibrido \u00e8 che mentre il modello viene creato tramite\u00a0<strong>modelli di fusione SLA<\/strong>\u00a0or\u00a0<strong>Processo QuickCast<\/strong>, il risultato finale \u00e8 100% metallo denso con le stesse propriet\u00e0 meccaniche della fusione tradizionale. Garantiamo che i nostri materiali soddisfino rigorosi standard di metallurgia aerospaziale e industriale.<\/p>\n<h3>Metalli ferrosi: Acciai inossidabili e al Carbonio<\/h3>\n<p>La nostra fonderia gestisce un ampio spettro di leghe di acciaio. Questo include acciai inossidabili austenitici come 304 e 316L per la resistenza alla corrosione, e gradi indurenti per precipitazione come 17-4PH e 15-5 PH per una resistenza superiore. Per progetti che richiedono durezza e resistenza all'usura specifiche, fonderemo\u00a0<a href=\"https:\/\/haoyumaterial.com\/it\/what-is-400-series-stainless-steel-properties-uses-grades\/\">acciaio inossidabile della serie 400<\/a>\u00a0e vari acciai per utensili. Supportiamo anche standard\u00a0<a href=\"https:\/\/haoyumaterial.com\/it\/prodotto\/low-carbon-steel-bolts-machining-service\/\">acciaio a basso tenore di carbonio<\/a>\u00a0per componenti strutturali generali dove la duttilit\u00e0 \u00e8 fondamentale.<\/p>\n<h3>Superleghe ad alte prestazioni<\/h3>\n<p>Per\u00a0<strong>prototipazione metallica di precisione<\/strong>\u00a0in ambienti estremi, ci specializziamo in superleghe avanzate che resistono a alte temperature e corrosione:<\/p>\n<ul>\n<li><strong>Leghe a base di Cobalto:<\/strong>\u00a0Incluso l'Alloy di Cobalto 6B per un'eccezionale resistenza all'usura.<\/li>\n<li><strong>Leghe a base di nichel:<\/strong>\u00a0Leghe ad alta temperatura utilizzate in turbine e motori.<\/li>\n<li><strong>Cromo Cobalto Molibdeno:<\/strong>\u00a0Ideale per applicazioni mediche e industriali che richiedono biocompatibilit\u00e0 o durabilit\u00e0 estrema.<\/li>\n<\/ul>\n<h3>Metalli leggeri e non ferrosi<\/h3>\n<p>Il nostro\u00a0<strong>fusione a cera persa stampa 3D<\/strong>\u00a0le capacit\u00e0 si estendono ai metalli leggeri essenziali per i settori automobilistico e aerospaziale. Castiamo regolarmente geometrie complesse in\u00a0<strong>Alluminio<\/strong>\u00a0e\u00a0<strong>Leghe di titanio<\/strong>. Inoltre, offriamo leghe a base di rame, tra cui Ottone e Bronzo, per applicazioni marine ed elettriche. Questa versatilit\u00e0 dei materiali consente di\u00a0<strong>produzione di metalli a basso volume<\/strong>\u00a0senza le restrizioni degli stampi tradizionali.<\/p>\n<h2>Specifiche tecniche e tolleranze<\/h2>\n<p>Da Vastmaterial, i nostri\u00a0<strong>fusione a cera persa con stampa 3D<\/strong>\u00a0il flusso di lavoro \u00e8 progettato per aderire rigorosamente agli standard industriali. Colmiamo il divario tra il design digitale e il metallo fisico, garantendo che l'alta fedelt\u00e0 di\u00a0<strong>modelli di fusione SLA<\/strong>\u00a0sia mantenuta nella colata finale. Questo metodo ci permette di gestire\u00a0<strong>fusione di geometrie complesse<\/strong>\u00a0progetti che sarebbero troppo costosi o impossibili con gli stampi tradizionali.<\/p>\n<p>Per parti che richiedono adattamento e funzione eccezionali, manteniamo un controllo rigoroso sulla precisione dimensionale.\u00a0<a href=\"https:\/\/haoyumaterial.com\/it\/machining-casting-guide-precision-cnc-tight-tolerances\/\">capacit\u00e0 di lavorazione CNC di precisione<\/a>\u00a0Mentre si applicano le tolleranze di colata standard, l'uso di modelli digitali ad alta risoluzione ci consente di mantenere deviazioni pi\u00f9 strette su caratteristiche critiche.<\/p>\n<h3>Se il tuo progetto richiede superfici a specchio o coefficienti di attrito specifici, il nostro<\/h3>\n<div class=\"table-responsive\">\n<table class=\"table\">\n<thead>\n<tr>\n<th>Specifiche<\/th>\n<th>pu\u00f2 perfezionare la superficie grezza della fusione per soddisfare i requisiti di livello aerospaziale o medico.<\/th>\n<th>Note<\/th>\n<\/tr>\n<\/thead>\n<tbody>\n<tr>\n<td><strong>Precisione dimensionale<\/strong><\/td>\n<td>Capacit\u00e0 di produzione standard<\/td>\n<td>\u00a0 \u00a0 \u00a0 \u00a0 \u00a0 \u00a0 \u00a0 \u00a0 \u00a0 \u00a0 \u00a0 \u00a0 \u00a0 \u00a0 \u00a0 \u00a0 Tolleranza \/ Valore standard.<\/td>\n<\/tr>\n<tr>\n<td><strong>\u00b10,05 mm (0,002\u2033)<\/strong><\/td>\n<td>Raggiungibile su caratteristiche piccole e adattamenti critici.<\/td>\n<td>\u00a0 \u00a0 \u00a0 \u00a0 \u00a0 \u00a0 \u00a0 \u00a0 \u00a0 \u00a0 \u00a0 \u00a0 \u00a0 \u00a0Finitura opaca standard adatta alla maggior parte delle parti strutturali.<\/td>\n<\/tr>\n<tr>\n<td><strong>Finitura superficiale (macinata)<\/strong><\/td>\n<td>$R_a$ &lt; 0,8 \u00b5m<\/td>\n<td>\u00a0 \u00a0 \u00a0 \u00a0 \u00a0 \u00a0 \u00a0 \u00a0 \u00a0 \u00a0 \u00a0 \u00a0 \u00a0 \u00a0Raggiunta tramite CNC post-cast o lucidatura.<\/td>\n<\/tr>\n<tr>\n<td><strong>Spessore minimo della parete<\/strong><\/td>\n<td>0,5 mm \u2013 1,0 mm<\/td>\n<td>\u00a0 \u00a0 \u00a0 \u00a0 \u00a0 \u00a0 \u00a0 \u00a0 \u00a0 \u00a0 \u00a0 \u00a0 \u00a0 \u00a0Dipendente dal flusso della lega e dalla geometria della parte.<\/td>\n<\/tr>\n<tr>\n<td><strong>Dimensione massima di costruzione<\/strong><\/td>\n<td>Personalizzato<\/td>\n<td>\u00a0 \u00a0 \u00a0 \u00a0 \u00a0 \u00a0 \u00a0 \u00a0 \u00a0 \u00a0 \u00a0 \u00a0 \u00a0 \u00a0Scalabile sia per componenti di piccola precisione che per contenitori pi\u00f9 grandi.<\/td>\n<\/tr>\n<\/tbody>\n<\/table>\n<\/div>\n<p>Utilizziamo\u00a0<strong>prototipazione metallica di precisione<\/strong>\u00a0protocolli per verificare queste specifiche in anticipo nello sviluppo. Questo garantisce che, sia che stiamo colando acciaio inossidabile o superleghe, il componente finale soddisfi le esigenze meccaniche e geometriche esatte della tua applicazione.<\/p>\n<h2>Applicazioni chiave nell'aerospaziale e nell'automotive<\/h2>\n<p>Sfruttiamo\u00a0<strong>fusione a cera persa con stampa 3D<\/strong>\u00a0per risolvere sfide ingegneristiche dove gli strumenti tradizionali incontrano un muro. Superando la fase di produzione degli stampi, acceleriamo la produzione di componenti ad alte prestazioni per industrie che richiedono tassi di fallimento zero. Questo approccio ibrido ci consente di consegnare parti metalliche funzionali con geometrie complesse in una frazione del tempo normalmente richiesto.<\/p>\n<h3>Componenti aerospaziali<\/h3>\n<p>Nel settore aerospaziale, la riduzione del peso e la complessit\u00e0 geometrica sono non negoziabili. Il nostro\u00a0<strong>fusione a cera persa stampa 3D<\/strong>\u00a0processo permette la creazione di canali di raffreddamento interni intricati e strutture a pareti sottili che spesso sono impossibili con la lavorazione o gli strumenti standard.<\/p>\n<ul>\n<li><strong>Lame di turbina:<\/strong>\u00a0Colata da leghe di Nichel e Cobalto ad alta temperatura per resistere a stress termici estremi.<\/li>\n<li><strong>Nozzole del carburante:<\/strong>\u00a0Progettazioni consolidate che migliorano l'efficienza del motore e riducono i passaggi di assemblaggio.<\/li>\n<li><strong>Staffe Strutturali:<\/strong>\u00a0Topologia ottimizzata per rapporti massima resistenza\/peso utilizzando Titanio e Acciaio Inox.<\/li>\n<\/ul>\n<h3>Impianti Medici<\/h3>\n<p>Il settore medico si affida alla nostra tecnologia per soluzioni personalizzate e materiali biocompatibili. Produciamo impianti ortopedici utilizzando leghe di Cobalto-Cromo-Molibdeno note per la loro eccezionale resistenza all'usura e sicurezza biologica. Ad esempio, i nostri\u00a0<a href=\"https:\/\/haoyumaterial.com\/it\/prodotto\/tibial-plateau-co28cr6mo-implant-high-strength-orthopedic-component-tibial-plateau-co28cr6mo-implant-with-high-strength-wear-resistance-biocompatibility-for-knee-fracture-reconstruction-and-arthroplas\/\">impianti per il plateau tibiale Co28Cr6Mo<\/a>\u00a0dimostrano l'elevata resistenza e precisione necessarie per la ricostruzione critica delle fratture del ginocchio e l'artroplastica.<\/p>\n<h3>Automotive e Macchinari Industriali<\/h3>\n<p>Gli ingegneri automobilistici utilizzano i nostri servizi di pressofusione rapida per prototipare carter di trasmissione, alloggiamenti di turbocompressori e supporti motore in pochi giorni, non mesi.\u00a0<a href=\"https:\/\/haoyumaterial.com\/it\/large-steel-casting-solutions-for-heavy-duty-industrial-applications\/\">soluzioni di pressofusione in acciaio di grandi dimensioni<\/a>\u00a0garantiscono che anche i componenti delle macchine industriali pi\u00f9 massicci rispettino tolleranze dimensionali rigorose e standard di durabilit\u00e0 senza i costi elevati di attrezzature permanenti.<\/p>\n<h2>Casing stampato in 3D vs. pressofusione tradizionale a cera<\/h2>\n<p>Quando hai bisogno di pezzi in metallo rapidamente, aspettare settimane per uno stampo lavorato semplicemente non basta. Utilizziamo\u00a0<strong>fusione a cera persa con stampa 3D<\/strong>\u00a0per colmare il divario tra design digitale e metallo fisico senza l'investimento iniziale pesante di attrezzature dure. Sostituendo lo stampo tradizionale in cera con un modello in resina stampato con precisione, riduciamo drasticamente i tempi di produzione del primo articolo.<\/p>\n<p>Mentre il nostro processo standard\u00a0<a href=\"https:\/\/haoyumaterial.com\/it\/lost-wax-casting-foundry\/\">fonderia di fusione a cera persa<\/a>\u00a0\u00e8 imbattibile per la produzione di massa ad alto volume,\u00a0<strong>fusione a investimento rapida<\/strong>\u00a0\u00e8 la scelta intelligente per prototipazione e piccole produzioni. Possiamo passare da un file CAD a una parte in metallo colato in appena 3-7 giorni, rispetto alle 4-8 settimane tipicamente richieste per la produzione di stampi. Questo approccio consente di\u00a0<strong>produzione di metalli a basso volume<\/strong>\u00a0che \u00e8 sia economico che agile.<\/p>\n<h3>Confronto: Modelli Stampati vs. Cera Iniettata<\/h3>\n<div class=\"table-responsive\">\n<table class=\"table\">\n<thead>\n<tr>\n<th>Caratteristica<\/th>\n<th>Colata in Cera Tradizionale<\/th>\n<th>Colata in Metallo con Stampa 3D<\/th>\n<\/tr>\n<\/thead>\n<tbody>\n<tr>\n<td><strong>Costo degli stampi<\/strong><\/td>\n<td>\u00a0 \u00a0 \u00a0 \u00a0 \u00a0 \u00a0 \u00a0 Alta (richiede stampo in metallo)<\/td>\n<td>\u00a0 \u00a0 \u00a0 \u00a0 \u00a0 \u00a0 \u00a0 \u00a0 \u00a0 \u00a0 \u00a0 \u00a0 \u00a0 \u00a0 \u00a0 \u00a0 \u00a0 \u00a0Zero (produzione metallica senza stampo)<\/td>\n<\/tr>\n<tr>\n<td><strong>Tempi di consegna<\/strong><\/td>\n<td>\u00a0 \u00a0 \u00a0 \u00a0 \u00a0 \u00a0 \u00a04-8 Settimane<\/td>\n<td>\u00a0 \u00a0 \u00a0 \u00a0 \u00a0 \u00a0 \u00a0 \u00a0 \u00a0 \u00a0 \u00a0 \u00a0 \u00a0 \u00a0 \u00a0 \u00a0 \u00a0 \u00a0 \u00a0 3-7 giorni<\/td>\n<\/tr>\n<tr>\n<td><strong>Volume ideale<\/strong><\/td>\n<td>\u00a0 \u00a0 \u00a0 \u00a0 \u00a0 \u00a0 \u00a0 \u00a0oltre 1.000 unit\u00e0<\/td>\n<td>\u00a0 \u00a0 \u00a0 \u00a0 \u00a0 \u00a0 \u00a0 \u00a0 \u00a0 \u00a0 \u00a0 \u00a0 \u00a0 \u00a0 \u00a0 \u00a01-100 unit\u00e0 (Prototipi\/Pilota)<\/td>\n<\/tr>\n<tr>\n<td><strong>Complessit\u00e0 del design<\/strong><\/td>\n<td>\u00a0 \u00a0 \u00a0 \u00a0 \u00a0 \u00a0Limitato dal rilascio dello stampo<\/td>\n<td>\u00a0 \u00a0 \u00a0 \u00a0 \u00a0 \u00a0 \u00a0 \u00a0 \u00a0 \u00a0 \u00a0 \u00a0 \u00a0 \u00a0 \u00a0 \u00a0 Illimitato (soglie consentite)<\/td>\n<\/tr>\n<tr>\n<td><strong>Materiale per modelli<\/strong><\/td>\n<td>\u00a0 \u00a0 \u00a0 \u00a0 \u00a0 \u00a0 \u00a0 \u00a0 \u00a0 \u00a0Cera<\/td>\n<td>\u00a0 \u00a0 \u00a0 \u00a0 \u00a0 \u00a0 \u00a0 \u00a0 \u00a0 \u00a0 \u00a0 \u00a0 \u00a0 \u00a0 \u00a0 \u00a0Resina senza cenere \/ PMMA<\/td>\n<\/tr>\n<\/tbody>\n<\/table>\n<\/div>\n<h3>Libert\u00e0 di Progettazione e Agilit\u00e0<\/h3>\n<p>Il pi\u00f9 grande vantaggio di\u00a0<strong>fusione a cera persa stampa 3D<\/strong>\u00a0non \u00e8 solo la velocit\u00e0; \u00e8 la geometria. La modellazione tradizionale richiede angoli di scarico e non pu\u00f2 facilmente gestire canali interni complessi o sotto-tagli perch\u00e9 lo strumento deve separarsi. Con la stampa 3D, stampiamo il modello esattamente come progettato, indipendentemente dalla complessit\u00e0 delle strutture a reticolo o dei vuoti interni. Questo d\u00e0 agli ingegneri la libert\u00e0 totale di ottimizzare le parti per peso e prestazioni senza preoccuparsi dei vincoli di produzione.<\/p>\n<h2>Assicurazione Qualit\u00e0, NDT e Finitura<\/h2>\n<p>La precisione \u00e8 la base del nostro\u00a0<strong>fusione a cera persa con stampa 3D<\/strong>\u00a0flusso di lavoro. Verifichiamo ogni componente per garantire che la velocit\u00e0 della prototipazione rapida non comprometta l'affidabilit\u00e0 industriale. Il nostro controllo qualit\u00e0 integra metrologia avanzata per garantire che le parti soddisfino rigorosi standard aerospaziali e automobilistici.<\/p>\n<p><strong>Le nostre Capacit\u00e0 di Validazione e Finitura:<\/strong><\/p>\n<ul>\n<li><strong>Ispezione dimensionale:<\/strong>\u00a0Utilizziamo CMM e\u00a0<strong>Scansione 3D<\/strong>\u00a0per convalidare le tolleranze direttamente contro il file CAD originale, garantendo alta fedelt\u00e0.<\/li>\n<li><strong>Controllo Non Distruttivo (NDT):<\/strong>\u00a0Eseguiamo test con raggi X e penetranti per rilevare difetti sottosuperficiali. Il nostro\u00a0<a href=\"https:\/\/haoyumaterial.com\/it\/alloy-cast-steel-factory-capabilities-processes-and-quality\/\">capacit\u00e0 di fabbrica di fusione di leghe in acciaio<\/a>\u00a0garantisce una struttura interna e una densit\u00e0 coerenti.<\/li>\n<li><strong>Trattamenti Termici:<\/strong>\u00a0Ottimizziamo le propriet\u00e0 meccaniche attraverso cicli termici precisi, inclusi indurimento e specifici\u00a0<a href=\"https:\/\/haoyumaterial.com\/it\/aluminium-heat-treating-processes-tempers-and-performance\/\">processi di trattamento termico dell'alluminio<\/a>\u00a0per ottenere resistenza e durata superiori.<\/li>\n<li><strong>Finitura superficiale:<\/strong>\u00a0Le opzioni variano dalla sabbiatura all'elettropolitura per una finitura superficiale di livello produttivo ($R_a$ &lt; 0.8).<\/li>\n<\/ul>\n<p>Combinando\u00a0<strong>fusione a cera persa stampa 3D<\/strong>\u00a0flessibilit\u00e0 con un post-elaborazione robusta, consegniamo parti che sono strutturalmente solide e chimicamente coerenti.<\/p>\n<h2>Domande frequenti<\/h2>\n<h3>Il resina stampata lascia cenere durante la combustione?<\/h3>\n<p>No, utilizziamo resine specializzate\u00a0<strong>resina di burnout senza fuliggine.<\/strong>\u00a0per tutto il nostro\u00a0<strong>modelli di fusione SLA<\/strong>. Queste resine fotopolimeriche sono formulate specificamente per\u00a0<strong>fusione a cera persa stampa 3D<\/strong>, garantendo che evaporino completamente durante il ciclo in autoclave o forno. Questo lascia una cavit\u00e0 di guscio ceramico immacolata, risultando in parti metalliche prive di inclusioni o difetti superficiali comunemente associati alle resine di prototipazione standard.<\/p>\n<h3>Le parti finali sono altrettanto resistenti del metallo lavorato?<\/h3>\n<p>S\u00ec. Dato che\u00a0<strong>fusione a cera persa con stampa 3D<\/strong>\u00a0\u00e8 semplicemente un metodo moderno per creare il motivo, il prodotto finale \u00e8 metallo solido, completamente denso. Che tu richieda acciaio inossidabile, leghe di cobalto o titanio, le propriet\u00e0 metallurgiche soddisfano gli stessi rigorosi standard industriali dei nostri metodi tradizionali.\u00a0<strong>servizi di fusione a cera persa di precisione<\/strong>. Le parti vengono sottoposte a trattamenti termici standard e\u00a0<strong>assicurazione di qualit\u00e0<\/strong>\u00a0test per garantire che funzionino in modo affidabile in applicazioni aerospaziali o industriali impegnative.<\/p>\n<h3>Quali formati di file accettate per il preventivo?<\/h3>\n<p>Per iniziare con\u00a0<strong>produzione di metalli senza attrezzi<\/strong>, preferiamo formati CAD 3D standard. I file pi\u00f9 comuni con cui lavoriamo includono:<\/p>\n<ul>\n<li><strong>.STEP \/ .STP<\/strong>\u00a0(Preferibile per una geometria accurata)<\/li>\n<li><strong>.IGES \/ .IGS<\/strong><\/li>\n<li><strong>.STL<\/strong>\u00a0(specificamente per la\u00a0<strong>stampa 3D<\/strong>\u00a0preparazione)<\/li>\n<li><strong>.X_T<\/strong>\u00a0(Parasolid)<\/li>\n<\/ul>\n<h3>Questo processo \u00e8 adatto alla produzione di massa?<\/h3>\n<p><strong>Colata rapida a investimento<\/strong>\u00a0\u00e8 ideale per prototipazione e produzioni a basso e medio volume dove i costi degli stampi sarebbero proibitivi. Per ordini ad alto volume, possiamo passare senza problemi da modelli stampati a stampi tradizionali in cera in presso presso la nostra fonderia, offrendo una soluzione scalabile\u00a0<strong>servizio di fonderia digitale<\/strong>\u00a0che cresce con le esigenze del tuo progetto.<\/p>","protected":false},"excerpt":{"rendered":"<p>Product Overview: From CAD to Cast Metal Waiting weeks for metal tooling to be machined is no longer a bottleneck [&hellip;]<\/p>\n","protected":false},"featured_media":1441,"comment_status":"open","ping_status":"closed","template":"","meta":{"site-sidebar-layout":"default","site-content-layout":"","ast-site-content-layout":"default","site-content-style":"default","site-sidebar-style":"default","ast-global-header-display":"","ast-banner-title-visibility":"","ast-main-header-display":"","ast-hfb-above-header-display":"","ast-hfb-below-header-display":"","ast-hfb-mobile-header-display":"","site-post-title":"","ast-breadcrumbs-content":"","ast-featured-img":"","footer-sml-layout":"","ast-disable-related-posts":"","theme-transparent-header-meta":"default","adv-header-id-meta":"","stick-header-meta":"","header-above-stick-meta":"","header-main-stick-meta":"","header-below-stick-meta":"","astra-migrate-meta-layouts":"set","ast-page-background-enabled":"default","ast-page-background-meta":{"desktop":{"background-color":"var(--ast-global-color-5)","background-image":"","background-repeat":"repeat","background-position":"center center","background-size":"auto","background-attachment":"scroll","background-type":"","background-media":"","overlay-type":"","overlay-color":"","overlay-opacity":"","overlay-gradient":""},"tablet":{"background-color":"","background-image":"","background-repeat":"repeat","background-position":"center center","background-size":"auto","background-attachment":"scroll","background-type":"","background-media":"","overlay-type":"","overlay-color":"","overlay-opacity":"","overlay-gradient":""},"mobile":{"background-color":"","background-image":"","background-repeat":"repeat","background-position":"center center","background-size":"auto","background-attachment":"scroll","background-type":"","background-media":"","overlay-type":"","overlay-color":"","overlay-opacity":"","overlay-gradient":""}},"ast-content-background-meta":{"desktop":{"background-color":"var(--ast-global-color-4)","background-image":"","background-repeat":"repeat","background-position":"center center","background-size":"auto","background-attachment":"scroll","background-type":"","background-media":"","overlay-type":"","overlay-color":"","overlay-opacity":"","overlay-gradient":""},"tablet":{"background-color":"var(--ast-global-color-4)","background-image":"","background-repeat":"repeat","background-position":"center center","background-size":"auto","background-attachment":"scroll","background-type":"","background-media":"","overlay-type":"","overlay-color":"","overlay-opacity":"","overlay-gradient":""},"mobile":{"background-color":"var(--ast-global-color-4)","background-image":"","background-repeat":"repeat","background-position":"center center","background-size":"auto","background-attachment":"scroll","background-type":"","background-media":"","overlay-type":"","overlay-color":"","overlay-opacity":"","overlay-gradient":""}}},"product_brand":[],"product_cat":[17,18,19],"product_tag":[373],"class_list":{"0":"post-1440","1":"product","2":"type-product","3":"status-publish","4":"has-post-thumbnail","6":"product_cat-stainless-steel","7":"product_cat-alloy-steel","8":"product_cat-low-carbon-steel","9":"product_tag-3d-printing-investment-casting","10":"desktop-align-left","11":"tablet-align-left","12":"mobile-align-left","14":"first","15":"instock","16":"shipping-taxable","17":"product-type-simple"},"_links":{"self":[{"href":"https:\/\/haoyumaterial.com\/it\/wp-json\/wp\/v2\/product\/1440","targetHints":{"allow":["GET"]}}],"collection":[{"href":"https:\/\/haoyumaterial.com\/it\/wp-json\/wp\/v2\/product"}],"about":[{"href":"https:\/\/haoyumaterial.com\/it\/wp-json\/wp\/v2\/types\/product"}],"replies":[{"embeddable":true,"href":"https:\/\/haoyumaterial.com\/it\/wp-json\/wp\/v2\/comments?post=1440"}],"wp:featuredmedia":[{"embeddable":true,"href":"https:\/\/haoyumaterial.com\/it\/wp-json\/wp\/v2\/media\/1441"}],"wp:attachment":[{"href":"https:\/\/haoyumaterial.com\/it\/wp-json\/wp\/v2\/media?parent=1440"}],"wp:term":[{"taxonomy":"product_brand","embeddable":true,"href":"https:\/\/haoyumaterial.com\/it\/wp-json\/wp\/v2\/product_brand?post=1440"},{"taxonomy":"product_cat","embeddable":true,"href":"https:\/\/haoyumaterial.com\/it\/wp-json\/wp\/v2\/product_cat?post=1440"},{"taxonomy":"product_tag","embeddable":true,"href":"https:\/\/haoyumaterial.com\/it\/wp-json\/wp\/v2\/product_tag?post=1440"}],"curies":[{"name":"wp","href":"https:\/\/api.w.org\/{rel}","templated":true}]}}