{"id":1520,"date":"2026-01-24T12:26:01","date_gmt":"2026-01-24T04:26:01","guid":{"rendered":"https:\/\/haoyumaterial.com\/?post_type=product&#038;p=1520"},"modified":"2026-01-24T12:26:40","modified_gmt":"2026-01-24T04:26:40","slug":"lost-wax-aluminum-casting-services-precision-high-accuracy-parts","status":"publish","type":"product","link":"https:\/\/haoyumaterial.com\/it\/product\/lost-wax-aluminum-casting-services-precision-high-accuracy-parts\/","title":{"rendered":"Servizi di pressofusione in alluminio a cera persa Componenti di alta precisione ad alta accuratezza"},"content":{"rendered":"<h2>Perch\u00e9 scegliere la cera persa per i componenti in alluminio?<\/h2>\n<p>Quando la progettazione di parti leggere richiede dettagli intricati e alta precisione dimensionale,\u00a0<strong>l'alluminio a cera persa<\/strong>\u00a0offre vantaggi distinti rispetto ai metodi tradizionali di colata in sabbia. Utilizziamo questo processo per produrre componenti che richiedono geometrie complesse, incavi profondi e passaggi interni elaborati\u2014caratteristiche spesso impossibili da ottenere con altre tecniche di colata. Eliminando la necessit\u00e0 di angoli di spacco sulle caratteristiche interne, garantiamo che l'intento del progetto sia preservato senza compromessi.<\/p>\n<h3>Finitura superficiale superiore con il processo Silica Sol<\/h3>\n<p>La nostra produzione si basa sull'avanzato\u00a0<strong>processo di Sol Silica<\/strong>, che offre una finitura superficiale significativamente pi\u00f9 liscia rispetto alla sabbia o alla colata in vetro d'acqua.<\/p>\n<ul>\n<li><strong>Rugosit\u00e0 superficiale:<\/strong>\u00a0Riusciamo costantemente a ottenere\u00a0<strong>Ra 3,2\u20136,3 \u03bcm<\/strong>\u00a0direttamente dallo stampo.<\/li>\n<li><strong>Estetica:<\/strong>\u00a0Ideale per componenti visibili nell'hardware marino e nelle applicazioni automobilistiche dove l'aspetto estetico \u00e8 fondamentale.<\/li>\n<li><strong>Finitura Ridotta:<\/strong>\u00a0La superficie di alta qualit\u00e0 riduce al minimo la necessit\u00e0 di operazioni di lucidatura o smerigliatura secondarie.<\/li>\n<\/ul>\n<h3>Efficienza attraverso la pressofusione a forma quasi netta<\/h3>\n<p>Diamo priorit\u00e0 a\u00a0<strong>Pressofusione a forma quasi netta<\/strong>\u00a0per massimizzare l'efficienza del materiale e ridurre i costi complessivi di produzione. Castando parti estremamente vicine alle loro dimensioni finali, riduciamo drasticamente la quantit\u00e0 di lega di alluminio grezza richiesta e minimizziamo i tempi di lavorazione successivi. Questo approccio ottimizza il\u00a0<strong>rapporto resistenza\/peso<\/strong>, rendendo i nostri stampaggi in alluminio la scelta preferita per settori critici come l'aerospaziale, automobilistico e delle apparecchiature elettriche.<\/p>\n<div class=\"table-responsive\">\n<table class=\"table\">\n<thead>\n<tr>\n<th>Caratteristica<\/th>\n<th>Fusione a sabbia<\/th>\n<th>Alluminio a Cera Perduta (Silica Sol)<\/th>\n<\/tr>\n<\/thead>\n<tbody>\n<tr>\n<td><strong>Complessit\u00e0 della geometria<\/strong><\/td>\n<td>\u00a0 \u00a0 \u00a0 \u00a0 \u00a0 \u00a0Limitato (Forme semplici)<\/td>\n<td><strong>\u00a0 \u00a0 \u00a0 \u00a0 \u00a0 \u00a0 \u00a0 \u00a0 \u00a0 \u00a0Alto<\/strong>\u00a0(Sottosquadri, pareti sottili, canali interni)<\/td>\n<\/tr>\n<tr>\n<td><strong>Finitura superficiale<\/strong><\/td>\n<td>\u00a0 \u00a0 \u00a0 \u00a0 \u00a0 Grezzo (&gt; Ra 12,5 \u03bcm)<\/td>\n<td><strong>\u00a0 \u00a0 \u00a0 \u00a0 \u00a0 \u00a0 \u00a0 \u00a0 \u00a0 \u00a0Precisione<\/strong>\u00a0(Ra 3,2\u20136,3 \u03bcm)<\/td>\n<\/tr>\n<tr>\n<td><strong>Margine di lavorazione<\/strong><\/td>\n<td>\u00a0 \u00a0 \u00a0 \u00a0 \u00a0 Alto (Pi\u00f9 scarto)<\/td>\n<td><strong>\u00a0 \u00a0 \u00a0 \u00a0 \u00a0 \u00a0 \u00a0 \u00a0 \u00a0 \u00a0 Basso<\/strong>\u00a0(Efficienza di forma quasi netta)<\/td>\n<\/tr>\n<tr>\n<td><strong>Spessore della parete<\/strong><\/td>\n<td>\u00a0 \u00a0 \u00a0 \u00a0 \u00a0 \u00a0Pareti spesse richieste<\/td>\n<td><strong>\u00a0 \u00a0 \u00a0 \u00a0 \u00a0 \u00a0 \u00a0 \u00a0 \u00a0 Parete sottile<\/strong>\u00a0capacit\u00e0 di riduzione del peso<\/td>\n<\/tr>\n<\/tbody>\n<\/table>\n<\/div>\n<h2>Le nostre capacit\u00e0 di pressofusione in alluminio<\/h2>\n<p><img decoding=\"async\" class=\"alignnone  wp-image-1522\" src=\"https:\/\/haoyumaterial.com\/wp-content\/uploads\/2026\/01\/lost-wax-aluminum-300x225.jpg\" alt=\"\" width=\"613\" height=\"460\" srcset=\"https:\/\/haoyumaterial.com\/wp-content\/uploads\/2026\/01\/lost-wax-aluminum-300x225.jpg 300w, https:\/\/haoyumaterial.com\/wp-content\/uploads\/2026\/01\/lost-wax-aluminum-768x576.jpg 768w, https:\/\/haoyumaterial.com\/wp-content\/uploads\/2026\/01\/lost-wax-aluminum-16x12.jpg 16w, https:\/\/haoyumaterial.com\/wp-content\/uploads\/2026\/01\/lost-wax-aluminum-600x450.jpg 600w, https:\/\/haoyumaterial.com\/wp-content\/uploads\/2026\/01\/lost-wax-aluminum.jpg 800w\" sizes=\"(max-width: 613px) 100vw, 613px\" \/><\/p>\n<p>Da Haoyu Material, ci specializziamo nel fornire componenti di alta precisione\u00a0<strong>l'alluminio a cera persa<\/strong>\u00a0che soddisfano rigorosi standard industriali. Utilizziamo il processo avanzato\u00a0<strong>Colata a cera persa con silice sol<\/strong>\u00a0che ci permette di ottenere finiture superficiali superiori e dettagli intricati che la colata in sabbia standard semplicemente non pu\u00f2 eguagliare. Questo metodo \u00e8 ideale per geometrie complesse dove la precisione \u00e8 non negoziabile.<\/p>\n<p>Supportiamo una vasta gamma di requisiti di progetto con le seguenti capacit\u00e0:<\/p>\n<ul>\n<li><strong>Gamma di Peso:<\/strong>\u00a0Gestiamo tutto, dai componenti di precisione leggeri a partire da\u00a0<strong>0,05kg<\/strong>\u00a0fino a componenti pesanti che pesano\u00a0<strong>100kg<\/strong>.<\/li>\n<li><strong>Precisione dimensionale:<\/strong>\u00a0Il nostro processo aderisce a rigorosi\u00a0<strong>tolleranze dimensionali (ISO 8062 CT4-CT6)<\/strong>, garantendo che i tuoi pezzi rispettino le specifiche esatte con minima variazione.<\/li>\n<li><strong>Flessibilit\u00e0 di produzione:<\/strong>\u00a0Se hai bisogno di\u00a0<strong>prototipazione rapida di fusione<\/strong>\u00a0per convalidare un progetto o essere pronti per la produzione di massa su larga scala, il nostro stabilimento si adatta alla tua domanda.<\/li>\n<\/ul>\n<p>Per una panoramica completa su come scegliamo il metodo giusto per le tue esigenze specifiche, consulta il nostro\u00a0<a href=\"https:\/\/haoyumaterial.com\/it\/cast-aluminum-foundry-guide-processes-alloys-and-selection\/\">guida alla fonderia di alluminio pressofuso<\/a>. Ci concentriamo sulla consegna di parti \u201cpronte all'uso\u201d, riducendo la tua necessit\u00e0 di lavorazioni secondarie.<\/p>\n<h2>Leghe di Alluminio Supportate &amp; Materiali<\/h2>\n<p><img decoding=\"async\" class=\"alignnone  wp-image-1523\" src=\"https:\/\/haoyumaterial.com\/wp-content\/uploads\/2026\/01\/a356-investment-casting-300x300.jpg\" alt=\"\" width=\"474\" height=\"474\" srcset=\"https:\/\/haoyumaterial.com\/wp-content\/uploads\/2026\/01\/a356-investment-casting-300x300.jpg 300w, https:\/\/haoyumaterial.com\/wp-content\/uploads\/2026\/01\/a356-investment-casting-150x150.jpg 150w, https:\/\/haoyumaterial.com\/wp-content\/uploads\/2026\/01\/a356-investment-casting-12x12.jpg 12w, https:\/\/haoyumaterial.com\/wp-content\/uploads\/2026\/01\/a356-investment-casting-100x100.jpg 100w, https:\/\/haoyumaterial.com\/wp-content\/uploads\/2026\/01\/a356-investment-casting.jpg 600w\" sizes=\"(max-width: 474px) 100vw, 474px\" \/><\/p>\n<p>Selezionare il materiale giusto \u00e8 fondamentale per il successo di qualsiasi\u00a0<strong>l'alluminio a cera persa<\/strong>\u00a0progetto. Come fornitore dedicato di\u00a0<strong>Colata di Leghe di Alluminio<\/strong>, non ci limitiamo a versare metallo; progettiamo soluzioni che soddisfano i tuoi requisiti meccanici specifici. Gestiamo un ampio spettro di leghe standard e personalizzate per garantire che i tuoi componenti funzionino in modo affidabile sul campo.<\/p>\n<p>Ecco una suddivisione dei materiali che elaboriamo frequentemente:<\/p>\n<ul>\n<li><strong>A356 \/ A357:<\/strong>\u00a0Questi sono gli standard del settore per applicazioni ad alta resistenza e a tenuta sotto pressione. Sono ideali per componenti critici come giranti e involucri.\u00a0<a href=\"https:\/\/haoyumaterial.com\/it\/aluminium-heat-treating-processes-tempers-and-performance\/\">processi di trattamento termico dell'alluminio<\/a>\u00a0Quando abbinati a.<\/li>\n<li><strong>(come T6), queste leghe raggiungono una durezza e una durabilit\u00e0 superiori.<\/strong>\u00a0AlSi10Mg:\u00a0<strong>Questa lega \u00e8 la nostra scelta principale per<\/strong>. Parti in alluminio a pareti sottili.<\/li>\n<li><strong>La sua eccellente fluidit\u00e0 ci permette di colare geometrie complesse e dettagli intricati che altri materiali potrebbero perdere, garantendo una finitura priva di difetti.<\/strong>\u00a0Leghe personalizzate e adattate:.<\/li>\n<\/ul>\n<h2>Servizi di produzione integrata: dalla progettazione al pezzo finito<\/h2>\n<p>Gestire pi\u00f9 fornitori per un singolo componente \u00e8 un problema logistico che rallenta la produzione. Presso Haoyu Material Co., Ltd., semplifichiamo questo processo offrendo una soluzione completa e unica per i tuoi\u00a0<strong>l'alluminio a cera persa<\/strong>\u00a0progetti. La nostra offerta completa\u00a0<a href=\"https:\/\/haoyumaterial.com\/it\/services\/precision-casting\/\">servizi di fusione di precisione<\/a>\u00a0ci permette di portare il tuo progetto da un disegno digitale a un componente completamente finito pronto per l'assemblaggio, garantendo il controllo totale della qualit\u00e0 in ogni fase.<\/p>\n<p>Gestiamo ogni fase del ciclo di produzione sotto un unico tetto:<\/p>\n<ul>\n<li><strong>Progettazione e realizzazione stampi interna:<\/strong>\u00a0Utilizziamo software CAD\/CAM avanzati per progettare stampi e eseguire analisi del flusso dello stampo prima dell'inizio della produzione. Questo approccio proattivo ci aiuta a ottimizzare il sistema di canali e prevenire difetti comuni di fusione, assicurando che gli stampi siano realizzati correttamente al primo tentativo.<\/li>\n<li><strong>Lavorazioni di Precisione CNC:<\/strong>\u00a0Mentre la fusione a investimento offre un'eccellente precisione quasi a forma finale, le interfacce critiche spesso richiedono tolleranze pi\u00f9 strette. La nostra interna\u00a0<strong>Servizi di lavorazione CNC<\/strong>\u00a0includono fresatura, tornitura, foratura e alesatura per ottenere le dimensioni esatte specificate nei tuoi disegni tecnici.<\/li>\n<li><strong>Trattamenti Termici:<\/strong>\u00a0Per massimizzare le propriet\u00e0 meccaniche delle leghe di alluminio, eseguiamo trattamenti termici T5 e T6. Questo processo migliora significativamente la durezza e la resistenza alla trazione dei pezzi, rendendoli adatti a applicazioni industriali esigenti.<\/li>\n<li><strong>Finitura superficiale:<\/strong>\u00a0Offriamo una vasta gamma di finiture estetiche e protettive per soddisfare le tue esigenze specifiche. Le nostre capacit\u00e0 includono\u00a0<strong>Anodizzazione dell'alluminio<\/strong>\u00a0(Trasparente, Nera e Dura), verniciatura a polvere per durabilit\u00e0 e sabbiatura per una texture opaca uniforme.<\/li>\n<\/ul>\n<p>Integrando queste operazioni secondarie, consegniamo pezzi di alta qualit\u00e0\u00a0<strong>l'alluminio a cera persa<\/strong>\u00a0con tempi di consegna pi\u00f9 brevi e costi amministrativi ridotti per il tuo team di approvvigionamento.<\/p>\n<h2>Standard di Assicurazione Qualit\u00e0 e Test<\/h2>\n<p>Da Haoyu Material, comprendiamo che l'affidabilit\u00e0 \u00e8 non negoziabile, soprattutto quando si forniscono\u00a0<strong>l'alluminio a cera persa<\/strong>\u00a0parti per applicazioni critiche. Il nostro processo di produzione \u00e8 regolato da rigorose\u00a0<strong>certificazione ISO 9001:2015<\/strong>\u00a0certificazioni, garantendo che ogni fase\u2014dal modello in cera alla lucidatura finale\u2014rispetti i protocolli di qualit\u00e0 internazionali. Non ci limitiamo a indovinare; verifichiamo.<\/p>\n<p>Per garantire che i nostri\u00a0<strong>fonderia di alluminio di precisione<\/strong>\u00a0risponde alle tue specifiche esatte, il nostro\u00a0<a href=\"https:\/\/haoyumaterial.com\/it\/precision-casting-foundry-for-high-precision-investment-castings\/\">fonderia di colata di precisione<\/a>\u00a0utilizza una suite completa di attrezzature di test avanzate:<\/p>\n<ul>\n<li><strong>Analisi Spettrometrica:<\/strong>\u00a0Eseguiamo verifiche precise della composizione chimica su ogni lotto per garantire che la miscela di leghe sia accurata al 100% prima di versare.<\/li>\n<li><strong>Ispezione CMM:<\/strong>\u00a0Il nostro\u00a0<strong>Macchina di Misurazione a Coordinate (CMM)<\/strong>\u00a0controlla geometrie complesse e dimensioni critiche, garantendo un rigoroso rispetto delle tolleranze.<\/li>\n<li><strong>Controllo Non Distruttivo (NDT):<\/strong>\u00a0Utilizziamo test a raggi X e penetranti per rilevare porosit\u00e0 interne o crepe superficiali che non sono visibili ad occhio nudo.<\/li>\n<li><strong>Test Meccanici:<\/strong>\u00a0Verifichiamo la resistenza alla trazione, la resistenza allo snervamento e l'allungamento per confermare che le propriet\u00e0 del materiale soddisfino gli standard richiesti.<\/li>\n<\/ul>\n<h2>Settori chiave serviti dalla pressofusione di alluminio<\/h2>\n<p><img decoding=\"async\" src=\"https:\/\/haoyumaterial.com\/wp-content\/uploads\/2026\/01\/Lost_Wax_Aluminum_Casting_Applications_SZ6TibUHp.webp\" alt=\"Applicazioni di fusione in cera persa in alluminio\" \/><\/p>\n<p>Il nostro\u00a0<strong>l'alluminio a cera persa<\/strong>\u00a0le soluzioni sono fondamentali per settori che richiedono alte prestazioni senza compromettere peso o complessit\u00e0. Sfruttando il\u00a0<strong>processo di Sol Silica<\/strong>, consegniamo componenti che soddisfano gli standard rigorosi dei mercati globali, garantendo affidabilit\u00e0 dove \u00e8 pi\u00f9 importante.<\/p>\n<ul>\n<li><strong>Automobilistico:<\/strong>\u00a0Produciamo componenti complessi\u00a0<strong>collettori di aspirazione<\/strong>\u00a0e\u00a0<strong>supporti per trasmissioni<\/strong>\u00a0che aiutano a ridurre il peso complessivo del veicolo mantenendo l'integrit\u00e0 strutturale. La nostra fusione di precisione supporta la spinta dell'industria verso una migliore efficienza del carburante e prestazioni.<\/li>\n<li><strong>Aerospaziale e Difesa:<\/strong>\u00a0Forniamo\u00a0<strong>alloggiamenti strutturali leggeri<\/strong>\u00a0e componenti critici dove il rapporto resistenza\/peso \u00e8 non negoziabile. Il nostro processo garantisce che queste parti soddisfino rigorose specifiche di sicurezza e dimensioni.<\/li>\n<li><strong>Apparecchiature mediche:<\/strong>\u00a0Dalla carrozzeria delle attrezzature a\u00a0<strong>strumenti chirurgici di precisione<\/strong>, otteniamo le finiture superficiali superiori e le tolleranze strette richieste per applicazioni di livello medico.<\/li>\n<li><strong>Gestione dei fluidi:<\/strong>\u00a0Resistenti alla corrosione\u00a0<strong>pale delle pompe<\/strong>\u00a0e\u00a0<a href=\"https:\/\/haoyumaterial.com\/it\/valve-castings-manufacturer-custom-oem-valve-bodies\/\">corpi valvola personalizzati<\/a>\u00a0sono progettati per ottimizzare l'efficienza del flusso. Il processo di fusione a investimento ci permette di creare passaggi interni intricati impossibili da ottenere con la lavorazione standard.<\/li>\n<\/ul>\n<p>Che tu abbia bisogno di uno speciale\u00a0<a href=\"https:\/\/haoyumaterial.com\/it\/aluminum-investment-casting-company-for-precision-components\/\">azienda di microfusione di alluminio<\/a>\u00a0per un prototipo o una produzione su larga scala, il nostro stabilimento \u00e8 attrezzato per gestire le esigenze uniche di questi settori diversi.<\/p>\n<h2>Domande frequenti (FAQ) sulla fusione a cera persa in alluminio<\/h2>\n<h3>Come differisce la fusione a cera persa rispetto alla fusione in sabbia in termini di finitura e tolleranza?<\/h3>\n<p>La principale differenza risiede nella precisione e nella qualit\u00e0 della superficie.\u00a0<strong>Alluminio a cera persa<\/strong>\u00a0la colata (fusione a cera persa) utilizza uno stampo in ceramica creato da un modello in cera, risultando in una superficie molto pi\u00f9 liscia e una precisione dimensionale pi\u00f9 stretta rispetto alla fusione in sabbia, che utilizza uno stampo in sabbia compatta.<\/p>\n<p>Consigliamo il nostro\u00a0<a href=\"https:\/\/haoyumaterial.com\/it\/aluminum-investment-castings-precision-custom-parts-low-tolerance\/\">fonderie a investimento in alluminio<\/a>\u00a0per applicazioni che richiedono dettagli intricati e una lavorazione minima.<\/p>\n<div class=\"table-responsive\">\n<table class=\"table\">\n<thead>\n<tr>\n<th>Caratteristica<\/th>\n<th>Fusione a Cera Persa (Silica Sol)<\/th>\n<th>Fusione a sabbia<\/th>\n<\/tr>\n<\/thead>\n<tbody>\n<tr>\n<td><strong>Finitura superficiale (Ra)<\/strong><\/td>\n<td>\u00a0 \u00a0 \u00a0 \u00a0 \u00a0 \u00a0 \u00a0 \u00a0 \u00a0 \u00a0 \u00a0 \u00a0Superiore (3,2\u20136,3 \u03bcm)<\/td>\n<td>\u00a0 \u00a0 \u00a0 \u00a0 \u00a0 \u00a0 \u00a0 \u00a0 \u00a0 \u00a0 Grossolana (12,5\u201325 \u03bcm)<\/td>\n<\/tr>\n<tr>\n<td><strong>Standard di tolleranza<\/strong><\/td>\n<td>\u00a0 \u00a0 \u00a0 \u00a0 \u00a0 \u00a0 \u00a0 \u00a0 \u00a0 \u00a0ISO 8062 CT4-CT6<\/td>\n<td>\u00a0 \u00a0 \u00a0 \u00a0 \u00a0 \u00a0 \u00a0 \u00a0 \u00a0 \u00a0ISO 8062 CT8-CT10<\/td>\n<\/tr>\n<tr>\n<td><strong>Capacit\u00e0 di dettaglio<\/strong><\/td>\n<td>\u00a0 \u00a0 \u00a0 \u00a0 \u00a0 \u00a0 \u00a0 \u00a0 \u00a0Alta (Forme complesse, pareti sottili)<\/td>\n<td>\u00a0 \u00a0 \u00a0 \u00a0 \u00a0 \u00a0 \u00a0 \u00a0 Bassa (Forme semplici, pareti spesse)<\/td>\n<\/tr>\n<tr>\n<td><strong>Necessaria lavorazione<\/strong><\/td>\n<td>\u00a0 \u00a0 \u00a0 \u00a0 \u00a0 \u00a0 \u00a0 \u00a0 \u00a0 \u00a0Minima (Forma quasi definitiva)<\/td>\n<td>\u00a0 \u00a0 \u00a0 \u00a0 \u00a0 \u00a0 \u00a0 \u00a0 Alta (Rimozione significativa di materiale)<\/td>\n<\/tr>\n<\/tbody>\n<\/table>\n<\/div>\n<h3>Qual \u00e8 lo spessore minimo delle pareti per parti in alluminio di precisione?<\/h3>\n<p>Per\u00a0<strong>fusione a cera persa in alluminio<\/strong>, Possiamo ottenere spessori di parete fino a\u00a0<strong>Da 1,5 mm a 2,0 mm<\/strong>, a seconda della geometria e delle dimensioni complessive del pezzo. Questa capacit\u00e0 ci consente di produrre componenti leggeri per applicazioni aerospaziali e automobilistiche in cui la riduzione del peso \u00e8 fondamentale senza sacrificare l'integrit\u00e0 strutturale.<\/p>\n<h3>Il trattamento termico T6 \u00e8 disponibile per leghe specifiche?<\/h3>\n<p>S\u00ec, forniamo servizi di trattamento termico interni, inclusi i cicli T5 e T6. Questo \u00e8 essenziale per specifici\u00a0<a href=\"https:\/\/haoyumaterial.com\/it\/prodotto\/aluminum-casting-alloy-grades-for-high-performance-parts-high-performance-aluminum-casting-alloy-for-die-sand-and-gravity-casting-with-superior-strength-fluidity-and-corrosion-resistance\/\">leghe di alluminio da fonderia<\/a>\u00a0come A356 e A357 per massimizzare le propriet\u00e0 meccaniche come la resistenza alla trazione e la durezza. Garantiamo che la composizione del materiale soddisfi rigorosi standard di settore prima e dopo il trattamento.<\/p>\n<h3>Quali sono i tempi di consegna tipici per la progettazione degli stampi e la produzione?<\/h3>\n<p>I tempi di consegna variano in base alla complessit\u00e0 del pezzo, ma ci impegniamo per l'efficienza per mantenere in movimento la tua catena di approvvigionamento.<\/p>\n<ul>\n<li><strong>Progettazione di stampi e attrezzature:<\/strong>\u00a015\u201320 giorni<\/li>\n<li><strong>Campione\/Prototipazione:<\/strong>\u00a05\u201310 giorni dopo il completamento dello stampo<\/li>\n<li><strong>Produzione di massa:<\/strong>\u00a025\u201335 giorni dopo l'approvazione del campione<\/li>\n<\/ul>\n<p>Offriamo una soluzione completa che include fusione, lavorazione CNC e trattamento superficiale, semplificando i tempi eliminando la necessit\u00e0 di pi\u00f9 fornitori.<\/p>","protected":false},"excerpt":{"rendered":"<p>Why Choose Lost Wax for Aluminum Components? When engineering lightweight parts requires intricate detail and high dimensional accuracy,\u00a0lost wax aluminum\u00a0casting [&hellip;]<\/p>\n","protected":false},"featured_media":1521,"comment_status":"open","ping_status":"closed","template":"","meta":{"site-sidebar-layout":"default","site-content-layout":"","ast-site-content-layout":"default","site-content-style":"default","site-sidebar-style":"default","ast-global-header-display":"","ast-banner-title-visibility":"","ast-main-header-display":"","ast-hfb-above-header-display":"","ast-hfb-below-header-display":"","ast-hfb-mobile-header-display":"","site-post-title":"","ast-breadcrumbs-content":"","ast-featured-img":"","footer-sml-layout":"","ast-disable-related-posts":"","theme-transparent-header-meta":"default","adv-header-id-meta":"","stick-header-meta":"","header-above-stick-meta":"","header-main-stick-meta":"","header-below-stick-meta":"","astra-migrate-meta-layouts":"set","ast-page-background-enabled":"default","ast-page-background-meta":{"desktop":{"background-color":"var(--ast-global-color-5)","background-image":"","background-repeat":"repeat","background-position":"center center","background-size":"auto","background-attachment":"scroll","background-type":"","background-media":"","overlay-type":"","overlay-color":"","overlay-opacity":"","overlay-gradient":""},"tablet":{"background-color":"","background-image":"","background-repeat":"repeat","background-position":"center center","background-size":"auto","background-attachment":"scroll","background-type":"","background-media":"","overlay-type":"","overlay-color":"","overlay-opacity":"","overlay-gradient":""},"mobile":{"background-color":"","background-image":"","background-repeat":"repeat","background-position":"center center","background-size":"auto","background-attachment":"scroll","background-type":"","background-media":"","overlay-type":"","overlay-color":"","overlay-opacity":"","overlay-gradient":""}},"ast-content-background-meta":{"desktop":{"background-color":"var(--ast-global-color-4)","background-image":"","background-repeat":"repeat","background-position":"center center","background-size":"auto","background-attachment":"scroll","background-type":"","background-media":"","overlay-type":"","overlay-color":"","overlay-opacity":"","overlay-gradient":""},"tablet":{"background-color":"var(--ast-global-color-4)","background-image":"","background-repeat":"repeat","background-position":"center center","background-size":"auto","background-attachment":"scroll","background-type":"","background-media":"","overlay-type":"","overlay-color":"","overlay-opacity":"","overlay-gradient":""},"mobile":{"background-color":"var(--ast-global-color-4)","background-image":"","background-repeat":"repeat","background-position":"center center","background-size":"auto","background-attachment":"scroll","background-type":"","background-media":"","overlay-type":"","overlay-color":"","overlay-opacity":"","overlay-gradient":""}}},"product_brand":[],"product_cat":[21],"product_tag":[431,432,429,430,423],"class_list":{"0":"post-1520","1":"product","2":"type-product","3":"status-publish","4":"has-post-thumbnail","6":"product_cat-aluminum-alloy","7":"product_tag-a356-a357-casting","8":"product_tag-aerospace-aluminum-components","9":"product_tag-lost-wax-aluminum-casting","10":"product_tag-precision-aluminum-casting","11":"product_tag-silica-sol-investment-casting","12":"desktop-align-left","13":"tablet-align-left","14":"mobile-align-left","16":"first","17":"instock","18":"shipping-taxable","19":"product-type-simple"},"_links":{"self":[{"href":"https:\/\/haoyumaterial.com\/it\/wp-json\/wp\/v2\/product\/1520","targetHints":{"allow":["GET"]}}],"collection":[{"href":"https:\/\/haoyumaterial.com\/it\/wp-json\/wp\/v2\/product"}],"about":[{"href":"https:\/\/haoyumaterial.com\/it\/wp-json\/wp\/v2\/types\/product"}],"replies":[{"embeddable":true,"href":"https:\/\/haoyumaterial.com\/it\/wp-json\/wp\/v2\/comments?post=1520"}],"wp:featuredmedia":[{"embeddable":true,"href":"https:\/\/haoyumaterial.com\/it\/wp-json\/wp\/v2\/media\/1521"}],"wp:attachment":[{"href":"https:\/\/haoyumaterial.com\/it\/wp-json\/wp\/v2\/media?parent=1520"}],"wp:term":[{"taxonomy":"product_brand","embeddable":true,"href":"https:\/\/haoyumaterial.com\/it\/wp-json\/wp\/v2\/product_brand?post=1520"},{"taxonomy":"product_cat","embeddable":true,"href":"https:\/\/haoyumaterial.com\/it\/wp-json\/wp\/v2\/product_cat?post=1520"},{"taxonomy":"product_tag","embeddable":true,"href":"https:\/\/haoyumaterial.com\/it\/wp-json\/wp\/v2\/product_tag?post=1520"}],"curies":[{"name":"wp","href":"https:\/\/api.w.org\/{rel}","templated":true}]}}