{"id":1532,"date":"2026-01-25T10:31:51","date_gmt":"2026-01-25T02:31:51","guid":{"rendered":"https:\/\/haoyumaterial.com\/?post_type=product&#038;p=1532"},"modified":"2026-01-25T10:31:51","modified_gmt":"2026-01-25T02:31:51","slug":"custom-metal-casting-mold-precision-tooling-for-alloys","status":"publish","type":"product","link":"https:\/\/haoyumaterial.com\/it\/product\/custom-metal-casting-mold-precision-tooling-for-alloys\/","title":{"rendered":"Stampo di fusione metallica personalizzato per leghe di precisione"},"content":{"rendered":"<h2>Capacit\u00e0 fondamentali: Soluzioni personalizzate per stampi di fusione metalli<\/h2>\n<p>Forniamo soluzioni di precisione ingegnerizzate\u00a0<strong>stampi di fusione metalli personalizzati<\/strong>\u00a0progettate per soddisfare le rigorose esigenze della moderna metallurgia. Il nostro approccio combina una profonda competenza nella scienza dei materiali con tecniche di produzione avanzate per produrre utensili che garantiscano qualit\u00e0 costante e stabilit\u00e0 dimensionale. Controllando rigorosamente i coefficienti di espansione termica e le propriet\u00e0 refrattarie, prolunghiamo la durata di ogni stampo mantenendo tolleranze strette in condizioni di cicli termici estremi.<\/p>\n<p>Il nostro team di ingegneri si concentra sull'ottimizzazione olistica della progettazione per risolvere le sfide comuni della fusione prima che si verifichino:<\/p>\n<ul>\n<li><strong>Esperienza nel materiale:<\/strong>\u00a0Selezioniamo materiali per stampi ad alte prestazioni che bilanciano la conduttivit\u00e0 termica con la resistenza all'erosione, garantendo longevit\u00e0 e affidabilit\u00e0.<\/li>\n<li><strong>Minimizzazione dei difetti:<\/strong>\u00a0Implementiamo avanzate\u00a0<strong>sistemi di chiusura e rialzo<\/strong>\u00a0su misura per la lega specifica, favorendo il flusso laminare e riducendo la turbolenza per eliminare porosit\u00e0 e inclusioni.<\/li>\n<li><strong>Versatilit\u00e0 delle leghe:<\/strong>\u00a0Le nostre capacit\u00e0 di produzione supportano un'ampia gamma di esigenze di fusione, da metalli non ferrosi come\u00a0<strong>Alluminio, Zinco e Rame<\/strong>\u00a0a leghe ferrose con punto di fusione elevato, tra cui\u00a0<strong>Acciaio e Ferro<\/strong>.<\/li>\n<\/ul>\n<p>Che tu abbia bisogno di geometrie complesse per componenti industriali o di utensili per produzione in grande volume, la nostra\u00a0<strong>soluzione personalizzata di stampi per fusione di metalli<\/strong>\u00a0si adatta alle esigenze specifiche del tuo progetto per massimizzare la resa e ridurre i tempi di ciclo.<\/p>\n<h2>Tipi di stampi personalizzati in metallo che produciamo<\/h2>\n<p>Progettiamo una vasta gamma di soluzioni di utensili per soddisfare volumi di produzione specifici e requisiti di lega. Dalle produzioni industriali ad alto volume ai prototipi aerospaziali di precisione, le nostre\u00a0<strong>stampi di fusione metalli personalizzati<\/strong>\u00a0capacit\u00e0 coprono l'intero spettro delle esigenze di produzione. Utilizziamo avanzate lavorazioni CNC e scienza dei materiali per fornire stampi che garantiscono precisione dimensionale e durata.<\/p>\n<ul>\n<li><strong>Stampi per pressofusione ad alta pressione (HPDC):<\/strong>\u00a0Utilizziamo acciaio per utensili H13 di alta qualit\u00e0 per costruire stampi robusti\u00a0<strong>utensile per pressofusione<\/strong>\u00a0in grado di resistere a cicli termici estremi. Questi stampi presentano canali di raffreddamento complessi progettati per ottimizzare i tempi di ciclo e prolungare la vita dello stampo per produzioni ad alto volume.<\/li>\n<li><strong>Stampi permanenti (fusione a gravit\u00e0):<\/strong>\u00a0Ideale per produzioni di volume medio-alto, i nostri stampi permanenti offrono un'eccellente stabilit\u00e0 dimensionale.\u00a0<a href=\"https:\/\/haoyumaterial.com\/it\/cast-iron-vs-steel-comparison-guide-durable-cookware-tools\/\">ferrite vs. acciaio<\/a>\u00a0propriet\u00e0 per selezionare il miglior materiale per stampi per una ripetibilit\u00e0 costante.<\/li>\n<li><strong>Modelli di pressofusione e casse di anima:<\/strong>\u00a0Per volumi pi\u00f9 bassi o componenti su larga scala, forniamo modelli di pressofusione CNC\u00a0<strong>modelli di pressofusione e casse di anima<\/strong>\u00a0e opzioni di stampa 3D per prototipazione rapida, consentendo una verifica rapida del progetto prima dello stampo definitivo.<\/li>\n<li><strong>Stampi speciali in grafite e ceramica:<\/strong>\u00a0Come esperti in materiali ad alta temperatura, produciamo stampi di precisione\u00a0<strong>perfusione di grafite<\/strong>\u00a0per leghe reattive come il Titanio. Questi stampi refrattari utilizzano grafite di alta purezza per prevenire contaminazioni, garantendo finiture superficiali superiori e facile distacco.<\/li>\n<\/ul>\n<h2>Specifiche tecniche e tolleranze dei materiali<\/h2>\n<p>Quando si progetta un\u00a0<strong>stampi di fusione metalli personalizzati<\/strong>, l'integrit\u00e0 del materiale e la precisione dimensionale definiscono il successo della fusione finale. Siamo specializzati in gradi di grafite ad alta purezza progettati specificamente per applicazioni non ferrose, offrendo una resistenza superiore agli shock termici rispetto agli utensili standard. La nostra struttura utilizza tecnologie avanzate\u00a0<a href=\"https:\/\/haoyumaterial.com\/it\/machining-casting-guide-precision-cnc-tight-tolerances\/\">per garantire che ogni dimensione rispetti tolleranze geometriche rigorose. Che lavoriamo con superleghe di nichel dure o complesse<\/a>\u00a0per garantire che ogni stampo soddisfi rigorosi requisiti geometrici.<\/p>\n<p>Seguiamo standard di qualit\u00e0 rigorosi per consegnare\u00a0<strong>servizi di produzione di stampi di precisione<\/strong>\u00a0che resistono a ambienti ad alta temperatura. Di seguito sono riportate le specifiche principali per i nostri stampi in grafite:<\/p>\n<div class=\"table-responsive\">\n<table class=\"table\">\n<thead>\n<tr>\n<th>Caratteristica<\/th>\n<th>Dettagli delle Specifiche<\/th>\n<\/tr>\n<\/thead>\n<tbody>\n<tr>\n<td><strong>Qualit\u00e0 dei materiali<\/strong><\/td>\n<td>\u00a0 \u00a0 \u00a0 \u00a0 \u00a0 \u00a0 \u00a0 \u00a0 \u00a0 \u00a0 \u00a0 \u00a0 \u00a0 \u00a0 \u00a0 \u00a0 \u00a0 \u00a0 \u00a0 \u00a0 \u00a0 \u00a0 \u00a0 \u00a0 \u00a0 \u00a0 \u00a0 \u00a0 \u00a0 \u00a0 \u00a0 Grafite ad alta purezza (fino al 99,91% di carbonio TP3T), isostatica, modellata, vibrata<\/td>\n<\/tr>\n<tr>\n<td><strong>Densit\u00e0 apparente<\/strong><\/td>\n<td>\u00a0 \u00a0 \u00a0 \u00a0 \u00a0 \u00a0 \u00a0 \u00a0 \u00a0 \u00a0 \u00a0 \u00a0 \u00a0 \u00a0 \u00a0 \u00a0 \u00a0 \u00a0 \u00a0 \u00a0 \u00a0 \u00a0 \u00a0 \u00a0 \u00a0 \u00a0 \u00a0 \u00a0 \u00a0 \u00a0 \u00a0 \u00a0 \u00a0 \u00a0 \u00a0 1,72 g\/cm\u00b3 \u2013 1,90 g\/cm\u00b3 (dipendente dalla qualit\u00e0)<\/td>\n<\/tr>\n<tr>\n<td><strong>Propriet\u00e0 termiche<\/strong><\/td>\n<td>\u00a0 \u00a0 \u00a0 \u00a0 \u00a0 \u00a0 \u00a0 \u00a0 \u00a0 \u00a0 \u00a0 \u00a0 \u00a0 \u00a0 \u00a0 \u00a0 \u00a0 \u00a0 \u00a0 \u00a0 \u00a0 \u00a0 \u00a0 \u00a0 \u00a0 \u00a0 \u00a0 \u00a0 \u00a0 Elevata conducibilit\u00e0 termica, basso coefficiente di dilatazione termica<\/td>\n<\/tr>\n<tr>\n<td><strong>Finitura superficiale<\/strong><\/td>\n<td>\u00a0 \u00a0 \u00a0 \u00a0 \u00a0 \u00a0 \u00a0 \u00a0 \u00a0 \u00a0 \u00a0 \u00a0 \u00a0 \u00a0 \u00a0 \u00a0 \u00a0 \u00a0 \u00a0 \u00a0 \u00a0 \u00a0 \u00a0 \u00a0 \u00a0 \u00a0 \u00a0 \u00a0 \u00a0 \u00a0 \u00a0 \u00a0 \u00a0 \u00a0 \u00a0 \u00a0 \u00a0 Superficie liscia, autolubrificante per una facile rimozione<\/td>\n<\/tr>\n<tr>\n<td><strong>Precisione di lavorazione<\/strong><\/td>\n<td>\u00a0 \u00a0 \u00a0 \u00a0 \u00a0 \u00a0 \u00a0 \u00a0 \u00a0 \u00a0 \u00a0 \u00a0 \u00a0 \u00a0 \u00a0 \u00a0 \u00a0 \u00a0 \u00a0 \u00a0 \u00a0 \u00a0 \u00a0 \u00a0 \u00a0 \u00a0 \u00a0 \u00a0 \u00a0 \u00a0 \u00a0 \u00a0 \u00a0 \u00a0 Lavorazione CNC personalizzata per geometrie complesse e tolleranze strette<\/td>\n<\/tr>\n<\/tbody>\n<\/table>\n<\/div>\n<p>Il nostro\u00a0<strong>Attrezzature di fonderia lavorate al CNC<\/strong>\u00a0\u00e8 progettato per minimizzare la contaminazione e garantire una fusione pulita per metalli come oro, argento, rame e alluminio. Selezionando la dimensione del grano e la densit\u00e0 corretti, ottimizziamo la resistenza meccanica dello stampo per affrontare le pressioni di colata industriale mantenendo un'eccellente stabilit\u00e0 dimensionale.<\/p>\n<h2>Supporto ingegneristico e di progettazione per utensili di precisione<\/h2>\n<p>&nbsp;<\/p>\n<p>Creare un alto rendimento\u00a0<strong>stampi di fusione metalli personalizzati<\/strong>\u00a0richiede pi\u00f9 di una semplice lavorazione di precisione; richiede una profonda comprensione della dinamica termica e del comportamento dei materiali. Forniamo un supporto ingegneristico completo per garantire che i tuoi utensili soddisfino le rigorose esigenze della colata industriale. Il nostro team lavora direttamente con i tuoi disegni tecnici per ottimizzare le prestazioni, assicurando che ogni stampo in grafite o in metallo che produciamo offra risultati coerenti.<\/p>\n<h3>Revisioni DFM (Design for Manufacturing)<\/h3>\n<p>Conduciamo revisioni approfondite DFM per identificare potenziali problemi di produzione prima di tagliare qualsiasi materiale. Questo processo prevede l'analisi\u00a0<strong>angoli di bozza<\/strong>\u00a0e\u00a0<strong>spessore della parete<\/strong>\u00a0per garantire l'integrit\u00e0 strutturale e una facile rimozione dello stampo. Refinando la geometria del tuo\u00a0<a href=\"https:\/\/haoyumaterial.com\/it\/aluminum-casting-manufacturer-for-custom-precision-parts\/\">produttori di fusioni di alluminio per parti di precisione personalizzate<\/a>, aiutiamo a ridurre al minimo gli sprechi di materiale e a ridurre significativamente i tempi di ciclo.<\/p>\n<h3>Simulazione avanzata e analisi del flusso<\/h3>\n<ul>\n<li><strong>Simulazione del flusso dello stampo:<\/strong>\u00a0Prediciamo il comportamento del flusso del metallo, la distribuzione della temperatura e i modelli di solidificazione per prevenire punti caldi e raffreddamenti disuniformi.<\/li>\n<li><strong>Riduzione dei Difetti:<\/strong>\u00a0La simulazione accurata ci aiuta a anticipare ed eliminare difetti comuni di fusione come porosit\u00e0 o cold shuts, garantendo che il\u00a0<strong>stampi di fusione metalli personalizzati<\/strong>\u00a0funzioni in modo affidabile sotto stress termico elevato.<\/li>\n<\/ul>\n<h3>Ottimizzazione della progettazione di gating e riser<\/h3>\n<p>Una corretta gating \u00e8 fondamentale per controllare la velocit\u00e0 e la direzione del metallo fuso. Progettiamo sistemi di gating che favoriscono\u00a0<strong>flusso laminare<\/strong>, riducendo la turbolenza e prevenendo inclusioni di ossido. I nostri design ottimizzati dei riser garantiscono un'adeguata alimentazione durante la solidificazione, mantenendo la densit\u00e0 e la resistenza del componente finale.<\/p>\n<h2>Settori serviti dai nostri servizi di stampo personalizzato<\/h2>\n<p><img loading=\"lazy\" decoding=\"async\" class=\"alignnone  wp-image-1534\" src=\"https:\/\/haoyumaterial.com\/wp-content\/uploads\/2026\/01\/Medium-Temperature-Wax-Precision-Molds-300x300.png\" alt=\"\" width=\"437\" height=\"437\" srcset=\"https:\/\/haoyumaterial.com\/wp-content\/uploads\/2026\/01\/Medium-Temperature-Wax-Precision-Molds-300x300.png 300w, https:\/\/haoyumaterial.com\/wp-content\/uploads\/2026\/01\/Medium-Temperature-Wax-Precision-Molds-150x150.png 150w, https:\/\/haoyumaterial.com\/wp-content\/uploads\/2026\/01\/Medium-Temperature-Wax-Precision-Molds-12x12.png 12w, https:\/\/haoyumaterial.com\/wp-content\/uploads\/2026\/01\/Medium-Temperature-Wax-Precision-Molds-100x100.png 100w, https:\/\/haoyumaterial.com\/wp-content\/uploads\/2026\/01\/Medium-Temperature-Wax-Precision-Molds.png 500w\" sizes=\"auto, (max-width: 437px) 100vw, 437px\" \/><\/p>\n<p>Offriamo soluzioni ad alte prestazioni\u00a0<strong>stampi di fusione metalli personalizzati<\/strong>\u00a0nei settori che richiedono tassi di fallimento zero. Dalle applicazioni aerospaziali ad alte temperature ai dispositivi medici complessi, i nostri utensili assicurano che le parti finali soddisfino rigorosi standard industriali. La nostra esperienza in grafite di alta purezza e lavorazioni CNC di precisione ci permette di soddisfare diverse esigenze di produzione.<\/p>\n<ul>\n<li><strong>Automobilistico:<\/strong>\u00a0Produciamo stampi durevoli per componenti in alluminio leggero e leghe di rame, essenziali per blocchi motore moderni, involucri di trasmissione e parti strutturali dove la conduttivit\u00e0 termica \u00e8 fondamentale.<\/li>\n<li><strong>Aerospaziale:<\/strong>\u00a0I nostri stampi in grafite ad alta purezza sono fondamentali per la produzione di pale e supporti per turbine, dove la resistenza agli shock termici e la stabilit\u00e0 dimensionale sono di primaria importanza durante la colata di superleghe.<\/li>\n<li><strong>Medico:<\/strong>\u00a0La precisione \u00e8 vitale per strumenti chirurgici e impianti biocompatibili. Supportiamo i produttori con utensili in grado di produrre geometrie complesse, simili al nostro lavoro specializzato con\u00a0<a href=\"https:\/\/haoyumaterial.com\/it\/prodotto\/chromium-cobalt-molybdenum-hip-joint-machining-service\/\">servizi di lavorazione di articolazioni dell'anca in cromo cobalto molibdeno<\/a>.<\/li>\n<li><strong>Energia:<\/strong>\u00a0Forniamo stampi robusti per componenti di gestione dei fluidi. La nostra esperienza garantisce l'integrit\u00e0 di alloggiamenti di pompe, giranti e\u00a0<a href=\"https:\/\/haoyumaterial.com\/it\/valve-castings-manufacturer-custom-oem-valve-bodies\/\">corpi valvola OEM personalizzati<\/a>\u00a0usati ampiamente nelle infrastrutture di petrolio, gas e energie rinnovabili.<\/li>\n<\/ul>\n<h2>Il vantaggio Vastmaterial: Perch\u00e9 sceglierci?<\/h2>\n<p>Quando hai bisogno di un partner affidabile\u00a0<strong>stampi di fusione metalli personalizzati<\/strong>, hai bisogno di un partner che comprenda sia la metallurgia che la lavorazione. Portiamo oltre 15 anni di esperienza in materiali ad alta temperatura, garantendo che i tuoi utensili funzionino in modo coerente sotto stress termici estremi.<\/p>\n<h3>Competenza Olistica sui Materiali<\/h3>\n<p>Non ci limitiamo a lavorare componenti; progettiamo soluzioni basate sulla chimica della fusione. Il nostro team seleziona il grado di grafite ottimale\u2014isotatica, stampata o vibrata\u2014per soddisfare i requisiti specifici della tua lega. Ci\u00f2 garantisce una conduttivit\u00e0 termica superiore e previene la contaminazione del metallo fuso, risultando in una fusione finale pi\u00f9 pulita. La nostra profonda conoscenza delle propriet\u00e0 refrattarie ci consente di progettare stampi che minimizzano i difetti causati dall'espansione termica.<\/p>\n<h3>Rigorosa Garanzia di Qualit\u00e0<\/h3>\n<p>La qualit\u00e0 non \u00e8 un ripensamento; \u00e8 integrata nel nostro processo. Operiamo secondo rigorosi standard ISO 9001:2015, utilizzando strumenti di ispezione avanzati per verificare l'accuratezza dimensionale e l'integrit\u00e0 del materiale. Ogni\u00a0<strong>soluzione personalizzata di stampi per fusione di metalli<\/strong>\u00a0che forniamo \u00e8 certificato per densit\u00e0, resistenza e contenuto di ceneri, garantendo che soddisfi le rigorose esigenze degli ambienti di fonderia industriale.<\/p>\n<h3>Velocit\u00e0 di Commercializzazione<\/h3>\n<p>Nel competitivo panorama manifatturiero, la velocit\u00e0 \u00e8 importante. Utilizziamo la lavorazione CNC ad alta velocit\u00e0 per trasformare rapidamente i tuoi disegni CAD in stampi di precisione. Sfruttare\u00a0<a href=\"https:\/\/haoyumaterial.com\/it\/advantages-of-rapid-protototyping-for-faster-and-smarter-manufacturing\/\">durante la fase di progettazione, possiamo convalidare queste geometrie complesse e i requisiti di tolleranza prima di impegnarci nella produzione su larga scala.<\/a>\u00a0ci aiuta ad accelerare il ciclo di sviluppo, consentendoti di passare dalla progettazione ai test fisici pi\u00f9 velocemente di quanto consentano i metodi di attrezzaggio tradizionali.<\/p>\n<p><strong>I nostri punti di forza principali:<\/strong><\/p>\n<div class=\"table-responsive\">\n<table class=\"table\">\n<thead>\n<tr>\n<th>Caratteristica<\/th>\n<th>Vantaggio<\/th>\n<\/tr>\n<\/thead>\n<tbody>\n<tr>\n<td><strong>Conoscenza dei refrattari<\/strong><\/td>\n<td>\u00a0 \u00a0 \u00a0 \u00a0 \u00a0 \u00a0 \u00a0 \u00a0 \u00a0 \u00a0 \u00a0 \u00a0 \u00a0 \u00a0 \u00a0 \u00a0 \u00a0 \u00a0 \u00a0 \u00a0 \u00a0 \u00a0 \u00a0 \u00a0 \u00a0 \u00a0 \u00a0 Profonda comprensione delle propriet\u00e0 anti-adesione e resistenza agli shock termici.<\/td>\n<\/tr>\n<tr>\n<td><strong>Strumenti di precisione<\/strong><\/td>\n<td>\u00a0 \u00a0 \u00a0 \u00a0 \u00a0 \u00a0 \u00a0 \u00a0 \u00a0 \u00a0 \u00a0 \u00a0 \u00a0 \u00a0 \u00a0 \u00a0 \u00a0 \u00a0 \u00a0 \u00a0 \u00a0 \u00a0 \u00a0 \u00a0 \u00a0 \u00a0 \u00a0Capacit\u00e0 CNC avanzate per geometrie complesse e tolleranze strette.<\/td>\n<\/tr>\n<tr>\n<td><strong>Supporto globale<\/strong><\/td>\n<td>\u00a0 \u00a0 \u00a0 \u00a0 \u00a0 \u00a0 \u00a0 \u00a0 \u00a0 \u00a0 \u00a0 \u00a0 \u00a0 \u00a0 \u00a0 \u00a0 \u00a0 \u00a0 \u00a0 \u00a0 \u00a0 \u00a0 \u00a0 \u00a0Storico comprovato di esportazione di soluzioni ad alta purezza in oltre 30 paesi. <strong>fusione di metallo personalizzata<\/strong>\u00a0soluzioni per oltre 30 paesi in Italia.<\/td>\n<\/tr>\n<\/tbody>\n<\/table>\n<\/div>\n<h2>Processo passo-passo di produzione di stampi personalizzati<\/h2>\n<p>Abbiamo perfezionato il nostro flusso di lavoro di produzione per garantire che ogni\u00a0<strong>stampi di fusione metalli personalizzati<\/strong>\u00a0rispetti tolleranze dimensionali rigorose e requisiti di prestazione. Dall'idea iniziale allo strumento finale, manteniamo una comunicazione chiara e un rigoroso controllo di qualit\u00e0 per offrire soluzioni di stampaggio affidabili.<\/p>\n<ul>\n<li><strong>Consultazione e Preventivo:<\/strong>\u00a0Il processo inizia con una revisione approfondita dei tuoi file CAD e dei requisiti del progetto. Raccogliamo tutte le specifiche necessarie per fornire un preventivo accurato e una tempistica di produzione.<\/li>\n<li><strong>Ingegneria e Progettazione:<\/strong>\u00a0I nostri ingegneri eseguono un'analisi dettagliata DFM (Design for Manufacturing) per ottimizzare la disposizione dello stampo e la generazione del progetto. Verifichiamo la compatibilit\u00e0 con i materiali previsti, come specifico\u00a0<a href=\"https:\/\/haoyumaterial.com\/it\/prodotto\/aluminum-casting-alloy-grades-for-high-performance-parts-high-performance-aluminum-casting-alloy-for-die-sand-and-gravity-casting-with-superior-strength-fluidity-and-corrosion-resistance\/\">leghe di alluminio da fonderia<\/a>, per garantire che il design dello stampo supporti un flusso e una solidificazione ottimali del metallo.<\/li>\n<li><strong>Fabbricazione:<\/strong>\u00a0Utilizziamo avanzate lavorazioni CNC e EDM (Erosione a Scarica Elettrica) per tagliare la geometria dello stampo con alta precisione. Questa fase include la lucidatura delle superfici per rispettare gli standard di finitura richiesti per un rilascio senza problemi.<\/li>\n<li><strong>Assemblaggio e Montaggio:<\/strong>\u00a0Tecnici qualificati assemblano i componenti dello stampo, integrando attentamente sistemi essenziali come spine di espulsione e linee di raffreddamento per regolare efficacemente la temperatura durante il ciclo di colata.<\/li>\n<li><strong>Campionamento T1 di Prova:<\/strong>\u00a0Eseguiamo una prova iniziale per produrre campioni T1. Questi primi pezzi colati vengono ispezionati per verificare che il\u00a0<strong>stampi di fusione metalli personalizzati<\/strong>\u00a0produca componenti che corrispondono esattamente ai tuoi progetti.<\/li>\n<li><strong>Approvazione Finale e Consegna:<\/strong>\u00a0Una volta che i campioni sono approvati e sono state apportate eventuali modifiche necessarie, finalizziamo gli stampi e organizziamo la consegna sicura alla tua struttura.<\/li>\n<\/ul>\n<h2>Domande frequenti sugli stampi per fusione di metallo personalizzata<\/h2>\n<h3>Qual \u00e8 la differenza tra uno stampo permanente e uno stampo di sabbia?<\/h3>\n<p>La differenza principale risiede nella riutilizzabilit\u00e0 e nella finitura superficiale.\u00a0<strong>Colata a stampo permanente<\/strong>\u00a0utilizza stampi riutilizzabili realizzati con materiali durevoli come acciaio o grafite ad alta densit\u00e0. Questo metodo \u00e8 ideale per produzioni di volume medio-alto, offrendo una precisione dimensionale superiore e una finitura superficiale pi\u00f9 liscia, che \u00e8 fondamentale per\u00a0<a href=\"https:\/\/haoyumaterial.com\/it\/precision-aluminum-casting-in-dongying-vast-custom-foundry\/\">fonderia di alluminio di precisione<\/a>\u00a0applicazioni.<\/p>\n<p>Al contrario,\u00a0<strong>modelli di pressofusione e casse di anima<\/strong>\u00a0creare stampi sacrificiali\u2014lo stampo di sabbia viene distrutto per rimuovere la fusione dopo ogni colata. Sebbene ci\u00f2 consenta costi iniziali di stampo pi\u00f9 bassi e geometrie complesse, di solito richiede pi\u00f9 lavorazioni secondarie.<\/p>\n<h3>Quanto tempo ci vuole per produrre uno stampo personalizzato per pressofusione?<\/h3>\n<p>I tempi di consegna variano significativamente in base alla complessit\u00e0 del progetto e al materiale scelto.<\/p>\n<ul>\n<li><strong>Stampi in grafite:<\/strong>\u00a0Grazie alle nostre avanzate capacit\u00e0 di lavorazione CNC e alla lavorabilit\u00e0 del grafite, questi possono spesso essere prodotti rapidamente, a volte in pochi giorni per progetti urgenti.<\/li>\n<li><strong>Stampi in acciaio (HPDC):<\/strong>\u00a0Gli utensili in acciaio temprato per applicazioni ad alta pressione generalmente richiedono.\u00a0<strong>4 a 8 settimane<\/strong>. Questo include verifica del progetto, sgrossatura CNC, trattamento termico e finitura EDM finale.<\/li>\n<\/ul>\n<h3>Quali formati di file accettate per la progettazione degli stampi?<\/h3>\n<p>Per garantire la massima precisione durante la nostra revisione DFM (Design for Manufacturing) e la programmazione CNC, preferiamo file CAD 3D.<\/p>\n<ul>\n<li><strong>Formati preferiti:<\/strong>\u00a0STEP (.stp), IGES (.igs) e Parasolid (X_T).<\/li>\n<li><strong>File di disegno:<\/strong>\u00a0I file PDF o DWG sono anche necessari per specificare tolleranze, qualit\u00e0 dei materiali e requisiti di finitura superficiale (ad esempio, standard SPI).<\/li>\n<\/ul>\n<h3>Puoi modificare gli stampi esistenti per cambiamenti di progettazione?<\/h3>\n<p>S\u00ec, la modifica \u00e8 possibile ma dipende dalla natura del cambiamento. Rimuovere metallo dallo stampo (per aggiungere materiale alla parte finale fusa) \u00e8 un processo semplice utilizzando lavorazioni CNC o EDM. Tuttavia, aggiungere metallo allo stampo (per ridurre la dimensione della parte fusa) \u00e8 pi\u00f9 complesso e pu\u00f2 richiedere saldature o l'inserimento di sotto-componenti. Si consiglia una revisione ingegneristica approfondita prima di tentare modifiche importanti per garantire l'integrit\u00e0 dello stampo.<\/p>","protected":false},"excerpt":{"rendered":"<p>Core Capabilities: Custom Metal Casting Mold Solutions We deliver precision-engineered\u00a0custom metal casting mold\u00a0solutions designed to meet the rigorous demands of [&hellip;]<\/p>\n","protected":false},"featured_media":1533,"comment_status":"open","ping_status":"closed","template":"","meta":{"site-sidebar-layout":"default","site-content-layout":"","ast-site-content-layout":"default","site-content-style":"default","site-sidebar-style":"default","ast-global-header-display":"","ast-banner-title-visibility":"","ast-main-header-display":"","ast-hfb-above-header-display":"","ast-hfb-below-header-display":"","ast-hfb-mobile-header-display":"","site-post-title":"","ast-breadcrumbs-content":"","ast-featured-img":"","footer-sml-layout":"","ast-disable-related-posts":"","theme-transparent-header-meta":"default","adv-header-id-meta":"","stick-header-meta":"","header-above-stick-meta":"","header-main-stick-meta":"","header-below-stick-meta":"","astra-migrate-meta-layouts":"set","ast-page-background-enabled":"default","ast-page-background-meta":{"desktop":{"background-color":"var(--ast-global-color-5)","background-image":"","background-repeat":"repeat","background-position":"center center","background-size":"auto","background-attachment":"scroll","background-type":"","background-media":"","overlay-type":"","overlay-color":"","overlay-opacity":"","overlay-gradient":""},"tablet":{"background-color":"","background-image":"","background-repeat":"repeat","background-position":"center center","background-size":"auto","background-attachment":"scroll","background-type":"","background-media":"","overlay-type":"","overlay-color":"","overlay-opacity":"","overlay-gradient":""},"mobile":{"background-color":"","background-image":"","background-repeat":"repeat","background-position":"center center","background-size":"auto","background-attachment":"scroll","background-type":"","background-media":"","overlay-type":"","overlay-color":"","overlay-opacity":"","overlay-gradient":""}},"ast-content-background-meta":{"desktop":{"background-color":"var(--ast-global-color-4)","background-image":"","background-repeat":"repeat","background-position":"center center","background-size":"auto","background-attachment":"scroll","background-type":"","background-media":"","overlay-type":"","overlay-color":"","overlay-opacity":"","overlay-gradient":""},"tablet":{"background-color":"var(--ast-global-color-4)","background-image":"","background-repeat":"repeat","background-position":"center center","background-size":"auto","background-attachment":"scroll","background-type":"","background-media":"","overlay-type":"","overlay-color":"","overlay-opacity":"","overlay-gradient":""},"mobile":{"background-color":"var(--ast-global-color-4)","background-image":"","background-repeat":"repeat","background-position":"center center","background-size":"auto","background-attachment":"scroll","background-type":"","background-media":"","overlay-type":"","overlay-color":"","overlay-opacity":"","overlay-gradient":""}}},"product_brand":[],"product_cat":[17,21,22,24],"product_tag":[],"class_list":{"0":"post-1532","1":"product","2":"type-product","3":"status-publish","4":"has-post-thumbnail","6":"product_cat-stainless-steel","7":"product_cat-aluminum-alloy","8":"product_cat-high-temperature-alloy","9":"product_cat-titanium-alloy","10":"desktop-align-left","11":"tablet-align-left","12":"mobile-align-left","14":"first","15":"instock","16":"shipping-taxable","17":"product-type-simple"},"_links":{"self":[{"href":"https:\/\/haoyumaterial.com\/it\/wp-json\/wp\/v2\/product\/1532","targetHints":{"allow":["GET"]}}],"collection":[{"href":"https:\/\/haoyumaterial.com\/it\/wp-json\/wp\/v2\/product"}],"about":[{"href":"https:\/\/haoyumaterial.com\/it\/wp-json\/wp\/v2\/types\/product"}],"replies":[{"embeddable":true,"href":"https:\/\/haoyumaterial.com\/it\/wp-json\/wp\/v2\/comments?post=1532"}],"wp:featuredmedia":[{"embeddable":true,"href":"https:\/\/haoyumaterial.com\/it\/wp-json\/wp\/v2\/media\/1533"}],"wp:attachment":[{"href":"https:\/\/haoyumaterial.com\/it\/wp-json\/wp\/v2\/media?parent=1532"}],"wp:term":[{"taxonomy":"product_brand","embeddable":true,"href":"https:\/\/haoyumaterial.com\/it\/wp-json\/wp\/v2\/product_brand?post=1532"},{"taxonomy":"product_cat","embeddable":true,"href":"https:\/\/haoyumaterial.com\/it\/wp-json\/wp\/v2\/product_cat?post=1532"},{"taxonomy":"product_tag","embeddable":true,"href":"https:\/\/haoyumaterial.com\/it\/wp-json\/wp\/v2\/product_tag?post=1532"}],"curies":[{"name":"wp","href":"https:\/\/api.w.org\/{rel}","templated":true}]}}