{"id":1682,"date":"2026-02-06T08:18:25","date_gmt":"2026-02-06T00:18:25","guid":{"rendered":"https:\/\/haoyumaterial.com\/?post_type=product&#038;p=1682"},"modified":"2026-02-06T08:18:26","modified_gmt":"2026-02-06T00:18:26","slug":"rapid-prototyping-and-tooling-services-for-low-volume-production","status":"publish","type":"product","link":"https:\/\/haoyumaterial.com\/it\/product\/rapid-prototyping-and-tooling-services-for-low-volume-production\/","title":{"rendered":"Servizi di prototipazione rapida e attrezzaggio per la produzione a basso volume"},"content":{"rendered":"<p>Prototipazione rapida e strumenti da vastmaterial con lavorazioni CNC, stampaggio a iniezione rapida e produzione a basso volume in giorni.<\/p>\n<h2>Produzione integrata per ogni fase dello sviluppo<\/h2>\n<p>Snelliamo il percorso dal CAD digitale al pezzo fisico, eliminando le attriti tra validazione del design e ingresso nel mercato. Combinando\u00a0<strong>prototipazione rapida e strumenti<\/strong>\u00a0sotto un unico tetto, aiutiamo gli ingegneri a verificare immediatamente adattamento e funzionamento prima di impegnarsi in stampi di produzione costosi. Il nostro approccio integrato garantisce che il tuo progetto passi senza problemi da un'unit\u00e0 singola a migliaia senza perdere l'integrit\u00e0 del design.<\/p>\n<p>Accelera il tuo\u00a0<strong>ciclo di sviluppo del prototipo<\/strong>\u00a0con il nostro percorso di produzione strutturato:<\/p>\n<ul>\n<li><strong>Verifica del progetto:<\/strong>\u00a0Utilizzare\u00a0<strong>produzione rapida<\/strong>\u00a0metodi\u2014tra cui lavorazione CNC e stampa 3D\u2014per creare\u00a0<strong>prototipi ad alta fedelt\u00e0<\/strong>\u00a0che imitano i materiali della produzione finale.<\/li>\n<li><strong>Test di mercato:<\/strong>\u00a0Scala in modo efficiente utilizzando\u00a0<strong>strumentazione per ponti<\/strong>\u00a0e\u00a0<strong>produzione a basso volume<\/strong>. Questo ti permette di produrre parti funzionali per test beta o run pilota mentre si realizza lo stampo definitivo.<\/li>\n<li><strong>Efficienza dei costi:<\/strong>\u00a0Evitare i costi elevati iniziali degli stampi in acciaio tradizionali sfruttando\u00a0<strong>strumentazione rapida per prototipi<\/strong>\u00a0strategie progettate per velocit\u00e0 e flessibilit\u00e0.<\/li>\n<\/ul>\n<p>Che tu abbia bisogno di un singolo modello funzionale o di una\u00a0<strong>produzione ponte<\/strong>, il nostro team ottimizza il processo di produzione per rispettare scadenze strette e requisiti di tolleranza rigorosi.<\/p>\n<h2>Le nostre tecnologie di produzione<\/h2>\n<p><img loading=\"lazy\" decoding=\"async\" class=\"alignnone  wp-image-1683\" src=\"https:\/\/haoyumaterial.com\/wp-content\/uploads\/2026\/02\/aerospace-casting-manufacturer-300x265.png\" alt=\"\" width=\"517\" height=\"457\" srcset=\"https:\/\/haoyumaterial.com\/wp-content\/uploads\/2026\/02\/aerospace-casting-manufacturer-300x265.png 300w, https:\/\/haoyumaterial.com\/wp-content\/uploads\/2026\/02\/aerospace-casting-manufacturer-14x12.png 14w, https:\/\/haoyumaterial.com\/wp-content\/uploads\/2026\/02\/aerospace-casting-manufacturer.png 419w\" sizes=\"auto, (max-width: 517px) 100vw, 517px\" \/><\/p>\n<p>Per offrire i migliori risultati per il tuo progetto, integriamo diverse discipline di produzione sotto un unico tetto. Che tu abbia bisogno di un singolo modello visivo o di una produzione su larga scala, la nostra struttura offre soluzioni complete\u00a0<strong>prototipazione rapida e strumenti<\/strong>\u00a0progettate per ridurre i tempi di sviluppo senza compromettere la qualit\u00e0.<\/p>\n<h3>Lavorazioni CNC personalizzate<\/h3>\n<p>Il nostro reparto CNC si occupa di fresatura e tornitura ad alta precisione sia per componenti metallici che plastici. Operiamo con macchine a 3, 4 e 5 assi per creare geometrie complesse con tolleranze strette. Questo processo \u00e8 ideale per prototipi funzionali e produzioni a basso volume dove le propriet\u00e0 del materiale sono critiche. Lavoriamo regolarmente alluminio, ottone e materiali ad alta resistenza\u00a0<a href=\"https:\/\/haoyumaterial.com\/it\/categoria-prodotto\/stainless-steel\/alloy-steel\/\">acciaio legato<\/a>\u00a0per soddisfare rigorosi standard ingegneristici.<\/p>\n<h3>Stampaggio a iniezione rapido<\/h3>\n<p>Quando devi passare da un prototipo a centinaia o migliaia di pezzi, il nostro\u00a0<strong>stampaggio rapido a iniezione<\/strong>\u00a0i servizi colmano il divario. Utilizziamo\u00a0<strong>strumentazione rapida per prototipi<\/strong>\u2014spesso con stampi in alluminio\u2014per ridurre significativamente i costi e i tempi di consegna rispetto agli stampi in acciaio tradizionali. Questo approccio consente un ingresso pi\u00f9 rapido sul mercato e permette la verifica del progetto utilizzando materiali di livello produttivo.<\/p>\n<h3>Servizi di produzione additiva<\/h3>\n<p>Per la consegna pi\u00f9 veloce, i nostri\u00a0<strong>servizi di produzione additiva<\/strong>\u00a0coprono SLA (Stereolitografia), SLS (Sinterizzazione Laser Selettiva) e FDM (Modellazione a Deposizione Fusa). La stampa 3D \u00e8 il metodo preferito per modelli concettuali iniziali e forme complesse difficili da lavorare, consentendo ai progettisti di convalidare forma e adattamento in pochi giorni.<\/p>\n<h3>Servizi di colata sottovuoto<\/h3>\n<p>Per prototipi ad alta fedelt\u00e0 che imitano la finitura e le propriet\u00e0 delle parti stampate per iniezione, utilizziamo\u00a0<strong>servizi di colata sottovuoto<\/strong>. Questo processo impiega stampi in silicone per creare piccoli lotti di parti in poliuretano. \u00c8 una soluzione eccellente ed economica per campioni di marketing e test funzionali prima di impegnarsi con stampi definitivi.<\/p>\n<h2>Selezione dei materiali e capacit\u00e0<\/h2>\n<p>Scegliere il materiale giusto \u00e8 fondamentale per convalidare il tuo progetto e garantire il successo dei tuoi\u00a0<strong>prototipazione rapida e strumenti<\/strong>\u00a0progetti. Offriamo una vasta libreria di materiali di livello produttivo che ti permettono di passare senza problemi da\u00a0<strong>prototipi funzionali<\/strong>\u00a0to\u00a0<strong>produzioni di transizione<\/strong>. Che tu abbia bisogno di metalli ad alta resistenza o elastomeri flessibili, la nostra catena di approvvigionamento garantisce l'autenticit\u00e0 e le prestazioni del materiale.<\/p>\n<h3>Metalli per lavorazione e utensili<\/h3>\n<p>Lavoriamo con un'ampia gamma di metalli adatti a\u00a0<strong>lavorazioni CNC personalizzate<\/strong>\u00a0e creazione di stampi.<\/p>\n<ul>\n<li><strong>Alluminio (6061, 7075):<\/strong>\u00a0Lo standard del settore per\u00a0<strong>stampi in alluminio per iniezione<\/strong>\u00a0e parti strutturali leggere grazie alla loro eccellente lavorabilit\u00e0 e dissipazione del calore.<\/li>\n<li><strong>Acciaio inossidabile (303, 304, 316):<\/strong>\u00a0Ideale per componenti resistenti alla corrosione e dispositivi medici.<\/li>\n<li><strong>Acciaio per utensili:<\/strong>\u00a0Utilizziamo acciai robusti per nuclei e cavit\u00e0 di stampo durevoli. Comprendere le propriet\u00e0 specifiche delle leghe, come quelle presenti nel nostro\u00a0<a href=\"https:\/\/haoyumaterial.com\/it\/4140-stainless-steel-guide-properties-uses-and-key-differences\/\">guida all'acciaio inossidabile 4140<\/a>, \u00e8 essenziale per selezionare materiali di stampaggio in grado di resistere a cicli di iniezione ad alta pressione.<\/li>\n<li><strong>Ottone e Rame:<\/strong>\u00a0Spesso utilizzato per contatti elettrici e applicazioni termiche.<\/li>\n<\/ul>\n<h3>Plastica ed Elastomeri<\/h3>\n<p>La nostra struttura si occupa di polimeri rigidi e flessibili per\u00a0<strong>servizi di produzione additiva<\/strong>\u00a0e stampaggio ad iniezione.<\/p>\n<ul>\n<li><strong>Plastica standard:<\/strong>\u00a0ABS, PC (Policarbonato) e PP (Polipropilene) per custodie di uso generale e beni di consumo.<\/li>\n<li><strong>Resine ingegneristiche:<\/strong>\u00a0Nylon (PA6, PA66), POM (Delrin) e PEEK per ambienti ad alta tensione e alte temperature.<\/li>\n<li><strong>Materiali simili a gomma:<\/strong>\u00a0TPE e TPU per sovrastampaggio e guarnizioni flessibili.<\/li>\n<\/ul>\n<h3>Opzioni di finitura superficiale<\/h3>\n<p>Una parte non \u00e8 completa senza la finitura corretta. Offriamo un post-elaborazione completa per garantire che i tuoi\u00a0<strong>strumentazione rapida per prototipi<\/strong>\u00a0risultati abbiano l'aspetto e la sensazione del prodotto finale.<\/p>\n<ul>\n<li><strong>Anodizzazione:<\/strong>\u00a0Tipo II e Tipo III per protezione e colorazione dell'alluminio.<\/li>\n<li><strong>Rivestimento a Polvere &amp; Verniciatura:<\/strong>\u00a0Corrispondenza del colore durevole per parti estetiche.<\/li>\n<li><strong>Lucidatura e Texturing:<\/strong>\u00a0Da finiture a specchio (SPI-A2) a texture pesanti di stampo (VDI 3400) per parti stampate ad iniezione.<\/li>\n<li><strong>Placcatura:<\/strong>\u00a0Placcatura nichel, cromo e zinco per conduttivit\u00e0 e resistenza all'usura.<\/li>\n<\/ul>\n<h2>Perch\u00e9 scegliere Rapid Tooling rispetto agli stampi tradizionali?<\/h2>\n<p><img loading=\"lazy\" decoding=\"async\" class=\"alignnone  wp-image-1684\" src=\"https:\/\/haoyumaterial.com\/wp-content\/uploads\/2026\/02\/rapid-prototype-tooling-300x225.jpg\" alt=\"\" width=\"531\" height=\"398\" srcset=\"https:\/\/haoyumaterial.com\/wp-content\/uploads\/2026\/02\/rapid-prototype-tooling-300x225.jpg 300w, https:\/\/haoyumaterial.com\/wp-content\/uploads\/2026\/02\/rapid-prototype-tooling-768x576.jpg 768w, https:\/\/haoyumaterial.com\/wp-content\/uploads\/2026\/02\/rapid-prototype-tooling-16x12.jpg 16w, https:\/\/haoyumaterial.com\/wp-content\/uploads\/2026\/02\/rapid-prototype-tooling-600x450.jpg 600w, https:\/\/haoyumaterial.com\/wp-content\/uploads\/2026\/02\/rapid-prototype-tooling.jpg 800w\" sizes=\"auto, (max-width: 531px) 100vw, 531px\" \/><\/p>\n<p>Passare da un design digitale a un prodotto fisico spesso richiede una strategia intelligente per gestire rischi e budget.,\u00a0<strong>prototipazione rapida e strumenti<\/strong>\u00a0mentre gli stampi di produzione tradizionali sono lo standard d'oro per la produzione di massa,\u00a0<strong>strumentazione per ponti<\/strong>offrono un approccio pi\u00f9 agile per la validazione e l'ingresso nel mercato. Utilizziamo.<\/p>\n<p>\u2014spesso realizzati in alluminio o acciaio morbido\u2014per consegnare parti funzionali in una frazione del tempo richiesto per stampi in acciaio temprato.\u00a0<strong>produzione a basso volume<\/strong>\u00a0e\u00a0<strong>produzioni di transizione<\/strong>, Questo approccio \u00e8 ideale per\u00a0<strong>stampi in alluminio per iniezione<\/strong>\u00a0or\u00a0<strong>, permettendoti di mettere il tuo prodotto nelle mani dei clienti mentre gli strumenti ad alto volume sono ancora in fase di lavorazione. Utilizzando<\/strong>, strumenti morbidi.<\/p>\n<h3>, riduciamo significativamente gli investimenti iniziali e i tempi di consegna.<\/h3>\n<div class=\"table-responsive\">\n<table class=\"table\">\n<thead>\n<tr>\n<th>Caratteristica<\/th>\n<th>Strumentazione rapida (Strumentazione ponte)<\/th>\n<th>Stampi di produzione tradizionali<\/th>\n<\/tr>\n<\/thead>\n<tbody>\n<tr>\n<td><strong>Materiale principale<\/strong><\/td>\n<td>\u00a0 \u00a0 \u00a0 \u00a0 \u00a0 \u00a0 \u00a0 \u00a0 \u00a0 \u00a0 \u00a0 \u00a0 \u00a0 \u00a0 \u00a0 \u00a0 \u00a0 \u00a0 \u00a0 \u00a0 \u00a0 Alluminio (ad esempio 7075) o acciaio dolce (P20)<\/td>\n<td>\u00a0 \u00a0 \u00a0 \u00a0 \u00a0 \u00a0 Acciaio temprato (ad esempio H13, S136)<\/td>\n<\/tr>\n<tr>\n<td><strong>Tempi di consegna<\/strong><\/td>\n<td>\u00a0 \u00a0 \u00a0 \u00a0 \u00a0 \u00a0 \u00a0 \u00a0 \u00a0 \u00a0 \u00a0 \u00a0 \u00a0 \u00a0 \u00a0 \u00a0 \u00a0 \u00a0 \u00a0 \u00a0 \u00a0 \u00a0 \u00a0 \u00a0 \u00a0 1\u20134 settimane<\/td>\n<td>\u00a0 \u00a0 \u00a0 \u00a0 \u00a0 \u00a0 \u00a08\u201316 settimane<\/td>\n<\/tr>\n<tr>\n<td><strong>Efficienza dei Costi<\/strong><\/td>\n<td>\u00a0 \u00a0 \u00a0 \u00a0 \u00a0 \u00a0 \u00a0 \u00a0 \u00a0 \u00a0 \u00a0 \u00a0 \u00a0 \u00a0 \u00a0 \u00a0 \u00a0 \u00a0 \u00a0 \u00a0 \u00a0 Alto (basso costo iniziale)<\/td>\n<td>\u00a0 \u00a0 \u00a0 \u00a0 \u00a0 \u00a0 \u00a0Basso (alto costo iniziale)<\/td>\n<\/tr>\n<tr>\n<td><strong>Durata dello strumento<\/strong><\/td>\n<td>\u00a0 \u00a0 \u00a0 \u00a0 \u00a0 \u00a0 \u00a0 \u00a0 \u00a0 \u00a0 \u00a0 \u00a0 \u00a0 \u00a0 \u00a0 \u00a0 \u00a0 \u00a0 \u00a0 \u00a0 \u00a01.000 \u2013 100.000 colpi<\/td>\n<td>\u00a0 \u00a0 \u00a0 \u00a0 \u00a0 \u00a0Oltre 1.000.000 di colpi<\/td>\n<\/tr>\n<tr>\n<td><strong>Flessibilit\u00e0 di progettazione<\/strong><\/td>\n<td>\u00a0 \u00a0 \u00a0 \u00a0 \u00a0 \u00a0 \u00a0 \u00a0 \u00a0 \u00a0 \u00a0 \u00a0 \u00a0 \u00a0 \u00a0 \u00a0 \u00a0 \u00a0 \u00a0 \u00a0 \u00a0Alta (Pi\u00f9 facile da modificare)<\/td>\n<td>\u00a0 \u00a0 \u00a0 \u00a0 \u00a0 \u00a0Bassa (Difficile\/costa molto modificare)<\/td>\n<\/tr>\n<tr>\n<td><strong>Migliore per<\/strong><\/td>\n<td>\u00a0 \u00a0 \u00a0 \u00a0 \u00a0 \u00a0 \u00a0 \u00a0 \u00a0 \u00a0 \u00a0 \u00a0 \u00a0 \u00a0 \u00a0 \u00a0 \u00a0 \u00a0 \u00a0 \u00a0 Prototipazione, Test di mercato, Bassa produzione<\/td>\n<td>\u00a0 \u00a0 \u00a0 \u00a0 \u00a0 \u00a0 Produzione di massa, Lavori a lungo termine<\/td>\n<\/tr>\n<\/tbody>\n<\/table>\n<\/div>\n<h3>Vantaggi chiave per lo sviluppo del prodotto<\/h3>\n<ul>\n<li><strong>Accelerated Time-to-Market:<\/strong>\u00a0Riduciamo significativamente i tempi di attesa. Puoi lanciare il tuo prodotto e generare entrate mentre finalizzi i piani di produzione a lungo termine.<\/li>\n<li><strong>Validazione Economica:<\/strong>\u00a0<strong>Strumenti rapidi per prototipi<\/strong>\u00a0ti permettono di testare materiali reali e processi di stampaggio a iniezione senza impegnarti nel costo elevato di uno stampo di produzione.<\/li>\n<li><strong>Agilit\u00e0 nel Design:<\/strong>\u00a0Se scopri un difetto di progettazione durante la fase pilota, modificare uno stampo in alluminio \u00e8 pi\u00f9 veloce ed economico rispetto a rielaborare l'acciaio temprato.<\/li>\n<li><strong>Versatilit\u00e0 dei materiali:<\/strong>\u00a0Il nostro processo di rapid tooling supporta gli stessi plastici di qualit\u00e0 produzione utilizzati nella produzione di massa, garantendo il tuo\u00a0<strong>produzioni di transizione<\/strong>\u00a0rispettare tutti i requisiti funzionali.<\/li>\n<\/ul>\n<h2>Precisione che puoi misurare: Assicurazione della qualit\u00e0<\/h2>\n<p>La qualit\u00e0 non \u00e8 solo una casella da spuntare per noi; \u00e8 la spina dorsale di tutta la nostra operazione. Quando ti muovi velocemente con\u00a0<strong>prototipazione rapida e strumenti<\/strong>, la velocit\u00e0 non significa nulla se i pezzi non si adattano o funzionano correttamente. Non lasciamo la precisione al caso\u2014la verifichiamo ad ogni passo per garantire il tuo\u00a0<strong>prototipazione ad alta fedelt\u00e0<\/strong>\u00a0obiettivi sono raggiunti.<\/p>\n<p>Il nostro processo di controllo qualit\u00e0 \u00e8 rigoroso e trasparente:<\/p>\n<ul>\n<li><strong>Progettazione per la fabbricabilit\u00e0 (DFM):<\/strong>\u00a0Prima di tagliare un singolo pezzo di materiale, i nostri ingegneri analizzano i tuoi file CAD. Identificano potenziali rischi di produzione e suggeriscono ottimizzazioni per garantire una produzione senza intoppi.<\/li>\n<li><strong>Verifica del materiale:<\/strong>\u00a0Garantiamo che il materiale che specifichi sia il materiale che ricevi. Che tu abbia bisogno di verificare il\u00a0<a href=\"https:\/\/haoyumaterial.com\/it\/tensile-strength-of-aluminum\/\">resistenza alla trazione dell'alluminio<\/a>\u00a0per una staffa portante o controllare la durezza di un polimero, forniamo le certificazioni di materiale necessarie.<\/li>\n<li><strong>Ispezione CMM:<\/strong>\u00a0Utilizziamo Macchine di Misura a Coordinate (CMM) per verificare geometrie complesse e tolleranze strette, garantendo che\u00a0<strong>strumentazione rapida per prototipi<\/strong>\u00a0produca parti che corrispondono al tuo progetto digitale fino al micron.<\/li>\n<li><strong>Conformit\u00e0 ISO 9001:<\/strong>\u00a0La nostra struttura opera secondo rigorosi standard internazionali di gestione della qualit\u00e0, offrendo risultati coerenti per ogni lotto.<\/li>\n<\/ul>\n<p>Offriamo pi\u00f9 di semplici parti; offriamo fiducia. Dal rapporto DFM iniziale all'ispezione dimensionale finale, forniamo i dati necessari per convalidare i tuoi progetti e procedere con certezza.<\/p>\n<h2>Settori Serviti<\/h2>\n<p><img loading=\"lazy\" decoding=\"async\" class=\"\" src=\"https:\/\/haoyumaterial.com\/wp-content\/uploads\/2026\/02\/Rapid_Prototyping_and_Tooling_Across_Industries_Of.webp\" alt=\"Prototipazione rapida e stampaggio in diversi settori\" width=\"1129\" height=\"752\" \/><\/p>\n<p>I nostri servizi di prototipazione rapida e stampi sono progettati per soddisfare le esigenze rigorose delle\u00a0<a href=\"https:\/\/haoyumaterial.com\/it\/industries\/\">industrie diverse<\/a>\u00a0collaboriamo con. Dalla convalida dei concetti iniziali all'esecuzione di produzioni di ponte, offriamo la velocit\u00e0 e la precisione di produzione necessarie per competere nei mercati globali.<\/p>\n<ul>\n<li><strong>Automobilistico:<\/strong>\u00a0Supportiamo gli ingegneri automobilistici producendo prototipi funzionali per test di adattamento e prestazioni. Le nostre capacit\u00e0 includono la produzione di componenti complessi per cruscotti, apparecchi di illuminazione e parti sotto il cofano utilizzando plastiche e metalli ad alte prestazioni.<\/li>\n<li><strong>Medico:<\/strong>\u00a0Il settore medico si affida a noi per prototipazioni ad alta fedelt\u00e0 di strumenti chirurgici e involucri di dispositivi. Garantiamo tolleranze strette e finiture lisce essenziali per apparecchiature e test di livello medico.<\/li>\n<li><strong>Aerospaziale:<\/strong>\u00a0Forniamo componenti leggeri e ad alta resistenza che sopportano condizioni estreme. I nostri servizi di lavorazione CNC e produzione additiva consentono la creazione di geometrie complesse spesso richieste nelle applicazioni aerospaziali.<\/li>\n<li><strong>Elettronica di consumo:<\/strong>\u00a0La velocit\u00e0 \u00e8 fondamentale nell'elettronica. Acceleriamo il ciclo di sviluppo di involucri, pulsanti e telai strutturali, permettendo ai marchi di passare dalla progettazione alla produzione a basso volume rapidamente.<\/li>\n<\/ul>\n<p>Che tu abbia bisogno di una singola parte personalizzata o di migliaia di unit\u00e0, i nostri processi di produzione adattabili garantiscono che il tuo progetto rispetti gli standard di settore e le scadenze di lancio.<\/p>\n<h2>FAQ riguardanti Prototipazione e Stampi<\/h2>\n<p>Comprendiamo che passare da un progetto digitale a una parte fisica solleva molte domande. Ecco le risposte alle domande pi\u00f9 comuni che riceviamo riguardo\u00a0<strong>prototipazione rapida e strumenti<\/strong>\u00a0per aiutare a semplificare il tuo processo decisionale.<\/p>\n<h3>Qual \u00e8 il tempo di consegna tipico per i pezzi?<\/h3>\n<p>La velocit\u00e0 \u00e8 il cuore del nostro business. Per\u00a0<strong>servizi di produzione additiva<\/strong>\u00a0(stampa 3D) o\u00a0<strong>servizi di colata sottovuoto<\/strong>, spesso spediamo i pezzi entro\u00a0<strong>3 a 5 giorni<\/strong>. Quando si tratta di\u00a0<strong>strumentazione rapida per prototipi<\/strong>\u00a0e\u00a0<strong>stampi in alluminio per iniezione<\/strong>, il nostro tempo per i campioni T1 \u00e8 di solito\u00a0<strong>2 a 5 settimane<\/strong>, a seconda della complessit\u00e0 della geometria. Questo\u00a0<strong>produzione rapida<\/strong>\u00a0approccio garantisce il rispetto delle scadenze di progetto serrate.<\/p>\n<h3>Come posso passare dalla prototipazione alla produzione di massa?<\/h3>\n<p>Siamo specializzati nel colmare questa lacuna. Di solito iniziamo con\u00a0<strong>prototipazione ad alta fedelt\u00e0<\/strong>\u00a0per convalidare il progetto. Una volta approvato, passiamo a\u00a0<strong>produzioni di transizione<\/strong>\u00a0usando\u00a0<strong>, permettendoti di mettere il tuo prodotto nelle mani dei clienti mentre gli strumenti ad alto volume sono ancora in fase di lavorazione. Utilizzando<\/strong>. Questo ti permette di ottenere\u00a0<strong>produzione a basso volume<\/strong>\u00a0quantit\u00e0 (da 100 a 10.000 pezzi) sul mercato mentre vengono tagliati stampi in acciaio duro per la produzione di massa.<\/p>\n<h3>Puoi aiutare con la scelta del materiale per prototipi funzionali?<\/h3>\n<p>Assolutamente. Scegliere il materiale giusto \u00e8 fondamentale per\u00a0<strong>prototipi funzionali<\/strong>\u00a0che devono sottoporsi a test di stress. Che tu abbia bisogno delle propriet\u00e0 leggere del titanio o stia confrontando la durata tra\u00a0<a href=\"https:\/\/haoyumaterial.com\/it\/alloy-steel-vs-stainless-steel\/\">acciaio legato e acciaio inossidabile<\/a>, offriamo consulenza esperta per abbinare il materiale alla tua applicazione.<\/p>\n<h3>Offrite feedback sulla Progettazione per la Manifattura (DFM)?<\/h3>\n<p>S\u00ec. Prima di tagliare qualsiasi metallo per\u00a0<strong>lavorazioni CNC personalizzate<\/strong>\u00a0o utensili, i nostri ingegneri forniscono una consulenza completa\u00a0<strong>Sfruttando<\/strong>\u00a0analisi. Identifichiamo potenziali problemi come sottosquadri, angoli di inclinazione o problemi di spessore delle pareti per ottimizzare il tuo progetto per\u00a0<strong>stampaggio rapido a iniezione<\/strong>\u00a0e ridurre i costi.<\/p>\n<h3>La mia propriet\u00e0 intellettuale \u00e8 al sicuro?<\/h3>\n<p>Prendiamo molto sul serio la protezione della propriet\u00e0 intellettuale. Siamo felici di firmare un Accordo di Non Divulgazione (NDA) prima di ricevere qualsiasi file CAD. I tuoi progetti rimangono riservati per tutta la durata\u00a0<strong>ciclo di sviluppo del prototipo<\/strong>.<\/p>","protected":false},"excerpt":{"rendered":"<p>Rapid prototyping and tooling by vastmaterial with CNC machining rapid injection molding and low volume manufacturing in days. Integrated Manufacturing [&hellip;]<\/p>\n","protected":false},"featured_media":1567,"comment_status":"open","ping_status":"closed","template":"","meta":{"site-sidebar-layout":"default","site-content-layout":"","ast-site-content-layout":"default","site-content-style":"default","site-sidebar-style":"default","ast-global-header-display":"","ast-banner-title-visibility":"","ast-main-header-display":"","ast-hfb-above-header-display":"","ast-hfb-below-header-display":"","ast-hfb-mobile-header-display":"","site-post-title":"","ast-breadcrumbs-content":"","ast-featured-img":"","footer-sml-layout":"","ast-disable-related-posts":"","theme-transparent-header-meta":"default","adv-header-id-meta":"","stick-header-meta":"","header-above-stick-meta":"","header-main-stick-meta":"","header-below-stick-meta":"","astra-migrate-meta-layouts":"set","ast-page-background-enabled":"default","ast-page-background-meta":{"desktop":{"background-color":"var(--ast-global-color-5)","background-image":"","background-repeat":"repeat","background-position":"center center","background-size":"auto","background-attachment":"scroll","background-type":"","background-media":"","overlay-type":"","overlay-color":"","overlay-opacity":"","overlay-gradient":""},"tablet":{"background-color":"","background-image":"","background-repeat":"repeat","background-position":"center center","background-size":"auto","background-attachment":"scroll","background-type":"","background-media":"","overlay-type":"","overlay-color":"","overlay-opacity":"","overlay-gradient":""},"mobile":{"background-color":"","background-image":"","background-repeat":"repeat","background-position":"center center","background-size":"auto","background-attachment":"scroll","background-type":"","background-media":"","overlay-type":"","overlay-color":"","overlay-opacity":"","overlay-gradient":""}},"ast-content-background-meta":{"desktop":{"background-color":"var(--ast-global-color-4)","background-image":"","background-repeat":"repeat","background-position":"center center","background-size":"auto","background-attachment":"scroll","background-type":"","background-media":"","overlay-type":"","overlay-color":"","overlay-opacity":"","overlay-gradient":""},"tablet":{"background-color":"var(--ast-global-color-4)","background-image":"","background-repeat":"repeat","background-position":"center center","background-size":"auto","background-attachment":"scroll","background-type":"","background-media":"","overlay-type":"","overlay-color":"","overlay-opacity":"","overlay-gradient":""},"mobile":{"background-color":"var(--ast-global-color-4)","background-image":"","background-repeat":"repeat","background-position":"center center","background-size":"auto","background-attachment":"scroll","background-type":"","background-media":"","overlay-type":"","overlay-color":"","overlay-opacity":"","overlay-gradient":""}}},"product_brand":[],"product_cat":[17,21,25,22,24],"product_tag":[588],"class_list":{"0":"post-1682","1":"product","2":"type-product","3":"status-publish","4":"has-post-thumbnail","6":"product_cat-stainless-steel","7":"product_cat-aluminum-alloy","8":"product_cat-copper-alloy","9":"product_cat-high-temperature-alloy","10":"product_cat-titanium-alloy","11":"product_tag-rapid-prototype-tooling","12":"desktop-align-left","13":"tablet-align-left","14":"mobile-align-left","16":"first","17":"instock","18":"shipping-taxable","19":"product-type-simple"},"_links":{"self":[{"href":"https:\/\/haoyumaterial.com\/it\/wp-json\/wp\/v2\/product\/1682","targetHints":{"allow":["GET"]}}],"collection":[{"href":"https:\/\/haoyumaterial.com\/it\/wp-json\/wp\/v2\/product"}],"about":[{"href":"https:\/\/haoyumaterial.com\/it\/wp-json\/wp\/v2\/types\/product"}],"replies":[{"embeddable":true,"href":"https:\/\/haoyumaterial.com\/it\/wp-json\/wp\/v2\/comments?post=1682"}],"wp:featuredmedia":[{"embeddable":true,"href":"https:\/\/haoyumaterial.com\/it\/wp-json\/wp\/v2\/media\/1567"}],"wp:attachment":[{"href":"https:\/\/haoyumaterial.com\/it\/wp-json\/wp\/v2\/media?parent=1682"}],"wp:term":[{"taxonomy":"product_brand","embeddable":true,"href":"https:\/\/haoyumaterial.com\/it\/wp-json\/wp\/v2\/product_brand?post=1682"},{"taxonomy":"product_cat","embeddable":true,"href":"https:\/\/haoyumaterial.com\/it\/wp-json\/wp\/v2\/product_cat?post=1682"},{"taxonomy":"product_tag","embeddable":true,"href":"https:\/\/haoyumaterial.com\/it\/wp-json\/wp\/v2\/product_tag?post=1682"}],"curies":[{"name":"wp","href":"https:\/\/api.w.org\/{rel}","templated":true}]}}