{"id":1698,"date":"2026-02-08T08:48:51","date_gmt":"2026-02-08T00:48:51","guid":{"rendered":"https:\/\/haoyumaterial.com\/?post_type=product&#038;p=1698"},"modified":"2026-02-08T08:49:51","modified_gmt":"2026-02-08T00:49:51","slug":"brass-alloy-copper-sheets-strips-rods-custom-sizes-vastmaterial","status":"publish","type":"product","link":"https:\/\/haoyumaterial.com\/it\/product\/brass-alloy-copper-sheets-strips-rods-custom-sizes-vastmaterial\/","title":{"rendered":"Lamiere, nastri, barre di lega di ottone, dimensioni personalizzate Vastmaterial"},"content":{"rendered":"<p>Lamiere, nastri e barre in lega di ottone di alta precisione in C2600, C2680, C3604, dimensioni personalizzate, conformi a RoHS.<\/p>\n<h2>La versatilit\u00e0 delle leghe di rame-zinco<\/h2>\n<p>Quando hai bisogno di un materiale che colmi il divario tra alta conduttivit\u00e0 e durabilit\u00e0 strutturale,\u00a0<strong>lega di ottone rame<\/strong>\u00a0\u00e8 la scelta principale. Come base\u00a0<strong>lega di rame e zinco<\/strong>, l'ottone offre una combinazione unica di propriet\u00e0 acustiche, resistenza alla corrosione e lavorabilit\u00e0 che il rame puro semplicemente non pu\u00f2 eguagliare. Consideriamo l'ottone non solo come una merce, ma come un materiale di precisione progettato per prestazioni industriali rigorose.<\/p>\n<h3>Lo standard Vastmaterial nella lavorazione<\/h3>\n<p>Non forniamo solo metallo; lo perfezioniamo. La nostra linea di produzione utilizza tecnologia avanzata di laminazione ad alta precisione per garantire ogni\u00a0<strong>lamiera di ottone a freddo<\/strong>\u00a0rispetta le specifiche esatte. Controllando la struttura del grano e la finitura superficiale durante il processo di laminazione, consegniamo materiale che funziona in modo coerente durante l'imbutitura, l'incisione o la lavorazione.<\/p>\n<h3>Forme disponibili per ogni applicazione<\/h3>\n<p>Come un\u00a0<strong>fornitore di nastri di ottone<\/strong>, manteniamo un inventario versatile per soddisfare le diverse esigenze di produzione. Le nostre capacit\u00e0 ci permettono di fornire:<\/p>\n<ul>\n<li><strong>Foglio di ottone di precisione:<\/strong>\u00a0Spessori ultra-sottili per elettronica e schermature.<\/li>\n<li><strong>Magazzino di bobine di ottone:<\/strong>\u00a0Lunghezze continue ideali per imbutitura automatizzata ad alto volume.<\/li>\n<li><strong>Lamiere e Piastre:<\/strong>\u00a0Scorta piatta e durevole per componenti architettonici e strutturali.<\/li>\n<li><strong>astine e Barre:<\/strong>\u00a0Gradi ad alta lavorabilit\u00e0 per operazioni di tornitura e fresatura.<\/li>\n<\/ul>\n<h2>Specifiche Tecniche e Gradi Disponibili<\/h2>\n<p><img decoding=\"async\" src=\"https:\/\/haoyumaterial.com\/wp-content\/uploads\/2026\/02\/brass_alloy_copper_temper_hardness_grades_KejuveBb.webp\" alt=\"leghe di ottone rame temper durezza classificazioni\" \/><\/p>\n<p>Quando si approvvigiona\u00a0<strong>lega di ottone rame<\/strong>, selezionare la composizione chimica corretta e lo stato meccanico \u00e8 fondamentale per il successo della produzione. Forniamo materiali che aderisco rigorosamente agli standard internazionali, tra cui\u00a0<strong>Ottone ASTM B36<\/strong>, garantendo coerenza per tutto, dalla punzonatura generale a\u00a0<strong><a href=\"https:\/\/haoyumaterial.com\/it\/aerospace-casting-manufacturer-for-high-performance-alloy-components\/\">componenti in lega ad alte prestazioni<\/a><\/strong>.<\/p>\n<h3>Classificazioni comuni di ottone<\/h3>\n<p>Disponiamo di una variet\u00e0 di qualit\u00e0 per soddisfare esigenze industriali specifiche. Di seguito le specifiche pi\u00f9 richieste:<\/p>\n<div class=\"table-responsive\">\n<table class=\"table\">\n<thead>\n<tr>\n<th>Classe<\/th>\n<th>Nome Comune<\/th>\n<th>Caratteristiche Chiave<\/th>\n<\/tr>\n<\/thead>\n<tbody>\n<tr>\n<td><strong>C2600<\/strong><\/td>\n<td><strong>Ottone per cartucce<\/strong><\/td>\n<td>Elevata duttilit\u00e0 e eccellente lavorabilit\u00e0 a freddo; ideale per stampaggio profondo e formatura.<\/td>\n<\/tr>\n<tr>\n<td><strong>C2680<\/strong><\/td>\n<td><strong>Ottone Giallo<\/strong><\/td>\n<td>Un versatile\u00a0<strong>lega di rame e zinco<\/strong>\u00a0che offre un equilibrio tra resistenza e resistenza alla corrosione.<\/td>\n<\/tr>\n<tr>\n<td><strong>C3604<\/strong><\/td>\n<td>Ottone a lavorazione facile<\/td>\n<td>Contiene piombo per una lavorabilit\u00e0 superiore; perfetto per parti di precisione per macchine a vite.<\/td>\n<\/tr>\n<\/tbody>\n<\/table>\n<\/div>\n<h3>Tempra e Dimensioni<\/h3>\n<p>Come un\u00a0<strong>fornitore di nastri di ottone<\/strong>, personalizziamo le propriet\u00e0 fisiche e le dimensioni del nostro materiale per adattarlo alla tua linea di produzione:<\/p>\n<ul>\n<li><strong>Gamma di Temperatura:<\/strong>\u00a0Il nostro\u00a0<strong>lamiera di ottone a freddo<\/strong>\u00a0e la striscia sono disponibili in trattamenti da Ricottura (O) per la massima formabilit\u00e0 a Spring Hard (H04) per applicazioni che richiedono alta elasticit\u00e0.<\/li>\n<li><strong>Taglio di Precisione:<\/strong>\u00a0Processiamo\u00a0<strong>rotoli di ottone<\/strong>\u00a0con tolleranze strette. che tu abbia bisogno di lamiere di spessore pesante o\u00a0<strong>foglio di ottone di precisione<\/strong>, offriamo tagli personalizzati secondo le tue esigenze di larghezza esatte.<\/li>\n<\/ul>\n<h2>Propriet\u00e0 chiave delle nostre leghe di ottone e rame<\/h2>\n<p><img decoding=\"async\" src=\"https:\/\/haoyumaterial.com\/wp-content\/uploads\/2026\/02\/Brass_Copper_Alloy_Properties_and_Performance_Anal.webp\" alt=\"Propriet\u00e0 e analisi delle prestazioni delle leghe di ottone e rame\" \/><\/p>\n<p>L'ottone non \u00e8 solo rame color oro; \u00e8 una potenza\u00a0<strong>lega di rame e zinco<\/strong>\u00a0progettata per le prestazioni industriali. Controllando rigorosamente il contenuto di zinco, perfezioniamo il materiale per raggiungere punti ideali tra duttilit\u00e0, resistenza e durabilit\u00e0.<\/p>\n<h3>Resistenza meccanica e integrit\u00e0 strutturale<\/h3>\n<p>A differenza del rame puro morbido,\u00a0<strong>le propriet\u00e0 meccaniche dell'ottone<\/strong>\u00a0sono abbastanza robuste per applicazioni portanti. L'aggiunta di zinco aumenta significativamente la resistenza alla trazione e la durezza.<\/p>\n<ul>\n<li><strong>Ottone Alpha:<\/strong>\u00a0Contenuto di zinco pi\u00f9 basso (fino a 35%) garantisce un'eccellente duttilit\u00e0 a freddo, perfetta per trafilatura e stampaggio.<\/li>\n<li><strong>Ottone Alpha-Beta:<\/strong>\u00a0Contenuto di zinco pi\u00f9 elevato crea una struttura pi\u00f9 dura, ideale per lavorazioni a caldo e componenti strutturali che richiedono una maggiore resistenza allo snervamento.<\/li>\n<\/ul>\n<h3>Eccellente lavorabilit\u00e0 e machinabilit\u00e0<\/h3>\n<p>Uno dei maggiori vantaggi di\u00a0<strong>lega di ottone rame<\/strong>\u00a0\u00e8 quanto sia facile da fabbricare. Supporta un'ampia lavorazione a freddo, formatura e stampaggio profondo senza crepe. Per i produttori di parti complesse, le nostre leghe sono ottimizzate per alta velocit\u00e0\u00a0<a href=\"https:\/\/haoyumaterial.com\/it\/prodotto\/knuckle-dusters-brass-machining-service\/\">servizi di lavorazione del ottone<\/a>, producendo trucioli puliti e finiture superficiali lisce che prolungano la durata degli utensili.<\/p>\n<h3>Resistenza alla corrosione e conduttivit\u00e0<\/h3>\n<p>Mentre il rame puro \u00e8 il re della conduttivit\u00e0, il ottone raggiunge un equilibrio critico per l'uso pratico. Mantiene una conduttivit\u00e0 elettrica e termica sufficiente per connettori, terminali e core di radiatori, offrendo al contempo una resistenza fisica significativamente migliore. Il nostro\u00a0<strong>ottone resistente alla corrosione<\/strong>\u00a0le leghe sono trattate specificamente per resistere a ambienti umidi e atmosfere marine, prevenendo il rapido degrado che spesso colpisce altri metalli.<\/p>\n<h2>Applicazioni industriali per leghe di ottone<\/h2>\n<p>Progettiamo i nostri\u00a0<strong>lega di ottone rame<\/strong>\u00a0prodotti per soddisfare le esigenze rigorose delle diverse industrie italiane. Perch\u00e9\u00a0<strong>l'ottone \u00e8 una lega<\/strong>\u00a0che combina la conduttivit\u00e0 del rame con la resistenza dello zinco, servendo come materiale fondamentale dove affidabilit\u00e0 e durata sono imprescindibili. Il nostro portafoglio copre tutto, dai componenti strutturali pesanti ai micro-componenti di precisione.<\/p>\n<h3>Elettronica e Sistemi Elettrici<\/h3>\n<p>Nel settore dell'elettronica, l'integrit\u00e0 del segnale \u00e8 fondamentale. La nostra striscia di ottone ad alta precisione \u00e8 ampiamente utilizzata per\u00a0<strong>connettori, terminali e prese.<\/strong>. Il materiale offre le propriet\u00e0 di molla necessarie per mantenere la pressione di contatto nel tempo, mentre la sua conducibilit\u00e0 garantisce prestazioni elettriche efficienti.<\/p>\n<h3>Componenti Automobilistici<\/h3>\n<p>L'industria automobilistica richiede materiali che resistano a calore, vibrazioni e ambienti corrosivi. Forniamo\u00a0<strong>lega di rame e zinco<\/strong>\u00a0scorte per:<\/p>\n<ul>\n<li><strong>Componenti sensore:<\/strong>\u00a0Garantendo una trasmissione dati accurata nei sistemi di gestione del motore.<\/li>\n<li><strong>Serbatoi del radiatore e scambiatori di calore:<\/strong>\u00a0Utilizzando la superiore conducibilit\u00e0 termica del ottone per uno scambio di calore efficiente.<\/li>\n<li><strong>Connettori:<\/strong>\u00a0Fornendo percorsi elettrici resistenti alla corrosione nei cablaggi dei veicoli.<\/li>\n<\/ul>\n<h3>Ferramenta, Decorazione e Acustica<\/h3>\n<p>Oltre alla funzione industriale, il ottone \u00e8 apprezzato per il suo fascino estetico e le propriet\u00e0 acustiche. \u00c8 la scelta standard per\u00a0<strong>finiture architettoniche<\/strong>, ferramenta per porte, e\u00a0<strong>strumenti musicali<\/strong>\u00a0come trombe e sassofoni. Per i produttori che decidono i metodi di produzione per questi beni durevoli, la comprensione il\u00a0<a href=\"https:\/\/haoyumaterial.com\/it\/difference-between-forging-and-casting-expert-guide-by-vastmaterial\/\">la differenza tra forgiatura e fusione<\/a>\u00a0\u00e8 fondamentale per ottimizzare la resistenza e la finitura del prodotto finale.<\/p>\n<h3>Produzione di Precisione<\/h3>\n<p>Per industrie che richiedono micro-tolleranze, come\u00a0<strong>parti di orologi e componenti di fotocamere<\/strong>, offriamo materiali con una lavorabilit\u00e0 eccezionale. Il nostro stock, inclusi gradi come C3604, consente lavorazioni ad alta velocit\u00e0 con usura minima degli utensili, garantendo che parti complesse soddisfino le specifiche esatte ogni volta.<\/p>\n<h2>Perch\u00e9 scegliere Vastmaterial per le leghe di ottone?<\/h2>\n<p><img loading=\"lazy\" decoding=\"async\" class=\"alignnone wp-image-1700\" src=\"https:\/\/haoyumaterial.com\/wp-content\/uploads\/2026\/02\/brass-and-alloy-300x175.png\" alt=\"\" width=\"706\" height=\"412\" srcset=\"https:\/\/haoyumaterial.com\/wp-content\/uploads\/2026\/02\/brass-and-alloy-300x175.png 300w, https:\/\/haoyumaterial.com\/wp-content\/uploads\/2026\/02\/brass-and-alloy-768x447.png 768w, https:\/\/haoyumaterial.com\/wp-content\/uploads\/2026\/02\/brass-and-alloy-18x10.png 18w, https:\/\/haoyumaterial.com\/wp-content\/uploads\/2026\/02\/brass-and-alloy-600x349.png 600w, https:\/\/haoyumaterial.com\/wp-content\/uploads\/2026\/02\/brass-and-alloy.png 789w\" sizes=\"auto, (max-width: 706px) 100vw, 706px\" \/><\/p>\n<p>Quando si approvvigiona\u00a0<strong>lega di ottone rame<\/strong>, coerenza e precisione sono non negoziabili. Da Vastmaterial, combiniamo capacit\u00e0 di lavorazione avanzate con un rigoroso controllo di qualit\u00e0 per soddisfare le richieste esigenti della produzione italiana. Non forniamo solo metallo; offriamo soluzioni di materiale che si integrano perfettamente nella tua linea di produzione.<\/p>\n<h3>Lavorazione di precisione e tolleranze strette<\/h3>\n<p>La nostra struttura utilizza macchinari di alta precisione progettati per fornire specifiche esatte. Che tu abbia bisogno di\u00a0<strong>fabbricazione di metallo di ottone<\/strong>\u00a0lamine pronte o larghezze di bobina specifiche, garantiamo che il materiale sia preparato per un uso immediato.<\/p>\n<ul>\n<li><strong>Livellamento della tensione:<\/strong>\u00a0Garantisce una planarit\u00e0 superiore, fondamentale per applicazioni di stampaggio e incisione ad alta velocit\u00e0.<\/li>\n<li><strong>Taglio di Precisione:<\/strong>\u00a0Raggiungiamo tolleranze di larghezza estremamente strette per ridurre gli scarti e migliorare l'efficienza.<\/li>\n<li><strong>Controllo della superficie:<\/strong>\u00a0Le opzioni variano da finitura a martello a lucidata, garantendo che il materiale sia privo di difetti come macchie di olio o graffi.<\/li>\n<\/ul>\n<h3>Assicurazione della qualit\u00e0 e conformit\u00e0<\/h3>\n<p>Rimuoviamo le ipotesi dalla ricerca dei materiali. Ogni lotto di\u00a0<strong>ottone conforme a RoHS<\/strong>\u00a0subisce test rigorosi prima di lasciare il nostro stabilimento. Il nostro impegno per la qualit\u00e0 \u00e8 supportato da dati verificati e standard internazionali.<\/p>\n<div class=\"table-responsive\">\n<table class=\"table\">\n<thead>\n<tr>\n<th>Indicatore di qualit\u00e0<\/th>\n<th>Metodo\/Standard<\/th>\n<\/tr>\n<\/thead>\n<tbody>\n<tr>\n<td><strong>Composizione chimica<\/strong><\/td>\n<td>\u00a0 \u00a0 \u00a0 \u00a0 \u00a0 \u00a0 \u00a0 \u00a0 \u00a0 \u00a0 \u00a0 \u00a0 \u00a0 \u00a0 \u00a0 \u00a0 \u00a0 \u00a0 \u00a0 \u00a0 \u00a0 \u00a0 \u00a0 \u00a0 \u00a0 \u00a0 \u00a0 \u00a0 \u00a0 \u00a0 \u00a0 \u00a0 \u00a0 \u00a0 \u00a0 \u00a0 \u00a0Analisi spettrale per verificare i rapporti esatti di rame e zinco.<\/td>\n<\/tr>\n<tr>\n<td><strong>Propriet\u00e0 Meccaniche<\/strong><\/td>\n<td>\u00a0 \u00a0 \u00a0 \u00a0 \u00a0 \u00a0 \u00a0 \u00a0 \u00a0 \u00a0 \u00a0 \u00a0 \u00a0 \u00a0 \u00a0 \u00a0 \u00a0 \u00a0 \u00a0 \u00a0 \u00a0 \u00a0 \u00a0 \u00a0 \u00a0 \u00a0 \u00a0 \u00a0 \u00a0 \u00a0 \u00a0 Resistenza e test di trazione per confermare il trattamento termico (Rivestito a durezza da molla).<\/td>\n<\/tr>\n<tr>\n<td><strong>Conformit\u00e0 globale<\/strong><\/td>\n<td>\u00a0 \u00a0 \u00a0 \u00a0 \u00a0 \u00a0 \u00a0 \u00a0 \u00a0 \u00a0 \u00a0 \u00a0 \u00a0 \u00a0 \u00a0 \u00a0 \u00a0 \u00a0 \u00a0 \u00a0 \u00a0 \u00a0 \u00a0 \u00a0 \u00a0 \u00a0 \u00a0 \u00a0 \u00a0 \u00a0 \u00a0 \u00a0 \u00a0 \u00a0 \u00a0Completamente conforme a <strong>RoHS<\/strong>,\u00a0<strong>REACH<\/strong>, e\u00a0<strong>ISO9001:2015<\/strong>.<\/td>\n<\/tr>\n<\/tbody>\n<\/table>\n<\/div>\n<h3>Inventario e logistica affidabili<\/h3>\n<p>Comprendiamo che i tempi di inattivit\u00e0 costano denaro. Manteniamo un ampio inventario di leghe standard come\u00a0<strong>Ottone cartuccia C2600<\/strong>\u00a0e\u00a0<strong>Ottone giallo C2680<\/strong>\u00a0per garantire un rapido dispiegamento. Il nostro team logistico coordina spedizioni efficienti per garantire il tuo\u00a0<strong>rotoli di ottone<\/strong>\u00a0arriva puntuale, mantenendo una catena di approvvigionamento stabile per le tue operazioni.<\/p>\n<h2>Domande frequenti (FAQ)<\/h2>\n<h3>Qual \u00e8 la differenza tra Ottone e Bronzo?<\/h3>\n<p>Sebbene entrambi siano a base di rame, la differenza principale risiede negli elementi di lega.\u00a0<strong>lega di ottone rame<\/strong>\u00a0\u00e8 tecnicamente un\u00a0<strong>lega di rame e zinco<\/strong>, noto per il suo aspetto brillante simile all'oro e l'eccellente malleabilit\u00e0. Il bronzo, d'altra parte, \u00e8 principalmente rame e stagno. L'ottone \u00e8 generalmente pi\u00f9 adatto per applicazioni che richiedono basse friction e propriet\u00e0 acustiche, mentre il bronzo offre una durezza superiore e resistenza alla fatica.<\/p>\n<h3>Vastmaterial offre servizi di taglio personalizzato su misura?<\/h3>\n<p>S\u00ec, offriamo ampie capacit\u00e0 di lavorazione per soddisfare requisiti di produzione specifici. Oltre a fornire materie prime standard, offriamo\u00a0<a href=\"https:\/\/haoyumaterial.com\/it\/services\/machining\/\">servizi di lavorazione di precisione<\/a>\u00a0incluso taglio, taglio e\u00a0<strong>fabbricazione di metallo di ottone<\/strong>. Se hai bisogno di larghezze specifiche per\u00a0<strong>Ottone cartuccia C2600<\/strong>\u00a0strisce o lunghezze personalizzate per barre, adattiamo il nostro inventario alle tue linee di produzione.<\/p>\n<h3>Come influisce il contenuto di zinco sul colore e sulla resistenza della lega di ottone?<\/h3>\n<p>Il contenuto di zinco influisce direttamente sia sulle propriet\u00e0 meccaniche che sull'estetica del materiale.<\/p>\n<ul>\n<li><strong>Colore:<\/strong>\u00a0Man mano che aumenta il contenuto di zinco, la lega passa da una tonalit\u00e0 rossastra (basso contenuto di zinco) al giallo brillante visibile in\u00a0<strong>Ottone giallo C2680<\/strong>.<\/li>\n<li><strong>Resistenza:<\/strong>\u00a0Livelli pi\u00f9 elevati di zinco aumentano generalmente la resistenza alla trazione e la durezza. Tuttavia, ci\u00f2 pu\u00f2 ridurre la duttilit\u00e0. Ti aiutiamo a bilanciare questi fattori per garantire che il materiale funzioni correttamente per la tua applicazione specifica.<\/li>\n<\/ul>","protected":false},"excerpt":{"rendered":"<p>High precision brass alloy copper sheets strips and rods in C2600 C2680 C3604 custom sizes RoHS compliant. The Versatility of [&hellip;]<\/p>\n","protected":false},"featured_media":1699,"comment_status":"open","ping_status":"closed","template":"","meta":{"site-sidebar-layout":"default","site-content-layout":"","ast-site-content-layout":"default","site-content-style":"default","site-sidebar-style":"default","ast-global-header-display":"","ast-banner-title-visibility":"","ast-main-header-display":"","ast-hfb-above-header-display":"","ast-hfb-below-header-display":"","ast-hfb-mobile-header-display":"","site-post-title":"","ast-breadcrumbs-content":"","ast-featured-img":"","footer-sml-layout":"","ast-disable-related-posts":"","theme-transparent-header-meta":"default","adv-header-id-meta":"","stick-header-meta":"","header-above-stick-meta":"","header-main-stick-meta":"","header-below-stick-meta":"","astra-migrate-meta-layouts":"set","ast-page-background-enabled":"default","ast-page-background-meta":{"desktop":{"background-color":"var(--ast-global-color-5)","background-image":"","background-repeat":"repeat","background-position":"center center","background-size":"auto","background-attachment":"scroll","background-type":"","background-media":"","overlay-type":"","overlay-color":"","overlay-opacity":"","overlay-gradient":""},"tablet":{"background-color":"","background-image":"","background-repeat":"repeat","background-position":"center center","background-size":"auto","background-attachment":"scroll","background-type":"","background-media":"","overlay-type":"","overlay-color":"","overlay-opacity":"","overlay-gradient":""},"mobile":{"background-color":"","background-image":"","background-repeat":"repeat","background-position":"center center","background-size":"auto","background-attachment":"scroll","background-type":"","background-media":"","overlay-type":"","overlay-color":"","overlay-opacity":"","overlay-gradient":""}},"ast-content-background-meta":{"desktop":{"background-color":"var(--ast-global-color-4)","background-image":"","background-repeat":"repeat","background-position":"center center","background-size":"auto","background-attachment":"scroll","background-type":"","background-media":"","overlay-type":"","overlay-color":"","overlay-opacity":"","overlay-gradient":""},"tablet":{"background-color":"var(--ast-global-color-4)","background-image":"","background-repeat":"repeat","background-position":"center center","background-size":"auto","background-attachment":"scroll","background-type":"","background-media":"","overlay-type":"","overlay-color":"","overlay-opacity":"","overlay-gradient":""},"mobile":{"background-color":"var(--ast-global-color-4)","background-image":"","background-repeat":"repeat","background-position":"center center","background-size":"auto","background-attachment":"scroll","background-type":"","background-media":"","overlay-type":"","overlay-color":"","overlay-opacity":"","overlay-gradient":""}}},"product_brand":[],"product_cat":[25,26,27],"product_tag":[593],"class_list":{"0":"post-1698","1":"product","2":"type-product","3":"status-publish","4":"has-post-thumbnail","6":"product_cat-copper-alloy","7":"product_cat-brass","8":"product_cat-bronze","9":"product_tag-brass-alloy-copper","10":"desktop-align-left","11":"tablet-align-left","12":"mobile-align-left","14":"first","15":"instock","16":"shipping-taxable","17":"product-type-simple"},"_links":{"self":[{"href":"https:\/\/haoyumaterial.com\/it\/wp-json\/wp\/v2\/product\/1698","targetHints":{"allow":["GET"]}}],"collection":[{"href":"https:\/\/haoyumaterial.com\/it\/wp-json\/wp\/v2\/product"}],"about":[{"href":"https:\/\/haoyumaterial.com\/it\/wp-json\/wp\/v2\/types\/product"}],"replies":[{"embeddable":true,"href":"https:\/\/haoyumaterial.com\/it\/wp-json\/wp\/v2\/comments?post=1698"}],"wp:featuredmedia":[{"embeddable":true,"href":"https:\/\/haoyumaterial.com\/it\/wp-json\/wp\/v2\/media\/1699"}],"wp:attachment":[{"href":"https:\/\/haoyumaterial.com\/it\/wp-json\/wp\/v2\/media?parent=1698"}],"wp:term":[{"taxonomy":"product_brand","embeddable":true,"href":"https:\/\/haoyumaterial.com\/it\/wp-json\/wp\/v2\/product_brand?post=1698"},{"taxonomy":"product_cat","embeddable":true,"href":"https:\/\/haoyumaterial.com\/it\/wp-json\/wp\/v2\/product_cat?post=1698"},{"taxonomy":"product_tag","embeddable":true,"href":"https:\/\/haoyumaterial.com\/it\/wp-json\/wp\/v2\/product_tag?post=1698"}],"curies":[{"name":"wp","href":"https:\/\/api.w.org\/{rel}","templated":true}]}}