{"id":1839,"date":"2026-02-21T08:09:40","date_gmt":"2026-02-21T00:09:40","guid":{"rendered":"https:\/\/haoyumaterial.com\/"},"modified":"2026-02-21T08:09:42","modified_gmt":"2026-02-21T00:09:42","slug":"common-uses-of-titanium-sheets-and-plates-for-industry","status":"publish","type":"product","link":"https:\/\/haoyumaterial.com\/it\/product\/common-uses-of-titanium-sheets-and-plates-for-industry\/","title":{"rendered":"Usi comuni di lastre e piastre di titanio per l'industria"},"content":{"rendered":"<p>Lastre e piastre in lega di titanio di alta qualit\u00e0 per usi comuni nell'aerospaziale, medico, marino e industriale.<\/p>\n<div class=\"post-single\">\n<div class=\"post-content\">\n<div class=\"woocommerce\">\n<div class=\"single-product\" data-product-page-preselected-id=\"0\">\n<div id=\"product-28530\" class=\"product type-product post-28530 status-draft first instock product_cat-uncategorized has-post-thumbnail shipping-taxable product-type-simple\">\n<div class=\"woocommerce-tabs wc-tabs-wrapper\">\n<div id=\"tab-description\" class=\"woocommerce-Tabs-panel woocommerce-Tabs-panel--description panel entry-content wc-tab\" role=\"tabpanel\" aria-labelledby=\"tab-title-description\">\n<p>Hai difficolt\u00e0 a trovare un materiale industriale che non si deformi sotto stress severi? Stanco di compromessi tra metalli pesanti e durevoli e alternative leggere e fragili? Nella produzione ad alta posta in gioco, il fallimento del materiale semplicemente non \u00e8 un'opzione.<\/p>\n<h2>Progettato per gli ambienti pi\u00f9 esigenti del mondo<\/h2>\n<p>Quando i nostri clienti hanno bisogno di durabilit\u00e0 senza pari, puntiamo sempre sulle propriet\u00e0 fisiche che rendono il titanio essenziale. Prima di esaminare gli usi comuni del titanio nei diversi settori, \u00e8 fondamentale capire esattamente perch\u00e9 questo\u00a0<strong>metallo resistente alla corrosione<\/strong>\u00a0supera la concorrenza. Forniamo materiali che risolvono problemi di ingegneria complessi, e le caratteristiche di base del titanio lo rendono il metallo fondamentale definitivo per ambienti estremi.<\/p>\n<h3>Leghe ad alto rapporto resistenza\/peso<\/h3>\n<p>Il pi\u00f9 grande vantaggio nel lavorare con prodotti industriali in titanio \u00e8 la pura resistenza che si ottiene senza ingombro.<\/p>\n<ul>\n<li><strong>Pi\u00f9 leggero dell'acciaio:<\/strong>\u00a0Il titanio \u00e8 circa 45% pi\u00f9 leggero dell'acciaio ma offre lo stesso livello di resistenza.<\/li>\n<li><strong>Pi\u00f9 resistente dell'alluminio:<\/strong>\u00a0\u00c8 60% pi\u00f9 pesante dell'alluminio, ma offre pi\u00f9 del doppio della resistenza strutturale.<\/li>\n<li><strong>Massima efficienza:<\/strong>\u00a0Aggiornare un progetto strutturale per utilizzare un\u00a0<strong>lamiera in lega di titanio<\/strong>\u00a0riduce drasticamente il peso complessivo del progetto senza sacrificare un'oncia di integrit\u00e0.<\/li>\n<\/ul>\n<h3>Resistenza alla temperatura e biocompatibilit\u00e0<\/h3>\n<p>Il titanio non si limita a sopravvivere alle condizioni estreme; prospera in esse.<\/p>\n<ul>\n<li><strong>Stabilit\u00e0 termica:<\/strong>\u00a0Che tu stia usando\u00a0<strong>titanio puro commerciale<\/strong>\u00a0o una lega specializzata, il metallo mantiene le sue propriet\u00e0 strutturali a temperature estreme alte e basse dove l'acciaio standard si degrada.<\/li>\n<li><strong>Complete biocompatibilit\u00e0:<\/strong>\u00a0Il corpo umano accetta e si integra naturalmente con il titanio. Questa propriet\u00e0 unica e non tossica rende\u00a0<strong>impianti medici in titanio<\/strong>\u00a0lo standard indiscusso e pi\u00f9 sicuro per il settore sanitario.<\/li>\n<\/ul>\n<h2>Usi comuni del titanio nelle principali industrie<\/h2>\n<p><img loading=\"lazy\" decoding=\"async\" class=\"alignnone  wp-image-1814\" src=\"https:\/\/haoyumaterial.com\/wp-content\/uploads\/2026\/02\/titanium_grades_uses_and_applications_gNVYszpUX-300x169.webp\" alt=\"\" width=\"376\" height=\"212\" srcset=\"https:\/\/haoyumaterial.com\/wp-content\/uploads\/2026\/02\/titanium_grades_uses_and_applications_gNVYszpUX-300x169.webp 300w, https:\/\/haoyumaterial.com\/wp-content\/uploads\/2026\/02\/titanium_grades_uses_and_applications_gNVYszpUX-1024x576.webp 1024w, https:\/\/haoyumaterial.com\/wp-content\/uploads\/2026\/02\/titanium_grades_uses_and_applications_gNVYszpUX-768x432.webp 768w, https:\/\/haoyumaterial.com\/wp-content\/uploads\/2026\/02\/titanium_grades_uses_and_applications_gNVYszpUX-18x10.webp 18w, https:\/\/haoyumaterial.com\/wp-content\/uploads\/2026\/02\/titanium_grades_uses_and_applications_gNVYszpUX-600x337.webp 600w, https:\/\/haoyumaterial.com\/wp-content\/uploads\/2026\/02\/titanium_grades_uses_and_applications_gNVYszpUX.webp 1300w\" sizes=\"auto, (max-width: 376px) 100vw, 376px\" \/><\/p>\n<p>Forniamo prodotti industriali in titanio che mantengono in funzione settori critici. Poich\u00e9 \u00e8 una lega ad alto rapporto resistenza\/peso e un metallo altamente resistente alla corrosione, gli usi comuni del titanio si estendono negli ambienti pi\u00f9 esigenti in Italia e nel mondo.<\/p>\n<p>Ecco come le diverse industrie si affidano a questo metallo versatile:<\/p>\n<ul>\n<li><strong>Aerospaziale &amp; Aviazione:<\/strong>\u00a0Il titanio di qualit\u00e0 aerospaziale \u00e8 la spina dorsale del volo moderno. Lo vediamo regolarmente\u00a0<strong>lamiera in lega di titanio<\/strong>\u00a0e component forgiati usati per fusoliere, pale delle turbine e parti di motori a reazione. Gestisce immense tensioni e calore senza appesantire l'aereo.<\/li>\n<li><strong>Medicina &amp; Assistenza Sanitaria:<\/strong>\u00a0Grazie alla sua completa biocompatibilit\u00e0, il titanio puro commerciale \u00e8 lo standard d'oro per l'assistenza sanitaria. \u00c8 ampiamente utilizzato per\u00a0<strong>impianti medici in titanio<\/strong>\u00a0come protesi articolari, impianti dentali e strumenti chirurgici. \u00c8 anche un materiale principale per\u00a0<a href=\"https:\/\/haoyumaterial.com\/it\/prototype-medical-device-prototyping-guide-for-faster-development\/\">sviluppo di dispositivi medici prototipo<\/a>\u00a0dove sicurezza e affidabilit\u00e0 sono non negoziabili.<\/li>\n<li><strong>Processi chimici:<\/strong>\u00a0In ambienti difficili e altamente acidi, i metalli standard falliscono rapidamente. Le strutture usano spessi\u00a0<strong>piastra di metallo di titanio<\/strong>\u00a0per scambiatori di calore, recipienti a pressione e sistemi di tubazioni complessi per prevenire un rapido decadimento.<\/li>\n<li><strong>producono pale di turbine leggere e ad alta resistenza e componenti strutturali che rispettano gli standard rigorosi AS9100.<\/strong>\u00a0L'acqua salata \u00e8 brutale per le infrastrutture.\u00a0<strong>Titanio di grado marino<\/strong>\u00a0\u00e8 essenziale per piattaforme petrolifere offshore, scafi di sottomarini e impianti di desalinizzazione, offrendo una resistenza senza pari alla corrosione da acque di mare e alla formazione di incrostazioni.<\/li>\n<li><strong>Automotive e beni di consumo:<\/strong>\u00a0Oltre l'industria pesante,\u00a0<strong>Il titanio di grado 5 (Ti-6Al-4V)<\/strong>\u00a0si trova negli attrezzi di alta performance di uso quotidiano. I produttori lo usano per costruire scarichi automobilistici leggeri, attrezzature sportive di alta gamma e involucri elettronici altamente durevoli.<\/li>\n<\/ul>\n<h2>Specifiche del titanio e tabella dei gradi<\/h2>\n<p><img loading=\"lazy\" decoding=\"async\" class=\"alignnone  wp-image-1811\" src=\"https:\/\/haoyumaterial.com\/wp-content\/uploads\/2026\/02\/what-is-titanium-used-for-269x300.jpg\" alt=\"\" width=\"487\" height=\"543\" srcset=\"https:\/\/haoyumaterial.com\/wp-content\/uploads\/2026\/02\/what-is-titanium-used-for-269x300.jpg 269w, https:\/\/haoyumaterial.com\/wp-content\/uploads\/2026\/02\/what-is-titanium-used-for-917x1024.jpg 917w, https:\/\/haoyumaterial.com\/wp-content\/uploads\/2026\/02\/what-is-titanium-used-for-768x858.jpg 768w, https:\/\/haoyumaterial.com\/wp-content\/uploads\/2026\/02\/what-is-titanium-used-for-11x12.jpg 11w, https:\/\/haoyumaterial.com\/wp-content\/uploads\/2026\/02\/what-is-titanium-used-for-600x670.jpg 600w, https:\/\/haoyumaterial.com\/wp-content\/uploads\/2026\/02\/what-is-titanium-used-for.jpg 1080w\" sizes=\"auto, (max-width: 487px) 100vw, 487px\" \/><\/p>\n<p>Quando si cercano materiali per settori manifatturieri esigenti negli Stati Uniti, \u00e8 necessario sapere esattamente cosa si ottiene.\u00a0<strong>tabella delle classi di titanio<\/strong>\u00a0Il nostro inventario copre tutto, dai metalli altamente duttili alle leghe rigide ad alta resistenza.<\/p>\n<div class=\"table-responsive\">\n<table class=\"table\">\n<thead>\n<tr>\n<th>Classe<\/th>\n<th>Tipo di materiale<\/th>\n<th>Consulta il nostro<\/th>\n<th>sotto per trovare la corrispondenza perfetta per il tuo progetto.<\/th>\n<\/tr>\n<\/thead>\n<tbody>\n<tr>\n<td><strong>Propriet\u00e0 chiave di prestazione<\/strong><\/td>\n<td><strong>Titanio puro commercialmente<\/strong><\/td>\n<td>Applicazioni principali<\/td>\n<td>Grado 1-4<\/td>\n<\/tr>\n<tr>\n<td><strong>Classe 5<\/strong><\/td>\n<td><strong>Il titanio di grado 5 (Ti-6Al-4V)<\/strong><\/td>\n<td>Alta duttilit\u00e0, resistenza ultima alla corrosione<\/td>\n<td><strong>Titanio di qualit\u00e0 aerospaziale<\/strong>,\u00a0<a href=\"https:\/\/haoyumaterial.com\/it\/industries\/gas-turbine\/\">componenti di turbine a gas<\/a><\/td>\n<\/tr>\n<tr>\n<td><strong>Classe 9<\/strong><\/td>\n<td>Ti-3Al-2.5V<\/td>\n<td>Eccellente resistenza combinata con facile saldabilit\u00e0<\/td>\n<td>Applicazioni tubolari ad alte prestazioni<\/td>\n<\/tr>\n<\/tbody>\n<\/table>\n<\/div>\n<h3>Forme disponibili per il tuo progetto<\/h3>\n<p>Forniamo una vasta gamma di\u00a0<strong>prodotti in titanio industriale<\/strong>\u00a0configurati secondo le tue specifiche per mantenere in movimento le tue linee di produzione senza ritardi.<\/p>\n<ul>\n<li><strong>Lamina di lega di titanio<\/strong>\u00a0e bobina di magazzino<\/li>\n<li>Pesante\u00a0<strong>piastra di metallo di titanio<\/strong><\/li>\n<li>Blocchi personalizzati tagliati CNC pronti per avanzate\u00a0<a href=\"https:\/\/haoyumaterial.com\/it\/cnc-turning-guide-2026-process-materials-and-service-selection\/\">torsione e lavorazione CNC<\/a><\/li>\n<\/ul>\n<h3>Certificazioni di settore<\/h3>\n<p>Conformit\u00e0 e tracciabilit\u00e0 sono non negoziabili. Ogni\u00a0<strong>piastra di titanio tagliata su misura<\/strong>\u00a0o lamina che spediamo soddisfa rigorosi standard aerospaziali, militari e industriali.<\/p>\n<ul>\n<li><strong>AMS 4911:<\/strong>\u00a0Standard per nastri, fogli e lastre in lega di titanio aerospaziale.<\/li>\n<li><strong>ASTM B265 foglio di titanio:<\/strong>\u00a0La specifica definitiva per nastri, fogli e lastre in titanio e leghe di titanio.<\/li>\n<li><strong>MIL-T-9046:<\/strong>\u00a0Standard militare degli Stati Uniti per la lavorazione del titanio.<\/li>\n<\/ul>\n<h2>Taglio di precisione e produzione su misura<\/h2>\n<p><img decoding=\"async\" src=\"https:\/\/haoyumaterial.com\/wp-content\/uploads\/2026\/02\/Precision_Titanium_Cutting_and_Custom_Fabrication.webp\" alt=\"Taglio di titanio di precisione e lavorazione su misura\" \/><\/p>\n<p>Sappiamo che ottenere le dimensioni esatte per il tuo progetto \u00e8 fondamentale. Per questo offriamo servizi completi\u00a0<strong>lavorazione e produzione di titanio<\/strong>\u00a0servizi progettati per soddisfare le tue specifiche esatte. Che tu abbia bisogno di un singolo prototipo o di una produzione completa, il nostro laboratorio processa ogni\u00a0<strong>piastra di titanio tagliata su misura<\/strong>\u00a0e\u00a0<strong>lamiera in lega di titanio<\/strong>\u00a0con precisione senza pari. Proprio come gli ingegneri si affidano a\u00a0<a href=\"https:\/\/haoyumaterial.com\/it\/tensile-strength-of-aluminum\/\">resistenza alla trazione dell'alluminio<\/a>\u00a0per spingere i limiti delle strutture leggere, si affidano alla nostra lavorazione di titanio a tolleranza stretta per garantire che i loro progetti funzionino perfettamente nel mondo reale.<\/p>\n<p>Le nostre capacit\u00e0 di lavorazione personalizzata includono:<\/p>\n<ul>\n<li><strong>Lavorazione versatile:<\/strong>\u00a0Taglio con getto d'acqua, taglio laser, cesoiatura e finitura personalizzata su misura per il tuo progetto.<\/li>\n<li><strong>Taglio di precisione senza sprechi:<\/strong>\u00a0Massimizziamo il rendimento e l'efficienza dei materiali per mantenere bassi i costi di produzione.<\/li>\n<li><strong>Adesione a tolleranze strette:<\/strong>\u00a0Controlli di qualit\u00e0 rigorosi garantiscono che ogni taglio sia perfetto.<\/li>\n<li><strong>Nessuna quantit\u00e0 minima d'ordine (MOQ):<\/strong>\u00a0Ordina esattamente ci\u00f2 di cui hai bisogno per tutte le dimensioni standard, evitando il fastidio di impegni forzati in grandi quantit\u00e0.<\/li>\n<\/ul>\n<h2>Il tuo partner di fiducia nei metalli speciali<\/h2>\n<p><img decoding=\"async\" src=\"https:\/\/haoyumaterial.com\/wp-content\/uploads\/2026\/02\/Titanium_Specialty_Metals_with_Full_Traceability_b.webp\" alt=\"Metalli speciali di titanio con tracciabilit\u00e0 completa\" \/><\/p>\n<p>Quando approvvigionarti di materiali per progetti di produzione esigenti, hai bisogno di un fornitore che consegna puntualmente e esattamente secondo le specifiche. Come tuo partner affidabile in\u00a0<a href=\"https:\/\/haoyumaterial.com\/it\/\">metalli speciali<\/a>, forniamo i materiali della massima qualit\u00e0 per mantenere in movimento le catene di approvvigionamento italiane. Che il tuo progetto richieda un\u00a0<strong>piastra di metallo di titanio<\/strong>\u00a0o uno speciale\u00a0<strong>lamiera in lega di titanio<\/strong>, sosteniamo i nostri prodotti.<\/p>\n<ul>\n<li><strong>Qualit\u00e0 senza compromessi:<\/strong>\u00a0Ogni ordine viene fornito con tracciabilit\u00e0 completa dei materiali e Rapporti di Test del Mulino (MTR) certificati. Offriamo piena trasparenza e informazioni accurate\u00a0<strong>titanio<\/strong>\u00a0in modo che tu sappia esattamente cosa entra nei tuoi assemblaggi.<\/li>\n<li><strong>Inventario approfondito:<\/strong>\u00a0Manteniamo un ampio stock sul territorio di materiali pronti per la spedizione immediata. Quando hai bisogno di materiali affidabili rapidamente, il nostro inventario garantisce che la tua produzione non si fermi.<\/li>\n<li><strong>Supporto esperto:<\/strong>\u00a0Navigare in un ambiente complesso\u00a0<strong>tabella delle classi di titanio<\/strong>\u00a0pu\u00f2 essere complicato. Il nostro team metallurgico interno lavora direttamente con te per abbinare la qualit\u00e0 precisa alla tua applicazione, assicurandoti il giusto equilibrio tra resistenza e prestazioni.<\/li>\n<\/ul>\n<h2>Domande frequenti tecniche: Informazioni sul titanio<\/h2>\n<p>Quando esplori il\u00a0<strong>uso comune del titanio<\/strong>\u00a0attraverso la produzione negli Stati Uniti, gli acquirenti di solito hanno domande tecniche specifiche. Manteniamo le nostre risposte semplici in modo che tu possa specificare i tuoi materiali e tornare al lavoro.<\/p>\n<p>Ecco una rapida panoramica delle domande pi\u00f9 frequenti che riceviamo sui nostri\u00a0<strong>prodotti in titanio industriale<\/strong>.<\/p>\n<h3>Domande comuni sul titanio in breve<\/h3>\n<div class=\"table-responsive\">\n<table class=\"table\">\n<thead>\n<tr>\n<th>Domanda tecnica<\/th>\n<th>Risposta diretta<\/th>\n<\/tr>\n<\/thead>\n<tbody>\n<tr>\n<td><strong>Qual \u00e8 la differenza tra titanio puramente commerciale (CP) e leghe di titanio?<\/strong><\/td>\n<td><strong>Titanio puro commercialmente<\/strong>\u00a0(Gradi 1-4) \u00e8 senza lega, altamente formabile e offre la massima resistenza alla corrosione. Le leghe di titanio, come\u00a0<strong>Il titanio di grado 5 (Ti-6Al-4V)<\/strong>, mescolano all'alluminio e al vanadio per creare un\u00a0<strong>legame ad alto rapporto resistenza\/peso<\/strong>\u00a0costruito per stress estremi.<\/td>\n<\/tr>\n<tr>\n<td><strong>Quale grado di titanio \u00e8 il migliore per applicazioni marine?<\/strong><\/td>\n<td>Per ambienti salini severi, la Classe 2 \u00e8 lo standard\u00a0<strong>il titanio di grado marino<\/strong>\u00a0a causa della sua prevenzione della ruggine senza paragoni. Se l'applicazione offshore richiede una maggiore integrit\u00e0 strutturale, consigliamo la Classe 5.<\/td>\n<\/tr>\n<tr>\n<td><strong>Offrite servizi di taglio su misura per una lastra in lega di titanio?<\/strong><\/td>\n<td>S\u00ec. Elaboriamo ordini per qualsiasi\u00a0<strong>piastra di titanio tagliata su misura<\/strong>\u00a0o lastra. Manteniamo tolleranze strette utilizzando precisione\u00a0<a href=\"https:\/\/haoyumaterial.com\/it\/services\/machining\/\">lavorazione esperti<\/a>\u00a0per consegnare dimensioni esatte senza sprechi.<\/td>\n<\/tr>\n<tr>\n<td><strong>Quanto tempo ci vuole per un ordine di piastre di titanio in grandi quantit\u00e0?<\/strong><\/td>\n<td>Le dimensioni standard dal nostro inventario negli Stati Uniti generalmente vengono spedite entro pochi giorni lavorativi. Blocchi tagliati CNC personalizzati o specialit\u00e0\u00a0<strong>Foglio di titanio ASTM B265<\/strong>\u00a0gli ordini richiedono leggermente pi\u00f9 tempo a seconda del volume.<\/td>\n<\/tr>\n<\/tbody>\n<\/table>\n<\/div>\n<p><strong>Hai bisogno di ulteriori informazioni sul titanio?<\/strong><br \/>\nSe hai bisogno di aiuto per confrontare le tue specifiche con le nostre\u00a0<strong>tabella delle classi di titanio<\/strong>, il nostro team metallurgico \u00e8 pronto ad aiutarti a trovare il materiale esatto per il tuo prossimo progetto.<\/p>\n<\/div>\n<\/div>\n<\/div>\n<\/div>\n<\/div>\n<\/div>\n<div class=\"post-footer\">\n<div class=\"post-tags\">\n<div class=\"article-categories\"><\/div>\n<\/div>\n<\/div>\n<\/div>\n<nav class=\"post-navigation thw-sept\">\n<div class=\"row no-gutters\">\n<div class=\"col-12 col-md-6\">\n<div class=\"post-previous\"><\/div>\n<\/div>\n<\/div>\n<\/nav>","protected":false},"excerpt":{"rendered":"<p>Premium titanium alloy sheets and plates for common uses in aerospace medical marine and industrial applications. Struggling to find an [&hellip;]<\/p>\n","protected":false},"featured_media":1814,"comment_status":"open","ping_status":"closed","template":"","meta":{"site-sidebar-layout":"default","site-content-layout":"","ast-site-content-layout":"default","site-content-style":"default","site-sidebar-style":"default","ast-global-header-display":"","ast-banner-title-visibility":"","ast-main-header-display":"","ast-hfb-above-header-display":"","ast-hfb-below-header-display":"","ast-hfb-mobile-header-display":"","site-post-title":"","ast-breadcrumbs-content":"","ast-featured-img":"","footer-sml-layout":"","ast-disable-related-posts":"","theme-transparent-header-meta":"default","adv-header-id-meta":"","stick-header-meta":"","header-above-stick-meta":"","header-main-stick-meta":"","header-below-stick-meta":"","astra-migrate-meta-layouts":"set","ast-page-background-enabled":"default","ast-page-background-meta":{"desktop":{"background-color":"var(--ast-global-color-5)","background-image":"","background-repeat":"repeat","background-position":"center center","background-size":"auto","background-attachment":"scroll","background-type":"","background-media":"","overlay-type":"","overlay-color":"","overlay-opacity":"","overlay-gradient":""},"tablet":{"background-color":"","background-image":"","background-repeat":"repeat","background-position":"center center","background-size":"auto","background-attachment":"scroll","background-type":"","background-media":"","overlay-type":"","overlay-color":"","overlay-opacity":"","overlay-gradient":""},"mobile":{"background-color":"","background-image":"","background-repeat":"repeat","background-position":"center center","background-size":"auto","background-attachment":"scroll","background-type":"","background-media":"","overlay-type":"","overlay-color":"","overlay-opacity":"","overlay-gradient":""}},"ast-content-background-meta":{"desktop":{"background-color":"var(--ast-global-color-4)","background-image":"","background-repeat":"repeat","background-position":"center center","background-size":"auto","background-attachment":"scroll","background-type":"","background-media":"","overlay-type":"","overlay-color":"","overlay-opacity":"","overlay-gradient":""},"tablet":{"background-color":"var(--ast-global-color-4)","background-image":"","background-repeat":"repeat","background-position":"center center","background-size":"auto","background-attachment":"scroll","background-type":"","background-media":"","overlay-type":"","overlay-color":"","overlay-opacity":"","overlay-gradient":""},"mobile":{"background-color":"var(--ast-global-color-4)","background-image":"","background-repeat":"repeat","background-position":"center center","background-size":"auto","background-attachment":"scroll","background-type":"","background-media":"","overlay-type":"","overlay-color":"","overlay-opacity":"","overlay-gradient":""}}},"product_brand":[],"product_cat":[24],"product_tag":[618],"class_list":{"0":"post-1839","1":"product","2":"type-product","3":"status-publish","4":"has-post-thumbnail","6":"product_cat-titanium-alloy","7":"product_tag-common-us-of-titanium","8":"desktop-align-left","9":"tablet-align-left","10":"mobile-align-left","12":"first","13":"instock","14":"shipping-taxable","15":"product-type-simple"},"_links":{"self":[{"href":"https:\/\/haoyumaterial.com\/it\/wp-json\/wp\/v2\/product\/1839","targetHints":{"allow":["GET"]}}],"collection":[{"href":"https:\/\/haoyumaterial.com\/it\/wp-json\/wp\/v2\/product"}],"about":[{"href":"https:\/\/haoyumaterial.com\/it\/wp-json\/wp\/v2\/types\/product"}],"replies":[{"embeddable":true,"href":"https:\/\/haoyumaterial.com\/it\/wp-json\/wp\/v2\/comments?post=1839"}],"wp:featuredmedia":[{"embeddable":true,"href":"https:\/\/haoyumaterial.com\/it\/wp-json\/wp\/v2\/media\/1814"}],"wp:attachment":[{"href":"https:\/\/haoyumaterial.com\/it\/wp-json\/wp\/v2\/media?parent=1839"}],"wp:term":[{"taxonomy":"product_brand","embeddable":true,"href":"https:\/\/haoyumaterial.com\/it\/wp-json\/wp\/v2\/product_brand?post=1839"},{"taxonomy":"product_cat","embeddable":true,"href":"https:\/\/haoyumaterial.com\/it\/wp-json\/wp\/v2\/product_cat?post=1839"},{"taxonomy":"product_tag","embeddable":true,"href":"https:\/\/haoyumaterial.com\/it\/wp-json\/wp\/v2\/product_tag?post=1839"}],"curies":[{"name":"wp","href":"https:\/\/api.w.org\/{rel}","templated":true}]}}