{"id":1848,"date":"2026-02-21T21:10:01","date_gmt":"2026-02-21T13:10:01","guid":{"rendered":"https:\/\/haoyumaterial.com\/"},"modified":"2026-02-21T21:13:03","modified_gmt":"2026-02-21T13:13:03","slug":"how-is-titanium-made-titanium-mill-products-by-haoyumaterial","status":"publish","type":"product","link":"https:\/\/haoyumaterial.com\/it\/product\/how-is-titanium-made-titanium-mill-products-by-haoyumaterial\/","title":{"rendered":"Come viene prodotto il titanio Prodotti in lega di titanio di haoyumateriale"},"content":{"rendered":"<p><span style=\"font-size: 1.7em; font-weight: bold;\">Come viene prodotto il titanio: il processo di produzione del titanio<\/span><\/p>\n<div class=\"post-single\">\n<div class=\"post-content\">\n<div class=\"woocommerce\">\n<div class=\"single-product\" data-product-page-preselected-id=\"0\">\n<div id=\"product-28544\" class=\"product type-product post-28544 status-draft first instock product_cat-uncategorized has-post-thumbnail shipping-taxable product-type-simple\">\n<div class=\"woocommerce-tabs wc-tabs-wrapper\">\n<div id=\"tab-description\" class=\"woocommerce-Tabs-panel woocommerce-Tabs-panel--description panel entry-content wc-tab\" role=\"tabpanel\" aria-labelledby=\"tab-title-description\">\n<p>Quando si progettano componenti critici per l'aerospaziale, medico o industriale, comprendere esattamente\u00a0<strong>come viene prodotto il titanio<\/strong>\u00a0ti d\u00e0 la massima fiducia nell'integrit\u00e0 di base del materiale. La trasformazione della materia prima in un metallo ad alte prestazioni \u00e8 un flusso di lavoro metallurgico altamente controllato e a pi\u00f9 fasi. Ecco come trasformiamo i minerali grezzi in materiali industriali di alta qualit\u00e0.<\/p>\n<h3>Lavorazione di minerali di ilmenite e rutilo<\/h3>\n<p>La base di qualsiasi prodotto in titanio di alta qualit\u00e0 inizia con l'estrazione della materia prima. Iniziamo reperendo minerali di titanio di alta qualit\u00e0, concentrandoci principalmente su\u00a0<strong>ilmenite e rutilo<\/strong>. Attraverso una serie di passaggi iniziali di beneficiamento e raffinamento, isoliamo il biossido di titanio dalla terra circostante, stabilendo una base pura per la conversione chimica.<\/p>\n<h3>Titanio Processo Kroll: Produzione di spugna di titanio<\/h3>\n<p>A differenza dell'acciaio, il titanio non pu\u00f2 essere fuso tradizionalmente a causa della sua estrema reattivit\u00e0 con l'ossigeno ad alte temperature. Invece, ci affidiamo al\u00a0<strong>processo Kroll<\/strong>\u00a0per estrarre il metallo in modo sicuro:<\/p>\n<ul>\n<li><strong>Fase di Clorurazione:<\/strong>\u00a0Reagiamo il biossido di titanio purificato con gas cloro e carbonio sotto calore estremo per creare tetrachloruro di titanio.<br \/>\n$TiO_2+2C+2Cl_2\u2192TiCl_4+2CO$<\/li>\n<li><strong>Fase di riduzione:<\/strong>\u00a0Per prevenire contaminazioni, spostiamo il tetraidruro di titanio in un reattore sigillato riempito con gas inerte argon. Qui, si introduce magnesio per rimuovere il cloro, lasciando una forma metallica altamente porosa e pura nota come\u00a0<strong>spugna di titanio<\/strong>.<br \/>\n$TiCl_4+2Mg\u2192 Ti+2MgCl_2<\/li>\n<\/ul>\n<h3>Rifusione a arco sotto vuoto (VAR) del titanio<\/h3>\n<p>Poich\u00e9 la spugna di titanio grezza \u00e8 porosa e manca di integrit\u00e0 strutturale, deve essere consolidata tramite\u00a0<strong>fusione di lingotti di titanio<\/strong>.<\/p>\n<ul>\n<li><strong>Pressatura dell'elettrodo:<\/strong>\u00a0Frantumiamo la spugna di titanio puro e la pressiamo idraulicamente in grandi elettrodi consumabili.<\/li>\n<li><strong>Leghe:<\/strong>\u00a0Se si producono gradi specifici ad alta resistenza, \u00e8 qui che mescoliamo elementi di lega critici come alluminio o vanadio.<\/li>\n<li><strong>Lavorazione VAR:<\/strong>\u00a0Gli elettrodi vengono fusi all'interno di un\u00a0<strong>Rimelting ad arco sotto vuoto (VAR)<\/strong>\u00a0forno. L'ambiente sottovuoto garantisce zero contaminazione atmosferica, producendo un lingotto di titanio denso e perfettamente uniforme.<\/li>\n<\/ul>\n<h3>Fresatura, Forgiatura e Modellatura<\/h3>\n<p>Per convertire il lingotto colato in formati industriali utilizzabili, avviamo un rigoroso processo termo-meccanico. Controllando precisamente la temperatura, sottoponiamo i lingotti a\u00a0<strong>fusione a caldo, laminazione e estrusione<\/strong>. Questa fase critica di formatura non solo d\u00e0 forma al metallo in profili commerciali ma anche allinea e perfeziona la struttura interna dei grani, consegnando le barre, le lastre e i tubi in titanio finali necessari per le tue applicazioni pi\u00f9 esigenti.<\/p>\n<h2>Perch\u00e9 il Processo di Produzione del Titanio \u00e8 Importante<\/h2>\n<h2><span style=\"font-size: 16px;\">Quando le persone mi chiedono <\/span><strong style=\"font-size: 16px;\">come viene prodotto il titanio<\/strong><span style=\"font-size: 16px;\">, Ricordo sempre che il\u00a0<\/span><em style=\"font-size: 16px;\">come<\/em><span style=\"font-size: 16px;\">\u00a0\u00e8 esattamente ci\u00f2 che garantisce che il metallo non fallisca sul lavoro. Da haoyumaterial, sappiamo che ogni singolo passo del\u00a0<\/span><strong style=\"font-size: 16px;\">processo di produzione del titanio<\/strong><span style=\"font-size: 16px;\">\u00a0determinano le prestazioni finali dei tuoi pezzi.<\/span><\/h2>\n<\/div>\n<div id=\"tab-description\" class=\"woocommerce-Tabs-panel woocommerce-Tabs-panel--description panel entry-content wc-tab\" role=\"tabpanel\" aria-labelledby=\"tab-title-description\">\n<p>Durante\u00a0<strong>produzione di spugna di titanio<\/strong>, ci affidiamo a controlli atmosferici senza compromessi. L'ossigeno \u00e8 il peggior nemico del titanio in questa fase. Se entra ossigeno o umidit\u00e0, il metallo diventa fragile e praticamente inutilizzabile. Mantenendo l'ambiente completamente puro, fermiamo la contaminazione sul nascere e preserviamo il leggendario rapporto resistenza\/peso del metallo.<\/p>\n<h3>L'impatto diretto sulle tue applicazioni<\/h3>\n<p>Partendo da una base pura e priva di contaminazioni, controlliamo direttamente il comportamento del metallo nel mondo reale. Questo controllo di qualit\u00e0 di alto livello garantisce:<\/p>\n<ul>\n<li><strong>Massima durata sotto fatica:<\/strong>\u00a0Impede che i componenti strutturali si crepino sotto stress pesanti e ripetuti.<\/li>\n<li><strong>Complete biocompatibilit\u00e0:<\/strong>\u00a0Garantisce che gli impianti medici rimangano sicuri, non tossici e stabili all'interno del corpo umano.<\/li>\n<li><strong>Resistenza alle Temperature Estreme:<\/strong>\u00a0Consente ai componenti aerospaziali di sopravvivere a calore intenso senza deformarsi o perdere integrit\u00e0.<\/li>\n<\/ul>\n<p>Che il tuo progetto richieda lamiera standard o tu stia attualmente valutando il\u00a0<a href=\"https:\/\/haoyumaterial.com\/it\/difference-between-forging-and-casting-expert-guide-by-vastmaterial\/\">la differenza tra forgiatura e fusione<\/a>\u00a0per un componente altamente complesso, partire da materia prima immacolata \u00e8 imprescindibile. Come tuo fornitore affidabile\u00a0<strong>prodotti in titanio da mulino<\/strong>, ci assicuriamo che la qualit\u00e0 di prima classe sia garantita molto prima che il metallo arrivi al tuo reparto produzione.<\/p>\n<h2>Esplora i Prodotti in Titanio di Alta Qualit\u00e0 di haoyumaterial<\/h2>\n<p><img decoding=\"async\" src=\"https:\/\/haoyumaterial.com\/wp-content\/uploads\/2026\/02\/Premium_Titanium_Mill_Products_Manufacturing_Proce.webp\" alt=\"Processo di produzione di prodotti in titanio di alta qualit\u00e0\" \/><\/p>\n<p>Come principale fornitore di prodotti in titanio da mulino e distributore di titanio industriale negli Stati Uniti, offriamo materiali progettati per soddisfare i pi\u00f9 alti standard del settore. Se stai valutando opzioni per il tuo prossimo progetto, esplora i nostri\u00a0<a href=\"https:\/\/haoyumaterial.com\/it\/titanium-material-guide-properties-grades-applications\/\">guida completa ai materiali in titanio<\/a>\u00a0per garantire che tu corrisponda alle specifiche esatte alle esigenze della tua applicazione.<\/p>\n<p>Ecco una panoramica del nostro inventario principale:<\/p>\n<ul>\n<li><strong>Acquista fogli e piastre in lega di titanio:<\/strong>\u00a0Disponibili in una vasta gamma di spessori e dimensioni standard statunitensi. Sono la scelta preferita per strutture aerospaziali esigenti e attrezzature di lavorazione chimica pesante.<\/li>\n<li><strong>Barre e billette in titanio:<\/strong>\u00a0Disponiamo di barre rotonde, quadrate e esagonali affidabili. Offrono un'eccellente lavorabilit\u00e0, rendendole molto richieste per la produzione di impianti medici di precisione e parti meccaniche ad alta tensione.<\/li>\n<li><strong>Tubi e tubazioni in titanio senza saldatura:<\/strong>\u00a0Offriamo opzioni sia senza saldatura che saldate progettate per sistemi ad alta pressione e corrosivi. Questi sono essenziali per costruire scambiatori di calore durevoli e infrastrutture offshore robuste.<\/li>\n<li><strong>Forgiatura e filo di titanio personalizzati:<\/strong>\u00a0Quando le dimensioni standard non sono adatte, offriamo soluzioni su misura. Produciamo forgie personalizzate e fili specializzati basati esattamente sui tuoi disegni ingegneristici specifici.<\/li>\n<\/ul>\n<h2>Gradi di titanio prodotti secondo gli standard ASTM e AMS<\/h2>\n<p><img loading=\"lazy\" decoding=\"async\" class=\"alignnone wp-image-1830\" src=\"https:\/\/haoyumaterial.com\/wp-content\/uploads\/2026\/02\/titanium-1-269x300.jpg\" alt=\"\" width=\"420\" height=\"468\" srcset=\"https:\/\/haoyumaterial.com\/wp-content\/uploads\/2026\/02\/titanium-1-269x300.jpg 269w, https:\/\/haoyumaterial.com\/wp-content\/uploads\/2026\/02\/titanium-1-917x1024.jpg 917w, https:\/\/haoyumaterial.com\/wp-content\/uploads\/2026\/02\/titanium-1-768x858.jpg 768w, https:\/\/haoyumaterial.com\/wp-content\/uploads\/2026\/02\/titanium-1-11x12.jpg 11w, https:\/\/haoyumaterial.com\/wp-content\/uploads\/2026\/02\/titanium-1-600x670.jpg 600w, https:\/\/haoyumaterial.com\/wp-content\/uploads\/2026\/02\/titanium-1.jpg 1080w\" sizes=\"auto, (max-width: 420px) 100vw, 420px\" \/><\/p>\n<p>Quando si approfondisce come viene prodotto il titanio, l'ultimo passaggio consiste nel regolare con precisione la composizione chimica per esigenze industriali specifiche. Da haoyumaterial, produciamo materiali rigorosamente secondo gli standard ASTM e AMS. Che tu stia cercando prodotti in titanio o esplorando altri metodi di produzione nel nostro\u00a0<a href=\"https:\/\/haoyumaterial.com\/it\/precision-metal-casting-guide-for-engineers-and-oem-buyers\/\">guida alla fusione di metalli di precisione per ingegneri e acquirenti OEM<\/a>, ottenere il grado di metallo giusto \u00e8 tutto.<\/p>\n<h3>Titanio Puramente Commerciale (CP)<\/h3>\n<p><strong>Titanio puro commercialmente (CP)<\/strong>\u00a0si concentra fortemente sulla massima resistenza alla corrosione e sulla facile formabilit\u00e0.<\/p>\n<ul>\n<li><strong>Classi 1 e 2:<\/strong>\u00a0Questi sono i tuoi materiali di uso quotidiano per la lavorazione chimica e l'hardware marino perch\u00e9 sono facili da formare e saldare.<\/li>\n<li><strong>Classi 3 e 4:<\/strong>\u00a0Questi gradi offrono una maggiore resistenza mantenendo le affidabili qualit\u00e0 anticorrosione che ci si aspetta dal titanio non legato.<\/li>\n<\/ul>\n<h3>Leghe di titanio ad alta resistenza<\/h3>\n<p>Quando il lavoro richiede una resistenza estrema alla trazione o una rigorosa conformit\u00e0 medica, mescoliamo il titanio con altri elementi.<\/p>\n<ul>\n<li><strong>Titanio di grado Ti-6Al-4V, grado 5:<\/strong>\u00a0Il campione indiscusso di alluminio di titanio pesante. Equilibra resistenza, durezza e peso, ed \u00e8 proprio per questo che gli acquirenti si affidano a noi come loro\u00a0<strong>fornitore di titanio di qualit\u00e0 aerospaziale<\/strong>.<\/li>\n<li><strong>Grado 7:<\/strong>\u00a0Aggiungiamo una piccola dose di palladio qui per creare un metallo che sopravvive agli ambienti chimici pi\u00f9 duri e corrosivi.<\/li>\n<li><strong>Grado 23 (ELI):<\/strong>\u00a0Significa Interstiziale Extra Basso. \u00c8 una versione di purezza superiore al Grado 5, progettata per la massima durata in fatica negli impianti medici e nei componenti critici aerospaziali.<\/li>\n<\/ul>\n<h2>Perch\u00e9 collaborare con haoyumaterial come tuo fornitore di titanio?<\/h2>\n<p><img loading=\"lazy\" decoding=\"async\" class=\"alignnone wp-image-1828\" src=\"https:\/\/haoyumaterial.com\/wp-content\/uploads\/2026\/02\/Titanium-Alloy-Centrifugal-Pump-1-300x225.jpg\" alt=\"\" width=\"361\" height=\"271\" srcset=\"https:\/\/haoyumaterial.com\/wp-content\/uploads\/2026\/02\/Titanium-Alloy-Centrifugal-Pump-1-300x225.jpg 300w, https:\/\/haoyumaterial.com\/wp-content\/uploads\/2026\/02\/Titanium-Alloy-Centrifugal-Pump-1-1024x768.jpg 1024w, https:\/\/haoyumaterial.com\/wp-content\/uploads\/2026\/02\/Titanium-Alloy-Centrifugal-Pump-1-768x576.jpg 768w, https:\/\/haoyumaterial.com\/wp-content\/uploads\/2026\/02\/Titanium-Alloy-Centrifugal-Pump-1-16x12.jpg 16w, https:\/\/haoyumaterial.com\/wp-content\/uploads\/2026\/02\/Titanium-Alloy-Centrifugal-Pump-1-600x450.jpg 600w, https:\/\/haoyumaterial.com\/wp-content\/uploads\/2026\/02\/Titanium-Alloy-Centrifugal-Pump-1.jpg 1440w\" sizes=\"auto, (max-width: 361px) 100vw, 361px\" \/><\/p>\n<p>Comprendere\u00a0<strong>come viene prodotto il titanio<\/strong>\u00a0\u00e8 solo il primo passo; approvvigionarlo in modo affidabile \u00e8 ci\u00f2 che mantiene attive le tue linee di produzione. Quando hai bisogno di un partner affidabile\u00a0<strong>distributore di metallo in titanio industriale<\/strong>, hai bisogno di un partner che garantisca qualit\u00e0 e velocit\u00e0 senza compromessi. Da haoyumaterial, gestiamo le complessit\u00e0 della catena di approvvigionamento cos\u00ec puoi concentrarti sulla produzione.<\/p>\n<p>Ecco cosa offriamo come tuo partner diretto\u00a0<strong>prodotti in titanio da mulino<\/strong>:<\/p>\n<ul>\n<li><strong>Controllo di qualit\u00e0 rigoroso ISO &amp; ASTM:<\/strong>\u00a0Manteniamo test rigorosi su ogni lotto. Ricevi metalli completamente certificati che soddisfano gli standard di conformit\u00e0 richiesti per applicazioni aerospaziali, mediche e industriali.<\/li>\n<li><strong>Prezzi competitivi diretti dalla fonderia:<\/strong>\u00a0Evita le alte commissioni degli intermediari. Sfruttiamo il nostro approvvigionamento diretto per offrirti materiali di prima qualit\u00e0 a un prezzo che protegge il margine del tuo progetto.<\/li>\n<li><strong>Servizi di taglio personalizzato su misura:<\/strong>\u00a0Forniamo materiali preparati con precisione secondo le dimensioni del tuo progetto. Questo riduce al minimo i tempi di lavorazione interna e riduce notevolmente gli sprechi di materiali costosi.<\/li>\n<li><strong>Tempi di consegna rapidi:<\/strong>\u00a0Il tempo \u00e8 denaro nella produzione. La nostra logistica di distribuzione globale semplificata garantisce che il tuo titanio arrivi nel tuo stabilimento esattamente quando ne hai bisogno, evitando ritardi costosi.<\/li>\n<\/ul>\n<h2>Domande frequenti (FAQ)<\/h2>\n<h3>Quanto tempo richiede il processo di produzione del titanio?<\/h3>\n<p>La tempistica dalla estrazione della materia prima al prodotto finito di fonderia di solito varia\u00a0<strong>da alcune settimane a qualche mese.<\/strong>. Il processo Kroll richiede da diversi giorni di lavorazione continua in batch solo per creare la spugna di titanio grezza. Dopo l'estrazione, i passaggi di rifusione ad arco sotto vuoto, forgiatura, fresatura e rigorosi test di qualit\u00e0 aggiungono tempi significativi prima che il metallo sia pronto per la distribuzione.<\/p>\n<h3>Perch\u00e9 il titanio \u00e8 pi\u00f9 costoso da produrre rispetto all'acciaio?<\/h3>\n<p>Quando le persone chiedono\u00a0<strong>come viene prodotto il titanio<\/strong>, si rendono rapidamente conto di quanto sia altamente energivoro il\u00a0<strong>processo di produzione del titanio<\/strong>\u00a0in realt\u00e0 \u00e8. A differenza della produzione di acciai standard o leghe specifiche come\u00a0<a href=\"https:\/\/haoyumaterial.com\/it\/8620-steel\/\">Acciaio 8620<\/a>, estrazione e raffinazione del titanio richiedono calore estremo, magnesio costoso e ambienti di gas argon strettamente controllati per prevenire la contaminazione di ossigeno. Inoltre, la pura resistenza del titanio lo rende eccezionalmente duro per gli utensili da taglio, il che aumenta i costi di lavorazione e finitura a valle.<\/p>\n<h3>Can haoyumaterial pu\u00f2 fornire titanio conforme a DFARS?<\/h3>\n<p>S\u00ec, possiamo assolutamente farlo. Come fornitore affidabile\u00a0<strong>fornitore di titanio di qualit\u00e0 aerospaziale<\/strong>\u00a0e\u00a0<strong>distributore di metallo in titanio industriale<\/strong>, comprendiamo i rigidi requisiti della catena di approvvigionamento dei contratti di difesa e governo degli Stati Uniti. Forniamo prodotti in titanio completamente tracciabili e conformi a DFARS, provenienti direttamente da paesi qualificati, garantendo che le vostre operazioni di produzione soddisfino tutte le normative federali.<\/p>\n<\/div>\n<\/div>\n<\/div>\n<\/div>\n<\/div>\n<\/div>\n<div class=\"post-footer\">\n<div class=\"post-tags\">\n<div class=\"article-categories\"><\/div>\n<\/div>\n<\/div>\n<\/div>\n<nav class=\"post-navigation thw-sept\">\n<div class=\"row no-gutters\">\n<div class=\"col-12 col-md-6\">\n<div class=\"post-previous\"><\/div>\n<\/div>\n<\/div>\n<\/nav>","protected":false},"excerpt":{"rendered":"<p>How is Titanium Made: The Titanium Manufacturing Process When engineering critical aerospace, medical, or industrial components, understanding exactly\u00a0how is titanium [&hellip;]<\/p>\n","protected":false},"featured_media":1849,"comment_status":"open","ping_status":"closed","template":"","meta":{"site-sidebar-layout":"default","site-content-layout":"","ast-site-content-layout":"default","site-content-style":"default","site-sidebar-style":"default","ast-global-header-display":"","ast-banner-title-visibility":"","ast-main-header-display":"","ast-hfb-above-header-display":"","ast-hfb-below-header-display":"","ast-hfb-mobile-header-display":"","site-post-title":"","ast-breadcrumbs-content":"","ast-featured-img":"","footer-sml-layout":"","ast-disable-related-posts":"","theme-transparent-header-meta":"default","adv-header-id-meta":"","stick-header-meta":"","header-above-stick-meta":"","header-main-stick-meta":"","header-below-stick-meta":"","astra-migrate-meta-layouts":"set","ast-page-background-enabled":"default","ast-page-background-meta":{"desktop":{"background-color":"var(--ast-global-color-5)","background-image":"","background-repeat":"repeat","background-position":"center center","background-size":"auto","background-attachment":"scroll","background-type":"","background-media":"","overlay-type":"","overlay-color":"","overlay-opacity":"","overlay-gradient":""},"tablet":{"background-color":"","background-image":"","background-repeat":"repeat","background-position":"center center","background-size":"auto","background-attachment":"scroll","background-type":"","background-media":"","overlay-type":"","overlay-color":"","overlay-opacity":"","overlay-gradient":""},"mobile":{"background-color":"","background-image":"","background-repeat":"repeat","background-position":"center center","background-size":"auto","background-attachment":"scroll","background-type":"","background-media":"","overlay-type":"","overlay-color":"","overlay-opacity":"","overlay-gradient":""}},"ast-content-background-meta":{"desktop":{"background-color":"var(--ast-global-color-4)","background-image":"","background-repeat":"repeat","background-position":"center center","background-size":"auto","background-attachment":"scroll","background-type":"","background-media":"","overlay-type":"","overlay-color":"","overlay-opacity":"","overlay-gradient":""},"tablet":{"background-color":"var(--ast-global-color-4)","background-image":"","background-repeat":"repeat","background-position":"center center","background-size":"auto","background-attachment":"scroll","background-type":"","background-media":"","overlay-type":"","overlay-color":"","overlay-opacity":"","overlay-gradient":""},"mobile":{"background-color":"var(--ast-global-color-4)","background-image":"","background-repeat":"repeat","background-position":"center center","background-size":"auto","background-attachment":"scroll","background-type":"","background-media":"","overlay-type":"","overlay-color":"","overlay-opacity":"","overlay-gradient":""}}},"product_brand":[],"product_cat":[24],"product_tag":[],"class_list":{"0":"post-1848","1":"product","2":"type-product","3":"status-publish","4":"has-post-thumbnail","6":"product_cat-titanium-alloy","7":"desktop-align-left","8":"tablet-align-left","9":"mobile-align-left","11":"first","12":"instock","13":"shipping-taxable","14":"product-type-simple"},"_links":{"self":[{"href":"https:\/\/haoyumaterial.com\/it\/wp-json\/wp\/v2\/product\/1848","targetHints":{"allow":["GET"]}}],"collection":[{"href":"https:\/\/haoyumaterial.com\/it\/wp-json\/wp\/v2\/product"}],"about":[{"href":"https:\/\/haoyumaterial.com\/it\/wp-json\/wp\/v2\/types\/product"}],"replies":[{"embeddable":true,"href":"https:\/\/haoyumaterial.com\/it\/wp-json\/wp\/v2\/comments?post=1848"}],"wp:featuredmedia":[{"embeddable":true,"href":"https:\/\/haoyumaterial.com\/it\/wp-json\/wp\/v2\/media\/1849"}],"wp:attachment":[{"href":"https:\/\/haoyumaterial.com\/it\/wp-json\/wp\/v2\/media?parent=1848"}],"wp:term":[{"taxonomy":"product_brand","embeddable":true,"href":"https:\/\/haoyumaterial.com\/it\/wp-json\/wp\/v2\/product_brand?post=1848"},{"taxonomy":"product_cat","embeddable":true,"href":"https:\/\/haoyumaterial.com\/it\/wp-json\/wp\/v2\/product_cat?post=1848"},{"taxonomy":"product_tag","embeddable":true,"href":"https:\/\/haoyumaterial.com\/it\/wp-json\/wp\/v2\/product_tag?post=1848"}],"curies":[{"name":"wp","href":"https:\/\/api.w.org\/{rel}","templated":true}]}}